{"id":57423,"date":"2025-12-15T00:16:22","date_gmt":"2025-12-14T23:16:22","guid":{"rendered":"https:\/\/www.koonings.com\/product\/essense-of-australia-681\/"},"modified":"2026-02-03T18:17:00","modified_gmt":"2026-02-03T17:17:00","slug":"essense-of-australia-681","status":"publish","type":"product","link":"https:\/\/www.koonings.com\/de\/product\/essense-of-australia-681\/","title":{"rendered":"Essenz von Australien D3783"},"content":{"rendered":"<p>Schweben Sie zum Altar in diesem bezaubernd romantischen Hochzeitskleid, das gleichzeitig schlicht und elegant ist. Stil D3783 ist mit wundersch\u00f6ner floraler Spitze \u00fcber und \u00fcber bedeckt, von den Schultertr\u00e4gern aus reiner Spitze bis hin zu der bezaubernden Schleppe aus T\u00fcll und Spitze. Ein tief ausgeschnittener V-Ausschnitt akzentuiert das durchsichtige Mieder und ist f\u00fcr zus\u00e4tzlichen Komfort und Bescheidenheit mit Illusionst\u00fcll gef\u00fcttert. Der tiefe Ausschnitt am R\u00fccken ist mit einer zierlichen Reihe stoffbezogener Kn\u00f6pfe versehen, die einen Hauch von Vintage-Charme verspr\u00fchen. Vom breiten Bund aus vervollst\u00e4ndigt ein Rock in A-Linie aus T\u00fcll und Spitze die schlichte Silhouette, bevor er sich in einer durchscheinenden Schleppe entfaltet, die m\u00fchelos den Gang hinuntergleitet.    <\/p>\n","protected":false},"featured_media":60550,"template":"","meta":{"_acf_changed":false,"ghostkit_customizer_options":"","ghostkit_custom_css":"","ghostkit_custom_js_head":"","ghostkit_custom_js_foot":"","ghostkit_typography":""},"productdetails":[376,381],"productneck":[356],"productcolor":[392],"maat":[],"productsupplier":[444],"productsleeve":[359],"productcategory":[18],"productsilhouette":[384],"productstyle":[366],"class_list":["post-57423","product","type-product","status-publish","has-post-thumbnail","hentry","productdetails-376","productdetails-381","productneck-356","productcolor-392","productsupplier-essense-of-australia","productsleeve-359","productcategory-trouwjurken","productsilhouette-384","productstyle-366"],"acf":[],"yoast_head":"<!-- This site is optimized with the Yoast SEO plugin v27.3 - https:\/\/yoast.com\/product\/yoast-seo-wordpress\/ -->\n<title>Essenz von Australien D3783 | Koonings<\/title>\n<meta name=\"description\" content=\"Schweben Sie zum Altar in diesem bezaubernd romantischen Hochzeitskleid, das gleichzeitig schlicht und elegant ist. Stil D3783 ist mit wundersch\u00f6ner floraler Spitze \u00fcber und \u00fcber bedeckt, von den Schultertr\u00e4gern aus reiner Spitze bis hin zu der bezaubernden Schleppe aus T\u00fcll und Spitze. Ein tief ausgeschnittener V-Ausschnitt akzentuiert das durchsichtige Mieder und ist f\u00fcr zus\u00e4tzlichen Komfort und Bescheidenheit mit Illusionst\u00fcll gef\u00fcttert. Der tiefe Ausschnitt am R\u00fccken ist mit einer zierlichen Reihe stoffbezogener Kn\u00f6pfe versehen, die einen Hauch von Vintage-Charme verspr\u00fchen. Vom breiten Bund aus vervollst\u00e4ndigt ein Rock in A-Linie aus T\u00fcll und Spitze die schlichte Silhouette, bevor er sich in einer durchscheinenden Schleppe entfaltet, die m\u00fchelos den Gang hinuntergleitet.\" \/>\n<meta name=\"robots\" content=\"index, follow, max-snippet:-1, max-image-preview:large, max-video-preview:-1\" \/>\n<link rel=\"canonical\" href=\"https:\/\/www.koonings.com\/de\/product\/essense-of-australia-681\/\" \/>\n<meta property=\"og:locale\" content=\"de_DE\" \/>\n<meta property=\"og:type\" content=\"article\" \/>\n<meta property=\"og:title\" content=\"Essenz von Australien D3783 | Koonings\" \/>\n<meta property=\"og:description\" content=\"Schweben Sie zum Altar in diesem bezaubernd romantischen Hochzeitskleid, das gleichzeitig schlicht und elegant ist. Stil D3783 ist mit wundersch\u00f6ner floraler Spitze \u00fcber und \u00fcber bedeckt, von den Schultertr\u00e4gern aus reiner Spitze bis hin zu der bezaubernden Schleppe aus T\u00fcll und Spitze. Ein tief ausgeschnittener V-Ausschnitt akzentuiert das durchsichtige Mieder und ist f\u00fcr zus\u00e4tzlichen Komfort und Bescheidenheit mit Illusionst\u00fcll gef\u00fcttert. Der tiefe Ausschnitt am R\u00fccken ist mit einer zierlichen Reihe stoffbezogener Kn\u00f6pfe versehen, die einen Hauch von Vintage-Charme verspr\u00fchen. Vom breiten Bund aus vervollst\u00e4ndigt ein Rock in A-Linie aus T\u00fcll und Spitze die schlichte Silhouette, bevor er sich in einer durchscheinenden Schleppe entfaltet, die m\u00fchelos den Gang hinuntergleitet.\" \/>\n<meta property=\"og:url\" content=\"https:\/\/www.koonings.com\/de\/product\/essense-of-australia-681\/\" \/>\n<meta property=\"og:site_name\" content=\"Koonings\" \/>\n<meta property=\"article:publisher\" content=\"https:\/\/www.facebook.com\/kooningstheweddingpalace\" \/>\n<meta property=\"article:modified_time\" content=\"2026-02-03T17:17:00+00:00\" \/>\n<meta property=\"og:image\" content=\"https:\/\/www.koonings.com\/wp-content\/uploads\/2024\/11\/38699_59db9f4763af624617c40f0e05dee1abfb97525f676829e626752dbfc4c717f5bc4a9466.jpeg\" \/>\n\t<meta property=\"og:image:width\" content=\"1025\" \/>\n\t<meta property=\"og:image:height\" content=\"1448\" \/>\n\t<meta property=\"og:image:type\" content=\"image\/jpeg\" \/>\n<meta name=\"twitter:card\" content=\"summary_large_image\" \/>\n<meta name=\"twitter:label1\" content=\"Gesch\u00e4tzte Lesezeit\" \/>\n\t<meta name=\"twitter:data1\" content=\"1\u00a0Minute\" \/>\n<script type=\"application\/ld+json\" class=\"yoast-schema-graph\">{\"@context\":\"https:\\\/\\\/schema.org\",\"@graph\":[{\"@type\":\"WebPage\",\"@id\":\"https:\\\/\\\/www.koonings.com\\\/de\\\/product\\\/essense-of-australia-681\\\/\",\"url\":\"https:\\\/\\\/www.koonings.com\\\/de\\\/product\\\/essense-of-australia-681\\\/\",\"name\":\"Essenz von Australien D3783 | Koonings\",\"isPartOf\":{\"@id\":\"https:\\\/\\\/www.koonings.com\\\/de\\\/#website\"},\"primaryImageOfPage\":{\"@id\":\"https:\\\/\\\/www.koonings.com\\\/de\\\/product\\\/essense-of-australia-681\\\/#primaryimage\"},\"image\":{\"@id\":\"https:\\\/\\\/www.koonings.com\\\/de\\\/product\\\/essense-of-australia-681\\\/#primaryimage\"},\"thumbnailUrl\":\"https:\\\/\\\/www.koonings.com\\\/wp-content\\\/uploads\\\/2024\\\/11\\\/38699_59db9f4763af624617c40f0e05dee1abfb97525f676829e626752dbfc4c717f5bc4a9466.jpeg\",\"datePublished\":\"2025-12-14T23:16:22+00:00\",\"dateModified\":\"2026-02-03T17:17:00+00:00\",\"description\":\"Schweben Sie zum Altar in diesem bezaubernd romantischen Hochzeitskleid, das gleichzeitig schlicht und elegant ist. Stil D3783 ist mit wundersch\u00f6ner floraler Spitze \u00fcber und \u00fcber bedeckt, von den Schultertr\u00e4gern aus reiner Spitze bis hin zu der bezaubernden Schleppe aus T\u00fcll und Spitze. Ein tief ausgeschnittener V-Ausschnitt akzentuiert das durchsichtige Mieder und ist f\u00fcr zus\u00e4tzlichen Komfort und Bescheidenheit mit Illusionst\u00fcll gef\u00fcttert. Der tiefe Ausschnitt am R\u00fccken ist mit einer zierlichen Reihe stoffbezogener Kn\u00f6pfe versehen, die einen Hauch von Vintage-Charme verspr\u00fchen. Vom breiten Bund aus vervollst\u00e4ndigt ein Rock in A-Linie aus T\u00fcll und Spitze die schlichte Silhouette, bevor er sich in einer durchscheinenden Schleppe entfaltet, die m\u00fchelos den Gang hinuntergleitet.\",\"breadcrumb\":{\"@id\":\"https:\\\/\\\/www.koonings.com\\\/de\\\/product\\\/essense-of-australia-681\\\/#breadcrumb\"},\"inLanguage\":\"de\",\"potentialAction\":[{\"@type\":\"ReadAction\",\"target\":[\"https:\\\/\\\/www.koonings.com\\\/de\\\/product\\\/essense-of-australia-681\\\/\"]}]},{\"@type\":\"ImageObject\",\"inLanguage\":\"de\",\"@id\":\"https:\\\/\\\/www.koonings.com\\\/de\\\/product\\\/essense-of-australia-681\\\/#primaryimage\",\"url\":\"https:\\\/\\\/www.koonings.com\\\/wp-content\\\/uploads\\\/2024\\\/11\\\/38699_59db9f4763af624617c40f0e05dee1abfb97525f676829e626752dbfc4c717f5bc4a9466.jpeg\",\"contentUrl\":\"https:\\\/\\\/www.koonings.com\\\/wp-content\\\/uploads\\\/2024\\\/11\\\/38699_59db9f4763af624617c40f0e05dee1abfb97525f676829e626752dbfc4c717f5bc4a9466.jpeg\",\"width\":1025,\"height\":1448},{\"@type\":\"BreadcrumbList\",\"@id\":\"https:\\\/\\\/www.koonings.com\\\/de\\\/product\\\/essense-of-australia-681\\\/#breadcrumb\",\"itemListElement\":[{\"@type\":\"ListItem\",\"position\":1,\"name\":\"Home\",\"item\":\"https:\\\/\\\/www.koonings.com\\\/de\\\/\"},{\"@type\":\"ListItem\",\"position\":2,\"name\":\"Essenz von Australien D3783\"}]},{\"@type\":\"WebSite\",\"@id\":\"https:\\\/\\\/www.koonings.com\\\/de\\\/#website\",\"url\":\"https:\\\/\\\/www.koonings.com\\\/de\\\/\",\"name\":\"Koonings\",\"description\":\"De grootste bruidsmodewinkel ter wereld\",\"publisher\":{\"@id\":\"https:\\\/\\\/www.koonings.com\\\/de\\\/#organization\"},\"potentialAction\":[{\"@type\":\"SearchAction\",\"target\":{\"@type\":\"EntryPoint\",\"urlTemplate\":\"https:\\\/\\\/www.koonings.com\\\/de\\\/?s={search_term_string}\"},\"query-input\":{\"@type\":\"PropertyValueSpecification\",\"valueRequired\":true,\"valueName\":\"search_term_string\"}}],\"inLanguage\":\"de\"},{\"@type\":\"Organization\",\"@id\":\"https:\\\/\\\/www.koonings.com\\\/de\\\/#organization\",\"name\":\"Koonings\",\"url\":\"https:\\\/\\\/www.koonings.com\\\/de\\\/\",\"logo\":{\"@type\":\"ImageObject\",\"inLanguage\":\"de\",\"@id\":\"https:\\\/\\\/www.koonings.com\\\/de\\\/#\\\/schema\\\/logo\\\/image\\\/\",\"url\":\"https:\\\/\\\/www.koonings.com\\\/wp-content\\\/uploads\\\/2024\\\/07\\\/logo.png\",\"contentUrl\":\"https:\\\/\\\/www.koonings.com\\\/wp-content\\\/uploads\\\/2024\\\/07\\\/logo.png\",\"width\":600,\"height\":428,\"caption\":\"Koonings\"},\"image\":{\"@id\":\"https:\\\/\\\/www.koonings.com\\\/de\\\/#\\\/schema\\\/logo\\\/image\\\/\"},\"sameAs\":[\"https:\\\/\\\/www.facebook.com\\\/kooningstheweddingpalace\",\"https:\\\/\\\/www.instagram.com\\\/kooningstheweddingpalace\",\"https:\\\/\\\/www.pinterest.com\\\/koonings\",\"https:\\\/\\\/www.youtube.com\\\/kooningstheweddingpalace\"]}]}<\/script>\n<!-- \/ Yoast SEO plugin. -->","yoast_head_json":{"title":"Essenz von Australien D3783 | Koonings","description":"Schweben Sie zum Altar in diesem bezaubernd romantischen Hochzeitskleid, das gleichzeitig schlicht und elegant ist. Stil D3783 ist mit wundersch\u00f6ner floraler Spitze \u00fcber und \u00fcber bedeckt, von den Schultertr\u00e4gern aus reiner Spitze bis hin zu der bezaubernden Schleppe aus T\u00fcll und Spitze. Ein tief ausgeschnittener V-Ausschnitt akzentuiert das durchsichtige Mieder und ist f\u00fcr zus\u00e4tzlichen Komfort und Bescheidenheit mit Illusionst\u00fcll gef\u00fcttert. Der tiefe Ausschnitt am R\u00fccken ist mit einer zierlichen Reihe stoffbezogener Kn\u00f6pfe versehen, die einen Hauch von Vintage-Charme verspr\u00fchen. Vom breiten Bund aus vervollst\u00e4ndigt ein Rock in A-Linie aus T\u00fcll und Spitze die schlichte Silhouette, bevor er sich in einer durchscheinenden Schleppe entfaltet, die m\u00fchelos den Gang hinuntergleitet.","robots":{"index":"index","follow":"follow","max-snippet":"max-snippet:-1","max-image-preview":"max-image-preview:large","max-video-preview":"max-video-preview:-1"},"canonical":"https:\/\/www.koonings.com\/de\/product\/essense-of-australia-681\/","og_locale":"de_DE","og_type":"article","og_title":"Essenz von Australien D3783 | Koonings","og_description":"Schweben Sie zum Altar in diesem bezaubernd romantischen Hochzeitskleid, das gleichzeitig schlicht und elegant ist. Stil D3783 ist mit wundersch\u00f6ner floraler Spitze \u00fcber und \u00fcber bedeckt, von den Schultertr\u00e4gern aus reiner Spitze bis hin zu der bezaubernden Schleppe aus T\u00fcll und Spitze. Ein tief ausgeschnittener V-Ausschnitt akzentuiert das durchsichtige Mieder und ist f\u00fcr zus\u00e4tzlichen Komfort und Bescheidenheit mit Illusionst\u00fcll gef\u00fcttert. Der tiefe Ausschnitt am R\u00fccken ist mit einer zierlichen Reihe stoffbezogener Kn\u00f6pfe versehen, die einen Hauch von Vintage-Charme verspr\u00fchen. Vom breiten Bund aus vervollst\u00e4ndigt ein Rock in A-Linie aus T\u00fcll und Spitze die schlichte Silhouette, bevor er sich in einer durchscheinenden Schleppe entfaltet, die m\u00fchelos den Gang hinuntergleitet.","og_url":"https:\/\/www.koonings.com\/de\/product\/essense-of-australia-681\/","og_site_name":"Koonings","article_publisher":"https:\/\/www.facebook.com\/kooningstheweddingpalace","article_modified_time":"2026-02-03T17:17:00+00:00","og_image":[{"width":1025,"height":1448,"url":"https:\/\/www.koonings.com\/wp-content\/uploads\/2024\/11\/38699_59db9f4763af624617c40f0e05dee1abfb97525f676829e626752dbfc4c717f5bc4a9466.jpeg","type":"image\/jpeg"}],"twitter_card":"summary_large_image","twitter_misc":{"Gesch\u00e4tzte Lesezeit":"1\u00a0Minute"},"schema":{"@context":"https:\/\/schema.org","@graph":[{"@type":"WebPage","@id":"https:\/\/www.koonings.com\/de\/product\/essense-of-australia-681\/","url":"https:\/\/www.koonings.com\/de\/product\/essense-of-australia-681\/","name":"Essenz von Australien D3783 | Koonings","isPartOf":{"@id":"https:\/\/www.koonings.com\/de\/#website"},"primaryImageOfPage":{"@id":"https:\/\/www.koonings.com\/de\/product\/essense-of-australia-681\/#primaryimage"},"image":{"@id":"https:\/\/www.koonings.com\/de\/product\/essense-of-australia-681\/#primaryimage"},"thumbnailUrl":"https:\/\/www.koonings.com\/wp-content\/uploads\/2024\/11\/38699_59db9f4763af624617c40f0e05dee1abfb97525f676829e626752dbfc4c717f5bc4a9466.jpeg","datePublished":"2025-12-14T23:16:22+00:00","dateModified":"2026-02-03T17:17:00+00:00","description":"Schweben Sie zum Altar in diesem bezaubernd romantischen Hochzeitskleid, das gleichzeitig schlicht und elegant ist. Stil D3783 ist mit wundersch\u00f6ner floraler Spitze \u00fcber und \u00fcber bedeckt, von den Schultertr\u00e4gern aus reiner Spitze bis hin zu der bezaubernden Schleppe aus T\u00fcll und Spitze. Ein tief ausgeschnittener V-Ausschnitt akzentuiert das durchsichtige Mieder und ist f\u00fcr zus\u00e4tzlichen Komfort und Bescheidenheit mit Illusionst\u00fcll gef\u00fcttert. Der tiefe Ausschnitt am R\u00fccken ist mit einer zierlichen Reihe stoffbezogener Kn\u00f6pfe versehen, die einen Hauch von Vintage-Charme verspr\u00fchen. Vom breiten Bund aus vervollst\u00e4ndigt ein Rock in A-Linie aus T\u00fcll und Spitze die schlichte Silhouette, bevor er sich in einer durchscheinenden Schleppe entfaltet, die m\u00fchelos den Gang hinuntergleitet.","breadcrumb":{"@id":"https:\/\/www.koonings.com\/de\/product\/essense-of-australia-681\/#breadcrumb"},"inLanguage":"de","potentialAction":[{"@type":"ReadAction","target":["https:\/\/www.koonings.com\/de\/product\/essense-of-australia-681\/"]}]},{"@type":"ImageObject","inLanguage":"de","@id":"https:\/\/www.koonings.com\/de\/product\/essense-of-australia-681\/#primaryimage","url":"https:\/\/www.koonings.com\/wp-content\/uploads\/2024\/11\/38699_59db9f4763af624617c40f0e05dee1abfb97525f676829e626752dbfc4c717f5bc4a9466.jpeg","contentUrl":"https:\/\/www.koonings.com\/wp-content\/uploads\/2024\/11\/38699_59db9f4763af624617c40f0e05dee1abfb97525f676829e626752dbfc4c717f5bc4a9466.jpeg","width":1025,"height":1448},{"@type":"BreadcrumbList","@id":"https:\/\/www.koonings.com\/de\/product\/essense-of-australia-681\/#breadcrumb","itemListElement":[{"@type":"ListItem","position":1,"name":"Home","item":"https:\/\/www.koonings.com\/de\/"},{"@type":"ListItem","position":2,"name":"Essenz von Australien D3783"}]},{"@type":"WebSite","@id":"https:\/\/www.koonings.com\/de\/#website","url":"https:\/\/www.koonings.com\/de\/","name":"Koonings","description":"De grootste bruidsmodewinkel ter wereld","publisher":{"@id":"https:\/\/www.koonings.com\/de\/#organization"},"potentialAction":[{"@type":"SearchAction","target":{"@type":"EntryPoint","urlTemplate":"https:\/\/www.koonings.com\/de\/?s={search_term_string}"},"query-input":{"@type":"PropertyValueSpecification","valueRequired":true,"valueName":"search_term_string"}}],"inLanguage":"de"},{"@type":"Organization","@id":"https:\/\/www.koonings.com\/de\/#organization","name":"Koonings","url":"https:\/\/www.koonings.com\/de\/","logo":{"@type":"ImageObject","inLanguage":"de","@id":"https:\/\/www.koonings.com\/de\/#\/schema\/logo\/image\/","url":"https:\/\/www.koonings.com\/wp-content\/uploads\/2024\/07\/logo.png","contentUrl":"https:\/\/www.koonings.com\/wp-content\/uploads\/2024\/07\/logo.png","width":600,"height":428,"caption":"Koonings"},"image":{"@id":"https:\/\/www.koonings.com\/de\/#\/schema\/logo\/image\/"},"sameAs":["https:\/\/www.facebook.com\/kooningstheweddingpalace","https:\/\/www.instagram.com\/kooningstheweddingpalace","https:\/\/www.pinterest.com\/koonings","https:\/\/www.youtube.com\/kooningstheweddingpalace"]}]}},"_links":{"self":[{"href":"https:\/\/www.koonings.com\/de\/wp-json\/wp\/v2\/product\/57423","targetHints":{"allow":["GET"]}}],"collection":[{"href":"https:\/\/www.koonings.com\/de\/wp-json\/wp\/v2\/product"}],"about":[{"href":"https:\/\/www.koonings.com\/de\/wp-json\/wp\/v2\/types\/product"}],"wp:featuredmedia":[{"embeddable":true,"href":"https:\/\/www.koonings.com\/de\/wp-json\/wp\/v2\/media\/60550"}],"wp:attachment":[{"href":"https:\/\/www.koonings.com\/de\/wp-json\/wp\/v2\/media?parent=57423"}],"wp:term":[{"taxonomy":"productdetails","embeddable":true,"href":"https:\/\/www.koonings.com\/de\/wp-json\/wp\/v2\/productdetails?post=57423"},{"taxonomy":"productneck","embeddable":true,"href":"https:\/\/www.koonings.com\/de\/wp-json\/wp\/v2\/productneck?post=57423"},{"taxonomy":"productcolor","embeddable":true,"href":"https:\/\/www.koonings.com\/de\/wp-json\/wp\/v2\/productcolor?post=57423"},{"taxonomy":"maat","embeddable":true,"href":"https:\/\/www.koonings.com\/de\/wp-json\/wp\/v2\/maat?post=57423"},{"taxonomy":"productsupplier","embeddable":true,"href":"https:\/\/www.koonings.com\/de\/wp-json\/wp\/v2\/productsupplier?post=57423"},{"taxonomy":"productsleeve","embeddable":true,"href":"https:\/\/www.koonings.com\/de\/wp-json\/wp\/v2\/productsleeve?post=57423"},{"taxonomy":"productcategory","embeddable":true,"href":"https:\/\/www.koonings.com\/de\/wp-json\/wp\/v2\/productcategory?post=57423"},{"taxonomy":"productsilhouette","embeddable":true,"href":"https:\/\/www.koonings.com\/de\/wp-json\/wp\/v2\/productsilhouette?post=57423"},{"taxonomy":"productstyle","embeddable":true,"href":"https:\/\/www.koonings.com\/de\/wp-json\/wp\/v2\/productstyle?post=57423"}],"curies":[{"name":"wp","href":"https:\/\/api.w.org\/{rel}","templated":true}]}}