{"id":57394,"date":"2025-12-15T00:16:26","date_gmt":"2025-12-14T23:16:26","guid":{"rendered":"https:\/\/www.koonings.com\/product\/muse-by-berta-libby-23-135\/"},"modified":"2026-02-03T18:18:03","modified_gmt":"2026-02-03T17:18:03","slug":"muse-by-berta-libby-23-135","status":"publish","type":"product","link":"https:\/\/www.koonings.com\/de\/product\/muse-by-berta-libby-23-135\/","title":{"rendered":"Muse von Berta Libby 23-135"},"content":{"rendered":"<p>Dieses Muse by Berta Kleid aus der Pantheon Kollektion besteht aus einem verspielten T\u00fcllrock und einem romantischen Oberteil mit d\u00fcnnen T\u00fcllb\u00e4ndern. Der leicht transparente Effekt verleiht diesem romantischen Kleid einen sexy Touch. Die Perlendetails auf dem ganzen Kleid machen dieses Kleid zu einem echten M\u00e4rchen.  <\/p>\n","protected":false},"featured_media":37822,"template":"","meta":{"_acf_changed":false,"ghostkit_customizer_options":"","ghostkit_custom_css":"","ghostkit_custom_js_head":"","ghostkit_custom_js_foot":"","ghostkit_typography":""},"productdetails":[380,377,381],"productneck":[355],"productcolor":[393,392],"maat":[],"productsupplier":[399],"productsleeve":[357],"productcategory":[18],"productsilhouette":[384,389],"productstyle":[367,370],"class_list":["post-57394","product","type-product","status-publish","has-post-thumbnail","hentry","productdetails-380","productdetails-377","productdetails-381","productneck-355","productcolor-393","productcolor-392","productsupplier-muse-by-berta","productsleeve-357","productcategory-trouwjurken","productsilhouette-384","productsilhouette-389","productstyle-367","productstyle-370"],"acf":[],"yoast_head":"<!-- This site is optimized with the Yoast SEO plugin v27.3 - https:\/\/yoast.com\/product\/yoast-seo-wordpress\/ -->\n<title>Muse von Berta Libby 23-135 | Koonings<\/title>\n<meta name=\"description\" content=\"Dieses Muse by Berta Kleid aus der Pantheon Kollektion besteht aus einem verspielten T\u00fcllrock und einem romantischen Oberteil mit d\u00fcnnen T\u00fcllb\u00e4ndern. Der leicht transparente Effekt verleiht diesem romantischen Kleid einen sexy Touch. Die Perlendetails auf dem ganzen Kleid machen dieses Kleid zu einem echten M\u00e4rchen.\" \/>\n<meta name=\"robots\" content=\"index, follow, max-snippet:-1, max-image-preview:large, max-video-preview:-1\" \/>\n<link rel=\"canonical\" href=\"https:\/\/www.koonings.com\/de\/product\/muse-by-berta-libby-23-135\/\" \/>\n<meta property=\"og:locale\" content=\"de_DE\" \/>\n<meta property=\"og:type\" content=\"article\" \/>\n<meta property=\"og:title\" content=\"Muse von Berta Libby 23-135 | Koonings\" \/>\n<meta property=\"og:description\" content=\"Dieses Muse by Berta Kleid aus der Pantheon Kollektion besteht aus einem verspielten T\u00fcllrock und einem romantischen Oberteil mit d\u00fcnnen T\u00fcllb\u00e4ndern. Der leicht transparente Effekt verleiht diesem romantischen Kleid einen sexy Touch. Die Perlendetails auf dem ganzen Kleid machen dieses Kleid zu einem echten M\u00e4rchen.\" \/>\n<meta property=\"og:url\" content=\"https:\/\/www.koonings.com\/de\/product\/muse-by-berta-libby-23-135\/\" \/>\n<meta property=\"og:site_name\" content=\"Koonings\" \/>\n<meta property=\"article:publisher\" content=\"https:\/\/www.facebook.com\/kooningstheweddingpalace\" \/>\n<meta property=\"article:modified_time\" content=\"2026-02-03T17:18:03+00:00\" \/>\n<meta property=\"og:image\" content=\"https:\/\/www.koonings.com\/wp-content\/uploads\/2024\/11\/38713_699307cf00918466251bfdebbcbb629879e92b5b1c8b913e3859444c93d1ba0eefa4363b.jpeg\" \/>\n\t<meta property=\"og:image:width\" content=\"398\" \/>\n\t<meta property=\"og:image:height\" content=\"708\" \/>\n\t<meta property=\"og:image:type\" content=\"image\/jpeg\" \/>\n<meta name=\"twitter:card\" content=\"summary_large_image\" \/>\n<script type=\"application\/ld+json\" class=\"yoast-schema-graph\">{\"@context\":\"https:\\\/\\\/schema.org\",\"@graph\":[{\"@type\":\"WebPage\",\"@id\":\"https:\\\/\\\/www.koonings.com\\\/de\\\/product\\\/muse-by-berta-libby-23-135\\\/\",\"url\":\"https:\\\/\\\/www.koonings.com\\\/de\\\/product\\\/muse-by-berta-libby-23-135\\\/\",\"name\":\"Muse von Berta Libby 23-135 | Koonings\",\"isPartOf\":{\"@id\":\"https:\\\/\\\/www.koonings.com\\\/de\\\/#website\"},\"primaryImageOfPage\":{\"@id\":\"https:\\\/\\\/www.koonings.com\\\/de\\\/product\\\/muse-by-berta-libby-23-135\\\/#primaryimage\"},\"image\":{\"@id\":\"https:\\\/\\\/www.koonings.com\\\/de\\\/product\\\/muse-by-berta-libby-23-135\\\/#primaryimage\"},\"thumbnailUrl\":\"https:\\\/\\\/www.koonings.com\\\/wp-content\\\/uploads\\\/2024\\\/11\\\/38713_699307cf00918466251bfdebbcbb629879e92b5b1c8b913e3859444c93d1ba0eefa4363b.jpeg\",\"datePublished\":\"2025-12-14T23:16:26+00:00\",\"dateModified\":\"2026-02-03T17:18:03+00:00\",\"description\":\"Dieses Muse by Berta Kleid aus der Pantheon Kollektion besteht aus einem verspielten T\u00fcllrock und einem romantischen Oberteil mit d\u00fcnnen T\u00fcllb\u00e4ndern. Der leicht transparente Effekt verleiht diesem romantischen Kleid einen sexy Touch. Die Perlendetails auf dem ganzen Kleid machen dieses Kleid zu einem echten M\u00e4rchen.\",\"breadcrumb\":{\"@id\":\"https:\\\/\\\/www.koonings.com\\\/de\\\/product\\\/muse-by-berta-libby-23-135\\\/#breadcrumb\"},\"inLanguage\":\"de\",\"potentialAction\":[{\"@type\":\"ReadAction\",\"target\":[\"https:\\\/\\\/www.koonings.com\\\/de\\\/product\\\/muse-by-berta-libby-23-135\\\/\"]}]},{\"@type\":\"ImageObject\",\"inLanguage\":\"de\",\"@id\":\"https:\\\/\\\/www.koonings.com\\\/de\\\/product\\\/muse-by-berta-libby-23-135\\\/#primaryimage\",\"url\":\"https:\\\/\\\/www.koonings.com\\\/wp-content\\\/uploads\\\/2024\\\/11\\\/38713_699307cf00918466251bfdebbcbb629879e92b5b1c8b913e3859444c93d1ba0eefa4363b.jpeg\",\"contentUrl\":\"https:\\\/\\\/www.koonings.com\\\/wp-content\\\/uploads\\\/2024\\\/11\\\/38713_699307cf00918466251bfdebbcbb629879e92b5b1c8b913e3859444c93d1ba0eefa4363b.jpeg\",\"width\":398,\"height\":708},{\"@type\":\"BreadcrumbList\",\"@id\":\"https:\\\/\\\/www.koonings.com\\\/de\\\/product\\\/muse-by-berta-libby-23-135\\\/#breadcrumb\",\"itemListElement\":[{\"@type\":\"ListItem\",\"position\":1,\"name\":\"Home\",\"item\":\"https:\\\/\\\/www.koonings.com\\\/de\\\/\"},{\"@type\":\"ListItem\",\"position\":2,\"name\":\"Muse von Berta Libby 23-135\"}]},{\"@type\":\"WebSite\",\"@id\":\"https:\\\/\\\/www.koonings.com\\\/de\\\/#website\",\"url\":\"https:\\\/\\\/www.koonings.com\\\/de\\\/\",\"name\":\"Koonings\",\"description\":\"De grootste bruidsmodewinkel ter wereld\",\"publisher\":{\"@id\":\"https:\\\/\\\/www.koonings.com\\\/de\\\/#organization\"},\"potentialAction\":[{\"@type\":\"SearchAction\",\"target\":{\"@type\":\"EntryPoint\",\"urlTemplate\":\"https:\\\/\\\/www.koonings.com\\\/de\\\/?s={search_term_string}\"},\"query-input\":{\"@type\":\"PropertyValueSpecification\",\"valueRequired\":true,\"valueName\":\"search_term_string\"}}],\"inLanguage\":\"de\"},{\"@type\":\"Organization\",\"@id\":\"https:\\\/\\\/www.koonings.com\\\/de\\\/#organization\",\"name\":\"Koonings\",\"url\":\"https:\\\/\\\/www.koonings.com\\\/de\\\/\",\"logo\":{\"@type\":\"ImageObject\",\"inLanguage\":\"de\",\"@id\":\"https:\\\/\\\/www.koonings.com\\\/de\\\/#\\\/schema\\\/logo\\\/image\\\/\",\"url\":\"https:\\\/\\\/www.koonings.com\\\/wp-content\\\/uploads\\\/2024\\\/07\\\/logo.png\",\"contentUrl\":\"https:\\\/\\\/www.koonings.com\\\/wp-content\\\/uploads\\\/2024\\\/07\\\/logo.png\",\"width\":600,\"height\":428,\"caption\":\"Koonings\"},\"image\":{\"@id\":\"https:\\\/\\\/www.koonings.com\\\/de\\\/#\\\/schema\\\/logo\\\/image\\\/\"},\"sameAs\":[\"https:\\\/\\\/www.facebook.com\\\/kooningstheweddingpalace\",\"https:\\\/\\\/www.instagram.com\\\/kooningstheweddingpalace\",\"https:\\\/\\\/www.pinterest.com\\\/koonings\",\"https:\\\/\\\/www.youtube.com\\\/kooningstheweddingpalace\"]}]}<\/script>\n<!-- \/ Yoast SEO plugin. -->","yoast_head_json":{"title":"Muse von Berta Libby 23-135 | Koonings","description":"Dieses Muse by Berta Kleid aus der Pantheon Kollektion besteht aus einem verspielten T\u00fcllrock und einem romantischen Oberteil mit d\u00fcnnen T\u00fcllb\u00e4ndern. Der leicht transparente Effekt verleiht diesem romantischen Kleid einen sexy Touch. Die Perlendetails auf dem ganzen Kleid machen dieses Kleid zu einem echten M\u00e4rchen.","robots":{"index":"index","follow":"follow","max-snippet":"max-snippet:-1","max-image-preview":"max-image-preview:large","max-video-preview":"max-video-preview:-1"},"canonical":"https:\/\/www.koonings.com\/de\/product\/muse-by-berta-libby-23-135\/","og_locale":"de_DE","og_type":"article","og_title":"Muse von Berta Libby 23-135 | Koonings","og_description":"Dieses Muse by Berta Kleid aus der Pantheon Kollektion besteht aus einem verspielten T\u00fcllrock und einem romantischen Oberteil mit d\u00fcnnen T\u00fcllb\u00e4ndern. Der leicht transparente Effekt verleiht diesem romantischen Kleid einen sexy Touch. Die Perlendetails auf dem ganzen Kleid machen dieses Kleid zu einem echten M\u00e4rchen.","og_url":"https:\/\/www.koonings.com\/de\/product\/muse-by-berta-libby-23-135\/","og_site_name":"Koonings","article_publisher":"https:\/\/www.facebook.com\/kooningstheweddingpalace","article_modified_time":"2026-02-03T17:18:03+00:00","og_image":[{"width":398,"height":708,"url":"https:\/\/www.koonings.com\/wp-content\/uploads\/2024\/11\/38713_699307cf00918466251bfdebbcbb629879e92b5b1c8b913e3859444c93d1ba0eefa4363b.jpeg","type":"image\/jpeg"}],"twitter_card":"summary_large_image","schema":{"@context":"https:\/\/schema.org","@graph":[{"@type":"WebPage","@id":"https:\/\/www.koonings.com\/de\/product\/muse-by-berta-libby-23-135\/","url":"https:\/\/www.koonings.com\/de\/product\/muse-by-berta-libby-23-135\/","name":"Muse von Berta Libby 23-135 | Koonings","isPartOf":{"@id":"https:\/\/www.koonings.com\/de\/#website"},"primaryImageOfPage":{"@id":"https:\/\/www.koonings.com\/de\/product\/muse-by-berta-libby-23-135\/#primaryimage"},"image":{"@id":"https:\/\/www.koonings.com\/de\/product\/muse-by-berta-libby-23-135\/#primaryimage"},"thumbnailUrl":"https:\/\/www.koonings.com\/wp-content\/uploads\/2024\/11\/38713_699307cf00918466251bfdebbcbb629879e92b5b1c8b913e3859444c93d1ba0eefa4363b.jpeg","datePublished":"2025-12-14T23:16:26+00:00","dateModified":"2026-02-03T17:18:03+00:00","description":"Dieses Muse by Berta Kleid aus der Pantheon Kollektion besteht aus einem verspielten T\u00fcllrock und einem romantischen Oberteil mit d\u00fcnnen T\u00fcllb\u00e4ndern. Der leicht transparente Effekt verleiht diesem romantischen Kleid einen sexy Touch. Die Perlendetails auf dem ganzen Kleid machen dieses Kleid zu einem echten M\u00e4rchen.","breadcrumb":{"@id":"https:\/\/www.koonings.com\/de\/product\/muse-by-berta-libby-23-135\/#breadcrumb"},"inLanguage":"de","potentialAction":[{"@type":"ReadAction","target":["https:\/\/www.koonings.com\/de\/product\/muse-by-berta-libby-23-135\/"]}]},{"@type":"ImageObject","inLanguage":"de","@id":"https:\/\/www.koonings.com\/de\/product\/muse-by-berta-libby-23-135\/#primaryimage","url":"https:\/\/www.koonings.com\/wp-content\/uploads\/2024\/11\/38713_699307cf00918466251bfdebbcbb629879e92b5b1c8b913e3859444c93d1ba0eefa4363b.jpeg","contentUrl":"https:\/\/www.koonings.com\/wp-content\/uploads\/2024\/11\/38713_699307cf00918466251bfdebbcbb629879e92b5b1c8b913e3859444c93d1ba0eefa4363b.jpeg","width":398,"height":708},{"@type":"BreadcrumbList","@id":"https:\/\/www.koonings.com\/de\/product\/muse-by-berta-libby-23-135\/#breadcrumb","itemListElement":[{"@type":"ListItem","position":1,"name":"Home","item":"https:\/\/www.koonings.com\/de\/"},{"@type":"ListItem","position":2,"name":"Muse von Berta Libby 23-135"}]},{"@type":"WebSite","@id":"https:\/\/www.koonings.com\/de\/#website","url":"https:\/\/www.koonings.com\/de\/","name":"Koonings","description":"De grootste bruidsmodewinkel ter wereld","publisher":{"@id":"https:\/\/www.koonings.com\/de\/#organization"},"potentialAction":[{"@type":"SearchAction","target":{"@type":"EntryPoint","urlTemplate":"https:\/\/www.koonings.com\/de\/?s={search_term_string}"},"query-input":{"@type":"PropertyValueSpecification","valueRequired":true,"valueName":"search_term_string"}}],"inLanguage":"de"},{"@type":"Organization","@id":"https:\/\/www.koonings.com\/de\/#organization","name":"Koonings","url":"https:\/\/www.koonings.com\/de\/","logo":{"@type":"ImageObject","inLanguage":"de","@id":"https:\/\/www.koonings.com\/de\/#\/schema\/logo\/image\/","url":"https:\/\/www.koonings.com\/wp-content\/uploads\/2024\/07\/logo.png","contentUrl":"https:\/\/www.koonings.com\/wp-content\/uploads\/2024\/07\/logo.png","width":600,"height":428,"caption":"Koonings"},"image":{"@id":"https:\/\/www.koonings.com\/de\/#\/schema\/logo\/image\/"},"sameAs":["https:\/\/www.facebook.com\/kooningstheweddingpalace","https:\/\/www.instagram.com\/kooningstheweddingpalace","https:\/\/www.pinterest.com\/koonings","https:\/\/www.youtube.com\/kooningstheweddingpalace"]}]}},"_links":{"self":[{"href":"https:\/\/www.koonings.com\/de\/wp-json\/wp\/v2\/product\/57394","targetHints":{"allow":["GET"]}}],"collection":[{"href":"https:\/\/www.koonings.com\/de\/wp-json\/wp\/v2\/product"}],"about":[{"href":"https:\/\/www.koonings.com\/de\/wp-json\/wp\/v2\/types\/product"}],"wp:featuredmedia":[{"embeddable":true,"href":"https:\/\/www.koonings.com\/de\/wp-json\/wp\/v2\/media\/37822"}],"wp:attachment":[{"href":"https:\/\/www.koonings.com\/de\/wp-json\/wp\/v2\/media?parent=57394"}],"wp:term":[{"taxonomy":"productdetails","embeddable":true,"href":"https:\/\/www.koonings.com\/de\/wp-json\/wp\/v2\/productdetails?post=57394"},{"taxonomy":"productneck","embeddable":true,"href":"https:\/\/www.koonings.com\/de\/wp-json\/wp\/v2\/productneck?post=57394"},{"taxonomy":"productcolor","embeddable":true,"href":"https:\/\/www.koonings.com\/de\/wp-json\/wp\/v2\/productcolor?post=57394"},{"taxonomy":"maat","embeddable":true,"href":"https:\/\/www.koonings.com\/de\/wp-json\/wp\/v2\/maat?post=57394"},{"taxonomy":"productsupplier","embeddable":true,"href":"https:\/\/www.koonings.com\/de\/wp-json\/wp\/v2\/productsupplier?post=57394"},{"taxonomy":"productsleeve","embeddable":true,"href":"https:\/\/www.koonings.com\/de\/wp-json\/wp\/v2\/productsleeve?post=57394"},{"taxonomy":"productcategory","embeddable":true,"href":"https:\/\/www.koonings.com\/de\/wp-json\/wp\/v2\/productcategory?post=57394"},{"taxonomy":"productsilhouette","embeddable":true,"href":"https:\/\/www.koonings.com\/de\/wp-json\/wp\/v2\/productsilhouette?post=57394"},{"taxonomy":"productstyle","embeddable":true,"href":"https:\/\/www.koonings.com\/de\/wp-json\/wp\/v2\/productstyle?post=57394"}],"curies":[{"name":"wp","href":"https:\/\/api.w.org\/{rel}","templated":true}]}}