{"id":57374,"date":"2026-04-28T18:10:53","date_gmt":"2026-04-28T16:10:53","guid":{"rendered":"https:\/\/www.koonings.com\/product\/enzoani-blue-collection-reiko\/"},"modified":"2026-02-16T14:36:51","modified_gmt":"2026-02-16T13:36:51","slug":"enzoani-blue-collection-reiko","status":"publish","type":"product","link":"https:\/\/www.koonings.com\/de\/product\/enzoani-blue-collection-reiko\/","title":{"rendered":"Enzoani Blaue Kollektion Reiko"},"content":{"rendered":"<p>Gleiten Sie zum Altar mit diesem vertr\u00e4umten A-Linien-Brautkleid mit strukturiertem Mieder, tiefem V-Ausschnitt und seitlichen Illusionsausschnitten. Die florale Spitze mit Pailletten und Glitzert\u00fcll sorgt f\u00fcr einen bezaubernden Effekt und funkelt in alle Richtungen. Der R\u00fcckenausschnitt im Illusionskorsett und der kleine Schlitz verleihen diesem \u00e4u\u00dferst romantischen Kleid eine charmante Note. Und es hat Taschen!   <\/p>\n","protected":false},"featured_media":37899,"template":"","meta":{"_acf_changed":false,"ghostkit_customizer_options":"","ghostkit_custom_css":"","ghostkit_custom_js_head":"","ghostkit_custom_js_foot":"","ghostkit_typography":""},"productdetails":[379,378,381],"productneck":[352],"productcolor":[393,392],"maat":[],"productsupplier":[405],"productsleeve":[359],"productcategory":[18],"productsilhouette":[384],"productstyle":[364],"class_list":["post-57374","product","type-product","status-publish","has-post-thumbnail","hentry","productdetails-379","productdetails-378","productdetails-381","productneck-352","productcolor-393","productcolor-392","productsupplier-enzoani-blue-collection","productsleeve-359","productcategory-trouwjurken","productsilhouette-384","productstyle-364"],"acf":[],"yoast_head":"<!-- This site is optimized with the Yoast SEO plugin v27.3 - https:\/\/yoast.com\/product\/yoast-seo-wordpress\/ -->\n<title>Enzoani Blaue Kollektion Reiko | Koonings<\/title>\n<meta name=\"description\" content=\"Gleiten Sie zum Altar mit diesem vertr\u00e4umten A-Linien-Brautkleid mit strukturiertem Mieder, tiefem V-Ausschnitt und seitlichen Illusionsausschnitten. Die florale Spitze mit Pailletten und Glitzert\u00fcll sorgt f\u00fcr einen bezaubernden Effekt und funkelt in alle Richtungen. Der R\u00fcckenausschnitt im Illusionskorsett und der kleine Schlitz verleihen diesem \u00e4u\u00dferst romantischen Kleid eine charmante Note. Und es hat Taschen!\" \/>\n<meta name=\"robots\" content=\"index, follow, max-snippet:-1, max-image-preview:large, max-video-preview:-1\" \/>\n<link rel=\"canonical\" href=\"https:\/\/www.koonings.com\/de\/product\/enzoani-blue-collection-reiko\/\" \/>\n<meta property=\"og:locale\" content=\"de_DE\" \/>\n<meta property=\"og:type\" content=\"article\" \/>\n<meta property=\"og:title\" content=\"Enzoani Blaue Kollektion Reiko | Koonings\" \/>\n<meta property=\"og:description\" content=\"Gleiten Sie zum Altar mit diesem vertr\u00e4umten A-Linien-Brautkleid mit strukturiertem Mieder, tiefem V-Ausschnitt und seitlichen Illusionsausschnitten. Die florale Spitze mit Pailletten und Glitzert\u00fcll sorgt f\u00fcr einen bezaubernden Effekt und funkelt in alle Richtungen. Der R\u00fcckenausschnitt im Illusionskorsett und der kleine Schlitz verleihen diesem \u00e4u\u00dferst romantischen Kleid eine charmante Note. Und es hat Taschen!\" \/>\n<meta property=\"og:url\" content=\"https:\/\/www.koonings.com\/de\/product\/enzoani-blue-collection-reiko\/\" \/>\n<meta property=\"og:site_name\" content=\"Koonings\" \/>\n<meta property=\"article:publisher\" content=\"https:\/\/www.facebook.com\/kooningstheweddingpalace\" \/>\n<meta property=\"og:image\" content=\"https:\/\/www.koonings.com\/wp-content\/uploads\/2024\/11\/38718_c5be8b089953a82cf8dce4d096363319039eabe27e177aa886893fe6a1bd95b409173a7f.jpeg\" \/>\n\t<meta property=\"og:image:width\" content=\"1035\" \/>\n\t<meta property=\"og:image:height\" content=\"1380\" \/>\n\t<meta property=\"og:image:type\" content=\"image\/jpeg\" \/>\n<meta name=\"twitter:card\" content=\"summary_large_image\" \/>\n<script type=\"application\/ld+json\" class=\"yoast-schema-graph\">{\"@context\":\"https:\\\/\\\/schema.org\",\"@graph\":[{\"@type\":\"WebPage\",\"@id\":\"https:\\\/\\\/www.koonings.com\\\/de\\\/product\\\/enzoani-blue-collection-reiko\\\/\",\"url\":\"https:\\\/\\\/www.koonings.com\\\/de\\\/product\\\/enzoani-blue-collection-reiko\\\/\",\"name\":\"Enzoani Blaue Kollektion Reiko | Koonings\",\"isPartOf\":{\"@id\":\"https:\\\/\\\/www.koonings.com\\\/de\\\/#website\"},\"primaryImageOfPage\":{\"@id\":\"https:\\\/\\\/www.koonings.com\\\/de\\\/product\\\/enzoani-blue-collection-reiko\\\/#primaryimage\"},\"image\":{\"@id\":\"https:\\\/\\\/www.koonings.com\\\/de\\\/product\\\/enzoani-blue-collection-reiko\\\/#primaryimage\"},\"thumbnailUrl\":\"https:\\\/\\\/www.koonings.com\\\/wp-content\\\/uploads\\\/2024\\\/11\\\/38718_c5be8b089953a82cf8dce4d096363319039eabe27e177aa886893fe6a1bd95b409173a7f.jpeg\",\"datePublished\":\"2026-04-28T16:10:53+00:00\",\"description\":\"Gleiten Sie zum Altar mit diesem vertr\u00e4umten A-Linien-Brautkleid mit strukturiertem Mieder, tiefem V-Ausschnitt und seitlichen Illusionsausschnitten. Die florale Spitze mit Pailletten und Glitzert\u00fcll sorgt f\u00fcr einen bezaubernden Effekt und funkelt in alle Richtungen. Der R\u00fcckenausschnitt im Illusionskorsett und der kleine Schlitz verleihen diesem \u00e4u\u00dferst romantischen Kleid eine charmante Note. Und es hat Taschen!\",\"breadcrumb\":{\"@id\":\"https:\\\/\\\/www.koonings.com\\\/de\\\/product\\\/enzoani-blue-collection-reiko\\\/#breadcrumb\"},\"inLanguage\":\"de\",\"potentialAction\":[{\"@type\":\"ReadAction\",\"target\":[\"https:\\\/\\\/www.koonings.com\\\/de\\\/product\\\/enzoani-blue-collection-reiko\\\/\"]}]},{\"@type\":\"ImageObject\",\"inLanguage\":\"de\",\"@id\":\"https:\\\/\\\/www.koonings.com\\\/de\\\/product\\\/enzoani-blue-collection-reiko\\\/#primaryimage\",\"url\":\"https:\\\/\\\/www.koonings.com\\\/wp-content\\\/uploads\\\/2024\\\/11\\\/38718_c5be8b089953a82cf8dce4d096363319039eabe27e177aa886893fe6a1bd95b409173a7f.jpeg\",\"contentUrl\":\"https:\\\/\\\/www.koonings.com\\\/wp-content\\\/uploads\\\/2024\\\/11\\\/38718_c5be8b089953a82cf8dce4d096363319039eabe27e177aa886893fe6a1bd95b409173a7f.jpeg\",\"width\":1035,\"height\":1380},{\"@type\":\"BreadcrumbList\",\"@id\":\"https:\\\/\\\/www.koonings.com\\\/de\\\/product\\\/enzoani-blue-collection-reiko\\\/#breadcrumb\",\"itemListElement\":[{\"@type\":\"ListItem\",\"position\":1,\"name\":\"Home\",\"item\":\"https:\\\/\\\/www.koonings.com\\\/de\\\/\"},{\"@type\":\"ListItem\",\"position\":2,\"name\":\"Enzoani Blaue Kollektion Reiko\"}]},{\"@type\":\"WebSite\",\"@id\":\"https:\\\/\\\/www.koonings.com\\\/de\\\/#website\",\"url\":\"https:\\\/\\\/www.koonings.com\\\/de\\\/\",\"name\":\"Koonings\",\"description\":\"De grootste bruidsmodewinkel ter wereld\",\"publisher\":{\"@id\":\"https:\\\/\\\/www.koonings.com\\\/de\\\/#organization\"},\"potentialAction\":[{\"@type\":\"SearchAction\",\"target\":{\"@type\":\"EntryPoint\",\"urlTemplate\":\"https:\\\/\\\/www.koonings.com\\\/de\\\/?s={search_term_string}\"},\"query-input\":{\"@type\":\"PropertyValueSpecification\",\"valueRequired\":true,\"valueName\":\"search_term_string\"}}],\"inLanguage\":\"de\"},{\"@type\":\"Organization\",\"@id\":\"https:\\\/\\\/www.koonings.com\\\/de\\\/#organization\",\"name\":\"Koonings\",\"url\":\"https:\\\/\\\/www.koonings.com\\\/de\\\/\",\"logo\":{\"@type\":\"ImageObject\",\"inLanguage\":\"de\",\"@id\":\"https:\\\/\\\/www.koonings.com\\\/de\\\/#\\\/schema\\\/logo\\\/image\\\/\",\"url\":\"https:\\\/\\\/www.koonings.com\\\/wp-content\\\/uploads\\\/2024\\\/07\\\/logo.png\",\"contentUrl\":\"https:\\\/\\\/www.koonings.com\\\/wp-content\\\/uploads\\\/2024\\\/07\\\/logo.png\",\"width\":600,\"height\":428,\"caption\":\"Koonings\"},\"image\":{\"@id\":\"https:\\\/\\\/www.koonings.com\\\/de\\\/#\\\/schema\\\/logo\\\/image\\\/\"},\"sameAs\":[\"https:\\\/\\\/www.facebook.com\\\/kooningstheweddingpalace\",\"https:\\\/\\\/www.instagram.com\\\/kooningstheweddingpalace\",\"https:\\\/\\\/www.pinterest.com\\\/koonings\",\"https:\\\/\\\/www.youtube.com\\\/kooningstheweddingpalace\"]}]}<\/script>\n<!-- \/ Yoast SEO plugin. -->","yoast_head_json":{"title":"Enzoani Blaue Kollektion Reiko | Koonings","description":"Gleiten Sie zum Altar mit diesem vertr\u00e4umten A-Linien-Brautkleid mit strukturiertem Mieder, tiefem V-Ausschnitt und seitlichen Illusionsausschnitten. Die florale Spitze mit Pailletten und Glitzert\u00fcll sorgt f\u00fcr einen bezaubernden Effekt und funkelt in alle Richtungen. Der R\u00fcckenausschnitt im Illusionskorsett und der kleine Schlitz verleihen diesem \u00e4u\u00dferst romantischen Kleid eine charmante Note. Und es hat Taschen!","robots":{"index":"index","follow":"follow","max-snippet":"max-snippet:-1","max-image-preview":"max-image-preview:large","max-video-preview":"max-video-preview:-1"},"canonical":"https:\/\/www.koonings.com\/de\/product\/enzoani-blue-collection-reiko\/","og_locale":"de_DE","og_type":"article","og_title":"Enzoani Blaue Kollektion Reiko | Koonings","og_description":"Gleiten Sie zum Altar mit diesem vertr\u00e4umten A-Linien-Brautkleid mit strukturiertem Mieder, tiefem V-Ausschnitt und seitlichen Illusionsausschnitten. Die florale Spitze mit Pailletten und Glitzert\u00fcll sorgt f\u00fcr einen bezaubernden Effekt und funkelt in alle Richtungen. Der R\u00fcckenausschnitt im Illusionskorsett und der kleine Schlitz verleihen diesem \u00e4u\u00dferst romantischen Kleid eine charmante Note. Und es hat Taschen!","og_url":"https:\/\/www.koonings.com\/de\/product\/enzoani-blue-collection-reiko\/","og_site_name":"Koonings","article_publisher":"https:\/\/www.facebook.com\/kooningstheweddingpalace","og_image":[{"width":1035,"height":1380,"url":"https:\/\/www.koonings.com\/wp-content\/uploads\/2024\/11\/38718_c5be8b089953a82cf8dce4d096363319039eabe27e177aa886893fe6a1bd95b409173a7f.jpeg","type":"image\/jpeg"}],"twitter_card":"summary_large_image","schema":{"@context":"https:\/\/schema.org","@graph":[{"@type":"WebPage","@id":"https:\/\/www.koonings.com\/de\/product\/enzoani-blue-collection-reiko\/","url":"https:\/\/www.koonings.com\/de\/product\/enzoani-blue-collection-reiko\/","name":"Enzoani Blaue Kollektion Reiko | Koonings","isPartOf":{"@id":"https:\/\/www.koonings.com\/de\/#website"},"primaryImageOfPage":{"@id":"https:\/\/www.koonings.com\/de\/product\/enzoani-blue-collection-reiko\/#primaryimage"},"image":{"@id":"https:\/\/www.koonings.com\/de\/product\/enzoani-blue-collection-reiko\/#primaryimage"},"thumbnailUrl":"https:\/\/www.koonings.com\/wp-content\/uploads\/2024\/11\/38718_c5be8b089953a82cf8dce4d096363319039eabe27e177aa886893fe6a1bd95b409173a7f.jpeg","datePublished":"2026-04-28T16:10:53+00:00","description":"Gleiten Sie zum Altar mit diesem vertr\u00e4umten A-Linien-Brautkleid mit strukturiertem Mieder, tiefem V-Ausschnitt und seitlichen Illusionsausschnitten. Die florale Spitze mit Pailletten und Glitzert\u00fcll sorgt f\u00fcr einen bezaubernden Effekt und funkelt in alle Richtungen. Der R\u00fcckenausschnitt im Illusionskorsett und der kleine Schlitz verleihen diesem \u00e4u\u00dferst romantischen Kleid eine charmante Note. Und es hat Taschen!","breadcrumb":{"@id":"https:\/\/www.koonings.com\/de\/product\/enzoani-blue-collection-reiko\/#breadcrumb"},"inLanguage":"de","potentialAction":[{"@type":"ReadAction","target":["https:\/\/www.koonings.com\/de\/product\/enzoani-blue-collection-reiko\/"]}]},{"@type":"ImageObject","inLanguage":"de","@id":"https:\/\/www.koonings.com\/de\/product\/enzoani-blue-collection-reiko\/#primaryimage","url":"https:\/\/www.koonings.com\/wp-content\/uploads\/2024\/11\/38718_c5be8b089953a82cf8dce4d096363319039eabe27e177aa886893fe6a1bd95b409173a7f.jpeg","contentUrl":"https:\/\/www.koonings.com\/wp-content\/uploads\/2024\/11\/38718_c5be8b089953a82cf8dce4d096363319039eabe27e177aa886893fe6a1bd95b409173a7f.jpeg","width":1035,"height":1380},{"@type":"BreadcrumbList","@id":"https:\/\/www.koonings.com\/de\/product\/enzoani-blue-collection-reiko\/#breadcrumb","itemListElement":[{"@type":"ListItem","position":1,"name":"Home","item":"https:\/\/www.koonings.com\/de\/"},{"@type":"ListItem","position":2,"name":"Enzoani Blaue Kollektion Reiko"}]},{"@type":"WebSite","@id":"https:\/\/www.koonings.com\/de\/#website","url":"https:\/\/www.koonings.com\/de\/","name":"Koonings","description":"De grootste bruidsmodewinkel ter wereld","publisher":{"@id":"https:\/\/www.koonings.com\/de\/#organization"},"potentialAction":[{"@type":"SearchAction","target":{"@type":"EntryPoint","urlTemplate":"https:\/\/www.koonings.com\/de\/?s={search_term_string}"},"query-input":{"@type":"PropertyValueSpecification","valueRequired":true,"valueName":"search_term_string"}}],"inLanguage":"de"},{"@type":"Organization","@id":"https:\/\/www.koonings.com\/de\/#organization","name":"Koonings","url":"https:\/\/www.koonings.com\/de\/","logo":{"@type":"ImageObject","inLanguage":"de","@id":"https:\/\/www.koonings.com\/de\/#\/schema\/logo\/image\/","url":"https:\/\/www.koonings.com\/wp-content\/uploads\/2024\/07\/logo.png","contentUrl":"https:\/\/www.koonings.com\/wp-content\/uploads\/2024\/07\/logo.png","width":600,"height":428,"caption":"Koonings"},"image":{"@id":"https:\/\/www.koonings.com\/de\/#\/schema\/logo\/image\/"},"sameAs":["https:\/\/www.facebook.com\/kooningstheweddingpalace","https:\/\/www.instagram.com\/kooningstheweddingpalace","https:\/\/www.pinterest.com\/koonings","https:\/\/www.youtube.com\/kooningstheweddingpalace"]}]}},"_links":{"self":[{"href":"https:\/\/www.koonings.com\/de\/wp-json\/wp\/v2\/product\/57374","targetHints":{"allow":["GET"]}}],"collection":[{"href":"https:\/\/www.koonings.com\/de\/wp-json\/wp\/v2\/product"}],"about":[{"href":"https:\/\/www.koonings.com\/de\/wp-json\/wp\/v2\/types\/product"}],"wp:featuredmedia":[{"embeddable":true,"href":"https:\/\/www.koonings.com\/de\/wp-json\/wp\/v2\/media\/37899"}],"wp:attachment":[{"href":"https:\/\/www.koonings.com\/de\/wp-json\/wp\/v2\/media?parent=57374"}],"wp:term":[{"taxonomy":"productdetails","embeddable":true,"href":"https:\/\/www.koonings.com\/de\/wp-json\/wp\/v2\/productdetails?post=57374"},{"taxonomy":"productneck","embeddable":true,"href":"https:\/\/www.koonings.com\/de\/wp-json\/wp\/v2\/productneck?post=57374"},{"taxonomy":"productcolor","embeddable":true,"href":"https:\/\/www.koonings.com\/de\/wp-json\/wp\/v2\/productcolor?post=57374"},{"taxonomy":"maat","embeddable":true,"href":"https:\/\/www.koonings.com\/de\/wp-json\/wp\/v2\/maat?post=57374"},{"taxonomy":"productsupplier","embeddable":true,"href":"https:\/\/www.koonings.com\/de\/wp-json\/wp\/v2\/productsupplier?post=57374"},{"taxonomy":"productsleeve","embeddable":true,"href":"https:\/\/www.koonings.com\/de\/wp-json\/wp\/v2\/productsleeve?post=57374"},{"taxonomy":"productcategory","embeddable":true,"href":"https:\/\/www.koonings.com\/de\/wp-json\/wp\/v2\/productcategory?post=57374"},{"taxonomy":"productsilhouette","embeddable":true,"href":"https:\/\/www.koonings.com\/de\/wp-json\/wp\/v2\/productsilhouette?post=57374"},{"taxonomy":"productstyle","embeddable":true,"href":"https:\/\/www.koonings.com\/de\/wp-json\/wp\/v2\/productstyle?post=57374"}],"curies":[{"name":"wp","href":"https:\/\/api.w.org\/{rel}","templated":true}]}}