{"id":57371,"date":"2026-05-06T15:12:05","date_gmt":"2026-05-06T13:12:05","guid":{"rendered":"https:\/\/www.koonings.com\/product\/elysee-bancroft\/"},"modified":"2026-02-16T14:36:54","modified_gmt":"2026-02-16T13:36:54","slug":"elysee-bancroft","status":"publish","type":"product","link":"https:\/\/www.koonings.com\/de\/product\/elysee-bancroft\/","title":{"rendered":"Elysee Bancroft"},"content":{"rendered":"<p>F\u00fcr unsere minimalistischen Br\u00e4ute ist das Modell Bancroft ein klassisches Mikado-Ballkleid mit einem verf\u00fchrerisch drapierten Mieder mit herzf\u00f6rmigem Ausschnitt, eleganten verdeckten Kn\u00f6pfen, die am R\u00fccken bis zum Saum verlaufen, und einem sexy Rockschlitz f\u00fcr den ultimativen schicken Hochzeitslook. Und das T\u00fcpfelchen auf dem i? Dieses hinrei\u00dfende Kleid ist ein Hochzeitskleid mit Taschen!  <\/p>\n","protected":false},"featured_media":37933,"template":"","meta":{"_acf_changed":false,"ghostkit_customizer_options":"","ghostkit_custom_css":"","ghostkit_custom_js_head":"","ghostkit_custom_js_foot":"","ghostkit_typography":""},"productdetails":[376,378],"productneck":[354,355],"productcolor":[392],"maat":[],"productsupplier":[427],"productsleeve":[],"productcategory":[18],"productsilhouette":[384,388],"productstyle":[369],"class_list":["post-57371","product","type-product","status-publish","has-post-thumbnail","hentry","productdetails-376","productdetails-378","productneck-354","productneck-355","productcolor-392","productsupplier-elysee","productcategory-trouwjurken","productsilhouette-384","productsilhouette-388","productstyle-369"],"acf":[],"yoast_head":"<!-- This site is optimized with the Yoast SEO plugin v27.3 - https:\/\/yoast.com\/product\/yoast-seo-wordpress\/ -->\n<title>Elysee Bancroft | Koonings<\/title>\n<meta name=\"description\" content=\"F\u00fcr unsere minimalistischen Br\u00e4ute ist das Modell Bancroft ein klassisches Mikado-Ballkleid mit einem verf\u00fchrerisch drapierten Mieder mit herzf\u00f6rmigem Ausschnitt, eleganten verdeckten Kn\u00f6pfen, die am R\u00fccken bis zum Saum verlaufen, und einem sexy Rockschlitz f\u00fcr den ultimativen schicken Hochzeitslook. Und das T\u00fcpfelchen auf dem i? Dieses hinrei\u00dfende Kleid ist ein Hochzeitskleid mit Taschen!\" \/>\n<meta name=\"robots\" content=\"index, follow, max-snippet:-1, max-image-preview:large, max-video-preview:-1\" \/>\n<link rel=\"canonical\" href=\"https:\/\/www.koonings.com\/de\/product\/elysee-bancroft\/\" \/>\n<meta property=\"og:locale\" content=\"de_DE\" \/>\n<meta property=\"og:type\" content=\"article\" \/>\n<meta property=\"og:title\" content=\"Elysee Bancroft | Koonings\" \/>\n<meta property=\"og:description\" content=\"F\u00fcr unsere minimalistischen Br\u00e4ute ist das Modell Bancroft ein klassisches Mikado-Ballkleid mit einem verf\u00fchrerisch drapierten Mieder mit herzf\u00f6rmigem Ausschnitt, eleganten verdeckten Kn\u00f6pfen, die am R\u00fccken bis zum Saum verlaufen, und einem sexy Rockschlitz f\u00fcr den ultimativen schicken Hochzeitslook. Und das T\u00fcpfelchen auf dem i? Dieses hinrei\u00dfende Kleid ist ein Hochzeitskleid mit Taschen!\" \/>\n<meta property=\"og:url\" content=\"https:\/\/www.koonings.com\/de\/product\/elysee-bancroft\/\" \/>\n<meta property=\"og:site_name\" content=\"Koonings\" \/>\n<meta property=\"article:publisher\" content=\"https:\/\/www.facebook.com\/kooningstheweddingpalace\" \/>\n<meta property=\"og:image\" content=\"https:\/\/www.koonings.com\/wp-content\/uploads\/2024\/11\/38723_b78432c76a704f2a68f98dc96844a3288358eed1d45f2af578cbb5fe62371440fe431853.jpeg\" \/>\n\t<meta property=\"og:image:width\" content=\"1035\" \/>\n\t<meta property=\"og:image:height\" content=\"1380\" \/>\n\t<meta property=\"og:image:type\" content=\"image\/jpeg\" \/>\n<meta name=\"twitter:card\" content=\"summary_large_image\" \/>\n<script type=\"application\/ld+json\" class=\"yoast-schema-graph\">{\"@context\":\"https:\\\/\\\/schema.org\",\"@graph\":[{\"@type\":\"WebPage\",\"@id\":\"https:\\\/\\\/www.koonings.com\\\/de\\\/product\\\/elysee-bancroft\\\/\",\"url\":\"https:\\\/\\\/www.koonings.com\\\/de\\\/product\\\/elysee-bancroft\\\/\",\"name\":\"Elysee Bancroft | Koonings\",\"isPartOf\":{\"@id\":\"https:\\\/\\\/www.koonings.com\\\/de\\\/#website\"},\"primaryImageOfPage\":{\"@id\":\"https:\\\/\\\/www.koonings.com\\\/de\\\/product\\\/elysee-bancroft\\\/#primaryimage\"},\"image\":{\"@id\":\"https:\\\/\\\/www.koonings.com\\\/de\\\/product\\\/elysee-bancroft\\\/#primaryimage\"},\"thumbnailUrl\":\"https:\\\/\\\/www.koonings.com\\\/wp-content\\\/uploads\\\/2024\\\/11\\\/38723_b78432c76a704f2a68f98dc96844a3288358eed1d45f2af578cbb5fe62371440fe431853.jpeg\",\"datePublished\":\"2026-05-06T13:12:05+00:00\",\"description\":\"F\u00fcr unsere minimalistischen Br\u00e4ute ist das Modell Bancroft ein klassisches Mikado-Ballkleid mit einem verf\u00fchrerisch drapierten Mieder mit herzf\u00f6rmigem Ausschnitt, eleganten verdeckten Kn\u00f6pfen, die am R\u00fccken bis zum Saum verlaufen, und einem sexy Rockschlitz f\u00fcr den ultimativen schicken Hochzeitslook. Und das T\u00fcpfelchen auf dem i? Dieses hinrei\u00dfende Kleid ist ein Hochzeitskleid mit Taschen!\",\"breadcrumb\":{\"@id\":\"https:\\\/\\\/www.koonings.com\\\/de\\\/product\\\/elysee-bancroft\\\/#breadcrumb\"},\"inLanguage\":\"de\",\"potentialAction\":[{\"@type\":\"ReadAction\",\"target\":[\"https:\\\/\\\/www.koonings.com\\\/de\\\/product\\\/elysee-bancroft\\\/\"]}]},{\"@type\":\"ImageObject\",\"inLanguage\":\"de\",\"@id\":\"https:\\\/\\\/www.koonings.com\\\/de\\\/product\\\/elysee-bancroft\\\/#primaryimage\",\"url\":\"https:\\\/\\\/www.koonings.com\\\/wp-content\\\/uploads\\\/2024\\\/11\\\/38723_b78432c76a704f2a68f98dc96844a3288358eed1d45f2af578cbb5fe62371440fe431853.jpeg\",\"contentUrl\":\"https:\\\/\\\/www.koonings.com\\\/wp-content\\\/uploads\\\/2024\\\/11\\\/38723_b78432c76a704f2a68f98dc96844a3288358eed1d45f2af578cbb5fe62371440fe431853.jpeg\",\"width\":1035,\"height\":1380},{\"@type\":\"BreadcrumbList\",\"@id\":\"https:\\\/\\\/www.koonings.com\\\/de\\\/product\\\/elysee-bancroft\\\/#breadcrumb\",\"itemListElement\":[{\"@type\":\"ListItem\",\"position\":1,\"name\":\"Home\",\"item\":\"https:\\\/\\\/www.koonings.com\\\/de\\\/\"},{\"@type\":\"ListItem\",\"position\":2,\"name\":\"Elysee Bancroft\"}]},{\"@type\":\"WebSite\",\"@id\":\"https:\\\/\\\/www.koonings.com\\\/de\\\/#website\",\"url\":\"https:\\\/\\\/www.koonings.com\\\/de\\\/\",\"name\":\"Koonings\",\"description\":\"De grootste bruidsmodewinkel ter wereld\",\"publisher\":{\"@id\":\"https:\\\/\\\/www.koonings.com\\\/de\\\/#organization\"},\"potentialAction\":[{\"@type\":\"SearchAction\",\"target\":{\"@type\":\"EntryPoint\",\"urlTemplate\":\"https:\\\/\\\/www.koonings.com\\\/de\\\/?s={search_term_string}\"},\"query-input\":{\"@type\":\"PropertyValueSpecification\",\"valueRequired\":true,\"valueName\":\"search_term_string\"}}],\"inLanguage\":\"de\"},{\"@type\":\"Organization\",\"@id\":\"https:\\\/\\\/www.koonings.com\\\/de\\\/#organization\",\"name\":\"Koonings\",\"url\":\"https:\\\/\\\/www.koonings.com\\\/de\\\/\",\"logo\":{\"@type\":\"ImageObject\",\"inLanguage\":\"de\",\"@id\":\"https:\\\/\\\/www.koonings.com\\\/de\\\/#\\\/schema\\\/logo\\\/image\\\/\",\"url\":\"https:\\\/\\\/www.koonings.com\\\/wp-content\\\/uploads\\\/2024\\\/07\\\/logo.png\",\"contentUrl\":\"https:\\\/\\\/www.koonings.com\\\/wp-content\\\/uploads\\\/2024\\\/07\\\/logo.png\",\"width\":600,\"height\":428,\"caption\":\"Koonings\"},\"image\":{\"@id\":\"https:\\\/\\\/www.koonings.com\\\/de\\\/#\\\/schema\\\/logo\\\/image\\\/\"},\"sameAs\":[\"https:\\\/\\\/www.facebook.com\\\/kooningstheweddingpalace\",\"https:\\\/\\\/www.instagram.com\\\/kooningstheweddingpalace\",\"https:\\\/\\\/www.pinterest.com\\\/koonings\",\"https:\\\/\\\/www.youtube.com\\\/kooningstheweddingpalace\"]}]}<\/script>\n<!-- \/ Yoast SEO plugin. -->","yoast_head_json":{"title":"Elysee Bancroft | Koonings","description":"F\u00fcr unsere minimalistischen Br\u00e4ute ist das Modell Bancroft ein klassisches Mikado-Ballkleid mit einem verf\u00fchrerisch drapierten Mieder mit herzf\u00f6rmigem Ausschnitt, eleganten verdeckten Kn\u00f6pfen, die am R\u00fccken bis zum Saum verlaufen, und einem sexy Rockschlitz f\u00fcr den ultimativen schicken Hochzeitslook. Und das T\u00fcpfelchen auf dem i? Dieses hinrei\u00dfende Kleid ist ein Hochzeitskleid mit Taschen!","robots":{"index":"index","follow":"follow","max-snippet":"max-snippet:-1","max-image-preview":"max-image-preview:large","max-video-preview":"max-video-preview:-1"},"canonical":"https:\/\/www.koonings.com\/de\/product\/elysee-bancroft\/","og_locale":"de_DE","og_type":"article","og_title":"Elysee Bancroft | Koonings","og_description":"F\u00fcr unsere minimalistischen Br\u00e4ute ist das Modell Bancroft ein klassisches Mikado-Ballkleid mit einem verf\u00fchrerisch drapierten Mieder mit herzf\u00f6rmigem Ausschnitt, eleganten verdeckten Kn\u00f6pfen, die am R\u00fccken bis zum Saum verlaufen, und einem sexy Rockschlitz f\u00fcr den ultimativen schicken Hochzeitslook. Und das T\u00fcpfelchen auf dem i? Dieses hinrei\u00dfende Kleid ist ein Hochzeitskleid mit Taschen!","og_url":"https:\/\/www.koonings.com\/de\/product\/elysee-bancroft\/","og_site_name":"Koonings","article_publisher":"https:\/\/www.facebook.com\/kooningstheweddingpalace","og_image":[{"width":1035,"height":1380,"url":"https:\/\/www.koonings.com\/wp-content\/uploads\/2024\/11\/38723_b78432c76a704f2a68f98dc96844a3288358eed1d45f2af578cbb5fe62371440fe431853.jpeg","type":"image\/jpeg"}],"twitter_card":"summary_large_image","schema":{"@context":"https:\/\/schema.org","@graph":[{"@type":"WebPage","@id":"https:\/\/www.koonings.com\/de\/product\/elysee-bancroft\/","url":"https:\/\/www.koonings.com\/de\/product\/elysee-bancroft\/","name":"Elysee Bancroft | Koonings","isPartOf":{"@id":"https:\/\/www.koonings.com\/de\/#website"},"primaryImageOfPage":{"@id":"https:\/\/www.koonings.com\/de\/product\/elysee-bancroft\/#primaryimage"},"image":{"@id":"https:\/\/www.koonings.com\/de\/product\/elysee-bancroft\/#primaryimage"},"thumbnailUrl":"https:\/\/www.koonings.com\/wp-content\/uploads\/2024\/11\/38723_b78432c76a704f2a68f98dc96844a3288358eed1d45f2af578cbb5fe62371440fe431853.jpeg","datePublished":"2026-05-06T13:12:05+00:00","description":"F\u00fcr unsere minimalistischen Br\u00e4ute ist das Modell Bancroft ein klassisches Mikado-Ballkleid mit einem verf\u00fchrerisch drapierten Mieder mit herzf\u00f6rmigem Ausschnitt, eleganten verdeckten Kn\u00f6pfen, die am R\u00fccken bis zum Saum verlaufen, und einem sexy Rockschlitz f\u00fcr den ultimativen schicken Hochzeitslook. Und das T\u00fcpfelchen auf dem i? Dieses hinrei\u00dfende Kleid ist ein Hochzeitskleid mit Taschen!","breadcrumb":{"@id":"https:\/\/www.koonings.com\/de\/product\/elysee-bancroft\/#breadcrumb"},"inLanguage":"de","potentialAction":[{"@type":"ReadAction","target":["https:\/\/www.koonings.com\/de\/product\/elysee-bancroft\/"]}]},{"@type":"ImageObject","inLanguage":"de","@id":"https:\/\/www.koonings.com\/de\/product\/elysee-bancroft\/#primaryimage","url":"https:\/\/www.koonings.com\/wp-content\/uploads\/2024\/11\/38723_b78432c76a704f2a68f98dc96844a3288358eed1d45f2af578cbb5fe62371440fe431853.jpeg","contentUrl":"https:\/\/www.koonings.com\/wp-content\/uploads\/2024\/11\/38723_b78432c76a704f2a68f98dc96844a3288358eed1d45f2af578cbb5fe62371440fe431853.jpeg","width":1035,"height":1380},{"@type":"BreadcrumbList","@id":"https:\/\/www.koonings.com\/de\/product\/elysee-bancroft\/#breadcrumb","itemListElement":[{"@type":"ListItem","position":1,"name":"Home","item":"https:\/\/www.koonings.com\/de\/"},{"@type":"ListItem","position":2,"name":"Elysee Bancroft"}]},{"@type":"WebSite","@id":"https:\/\/www.koonings.com\/de\/#website","url":"https:\/\/www.koonings.com\/de\/","name":"Koonings","description":"De grootste bruidsmodewinkel ter wereld","publisher":{"@id":"https:\/\/www.koonings.com\/de\/#organization"},"potentialAction":[{"@type":"SearchAction","target":{"@type":"EntryPoint","urlTemplate":"https:\/\/www.koonings.com\/de\/?s={search_term_string}"},"query-input":{"@type":"PropertyValueSpecification","valueRequired":true,"valueName":"search_term_string"}}],"inLanguage":"de"},{"@type":"Organization","@id":"https:\/\/www.koonings.com\/de\/#organization","name":"Koonings","url":"https:\/\/www.koonings.com\/de\/","logo":{"@type":"ImageObject","inLanguage":"de","@id":"https:\/\/www.koonings.com\/de\/#\/schema\/logo\/image\/","url":"https:\/\/www.koonings.com\/wp-content\/uploads\/2024\/07\/logo.png","contentUrl":"https:\/\/www.koonings.com\/wp-content\/uploads\/2024\/07\/logo.png","width":600,"height":428,"caption":"Koonings"},"image":{"@id":"https:\/\/www.koonings.com\/de\/#\/schema\/logo\/image\/"},"sameAs":["https:\/\/www.facebook.com\/kooningstheweddingpalace","https:\/\/www.instagram.com\/kooningstheweddingpalace","https:\/\/www.pinterest.com\/koonings","https:\/\/www.youtube.com\/kooningstheweddingpalace"]}]}},"_links":{"self":[{"href":"https:\/\/www.koonings.com\/de\/wp-json\/wp\/v2\/product\/57371","targetHints":{"allow":["GET"]}}],"collection":[{"href":"https:\/\/www.koonings.com\/de\/wp-json\/wp\/v2\/product"}],"about":[{"href":"https:\/\/www.koonings.com\/de\/wp-json\/wp\/v2\/types\/product"}],"wp:featuredmedia":[{"embeddable":true,"href":"https:\/\/www.koonings.com\/de\/wp-json\/wp\/v2\/media\/37933"}],"wp:attachment":[{"href":"https:\/\/www.koonings.com\/de\/wp-json\/wp\/v2\/media?parent=57371"}],"wp:term":[{"taxonomy":"productdetails","embeddable":true,"href":"https:\/\/www.koonings.com\/de\/wp-json\/wp\/v2\/productdetails?post=57371"},{"taxonomy":"productneck","embeddable":true,"href":"https:\/\/www.koonings.com\/de\/wp-json\/wp\/v2\/productneck?post=57371"},{"taxonomy":"productcolor","embeddable":true,"href":"https:\/\/www.koonings.com\/de\/wp-json\/wp\/v2\/productcolor?post=57371"},{"taxonomy":"maat","embeddable":true,"href":"https:\/\/www.koonings.com\/de\/wp-json\/wp\/v2\/maat?post=57371"},{"taxonomy":"productsupplier","embeddable":true,"href":"https:\/\/www.koonings.com\/de\/wp-json\/wp\/v2\/productsupplier?post=57371"},{"taxonomy":"productsleeve","embeddable":true,"href":"https:\/\/www.koonings.com\/de\/wp-json\/wp\/v2\/productsleeve?post=57371"},{"taxonomy":"productcategory","embeddable":true,"href":"https:\/\/www.koonings.com\/de\/wp-json\/wp\/v2\/productcategory?post=57371"},{"taxonomy":"productsilhouette","embeddable":true,"href":"https:\/\/www.koonings.com\/de\/wp-json\/wp\/v2\/productsilhouette?post=57371"},{"taxonomy":"productstyle","embeddable":true,"href":"https:\/\/www.koonings.com\/de\/wp-json\/wp\/v2\/productstyle?post=57371"}],"curies":[{"name":"wp","href":"https:\/\/api.w.org\/{rel}","templated":true}]}}