{"id":57366,"date":"2026-05-06T15:12:06","date_gmt":"2026-05-06T13:12:06","guid":{"rendered":"https:\/\/www.koonings.com\/product\/elysee-arwen-l\/"},"modified":"2026-02-16T14:37:37","modified_gmt":"2026-02-16T13:37:37","slug":"elysee-arwen-l","status":"publish","type":"product","link":"https:\/\/www.koonings.com\/de\/product\/elysee-arwen-l\/","title":{"rendered":"Elysee Arwen-L"},"content":{"rendered":"<p>Dieses umwerfende Meerjungfrauenkleid mit einem herrlich geschwungenen Ausschnitt und einer wundersch\u00f6nen Korsage mit T\u00fcllband am R\u00fccken hat uns am Hochzeitstag alle romantischen Schmetterlinge im Bauch beschert. Das Modell Arwen besticht durch florale Barockspitze am Mieder, die f\u00fcr einen besonders schmeichelhaften Effekt in eine lineare Spitze \u00fcbergeht. Und das atemberaubende Detail, das Ihre G\u00e4ste verzaubern wird? Diese abnehmbaren, plissierten T\u00fcll\u00e4rmel mit Glockenr\u00fcschen, die weich, vertr\u00e4umt und absolut unvergesslich sind.   <\/p>\n","protected":false},"featured_media":37950,"template":"","meta":{"_acf_changed":false,"ghostkit_customizer_options":"","ghostkit_custom_css":"","ghostkit_custom_js_head":"","ghostkit_custom_js_foot":"","ghostkit_typography":""},"productdetails":[379,376,381],"productneck":[354,355],"productcolor":[393,392],"maat":[],"productsupplier":[427],"productsleeve":[],"productcategory":[18],"productsilhouette":[387],"productstyle":[366,370],"class_list":["post-57366","product","type-product","status-publish","has-post-thumbnail","hentry","productdetails-379","productdetails-376","productdetails-381","productneck-354","productneck-355","productcolor-393","productcolor-392","productsupplier-elysee","productcategory-trouwjurken","productsilhouette-387","productstyle-366","productstyle-370"],"acf":[],"yoast_head":"<!-- This site is optimized with the Yoast SEO plugin v27.3 - https:\/\/yoast.com\/product\/yoast-seo-wordpress\/ -->\n<title>Elysee Arwen-L | Koonings<\/title>\n<meta name=\"description\" content=\"Dieses umwerfende Meerjungfrauenkleid mit einem herrlich geschwungenen Ausschnitt und einer wundersch\u00f6nen Korsage mit T\u00fcllband am R\u00fccken hat uns am Hochzeitstag alle romantischen Schmetterlinge im Bauch beschert. Das Modell Arwen besticht durch florale Barockspitze am Mieder, die f\u00fcr einen besonders schmeichelhaften Effekt in eine lineare Spitze \u00fcbergeht. Und das atemberaubende Detail, das Ihre G\u00e4ste verzaubern wird? Diese abnehmbaren, plissierten T\u00fcll\u00e4rmel mit Glockenr\u00fcschen, die weich, vertr\u00e4umt und absolut unvergesslich sind.\" \/>\n<meta name=\"robots\" content=\"index, follow, max-snippet:-1, max-image-preview:large, max-video-preview:-1\" \/>\n<link rel=\"canonical\" href=\"https:\/\/www.koonings.com\/de\/product\/elysee-arwen-l\/\" \/>\n<meta property=\"og:locale\" content=\"de_DE\" \/>\n<meta property=\"og:type\" content=\"article\" \/>\n<meta property=\"og:title\" content=\"Elysee Arwen-L | Koonings\" \/>\n<meta property=\"og:description\" content=\"Dieses umwerfende Meerjungfrauenkleid mit einem herrlich geschwungenen Ausschnitt und einer wundersch\u00f6nen Korsage mit T\u00fcllband am R\u00fccken hat uns am Hochzeitstag alle romantischen Schmetterlinge im Bauch beschert. Das Modell Arwen besticht durch florale Barockspitze am Mieder, die f\u00fcr einen besonders schmeichelhaften Effekt in eine lineare Spitze \u00fcbergeht. Und das atemberaubende Detail, das Ihre G\u00e4ste verzaubern wird? Diese abnehmbaren, plissierten T\u00fcll\u00e4rmel mit Glockenr\u00fcschen, die weich, vertr\u00e4umt und absolut unvergesslich sind.\" \/>\n<meta property=\"og:url\" content=\"https:\/\/www.koonings.com\/de\/product\/elysee-arwen-l\/\" \/>\n<meta property=\"og:site_name\" content=\"Koonings\" \/>\n<meta property=\"article:publisher\" content=\"https:\/\/www.facebook.com\/kooningstheweddingpalace\" \/>\n<meta property=\"og:image\" content=\"https:\/\/www.koonings.com\/wp-content\/uploads\/2024\/11\/38728_b0e9475950033c44a4a6c1bae302e25ab00398cd394d613696f3e1af1e44a9f95fef75e3.jpeg\" \/>\n\t<meta property=\"og:image:width\" content=\"1035\" \/>\n\t<meta property=\"og:image:height\" content=\"1380\" \/>\n\t<meta property=\"og:image:type\" content=\"image\/jpeg\" \/>\n<meta name=\"twitter:card\" content=\"summary_large_image\" \/>\n<script type=\"application\/ld+json\" class=\"yoast-schema-graph\">{\"@context\":\"https:\\\/\\\/schema.org\",\"@graph\":[{\"@type\":\"WebPage\",\"@id\":\"https:\\\/\\\/www.koonings.com\\\/de\\\/product\\\/elysee-arwen-l\\\/\",\"url\":\"https:\\\/\\\/www.koonings.com\\\/de\\\/product\\\/elysee-arwen-l\\\/\",\"name\":\"Elysee Arwen-L | Koonings\",\"isPartOf\":{\"@id\":\"https:\\\/\\\/www.koonings.com\\\/de\\\/#website\"},\"primaryImageOfPage\":{\"@id\":\"https:\\\/\\\/www.koonings.com\\\/de\\\/product\\\/elysee-arwen-l\\\/#primaryimage\"},\"image\":{\"@id\":\"https:\\\/\\\/www.koonings.com\\\/de\\\/product\\\/elysee-arwen-l\\\/#primaryimage\"},\"thumbnailUrl\":\"https:\\\/\\\/www.koonings.com\\\/wp-content\\\/uploads\\\/2024\\\/11\\\/38728_b0e9475950033c44a4a6c1bae302e25ab00398cd394d613696f3e1af1e44a9f95fef75e3.jpeg\",\"datePublished\":\"2026-05-06T13:12:06+00:00\",\"description\":\"Dieses umwerfende Meerjungfrauenkleid mit einem herrlich geschwungenen Ausschnitt und einer wundersch\u00f6nen Korsage mit T\u00fcllband am R\u00fccken hat uns am Hochzeitstag alle romantischen Schmetterlinge im Bauch beschert. Das Modell Arwen besticht durch florale Barockspitze am Mieder, die f\u00fcr einen besonders schmeichelhaften Effekt in eine lineare Spitze \u00fcbergeht. Und das atemberaubende Detail, das Ihre G\u00e4ste verzaubern wird? Diese abnehmbaren, plissierten T\u00fcll\u00e4rmel mit Glockenr\u00fcschen, die weich, vertr\u00e4umt und absolut unvergesslich sind.\",\"breadcrumb\":{\"@id\":\"https:\\\/\\\/www.koonings.com\\\/de\\\/product\\\/elysee-arwen-l\\\/#breadcrumb\"},\"inLanguage\":\"de\",\"potentialAction\":[{\"@type\":\"ReadAction\",\"target\":[\"https:\\\/\\\/www.koonings.com\\\/de\\\/product\\\/elysee-arwen-l\\\/\"]}]},{\"@type\":\"ImageObject\",\"inLanguage\":\"de\",\"@id\":\"https:\\\/\\\/www.koonings.com\\\/de\\\/product\\\/elysee-arwen-l\\\/#primaryimage\",\"url\":\"https:\\\/\\\/www.koonings.com\\\/wp-content\\\/uploads\\\/2024\\\/11\\\/38728_b0e9475950033c44a4a6c1bae302e25ab00398cd394d613696f3e1af1e44a9f95fef75e3.jpeg\",\"contentUrl\":\"https:\\\/\\\/www.koonings.com\\\/wp-content\\\/uploads\\\/2024\\\/11\\\/38728_b0e9475950033c44a4a6c1bae302e25ab00398cd394d613696f3e1af1e44a9f95fef75e3.jpeg\",\"width\":1035,\"height\":1380},{\"@type\":\"BreadcrumbList\",\"@id\":\"https:\\\/\\\/www.koonings.com\\\/de\\\/product\\\/elysee-arwen-l\\\/#breadcrumb\",\"itemListElement\":[{\"@type\":\"ListItem\",\"position\":1,\"name\":\"Home\",\"item\":\"https:\\\/\\\/www.koonings.com\\\/de\\\/\"},{\"@type\":\"ListItem\",\"position\":2,\"name\":\"Elysee Arwen-L\"}]},{\"@type\":\"WebSite\",\"@id\":\"https:\\\/\\\/www.koonings.com\\\/de\\\/#website\",\"url\":\"https:\\\/\\\/www.koonings.com\\\/de\\\/\",\"name\":\"Koonings\",\"description\":\"De grootste bruidsmodewinkel ter wereld\",\"publisher\":{\"@id\":\"https:\\\/\\\/www.koonings.com\\\/de\\\/#organization\"},\"potentialAction\":[{\"@type\":\"SearchAction\",\"target\":{\"@type\":\"EntryPoint\",\"urlTemplate\":\"https:\\\/\\\/www.koonings.com\\\/de\\\/?s={search_term_string}\"},\"query-input\":{\"@type\":\"PropertyValueSpecification\",\"valueRequired\":true,\"valueName\":\"search_term_string\"}}],\"inLanguage\":\"de\"},{\"@type\":\"Organization\",\"@id\":\"https:\\\/\\\/www.koonings.com\\\/de\\\/#organization\",\"name\":\"Koonings\",\"url\":\"https:\\\/\\\/www.koonings.com\\\/de\\\/\",\"logo\":{\"@type\":\"ImageObject\",\"inLanguage\":\"de\",\"@id\":\"https:\\\/\\\/www.koonings.com\\\/de\\\/#\\\/schema\\\/logo\\\/image\\\/\",\"url\":\"https:\\\/\\\/www.koonings.com\\\/wp-content\\\/uploads\\\/2024\\\/07\\\/logo.png\",\"contentUrl\":\"https:\\\/\\\/www.koonings.com\\\/wp-content\\\/uploads\\\/2024\\\/07\\\/logo.png\",\"width\":600,\"height\":428,\"caption\":\"Koonings\"},\"image\":{\"@id\":\"https:\\\/\\\/www.koonings.com\\\/de\\\/#\\\/schema\\\/logo\\\/image\\\/\"},\"sameAs\":[\"https:\\\/\\\/www.facebook.com\\\/kooningstheweddingpalace\",\"https:\\\/\\\/www.instagram.com\\\/kooningstheweddingpalace\",\"https:\\\/\\\/www.pinterest.com\\\/koonings\",\"https:\\\/\\\/www.youtube.com\\\/kooningstheweddingpalace\"]}]}<\/script>\n<!-- \/ Yoast SEO plugin. -->","yoast_head_json":{"title":"Elysee Arwen-L | Koonings","description":"Dieses umwerfende Meerjungfrauenkleid mit einem herrlich geschwungenen Ausschnitt und einer wundersch\u00f6nen Korsage mit T\u00fcllband am R\u00fccken hat uns am Hochzeitstag alle romantischen Schmetterlinge im Bauch beschert. Das Modell Arwen besticht durch florale Barockspitze am Mieder, die f\u00fcr einen besonders schmeichelhaften Effekt in eine lineare Spitze \u00fcbergeht. Und das atemberaubende Detail, das Ihre G\u00e4ste verzaubern wird? Diese abnehmbaren, plissierten T\u00fcll\u00e4rmel mit Glockenr\u00fcschen, die weich, vertr\u00e4umt und absolut unvergesslich sind.","robots":{"index":"index","follow":"follow","max-snippet":"max-snippet:-1","max-image-preview":"max-image-preview:large","max-video-preview":"max-video-preview:-1"},"canonical":"https:\/\/www.koonings.com\/de\/product\/elysee-arwen-l\/","og_locale":"de_DE","og_type":"article","og_title":"Elysee Arwen-L | Koonings","og_description":"Dieses umwerfende Meerjungfrauenkleid mit einem herrlich geschwungenen Ausschnitt und einer wundersch\u00f6nen Korsage mit T\u00fcllband am R\u00fccken hat uns am Hochzeitstag alle romantischen Schmetterlinge im Bauch beschert. Das Modell Arwen besticht durch florale Barockspitze am Mieder, die f\u00fcr einen besonders schmeichelhaften Effekt in eine lineare Spitze \u00fcbergeht. Und das atemberaubende Detail, das Ihre G\u00e4ste verzaubern wird? Diese abnehmbaren, plissierten T\u00fcll\u00e4rmel mit Glockenr\u00fcschen, die weich, vertr\u00e4umt und absolut unvergesslich sind.","og_url":"https:\/\/www.koonings.com\/de\/product\/elysee-arwen-l\/","og_site_name":"Koonings","article_publisher":"https:\/\/www.facebook.com\/kooningstheweddingpalace","og_image":[{"width":1035,"height":1380,"url":"https:\/\/www.koonings.com\/wp-content\/uploads\/2024\/11\/38728_b0e9475950033c44a4a6c1bae302e25ab00398cd394d613696f3e1af1e44a9f95fef75e3.jpeg","type":"image\/jpeg"}],"twitter_card":"summary_large_image","schema":{"@context":"https:\/\/schema.org","@graph":[{"@type":"WebPage","@id":"https:\/\/www.koonings.com\/de\/product\/elysee-arwen-l\/","url":"https:\/\/www.koonings.com\/de\/product\/elysee-arwen-l\/","name":"Elysee Arwen-L | Koonings","isPartOf":{"@id":"https:\/\/www.koonings.com\/de\/#website"},"primaryImageOfPage":{"@id":"https:\/\/www.koonings.com\/de\/product\/elysee-arwen-l\/#primaryimage"},"image":{"@id":"https:\/\/www.koonings.com\/de\/product\/elysee-arwen-l\/#primaryimage"},"thumbnailUrl":"https:\/\/www.koonings.com\/wp-content\/uploads\/2024\/11\/38728_b0e9475950033c44a4a6c1bae302e25ab00398cd394d613696f3e1af1e44a9f95fef75e3.jpeg","datePublished":"2026-05-06T13:12:06+00:00","description":"Dieses umwerfende Meerjungfrauenkleid mit einem herrlich geschwungenen Ausschnitt und einer wundersch\u00f6nen Korsage mit T\u00fcllband am R\u00fccken hat uns am Hochzeitstag alle romantischen Schmetterlinge im Bauch beschert. Das Modell Arwen besticht durch florale Barockspitze am Mieder, die f\u00fcr einen besonders schmeichelhaften Effekt in eine lineare Spitze \u00fcbergeht. Und das atemberaubende Detail, das Ihre G\u00e4ste verzaubern wird? Diese abnehmbaren, plissierten T\u00fcll\u00e4rmel mit Glockenr\u00fcschen, die weich, vertr\u00e4umt und absolut unvergesslich sind.","breadcrumb":{"@id":"https:\/\/www.koonings.com\/de\/product\/elysee-arwen-l\/#breadcrumb"},"inLanguage":"de","potentialAction":[{"@type":"ReadAction","target":["https:\/\/www.koonings.com\/de\/product\/elysee-arwen-l\/"]}]},{"@type":"ImageObject","inLanguage":"de","@id":"https:\/\/www.koonings.com\/de\/product\/elysee-arwen-l\/#primaryimage","url":"https:\/\/www.koonings.com\/wp-content\/uploads\/2024\/11\/38728_b0e9475950033c44a4a6c1bae302e25ab00398cd394d613696f3e1af1e44a9f95fef75e3.jpeg","contentUrl":"https:\/\/www.koonings.com\/wp-content\/uploads\/2024\/11\/38728_b0e9475950033c44a4a6c1bae302e25ab00398cd394d613696f3e1af1e44a9f95fef75e3.jpeg","width":1035,"height":1380},{"@type":"BreadcrumbList","@id":"https:\/\/www.koonings.com\/de\/product\/elysee-arwen-l\/#breadcrumb","itemListElement":[{"@type":"ListItem","position":1,"name":"Home","item":"https:\/\/www.koonings.com\/de\/"},{"@type":"ListItem","position":2,"name":"Elysee Arwen-L"}]},{"@type":"WebSite","@id":"https:\/\/www.koonings.com\/de\/#website","url":"https:\/\/www.koonings.com\/de\/","name":"Koonings","description":"De grootste bruidsmodewinkel ter wereld","publisher":{"@id":"https:\/\/www.koonings.com\/de\/#organization"},"potentialAction":[{"@type":"SearchAction","target":{"@type":"EntryPoint","urlTemplate":"https:\/\/www.koonings.com\/de\/?s={search_term_string}"},"query-input":{"@type":"PropertyValueSpecification","valueRequired":true,"valueName":"search_term_string"}}],"inLanguage":"de"},{"@type":"Organization","@id":"https:\/\/www.koonings.com\/de\/#organization","name":"Koonings","url":"https:\/\/www.koonings.com\/de\/","logo":{"@type":"ImageObject","inLanguage":"de","@id":"https:\/\/www.koonings.com\/de\/#\/schema\/logo\/image\/","url":"https:\/\/www.koonings.com\/wp-content\/uploads\/2024\/07\/logo.png","contentUrl":"https:\/\/www.koonings.com\/wp-content\/uploads\/2024\/07\/logo.png","width":600,"height":428,"caption":"Koonings"},"image":{"@id":"https:\/\/www.koonings.com\/de\/#\/schema\/logo\/image\/"},"sameAs":["https:\/\/www.facebook.com\/kooningstheweddingpalace","https:\/\/www.instagram.com\/kooningstheweddingpalace","https:\/\/www.pinterest.com\/koonings","https:\/\/www.youtube.com\/kooningstheweddingpalace"]}]}},"_links":{"self":[{"href":"https:\/\/www.koonings.com\/de\/wp-json\/wp\/v2\/product\/57366","targetHints":{"allow":["GET"]}}],"collection":[{"href":"https:\/\/www.koonings.com\/de\/wp-json\/wp\/v2\/product"}],"about":[{"href":"https:\/\/www.koonings.com\/de\/wp-json\/wp\/v2\/types\/product"}],"wp:featuredmedia":[{"embeddable":true,"href":"https:\/\/www.koonings.com\/de\/wp-json\/wp\/v2\/media\/37950"}],"wp:attachment":[{"href":"https:\/\/www.koonings.com\/de\/wp-json\/wp\/v2\/media?parent=57366"}],"wp:term":[{"taxonomy":"productdetails","embeddable":true,"href":"https:\/\/www.koonings.com\/de\/wp-json\/wp\/v2\/productdetails?post=57366"},{"taxonomy":"productneck","embeddable":true,"href":"https:\/\/www.koonings.com\/de\/wp-json\/wp\/v2\/productneck?post=57366"},{"taxonomy":"productcolor","embeddable":true,"href":"https:\/\/www.koonings.com\/de\/wp-json\/wp\/v2\/productcolor?post=57366"},{"taxonomy":"maat","embeddable":true,"href":"https:\/\/www.koonings.com\/de\/wp-json\/wp\/v2\/maat?post=57366"},{"taxonomy":"productsupplier","embeddable":true,"href":"https:\/\/www.koonings.com\/de\/wp-json\/wp\/v2\/productsupplier?post=57366"},{"taxonomy":"productsleeve","embeddable":true,"href":"https:\/\/www.koonings.com\/de\/wp-json\/wp\/v2\/productsleeve?post=57366"},{"taxonomy":"productcategory","embeddable":true,"href":"https:\/\/www.koonings.com\/de\/wp-json\/wp\/v2\/productcategory?post=57366"},{"taxonomy":"productsilhouette","embeddable":true,"href":"https:\/\/www.koonings.com\/de\/wp-json\/wp\/v2\/productsilhouette?post=57366"},{"taxonomy":"productstyle","embeddable":true,"href":"https:\/\/www.koonings.com\/de\/wp-json\/wp\/v2\/productstyle?post=57366"}],"curies":[{"name":"wp","href":"https:\/\/api.w.org\/{rel}","templated":true}]}}