{"id":57350,"date":"2025-03-18T20:08:48","date_gmt":"2025-03-18T19:08:48","guid":{"rendered":"https:\/\/www.koonings.com\/product\/elysee-gaia\/"},"modified":"2026-02-03T18:18:54","modified_gmt":"2026-02-03T17:18:54","slug":"elysee-gaia","status":"publish","type":"product","link":"https:\/\/www.koonings.com\/de\/product\/elysee-gaia\/","title":{"rendered":"Elysee Gaia"},"content":{"rendered":"<p>Dieses \u00e4therische Hochzeitskleid in A-Linie hat einen wundersch\u00f6nen, tiefen V-Ausschnitt mit zarten, perlenbesetzten Tr\u00e4gern, die an der Schulter und am R\u00fccken leicht schimmern. Gaias s\u00fc\u00dfe botanische Spitze mit Pailletten am Mieder geht wundersch\u00f6n in den romantischen Rock aus T\u00fcll, Pailletten-T\u00fcll und Organza mit einer geformten Schleppe \u00fcber und sorgt so f\u00fcr einen bezaubernden Look. <\/p>\n","protected":false},"featured_media":38060,"template":"","meta":{"_acf_changed":false,"ghostkit_customizer_options":"","ghostkit_custom_css":"","ghostkit_custom_js_head":"","ghostkit_custom_js_foot":"","ghostkit_typography":""},"productdetails":[],"productneck":[],"productcolor":[],"maat":[],"productsupplier":[427],"productsleeve":[],"productcategory":[18],"productsilhouette":[],"productstyle":[],"class_list":["post-57350","product","type-product","status-publish","has-post-thumbnail","hentry","productsupplier-elysee","productcategory-trouwjurken"],"acf":[],"yoast_head":"<!-- This site is optimized with the Yoast SEO plugin v27.3 - https:\/\/yoast.com\/product\/yoast-seo-wordpress\/ -->\n<title>Elysee Gaia | Koonings<\/title>\n<meta name=\"description\" content=\"Dieses \u00e4therische Hochzeitskleid in A-Linie hat einen wundersch\u00f6nen, tiefen V-Ausschnitt mit zarten, perlenbesetzten Tr\u00e4gern, die an der Schulter und am R\u00fccken leicht schimmern. Gaias s\u00fc\u00dfe botanische Spitze mit Pailletten am Mieder geht wundersch\u00f6n in den romantischen Rock aus T\u00fcll, Pailletten-T\u00fcll und Organza mit einer geformten Schleppe \u00fcber und sorgt so f\u00fcr einen bezaubernden Look.\" \/>\n<meta name=\"robots\" content=\"index, follow, max-snippet:-1, max-image-preview:large, max-video-preview:-1\" \/>\n<link rel=\"canonical\" href=\"https:\/\/www.koonings.com\/de\/product\/elysee-gaia\/\" \/>\n<meta property=\"og:locale\" content=\"de_DE\" \/>\n<meta property=\"og:type\" content=\"article\" \/>\n<meta property=\"og:title\" content=\"Elysee Gaia | Koonings\" \/>\n<meta property=\"og:description\" content=\"Dieses \u00e4therische Hochzeitskleid in A-Linie hat einen wundersch\u00f6nen, tiefen V-Ausschnitt mit zarten, perlenbesetzten Tr\u00e4gern, die an der Schulter und am R\u00fccken leicht schimmern. Gaias s\u00fc\u00dfe botanische Spitze mit Pailletten am Mieder geht wundersch\u00f6n in den romantischen Rock aus T\u00fcll, Pailletten-T\u00fcll und Organza mit einer geformten Schleppe \u00fcber und sorgt so f\u00fcr einen bezaubernden Look.\" \/>\n<meta property=\"og:url\" content=\"https:\/\/www.koonings.com\/de\/product\/elysee-gaia\/\" \/>\n<meta property=\"og:site_name\" content=\"Koonings\" \/>\n<meta property=\"article:publisher\" content=\"https:\/\/www.facebook.com\/kooningstheweddingpalace\" \/>\n<meta property=\"article:modified_time\" content=\"2026-02-03T17:18:54+00:00\" \/>\n<meta property=\"og:image\" content=\"https:\/\/www.koonings.com\/wp-content\/uploads\/2024\/11\/38744_27c4b53f479c3349efdb411fd473df3b352cf13cd8de7349271a61e297c04feb77d1b1cc.jpeg\" \/>\n\t<meta property=\"og:image:width\" content=\"1035\" \/>\n\t<meta property=\"og:image:height\" content=\"1380\" \/>\n\t<meta property=\"og:image:type\" content=\"image\/jpeg\" \/>\n<meta name=\"twitter:card\" content=\"summary_large_image\" \/>\n<script type=\"application\/ld+json\" class=\"yoast-schema-graph\">{\"@context\":\"https:\\\/\\\/schema.org\",\"@graph\":[{\"@type\":\"WebPage\",\"@id\":\"https:\\\/\\\/www.koonings.com\\\/de\\\/product\\\/elysee-gaia\\\/\",\"url\":\"https:\\\/\\\/www.koonings.com\\\/de\\\/product\\\/elysee-gaia\\\/\",\"name\":\"Elysee Gaia | Koonings\",\"isPartOf\":{\"@id\":\"https:\\\/\\\/www.koonings.com\\\/de\\\/#website\"},\"primaryImageOfPage\":{\"@id\":\"https:\\\/\\\/www.koonings.com\\\/de\\\/product\\\/elysee-gaia\\\/#primaryimage\"},\"image\":{\"@id\":\"https:\\\/\\\/www.koonings.com\\\/de\\\/product\\\/elysee-gaia\\\/#primaryimage\"},\"thumbnailUrl\":\"https:\\\/\\\/www.koonings.com\\\/wp-content\\\/uploads\\\/2024\\\/11\\\/38744_27c4b53f479c3349efdb411fd473df3b352cf13cd8de7349271a61e297c04feb77d1b1cc.jpeg\",\"datePublished\":\"2025-03-18T19:08:48+00:00\",\"dateModified\":\"2026-02-03T17:18:54+00:00\",\"description\":\"Dieses \u00e4therische Hochzeitskleid in A-Linie hat einen wundersch\u00f6nen, tiefen V-Ausschnitt mit zarten, perlenbesetzten Tr\u00e4gern, die an der Schulter und am R\u00fccken leicht schimmern. Gaias s\u00fc\u00dfe botanische Spitze mit Pailletten am Mieder geht wundersch\u00f6n in den romantischen Rock aus T\u00fcll, Pailletten-T\u00fcll und Organza mit einer geformten Schleppe \u00fcber und sorgt so f\u00fcr einen bezaubernden Look.\",\"breadcrumb\":{\"@id\":\"https:\\\/\\\/www.koonings.com\\\/de\\\/product\\\/elysee-gaia\\\/#breadcrumb\"},\"inLanguage\":\"de\",\"potentialAction\":[{\"@type\":\"ReadAction\",\"target\":[\"https:\\\/\\\/www.koonings.com\\\/de\\\/product\\\/elysee-gaia\\\/\"]}]},{\"@type\":\"ImageObject\",\"inLanguage\":\"de\",\"@id\":\"https:\\\/\\\/www.koonings.com\\\/de\\\/product\\\/elysee-gaia\\\/#primaryimage\",\"url\":\"https:\\\/\\\/www.koonings.com\\\/wp-content\\\/uploads\\\/2024\\\/11\\\/38744_27c4b53f479c3349efdb411fd473df3b352cf13cd8de7349271a61e297c04feb77d1b1cc.jpeg\",\"contentUrl\":\"https:\\\/\\\/www.koonings.com\\\/wp-content\\\/uploads\\\/2024\\\/11\\\/38744_27c4b53f479c3349efdb411fd473df3b352cf13cd8de7349271a61e297c04feb77d1b1cc.jpeg\",\"width\":1035,\"height\":1380},{\"@type\":\"BreadcrumbList\",\"@id\":\"https:\\\/\\\/www.koonings.com\\\/de\\\/product\\\/elysee-gaia\\\/#breadcrumb\",\"itemListElement\":[{\"@type\":\"ListItem\",\"position\":1,\"name\":\"Home\",\"item\":\"https:\\\/\\\/www.koonings.com\\\/de\\\/\"},{\"@type\":\"ListItem\",\"position\":2,\"name\":\"Elysee Gaia\"}]},{\"@type\":\"WebSite\",\"@id\":\"https:\\\/\\\/www.koonings.com\\\/de\\\/#website\",\"url\":\"https:\\\/\\\/www.koonings.com\\\/de\\\/\",\"name\":\"Koonings\",\"description\":\"De grootste bruidsmodewinkel ter wereld\",\"publisher\":{\"@id\":\"https:\\\/\\\/www.koonings.com\\\/de\\\/#organization\"},\"potentialAction\":[{\"@type\":\"SearchAction\",\"target\":{\"@type\":\"EntryPoint\",\"urlTemplate\":\"https:\\\/\\\/www.koonings.com\\\/de\\\/?s={search_term_string}\"},\"query-input\":{\"@type\":\"PropertyValueSpecification\",\"valueRequired\":true,\"valueName\":\"search_term_string\"}}],\"inLanguage\":\"de\"},{\"@type\":\"Organization\",\"@id\":\"https:\\\/\\\/www.koonings.com\\\/de\\\/#organization\",\"name\":\"Koonings\",\"url\":\"https:\\\/\\\/www.koonings.com\\\/de\\\/\",\"logo\":{\"@type\":\"ImageObject\",\"inLanguage\":\"de\",\"@id\":\"https:\\\/\\\/www.koonings.com\\\/de\\\/#\\\/schema\\\/logo\\\/image\\\/\",\"url\":\"https:\\\/\\\/www.koonings.com\\\/wp-content\\\/uploads\\\/2024\\\/07\\\/logo.png\",\"contentUrl\":\"https:\\\/\\\/www.koonings.com\\\/wp-content\\\/uploads\\\/2024\\\/07\\\/logo.png\",\"width\":600,\"height\":428,\"caption\":\"Koonings\"},\"image\":{\"@id\":\"https:\\\/\\\/www.koonings.com\\\/de\\\/#\\\/schema\\\/logo\\\/image\\\/\"},\"sameAs\":[\"https:\\\/\\\/www.facebook.com\\\/kooningstheweddingpalace\",\"https:\\\/\\\/www.instagram.com\\\/kooningstheweddingpalace\",\"https:\\\/\\\/www.pinterest.com\\\/koonings\",\"https:\\\/\\\/www.youtube.com\\\/kooningstheweddingpalace\"]}]}<\/script>\n<!-- \/ Yoast SEO plugin. -->","yoast_head_json":{"title":"Elysee Gaia | Koonings","description":"Dieses \u00e4therische Hochzeitskleid in A-Linie hat einen wundersch\u00f6nen, tiefen V-Ausschnitt mit zarten, perlenbesetzten Tr\u00e4gern, die an der Schulter und am R\u00fccken leicht schimmern. Gaias s\u00fc\u00dfe botanische Spitze mit Pailletten am Mieder geht wundersch\u00f6n in den romantischen Rock aus T\u00fcll, Pailletten-T\u00fcll und Organza mit einer geformten Schleppe \u00fcber und sorgt so f\u00fcr einen bezaubernden Look.","robots":{"index":"index","follow":"follow","max-snippet":"max-snippet:-1","max-image-preview":"max-image-preview:large","max-video-preview":"max-video-preview:-1"},"canonical":"https:\/\/www.koonings.com\/de\/product\/elysee-gaia\/","og_locale":"de_DE","og_type":"article","og_title":"Elysee Gaia | Koonings","og_description":"Dieses \u00e4therische Hochzeitskleid in A-Linie hat einen wundersch\u00f6nen, tiefen V-Ausschnitt mit zarten, perlenbesetzten Tr\u00e4gern, die an der Schulter und am R\u00fccken leicht schimmern. Gaias s\u00fc\u00dfe botanische Spitze mit Pailletten am Mieder geht wundersch\u00f6n in den romantischen Rock aus T\u00fcll, Pailletten-T\u00fcll und Organza mit einer geformten Schleppe \u00fcber und sorgt so f\u00fcr einen bezaubernden Look.","og_url":"https:\/\/www.koonings.com\/de\/product\/elysee-gaia\/","og_site_name":"Koonings","article_publisher":"https:\/\/www.facebook.com\/kooningstheweddingpalace","article_modified_time":"2026-02-03T17:18:54+00:00","og_image":[{"width":1035,"height":1380,"url":"https:\/\/www.koonings.com\/wp-content\/uploads\/2024\/11\/38744_27c4b53f479c3349efdb411fd473df3b352cf13cd8de7349271a61e297c04feb77d1b1cc.jpeg","type":"image\/jpeg"}],"twitter_card":"summary_large_image","schema":{"@context":"https:\/\/schema.org","@graph":[{"@type":"WebPage","@id":"https:\/\/www.koonings.com\/de\/product\/elysee-gaia\/","url":"https:\/\/www.koonings.com\/de\/product\/elysee-gaia\/","name":"Elysee Gaia | Koonings","isPartOf":{"@id":"https:\/\/www.koonings.com\/de\/#website"},"primaryImageOfPage":{"@id":"https:\/\/www.koonings.com\/de\/product\/elysee-gaia\/#primaryimage"},"image":{"@id":"https:\/\/www.koonings.com\/de\/product\/elysee-gaia\/#primaryimage"},"thumbnailUrl":"https:\/\/www.koonings.com\/wp-content\/uploads\/2024\/11\/38744_27c4b53f479c3349efdb411fd473df3b352cf13cd8de7349271a61e297c04feb77d1b1cc.jpeg","datePublished":"2025-03-18T19:08:48+00:00","dateModified":"2026-02-03T17:18:54+00:00","description":"Dieses \u00e4therische Hochzeitskleid in A-Linie hat einen wundersch\u00f6nen, tiefen V-Ausschnitt mit zarten, perlenbesetzten Tr\u00e4gern, die an der Schulter und am R\u00fccken leicht schimmern. Gaias s\u00fc\u00dfe botanische Spitze mit Pailletten am Mieder geht wundersch\u00f6n in den romantischen Rock aus T\u00fcll, Pailletten-T\u00fcll und Organza mit einer geformten Schleppe \u00fcber und sorgt so f\u00fcr einen bezaubernden Look.","breadcrumb":{"@id":"https:\/\/www.koonings.com\/de\/product\/elysee-gaia\/#breadcrumb"},"inLanguage":"de","potentialAction":[{"@type":"ReadAction","target":["https:\/\/www.koonings.com\/de\/product\/elysee-gaia\/"]}]},{"@type":"ImageObject","inLanguage":"de","@id":"https:\/\/www.koonings.com\/de\/product\/elysee-gaia\/#primaryimage","url":"https:\/\/www.koonings.com\/wp-content\/uploads\/2024\/11\/38744_27c4b53f479c3349efdb411fd473df3b352cf13cd8de7349271a61e297c04feb77d1b1cc.jpeg","contentUrl":"https:\/\/www.koonings.com\/wp-content\/uploads\/2024\/11\/38744_27c4b53f479c3349efdb411fd473df3b352cf13cd8de7349271a61e297c04feb77d1b1cc.jpeg","width":1035,"height":1380},{"@type":"BreadcrumbList","@id":"https:\/\/www.koonings.com\/de\/product\/elysee-gaia\/#breadcrumb","itemListElement":[{"@type":"ListItem","position":1,"name":"Home","item":"https:\/\/www.koonings.com\/de\/"},{"@type":"ListItem","position":2,"name":"Elysee Gaia"}]},{"@type":"WebSite","@id":"https:\/\/www.koonings.com\/de\/#website","url":"https:\/\/www.koonings.com\/de\/","name":"Koonings","description":"De grootste bruidsmodewinkel ter wereld","publisher":{"@id":"https:\/\/www.koonings.com\/de\/#organization"},"potentialAction":[{"@type":"SearchAction","target":{"@type":"EntryPoint","urlTemplate":"https:\/\/www.koonings.com\/de\/?s={search_term_string}"},"query-input":{"@type":"PropertyValueSpecification","valueRequired":true,"valueName":"search_term_string"}}],"inLanguage":"de"},{"@type":"Organization","@id":"https:\/\/www.koonings.com\/de\/#organization","name":"Koonings","url":"https:\/\/www.koonings.com\/de\/","logo":{"@type":"ImageObject","inLanguage":"de","@id":"https:\/\/www.koonings.com\/de\/#\/schema\/logo\/image\/","url":"https:\/\/www.koonings.com\/wp-content\/uploads\/2024\/07\/logo.png","contentUrl":"https:\/\/www.koonings.com\/wp-content\/uploads\/2024\/07\/logo.png","width":600,"height":428,"caption":"Koonings"},"image":{"@id":"https:\/\/www.koonings.com\/de\/#\/schema\/logo\/image\/"},"sameAs":["https:\/\/www.facebook.com\/kooningstheweddingpalace","https:\/\/www.instagram.com\/kooningstheweddingpalace","https:\/\/www.pinterest.com\/koonings","https:\/\/www.youtube.com\/kooningstheweddingpalace"]}]}},"_links":{"self":[{"href":"https:\/\/www.koonings.com\/de\/wp-json\/wp\/v2\/product\/57350","targetHints":{"allow":["GET"]}}],"collection":[{"href":"https:\/\/www.koonings.com\/de\/wp-json\/wp\/v2\/product"}],"about":[{"href":"https:\/\/www.koonings.com\/de\/wp-json\/wp\/v2\/types\/product"}],"wp:featuredmedia":[{"embeddable":true,"href":"https:\/\/www.koonings.com\/de\/wp-json\/wp\/v2\/media\/38060"}],"wp:attachment":[{"href":"https:\/\/www.koonings.com\/de\/wp-json\/wp\/v2\/media?parent=57350"}],"wp:term":[{"taxonomy":"productdetails","embeddable":true,"href":"https:\/\/www.koonings.com\/de\/wp-json\/wp\/v2\/productdetails?post=57350"},{"taxonomy":"productneck","embeddable":true,"href":"https:\/\/www.koonings.com\/de\/wp-json\/wp\/v2\/productneck?post=57350"},{"taxonomy":"productcolor","embeddable":true,"href":"https:\/\/www.koonings.com\/de\/wp-json\/wp\/v2\/productcolor?post=57350"},{"taxonomy":"maat","embeddable":true,"href":"https:\/\/www.koonings.com\/de\/wp-json\/wp\/v2\/maat?post=57350"},{"taxonomy":"productsupplier","embeddable":true,"href":"https:\/\/www.koonings.com\/de\/wp-json\/wp\/v2\/productsupplier?post=57350"},{"taxonomy":"productsleeve","embeddable":true,"href":"https:\/\/www.koonings.com\/de\/wp-json\/wp\/v2\/productsleeve?post=57350"},{"taxonomy":"productcategory","embeddable":true,"href":"https:\/\/www.koonings.com\/de\/wp-json\/wp\/v2\/productcategory?post=57350"},{"taxonomy":"productsilhouette","embeddable":true,"href":"https:\/\/www.koonings.com\/de\/wp-json\/wp\/v2\/productsilhouette?post=57350"},{"taxonomy":"productstyle","embeddable":true,"href":"https:\/\/www.koonings.com\/de\/wp-json\/wp\/v2\/productstyle?post=57350"}],"curies":[{"name":"wp","href":"https:\/\/api.w.org\/{rel}","templated":true}]}}