{"id":57307,"date":"2026-05-06T15:12:12","date_gmt":"2026-05-06T13:12:12","guid":{"rendered":"https:\/\/www.koonings.com\/product\/cymbeline-sublime\/"},"modified":"2026-02-16T14:37:15","modified_gmt":"2026-02-16T13:37:15","slug":"cymbeline-sublime","status":"publish","type":"product","link":"https:\/\/www.koonings.com\/de\/product\/cymbeline-sublime\/","title":{"rendered":"Cymbeline Erhabenheit"},"content":{"rendered":"<p>Cymbeline ist bekannt f\u00fcr seine raffinierten und romantischen Brautkleider mit Pariser Charme, die sich durch Eleganz und Weiblichkeit auszeichnen. F\u00fcr die Entw\u00fcrfe werden oft luxuri\u00f6se Materialien wie Spitze und T\u00fcll verwendet und mit bezaubernden Details wie Blumen und Schleifen verziert. <\/p>\n","protected":false},"featured_media":38354,"template":"","meta":{"_acf_changed":false,"ghostkit_customizer_options":"","ghostkit_custom_css":"","ghostkit_custom_js_head":"","ghostkit_custom_js_foot":"","ghostkit_typography":""},"productdetails":[380,381],"productneck":[356],"productcolor":[392],"maat":[],"productsupplier":[435],"productsleeve":[359],"productcategory":[18],"productsilhouette":[384,388],"productstyle":[],"class_list":["post-57307","product","type-product","status-publish","has-post-thumbnail","hentry","productdetails-380","productdetails-381","productneck-356","productcolor-392","productsupplier-cymbeline","productsleeve-359","productcategory-trouwjurken","productsilhouette-384","productsilhouette-388"],"acf":[],"yoast_head":"<!-- This site is optimized with the Yoast SEO plugin v27.3 - https:\/\/yoast.com\/product\/yoast-seo-wordpress\/ -->\n<title>Cymbeline Erhabenheit | Koonings<\/title>\n<meta name=\"description\" content=\"Cymbeline ist bekannt f\u00fcr seine raffinierten und romantischen Brautkleider mit Pariser Charme, die sich durch Eleganz und Weiblichkeit auszeichnen. F\u00fcr die Entw\u00fcrfe werden oft luxuri\u00f6se Materialien wie Spitze und T\u00fcll verwendet und mit bezaubernden Details wie Blumen und Schleifen verziert.\" \/>\n<meta name=\"robots\" content=\"index, follow, max-snippet:-1, max-image-preview:large, max-video-preview:-1\" \/>\n<link rel=\"canonical\" href=\"https:\/\/www.koonings.com\/de\/product\/cymbeline-sublime\/\" \/>\n<meta property=\"og:locale\" content=\"de_DE\" \/>\n<meta property=\"og:type\" content=\"article\" \/>\n<meta property=\"og:title\" content=\"Cymbeline Erhabenheit | Koonings\" \/>\n<meta property=\"og:description\" content=\"Cymbeline ist bekannt f\u00fcr seine raffinierten und romantischen Brautkleider mit Pariser Charme, die sich durch Eleganz und Weiblichkeit auszeichnen. F\u00fcr die Entw\u00fcrfe werden oft luxuri\u00f6se Materialien wie Spitze und T\u00fcll verwendet und mit bezaubernden Details wie Blumen und Schleifen verziert.\" \/>\n<meta property=\"og:url\" content=\"https:\/\/www.koonings.com\/de\/product\/cymbeline-sublime\/\" \/>\n<meta property=\"og:site_name\" content=\"Koonings\" \/>\n<meta property=\"article:publisher\" content=\"https:\/\/www.facebook.com\/kooningstheweddingpalace\" \/>\n<meta property=\"og:image\" content=\"https:\/\/www.koonings.com\/wp-content\/uploads\/2024\/11\/38777_7fe897cc0dbaf1501ae4ee1c57b6b1d1a780ea182ba5c96907d8437169bedcb6b7961e17.jpeg\" \/>\n\t<meta property=\"og:image:width\" content=\"1156\" \/>\n\t<meta property=\"og:image:height\" content=\"1632\" \/>\n\t<meta property=\"og:image:type\" content=\"image\/jpeg\" \/>\n<meta name=\"twitter:card\" content=\"summary_large_image\" \/>\n<script type=\"application\/ld+json\" class=\"yoast-schema-graph\">{\"@context\":\"https:\\\/\\\/schema.org\",\"@graph\":[{\"@type\":\"WebPage\",\"@id\":\"https:\\\/\\\/www.koonings.com\\\/de\\\/product\\\/cymbeline-sublime\\\/\",\"url\":\"https:\\\/\\\/www.koonings.com\\\/de\\\/product\\\/cymbeline-sublime\\\/\",\"name\":\"Cymbeline Erhabenheit | Koonings\",\"isPartOf\":{\"@id\":\"https:\\\/\\\/www.koonings.com\\\/de\\\/#website\"},\"primaryImageOfPage\":{\"@id\":\"https:\\\/\\\/www.koonings.com\\\/de\\\/product\\\/cymbeline-sublime\\\/#primaryimage\"},\"image\":{\"@id\":\"https:\\\/\\\/www.koonings.com\\\/de\\\/product\\\/cymbeline-sublime\\\/#primaryimage\"},\"thumbnailUrl\":\"https:\\\/\\\/www.koonings.com\\\/wp-content\\\/uploads\\\/2024\\\/11\\\/38777_7fe897cc0dbaf1501ae4ee1c57b6b1d1a780ea182ba5c96907d8437169bedcb6b7961e17.jpeg\",\"datePublished\":\"2026-05-06T13:12:12+00:00\",\"description\":\"Cymbeline ist bekannt f\u00fcr seine raffinierten und romantischen Brautkleider mit Pariser Charme, die sich durch Eleganz und Weiblichkeit auszeichnen. F\u00fcr die Entw\u00fcrfe werden oft luxuri\u00f6se Materialien wie Spitze und T\u00fcll verwendet und mit bezaubernden Details wie Blumen und Schleifen verziert.\",\"breadcrumb\":{\"@id\":\"https:\\\/\\\/www.koonings.com\\\/de\\\/product\\\/cymbeline-sublime\\\/#breadcrumb\"},\"inLanguage\":\"de\",\"potentialAction\":[{\"@type\":\"ReadAction\",\"target\":[\"https:\\\/\\\/www.koonings.com\\\/de\\\/product\\\/cymbeline-sublime\\\/\"]}]},{\"@type\":\"ImageObject\",\"inLanguage\":\"de\",\"@id\":\"https:\\\/\\\/www.koonings.com\\\/de\\\/product\\\/cymbeline-sublime\\\/#primaryimage\",\"url\":\"https:\\\/\\\/www.koonings.com\\\/wp-content\\\/uploads\\\/2024\\\/11\\\/38777_7fe897cc0dbaf1501ae4ee1c57b6b1d1a780ea182ba5c96907d8437169bedcb6b7961e17.jpeg\",\"contentUrl\":\"https:\\\/\\\/www.koonings.com\\\/wp-content\\\/uploads\\\/2024\\\/11\\\/38777_7fe897cc0dbaf1501ae4ee1c57b6b1d1a780ea182ba5c96907d8437169bedcb6b7961e17.jpeg\",\"width\":1156,\"height\":1632},{\"@type\":\"BreadcrumbList\",\"@id\":\"https:\\\/\\\/www.koonings.com\\\/de\\\/product\\\/cymbeline-sublime\\\/#breadcrumb\",\"itemListElement\":[{\"@type\":\"ListItem\",\"position\":1,\"name\":\"Home\",\"item\":\"https:\\\/\\\/www.koonings.com\\\/de\\\/\"},{\"@type\":\"ListItem\",\"position\":2,\"name\":\"Cymbeline Erhabenheit\"}]},{\"@type\":\"WebSite\",\"@id\":\"https:\\\/\\\/www.koonings.com\\\/de\\\/#website\",\"url\":\"https:\\\/\\\/www.koonings.com\\\/de\\\/\",\"name\":\"Koonings\",\"description\":\"De grootste bruidsmodewinkel ter wereld\",\"publisher\":{\"@id\":\"https:\\\/\\\/www.koonings.com\\\/de\\\/#organization\"},\"potentialAction\":[{\"@type\":\"SearchAction\",\"target\":{\"@type\":\"EntryPoint\",\"urlTemplate\":\"https:\\\/\\\/www.koonings.com\\\/de\\\/?s={search_term_string}\"},\"query-input\":{\"@type\":\"PropertyValueSpecification\",\"valueRequired\":true,\"valueName\":\"search_term_string\"}}],\"inLanguage\":\"de\"},{\"@type\":\"Organization\",\"@id\":\"https:\\\/\\\/www.koonings.com\\\/de\\\/#organization\",\"name\":\"Koonings\",\"url\":\"https:\\\/\\\/www.koonings.com\\\/de\\\/\",\"logo\":{\"@type\":\"ImageObject\",\"inLanguage\":\"de\",\"@id\":\"https:\\\/\\\/www.koonings.com\\\/de\\\/#\\\/schema\\\/logo\\\/image\\\/\",\"url\":\"https:\\\/\\\/www.koonings.com\\\/wp-content\\\/uploads\\\/2024\\\/07\\\/logo.png\",\"contentUrl\":\"https:\\\/\\\/www.koonings.com\\\/wp-content\\\/uploads\\\/2024\\\/07\\\/logo.png\",\"width\":600,\"height\":428,\"caption\":\"Koonings\"},\"image\":{\"@id\":\"https:\\\/\\\/www.koonings.com\\\/de\\\/#\\\/schema\\\/logo\\\/image\\\/\"},\"sameAs\":[\"https:\\\/\\\/www.facebook.com\\\/kooningstheweddingpalace\",\"https:\\\/\\\/www.instagram.com\\\/kooningstheweddingpalace\",\"https:\\\/\\\/www.pinterest.com\\\/koonings\",\"https:\\\/\\\/www.youtube.com\\\/kooningstheweddingpalace\"]}]}<\/script>\n<!-- \/ Yoast SEO plugin. -->","yoast_head_json":{"title":"Cymbeline Erhabenheit | Koonings","description":"Cymbeline ist bekannt f\u00fcr seine raffinierten und romantischen Brautkleider mit Pariser Charme, die sich durch Eleganz und Weiblichkeit auszeichnen. F\u00fcr die Entw\u00fcrfe werden oft luxuri\u00f6se Materialien wie Spitze und T\u00fcll verwendet und mit bezaubernden Details wie Blumen und Schleifen verziert.","robots":{"index":"index","follow":"follow","max-snippet":"max-snippet:-1","max-image-preview":"max-image-preview:large","max-video-preview":"max-video-preview:-1"},"canonical":"https:\/\/www.koonings.com\/de\/product\/cymbeline-sublime\/","og_locale":"de_DE","og_type":"article","og_title":"Cymbeline Erhabenheit | Koonings","og_description":"Cymbeline ist bekannt f\u00fcr seine raffinierten und romantischen Brautkleider mit Pariser Charme, die sich durch Eleganz und Weiblichkeit auszeichnen. F\u00fcr die Entw\u00fcrfe werden oft luxuri\u00f6se Materialien wie Spitze und T\u00fcll verwendet und mit bezaubernden Details wie Blumen und Schleifen verziert.","og_url":"https:\/\/www.koonings.com\/de\/product\/cymbeline-sublime\/","og_site_name":"Koonings","article_publisher":"https:\/\/www.facebook.com\/kooningstheweddingpalace","og_image":[{"width":1156,"height":1632,"url":"https:\/\/www.koonings.com\/wp-content\/uploads\/2024\/11\/38777_7fe897cc0dbaf1501ae4ee1c57b6b1d1a780ea182ba5c96907d8437169bedcb6b7961e17.jpeg","type":"image\/jpeg"}],"twitter_card":"summary_large_image","schema":{"@context":"https:\/\/schema.org","@graph":[{"@type":"WebPage","@id":"https:\/\/www.koonings.com\/de\/product\/cymbeline-sublime\/","url":"https:\/\/www.koonings.com\/de\/product\/cymbeline-sublime\/","name":"Cymbeline Erhabenheit | Koonings","isPartOf":{"@id":"https:\/\/www.koonings.com\/de\/#website"},"primaryImageOfPage":{"@id":"https:\/\/www.koonings.com\/de\/product\/cymbeline-sublime\/#primaryimage"},"image":{"@id":"https:\/\/www.koonings.com\/de\/product\/cymbeline-sublime\/#primaryimage"},"thumbnailUrl":"https:\/\/www.koonings.com\/wp-content\/uploads\/2024\/11\/38777_7fe897cc0dbaf1501ae4ee1c57b6b1d1a780ea182ba5c96907d8437169bedcb6b7961e17.jpeg","datePublished":"2026-05-06T13:12:12+00:00","description":"Cymbeline ist bekannt f\u00fcr seine raffinierten und romantischen Brautkleider mit Pariser Charme, die sich durch Eleganz und Weiblichkeit auszeichnen. F\u00fcr die Entw\u00fcrfe werden oft luxuri\u00f6se Materialien wie Spitze und T\u00fcll verwendet und mit bezaubernden Details wie Blumen und Schleifen verziert.","breadcrumb":{"@id":"https:\/\/www.koonings.com\/de\/product\/cymbeline-sublime\/#breadcrumb"},"inLanguage":"de","potentialAction":[{"@type":"ReadAction","target":["https:\/\/www.koonings.com\/de\/product\/cymbeline-sublime\/"]}]},{"@type":"ImageObject","inLanguage":"de","@id":"https:\/\/www.koonings.com\/de\/product\/cymbeline-sublime\/#primaryimage","url":"https:\/\/www.koonings.com\/wp-content\/uploads\/2024\/11\/38777_7fe897cc0dbaf1501ae4ee1c57b6b1d1a780ea182ba5c96907d8437169bedcb6b7961e17.jpeg","contentUrl":"https:\/\/www.koonings.com\/wp-content\/uploads\/2024\/11\/38777_7fe897cc0dbaf1501ae4ee1c57b6b1d1a780ea182ba5c96907d8437169bedcb6b7961e17.jpeg","width":1156,"height":1632},{"@type":"BreadcrumbList","@id":"https:\/\/www.koonings.com\/de\/product\/cymbeline-sublime\/#breadcrumb","itemListElement":[{"@type":"ListItem","position":1,"name":"Home","item":"https:\/\/www.koonings.com\/de\/"},{"@type":"ListItem","position":2,"name":"Cymbeline Erhabenheit"}]},{"@type":"WebSite","@id":"https:\/\/www.koonings.com\/de\/#website","url":"https:\/\/www.koonings.com\/de\/","name":"Koonings","description":"De grootste bruidsmodewinkel ter wereld","publisher":{"@id":"https:\/\/www.koonings.com\/de\/#organization"},"potentialAction":[{"@type":"SearchAction","target":{"@type":"EntryPoint","urlTemplate":"https:\/\/www.koonings.com\/de\/?s={search_term_string}"},"query-input":{"@type":"PropertyValueSpecification","valueRequired":true,"valueName":"search_term_string"}}],"inLanguage":"de"},{"@type":"Organization","@id":"https:\/\/www.koonings.com\/de\/#organization","name":"Koonings","url":"https:\/\/www.koonings.com\/de\/","logo":{"@type":"ImageObject","inLanguage":"de","@id":"https:\/\/www.koonings.com\/de\/#\/schema\/logo\/image\/","url":"https:\/\/www.koonings.com\/wp-content\/uploads\/2024\/07\/logo.png","contentUrl":"https:\/\/www.koonings.com\/wp-content\/uploads\/2024\/07\/logo.png","width":600,"height":428,"caption":"Koonings"},"image":{"@id":"https:\/\/www.koonings.com\/de\/#\/schema\/logo\/image\/"},"sameAs":["https:\/\/www.facebook.com\/kooningstheweddingpalace","https:\/\/www.instagram.com\/kooningstheweddingpalace","https:\/\/www.pinterest.com\/koonings","https:\/\/www.youtube.com\/kooningstheweddingpalace"]}]}},"_links":{"self":[{"href":"https:\/\/www.koonings.com\/de\/wp-json\/wp\/v2\/product\/57307","targetHints":{"allow":["GET"]}}],"collection":[{"href":"https:\/\/www.koonings.com\/de\/wp-json\/wp\/v2\/product"}],"about":[{"href":"https:\/\/www.koonings.com\/de\/wp-json\/wp\/v2\/types\/product"}],"wp:featuredmedia":[{"embeddable":true,"href":"https:\/\/www.koonings.com\/de\/wp-json\/wp\/v2\/media\/38354"}],"wp:attachment":[{"href":"https:\/\/www.koonings.com\/de\/wp-json\/wp\/v2\/media?parent=57307"}],"wp:term":[{"taxonomy":"productdetails","embeddable":true,"href":"https:\/\/www.koonings.com\/de\/wp-json\/wp\/v2\/productdetails?post=57307"},{"taxonomy":"productneck","embeddable":true,"href":"https:\/\/www.koonings.com\/de\/wp-json\/wp\/v2\/productneck?post=57307"},{"taxonomy":"productcolor","embeddable":true,"href":"https:\/\/www.koonings.com\/de\/wp-json\/wp\/v2\/productcolor?post=57307"},{"taxonomy":"maat","embeddable":true,"href":"https:\/\/www.koonings.com\/de\/wp-json\/wp\/v2\/maat?post=57307"},{"taxonomy":"productsupplier","embeddable":true,"href":"https:\/\/www.koonings.com\/de\/wp-json\/wp\/v2\/productsupplier?post=57307"},{"taxonomy":"productsleeve","embeddable":true,"href":"https:\/\/www.koonings.com\/de\/wp-json\/wp\/v2\/productsleeve?post=57307"},{"taxonomy":"productcategory","embeddable":true,"href":"https:\/\/www.koonings.com\/de\/wp-json\/wp\/v2\/productcategory?post=57307"},{"taxonomy":"productsilhouette","embeddable":true,"href":"https:\/\/www.koonings.com\/de\/wp-json\/wp\/v2\/productsilhouette?post=57307"},{"taxonomy":"productstyle","embeddable":true,"href":"https:\/\/www.koonings.com\/de\/wp-json\/wp\/v2\/productstyle?post=57307"}],"curies":[{"name":"wp","href":"https:\/\/api.w.org\/{rel}","templated":true}]}}