{"id":57300,"date":"2026-04-14T16:12:34","date_gmt":"2026-04-14T14:12:34","guid":{"rendered":"https:\/\/www.koonings.com\/product\/jesus-peiro-2421a\/"},"modified":"2026-02-16T14:37:17","modified_gmt":"2026-02-16T13:37:17","slug":"jesus-peiro-2421a","status":"publish","type":"product","link":"https:\/\/www.koonings.com\/de\/product\/jesus-peiro-2421a\/","title":{"rendered":"Jesus Peiro 2421A"},"content":{"rendered":"<p>Wundersch\u00f6nes S\u00e4ulenkleid aus Krepp mit einer Kombination aus dreieckigen Elementen. Ein Hochzeitskleid von Jesus Peiro erkennen Sie an seiner Schlichtheit und Eleganz und in der neuesten Kollektion scheint dies wieder einmal die perfekte Grundlage f\u00fcr eine Vielzahl einzigartiger Schmuckst\u00fccke von Hochzeitskleidern gewesen zu sein! Sind Sie eine zuk\u00fcnftige Braut, die Eleganz und Stil zu sch\u00e4tzen wei\u00df, die allen Trends weit voraus ist und die es liebt, mit Traditionen zu brechen, indem sie sich f\u00fcr Exzentrik entscheidet, die das Beste in Ihrer Pers\u00f6nlichkeit zum Vorschein bringt?  <\/p>\n","protected":false},"featured_media":38417,"template":"","meta":{"_acf_changed":false,"ghostkit_customizer_options":"","ghostkit_custom_css":"","ghostkit_custom_js_head":"","ghostkit_custom_js_foot":"","ghostkit_typography":""},"productdetails":[],"productneck":[356],"productcolor":[392],"maat":[],"productsupplier":[408],"productsleeve":[360],"productcategory":[18],"productsilhouette":[384,389],"productstyle":[],"class_list":["post-57300","product","type-product","status-publish","has-post-thumbnail","hentry","productneck-356","productcolor-392","productsupplier-jesus-peiro","productsleeve-360","productcategory-trouwjurken","productsilhouette-384","productsilhouette-389"],"acf":[],"yoast_head":"<!-- This site is optimized with the Yoast SEO plugin v27.3 - https:\/\/yoast.com\/product\/yoast-seo-wordpress\/ -->\n<title>Jesus Peiro 2421A | Koonings<\/title>\n<meta name=\"description\" content=\"Wundersch\u00f6nes S\u00e4ulenkleid aus Krepp mit einer Kombination aus dreieckigen Elementen. Ein Hochzeitskleid von Jesus Peiro erkennen Sie an seiner Schlichtheit und Eleganz und in der neuesten Kollektion scheint dies wieder einmal die perfekte Grundlage f\u00fcr eine Vielzahl einzigartiger Schmuckst\u00fccke von Hochzeitskleidern gewesen zu sein! Sind Sie eine zuk\u00fcnftige Braut, die Eleganz und Stil zu sch\u00e4tzen wei\u00df, die allen Trends weit voraus ist und die es liebt, mit Traditionen zu brechen, indem sie sich f\u00fcr Exzentrik entscheidet, die das Beste in Ihrer Pers\u00f6nlichkeit zum Vorschein bringt?\" \/>\n<meta name=\"robots\" content=\"index, follow, max-snippet:-1, max-image-preview:large, max-video-preview:-1\" \/>\n<link rel=\"canonical\" href=\"https:\/\/www.koonings.com\/de\/product\/jesus-peiro-2421a\/\" \/>\n<meta property=\"og:locale\" content=\"de_DE\" \/>\n<meta property=\"og:type\" content=\"article\" \/>\n<meta property=\"og:title\" content=\"Jesus Peiro 2421A | Koonings\" \/>\n<meta property=\"og:description\" content=\"Wundersch\u00f6nes S\u00e4ulenkleid aus Krepp mit einer Kombination aus dreieckigen Elementen. Ein Hochzeitskleid von Jesus Peiro erkennen Sie an seiner Schlichtheit und Eleganz und in der neuesten Kollektion scheint dies wieder einmal die perfekte Grundlage f\u00fcr eine Vielzahl einzigartiger Schmuckst\u00fccke von Hochzeitskleidern gewesen zu sein! Sind Sie eine zuk\u00fcnftige Braut, die Eleganz und Stil zu sch\u00e4tzen wei\u00df, die allen Trends weit voraus ist und die es liebt, mit Traditionen zu brechen, indem sie sich f\u00fcr Exzentrik entscheidet, die das Beste in Ihrer Pers\u00f6nlichkeit zum Vorschein bringt?\" \/>\n<meta property=\"og:url\" content=\"https:\/\/www.koonings.com\/de\/product\/jesus-peiro-2421a\/\" \/>\n<meta property=\"og:site_name\" content=\"Koonings\" \/>\n<meta property=\"article:publisher\" content=\"https:\/\/www.facebook.com\/kooningstheweddingpalace\" \/>\n<meta property=\"og:image\" content=\"https:\/\/www.koonings.com\/wp-content\/uploads\/2024\/11\/38784_3da3959b07384e8f020af25e3a2612da78be5ee4b09ba3abaf97a840683ea48b1b9df3fd-scaled.jpeg\" \/>\n\t<meta property=\"og:image:width\" content=\"1808\" \/>\n\t<meta property=\"og:image:height\" content=\"2560\" \/>\n\t<meta property=\"og:image:type\" content=\"image\/jpeg\" \/>\n<meta name=\"twitter:card\" content=\"summary_large_image\" \/>\n<script type=\"application\/ld+json\" class=\"yoast-schema-graph\">{\"@context\":\"https:\\\/\\\/schema.org\",\"@graph\":[{\"@type\":\"WebPage\",\"@id\":\"https:\\\/\\\/www.koonings.com\\\/de\\\/product\\\/jesus-peiro-2421a\\\/\",\"url\":\"https:\\\/\\\/www.koonings.com\\\/de\\\/product\\\/jesus-peiro-2421a\\\/\",\"name\":\"Jesus Peiro 2421A | Koonings\",\"isPartOf\":{\"@id\":\"https:\\\/\\\/www.koonings.com\\\/de\\\/#website\"},\"primaryImageOfPage\":{\"@id\":\"https:\\\/\\\/www.koonings.com\\\/de\\\/product\\\/jesus-peiro-2421a\\\/#primaryimage\"},\"image\":{\"@id\":\"https:\\\/\\\/www.koonings.com\\\/de\\\/product\\\/jesus-peiro-2421a\\\/#primaryimage\"},\"thumbnailUrl\":\"https:\\\/\\\/www.koonings.com\\\/wp-content\\\/uploads\\\/2024\\\/11\\\/38784_3da3959b07384e8f020af25e3a2612da78be5ee4b09ba3abaf97a840683ea48b1b9df3fd-scaled.jpeg\",\"datePublished\":\"2026-04-14T14:12:34+00:00\",\"description\":\"Wundersch\u00f6nes S\u00e4ulenkleid aus Krepp mit einer Kombination aus dreieckigen Elementen. Ein Hochzeitskleid von Jesus Peiro erkennen Sie an seiner Schlichtheit und Eleganz und in der neuesten Kollektion scheint dies wieder einmal die perfekte Grundlage f\u00fcr eine Vielzahl einzigartiger Schmuckst\u00fccke von Hochzeitskleidern gewesen zu sein! Sind Sie eine zuk\u00fcnftige Braut, die Eleganz und Stil zu sch\u00e4tzen wei\u00df, die allen Trends weit voraus ist und die es liebt, mit Traditionen zu brechen, indem sie sich f\u00fcr Exzentrik entscheidet, die das Beste in Ihrer Pers\u00f6nlichkeit zum Vorschein bringt?\",\"breadcrumb\":{\"@id\":\"https:\\\/\\\/www.koonings.com\\\/de\\\/product\\\/jesus-peiro-2421a\\\/#breadcrumb\"},\"inLanguage\":\"de\",\"potentialAction\":[{\"@type\":\"ReadAction\",\"target\":[\"https:\\\/\\\/www.koonings.com\\\/de\\\/product\\\/jesus-peiro-2421a\\\/\"]}]},{\"@type\":\"ImageObject\",\"inLanguage\":\"de\",\"@id\":\"https:\\\/\\\/www.koonings.com\\\/de\\\/product\\\/jesus-peiro-2421a\\\/#primaryimage\",\"url\":\"https:\\\/\\\/www.koonings.com\\\/wp-content\\\/uploads\\\/2024\\\/11\\\/38784_3da3959b07384e8f020af25e3a2612da78be5ee4b09ba3abaf97a840683ea48b1b9df3fd-scaled.jpeg\",\"contentUrl\":\"https:\\\/\\\/www.koonings.com\\\/wp-content\\\/uploads\\\/2024\\\/11\\\/38784_3da3959b07384e8f020af25e3a2612da78be5ee4b09ba3abaf97a840683ea48b1b9df3fd-scaled.jpeg\",\"width\":1808,\"height\":2560},{\"@type\":\"BreadcrumbList\",\"@id\":\"https:\\\/\\\/www.koonings.com\\\/de\\\/product\\\/jesus-peiro-2421a\\\/#breadcrumb\",\"itemListElement\":[{\"@type\":\"ListItem\",\"position\":1,\"name\":\"Home\",\"item\":\"https:\\\/\\\/www.koonings.com\\\/de\\\/\"},{\"@type\":\"ListItem\",\"position\":2,\"name\":\"Jesus Peiro 2421A\"}]},{\"@type\":\"WebSite\",\"@id\":\"https:\\\/\\\/www.koonings.com\\\/de\\\/#website\",\"url\":\"https:\\\/\\\/www.koonings.com\\\/de\\\/\",\"name\":\"Koonings\",\"description\":\"De grootste bruidsmodewinkel ter wereld\",\"publisher\":{\"@id\":\"https:\\\/\\\/www.koonings.com\\\/de\\\/#organization\"},\"potentialAction\":[{\"@type\":\"SearchAction\",\"target\":{\"@type\":\"EntryPoint\",\"urlTemplate\":\"https:\\\/\\\/www.koonings.com\\\/de\\\/?s={search_term_string}\"},\"query-input\":{\"@type\":\"PropertyValueSpecification\",\"valueRequired\":true,\"valueName\":\"search_term_string\"}}],\"inLanguage\":\"de\"},{\"@type\":\"Organization\",\"@id\":\"https:\\\/\\\/www.koonings.com\\\/de\\\/#organization\",\"name\":\"Koonings\",\"url\":\"https:\\\/\\\/www.koonings.com\\\/de\\\/\",\"logo\":{\"@type\":\"ImageObject\",\"inLanguage\":\"de\",\"@id\":\"https:\\\/\\\/www.koonings.com\\\/de\\\/#\\\/schema\\\/logo\\\/image\\\/\",\"url\":\"https:\\\/\\\/www.koonings.com\\\/wp-content\\\/uploads\\\/2024\\\/07\\\/logo.png\",\"contentUrl\":\"https:\\\/\\\/www.koonings.com\\\/wp-content\\\/uploads\\\/2024\\\/07\\\/logo.png\",\"width\":600,\"height\":428,\"caption\":\"Koonings\"},\"image\":{\"@id\":\"https:\\\/\\\/www.koonings.com\\\/de\\\/#\\\/schema\\\/logo\\\/image\\\/\"},\"sameAs\":[\"https:\\\/\\\/www.facebook.com\\\/kooningstheweddingpalace\",\"https:\\\/\\\/www.instagram.com\\\/kooningstheweddingpalace\",\"https:\\\/\\\/www.pinterest.com\\\/koonings\",\"https:\\\/\\\/www.youtube.com\\\/kooningstheweddingpalace\"]}]}<\/script>\n<!-- \/ Yoast SEO plugin. -->","yoast_head_json":{"title":"Jesus Peiro 2421A | Koonings","description":"Wundersch\u00f6nes S\u00e4ulenkleid aus Krepp mit einer Kombination aus dreieckigen Elementen. Ein Hochzeitskleid von Jesus Peiro erkennen Sie an seiner Schlichtheit und Eleganz und in der neuesten Kollektion scheint dies wieder einmal die perfekte Grundlage f\u00fcr eine Vielzahl einzigartiger Schmuckst\u00fccke von Hochzeitskleidern gewesen zu sein! Sind Sie eine zuk\u00fcnftige Braut, die Eleganz und Stil zu sch\u00e4tzen wei\u00df, die allen Trends weit voraus ist und die es liebt, mit Traditionen zu brechen, indem sie sich f\u00fcr Exzentrik entscheidet, die das Beste in Ihrer Pers\u00f6nlichkeit zum Vorschein bringt?","robots":{"index":"index","follow":"follow","max-snippet":"max-snippet:-1","max-image-preview":"max-image-preview:large","max-video-preview":"max-video-preview:-1"},"canonical":"https:\/\/www.koonings.com\/de\/product\/jesus-peiro-2421a\/","og_locale":"de_DE","og_type":"article","og_title":"Jesus Peiro 2421A | Koonings","og_description":"Wundersch\u00f6nes S\u00e4ulenkleid aus Krepp mit einer Kombination aus dreieckigen Elementen. Ein Hochzeitskleid von Jesus Peiro erkennen Sie an seiner Schlichtheit und Eleganz und in der neuesten Kollektion scheint dies wieder einmal die perfekte Grundlage f\u00fcr eine Vielzahl einzigartiger Schmuckst\u00fccke von Hochzeitskleidern gewesen zu sein! Sind Sie eine zuk\u00fcnftige Braut, die Eleganz und Stil zu sch\u00e4tzen wei\u00df, die allen Trends weit voraus ist und die es liebt, mit Traditionen zu brechen, indem sie sich f\u00fcr Exzentrik entscheidet, die das Beste in Ihrer Pers\u00f6nlichkeit zum Vorschein bringt?","og_url":"https:\/\/www.koonings.com\/de\/product\/jesus-peiro-2421a\/","og_site_name":"Koonings","article_publisher":"https:\/\/www.facebook.com\/kooningstheweddingpalace","og_image":[{"width":1808,"height":2560,"url":"https:\/\/www.koonings.com\/wp-content\/uploads\/2024\/11\/38784_3da3959b07384e8f020af25e3a2612da78be5ee4b09ba3abaf97a840683ea48b1b9df3fd-scaled.jpeg","type":"image\/jpeg"}],"twitter_card":"summary_large_image","schema":{"@context":"https:\/\/schema.org","@graph":[{"@type":"WebPage","@id":"https:\/\/www.koonings.com\/de\/product\/jesus-peiro-2421a\/","url":"https:\/\/www.koonings.com\/de\/product\/jesus-peiro-2421a\/","name":"Jesus Peiro 2421A | Koonings","isPartOf":{"@id":"https:\/\/www.koonings.com\/de\/#website"},"primaryImageOfPage":{"@id":"https:\/\/www.koonings.com\/de\/product\/jesus-peiro-2421a\/#primaryimage"},"image":{"@id":"https:\/\/www.koonings.com\/de\/product\/jesus-peiro-2421a\/#primaryimage"},"thumbnailUrl":"https:\/\/www.koonings.com\/wp-content\/uploads\/2024\/11\/38784_3da3959b07384e8f020af25e3a2612da78be5ee4b09ba3abaf97a840683ea48b1b9df3fd-scaled.jpeg","datePublished":"2026-04-14T14:12:34+00:00","description":"Wundersch\u00f6nes S\u00e4ulenkleid aus Krepp mit einer Kombination aus dreieckigen Elementen. Ein Hochzeitskleid von Jesus Peiro erkennen Sie an seiner Schlichtheit und Eleganz und in der neuesten Kollektion scheint dies wieder einmal die perfekte Grundlage f\u00fcr eine Vielzahl einzigartiger Schmuckst\u00fccke von Hochzeitskleidern gewesen zu sein! Sind Sie eine zuk\u00fcnftige Braut, die Eleganz und Stil zu sch\u00e4tzen wei\u00df, die allen Trends weit voraus ist und die es liebt, mit Traditionen zu brechen, indem sie sich f\u00fcr Exzentrik entscheidet, die das Beste in Ihrer Pers\u00f6nlichkeit zum Vorschein bringt?","breadcrumb":{"@id":"https:\/\/www.koonings.com\/de\/product\/jesus-peiro-2421a\/#breadcrumb"},"inLanguage":"de","potentialAction":[{"@type":"ReadAction","target":["https:\/\/www.koonings.com\/de\/product\/jesus-peiro-2421a\/"]}]},{"@type":"ImageObject","inLanguage":"de","@id":"https:\/\/www.koonings.com\/de\/product\/jesus-peiro-2421a\/#primaryimage","url":"https:\/\/www.koonings.com\/wp-content\/uploads\/2024\/11\/38784_3da3959b07384e8f020af25e3a2612da78be5ee4b09ba3abaf97a840683ea48b1b9df3fd-scaled.jpeg","contentUrl":"https:\/\/www.koonings.com\/wp-content\/uploads\/2024\/11\/38784_3da3959b07384e8f020af25e3a2612da78be5ee4b09ba3abaf97a840683ea48b1b9df3fd-scaled.jpeg","width":1808,"height":2560},{"@type":"BreadcrumbList","@id":"https:\/\/www.koonings.com\/de\/product\/jesus-peiro-2421a\/#breadcrumb","itemListElement":[{"@type":"ListItem","position":1,"name":"Home","item":"https:\/\/www.koonings.com\/de\/"},{"@type":"ListItem","position":2,"name":"Jesus Peiro 2421A"}]},{"@type":"WebSite","@id":"https:\/\/www.koonings.com\/de\/#website","url":"https:\/\/www.koonings.com\/de\/","name":"Koonings","description":"De grootste bruidsmodewinkel ter wereld","publisher":{"@id":"https:\/\/www.koonings.com\/de\/#organization"},"potentialAction":[{"@type":"SearchAction","target":{"@type":"EntryPoint","urlTemplate":"https:\/\/www.koonings.com\/de\/?s={search_term_string}"},"query-input":{"@type":"PropertyValueSpecification","valueRequired":true,"valueName":"search_term_string"}}],"inLanguage":"de"},{"@type":"Organization","@id":"https:\/\/www.koonings.com\/de\/#organization","name":"Koonings","url":"https:\/\/www.koonings.com\/de\/","logo":{"@type":"ImageObject","inLanguage":"de","@id":"https:\/\/www.koonings.com\/de\/#\/schema\/logo\/image\/","url":"https:\/\/www.koonings.com\/wp-content\/uploads\/2024\/07\/logo.png","contentUrl":"https:\/\/www.koonings.com\/wp-content\/uploads\/2024\/07\/logo.png","width":600,"height":428,"caption":"Koonings"},"image":{"@id":"https:\/\/www.koonings.com\/de\/#\/schema\/logo\/image\/"},"sameAs":["https:\/\/www.facebook.com\/kooningstheweddingpalace","https:\/\/www.instagram.com\/kooningstheweddingpalace","https:\/\/www.pinterest.com\/koonings","https:\/\/www.youtube.com\/kooningstheweddingpalace"]}]}},"_links":{"self":[{"href":"https:\/\/www.koonings.com\/de\/wp-json\/wp\/v2\/product\/57300","targetHints":{"allow":["GET"]}}],"collection":[{"href":"https:\/\/www.koonings.com\/de\/wp-json\/wp\/v2\/product"}],"about":[{"href":"https:\/\/www.koonings.com\/de\/wp-json\/wp\/v2\/types\/product"}],"wp:featuredmedia":[{"embeddable":true,"href":"https:\/\/www.koonings.com\/de\/wp-json\/wp\/v2\/media\/38417"}],"wp:attachment":[{"href":"https:\/\/www.koonings.com\/de\/wp-json\/wp\/v2\/media?parent=57300"}],"wp:term":[{"taxonomy":"productdetails","embeddable":true,"href":"https:\/\/www.koonings.com\/de\/wp-json\/wp\/v2\/productdetails?post=57300"},{"taxonomy":"productneck","embeddable":true,"href":"https:\/\/www.koonings.com\/de\/wp-json\/wp\/v2\/productneck?post=57300"},{"taxonomy":"productcolor","embeddable":true,"href":"https:\/\/www.koonings.com\/de\/wp-json\/wp\/v2\/productcolor?post=57300"},{"taxonomy":"maat","embeddable":true,"href":"https:\/\/www.koonings.com\/de\/wp-json\/wp\/v2\/maat?post=57300"},{"taxonomy":"productsupplier","embeddable":true,"href":"https:\/\/www.koonings.com\/de\/wp-json\/wp\/v2\/productsupplier?post=57300"},{"taxonomy":"productsleeve","embeddable":true,"href":"https:\/\/www.koonings.com\/de\/wp-json\/wp\/v2\/productsleeve?post=57300"},{"taxonomy":"productcategory","embeddable":true,"href":"https:\/\/www.koonings.com\/de\/wp-json\/wp\/v2\/productcategory?post=57300"},{"taxonomy":"productsilhouette","embeddable":true,"href":"https:\/\/www.koonings.com\/de\/wp-json\/wp\/v2\/productsilhouette?post=57300"},{"taxonomy":"productstyle","embeddable":true,"href":"https:\/\/www.koonings.com\/de\/wp-json\/wp\/v2\/productstyle?post=57300"}],"curies":[{"name":"wp","href":"https:\/\/api.w.org\/{rel}","templated":true}]}}