{"id":57287,"date":"2026-04-28T18:12:08","date_gmt":"2026-04-28T16:12:08","guid":{"rendered":"https:\/\/www.koonings.com\/product\/enzoani-blue-collection-roberta\/"},"modified":"2026-02-16T14:37:21","modified_gmt":"2026-02-16T13:37:21","slug":"enzoani-blue-collection-roberta","status":"publish","type":"product","link":"https:\/\/www.koonings.com\/de\/product\/enzoani-blue-collection-roberta\/","title":{"rendered":"Enzoani Blau Kollektion Roberta"},"content":{"rendered":"<p>Ein aufsehenerregender Stil f\u00fcr Ihren gro\u00dfen Tag. Modell Roberta zieht mit ihrem tiefen V-Ausschnitt und dem schimmernden T\u00fcll mit Pailletten alle Blicke auf sich. Die bemerkenswerte botanische Spitze mit Perlen, kombiniert mit bestickter floraler Spitze, schafft eine bezaubernde Textur und einen Look, der wirklich hypnotisch ist. Der moderne Illusions-V-Ausschnitt schlie\u00dft am R\u00fccken wundersch\u00f6n ab, w\u00e4hrend die Spitze in eine sch\u00f6ne, flie\u00dfende Schleppe \u00fcbergeht.  <\/p>\n","protected":false},"featured_media":38461,"template":"","meta":{"_acf_changed":false,"ghostkit_customizer_options":"","ghostkit_custom_css":"","ghostkit_custom_js_head":"","ghostkit_custom_js_foot":"","ghostkit_typography":""},"productdetails":[379,380,376],"productneck":[356],"productcolor":[392],"maat":[],"productsupplier":[405],"productsleeve":[359],"productcategory":[18],"productsilhouette":[387],"productstyle":[371],"class_list":["post-57287","product","type-product","status-publish","has-post-thumbnail","hentry","productdetails-379","productdetails-380","productdetails-376","productneck-356","productcolor-392","productsupplier-enzoani-blue-collection","productsleeve-359","productcategory-trouwjurken","productsilhouette-387","productstyle-371"],"acf":[],"yoast_head":"<!-- This site is optimized with the Yoast SEO plugin v27.3 - https:\/\/yoast.com\/product\/yoast-seo-wordpress\/ -->\n<title>Enzoani Blau Kollektion Roberta | Koonings<\/title>\n<meta name=\"description\" content=\"Ein aufsehenerregender Stil f\u00fcr Ihren gro\u00dfen Tag. Modell Roberta zieht mit ihrem tiefen V-Ausschnitt und dem schimmernden T\u00fcll mit Pailletten alle Blicke auf sich. Die bemerkenswerte botanische Spitze mit Perlen, kombiniert mit bestickter floraler Spitze, schafft eine bezaubernde Textur und einen Look, der wirklich hypnotisch ist. Der moderne Illusions-V-Ausschnitt schlie\u00dft am R\u00fccken wundersch\u00f6n ab, w\u00e4hrend die Spitze in eine sch\u00f6ne, flie\u00dfende Schleppe \u00fcbergeht.\" \/>\n<meta name=\"robots\" content=\"index, follow, max-snippet:-1, max-image-preview:large, max-video-preview:-1\" \/>\n<link rel=\"canonical\" href=\"https:\/\/www.koonings.com\/de\/product\/enzoani-blue-collection-roberta\/\" \/>\n<meta property=\"og:locale\" content=\"de_DE\" \/>\n<meta property=\"og:type\" content=\"article\" \/>\n<meta property=\"og:title\" content=\"Enzoani Blau Kollektion Roberta | Koonings\" \/>\n<meta property=\"og:description\" content=\"Ein aufsehenerregender Stil f\u00fcr Ihren gro\u00dfen Tag. Modell Roberta zieht mit ihrem tiefen V-Ausschnitt und dem schimmernden T\u00fcll mit Pailletten alle Blicke auf sich. Die bemerkenswerte botanische Spitze mit Perlen, kombiniert mit bestickter floraler Spitze, schafft eine bezaubernde Textur und einen Look, der wirklich hypnotisch ist. Der moderne Illusions-V-Ausschnitt schlie\u00dft am R\u00fccken wundersch\u00f6n ab, w\u00e4hrend die Spitze in eine sch\u00f6ne, flie\u00dfende Schleppe \u00fcbergeht.\" \/>\n<meta property=\"og:url\" content=\"https:\/\/www.koonings.com\/de\/product\/enzoani-blue-collection-roberta\/\" \/>\n<meta property=\"og:site_name\" content=\"Koonings\" \/>\n<meta property=\"article:publisher\" content=\"https:\/\/www.facebook.com\/kooningstheweddingpalace\" \/>\n<meta property=\"og:image\" content=\"https:\/\/www.koonings.com\/wp-content\/uploads\/2024\/11\/38822_58a4b118cf158ab042894b0253db6bb9e65dbb73931658b401fdb14408a7e732dfad1d9e.jpeg\" \/>\n\t<meta property=\"og:image:width\" content=\"1035\" \/>\n\t<meta property=\"og:image:height\" content=\"1380\" \/>\n\t<meta property=\"og:image:type\" content=\"image\/jpeg\" \/>\n<meta name=\"twitter:card\" content=\"summary_large_image\" \/>\n<script type=\"application\/ld+json\" class=\"yoast-schema-graph\">{\"@context\":\"https:\\\/\\\/schema.org\",\"@graph\":[{\"@type\":\"WebPage\",\"@id\":\"https:\\\/\\\/www.koonings.com\\\/de\\\/product\\\/enzoani-blue-collection-roberta\\\/\",\"url\":\"https:\\\/\\\/www.koonings.com\\\/de\\\/product\\\/enzoani-blue-collection-roberta\\\/\",\"name\":\"Enzoani Blau Kollektion Roberta | Koonings\",\"isPartOf\":{\"@id\":\"https:\\\/\\\/www.koonings.com\\\/de\\\/#website\"},\"primaryImageOfPage\":{\"@id\":\"https:\\\/\\\/www.koonings.com\\\/de\\\/product\\\/enzoani-blue-collection-roberta\\\/#primaryimage\"},\"image\":{\"@id\":\"https:\\\/\\\/www.koonings.com\\\/de\\\/product\\\/enzoani-blue-collection-roberta\\\/#primaryimage\"},\"thumbnailUrl\":\"https:\\\/\\\/www.koonings.com\\\/wp-content\\\/uploads\\\/2024\\\/11\\\/38822_58a4b118cf158ab042894b0253db6bb9e65dbb73931658b401fdb14408a7e732dfad1d9e.jpeg\",\"datePublished\":\"2026-04-28T16:12:08+00:00\",\"description\":\"Ein aufsehenerregender Stil f\u00fcr Ihren gro\u00dfen Tag. Modell Roberta zieht mit ihrem tiefen V-Ausschnitt und dem schimmernden T\u00fcll mit Pailletten alle Blicke auf sich. Die bemerkenswerte botanische Spitze mit Perlen, kombiniert mit bestickter floraler Spitze, schafft eine bezaubernde Textur und einen Look, der wirklich hypnotisch ist. Der moderne Illusions-V-Ausschnitt schlie\u00dft am R\u00fccken wundersch\u00f6n ab, w\u00e4hrend die Spitze in eine sch\u00f6ne, flie\u00dfende Schleppe \u00fcbergeht.\",\"breadcrumb\":{\"@id\":\"https:\\\/\\\/www.koonings.com\\\/de\\\/product\\\/enzoani-blue-collection-roberta\\\/#breadcrumb\"},\"inLanguage\":\"de\",\"potentialAction\":[{\"@type\":\"ReadAction\",\"target\":[\"https:\\\/\\\/www.koonings.com\\\/de\\\/product\\\/enzoani-blue-collection-roberta\\\/\"]}]},{\"@type\":\"ImageObject\",\"inLanguage\":\"de\",\"@id\":\"https:\\\/\\\/www.koonings.com\\\/de\\\/product\\\/enzoani-blue-collection-roberta\\\/#primaryimage\",\"url\":\"https:\\\/\\\/www.koonings.com\\\/wp-content\\\/uploads\\\/2024\\\/11\\\/38822_58a4b118cf158ab042894b0253db6bb9e65dbb73931658b401fdb14408a7e732dfad1d9e.jpeg\",\"contentUrl\":\"https:\\\/\\\/www.koonings.com\\\/wp-content\\\/uploads\\\/2024\\\/11\\\/38822_58a4b118cf158ab042894b0253db6bb9e65dbb73931658b401fdb14408a7e732dfad1d9e.jpeg\",\"width\":1035,\"height\":1380},{\"@type\":\"BreadcrumbList\",\"@id\":\"https:\\\/\\\/www.koonings.com\\\/de\\\/product\\\/enzoani-blue-collection-roberta\\\/#breadcrumb\",\"itemListElement\":[{\"@type\":\"ListItem\",\"position\":1,\"name\":\"Home\",\"item\":\"https:\\\/\\\/www.koonings.com\\\/de\\\/\"},{\"@type\":\"ListItem\",\"position\":2,\"name\":\"Enzoani Blau Kollektion Roberta\"}]},{\"@type\":\"WebSite\",\"@id\":\"https:\\\/\\\/www.koonings.com\\\/de\\\/#website\",\"url\":\"https:\\\/\\\/www.koonings.com\\\/de\\\/\",\"name\":\"Koonings\",\"description\":\"De grootste bruidsmodewinkel ter wereld\",\"publisher\":{\"@id\":\"https:\\\/\\\/www.koonings.com\\\/de\\\/#organization\"},\"potentialAction\":[{\"@type\":\"SearchAction\",\"target\":{\"@type\":\"EntryPoint\",\"urlTemplate\":\"https:\\\/\\\/www.koonings.com\\\/de\\\/?s={search_term_string}\"},\"query-input\":{\"@type\":\"PropertyValueSpecification\",\"valueRequired\":true,\"valueName\":\"search_term_string\"}}],\"inLanguage\":\"de\"},{\"@type\":\"Organization\",\"@id\":\"https:\\\/\\\/www.koonings.com\\\/de\\\/#organization\",\"name\":\"Koonings\",\"url\":\"https:\\\/\\\/www.koonings.com\\\/de\\\/\",\"logo\":{\"@type\":\"ImageObject\",\"inLanguage\":\"de\",\"@id\":\"https:\\\/\\\/www.koonings.com\\\/de\\\/#\\\/schema\\\/logo\\\/image\\\/\",\"url\":\"https:\\\/\\\/www.koonings.com\\\/wp-content\\\/uploads\\\/2024\\\/07\\\/logo.png\",\"contentUrl\":\"https:\\\/\\\/www.koonings.com\\\/wp-content\\\/uploads\\\/2024\\\/07\\\/logo.png\",\"width\":600,\"height\":428,\"caption\":\"Koonings\"},\"image\":{\"@id\":\"https:\\\/\\\/www.koonings.com\\\/de\\\/#\\\/schema\\\/logo\\\/image\\\/\"},\"sameAs\":[\"https:\\\/\\\/www.facebook.com\\\/kooningstheweddingpalace\",\"https:\\\/\\\/www.instagram.com\\\/kooningstheweddingpalace\",\"https:\\\/\\\/www.pinterest.com\\\/koonings\",\"https:\\\/\\\/www.youtube.com\\\/kooningstheweddingpalace\"]}]}<\/script>\n<!-- \/ Yoast SEO plugin. -->","yoast_head_json":{"title":"Enzoani Blau Kollektion Roberta | Koonings","description":"Ein aufsehenerregender Stil f\u00fcr Ihren gro\u00dfen Tag. Modell Roberta zieht mit ihrem tiefen V-Ausschnitt und dem schimmernden T\u00fcll mit Pailletten alle Blicke auf sich. Die bemerkenswerte botanische Spitze mit Perlen, kombiniert mit bestickter floraler Spitze, schafft eine bezaubernde Textur und einen Look, der wirklich hypnotisch ist. Der moderne Illusions-V-Ausschnitt schlie\u00dft am R\u00fccken wundersch\u00f6n ab, w\u00e4hrend die Spitze in eine sch\u00f6ne, flie\u00dfende Schleppe \u00fcbergeht.","robots":{"index":"index","follow":"follow","max-snippet":"max-snippet:-1","max-image-preview":"max-image-preview:large","max-video-preview":"max-video-preview:-1"},"canonical":"https:\/\/www.koonings.com\/de\/product\/enzoani-blue-collection-roberta\/","og_locale":"de_DE","og_type":"article","og_title":"Enzoani Blau Kollektion Roberta | Koonings","og_description":"Ein aufsehenerregender Stil f\u00fcr Ihren gro\u00dfen Tag. Modell Roberta zieht mit ihrem tiefen V-Ausschnitt und dem schimmernden T\u00fcll mit Pailletten alle Blicke auf sich. Die bemerkenswerte botanische Spitze mit Perlen, kombiniert mit bestickter floraler Spitze, schafft eine bezaubernde Textur und einen Look, der wirklich hypnotisch ist. Der moderne Illusions-V-Ausschnitt schlie\u00dft am R\u00fccken wundersch\u00f6n ab, w\u00e4hrend die Spitze in eine sch\u00f6ne, flie\u00dfende Schleppe \u00fcbergeht.","og_url":"https:\/\/www.koonings.com\/de\/product\/enzoani-blue-collection-roberta\/","og_site_name":"Koonings","article_publisher":"https:\/\/www.facebook.com\/kooningstheweddingpalace","og_image":[{"width":1035,"height":1380,"url":"https:\/\/www.koonings.com\/wp-content\/uploads\/2024\/11\/38822_58a4b118cf158ab042894b0253db6bb9e65dbb73931658b401fdb14408a7e732dfad1d9e.jpeg","type":"image\/jpeg"}],"twitter_card":"summary_large_image","schema":{"@context":"https:\/\/schema.org","@graph":[{"@type":"WebPage","@id":"https:\/\/www.koonings.com\/de\/product\/enzoani-blue-collection-roberta\/","url":"https:\/\/www.koonings.com\/de\/product\/enzoani-blue-collection-roberta\/","name":"Enzoani Blau Kollektion Roberta | Koonings","isPartOf":{"@id":"https:\/\/www.koonings.com\/de\/#website"},"primaryImageOfPage":{"@id":"https:\/\/www.koonings.com\/de\/product\/enzoani-blue-collection-roberta\/#primaryimage"},"image":{"@id":"https:\/\/www.koonings.com\/de\/product\/enzoani-blue-collection-roberta\/#primaryimage"},"thumbnailUrl":"https:\/\/www.koonings.com\/wp-content\/uploads\/2024\/11\/38822_58a4b118cf158ab042894b0253db6bb9e65dbb73931658b401fdb14408a7e732dfad1d9e.jpeg","datePublished":"2026-04-28T16:12:08+00:00","description":"Ein aufsehenerregender Stil f\u00fcr Ihren gro\u00dfen Tag. Modell Roberta zieht mit ihrem tiefen V-Ausschnitt und dem schimmernden T\u00fcll mit Pailletten alle Blicke auf sich. Die bemerkenswerte botanische Spitze mit Perlen, kombiniert mit bestickter floraler Spitze, schafft eine bezaubernde Textur und einen Look, der wirklich hypnotisch ist. Der moderne Illusions-V-Ausschnitt schlie\u00dft am R\u00fccken wundersch\u00f6n ab, w\u00e4hrend die Spitze in eine sch\u00f6ne, flie\u00dfende Schleppe \u00fcbergeht.","breadcrumb":{"@id":"https:\/\/www.koonings.com\/de\/product\/enzoani-blue-collection-roberta\/#breadcrumb"},"inLanguage":"de","potentialAction":[{"@type":"ReadAction","target":["https:\/\/www.koonings.com\/de\/product\/enzoani-blue-collection-roberta\/"]}]},{"@type":"ImageObject","inLanguage":"de","@id":"https:\/\/www.koonings.com\/de\/product\/enzoani-blue-collection-roberta\/#primaryimage","url":"https:\/\/www.koonings.com\/wp-content\/uploads\/2024\/11\/38822_58a4b118cf158ab042894b0253db6bb9e65dbb73931658b401fdb14408a7e732dfad1d9e.jpeg","contentUrl":"https:\/\/www.koonings.com\/wp-content\/uploads\/2024\/11\/38822_58a4b118cf158ab042894b0253db6bb9e65dbb73931658b401fdb14408a7e732dfad1d9e.jpeg","width":1035,"height":1380},{"@type":"BreadcrumbList","@id":"https:\/\/www.koonings.com\/de\/product\/enzoani-blue-collection-roberta\/#breadcrumb","itemListElement":[{"@type":"ListItem","position":1,"name":"Home","item":"https:\/\/www.koonings.com\/de\/"},{"@type":"ListItem","position":2,"name":"Enzoani Blau Kollektion Roberta"}]},{"@type":"WebSite","@id":"https:\/\/www.koonings.com\/de\/#website","url":"https:\/\/www.koonings.com\/de\/","name":"Koonings","description":"De grootste bruidsmodewinkel ter wereld","publisher":{"@id":"https:\/\/www.koonings.com\/de\/#organization"},"potentialAction":[{"@type":"SearchAction","target":{"@type":"EntryPoint","urlTemplate":"https:\/\/www.koonings.com\/de\/?s={search_term_string}"},"query-input":{"@type":"PropertyValueSpecification","valueRequired":true,"valueName":"search_term_string"}}],"inLanguage":"de"},{"@type":"Organization","@id":"https:\/\/www.koonings.com\/de\/#organization","name":"Koonings","url":"https:\/\/www.koonings.com\/de\/","logo":{"@type":"ImageObject","inLanguage":"de","@id":"https:\/\/www.koonings.com\/de\/#\/schema\/logo\/image\/","url":"https:\/\/www.koonings.com\/wp-content\/uploads\/2024\/07\/logo.png","contentUrl":"https:\/\/www.koonings.com\/wp-content\/uploads\/2024\/07\/logo.png","width":600,"height":428,"caption":"Koonings"},"image":{"@id":"https:\/\/www.koonings.com\/de\/#\/schema\/logo\/image\/"},"sameAs":["https:\/\/www.facebook.com\/kooningstheweddingpalace","https:\/\/www.instagram.com\/kooningstheweddingpalace","https:\/\/www.pinterest.com\/koonings","https:\/\/www.youtube.com\/kooningstheweddingpalace"]}]}},"_links":{"self":[{"href":"https:\/\/www.koonings.com\/de\/wp-json\/wp\/v2\/product\/57287","targetHints":{"allow":["GET"]}}],"collection":[{"href":"https:\/\/www.koonings.com\/de\/wp-json\/wp\/v2\/product"}],"about":[{"href":"https:\/\/www.koonings.com\/de\/wp-json\/wp\/v2\/types\/product"}],"wp:featuredmedia":[{"embeddable":true,"href":"https:\/\/www.koonings.com\/de\/wp-json\/wp\/v2\/media\/38461"}],"wp:attachment":[{"href":"https:\/\/www.koonings.com\/de\/wp-json\/wp\/v2\/media?parent=57287"}],"wp:term":[{"taxonomy":"productdetails","embeddable":true,"href":"https:\/\/www.koonings.com\/de\/wp-json\/wp\/v2\/productdetails?post=57287"},{"taxonomy":"productneck","embeddable":true,"href":"https:\/\/www.koonings.com\/de\/wp-json\/wp\/v2\/productneck?post=57287"},{"taxonomy":"productcolor","embeddable":true,"href":"https:\/\/www.koonings.com\/de\/wp-json\/wp\/v2\/productcolor?post=57287"},{"taxonomy":"maat","embeddable":true,"href":"https:\/\/www.koonings.com\/de\/wp-json\/wp\/v2\/maat?post=57287"},{"taxonomy":"productsupplier","embeddable":true,"href":"https:\/\/www.koonings.com\/de\/wp-json\/wp\/v2\/productsupplier?post=57287"},{"taxonomy":"productsleeve","embeddable":true,"href":"https:\/\/www.koonings.com\/de\/wp-json\/wp\/v2\/productsleeve?post=57287"},{"taxonomy":"productcategory","embeddable":true,"href":"https:\/\/www.koonings.com\/de\/wp-json\/wp\/v2\/productcategory?post=57287"},{"taxonomy":"productsilhouette","embeddable":true,"href":"https:\/\/www.koonings.com\/de\/wp-json\/wp\/v2\/productsilhouette?post=57287"},{"taxonomy":"productstyle","embeddable":true,"href":"https:\/\/www.koonings.com\/de\/wp-json\/wp\/v2\/productstyle?post=57287"}],"curies":[{"name":"wp","href":"https:\/\/api.w.org\/{rel}","templated":true}]}}