{"id":57236,"date":"2026-04-14T16:12:47","date_gmt":"2026-04-14T14:12:47","guid":{"rendered":"https:\/\/www.koonings.com\/product\/white-one-by-st-patrick-carlton-w1124cg1\/"},"modified":"2026-02-16T14:37:27","modified_gmt":"2026-02-16T13:37:27","slug":"white-one-by-st-patrick-carlton-w1124cg1","status":"publish","type":"product","link":"https:\/\/www.koonings.com\/de\/product\/white-one-by-st-patrick-carlton-w1124cg1\/","title":{"rendered":"White One von St. Patrick Carlton W1124CG1"},"content":{"rendered":"<p>Dieses minimalistische Meerjungfrauen-Design ist formell, aber dennoch elegant und verf\u00fchrerisch. Es ist aus schlichtem Cr\u00eape gefertigt und hat ein sch\u00f6nes Schl\u00fcsselloch im R\u00fccken sowie lange \u00c4rmel mit Knopfmanschetten f\u00fcr einen besonders formellen Touch. <\/p>\n","protected":false},"featured_media":38710,"template":"","meta":{"_acf_changed":false,"ghostkit_customizer_options":"","ghostkit_custom_css":"","ghostkit_custom_js_head":"","ghostkit_custom_js_foot":"","ghostkit_typography":""},"productdetails":[],"productneck":[356],"productcolor":[392],"maat":[],"productsupplier":[420],"productsleeve":[362],"productcategory":[18],"productsilhouette":[387],"productstyle":[],"class_list":["post-57236","product","type-product","status-publish","has-post-thumbnail","hentry","productneck-356","productcolor-392","productsupplier-white-one-by-st-patrick","productsleeve-362","productcategory-trouwjurken","productsilhouette-387"],"acf":[],"yoast_head":"<!-- This site is optimized with the Yoast SEO plugin v27.3 - https:\/\/yoast.com\/product\/yoast-seo-wordpress\/ -->\n<title>White One von St. Patrick Carlton W1124CG1 | Koonings<\/title>\n<meta name=\"description\" content=\"Dieses minimalistische Meerjungfrauen-Design ist formell, aber dennoch elegant und verf\u00fchrerisch. Es ist aus schlichtem Cr\u00eape gefertigt und hat ein sch\u00f6nes Schl\u00fcsselloch im R\u00fccken sowie lange \u00c4rmel mit Knopfmanschetten f\u00fcr einen besonders formellen Touch.\" \/>\n<meta name=\"robots\" content=\"index, follow, max-snippet:-1, max-image-preview:large, max-video-preview:-1\" \/>\n<link rel=\"canonical\" href=\"https:\/\/www.koonings.com\/de\/product\/white-one-by-st-patrick-carlton-w1124cg1\/\" \/>\n<meta property=\"og:locale\" content=\"de_DE\" \/>\n<meta property=\"og:type\" content=\"article\" \/>\n<meta property=\"og:title\" content=\"White One von St. Patrick Carlton W1124CG1 | Koonings\" \/>\n<meta property=\"og:description\" content=\"Dieses minimalistische Meerjungfrauen-Design ist formell, aber dennoch elegant und verf\u00fchrerisch. Es ist aus schlichtem Cr\u00eape gefertigt und hat ein sch\u00f6nes Schl\u00fcsselloch im R\u00fccken sowie lange \u00c4rmel mit Knopfmanschetten f\u00fcr einen besonders formellen Touch.\" \/>\n<meta property=\"og:url\" content=\"https:\/\/www.koonings.com\/de\/product\/white-one-by-st-patrick-carlton-w1124cg1\/\" \/>\n<meta property=\"og:site_name\" content=\"Koonings\" \/>\n<meta property=\"article:publisher\" content=\"https:\/\/www.facebook.com\/kooningstheweddingpalace\" \/>\n<meta property=\"og:image\" content=\"https:\/\/www.koonings.com\/wp-content\/uploads\/2024\/11\/39118_d613aa4f571566dae4b34eea60b200d412978b7654bef8f223042ff4ec3ff5e952223861-scaled.jpeg\" \/>\n\t<meta property=\"og:image:width\" content=\"1813\" \/>\n\t<meta property=\"og:image:height\" content=\"2560\" \/>\n\t<meta property=\"og:image:type\" content=\"image\/jpeg\" \/>\n<meta name=\"twitter:card\" content=\"summary_large_image\" \/>\n<script type=\"application\/ld+json\" class=\"yoast-schema-graph\">{\"@context\":\"https:\\\/\\\/schema.org\",\"@graph\":[{\"@type\":\"WebPage\",\"@id\":\"https:\\\/\\\/www.koonings.com\\\/de\\\/product\\\/white-one-by-st-patrick-carlton-w1124cg1\\\/\",\"url\":\"https:\\\/\\\/www.koonings.com\\\/de\\\/product\\\/white-one-by-st-patrick-carlton-w1124cg1\\\/\",\"name\":\"White One von St. Patrick Carlton W1124CG1 | Koonings\",\"isPartOf\":{\"@id\":\"https:\\\/\\\/www.koonings.com\\\/de\\\/#website\"},\"primaryImageOfPage\":{\"@id\":\"https:\\\/\\\/www.koonings.com\\\/de\\\/product\\\/white-one-by-st-patrick-carlton-w1124cg1\\\/#primaryimage\"},\"image\":{\"@id\":\"https:\\\/\\\/www.koonings.com\\\/de\\\/product\\\/white-one-by-st-patrick-carlton-w1124cg1\\\/#primaryimage\"},\"thumbnailUrl\":\"https:\\\/\\\/www.koonings.com\\\/wp-content\\\/uploads\\\/2024\\\/11\\\/39118_d613aa4f571566dae4b34eea60b200d412978b7654bef8f223042ff4ec3ff5e952223861-scaled.jpeg\",\"datePublished\":\"2026-04-14T14:12:47+00:00\",\"description\":\"Dieses minimalistische Meerjungfrauen-Design ist formell, aber dennoch elegant und verf\u00fchrerisch. Es ist aus schlichtem Cr\u00eape gefertigt und hat ein sch\u00f6nes Schl\u00fcsselloch im R\u00fccken sowie lange \u00c4rmel mit Knopfmanschetten f\u00fcr einen besonders formellen Touch.\",\"breadcrumb\":{\"@id\":\"https:\\\/\\\/www.koonings.com\\\/de\\\/product\\\/white-one-by-st-patrick-carlton-w1124cg1\\\/#breadcrumb\"},\"inLanguage\":\"de\",\"potentialAction\":[{\"@type\":\"ReadAction\",\"target\":[\"https:\\\/\\\/www.koonings.com\\\/de\\\/product\\\/white-one-by-st-patrick-carlton-w1124cg1\\\/\"]}]},{\"@type\":\"ImageObject\",\"inLanguage\":\"de\",\"@id\":\"https:\\\/\\\/www.koonings.com\\\/de\\\/product\\\/white-one-by-st-patrick-carlton-w1124cg1\\\/#primaryimage\",\"url\":\"https:\\\/\\\/www.koonings.com\\\/wp-content\\\/uploads\\\/2024\\\/11\\\/39118_d613aa4f571566dae4b34eea60b200d412978b7654bef8f223042ff4ec3ff5e952223861-scaled.jpeg\",\"contentUrl\":\"https:\\\/\\\/www.koonings.com\\\/wp-content\\\/uploads\\\/2024\\\/11\\\/39118_d613aa4f571566dae4b34eea60b200d412978b7654bef8f223042ff4ec3ff5e952223861-scaled.jpeg\",\"width\":1813,\"height\":2560},{\"@type\":\"BreadcrumbList\",\"@id\":\"https:\\\/\\\/www.koonings.com\\\/de\\\/product\\\/white-one-by-st-patrick-carlton-w1124cg1\\\/#breadcrumb\",\"itemListElement\":[{\"@type\":\"ListItem\",\"position\":1,\"name\":\"Home\",\"item\":\"https:\\\/\\\/www.koonings.com\\\/de\\\/\"},{\"@type\":\"ListItem\",\"position\":2,\"name\":\"White One von St. Patrick Carlton W1124CG1\"}]},{\"@type\":\"WebSite\",\"@id\":\"https:\\\/\\\/www.koonings.com\\\/de\\\/#website\",\"url\":\"https:\\\/\\\/www.koonings.com\\\/de\\\/\",\"name\":\"Koonings\",\"description\":\"De grootste bruidsmodewinkel ter wereld\",\"publisher\":{\"@id\":\"https:\\\/\\\/www.koonings.com\\\/de\\\/#organization\"},\"potentialAction\":[{\"@type\":\"SearchAction\",\"target\":{\"@type\":\"EntryPoint\",\"urlTemplate\":\"https:\\\/\\\/www.koonings.com\\\/de\\\/?s={search_term_string}\"},\"query-input\":{\"@type\":\"PropertyValueSpecification\",\"valueRequired\":true,\"valueName\":\"search_term_string\"}}],\"inLanguage\":\"de\"},{\"@type\":\"Organization\",\"@id\":\"https:\\\/\\\/www.koonings.com\\\/de\\\/#organization\",\"name\":\"Koonings\",\"url\":\"https:\\\/\\\/www.koonings.com\\\/de\\\/\",\"logo\":{\"@type\":\"ImageObject\",\"inLanguage\":\"de\",\"@id\":\"https:\\\/\\\/www.koonings.com\\\/de\\\/#\\\/schema\\\/logo\\\/image\\\/\",\"url\":\"https:\\\/\\\/www.koonings.com\\\/wp-content\\\/uploads\\\/2024\\\/07\\\/logo.png\",\"contentUrl\":\"https:\\\/\\\/www.koonings.com\\\/wp-content\\\/uploads\\\/2024\\\/07\\\/logo.png\",\"width\":600,\"height\":428,\"caption\":\"Koonings\"},\"image\":{\"@id\":\"https:\\\/\\\/www.koonings.com\\\/de\\\/#\\\/schema\\\/logo\\\/image\\\/\"},\"sameAs\":[\"https:\\\/\\\/www.facebook.com\\\/kooningstheweddingpalace\",\"https:\\\/\\\/www.instagram.com\\\/kooningstheweddingpalace\",\"https:\\\/\\\/www.pinterest.com\\\/koonings\",\"https:\\\/\\\/www.youtube.com\\\/kooningstheweddingpalace\"]}]}<\/script>\n<!-- \/ Yoast SEO plugin. -->","yoast_head_json":{"title":"White One von St. Patrick Carlton W1124CG1 | Koonings","description":"Dieses minimalistische Meerjungfrauen-Design ist formell, aber dennoch elegant und verf\u00fchrerisch. Es ist aus schlichtem Cr\u00eape gefertigt und hat ein sch\u00f6nes Schl\u00fcsselloch im R\u00fccken sowie lange \u00c4rmel mit Knopfmanschetten f\u00fcr einen besonders formellen Touch.","robots":{"index":"index","follow":"follow","max-snippet":"max-snippet:-1","max-image-preview":"max-image-preview:large","max-video-preview":"max-video-preview:-1"},"canonical":"https:\/\/www.koonings.com\/de\/product\/white-one-by-st-patrick-carlton-w1124cg1\/","og_locale":"de_DE","og_type":"article","og_title":"White One von St. Patrick Carlton W1124CG1 | Koonings","og_description":"Dieses minimalistische Meerjungfrauen-Design ist formell, aber dennoch elegant und verf\u00fchrerisch. Es ist aus schlichtem Cr\u00eape gefertigt und hat ein sch\u00f6nes Schl\u00fcsselloch im R\u00fccken sowie lange \u00c4rmel mit Knopfmanschetten f\u00fcr einen besonders formellen Touch.","og_url":"https:\/\/www.koonings.com\/de\/product\/white-one-by-st-patrick-carlton-w1124cg1\/","og_site_name":"Koonings","article_publisher":"https:\/\/www.facebook.com\/kooningstheweddingpalace","og_image":[{"width":1813,"height":2560,"url":"https:\/\/www.koonings.com\/wp-content\/uploads\/2024\/11\/39118_d613aa4f571566dae4b34eea60b200d412978b7654bef8f223042ff4ec3ff5e952223861-scaled.jpeg","type":"image\/jpeg"}],"twitter_card":"summary_large_image","schema":{"@context":"https:\/\/schema.org","@graph":[{"@type":"WebPage","@id":"https:\/\/www.koonings.com\/de\/product\/white-one-by-st-patrick-carlton-w1124cg1\/","url":"https:\/\/www.koonings.com\/de\/product\/white-one-by-st-patrick-carlton-w1124cg1\/","name":"White One von St. Patrick Carlton W1124CG1 | Koonings","isPartOf":{"@id":"https:\/\/www.koonings.com\/de\/#website"},"primaryImageOfPage":{"@id":"https:\/\/www.koonings.com\/de\/product\/white-one-by-st-patrick-carlton-w1124cg1\/#primaryimage"},"image":{"@id":"https:\/\/www.koonings.com\/de\/product\/white-one-by-st-patrick-carlton-w1124cg1\/#primaryimage"},"thumbnailUrl":"https:\/\/www.koonings.com\/wp-content\/uploads\/2024\/11\/39118_d613aa4f571566dae4b34eea60b200d412978b7654bef8f223042ff4ec3ff5e952223861-scaled.jpeg","datePublished":"2026-04-14T14:12:47+00:00","description":"Dieses minimalistische Meerjungfrauen-Design ist formell, aber dennoch elegant und verf\u00fchrerisch. Es ist aus schlichtem Cr\u00eape gefertigt und hat ein sch\u00f6nes Schl\u00fcsselloch im R\u00fccken sowie lange \u00c4rmel mit Knopfmanschetten f\u00fcr einen besonders formellen Touch.","breadcrumb":{"@id":"https:\/\/www.koonings.com\/de\/product\/white-one-by-st-patrick-carlton-w1124cg1\/#breadcrumb"},"inLanguage":"de","potentialAction":[{"@type":"ReadAction","target":["https:\/\/www.koonings.com\/de\/product\/white-one-by-st-patrick-carlton-w1124cg1\/"]}]},{"@type":"ImageObject","inLanguage":"de","@id":"https:\/\/www.koonings.com\/de\/product\/white-one-by-st-patrick-carlton-w1124cg1\/#primaryimage","url":"https:\/\/www.koonings.com\/wp-content\/uploads\/2024\/11\/39118_d613aa4f571566dae4b34eea60b200d412978b7654bef8f223042ff4ec3ff5e952223861-scaled.jpeg","contentUrl":"https:\/\/www.koonings.com\/wp-content\/uploads\/2024\/11\/39118_d613aa4f571566dae4b34eea60b200d412978b7654bef8f223042ff4ec3ff5e952223861-scaled.jpeg","width":1813,"height":2560},{"@type":"BreadcrumbList","@id":"https:\/\/www.koonings.com\/de\/product\/white-one-by-st-patrick-carlton-w1124cg1\/#breadcrumb","itemListElement":[{"@type":"ListItem","position":1,"name":"Home","item":"https:\/\/www.koonings.com\/de\/"},{"@type":"ListItem","position":2,"name":"White One von St. Patrick Carlton W1124CG1"}]},{"@type":"WebSite","@id":"https:\/\/www.koonings.com\/de\/#website","url":"https:\/\/www.koonings.com\/de\/","name":"Koonings","description":"De grootste bruidsmodewinkel ter wereld","publisher":{"@id":"https:\/\/www.koonings.com\/de\/#organization"},"potentialAction":[{"@type":"SearchAction","target":{"@type":"EntryPoint","urlTemplate":"https:\/\/www.koonings.com\/de\/?s={search_term_string}"},"query-input":{"@type":"PropertyValueSpecification","valueRequired":true,"valueName":"search_term_string"}}],"inLanguage":"de"},{"@type":"Organization","@id":"https:\/\/www.koonings.com\/de\/#organization","name":"Koonings","url":"https:\/\/www.koonings.com\/de\/","logo":{"@type":"ImageObject","inLanguage":"de","@id":"https:\/\/www.koonings.com\/de\/#\/schema\/logo\/image\/","url":"https:\/\/www.koonings.com\/wp-content\/uploads\/2024\/07\/logo.png","contentUrl":"https:\/\/www.koonings.com\/wp-content\/uploads\/2024\/07\/logo.png","width":600,"height":428,"caption":"Koonings"},"image":{"@id":"https:\/\/www.koonings.com\/de\/#\/schema\/logo\/image\/"},"sameAs":["https:\/\/www.facebook.com\/kooningstheweddingpalace","https:\/\/www.instagram.com\/kooningstheweddingpalace","https:\/\/www.pinterest.com\/koonings","https:\/\/www.youtube.com\/kooningstheweddingpalace"]}]}},"_links":{"self":[{"href":"https:\/\/www.koonings.com\/de\/wp-json\/wp\/v2\/product\/57236","targetHints":{"allow":["GET"]}}],"collection":[{"href":"https:\/\/www.koonings.com\/de\/wp-json\/wp\/v2\/product"}],"about":[{"href":"https:\/\/www.koonings.com\/de\/wp-json\/wp\/v2\/types\/product"}],"wp:featuredmedia":[{"embeddable":true,"href":"https:\/\/www.koonings.com\/de\/wp-json\/wp\/v2\/media\/38710"}],"wp:attachment":[{"href":"https:\/\/www.koonings.com\/de\/wp-json\/wp\/v2\/media?parent=57236"}],"wp:term":[{"taxonomy":"productdetails","embeddable":true,"href":"https:\/\/www.koonings.com\/de\/wp-json\/wp\/v2\/productdetails?post=57236"},{"taxonomy":"productneck","embeddable":true,"href":"https:\/\/www.koonings.com\/de\/wp-json\/wp\/v2\/productneck?post=57236"},{"taxonomy":"productcolor","embeddable":true,"href":"https:\/\/www.koonings.com\/de\/wp-json\/wp\/v2\/productcolor?post=57236"},{"taxonomy":"maat","embeddable":true,"href":"https:\/\/www.koonings.com\/de\/wp-json\/wp\/v2\/maat?post=57236"},{"taxonomy":"productsupplier","embeddable":true,"href":"https:\/\/www.koonings.com\/de\/wp-json\/wp\/v2\/productsupplier?post=57236"},{"taxonomy":"productsleeve","embeddable":true,"href":"https:\/\/www.koonings.com\/de\/wp-json\/wp\/v2\/productsleeve?post=57236"},{"taxonomy":"productcategory","embeddable":true,"href":"https:\/\/www.koonings.com\/de\/wp-json\/wp\/v2\/productcategory?post=57236"},{"taxonomy":"productsilhouette","embeddable":true,"href":"https:\/\/www.koonings.com\/de\/wp-json\/wp\/v2\/productsilhouette?post=57236"},{"taxonomy":"productstyle","embeddable":true,"href":"https:\/\/www.koonings.com\/de\/wp-json\/wp\/v2\/productstyle?post=57236"}],"curies":[{"name":"wp","href":"https:\/\/api.w.org\/{rel}","templated":true}]}}