{"id":57216,"date":"2026-05-06T15:12:29","date_gmt":"2026-05-06T13:12:29","guid":{"rendered":"https:\/\/www.koonings.com\/product\/white-one-by-st-patrick-dazz-w1124ae4\/"},"modified":"2026-02-16T14:37:37","modified_gmt":"2026-02-16T13:37:37","slug":"white-one-by-st-patrick-dazz-w1124ae4","status":"publish","type":"product","link":"https:\/\/www.koonings.com\/de\/product\/white-one-by-st-patrick-dazz-w1124ae4\/","title":{"rendered":"Wei\u00df von St. Patrick Dazz W1124AE4"},"content":{"rendered":"<p>Dieses Hochzeitskleid in \u00dcbergr\u00f6\u00dfe aus T\u00fcll und verf\u00fchrerischer, halbdurchsichtiger Spitze ist bereit f\u00fcr den roten Teppich und bietet Ihnen zwei verschiedene Looks. Es kommt mit einem eleganten, abnehmbaren Kragen f\u00fcr einen formelleren Look; entfernen Sie ihn im Handumdrehen f\u00fcr einen sexy \u00e4rmellosen Look. <\/p>\n","protected":false},"featured_media":38805,"template":"","meta":{"_acf_changed":false,"ghostkit_customizer_options":"","ghostkit_custom_css":"","ghostkit_custom_js_head":"","ghostkit_custom_js_foot":"","ghostkit_typography":""},"productdetails":[],"productneck":[355],"productcolor":[393,392],"maat":[375],"productsupplier":[420],"productsleeve":[359],"productcategory":[18],"productsilhouette":[387],"productstyle":[],"class_list":["post-57216","product","type-product","status-publish","has-post-thumbnail","hentry","productneck-355","productcolor-393","productcolor-392","maat-375","productsupplier-white-one-by-st-patrick","productsleeve-359","productcategory-trouwjurken","productsilhouette-387"],"acf":[],"yoast_head":"<!-- This site is optimized with the Yoast SEO plugin v27.3 - https:\/\/yoast.com\/product\/yoast-seo-wordpress\/ -->\n<title>Wei\u00df von St. Patrick Dazz W1124AE4 | Koonings<\/title>\n<meta name=\"description\" content=\"Dieses Hochzeitskleid in \u00dcbergr\u00f6\u00dfe aus T\u00fcll und verf\u00fchrerischer, halbdurchsichtiger Spitze ist bereit f\u00fcr den roten Teppich und bietet Ihnen zwei verschiedene Looks. Es kommt mit einem eleganten, abnehmbaren Kragen f\u00fcr einen formelleren Look; entfernen Sie ihn im Handumdrehen f\u00fcr einen sexy \u00e4rmellosen Look.\" \/>\n<meta name=\"robots\" content=\"index, follow, max-snippet:-1, max-image-preview:large, max-video-preview:-1\" \/>\n<link rel=\"canonical\" href=\"https:\/\/www.koonings.com\/de\/product\/white-one-by-st-patrick-dazz-w1124ae4\/\" \/>\n<meta property=\"og:locale\" content=\"de_DE\" \/>\n<meta property=\"og:type\" content=\"article\" \/>\n<meta property=\"og:title\" content=\"Wei\u00df von St. Patrick Dazz W1124AE4 | Koonings\" \/>\n<meta property=\"og:description\" content=\"Dieses Hochzeitskleid in \u00dcbergr\u00f6\u00dfe aus T\u00fcll und verf\u00fchrerischer, halbdurchsichtiger Spitze ist bereit f\u00fcr den roten Teppich und bietet Ihnen zwei verschiedene Looks. Es kommt mit einem eleganten, abnehmbaren Kragen f\u00fcr einen formelleren Look; entfernen Sie ihn im Handumdrehen f\u00fcr einen sexy \u00e4rmellosen Look.\" \/>\n<meta property=\"og:url\" content=\"https:\/\/www.koonings.com\/de\/product\/white-one-by-st-patrick-dazz-w1124ae4\/\" \/>\n<meta property=\"og:site_name\" content=\"Koonings\" \/>\n<meta property=\"article:publisher\" content=\"https:\/\/www.facebook.com\/kooningstheweddingpalace\" \/>\n<meta property=\"og:image\" content=\"https:\/\/www.koonings.com\/wp-content\/uploads\/2024\/11\/39159_a1b80aed6ee0eb611148e361e6027877c7b3444d078f5558bfdfd0834b6f33f8bb346de9-scaled.jpeg\" \/>\n\t<meta property=\"og:image:width\" content=\"1809\" \/>\n\t<meta property=\"og:image:height\" content=\"2560\" \/>\n\t<meta property=\"og:image:type\" content=\"image\/jpeg\" \/>\n<meta name=\"twitter:card\" content=\"summary_large_image\" \/>\n<script type=\"application\/ld+json\" class=\"yoast-schema-graph\">{\"@context\":\"https:\\\/\\\/schema.org\",\"@graph\":[{\"@type\":\"WebPage\",\"@id\":\"https:\\\/\\\/www.koonings.com\\\/de\\\/product\\\/white-one-by-st-patrick-dazz-w1124ae4\\\/\",\"url\":\"https:\\\/\\\/www.koonings.com\\\/de\\\/product\\\/white-one-by-st-patrick-dazz-w1124ae4\\\/\",\"name\":\"Wei\u00df von St. Patrick Dazz W1124AE4 | Koonings\",\"isPartOf\":{\"@id\":\"https:\\\/\\\/www.koonings.com\\\/de\\\/#website\"},\"primaryImageOfPage\":{\"@id\":\"https:\\\/\\\/www.koonings.com\\\/de\\\/product\\\/white-one-by-st-patrick-dazz-w1124ae4\\\/#primaryimage\"},\"image\":{\"@id\":\"https:\\\/\\\/www.koonings.com\\\/de\\\/product\\\/white-one-by-st-patrick-dazz-w1124ae4\\\/#primaryimage\"},\"thumbnailUrl\":\"https:\\\/\\\/www.koonings.com\\\/wp-content\\\/uploads\\\/2024\\\/11\\\/39159_a1b80aed6ee0eb611148e361e6027877c7b3444d078f5558bfdfd0834b6f33f8bb346de9-scaled.jpeg\",\"datePublished\":\"2026-05-06T13:12:29+00:00\",\"description\":\"Dieses Hochzeitskleid in \u00dcbergr\u00f6\u00dfe aus T\u00fcll und verf\u00fchrerischer, halbdurchsichtiger Spitze ist bereit f\u00fcr den roten Teppich und bietet Ihnen zwei verschiedene Looks. Es kommt mit einem eleganten, abnehmbaren Kragen f\u00fcr einen formelleren Look; entfernen Sie ihn im Handumdrehen f\u00fcr einen sexy \u00e4rmellosen Look.\",\"breadcrumb\":{\"@id\":\"https:\\\/\\\/www.koonings.com\\\/de\\\/product\\\/white-one-by-st-patrick-dazz-w1124ae4\\\/#breadcrumb\"},\"inLanguage\":\"de\",\"potentialAction\":[{\"@type\":\"ReadAction\",\"target\":[\"https:\\\/\\\/www.koonings.com\\\/de\\\/product\\\/white-one-by-st-patrick-dazz-w1124ae4\\\/\"]}]},{\"@type\":\"ImageObject\",\"inLanguage\":\"de\",\"@id\":\"https:\\\/\\\/www.koonings.com\\\/de\\\/product\\\/white-one-by-st-patrick-dazz-w1124ae4\\\/#primaryimage\",\"url\":\"https:\\\/\\\/www.koonings.com\\\/wp-content\\\/uploads\\\/2024\\\/11\\\/39159_a1b80aed6ee0eb611148e361e6027877c7b3444d078f5558bfdfd0834b6f33f8bb346de9-scaled.jpeg\",\"contentUrl\":\"https:\\\/\\\/www.koonings.com\\\/wp-content\\\/uploads\\\/2024\\\/11\\\/39159_a1b80aed6ee0eb611148e361e6027877c7b3444d078f5558bfdfd0834b6f33f8bb346de9-scaled.jpeg\",\"width\":1809,\"height\":2560},{\"@type\":\"BreadcrumbList\",\"@id\":\"https:\\\/\\\/www.koonings.com\\\/de\\\/product\\\/white-one-by-st-patrick-dazz-w1124ae4\\\/#breadcrumb\",\"itemListElement\":[{\"@type\":\"ListItem\",\"position\":1,\"name\":\"Home\",\"item\":\"https:\\\/\\\/www.koonings.com\\\/de\\\/\"},{\"@type\":\"ListItem\",\"position\":2,\"name\":\"Wei\u00df von St. Patrick Dazz W1124AE4\"}]},{\"@type\":\"WebSite\",\"@id\":\"https:\\\/\\\/www.koonings.com\\\/de\\\/#website\",\"url\":\"https:\\\/\\\/www.koonings.com\\\/de\\\/\",\"name\":\"Koonings\",\"description\":\"De grootste bruidsmodewinkel ter wereld\",\"publisher\":{\"@id\":\"https:\\\/\\\/www.koonings.com\\\/de\\\/#organization\"},\"potentialAction\":[{\"@type\":\"SearchAction\",\"target\":{\"@type\":\"EntryPoint\",\"urlTemplate\":\"https:\\\/\\\/www.koonings.com\\\/de\\\/?s={search_term_string}\"},\"query-input\":{\"@type\":\"PropertyValueSpecification\",\"valueRequired\":true,\"valueName\":\"search_term_string\"}}],\"inLanguage\":\"de\"},{\"@type\":\"Organization\",\"@id\":\"https:\\\/\\\/www.koonings.com\\\/de\\\/#organization\",\"name\":\"Koonings\",\"url\":\"https:\\\/\\\/www.koonings.com\\\/de\\\/\",\"logo\":{\"@type\":\"ImageObject\",\"inLanguage\":\"de\",\"@id\":\"https:\\\/\\\/www.koonings.com\\\/de\\\/#\\\/schema\\\/logo\\\/image\\\/\",\"url\":\"https:\\\/\\\/www.koonings.com\\\/wp-content\\\/uploads\\\/2024\\\/07\\\/logo.png\",\"contentUrl\":\"https:\\\/\\\/www.koonings.com\\\/wp-content\\\/uploads\\\/2024\\\/07\\\/logo.png\",\"width\":600,\"height\":428,\"caption\":\"Koonings\"},\"image\":{\"@id\":\"https:\\\/\\\/www.koonings.com\\\/de\\\/#\\\/schema\\\/logo\\\/image\\\/\"},\"sameAs\":[\"https:\\\/\\\/www.facebook.com\\\/kooningstheweddingpalace\",\"https:\\\/\\\/www.instagram.com\\\/kooningstheweddingpalace\",\"https:\\\/\\\/www.pinterest.com\\\/koonings\",\"https:\\\/\\\/www.youtube.com\\\/kooningstheweddingpalace\"]}]}<\/script>\n<!-- \/ Yoast SEO plugin. -->","yoast_head_json":{"title":"Wei\u00df von St. Patrick Dazz W1124AE4 | Koonings","description":"Dieses Hochzeitskleid in \u00dcbergr\u00f6\u00dfe aus T\u00fcll und verf\u00fchrerischer, halbdurchsichtiger Spitze ist bereit f\u00fcr den roten Teppich und bietet Ihnen zwei verschiedene Looks. Es kommt mit einem eleganten, abnehmbaren Kragen f\u00fcr einen formelleren Look; entfernen Sie ihn im Handumdrehen f\u00fcr einen sexy \u00e4rmellosen Look.","robots":{"index":"index","follow":"follow","max-snippet":"max-snippet:-1","max-image-preview":"max-image-preview:large","max-video-preview":"max-video-preview:-1"},"canonical":"https:\/\/www.koonings.com\/de\/product\/white-one-by-st-patrick-dazz-w1124ae4\/","og_locale":"de_DE","og_type":"article","og_title":"Wei\u00df von St. Patrick Dazz W1124AE4 | Koonings","og_description":"Dieses Hochzeitskleid in \u00dcbergr\u00f6\u00dfe aus T\u00fcll und verf\u00fchrerischer, halbdurchsichtiger Spitze ist bereit f\u00fcr den roten Teppich und bietet Ihnen zwei verschiedene Looks. Es kommt mit einem eleganten, abnehmbaren Kragen f\u00fcr einen formelleren Look; entfernen Sie ihn im Handumdrehen f\u00fcr einen sexy \u00e4rmellosen Look.","og_url":"https:\/\/www.koonings.com\/de\/product\/white-one-by-st-patrick-dazz-w1124ae4\/","og_site_name":"Koonings","article_publisher":"https:\/\/www.facebook.com\/kooningstheweddingpalace","og_image":[{"width":1809,"height":2560,"url":"https:\/\/www.koonings.com\/wp-content\/uploads\/2024\/11\/39159_a1b80aed6ee0eb611148e361e6027877c7b3444d078f5558bfdfd0834b6f33f8bb346de9-scaled.jpeg","type":"image\/jpeg"}],"twitter_card":"summary_large_image","schema":{"@context":"https:\/\/schema.org","@graph":[{"@type":"WebPage","@id":"https:\/\/www.koonings.com\/de\/product\/white-one-by-st-patrick-dazz-w1124ae4\/","url":"https:\/\/www.koonings.com\/de\/product\/white-one-by-st-patrick-dazz-w1124ae4\/","name":"Wei\u00df von St. Patrick Dazz W1124AE4 | Koonings","isPartOf":{"@id":"https:\/\/www.koonings.com\/de\/#website"},"primaryImageOfPage":{"@id":"https:\/\/www.koonings.com\/de\/product\/white-one-by-st-patrick-dazz-w1124ae4\/#primaryimage"},"image":{"@id":"https:\/\/www.koonings.com\/de\/product\/white-one-by-st-patrick-dazz-w1124ae4\/#primaryimage"},"thumbnailUrl":"https:\/\/www.koonings.com\/wp-content\/uploads\/2024\/11\/39159_a1b80aed6ee0eb611148e361e6027877c7b3444d078f5558bfdfd0834b6f33f8bb346de9-scaled.jpeg","datePublished":"2026-05-06T13:12:29+00:00","description":"Dieses Hochzeitskleid in \u00dcbergr\u00f6\u00dfe aus T\u00fcll und verf\u00fchrerischer, halbdurchsichtiger Spitze ist bereit f\u00fcr den roten Teppich und bietet Ihnen zwei verschiedene Looks. Es kommt mit einem eleganten, abnehmbaren Kragen f\u00fcr einen formelleren Look; entfernen Sie ihn im Handumdrehen f\u00fcr einen sexy \u00e4rmellosen Look.","breadcrumb":{"@id":"https:\/\/www.koonings.com\/de\/product\/white-one-by-st-patrick-dazz-w1124ae4\/#breadcrumb"},"inLanguage":"de","potentialAction":[{"@type":"ReadAction","target":["https:\/\/www.koonings.com\/de\/product\/white-one-by-st-patrick-dazz-w1124ae4\/"]}]},{"@type":"ImageObject","inLanguage":"de","@id":"https:\/\/www.koonings.com\/de\/product\/white-one-by-st-patrick-dazz-w1124ae4\/#primaryimage","url":"https:\/\/www.koonings.com\/wp-content\/uploads\/2024\/11\/39159_a1b80aed6ee0eb611148e361e6027877c7b3444d078f5558bfdfd0834b6f33f8bb346de9-scaled.jpeg","contentUrl":"https:\/\/www.koonings.com\/wp-content\/uploads\/2024\/11\/39159_a1b80aed6ee0eb611148e361e6027877c7b3444d078f5558bfdfd0834b6f33f8bb346de9-scaled.jpeg","width":1809,"height":2560},{"@type":"BreadcrumbList","@id":"https:\/\/www.koonings.com\/de\/product\/white-one-by-st-patrick-dazz-w1124ae4\/#breadcrumb","itemListElement":[{"@type":"ListItem","position":1,"name":"Home","item":"https:\/\/www.koonings.com\/de\/"},{"@type":"ListItem","position":2,"name":"Wei\u00df von St. Patrick Dazz W1124AE4"}]},{"@type":"WebSite","@id":"https:\/\/www.koonings.com\/de\/#website","url":"https:\/\/www.koonings.com\/de\/","name":"Koonings","description":"De grootste bruidsmodewinkel ter wereld","publisher":{"@id":"https:\/\/www.koonings.com\/de\/#organization"},"potentialAction":[{"@type":"SearchAction","target":{"@type":"EntryPoint","urlTemplate":"https:\/\/www.koonings.com\/de\/?s={search_term_string}"},"query-input":{"@type":"PropertyValueSpecification","valueRequired":true,"valueName":"search_term_string"}}],"inLanguage":"de"},{"@type":"Organization","@id":"https:\/\/www.koonings.com\/de\/#organization","name":"Koonings","url":"https:\/\/www.koonings.com\/de\/","logo":{"@type":"ImageObject","inLanguage":"de","@id":"https:\/\/www.koonings.com\/de\/#\/schema\/logo\/image\/","url":"https:\/\/www.koonings.com\/wp-content\/uploads\/2024\/07\/logo.png","contentUrl":"https:\/\/www.koonings.com\/wp-content\/uploads\/2024\/07\/logo.png","width":600,"height":428,"caption":"Koonings"},"image":{"@id":"https:\/\/www.koonings.com\/de\/#\/schema\/logo\/image\/"},"sameAs":["https:\/\/www.facebook.com\/kooningstheweddingpalace","https:\/\/www.instagram.com\/kooningstheweddingpalace","https:\/\/www.pinterest.com\/koonings","https:\/\/www.youtube.com\/kooningstheweddingpalace"]}]}},"_links":{"self":[{"href":"https:\/\/www.koonings.com\/de\/wp-json\/wp\/v2\/product\/57216","targetHints":{"allow":["GET"]}}],"collection":[{"href":"https:\/\/www.koonings.com\/de\/wp-json\/wp\/v2\/product"}],"about":[{"href":"https:\/\/www.koonings.com\/de\/wp-json\/wp\/v2\/types\/product"}],"wp:featuredmedia":[{"embeddable":true,"href":"https:\/\/www.koonings.com\/de\/wp-json\/wp\/v2\/media\/38805"}],"wp:attachment":[{"href":"https:\/\/www.koonings.com\/de\/wp-json\/wp\/v2\/media?parent=57216"}],"wp:term":[{"taxonomy":"productdetails","embeddable":true,"href":"https:\/\/www.koonings.com\/de\/wp-json\/wp\/v2\/productdetails?post=57216"},{"taxonomy":"productneck","embeddable":true,"href":"https:\/\/www.koonings.com\/de\/wp-json\/wp\/v2\/productneck?post=57216"},{"taxonomy":"productcolor","embeddable":true,"href":"https:\/\/www.koonings.com\/de\/wp-json\/wp\/v2\/productcolor?post=57216"},{"taxonomy":"maat","embeddable":true,"href":"https:\/\/www.koonings.com\/de\/wp-json\/wp\/v2\/maat?post=57216"},{"taxonomy":"productsupplier","embeddable":true,"href":"https:\/\/www.koonings.com\/de\/wp-json\/wp\/v2\/productsupplier?post=57216"},{"taxonomy":"productsleeve","embeddable":true,"href":"https:\/\/www.koonings.com\/de\/wp-json\/wp\/v2\/productsleeve?post=57216"},{"taxonomy":"productcategory","embeddable":true,"href":"https:\/\/www.koonings.com\/de\/wp-json\/wp\/v2\/productcategory?post=57216"},{"taxonomy":"productsilhouette","embeddable":true,"href":"https:\/\/www.koonings.com\/de\/wp-json\/wp\/v2\/productsilhouette?post=57216"},{"taxonomy":"productstyle","embeddable":true,"href":"https:\/\/www.koonings.com\/de\/wp-json\/wp\/v2\/productstyle?post=57216"}],"curies":[{"name":"wp","href":"https:\/\/api.w.org\/{rel}","templated":true}]}}