{"id":57177,"date":"2025-07-10T12:14:02","date_gmt":"2025-07-10T10:14:02","guid":{"rendered":"https:\/\/www.koonings.com\/product\/enzoani-blue-collection-promise\/"},"modified":"2025-06-05T12:30:56","modified_gmt":"2025-06-05T10:30:56","slug":"enzoani-blue-collection-promise","status":"publish","type":"product","link":"https:\/\/www.koonings.com\/de\/product\/enzoani-blue-collection-promise\/","title":{"rendered":"Enzoani Blue collection Promise"},"content":{"rendered":"<p>Wir haben eine gro\u00dfe Liebesaff\u00e4re mit diesem ikonischen Meerjungfrauen-Moment. Dieses bezaubernde Kleid ist von Kopf bis Fu\u00df mit 3d bestickter floraler Spitze bedeckt und hat ein verf\u00fchrerisch strukturiertes Mieder mit schulterfreien Tr\u00e4gern. Der offene R\u00fcckenausschnitt betont Ihre Figur und verleiht Ihnen mit seiner wasserfallartigen Schleppe einen Hauch von Glamour. In diesem Klassiker von Blue by Enzoani werden Sie der Star der Show sein.   <\/p>\n","protected":false},"featured_media":35210,"template":"","meta":{"_acf_changed":false,"ghostkit_customizer_options":"","ghostkit_custom_css":"","ghostkit_custom_js_head":"","ghostkit_custom_js_foot":"","ghostkit_typography":""},"productdetails":[379,380,381],"productneck":[355],"productcolor":[393],"maat":[],"productsupplier":[405],"productsleeve":[363],"productcategory":[18],"productsilhouette":[387,390],"productstyle":[369,370],"class_list":["post-57177","product","type-product","status-publish","has-post-thumbnail","hentry","productdetails-379","productdetails-380","productdetails-381","productneck-355","productcolor-393","productsupplier-enzoani-blue-collection","productsleeve-363","productcategory-trouwjurken","productsilhouette-387","productsilhouette-390","productstyle-369","productstyle-370"],"acf":[],"yoast_head":"<!-- This site is optimized with the Yoast SEO plugin v27.3 - https:\/\/yoast.com\/product\/yoast-seo-wordpress\/ -->\n<title>Enzoani Blue collection Promise | Koonings<\/title>\n<meta name=\"description\" content=\"Wir haben eine gro\u00dfe Liebesaff\u00e4re mit diesem ikonischen Meerjungfrauen-Moment. Dieses bezaubernde Kleid ist von Kopf bis Fu\u00df mit 3d bestickter floraler Spitze bedeckt und hat ein verf\u00fchrerisch strukturiertes Mieder mit schulterfreien Tr\u00e4gern. Der offene R\u00fcckenausschnitt betont Ihre Figur und verleiht Ihnen mit seiner wasserfallartigen Schleppe einen Hauch von Glamour. In diesem Klassiker von Blue by Enzoani werden Sie der Star der Show sein.\" \/>\n<meta name=\"robots\" content=\"index, follow, max-snippet:-1, max-image-preview:large, max-video-preview:-1\" \/>\n<link rel=\"canonical\" href=\"https:\/\/www.koonings.com\/de\/product\/enzoani-blue-collection-promise\/\" \/>\n<meta property=\"og:locale\" content=\"de_DE\" \/>\n<meta property=\"og:type\" content=\"article\" \/>\n<meta property=\"og:title\" content=\"Enzoani Blue collection Promise | Koonings\" \/>\n<meta property=\"og:description\" content=\"Wir haben eine gro\u00dfe Liebesaff\u00e4re mit diesem ikonischen Meerjungfrauen-Moment. Dieses bezaubernde Kleid ist von Kopf bis Fu\u00df mit 3d bestickter floraler Spitze bedeckt und hat ein verf\u00fchrerisch strukturiertes Mieder mit schulterfreien Tr\u00e4gern. Der offene R\u00fcckenausschnitt betont Ihre Figur und verleiht Ihnen mit seiner wasserfallartigen Schleppe einen Hauch von Glamour. In diesem Klassiker von Blue by Enzoani werden Sie der Star der Show sein.\" \/>\n<meta property=\"og:url\" content=\"https:\/\/www.koonings.com\/de\/product\/enzoani-blue-collection-promise\/\" \/>\n<meta property=\"og:site_name\" content=\"Koonings\" \/>\n<meta property=\"article:publisher\" content=\"https:\/\/www.facebook.com\/kooningstheweddingpalace\" \/>\n<meta property=\"og:image\" content=\"https:\/\/www.koonings.com\/wp-content\/uploads\/2024\/11\/38123_b44e6b4d688dfbbaf0aedf2f2d14b1465e8395819b0022a369d3906bdc6638f228b2f785.jpeg\" \/>\n\t<meta property=\"og:image:width\" content=\"963\" \/>\n\t<meta property=\"og:image:height\" content=\"1362\" \/>\n\t<meta property=\"og:image:type\" content=\"image\/jpeg\" \/>\n<meta name=\"twitter:card\" content=\"summary_large_image\" \/>\n<script type=\"application\/ld+json\" class=\"yoast-schema-graph\">{\"@context\":\"https:\\\/\\\/schema.org\",\"@graph\":[{\"@type\":\"WebPage\",\"@id\":\"https:\\\/\\\/www.koonings.com\\\/de\\\/product\\\/enzoani-blue-collection-promise\\\/\",\"url\":\"https:\\\/\\\/www.koonings.com\\\/de\\\/product\\\/enzoani-blue-collection-promise\\\/\",\"name\":\"Enzoani Blue collection Promise | Koonings\",\"isPartOf\":{\"@id\":\"https:\\\/\\\/www.koonings.com\\\/de\\\/#website\"},\"primaryImageOfPage\":{\"@id\":\"https:\\\/\\\/www.koonings.com\\\/de\\\/product\\\/enzoani-blue-collection-promise\\\/#primaryimage\"},\"image\":{\"@id\":\"https:\\\/\\\/www.koonings.com\\\/de\\\/product\\\/enzoani-blue-collection-promise\\\/#primaryimage\"},\"thumbnailUrl\":\"https:\\\/\\\/www.koonings.com\\\/wp-content\\\/uploads\\\/2024\\\/11\\\/38123_b44e6b4d688dfbbaf0aedf2f2d14b1465e8395819b0022a369d3906bdc6638f228b2f785.jpeg\",\"datePublished\":\"2025-07-10T10:14:02+00:00\",\"description\":\"Wir haben eine gro\u00dfe Liebesaff\u00e4re mit diesem ikonischen Meerjungfrauen-Moment. Dieses bezaubernde Kleid ist von Kopf bis Fu\u00df mit 3d bestickter floraler Spitze bedeckt und hat ein verf\u00fchrerisch strukturiertes Mieder mit schulterfreien Tr\u00e4gern. Der offene R\u00fcckenausschnitt betont Ihre Figur und verleiht Ihnen mit seiner wasserfallartigen Schleppe einen Hauch von Glamour. In diesem Klassiker von Blue by Enzoani werden Sie der Star der Show sein.\",\"breadcrumb\":{\"@id\":\"https:\\\/\\\/www.koonings.com\\\/de\\\/product\\\/enzoani-blue-collection-promise\\\/#breadcrumb\"},\"inLanguage\":\"de\",\"potentialAction\":[{\"@type\":\"ReadAction\",\"target\":[\"https:\\\/\\\/www.koonings.com\\\/de\\\/product\\\/enzoani-blue-collection-promise\\\/\"]}]},{\"@type\":\"ImageObject\",\"inLanguage\":\"de\",\"@id\":\"https:\\\/\\\/www.koonings.com\\\/de\\\/product\\\/enzoani-blue-collection-promise\\\/#primaryimage\",\"url\":\"https:\\\/\\\/www.koonings.com\\\/wp-content\\\/uploads\\\/2024\\\/11\\\/38123_b44e6b4d688dfbbaf0aedf2f2d14b1465e8395819b0022a369d3906bdc6638f228b2f785.jpeg\",\"contentUrl\":\"https:\\\/\\\/www.koonings.com\\\/wp-content\\\/uploads\\\/2024\\\/11\\\/38123_b44e6b4d688dfbbaf0aedf2f2d14b1465e8395819b0022a369d3906bdc6638f228b2f785.jpeg\",\"width\":963,\"height\":1362},{\"@type\":\"BreadcrumbList\",\"@id\":\"https:\\\/\\\/www.koonings.com\\\/de\\\/product\\\/enzoani-blue-collection-promise\\\/#breadcrumb\",\"itemListElement\":[{\"@type\":\"ListItem\",\"position\":1,\"name\":\"Home\",\"item\":\"https:\\\/\\\/www.koonings.com\\\/de\\\/\"},{\"@type\":\"ListItem\",\"position\":2,\"name\":\"Enzoani Blue collection Promise\"}]},{\"@type\":\"WebSite\",\"@id\":\"https:\\\/\\\/www.koonings.com\\\/de\\\/#website\",\"url\":\"https:\\\/\\\/www.koonings.com\\\/de\\\/\",\"name\":\"Koonings\",\"description\":\"De grootste bruidsmodewinkel ter wereld\",\"publisher\":{\"@id\":\"https:\\\/\\\/www.koonings.com\\\/de\\\/#organization\"},\"potentialAction\":[{\"@type\":\"SearchAction\",\"target\":{\"@type\":\"EntryPoint\",\"urlTemplate\":\"https:\\\/\\\/www.koonings.com\\\/de\\\/?s={search_term_string}\"},\"query-input\":{\"@type\":\"PropertyValueSpecification\",\"valueRequired\":true,\"valueName\":\"search_term_string\"}}],\"inLanguage\":\"de\"},{\"@type\":\"Organization\",\"@id\":\"https:\\\/\\\/www.koonings.com\\\/de\\\/#organization\",\"name\":\"Koonings\",\"url\":\"https:\\\/\\\/www.koonings.com\\\/de\\\/\",\"logo\":{\"@type\":\"ImageObject\",\"inLanguage\":\"de\",\"@id\":\"https:\\\/\\\/www.koonings.com\\\/de\\\/#\\\/schema\\\/logo\\\/image\\\/\",\"url\":\"https:\\\/\\\/www.koonings.com\\\/wp-content\\\/uploads\\\/2024\\\/07\\\/logo.png\",\"contentUrl\":\"https:\\\/\\\/www.koonings.com\\\/wp-content\\\/uploads\\\/2024\\\/07\\\/logo.png\",\"width\":600,\"height\":428,\"caption\":\"Koonings\"},\"image\":{\"@id\":\"https:\\\/\\\/www.koonings.com\\\/de\\\/#\\\/schema\\\/logo\\\/image\\\/\"},\"sameAs\":[\"https:\\\/\\\/www.facebook.com\\\/kooningstheweddingpalace\",\"https:\\\/\\\/www.instagram.com\\\/kooningstheweddingpalace\",\"https:\\\/\\\/www.pinterest.com\\\/koonings\",\"https:\\\/\\\/www.youtube.com\\\/kooningstheweddingpalace\"]}]}<\/script>\n<!-- \/ Yoast SEO plugin. -->","yoast_head_json":{"title":"Enzoani Blue collection Promise | Koonings","description":"Wir haben eine gro\u00dfe Liebesaff\u00e4re mit diesem ikonischen Meerjungfrauen-Moment. Dieses bezaubernde Kleid ist von Kopf bis Fu\u00df mit 3d bestickter floraler Spitze bedeckt und hat ein verf\u00fchrerisch strukturiertes Mieder mit schulterfreien Tr\u00e4gern. Der offene R\u00fcckenausschnitt betont Ihre Figur und verleiht Ihnen mit seiner wasserfallartigen Schleppe einen Hauch von Glamour. In diesem Klassiker von Blue by Enzoani werden Sie der Star der Show sein.","robots":{"index":"index","follow":"follow","max-snippet":"max-snippet:-1","max-image-preview":"max-image-preview:large","max-video-preview":"max-video-preview:-1"},"canonical":"https:\/\/www.koonings.com\/de\/product\/enzoani-blue-collection-promise\/","og_locale":"de_DE","og_type":"article","og_title":"Enzoani Blue collection Promise | Koonings","og_description":"Wir haben eine gro\u00dfe Liebesaff\u00e4re mit diesem ikonischen Meerjungfrauen-Moment. Dieses bezaubernde Kleid ist von Kopf bis Fu\u00df mit 3d bestickter floraler Spitze bedeckt und hat ein verf\u00fchrerisch strukturiertes Mieder mit schulterfreien Tr\u00e4gern. Der offene R\u00fcckenausschnitt betont Ihre Figur und verleiht Ihnen mit seiner wasserfallartigen Schleppe einen Hauch von Glamour. In diesem Klassiker von Blue by Enzoani werden Sie der Star der Show sein.","og_url":"https:\/\/www.koonings.com\/de\/product\/enzoani-blue-collection-promise\/","og_site_name":"Koonings","article_publisher":"https:\/\/www.facebook.com\/kooningstheweddingpalace","og_image":[{"width":963,"height":1362,"url":"https:\/\/www.koonings.com\/wp-content\/uploads\/2024\/11\/38123_b44e6b4d688dfbbaf0aedf2f2d14b1465e8395819b0022a369d3906bdc6638f228b2f785.jpeg","type":"image\/jpeg"}],"twitter_card":"summary_large_image","schema":{"@context":"https:\/\/schema.org","@graph":[{"@type":"WebPage","@id":"https:\/\/www.koonings.com\/de\/product\/enzoani-blue-collection-promise\/","url":"https:\/\/www.koonings.com\/de\/product\/enzoani-blue-collection-promise\/","name":"Enzoani Blue collection Promise | Koonings","isPartOf":{"@id":"https:\/\/www.koonings.com\/de\/#website"},"primaryImageOfPage":{"@id":"https:\/\/www.koonings.com\/de\/product\/enzoani-blue-collection-promise\/#primaryimage"},"image":{"@id":"https:\/\/www.koonings.com\/de\/product\/enzoani-blue-collection-promise\/#primaryimage"},"thumbnailUrl":"https:\/\/www.koonings.com\/wp-content\/uploads\/2024\/11\/38123_b44e6b4d688dfbbaf0aedf2f2d14b1465e8395819b0022a369d3906bdc6638f228b2f785.jpeg","datePublished":"2025-07-10T10:14:02+00:00","description":"Wir haben eine gro\u00dfe Liebesaff\u00e4re mit diesem ikonischen Meerjungfrauen-Moment. Dieses bezaubernde Kleid ist von Kopf bis Fu\u00df mit 3d bestickter floraler Spitze bedeckt und hat ein verf\u00fchrerisch strukturiertes Mieder mit schulterfreien Tr\u00e4gern. Der offene R\u00fcckenausschnitt betont Ihre Figur und verleiht Ihnen mit seiner wasserfallartigen Schleppe einen Hauch von Glamour. In diesem Klassiker von Blue by Enzoani werden Sie der Star der Show sein.","breadcrumb":{"@id":"https:\/\/www.koonings.com\/de\/product\/enzoani-blue-collection-promise\/#breadcrumb"},"inLanguage":"de","potentialAction":[{"@type":"ReadAction","target":["https:\/\/www.koonings.com\/de\/product\/enzoani-blue-collection-promise\/"]}]},{"@type":"ImageObject","inLanguage":"de","@id":"https:\/\/www.koonings.com\/de\/product\/enzoani-blue-collection-promise\/#primaryimage","url":"https:\/\/www.koonings.com\/wp-content\/uploads\/2024\/11\/38123_b44e6b4d688dfbbaf0aedf2f2d14b1465e8395819b0022a369d3906bdc6638f228b2f785.jpeg","contentUrl":"https:\/\/www.koonings.com\/wp-content\/uploads\/2024\/11\/38123_b44e6b4d688dfbbaf0aedf2f2d14b1465e8395819b0022a369d3906bdc6638f228b2f785.jpeg","width":963,"height":1362},{"@type":"BreadcrumbList","@id":"https:\/\/www.koonings.com\/de\/product\/enzoani-blue-collection-promise\/#breadcrumb","itemListElement":[{"@type":"ListItem","position":1,"name":"Home","item":"https:\/\/www.koonings.com\/de\/"},{"@type":"ListItem","position":2,"name":"Enzoani Blue collection Promise"}]},{"@type":"WebSite","@id":"https:\/\/www.koonings.com\/de\/#website","url":"https:\/\/www.koonings.com\/de\/","name":"Koonings","description":"De grootste bruidsmodewinkel ter wereld","publisher":{"@id":"https:\/\/www.koonings.com\/de\/#organization"},"potentialAction":[{"@type":"SearchAction","target":{"@type":"EntryPoint","urlTemplate":"https:\/\/www.koonings.com\/de\/?s={search_term_string}"},"query-input":{"@type":"PropertyValueSpecification","valueRequired":true,"valueName":"search_term_string"}}],"inLanguage":"de"},{"@type":"Organization","@id":"https:\/\/www.koonings.com\/de\/#organization","name":"Koonings","url":"https:\/\/www.koonings.com\/de\/","logo":{"@type":"ImageObject","inLanguage":"de","@id":"https:\/\/www.koonings.com\/de\/#\/schema\/logo\/image\/","url":"https:\/\/www.koonings.com\/wp-content\/uploads\/2024\/07\/logo.png","contentUrl":"https:\/\/www.koonings.com\/wp-content\/uploads\/2024\/07\/logo.png","width":600,"height":428,"caption":"Koonings"},"image":{"@id":"https:\/\/www.koonings.com\/de\/#\/schema\/logo\/image\/"},"sameAs":["https:\/\/www.facebook.com\/kooningstheweddingpalace","https:\/\/www.instagram.com\/kooningstheweddingpalace","https:\/\/www.pinterest.com\/koonings","https:\/\/www.youtube.com\/kooningstheweddingpalace"]}]}},"_links":{"self":[{"href":"https:\/\/www.koonings.com\/de\/wp-json\/wp\/v2\/product\/57177","targetHints":{"allow":["GET"]}}],"collection":[{"href":"https:\/\/www.koonings.com\/de\/wp-json\/wp\/v2\/product"}],"about":[{"href":"https:\/\/www.koonings.com\/de\/wp-json\/wp\/v2\/types\/product"}],"wp:featuredmedia":[{"embeddable":true,"href":"https:\/\/www.koonings.com\/de\/wp-json\/wp\/v2\/media\/35210"}],"wp:attachment":[{"href":"https:\/\/www.koonings.com\/de\/wp-json\/wp\/v2\/media?parent=57177"}],"wp:term":[{"taxonomy":"productdetails","embeddable":true,"href":"https:\/\/www.koonings.com\/de\/wp-json\/wp\/v2\/productdetails?post=57177"},{"taxonomy":"productneck","embeddable":true,"href":"https:\/\/www.koonings.com\/de\/wp-json\/wp\/v2\/productneck?post=57177"},{"taxonomy":"productcolor","embeddable":true,"href":"https:\/\/www.koonings.com\/de\/wp-json\/wp\/v2\/productcolor?post=57177"},{"taxonomy":"maat","embeddable":true,"href":"https:\/\/www.koonings.com\/de\/wp-json\/wp\/v2\/maat?post=57177"},{"taxonomy":"productsupplier","embeddable":true,"href":"https:\/\/www.koonings.com\/de\/wp-json\/wp\/v2\/productsupplier?post=57177"},{"taxonomy":"productsleeve","embeddable":true,"href":"https:\/\/www.koonings.com\/de\/wp-json\/wp\/v2\/productsleeve?post=57177"},{"taxonomy":"productcategory","embeddable":true,"href":"https:\/\/www.koonings.com\/de\/wp-json\/wp\/v2\/productcategory?post=57177"},{"taxonomy":"productsilhouette","embeddable":true,"href":"https:\/\/www.koonings.com\/de\/wp-json\/wp\/v2\/productsilhouette?post=57177"},{"taxonomy":"productstyle","embeddable":true,"href":"https:\/\/www.koonings.com\/de\/wp-json\/wp\/v2\/productstyle?post=57177"}],"curies":[{"name":"wp","href":"https:\/\/api.w.org\/{rel}","templated":true}]}}