{"id":57152,"date":"2025-12-15T00:14:12","date_gmt":"2025-12-14T23:14:12","guid":{"rendered":"https:\/\/www.koonings.com\/product\/stella-york-7598zz11\/"},"modified":"2026-02-03T18:08:32","modified_gmt":"2026-02-03T17:08:32","slug":"stella-york-7598zz11","status":"publish","type":"product","link":"https:\/\/www.koonings.com\/de\/product\/stella-york-7598zz11\/","title":{"rendered":"Stella York 7598ZZ11"},"content":{"rendered":"<p>Schlichtes und modernes Hochzeitskleid mit Spaghettitr\u00e4gern Dieses raffinierte und doch schlichte Hochzeitskleid ist wundersch\u00f6n und elegant. Die subtil d\u00fcnnen Spaghettitr\u00e4ger von Style 7598, ein modernes Dekollet\u00e9 mit Aussparungen, verleihen dem minimalistischen, rein elfenbeinfarbenen Kreppstoff einen architektonischen Touch. Die schlanke und stromlinienf\u00f6rmige \u00c4sthetik wird durch die moderne Silhouette des Kleides, die den nat\u00fcrlichen Kurven des K\u00f6rpers folgt, noch verst\u00e4rkt. Angefangen beim tiefen V-Ausschnitt am R\u00fccken, \u00fcber die traditionellen, stoffbezogenen Kn\u00f6pfe auf der R\u00fcckseite des Brautkleides bis hin zur flie\u00dfenden Schleppe, die diese moderne Vision von eleganter Brautmode vervollst\u00e4ndigt.   <\/p>\n","protected":false},"featured_media":35334,"template":"","meta":{"_acf_changed":false,"ghostkit_customizer_options":"","ghostkit_custom_css":"","ghostkit_custom_js_head":"","ghostkit_custom_js_foot":"","ghostkit_typography":""},"productdetails":[],"productneck":[],"productcolor":[392],"maat":[],"productsupplier":[442],"productsleeve":[],"productcategory":[18],"productsilhouette":[],"productstyle":[],"class_list":["post-57152","product","type-product","status-publish","has-post-thumbnail","hentry","productcolor-392","productsupplier-stella-york","productcategory-trouwjurken"],"acf":[],"yoast_head":"<!-- This site is optimized with the Yoast SEO plugin v27.3 - https:\/\/yoast.com\/product\/yoast-seo-wordpress\/ -->\n<title>Stella York 7598ZZ11 | Koonings<\/title>\n<meta name=\"description\" content=\"Schlichtes und modernes Hochzeitskleid mit Spaghettitr\u00e4gern Dieses raffinierte und doch schlichte Hochzeitskleid ist wundersch\u00f6n und elegant. Die subtil d\u00fcnnen Spaghettitr\u00e4ger von Style 7598, ein modernes Dekollet\u00e9 mit Aussparungen, verleihen dem minimalistischen, rein elfenbeinfarbenen Kreppstoff einen architektonischen Touch. Die schlanke und stromlinienf\u00f6rmige \u00c4sthetik wird durch die moderne Silhouette des Kleides, die den nat\u00fcrlichen Kurven des K\u00f6rpers folgt, noch verst\u00e4rkt. Angefangen beim tiefen V-Ausschnitt am R\u00fccken, \u00fcber die traditionellen, stoffbezogenen Kn\u00f6pfe auf der R\u00fcckseite des Brautkleides bis hin zur flie\u00dfenden Schleppe, die diese moderne Vision von eleganter Brautmode vervollst\u00e4ndigt.\" \/>\n<meta name=\"robots\" content=\"index, follow, max-snippet:-1, max-image-preview:large, max-video-preview:-1\" \/>\n<link rel=\"canonical\" href=\"https:\/\/www.koonings.com\/de\/product\/stella-york-7598zz11\/\" \/>\n<meta property=\"og:locale\" content=\"de_DE\" \/>\n<meta property=\"og:type\" content=\"article\" \/>\n<meta property=\"og:title\" content=\"Stella York 7598ZZ11 | Koonings\" \/>\n<meta property=\"og:description\" content=\"Schlichtes und modernes Hochzeitskleid mit Spaghettitr\u00e4gern Dieses raffinierte und doch schlichte Hochzeitskleid ist wundersch\u00f6n und elegant. Die subtil d\u00fcnnen Spaghettitr\u00e4ger von Style 7598, ein modernes Dekollet\u00e9 mit Aussparungen, verleihen dem minimalistischen, rein elfenbeinfarbenen Kreppstoff einen architektonischen Touch. Die schlanke und stromlinienf\u00f6rmige \u00c4sthetik wird durch die moderne Silhouette des Kleides, die den nat\u00fcrlichen Kurven des K\u00f6rpers folgt, noch verst\u00e4rkt. Angefangen beim tiefen V-Ausschnitt am R\u00fccken, \u00fcber die traditionellen, stoffbezogenen Kn\u00f6pfe auf der R\u00fcckseite des Brautkleides bis hin zur flie\u00dfenden Schleppe, die diese moderne Vision von eleganter Brautmode vervollst\u00e4ndigt.\" \/>\n<meta property=\"og:url\" content=\"https:\/\/www.koonings.com\/de\/product\/stella-york-7598zz11\/\" \/>\n<meta property=\"og:site_name\" content=\"Koonings\" \/>\n<meta property=\"article:publisher\" content=\"https:\/\/www.facebook.com\/kooningstheweddingpalace\" \/>\n<meta property=\"article:modified_time\" content=\"2026-02-03T17:08:32+00:00\" \/>\n<meta property=\"og:image\" content=\"https:\/\/www.koonings.com\/wp-content\/uploads\/2024\/11\/38215_8e504c3e2456b2924c8d6ee5584415241896af5be075aa7964eef50dd4c7ed3b059083b8.webp\" \/>\n\t<meta property=\"og:image:width\" content=\"1200\" \/>\n\t<meta property=\"og:image:height\" content=\"1914\" \/>\n\t<meta property=\"og:image:type\" content=\"image\/webp\" \/>\n<meta name=\"twitter:card\" content=\"summary_large_image\" \/>\n<script type=\"application\/ld+json\" class=\"yoast-schema-graph\">{\"@context\":\"https:\\\/\\\/schema.org\",\"@graph\":[{\"@type\":\"WebPage\",\"@id\":\"https:\\\/\\\/www.koonings.com\\\/de\\\/product\\\/stella-york-7598zz11\\\/\",\"url\":\"https:\\\/\\\/www.koonings.com\\\/de\\\/product\\\/stella-york-7598zz11\\\/\",\"name\":\"Stella York 7598ZZ11 | Koonings\",\"isPartOf\":{\"@id\":\"https:\\\/\\\/www.koonings.com\\\/de\\\/#website\"},\"primaryImageOfPage\":{\"@id\":\"https:\\\/\\\/www.koonings.com\\\/de\\\/product\\\/stella-york-7598zz11\\\/#primaryimage\"},\"image\":{\"@id\":\"https:\\\/\\\/www.koonings.com\\\/de\\\/product\\\/stella-york-7598zz11\\\/#primaryimage\"},\"thumbnailUrl\":\"https:\\\/\\\/www.koonings.com\\\/wp-content\\\/uploads\\\/2024\\\/11\\\/38215_8e504c3e2456b2924c8d6ee5584415241896af5be075aa7964eef50dd4c7ed3b059083b8.webp\",\"datePublished\":\"2025-12-14T23:14:12+00:00\",\"dateModified\":\"2026-02-03T17:08:32+00:00\",\"description\":\"Schlichtes und modernes Hochzeitskleid mit Spaghettitr\u00e4gern Dieses raffinierte und doch schlichte Hochzeitskleid ist wundersch\u00f6n und elegant. Die subtil d\u00fcnnen Spaghettitr\u00e4ger von Style 7598, ein modernes Dekollet\u00e9 mit Aussparungen, verleihen dem minimalistischen, rein elfenbeinfarbenen Kreppstoff einen architektonischen Touch. Die schlanke und stromlinienf\u00f6rmige \u00c4sthetik wird durch die moderne Silhouette des Kleides, die den nat\u00fcrlichen Kurven des K\u00f6rpers folgt, noch verst\u00e4rkt. Angefangen beim tiefen V-Ausschnitt am R\u00fccken, \u00fcber die traditionellen, stoffbezogenen Kn\u00f6pfe auf der R\u00fcckseite des Brautkleides bis hin zur flie\u00dfenden Schleppe, die diese moderne Vision von eleganter Brautmode vervollst\u00e4ndigt.\",\"breadcrumb\":{\"@id\":\"https:\\\/\\\/www.koonings.com\\\/de\\\/product\\\/stella-york-7598zz11\\\/#breadcrumb\"},\"inLanguage\":\"de\",\"potentialAction\":[{\"@type\":\"ReadAction\",\"target\":[\"https:\\\/\\\/www.koonings.com\\\/de\\\/product\\\/stella-york-7598zz11\\\/\"]}]},{\"@type\":\"ImageObject\",\"inLanguage\":\"de\",\"@id\":\"https:\\\/\\\/www.koonings.com\\\/de\\\/product\\\/stella-york-7598zz11\\\/#primaryimage\",\"url\":\"https:\\\/\\\/www.koonings.com\\\/wp-content\\\/uploads\\\/2024\\\/11\\\/38215_8e504c3e2456b2924c8d6ee5584415241896af5be075aa7964eef50dd4c7ed3b059083b8.webp\",\"contentUrl\":\"https:\\\/\\\/www.koonings.com\\\/wp-content\\\/uploads\\\/2024\\\/11\\\/38215_8e504c3e2456b2924c8d6ee5584415241896af5be075aa7964eef50dd4c7ed3b059083b8.webp\",\"width\":1200,\"height\":1914},{\"@type\":\"BreadcrumbList\",\"@id\":\"https:\\\/\\\/www.koonings.com\\\/de\\\/product\\\/stella-york-7598zz11\\\/#breadcrumb\",\"itemListElement\":[{\"@type\":\"ListItem\",\"position\":1,\"name\":\"Home\",\"item\":\"https:\\\/\\\/www.koonings.com\\\/de\\\/\"},{\"@type\":\"ListItem\",\"position\":2,\"name\":\"Stella York 7598ZZ11\"}]},{\"@type\":\"WebSite\",\"@id\":\"https:\\\/\\\/www.koonings.com\\\/de\\\/#website\",\"url\":\"https:\\\/\\\/www.koonings.com\\\/de\\\/\",\"name\":\"Koonings\",\"description\":\"De grootste bruidsmodewinkel ter wereld\",\"publisher\":{\"@id\":\"https:\\\/\\\/www.koonings.com\\\/de\\\/#organization\"},\"potentialAction\":[{\"@type\":\"SearchAction\",\"target\":{\"@type\":\"EntryPoint\",\"urlTemplate\":\"https:\\\/\\\/www.koonings.com\\\/de\\\/?s={search_term_string}\"},\"query-input\":{\"@type\":\"PropertyValueSpecification\",\"valueRequired\":true,\"valueName\":\"search_term_string\"}}],\"inLanguage\":\"de\"},{\"@type\":\"Organization\",\"@id\":\"https:\\\/\\\/www.koonings.com\\\/de\\\/#organization\",\"name\":\"Koonings\",\"url\":\"https:\\\/\\\/www.koonings.com\\\/de\\\/\",\"logo\":{\"@type\":\"ImageObject\",\"inLanguage\":\"de\",\"@id\":\"https:\\\/\\\/www.koonings.com\\\/de\\\/#\\\/schema\\\/logo\\\/image\\\/\",\"url\":\"https:\\\/\\\/www.koonings.com\\\/wp-content\\\/uploads\\\/2024\\\/07\\\/logo.png\",\"contentUrl\":\"https:\\\/\\\/www.koonings.com\\\/wp-content\\\/uploads\\\/2024\\\/07\\\/logo.png\",\"width\":600,\"height\":428,\"caption\":\"Koonings\"},\"image\":{\"@id\":\"https:\\\/\\\/www.koonings.com\\\/de\\\/#\\\/schema\\\/logo\\\/image\\\/\"},\"sameAs\":[\"https:\\\/\\\/www.facebook.com\\\/kooningstheweddingpalace\",\"https:\\\/\\\/www.instagram.com\\\/kooningstheweddingpalace\",\"https:\\\/\\\/www.pinterest.com\\\/koonings\",\"https:\\\/\\\/www.youtube.com\\\/kooningstheweddingpalace\"]}]}<\/script>\n<!-- \/ Yoast SEO plugin. -->","yoast_head_json":{"title":"Stella York 7598ZZ11 | Koonings","description":"Schlichtes und modernes Hochzeitskleid mit Spaghettitr\u00e4gern Dieses raffinierte und doch schlichte Hochzeitskleid ist wundersch\u00f6n und elegant. Die subtil d\u00fcnnen Spaghettitr\u00e4ger von Style 7598, ein modernes Dekollet\u00e9 mit Aussparungen, verleihen dem minimalistischen, rein elfenbeinfarbenen Kreppstoff einen architektonischen Touch. Die schlanke und stromlinienf\u00f6rmige \u00c4sthetik wird durch die moderne Silhouette des Kleides, die den nat\u00fcrlichen Kurven des K\u00f6rpers folgt, noch verst\u00e4rkt. Angefangen beim tiefen V-Ausschnitt am R\u00fccken, \u00fcber die traditionellen, stoffbezogenen Kn\u00f6pfe auf der R\u00fcckseite des Brautkleides bis hin zur flie\u00dfenden Schleppe, die diese moderne Vision von eleganter Brautmode vervollst\u00e4ndigt.","robots":{"index":"index","follow":"follow","max-snippet":"max-snippet:-1","max-image-preview":"max-image-preview:large","max-video-preview":"max-video-preview:-1"},"canonical":"https:\/\/www.koonings.com\/de\/product\/stella-york-7598zz11\/","og_locale":"de_DE","og_type":"article","og_title":"Stella York 7598ZZ11 | Koonings","og_description":"Schlichtes und modernes Hochzeitskleid mit Spaghettitr\u00e4gern Dieses raffinierte und doch schlichte Hochzeitskleid ist wundersch\u00f6n und elegant. Die subtil d\u00fcnnen Spaghettitr\u00e4ger von Style 7598, ein modernes Dekollet\u00e9 mit Aussparungen, verleihen dem minimalistischen, rein elfenbeinfarbenen Kreppstoff einen architektonischen Touch. Die schlanke und stromlinienf\u00f6rmige \u00c4sthetik wird durch die moderne Silhouette des Kleides, die den nat\u00fcrlichen Kurven des K\u00f6rpers folgt, noch verst\u00e4rkt. Angefangen beim tiefen V-Ausschnitt am R\u00fccken, \u00fcber die traditionellen, stoffbezogenen Kn\u00f6pfe auf der R\u00fcckseite des Brautkleides bis hin zur flie\u00dfenden Schleppe, die diese moderne Vision von eleganter Brautmode vervollst\u00e4ndigt.","og_url":"https:\/\/www.koonings.com\/de\/product\/stella-york-7598zz11\/","og_site_name":"Koonings","article_publisher":"https:\/\/www.facebook.com\/kooningstheweddingpalace","article_modified_time":"2026-02-03T17:08:32+00:00","og_image":[{"width":1200,"height":1914,"url":"https:\/\/www.koonings.com\/wp-content\/uploads\/2024\/11\/38215_8e504c3e2456b2924c8d6ee5584415241896af5be075aa7964eef50dd4c7ed3b059083b8.webp","type":"image\/webp"}],"twitter_card":"summary_large_image","schema":{"@context":"https:\/\/schema.org","@graph":[{"@type":"WebPage","@id":"https:\/\/www.koonings.com\/de\/product\/stella-york-7598zz11\/","url":"https:\/\/www.koonings.com\/de\/product\/stella-york-7598zz11\/","name":"Stella York 7598ZZ11 | Koonings","isPartOf":{"@id":"https:\/\/www.koonings.com\/de\/#website"},"primaryImageOfPage":{"@id":"https:\/\/www.koonings.com\/de\/product\/stella-york-7598zz11\/#primaryimage"},"image":{"@id":"https:\/\/www.koonings.com\/de\/product\/stella-york-7598zz11\/#primaryimage"},"thumbnailUrl":"https:\/\/www.koonings.com\/wp-content\/uploads\/2024\/11\/38215_8e504c3e2456b2924c8d6ee5584415241896af5be075aa7964eef50dd4c7ed3b059083b8.webp","datePublished":"2025-12-14T23:14:12+00:00","dateModified":"2026-02-03T17:08:32+00:00","description":"Schlichtes und modernes Hochzeitskleid mit Spaghettitr\u00e4gern Dieses raffinierte und doch schlichte Hochzeitskleid ist wundersch\u00f6n und elegant. Die subtil d\u00fcnnen Spaghettitr\u00e4ger von Style 7598, ein modernes Dekollet\u00e9 mit Aussparungen, verleihen dem minimalistischen, rein elfenbeinfarbenen Kreppstoff einen architektonischen Touch. Die schlanke und stromlinienf\u00f6rmige \u00c4sthetik wird durch die moderne Silhouette des Kleides, die den nat\u00fcrlichen Kurven des K\u00f6rpers folgt, noch verst\u00e4rkt. Angefangen beim tiefen V-Ausschnitt am R\u00fccken, \u00fcber die traditionellen, stoffbezogenen Kn\u00f6pfe auf der R\u00fcckseite des Brautkleides bis hin zur flie\u00dfenden Schleppe, die diese moderne Vision von eleganter Brautmode vervollst\u00e4ndigt.","breadcrumb":{"@id":"https:\/\/www.koonings.com\/de\/product\/stella-york-7598zz11\/#breadcrumb"},"inLanguage":"de","potentialAction":[{"@type":"ReadAction","target":["https:\/\/www.koonings.com\/de\/product\/stella-york-7598zz11\/"]}]},{"@type":"ImageObject","inLanguage":"de","@id":"https:\/\/www.koonings.com\/de\/product\/stella-york-7598zz11\/#primaryimage","url":"https:\/\/www.koonings.com\/wp-content\/uploads\/2024\/11\/38215_8e504c3e2456b2924c8d6ee5584415241896af5be075aa7964eef50dd4c7ed3b059083b8.webp","contentUrl":"https:\/\/www.koonings.com\/wp-content\/uploads\/2024\/11\/38215_8e504c3e2456b2924c8d6ee5584415241896af5be075aa7964eef50dd4c7ed3b059083b8.webp","width":1200,"height":1914},{"@type":"BreadcrumbList","@id":"https:\/\/www.koonings.com\/de\/product\/stella-york-7598zz11\/#breadcrumb","itemListElement":[{"@type":"ListItem","position":1,"name":"Home","item":"https:\/\/www.koonings.com\/de\/"},{"@type":"ListItem","position":2,"name":"Stella York 7598ZZ11"}]},{"@type":"WebSite","@id":"https:\/\/www.koonings.com\/de\/#website","url":"https:\/\/www.koonings.com\/de\/","name":"Koonings","description":"De grootste bruidsmodewinkel ter wereld","publisher":{"@id":"https:\/\/www.koonings.com\/de\/#organization"},"potentialAction":[{"@type":"SearchAction","target":{"@type":"EntryPoint","urlTemplate":"https:\/\/www.koonings.com\/de\/?s={search_term_string}"},"query-input":{"@type":"PropertyValueSpecification","valueRequired":true,"valueName":"search_term_string"}}],"inLanguage":"de"},{"@type":"Organization","@id":"https:\/\/www.koonings.com\/de\/#organization","name":"Koonings","url":"https:\/\/www.koonings.com\/de\/","logo":{"@type":"ImageObject","inLanguage":"de","@id":"https:\/\/www.koonings.com\/de\/#\/schema\/logo\/image\/","url":"https:\/\/www.koonings.com\/wp-content\/uploads\/2024\/07\/logo.png","contentUrl":"https:\/\/www.koonings.com\/wp-content\/uploads\/2024\/07\/logo.png","width":600,"height":428,"caption":"Koonings"},"image":{"@id":"https:\/\/www.koonings.com\/de\/#\/schema\/logo\/image\/"},"sameAs":["https:\/\/www.facebook.com\/kooningstheweddingpalace","https:\/\/www.instagram.com\/kooningstheweddingpalace","https:\/\/www.pinterest.com\/koonings","https:\/\/www.youtube.com\/kooningstheweddingpalace"]}]}},"_links":{"self":[{"href":"https:\/\/www.koonings.com\/de\/wp-json\/wp\/v2\/product\/57152","targetHints":{"allow":["GET"]}}],"collection":[{"href":"https:\/\/www.koonings.com\/de\/wp-json\/wp\/v2\/product"}],"about":[{"href":"https:\/\/www.koonings.com\/de\/wp-json\/wp\/v2\/types\/product"}],"wp:featuredmedia":[{"embeddable":true,"href":"https:\/\/www.koonings.com\/de\/wp-json\/wp\/v2\/media\/35334"}],"wp:attachment":[{"href":"https:\/\/www.koonings.com\/de\/wp-json\/wp\/v2\/media?parent=57152"}],"wp:term":[{"taxonomy":"productdetails","embeddable":true,"href":"https:\/\/www.koonings.com\/de\/wp-json\/wp\/v2\/productdetails?post=57152"},{"taxonomy":"productneck","embeddable":true,"href":"https:\/\/www.koonings.com\/de\/wp-json\/wp\/v2\/productneck?post=57152"},{"taxonomy":"productcolor","embeddable":true,"href":"https:\/\/www.koonings.com\/de\/wp-json\/wp\/v2\/productcolor?post=57152"},{"taxonomy":"maat","embeddable":true,"href":"https:\/\/www.koonings.com\/de\/wp-json\/wp\/v2\/maat?post=57152"},{"taxonomy":"productsupplier","embeddable":true,"href":"https:\/\/www.koonings.com\/de\/wp-json\/wp\/v2\/productsupplier?post=57152"},{"taxonomy":"productsleeve","embeddable":true,"href":"https:\/\/www.koonings.com\/de\/wp-json\/wp\/v2\/productsleeve?post=57152"},{"taxonomy":"productcategory","embeddable":true,"href":"https:\/\/www.koonings.com\/de\/wp-json\/wp\/v2\/productcategory?post=57152"},{"taxonomy":"productsilhouette","embeddable":true,"href":"https:\/\/www.koonings.com\/de\/wp-json\/wp\/v2\/productsilhouette?post=57152"},{"taxonomy":"productstyle","embeddable":true,"href":"https:\/\/www.koonings.com\/de\/wp-json\/wp\/v2\/productstyle?post=57152"}],"curies":[{"name":"wp","href":"https:\/\/api.w.org\/{rel}","templated":true}]}}