{"id":57130,"date":"2026-05-06T15:10:23","date_gmt":"2026-05-06T13:10:23","guid":{"rendered":"https:\/\/www.koonings.com\/product\/herve-paris-celeste\/"},"modified":"2026-02-16T14:43:36","modified_gmt":"2026-02-16T13:43:36","slug":"herve-paris-celeste","status":"publish","type":"product","link":"https:\/\/www.koonings.com\/de\/product\/herve-paris-celeste\/","title":{"rendered":"Herve Paris Celeste"},"content":{"rendered":"<p>Celeste verk\u00f6rpert die Essenz der reinen Einfachheit. Dieses flie\u00dfende Kleid aus Satin sorgt f\u00fcr eine flie\u00dfende und anmutige Silhouette. Ein oberschenkelhoher Schlitz sorgt f\u00fcr einen Hauch von Verf\u00fchrung, w\u00e4hrend die Spaghettitr\u00e4ger und der tiefe V-R\u00fccken einen Hauch von modernem Minimalismus hinzuf\u00fcgen.  <\/p>\n","protected":false},"featured_media":35487,"template":"","meta":{"_acf_changed":false,"ghostkit_customizer_options":"","ghostkit_custom_css":"","ghostkit_custom_js_head":"","ghostkit_custom_js_foot":"","ghostkit_typography":""},"productdetails":[378],"productneck":[356],"productcolor":[392],"maat":[],"productsupplier":[424],"productsleeve":[359],"productcategory":[18],"productsilhouette":[389],"productstyle":[],"class_list":["post-57130","product","type-product","status-publish","has-post-thumbnail","hentry","productdetails-378","productneck-356","productcolor-392","productsupplier-herve-paris","productsleeve-359","productcategory-trouwjurken","productsilhouette-389"],"acf":[],"yoast_head":"<!-- This site is optimized with the Yoast SEO plugin v27.3 - https:\/\/yoast.com\/product\/yoast-seo-wordpress\/ -->\n<title>Herve Paris Celeste | Koonings<\/title>\n<meta name=\"description\" content=\"Celeste verk\u00f6rpert die Essenz der reinen Einfachheit. Dieses flie\u00dfende Kleid aus Satin sorgt f\u00fcr eine flie\u00dfende und anmutige Silhouette. Ein oberschenkelhoher Schlitz sorgt f\u00fcr einen Hauch von Verf\u00fchrung, w\u00e4hrend die Spaghettitr\u00e4ger und der tiefe V-R\u00fccken einen Hauch von modernem Minimalismus hinzuf\u00fcgen.\" \/>\n<meta name=\"robots\" content=\"index, follow, max-snippet:-1, max-image-preview:large, max-video-preview:-1\" \/>\n<link rel=\"canonical\" href=\"https:\/\/www.koonings.com\/de\/product\/herve-paris-celeste\/\" \/>\n<meta property=\"og:locale\" content=\"de_DE\" \/>\n<meta property=\"og:type\" content=\"article\" \/>\n<meta property=\"og:title\" content=\"Herve Paris Celeste | Koonings\" \/>\n<meta property=\"og:description\" content=\"Celeste verk\u00f6rpert die Essenz der reinen Einfachheit. Dieses flie\u00dfende Kleid aus Satin sorgt f\u00fcr eine flie\u00dfende und anmutige Silhouette. Ein oberschenkelhoher Schlitz sorgt f\u00fcr einen Hauch von Verf\u00fchrung, w\u00e4hrend die Spaghettitr\u00e4ger und der tiefe V-R\u00fccken einen Hauch von modernem Minimalismus hinzuf\u00fcgen.\" \/>\n<meta property=\"og:url\" content=\"https:\/\/www.koonings.com\/de\/product\/herve-paris-celeste\/\" \/>\n<meta property=\"og:site_name\" content=\"Koonings\" \/>\n<meta property=\"article:publisher\" content=\"https:\/\/www.facebook.com\/kooningstheweddingpalace\" \/>\n<meta property=\"og:image\" content=\"https:\/\/www.koonings.com\/wp-content\/uploads\/2024\/11\/38394_81e7ba49b2b50fd3db56692989567190ad1a305deff94c2484632f76177c7bb30e593727-scaled.jpeg\" \/>\n\t<meta property=\"og:image:width\" content=\"1815\" \/>\n\t<meta property=\"og:image:height\" content=\"2560\" \/>\n\t<meta property=\"og:image:type\" content=\"image\/jpeg\" \/>\n<meta name=\"twitter:card\" content=\"summary_large_image\" \/>\n<script type=\"application\/ld+json\" class=\"yoast-schema-graph\">{\"@context\":\"https:\\\/\\\/schema.org\",\"@graph\":[{\"@type\":\"WebPage\",\"@id\":\"https:\\\/\\\/www.koonings.com\\\/de\\\/product\\\/herve-paris-celeste\\\/\",\"url\":\"https:\\\/\\\/www.koonings.com\\\/de\\\/product\\\/herve-paris-celeste\\\/\",\"name\":\"Herve Paris Celeste | Koonings\",\"isPartOf\":{\"@id\":\"https:\\\/\\\/www.koonings.com\\\/de\\\/#website\"},\"primaryImageOfPage\":{\"@id\":\"https:\\\/\\\/www.koonings.com\\\/de\\\/product\\\/herve-paris-celeste\\\/#primaryimage\"},\"image\":{\"@id\":\"https:\\\/\\\/www.koonings.com\\\/de\\\/product\\\/herve-paris-celeste\\\/#primaryimage\"},\"thumbnailUrl\":\"https:\\\/\\\/www.koonings.com\\\/wp-content\\\/uploads\\\/2024\\\/11\\\/38394_81e7ba49b2b50fd3db56692989567190ad1a305deff94c2484632f76177c7bb30e593727-scaled.jpeg\",\"datePublished\":\"2026-05-06T13:10:23+00:00\",\"description\":\"Celeste verk\u00f6rpert die Essenz der reinen Einfachheit. Dieses flie\u00dfende Kleid aus Satin sorgt f\u00fcr eine flie\u00dfende und anmutige Silhouette. Ein oberschenkelhoher Schlitz sorgt f\u00fcr einen Hauch von Verf\u00fchrung, w\u00e4hrend die Spaghettitr\u00e4ger und der tiefe V-R\u00fccken einen Hauch von modernem Minimalismus hinzuf\u00fcgen.\",\"breadcrumb\":{\"@id\":\"https:\\\/\\\/www.koonings.com\\\/de\\\/product\\\/herve-paris-celeste\\\/#breadcrumb\"},\"inLanguage\":\"de\",\"potentialAction\":[{\"@type\":\"ReadAction\",\"target\":[\"https:\\\/\\\/www.koonings.com\\\/de\\\/product\\\/herve-paris-celeste\\\/\"]}]},{\"@type\":\"ImageObject\",\"inLanguage\":\"de\",\"@id\":\"https:\\\/\\\/www.koonings.com\\\/de\\\/product\\\/herve-paris-celeste\\\/#primaryimage\",\"url\":\"https:\\\/\\\/www.koonings.com\\\/wp-content\\\/uploads\\\/2024\\\/11\\\/38394_81e7ba49b2b50fd3db56692989567190ad1a305deff94c2484632f76177c7bb30e593727-scaled.jpeg\",\"contentUrl\":\"https:\\\/\\\/www.koonings.com\\\/wp-content\\\/uploads\\\/2024\\\/11\\\/38394_81e7ba49b2b50fd3db56692989567190ad1a305deff94c2484632f76177c7bb30e593727-scaled.jpeg\",\"width\":1815,\"height\":2560},{\"@type\":\"BreadcrumbList\",\"@id\":\"https:\\\/\\\/www.koonings.com\\\/de\\\/product\\\/herve-paris-celeste\\\/#breadcrumb\",\"itemListElement\":[{\"@type\":\"ListItem\",\"position\":1,\"name\":\"Home\",\"item\":\"https:\\\/\\\/www.koonings.com\\\/de\\\/\"},{\"@type\":\"ListItem\",\"position\":2,\"name\":\"Herve Paris Celeste\"}]},{\"@type\":\"WebSite\",\"@id\":\"https:\\\/\\\/www.koonings.com\\\/de\\\/#website\",\"url\":\"https:\\\/\\\/www.koonings.com\\\/de\\\/\",\"name\":\"Koonings\",\"description\":\"De grootste bruidsmodewinkel ter wereld\",\"publisher\":{\"@id\":\"https:\\\/\\\/www.koonings.com\\\/de\\\/#organization\"},\"potentialAction\":[{\"@type\":\"SearchAction\",\"target\":{\"@type\":\"EntryPoint\",\"urlTemplate\":\"https:\\\/\\\/www.koonings.com\\\/de\\\/?s={search_term_string}\"},\"query-input\":{\"@type\":\"PropertyValueSpecification\",\"valueRequired\":true,\"valueName\":\"search_term_string\"}}],\"inLanguage\":\"de\"},{\"@type\":\"Organization\",\"@id\":\"https:\\\/\\\/www.koonings.com\\\/de\\\/#organization\",\"name\":\"Koonings\",\"url\":\"https:\\\/\\\/www.koonings.com\\\/de\\\/\",\"logo\":{\"@type\":\"ImageObject\",\"inLanguage\":\"de\",\"@id\":\"https:\\\/\\\/www.koonings.com\\\/de\\\/#\\\/schema\\\/logo\\\/image\\\/\",\"url\":\"https:\\\/\\\/www.koonings.com\\\/wp-content\\\/uploads\\\/2024\\\/07\\\/logo.png\",\"contentUrl\":\"https:\\\/\\\/www.koonings.com\\\/wp-content\\\/uploads\\\/2024\\\/07\\\/logo.png\",\"width\":600,\"height\":428,\"caption\":\"Koonings\"},\"image\":{\"@id\":\"https:\\\/\\\/www.koonings.com\\\/de\\\/#\\\/schema\\\/logo\\\/image\\\/\"},\"sameAs\":[\"https:\\\/\\\/www.facebook.com\\\/kooningstheweddingpalace\",\"https:\\\/\\\/www.instagram.com\\\/kooningstheweddingpalace\",\"https:\\\/\\\/www.pinterest.com\\\/koonings\",\"https:\\\/\\\/www.youtube.com\\\/kooningstheweddingpalace\"]}]}<\/script>\n<!-- \/ Yoast SEO plugin. -->","yoast_head_json":{"title":"Herve Paris Celeste | Koonings","description":"Celeste verk\u00f6rpert die Essenz der reinen Einfachheit. Dieses flie\u00dfende Kleid aus Satin sorgt f\u00fcr eine flie\u00dfende und anmutige Silhouette. Ein oberschenkelhoher Schlitz sorgt f\u00fcr einen Hauch von Verf\u00fchrung, w\u00e4hrend die Spaghettitr\u00e4ger und der tiefe V-R\u00fccken einen Hauch von modernem Minimalismus hinzuf\u00fcgen.","robots":{"index":"index","follow":"follow","max-snippet":"max-snippet:-1","max-image-preview":"max-image-preview:large","max-video-preview":"max-video-preview:-1"},"canonical":"https:\/\/www.koonings.com\/de\/product\/herve-paris-celeste\/","og_locale":"de_DE","og_type":"article","og_title":"Herve Paris Celeste | Koonings","og_description":"Celeste verk\u00f6rpert die Essenz der reinen Einfachheit. Dieses flie\u00dfende Kleid aus Satin sorgt f\u00fcr eine flie\u00dfende und anmutige Silhouette. Ein oberschenkelhoher Schlitz sorgt f\u00fcr einen Hauch von Verf\u00fchrung, w\u00e4hrend die Spaghettitr\u00e4ger und der tiefe V-R\u00fccken einen Hauch von modernem Minimalismus hinzuf\u00fcgen.","og_url":"https:\/\/www.koonings.com\/de\/product\/herve-paris-celeste\/","og_site_name":"Koonings","article_publisher":"https:\/\/www.facebook.com\/kooningstheweddingpalace","og_image":[{"width":1815,"height":2560,"url":"https:\/\/www.koonings.com\/wp-content\/uploads\/2024\/11\/38394_81e7ba49b2b50fd3db56692989567190ad1a305deff94c2484632f76177c7bb30e593727-scaled.jpeg","type":"image\/jpeg"}],"twitter_card":"summary_large_image","schema":{"@context":"https:\/\/schema.org","@graph":[{"@type":"WebPage","@id":"https:\/\/www.koonings.com\/de\/product\/herve-paris-celeste\/","url":"https:\/\/www.koonings.com\/de\/product\/herve-paris-celeste\/","name":"Herve Paris Celeste | Koonings","isPartOf":{"@id":"https:\/\/www.koonings.com\/de\/#website"},"primaryImageOfPage":{"@id":"https:\/\/www.koonings.com\/de\/product\/herve-paris-celeste\/#primaryimage"},"image":{"@id":"https:\/\/www.koonings.com\/de\/product\/herve-paris-celeste\/#primaryimage"},"thumbnailUrl":"https:\/\/www.koonings.com\/wp-content\/uploads\/2024\/11\/38394_81e7ba49b2b50fd3db56692989567190ad1a305deff94c2484632f76177c7bb30e593727-scaled.jpeg","datePublished":"2026-05-06T13:10:23+00:00","description":"Celeste verk\u00f6rpert die Essenz der reinen Einfachheit. Dieses flie\u00dfende Kleid aus Satin sorgt f\u00fcr eine flie\u00dfende und anmutige Silhouette. Ein oberschenkelhoher Schlitz sorgt f\u00fcr einen Hauch von Verf\u00fchrung, w\u00e4hrend die Spaghettitr\u00e4ger und der tiefe V-R\u00fccken einen Hauch von modernem Minimalismus hinzuf\u00fcgen.","breadcrumb":{"@id":"https:\/\/www.koonings.com\/de\/product\/herve-paris-celeste\/#breadcrumb"},"inLanguage":"de","potentialAction":[{"@type":"ReadAction","target":["https:\/\/www.koonings.com\/de\/product\/herve-paris-celeste\/"]}]},{"@type":"ImageObject","inLanguage":"de","@id":"https:\/\/www.koonings.com\/de\/product\/herve-paris-celeste\/#primaryimage","url":"https:\/\/www.koonings.com\/wp-content\/uploads\/2024\/11\/38394_81e7ba49b2b50fd3db56692989567190ad1a305deff94c2484632f76177c7bb30e593727-scaled.jpeg","contentUrl":"https:\/\/www.koonings.com\/wp-content\/uploads\/2024\/11\/38394_81e7ba49b2b50fd3db56692989567190ad1a305deff94c2484632f76177c7bb30e593727-scaled.jpeg","width":1815,"height":2560},{"@type":"BreadcrumbList","@id":"https:\/\/www.koonings.com\/de\/product\/herve-paris-celeste\/#breadcrumb","itemListElement":[{"@type":"ListItem","position":1,"name":"Home","item":"https:\/\/www.koonings.com\/de\/"},{"@type":"ListItem","position":2,"name":"Herve Paris Celeste"}]},{"@type":"WebSite","@id":"https:\/\/www.koonings.com\/de\/#website","url":"https:\/\/www.koonings.com\/de\/","name":"Koonings","description":"De grootste bruidsmodewinkel ter wereld","publisher":{"@id":"https:\/\/www.koonings.com\/de\/#organization"},"potentialAction":[{"@type":"SearchAction","target":{"@type":"EntryPoint","urlTemplate":"https:\/\/www.koonings.com\/de\/?s={search_term_string}"},"query-input":{"@type":"PropertyValueSpecification","valueRequired":true,"valueName":"search_term_string"}}],"inLanguage":"de"},{"@type":"Organization","@id":"https:\/\/www.koonings.com\/de\/#organization","name":"Koonings","url":"https:\/\/www.koonings.com\/de\/","logo":{"@type":"ImageObject","inLanguage":"de","@id":"https:\/\/www.koonings.com\/de\/#\/schema\/logo\/image\/","url":"https:\/\/www.koonings.com\/wp-content\/uploads\/2024\/07\/logo.png","contentUrl":"https:\/\/www.koonings.com\/wp-content\/uploads\/2024\/07\/logo.png","width":600,"height":428,"caption":"Koonings"},"image":{"@id":"https:\/\/www.koonings.com\/de\/#\/schema\/logo\/image\/"},"sameAs":["https:\/\/www.facebook.com\/kooningstheweddingpalace","https:\/\/www.instagram.com\/kooningstheweddingpalace","https:\/\/www.pinterest.com\/koonings","https:\/\/www.youtube.com\/kooningstheweddingpalace"]}]}},"_links":{"self":[{"href":"https:\/\/www.koonings.com\/de\/wp-json\/wp\/v2\/product\/57130","targetHints":{"allow":["GET"]}}],"collection":[{"href":"https:\/\/www.koonings.com\/de\/wp-json\/wp\/v2\/product"}],"about":[{"href":"https:\/\/www.koonings.com\/de\/wp-json\/wp\/v2\/types\/product"}],"wp:featuredmedia":[{"embeddable":true,"href":"https:\/\/www.koonings.com\/de\/wp-json\/wp\/v2\/media\/35487"}],"wp:attachment":[{"href":"https:\/\/www.koonings.com\/de\/wp-json\/wp\/v2\/media?parent=57130"}],"wp:term":[{"taxonomy":"productdetails","embeddable":true,"href":"https:\/\/www.koonings.com\/de\/wp-json\/wp\/v2\/productdetails?post=57130"},{"taxonomy":"productneck","embeddable":true,"href":"https:\/\/www.koonings.com\/de\/wp-json\/wp\/v2\/productneck?post=57130"},{"taxonomy":"productcolor","embeddable":true,"href":"https:\/\/www.koonings.com\/de\/wp-json\/wp\/v2\/productcolor?post=57130"},{"taxonomy":"maat","embeddable":true,"href":"https:\/\/www.koonings.com\/de\/wp-json\/wp\/v2\/maat?post=57130"},{"taxonomy":"productsupplier","embeddable":true,"href":"https:\/\/www.koonings.com\/de\/wp-json\/wp\/v2\/productsupplier?post=57130"},{"taxonomy":"productsleeve","embeddable":true,"href":"https:\/\/www.koonings.com\/de\/wp-json\/wp\/v2\/productsleeve?post=57130"},{"taxonomy":"productcategory","embeddable":true,"href":"https:\/\/www.koonings.com\/de\/wp-json\/wp\/v2\/productcategory?post=57130"},{"taxonomy":"productsilhouette","embeddable":true,"href":"https:\/\/www.koonings.com\/de\/wp-json\/wp\/v2\/productsilhouette?post=57130"},{"taxonomy":"productstyle","embeddable":true,"href":"https:\/\/www.koonings.com\/de\/wp-json\/wp\/v2\/productstyle?post=57130"}],"curies":[{"name":"wp","href":"https:\/\/api.w.org\/{rel}","templated":true}]}}