{"id":57125,"date":"2026-04-21T18:10:32","date_gmt":"2026-04-21T16:10:32","guid":{"rendered":"https:\/\/www.koonings.com\/product\/herve-paris-claudette\/"},"modified":"2026-02-16T14:43:39","modified_gmt":"2026-02-16T13:43:39","slug":"herve-paris-claudette","status":"publish","type":"product","link":"https:\/\/www.koonings.com\/de\/product\/herve-paris-claudette\/","title":{"rendered":"Herve Paris Claudette"},"content":{"rendered":"<p>Tauchen Sie ein in die schlichte Eleganz des Kleides Claudette, dessen Mieder ein wundersch\u00f6nes Spitzenmuster enth\u00fcllt, das einen faszinierenden Durchsichtigkeitseffekt erzeugt. Die verschlungene Spitze verleiht dem Design einen Hauch von zarter Sch\u00f6nheit. Das Claudette Kleid ist vielseitig, denn Sie haben die Wahl zwischen einem T\u00fcllrock oder einem Chiffonrock. So k\u00f6nnen Sie den Look an Ihren pers\u00f6nlichen Stil anpassen, ohne dass der Charme des Kleides verloren geht.  <\/p>\n","protected":false},"featured_media":35512,"template":"","meta":{"_acf_changed":false,"ghostkit_customizer_options":"","ghostkit_custom_css":"","ghostkit_custom_js_head":"","ghostkit_custom_js_foot":"","ghostkit_typography":""},"productdetails":[378],"productneck":[355],"productcolor":[393,392],"maat":[],"productsupplier":[424],"productsleeve":[359],"productcategory":[18],"productsilhouette":[384],"productstyle":[],"class_list":["post-57125","product","type-product","status-publish","has-post-thumbnail","hentry","productdetails-378","productneck-355","productcolor-393","productcolor-392","productsupplier-herve-paris","productsleeve-359","productcategory-trouwjurken","productsilhouette-384"],"acf":[],"yoast_head":"<!-- This site is optimized with the Yoast SEO plugin v27.3 - https:\/\/yoast.com\/product\/yoast-seo-wordpress\/ -->\n<title>Herve Paris Claudette | Koonings<\/title>\n<meta name=\"description\" content=\"Tauchen Sie ein in die schlichte Eleganz des Kleides Claudette, dessen Mieder ein wundersch\u00f6nes Spitzenmuster enth\u00fcllt, das einen faszinierenden Durchsichtigkeitseffekt erzeugt. Die verschlungene Spitze verleiht dem Design einen Hauch von zarter Sch\u00f6nheit. Das Claudette Kleid ist vielseitig, denn Sie haben die Wahl zwischen einem T\u00fcllrock oder einem Chiffonrock. So k\u00f6nnen Sie den Look an Ihren pers\u00f6nlichen Stil anpassen, ohne dass der Charme des Kleides verloren geht.\" \/>\n<meta name=\"robots\" content=\"index, follow, max-snippet:-1, max-image-preview:large, max-video-preview:-1\" \/>\n<link rel=\"canonical\" href=\"https:\/\/www.koonings.com\/de\/product\/herve-paris-claudette\/\" \/>\n<meta property=\"og:locale\" content=\"de_DE\" \/>\n<meta property=\"og:type\" content=\"article\" \/>\n<meta property=\"og:title\" content=\"Herve Paris Claudette | Koonings\" \/>\n<meta property=\"og:description\" content=\"Tauchen Sie ein in die schlichte Eleganz des Kleides Claudette, dessen Mieder ein wundersch\u00f6nes Spitzenmuster enth\u00fcllt, das einen faszinierenden Durchsichtigkeitseffekt erzeugt. Die verschlungene Spitze verleiht dem Design einen Hauch von zarter Sch\u00f6nheit. Das Claudette Kleid ist vielseitig, denn Sie haben die Wahl zwischen einem T\u00fcllrock oder einem Chiffonrock. So k\u00f6nnen Sie den Look an Ihren pers\u00f6nlichen Stil anpassen, ohne dass der Charme des Kleides verloren geht.\" \/>\n<meta property=\"og:url\" content=\"https:\/\/www.koonings.com\/de\/product\/herve-paris-claudette\/\" \/>\n<meta property=\"og:site_name\" content=\"Koonings\" \/>\n<meta property=\"article:publisher\" content=\"https:\/\/www.facebook.com\/kooningstheweddingpalace\" \/>\n<meta property=\"og:image\" content=\"https:\/\/www.koonings.com\/wp-content\/uploads\/2024\/11\/38395_5369cf79e8dd773e9c6c1a64f940de7140de0028e159899d689ffe560ed487ec61c47d29-scaled.jpeg\" \/>\n\t<meta property=\"og:image:width\" content=\"1810\" \/>\n\t<meta property=\"og:image:height\" content=\"2560\" \/>\n\t<meta property=\"og:image:type\" content=\"image\/jpeg\" \/>\n<meta name=\"twitter:card\" content=\"summary_large_image\" \/>\n<script type=\"application\/ld+json\" class=\"yoast-schema-graph\">{\"@context\":\"https:\\\/\\\/schema.org\",\"@graph\":[{\"@type\":\"WebPage\",\"@id\":\"https:\\\/\\\/www.koonings.com\\\/de\\\/product\\\/herve-paris-claudette\\\/\",\"url\":\"https:\\\/\\\/www.koonings.com\\\/de\\\/product\\\/herve-paris-claudette\\\/\",\"name\":\"Herve Paris Claudette | Koonings\",\"isPartOf\":{\"@id\":\"https:\\\/\\\/www.koonings.com\\\/de\\\/#website\"},\"primaryImageOfPage\":{\"@id\":\"https:\\\/\\\/www.koonings.com\\\/de\\\/product\\\/herve-paris-claudette\\\/#primaryimage\"},\"image\":{\"@id\":\"https:\\\/\\\/www.koonings.com\\\/de\\\/product\\\/herve-paris-claudette\\\/#primaryimage\"},\"thumbnailUrl\":\"https:\\\/\\\/www.koonings.com\\\/wp-content\\\/uploads\\\/2024\\\/11\\\/38395_5369cf79e8dd773e9c6c1a64f940de7140de0028e159899d689ffe560ed487ec61c47d29-scaled.jpeg\",\"datePublished\":\"2026-04-21T16:10:32+00:00\",\"description\":\"Tauchen Sie ein in die schlichte Eleganz des Kleides Claudette, dessen Mieder ein wundersch\u00f6nes Spitzenmuster enth\u00fcllt, das einen faszinierenden Durchsichtigkeitseffekt erzeugt. Die verschlungene Spitze verleiht dem Design einen Hauch von zarter Sch\u00f6nheit. Das Claudette Kleid ist vielseitig, denn Sie haben die Wahl zwischen einem T\u00fcllrock oder einem Chiffonrock. So k\u00f6nnen Sie den Look an Ihren pers\u00f6nlichen Stil anpassen, ohne dass der Charme des Kleides verloren geht.\",\"breadcrumb\":{\"@id\":\"https:\\\/\\\/www.koonings.com\\\/de\\\/product\\\/herve-paris-claudette\\\/#breadcrumb\"},\"inLanguage\":\"de\",\"potentialAction\":[{\"@type\":\"ReadAction\",\"target\":[\"https:\\\/\\\/www.koonings.com\\\/de\\\/product\\\/herve-paris-claudette\\\/\"]}]},{\"@type\":\"ImageObject\",\"inLanguage\":\"de\",\"@id\":\"https:\\\/\\\/www.koonings.com\\\/de\\\/product\\\/herve-paris-claudette\\\/#primaryimage\",\"url\":\"https:\\\/\\\/www.koonings.com\\\/wp-content\\\/uploads\\\/2024\\\/11\\\/38395_5369cf79e8dd773e9c6c1a64f940de7140de0028e159899d689ffe560ed487ec61c47d29-scaled.jpeg\",\"contentUrl\":\"https:\\\/\\\/www.koonings.com\\\/wp-content\\\/uploads\\\/2024\\\/11\\\/38395_5369cf79e8dd773e9c6c1a64f940de7140de0028e159899d689ffe560ed487ec61c47d29-scaled.jpeg\",\"width\":1810,\"height\":2560},{\"@type\":\"BreadcrumbList\",\"@id\":\"https:\\\/\\\/www.koonings.com\\\/de\\\/product\\\/herve-paris-claudette\\\/#breadcrumb\",\"itemListElement\":[{\"@type\":\"ListItem\",\"position\":1,\"name\":\"Home\",\"item\":\"https:\\\/\\\/www.koonings.com\\\/de\\\/\"},{\"@type\":\"ListItem\",\"position\":2,\"name\":\"Herve Paris Claudette\"}]},{\"@type\":\"WebSite\",\"@id\":\"https:\\\/\\\/www.koonings.com\\\/de\\\/#website\",\"url\":\"https:\\\/\\\/www.koonings.com\\\/de\\\/\",\"name\":\"Koonings\",\"description\":\"De grootste bruidsmodewinkel ter wereld\",\"publisher\":{\"@id\":\"https:\\\/\\\/www.koonings.com\\\/de\\\/#organization\"},\"potentialAction\":[{\"@type\":\"SearchAction\",\"target\":{\"@type\":\"EntryPoint\",\"urlTemplate\":\"https:\\\/\\\/www.koonings.com\\\/de\\\/?s={search_term_string}\"},\"query-input\":{\"@type\":\"PropertyValueSpecification\",\"valueRequired\":true,\"valueName\":\"search_term_string\"}}],\"inLanguage\":\"de\"},{\"@type\":\"Organization\",\"@id\":\"https:\\\/\\\/www.koonings.com\\\/de\\\/#organization\",\"name\":\"Koonings\",\"url\":\"https:\\\/\\\/www.koonings.com\\\/de\\\/\",\"logo\":{\"@type\":\"ImageObject\",\"inLanguage\":\"de\",\"@id\":\"https:\\\/\\\/www.koonings.com\\\/de\\\/#\\\/schema\\\/logo\\\/image\\\/\",\"url\":\"https:\\\/\\\/www.koonings.com\\\/wp-content\\\/uploads\\\/2024\\\/07\\\/logo.png\",\"contentUrl\":\"https:\\\/\\\/www.koonings.com\\\/wp-content\\\/uploads\\\/2024\\\/07\\\/logo.png\",\"width\":600,\"height\":428,\"caption\":\"Koonings\"},\"image\":{\"@id\":\"https:\\\/\\\/www.koonings.com\\\/de\\\/#\\\/schema\\\/logo\\\/image\\\/\"},\"sameAs\":[\"https:\\\/\\\/www.facebook.com\\\/kooningstheweddingpalace\",\"https:\\\/\\\/www.instagram.com\\\/kooningstheweddingpalace\",\"https:\\\/\\\/www.pinterest.com\\\/koonings\",\"https:\\\/\\\/www.youtube.com\\\/kooningstheweddingpalace\"]}]}<\/script>\n<!-- \/ Yoast SEO plugin. -->","yoast_head_json":{"title":"Herve Paris Claudette | Koonings","description":"Tauchen Sie ein in die schlichte Eleganz des Kleides Claudette, dessen Mieder ein wundersch\u00f6nes Spitzenmuster enth\u00fcllt, das einen faszinierenden Durchsichtigkeitseffekt erzeugt. Die verschlungene Spitze verleiht dem Design einen Hauch von zarter Sch\u00f6nheit. Das Claudette Kleid ist vielseitig, denn Sie haben die Wahl zwischen einem T\u00fcllrock oder einem Chiffonrock. So k\u00f6nnen Sie den Look an Ihren pers\u00f6nlichen Stil anpassen, ohne dass der Charme des Kleides verloren geht.","robots":{"index":"index","follow":"follow","max-snippet":"max-snippet:-1","max-image-preview":"max-image-preview:large","max-video-preview":"max-video-preview:-1"},"canonical":"https:\/\/www.koonings.com\/de\/product\/herve-paris-claudette\/","og_locale":"de_DE","og_type":"article","og_title":"Herve Paris Claudette | Koonings","og_description":"Tauchen Sie ein in die schlichte Eleganz des Kleides Claudette, dessen Mieder ein wundersch\u00f6nes Spitzenmuster enth\u00fcllt, das einen faszinierenden Durchsichtigkeitseffekt erzeugt. Die verschlungene Spitze verleiht dem Design einen Hauch von zarter Sch\u00f6nheit. Das Claudette Kleid ist vielseitig, denn Sie haben die Wahl zwischen einem T\u00fcllrock oder einem Chiffonrock. So k\u00f6nnen Sie den Look an Ihren pers\u00f6nlichen Stil anpassen, ohne dass der Charme des Kleides verloren geht.","og_url":"https:\/\/www.koonings.com\/de\/product\/herve-paris-claudette\/","og_site_name":"Koonings","article_publisher":"https:\/\/www.facebook.com\/kooningstheweddingpalace","og_image":[{"width":1810,"height":2560,"url":"https:\/\/www.koonings.com\/wp-content\/uploads\/2024\/11\/38395_5369cf79e8dd773e9c6c1a64f940de7140de0028e159899d689ffe560ed487ec61c47d29-scaled.jpeg","type":"image\/jpeg"}],"twitter_card":"summary_large_image","schema":{"@context":"https:\/\/schema.org","@graph":[{"@type":"WebPage","@id":"https:\/\/www.koonings.com\/de\/product\/herve-paris-claudette\/","url":"https:\/\/www.koonings.com\/de\/product\/herve-paris-claudette\/","name":"Herve Paris Claudette | Koonings","isPartOf":{"@id":"https:\/\/www.koonings.com\/de\/#website"},"primaryImageOfPage":{"@id":"https:\/\/www.koonings.com\/de\/product\/herve-paris-claudette\/#primaryimage"},"image":{"@id":"https:\/\/www.koonings.com\/de\/product\/herve-paris-claudette\/#primaryimage"},"thumbnailUrl":"https:\/\/www.koonings.com\/wp-content\/uploads\/2024\/11\/38395_5369cf79e8dd773e9c6c1a64f940de7140de0028e159899d689ffe560ed487ec61c47d29-scaled.jpeg","datePublished":"2026-04-21T16:10:32+00:00","description":"Tauchen Sie ein in die schlichte Eleganz des Kleides Claudette, dessen Mieder ein wundersch\u00f6nes Spitzenmuster enth\u00fcllt, das einen faszinierenden Durchsichtigkeitseffekt erzeugt. Die verschlungene Spitze verleiht dem Design einen Hauch von zarter Sch\u00f6nheit. Das Claudette Kleid ist vielseitig, denn Sie haben die Wahl zwischen einem T\u00fcllrock oder einem Chiffonrock. So k\u00f6nnen Sie den Look an Ihren pers\u00f6nlichen Stil anpassen, ohne dass der Charme des Kleides verloren geht.","breadcrumb":{"@id":"https:\/\/www.koonings.com\/de\/product\/herve-paris-claudette\/#breadcrumb"},"inLanguage":"de","potentialAction":[{"@type":"ReadAction","target":["https:\/\/www.koonings.com\/de\/product\/herve-paris-claudette\/"]}]},{"@type":"ImageObject","inLanguage":"de","@id":"https:\/\/www.koonings.com\/de\/product\/herve-paris-claudette\/#primaryimage","url":"https:\/\/www.koonings.com\/wp-content\/uploads\/2024\/11\/38395_5369cf79e8dd773e9c6c1a64f940de7140de0028e159899d689ffe560ed487ec61c47d29-scaled.jpeg","contentUrl":"https:\/\/www.koonings.com\/wp-content\/uploads\/2024\/11\/38395_5369cf79e8dd773e9c6c1a64f940de7140de0028e159899d689ffe560ed487ec61c47d29-scaled.jpeg","width":1810,"height":2560},{"@type":"BreadcrumbList","@id":"https:\/\/www.koonings.com\/de\/product\/herve-paris-claudette\/#breadcrumb","itemListElement":[{"@type":"ListItem","position":1,"name":"Home","item":"https:\/\/www.koonings.com\/de\/"},{"@type":"ListItem","position":2,"name":"Herve Paris Claudette"}]},{"@type":"WebSite","@id":"https:\/\/www.koonings.com\/de\/#website","url":"https:\/\/www.koonings.com\/de\/","name":"Koonings","description":"De grootste bruidsmodewinkel ter wereld","publisher":{"@id":"https:\/\/www.koonings.com\/de\/#organization"},"potentialAction":[{"@type":"SearchAction","target":{"@type":"EntryPoint","urlTemplate":"https:\/\/www.koonings.com\/de\/?s={search_term_string}"},"query-input":{"@type":"PropertyValueSpecification","valueRequired":true,"valueName":"search_term_string"}}],"inLanguage":"de"},{"@type":"Organization","@id":"https:\/\/www.koonings.com\/de\/#organization","name":"Koonings","url":"https:\/\/www.koonings.com\/de\/","logo":{"@type":"ImageObject","inLanguage":"de","@id":"https:\/\/www.koonings.com\/de\/#\/schema\/logo\/image\/","url":"https:\/\/www.koonings.com\/wp-content\/uploads\/2024\/07\/logo.png","contentUrl":"https:\/\/www.koonings.com\/wp-content\/uploads\/2024\/07\/logo.png","width":600,"height":428,"caption":"Koonings"},"image":{"@id":"https:\/\/www.koonings.com\/de\/#\/schema\/logo\/image\/"},"sameAs":["https:\/\/www.facebook.com\/kooningstheweddingpalace","https:\/\/www.instagram.com\/kooningstheweddingpalace","https:\/\/www.pinterest.com\/koonings","https:\/\/www.youtube.com\/kooningstheweddingpalace"]}]}},"_links":{"self":[{"href":"https:\/\/www.koonings.com\/de\/wp-json\/wp\/v2\/product\/57125","targetHints":{"allow":["GET"]}}],"collection":[{"href":"https:\/\/www.koonings.com\/de\/wp-json\/wp\/v2\/product"}],"about":[{"href":"https:\/\/www.koonings.com\/de\/wp-json\/wp\/v2\/types\/product"}],"wp:featuredmedia":[{"embeddable":true,"href":"https:\/\/www.koonings.com\/de\/wp-json\/wp\/v2\/media\/35512"}],"wp:attachment":[{"href":"https:\/\/www.koonings.com\/de\/wp-json\/wp\/v2\/media?parent=57125"}],"wp:term":[{"taxonomy":"productdetails","embeddable":true,"href":"https:\/\/www.koonings.com\/de\/wp-json\/wp\/v2\/productdetails?post=57125"},{"taxonomy":"productneck","embeddable":true,"href":"https:\/\/www.koonings.com\/de\/wp-json\/wp\/v2\/productneck?post=57125"},{"taxonomy":"productcolor","embeddable":true,"href":"https:\/\/www.koonings.com\/de\/wp-json\/wp\/v2\/productcolor?post=57125"},{"taxonomy":"maat","embeddable":true,"href":"https:\/\/www.koonings.com\/de\/wp-json\/wp\/v2\/maat?post=57125"},{"taxonomy":"productsupplier","embeddable":true,"href":"https:\/\/www.koonings.com\/de\/wp-json\/wp\/v2\/productsupplier?post=57125"},{"taxonomy":"productsleeve","embeddable":true,"href":"https:\/\/www.koonings.com\/de\/wp-json\/wp\/v2\/productsleeve?post=57125"},{"taxonomy":"productcategory","embeddable":true,"href":"https:\/\/www.koonings.com\/de\/wp-json\/wp\/v2\/productcategory?post=57125"},{"taxonomy":"productsilhouette","embeddable":true,"href":"https:\/\/www.koonings.com\/de\/wp-json\/wp\/v2\/productsilhouette?post=57125"},{"taxonomy":"productstyle","embeddable":true,"href":"https:\/\/www.koonings.com\/de\/wp-json\/wp\/v2\/productstyle?post=57125"}],"curies":[{"name":"wp","href":"https:\/\/api.w.org\/{rel}","templated":true}]}}