{"id":57116,"date":"2026-05-06T15:10:26","date_gmt":"2026-05-06T13:10:26","guid":{"rendered":"https:\/\/www.koonings.com\/product\/muse-by-berta-layla-23-130\/"},"modified":"2026-02-16T14:36:00","modified_gmt":"2026-02-16T13:36:00","slug":"muse-by-berta-layla-23-130","status":"publish","type":"product","link":"https:\/\/www.koonings.com\/de\/product\/muse-by-berta-layla-23-130\/","title":{"rendered":"Muse von Berta Layla 23-130"},"content":{"rendered":"<p>Dieses Muse by Berta Kleid aus der Pantheon Kollektion hat ein schlankes, elegantes Oberteil mit tiefem V-Ausschnitt, tiefem R\u00fccken und langen Puff\u00e4rmeln. Ab der Taille flie\u00dft der halbtransparente Rock mit elegantem Schlitz in einer sanften Bewegung zu einer Schleppe. Mit Glitzer auf dem ganzen Kleid werden Sie gl\u00e4nzen wie nie zuvor!  <\/p>\n","protected":false},"featured_media":35581,"template":"","meta":{"_acf_changed":false,"ghostkit_customizer_options":"","ghostkit_custom_css":"","ghostkit_custom_js_head":"","ghostkit_custom_js_foot":"","ghostkit_typography":""},"productdetails":[380,376,378],"productneck":[356],"productcolor":[392],"maat":[],"productsupplier":[399],"productsleeve":[362],"productcategory":[18],"productsilhouette":[384,389],"productstyle":[367,370],"class_list":["post-57116","product","type-product","status-publish","has-post-thumbnail","hentry","productdetails-380","productdetails-376","productdetails-378","productneck-356","productcolor-392","productsupplier-muse-by-berta","productsleeve-362","productcategory-trouwjurken","productsilhouette-384","productsilhouette-389","productstyle-367","productstyle-370"],"acf":[],"yoast_head":"<!-- This site is optimized with the Yoast SEO plugin v27.3 - https:\/\/yoast.com\/product\/yoast-seo-wordpress\/ -->\n<title>Muse von Berta Layla 23-130 | Koonings<\/title>\n<meta name=\"description\" content=\"Dieses Muse by Berta Kleid aus der Pantheon Kollektion hat ein schlankes, elegantes Oberteil mit tiefem V-Ausschnitt, tiefem R\u00fccken und langen Puff\u00e4rmeln. Ab der Taille flie\u00dft der halbtransparente Rock mit elegantem Schlitz in einer sanften Bewegung zu einer Schleppe. Mit Glitzer auf dem ganzen Kleid werden Sie gl\u00e4nzen wie nie zuvor!\" \/>\n<meta name=\"robots\" content=\"index, follow, max-snippet:-1, max-image-preview:large, max-video-preview:-1\" \/>\n<link rel=\"canonical\" href=\"https:\/\/www.koonings.com\/de\/product\/muse-by-berta-layla-23-130\/\" \/>\n<meta property=\"og:locale\" content=\"de_DE\" \/>\n<meta property=\"og:type\" content=\"article\" \/>\n<meta property=\"og:title\" content=\"Muse von Berta Layla 23-130 | Koonings\" \/>\n<meta property=\"og:description\" content=\"Dieses Muse by Berta Kleid aus der Pantheon Kollektion hat ein schlankes, elegantes Oberteil mit tiefem V-Ausschnitt, tiefem R\u00fccken und langen Puff\u00e4rmeln. Ab der Taille flie\u00dft der halbtransparente Rock mit elegantem Schlitz in einer sanften Bewegung zu einer Schleppe. Mit Glitzer auf dem ganzen Kleid werden Sie gl\u00e4nzen wie nie zuvor!\" \/>\n<meta property=\"og:url\" content=\"https:\/\/www.koonings.com\/de\/product\/muse-by-berta-layla-23-130\/\" \/>\n<meta property=\"og:site_name\" content=\"Koonings\" \/>\n<meta property=\"article:publisher\" content=\"https:\/\/www.facebook.com\/kooningstheweddingpalace\" \/>\n<meta property=\"og:image\" content=\"https:\/\/www.koonings.com\/wp-content\/uploads\/2024\/11\/38413_2ca7eef1f771f5a9a13bc8beda9aa359dbb5b94cd48c02af570289966f0c09e32445c886.jpeg\" \/>\n\t<meta property=\"og:image:width\" content=\"1328\" \/>\n\t<meta property=\"og:image:height\" content=\"1879\" \/>\n\t<meta property=\"og:image:type\" content=\"image\/jpeg\" \/>\n<meta name=\"twitter:card\" content=\"summary_large_image\" \/>\n<script type=\"application\/ld+json\" class=\"yoast-schema-graph\">{\"@context\":\"https:\\\/\\\/schema.org\",\"@graph\":[{\"@type\":\"WebPage\",\"@id\":\"https:\\\/\\\/www.koonings.com\\\/de\\\/product\\\/muse-by-berta-layla-23-130\\\/\",\"url\":\"https:\\\/\\\/www.koonings.com\\\/de\\\/product\\\/muse-by-berta-layla-23-130\\\/\",\"name\":\"Muse von Berta Layla 23-130 | Koonings\",\"isPartOf\":{\"@id\":\"https:\\\/\\\/www.koonings.com\\\/de\\\/#website\"},\"primaryImageOfPage\":{\"@id\":\"https:\\\/\\\/www.koonings.com\\\/de\\\/product\\\/muse-by-berta-layla-23-130\\\/#primaryimage\"},\"image\":{\"@id\":\"https:\\\/\\\/www.koonings.com\\\/de\\\/product\\\/muse-by-berta-layla-23-130\\\/#primaryimage\"},\"thumbnailUrl\":\"https:\\\/\\\/www.koonings.com\\\/wp-content\\\/uploads\\\/2024\\\/11\\\/38413_2ca7eef1f771f5a9a13bc8beda9aa359dbb5b94cd48c02af570289966f0c09e32445c886.jpeg\",\"datePublished\":\"2026-05-06T13:10:26+00:00\",\"description\":\"Dieses Muse by Berta Kleid aus der Pantheon Kollektion hat ein schlankes, elegantes Oberteil mit tiefem V-Ausschnitt, tiefem R\u00fccken und langen Puff\u00e4rmeln. Ab der Taille flie\u00dft der halbtransparente Rock mit elegantem Schlitz in einer sanften Bewegung zu einer Schleppe. Mit Glitzer auf dem ganzen Kleid werden Sie gl\u00e4nzen wie nie zuvor!\",\"breadcrumb\":{\"@id\":\"https:\\\/\\\/www.koonings.com\\\/de\\\/product\\\/muse-by-berta-layla-23-130\\\/#breadcrumb\"},\"inLanguage\":\"de\",\"potentialAction\":[{\"@type\":\"ReadAction\",\"target\":[\"https:\\\/\\\/www.koonings.com\\\/de\\\/product\\\/muse-by-berta-layla-23-130\\\/\"]}]},{\"@type\":\"ImageObject\",\"inLanguage\":\"de\",\"@id\":\"https:\\\/\\\/www.koonings.com\\\/de\\\/product\\\/muse-by-berta-layla-23-130\\\/#primaryimage\",\"url\":\"https:\\\/\\\/www.koonings.com\\\/wp-content\\\/uploads\\\/2024\\\/11\\\/38413_2ca7eef1f771f5a9a13bc8beda9aa359dbb5b94cd48c02af570289966f0c09e32445c886.jpeg\",\"contentUrl\":\"https:\\\/\\\/www.koonings.com\\\/wp-content\\\/uploads\\\/2024\\\/11\\\/38413_2ca7eef1f771f5a9a13bc8beda9aa359dbb5b94cd48c02af570289966f0c09e32445c886.jpeg\",\"width\":1328,\"height\":1879},{\"@type\":\"BreadcrumbList\",\"@id\":\"https:\\\/\\\/www.koonings.com\\\/de\\\/product\\\/muse-by-berta-layla-23-130\\\/#breadcrumb\",\"itemListElement\":[{\"@type\":\"ListItem\",\"position\":1,\"name\":\"Home\",\"item\":\"https:\\\/\\\/www.koonings.com\\\/de\\\/\"},{\"@type\":\"ListItem\",\"position\":2,\"name\":\"Muse von Berta Layla 23-130\"}]},{\"@type\":\"WebSite\",\"@id\":\"https:\\\/\\\/www.koonings.com\\\/de\\\/#website\",\"url\":\"https:\\\/\\\/www.koonings.com\\\/de\\\/\",\"name\":\"Koonings\",\"description\":\"De grootste bruidsmodewinkel ter wereld\",\"publisher\":{\"@id\":\"https:\\\/\\\/www.koonings.com\\\/de\\\/#organization\"},\"potentialAction\":[{\"@type\":\"SearchAction\",\"target\":{\"@type\":\"EntryPoint\",\"urlTemplate\":\"https:\\\/\\\/www.koonings.com\\\/de\\\/?s={search_term_string}\"},\"query-input\":{\"@type\":\"PropertyValueSpecification\",\"valueRequired\":true,\"valueName\":\"search_term_string\"}}],\"inLanguage\":\"de\"},{\"@type\":\"Organization\",\"@id\":\"https:\\\/\\\/www.koonings.com\\\/de\\\/#organization\",\"name\":\"Koonings\",\"url\":\"https:\\\/\\\/www.koonings.com\\\/de\\\/\",\"logo\":{\"@type\":\"ImageObject\",\"inLanguage\":\"de\",\"@id\":\"https:\\\/\\\/www.koonings.com\\\/de\\\/#\\\/schema\\\/logo\\\/image\\\/\",\"url\":\"https:\\\/\\\/www.koonings.com\\\/wp-content\\\/uploads\\\/2024\\\/07\\\/logo.png\",\"contentUrl\":\"https:\\\/\\\/www.koonings.com\\\/wp-content\\\/uploads\\\/2024\\\/07\\\/logo.png\",\"width\":600,\"height\":428,\"caption\":\"Koonings\"},\"image\":{\"@id\":\"https:\\\/\\\/www.koonings.com\\\/de\\\/#\\\/schema\\\/logo\\\/image\\\/\"},\"sameAs\":[\"https:\\\/\\\/www.facebook.com\\\/kooningstheweddingpalace\",\"https:\\\/\\\/www.instagram.com\\\/kooningstheweddingpalace\",\"https:\\\/\\\/www.pinterest.com\\\/koonings\",\"https:\\\/\\\/www.youtube.com\\\/kooningstheweddingpalace\"]}]}<\/script>\n<!-- \/ Yoast SEO plugin. -->","yoast_head_json":{"title":"Muse von Berta Layla 23-130 | Koonings","description":"Dieses Muse by Berta Kleid aus der Pantheon Kollektion hat ein schlankes, elegantes Oberteil mit tiefem V-Ausschnitt, tiefem R\u00fccken und langen Puff\u00e4rmeln. Ab der Taille flie\u00dft der halbtransparente Rock mit elegantem Schlitz in einer sanften Bewegung zu einer Schleppe. Mit Glitzer auf dem ganzen Kleid werden Sie gl\u00e4nzen wie nie zuvor!","robots":{"index":"index","follow":"follow","max-snippet":"max-snippet:-1","max-image-preview":"max-image-preview:large","max-video-preview":"max-video-preview:-1"},"canonical":"https:\/\/www.koonings.com\/de\/product\/muse-by-berta-layla-23-130\/","og_locale":"de_DE","og_type":"article","og_title":"Muse von Berta Layla 23-130 | Koonings","og_description":"Dieses Muse by Berta Kleid aus der Pantheon Kollektion hat ein schlankes, elegantes Oberteil mit tiefem V-Ausschnitt, tiefem R\u00fccken und langen Puff\u00e4rmeln. Ab der Taille flie\u00dft der halbtransparente Rock mit elegantem Schlitz in einer sanften Bewegung zu einer Schleppe. Mit Glitzer auf dem ganzen Kleid werden Sie gl\u00e4nzen wie nie zuvor!","og_url":"https:\/\/www.koonings.com\/de\/product\/muse-by-berta-layla-23-130\/","og_site_name":"Koonings","article_publisher":"https:\/\/www.facebook.com\/kooningstheweddingpalace","og_image":[{"width":1328,"height":1879,"url":"https:\/\/www.koonings.com\/wp-content\/uploads\/2024\/11\/38413_2ca7eef1f771f5a9a13bc8beda9aa359dbb5b94cd48c02af570289966f0c09e32445c886.jpeg","type":"image\/jpeg"}],"twitter_card":"summary_large_image","schema":{"@context":"https:\/\/schema.org","@graph":[{"@type":"WebPage","@id":"https:\/\/www.koonings.com\/de\/product\/muse-by-berta-layla-23-130\/","url":"https:\/\/www.koonings.com\/de\/product\/muse-by-berta-layla-23-130\/","name":"Muse von Berta Layla 23-130 | Koonings","isPartOf":{"@id":"https:\/\/www.koonings.com\/de\/#website"},"primaryImageOfPage":{"@id":"https:\/\/www.koonings.com\/de\/product\/muse-by-berta-layla-23-130\/#primaryimage"},"image":{"@id":"https:\/\/www.koonings.com\/de\/product\/muse-by-berta-layla-23-130\/#primaryimage"},"thumbnailUrl":"https:\/\/www.koonings.com\/wp-content\/uploads\/2024\/11\/38413_2ca7eef1f771f5a9a13bc8beda9aa359dbb5b94cd48c02af570289966f0c09e32445c886.jpeg","datePublished":"2026-05-06T13:10:26+00:00","description":"Dieses Muse by Berta Kleid aus der Pantheon Kollektion hat ein schlankes, elegantes Oberteil mit tiefem V-Ausschnitt, tiefem R\u00fccken und langen Puff\u00e4rmeln. Ab der Taille flie\u00dft der halbtransparente Rock mit elegantem Schlitz in einer sanften Bewegung zu einer Schleppe. Mit Glitzer auf dem ganzen Kleid werden Sie gl\u00e4nzen wie nie zuvor!","breadcrumb":{"@id":"https:\/\/www.koonings.com\/de\/product\/muse-by-berta-layla-23-130\/#breadcrumb"},"inLanguage":"de","potentialAction":[{"@type":"ReadAction","target":["https:\/\/www.koonings.com\/de\/product\/muse-by-berta-layla-23-130\/"]}]},{"@type":"ImageObject","inLanguage":"de","@id":"https:\/\/www.koonings.com\/de\/product\/muse-by-berta-layla-23-130\/#primaryimage","url":"https:\/\/www.koonings.com\/wp-content\/uploads\/2024\/11\/38413_2ca7eef1f771f5a9a13bc8beda9aa359dbb5b94cd48c02af570289966f0c09e32445c886.jpeg","contentUrl":"https:\/\/www.koonings.com\/wp-content\/uploads\/2024\/11\/38413_2ca7eef1f771f5a9a13bc8beda9aa359dbb5b94cd48c02af570289966f0c09e32445c886.jpeg","width":1328,"height":1879},{"@type":"BreadcrumbList","@id":"https:\/\/www.koonings.com\/de\/product\/muse-by-berta-layla-23-130\/#breadcrumb","itemListElement":[{"@type":"ListItem","position":1,"name":"Home","item":"https:\/\/www.koonings.com\/de\/"},{"@type":"ListItem","position":2,"name":"Muse von Berta Layla 23-130"}]},{"@type":"WebSite","@id":"https:\/\/www.koonings.com\/de\/#website","url":"https:\/\/www.koonings.com\/de\/","name":"Koonings","description":"De grootste bruidsmodewinkel ter wereld","publisher":{"@id":"https:\/\/www.koonings.com\/de\/#organization"},"potentialAction":[{"@type":"SearchAction","target":{"@type":"EntryPoint","urlTemplate":"https:\/\/www.koonings.com\/de\/?s={search_term_string}"},"query-input":{"@type":"PropertyValueSpecification","valueRequired":true,"valueName":"search_term_string"}}],"inLanguage":"de"},{"@type":"Organization","@id":"https:\/\/www.koonings.com\/de\/#organization","name":"Koonings","url":"https:\/\/www.koonings.com\/de\/","logo":{"@type":"ImageObject","inLanguage":"de","@id":"https:\/\/www.koonings.com\/de\/#\/schema\/logo\/image\/","url":"https:\/\/www.koonings.com\/wp-content\/uploads\/2024\/07\/logo.png","contentUrl":"https:\/\/www.koonings.com\/wp-content\/uploads\/2024\/07\/logo.png","width":600,"height":428,"caption":"Koonings"},"image":{"@id":"https:\/\/www.koonings.com\/de\/#\/schema\/logo\/image\/"},"sameAs":["https:\/\/www.facebook.com\/kooningstheweddingpalace","https:\/\/www.instagram.com\/kooningstheweddingpalace","https:\/\/www.pinterest.com\/koonings","https:\/\/www.youtube.com\/kooningstheweddingpalace"]}]}},"_links":{"self":[{"href":"https:\/\/www.koonings.com\/de\/wp-json\/wp\/v2\/product\/57116","targetHints":{"allow":["GET"]}}],"collection":[{"href":"https:\/\/www.koonings.com\/de\/wp-json\/wp\/v2\/product"}],"about":[{"href":"https:\/\/www.koonings.com\/de\/wp-json\/wp\/v2\/types\/product"}],"wp:featuredmedia":[{"embeddable":true,"href":"https:\/\/www.koonings.com\/de\/wp-json\/wp\/v2\/media\/35581"}],"wp:attachment":[{"href":"https:\/\/www.koonings.com\/de\/wp-json\/wp\/v2\/media?parent=57116"}],"wp:term":[{"taxonomy":"productdetails","embeddable":true,"href":"https:\/\/www.koonings.com\/de\/wp-json\/wp\/v2\/productdetails?post=57116"},{"taxonomy":"productneck","embeddable":true,"href":"https:\/\/www.koonings.com\/de\/wp-json\/wp\/v2\/productneck?post=57116"},{"taxonomy":"productcolor","embeddable":true,"href":"https:\/\/www.koonings.com\/de\/wp-json\/wp\/v2\/productcolor?post=57116"},{"taxonomy":"maat","embeddable":true,"href":"https:\/\/www.koonings.com\/de\/wp-json\/wp\/v2\/maat?post=57116"},{"taxonomy":"productsupplier","embeddable":true,"href":"https:\/\/www.koonings.com\/de\/wp-json\/wp\/v2\/productsupplier?post=57116"},{"taxonomy":"productsleeve","embeddable":true,"href":"https:\/\/www.koonings.com\/de\/wp-json\/wp\/v2\/productsleeve?post=57116"},{"taxonomy":"productcategory","embeddable":true,"href":"https:\/\/www.koonings.com\/de\/wp-json\/wp\/v2\/productcategory?post=57116"},{"taxonomy":"productsilhouette","embeddable":true,"href":"https:\/\/www.koonings.com\/de\/wp-json\/wp\/v2\/productsilhouette?post=57116"},{"taxonomy":"productstyle","embeddable":true,"href":"https:\/\/www.koonings.com\/de\/wp-json\/wp\/v2\/productstyle?post=57116"}],"curies":[{"name":"wp","href":"https:\/\/api.w.org\/{rel}","templated":true}]}}