{"id":57038,"date":"2026-05-06T15:10:36","date_gmt":"2026-05-06T13:10:36","guid":{"rendered":"https:\/\/www.koonings.com\/product\/le-papillon-by-modeca-bluelle\/"},"modified":"2026-02-16T14:36:32","modified_gmt":"2026-02-16T13:36:32","slug":"le-papillon-by-modeca-bluelle","status":"publish","type":"product","link":"https:\/\/www.koonings.com\/de\/product\/le-papillon-by-modeca-bluelle\/","title":{"rendered":"Le Papillon von Modeca Bluelle"},"content":{"rendered":"<p>F\u00fchlen Sie sich elegant mit diesem Fit &amp; Flare Kleid und machen Sie Ihren gro\u00dfen Tag zu etwas ganz Besonderem. Das Mieder aus Illusionsspitze hat einen eleganten V-Ausschnitt, der in ein raffiniertes Schl\u00fcsselloch im R\u00fccken \u00fcbergeht. Die abnehmbaren Schultertr\u00e4ger verleihen diesem Brautlook einen Hauch von Romantik. Der Krepprock ist tailliert geschnitten und l\u00e4uft unten in eine kapellenlange Schleppe mit Spitzenverzierungen aus. Dieses Kleid ist bei Koonings auch ohne die abnehmbaren Tr\u00e4ger erh\u00e4ltlich &#8211; Bluelle-D.    <\/p>\n","protected":false},"featured_media":36128,"template":"","meta":{"_acf_changed":false,"ghostkit_customizer_options":"","ghostkit_custom_css":"","ghostkit_custom_js_head":"","ghostkit_custom_js_foot":"","ghostkit_typography":""},"productdetails":[],"productneck":[351,356],"productcolor":[393,392],"maat":[],"productsupplier":[411],"productsleeve":[359],"productcategory":[18],"productsilhouette":[390],"productstyle":[370],"class_list":["post-57038","product","type-product","status-publish","has-post-thumbnail","hentry","productneck-351","productneck-356","productcolor-393","productcolor-392","productsupplier-le-papillon-by-modeca","productsleeve-359","productcategory-trouwjurken","productsilhouette-390","productstyle-370"],"acf":[],"yoast_head":"<!-- This site is optimized with the Yoast SEO plugin v27.3 - https:\/\/yoast.com\/product\/yoast-seo-wordpress\/ -->\n<title>Le Papillon von Modeca Bluelle | Koonings<\/title>\n<meta name=\"description\" content=\"F\u00fchlen Sie sich elegant mit diesem Fit &amp; Flare Kleid und machen Sie Ihren gro\u00dfen Tag zu etwas ganz Besonderem. Das Mieder aus Illusionsspitze hat einen eleganten V-Ausschnitt, der in ein raffiniertes Schl\u00fcsselloch im R\u00fccken \u00fcbergeht. Die abnehmbaren Schultertr\u00e4ger verleihen diesem Brautlook einen Hauch von Romantik. Der Krepprock ist tailliert geschnitten und l\u00e4uft unten in eine kapellenlange Schleppe mit Spitzenverzierungen aus. Dieses Kleid ist bei Koonings auch ohne die abnehmbaren Tr\u00e4ger erh\u00e4ltlich - Bluelle-D.\" \/>\n<meta name=\"robots\" content=\"index, follow, max-snippet:-1, max-image-preview:large, max-video-preview:-1\" \/>\n<link rel=\"canonical\" href=\"https:\/\/www.koonings.com\/de\/product\/le-papillon-by-modeca-bluelle\/\" \/>\n<meta property=\"og:locale\" content=\"de_DE\" \/>\n<meta property=\"og:type\" content=\"article\" \/>\n<meta property=\"og:title\" content=\"Le Papillon von Modeca Bluelle | Koonings\" \/>\n<meta property=\"og:description\" content=\"F\u00fchlen Sie sich elegant mit diesem Fit &amp; Flare Kleid und machen Sie Ihren gro\u00dfen Tag zu etwas ganz Besonderem. Das Mieder aus Illusionsspitze hat einen eleganten V-Ausschnitt, der in ein raffiniertes Schl\u00fcsselloch im R\u00fccken \u00fcbergeht. Die abnehmbaren Schultertr\u00e4ger verleihen diesem Brautlook einen Hauch von Romantik. Der Krepprock ist tailliert geschnitten und l\u00e4uft unten in eine kapellenlange Schleppe mit Spitzenverzierungen aus. Dieses Kleid ist bei Koonings auch ohne die abnehmbaren Tr\u00e4ger erh\u00e4ltlich - Bluelle-D.\" \/>\n<meta property=\"og:url\" content=\"https:\/\/www.koonings.com\/de\/product\/le-papillon-by-modeca-bluelle\/\" \/>\n<meta property=\"og:site_name\" content=\"Koonings\" \/>\n<meta property=\"article:publisher\" content=\"https:\/\/www.facebook.com\/kooningstheweddingpalace\" \/>\n<meta property=\"og:image\" content=\"https:\/\/www.koonings.com\/wp-content\/uploads\/2024\/11\/38468_850b67a8240845e362bc338a36d0c94a7995db9b6e73634c7a093b99b73dd073bdcc50b9.jpeg\" \/>\n\t<meta property=\"og:image:width\" content=\"769\" \/>\n\t<meta property=\"og:image:height\" content=\"1086\" \/>\n\t<meta property=\"og:image:type\" content=\"image\/jpeg\" \/>\n<meta name=\"twitter:card\" content=\"summary_large_image\" \/>\n<script type=\"application\/ld+json\" class=\"yoast-schema-graph\">{\"@context\":\"https:\\\/\\\/schema.org\",\"@graph\":[{\"@type\":\"WebPage\",\"@id\":\"https:\\\/\\\/www.koonings.com\\\/de\\\/product\\\/le-papillon-by-modeca-bluelle\\\/\",\"url\":\"https:\\\/\\\/www.koonings.com\\\/de\\\/product\\\/le-papillon-by-modeca-bluelle\\\/\",\"name\":\"Le Papillon von Modeca Bluelle | Koonings\",\"isPartOf\":{\"@id\":\"https:\\\/\\\/www.koonings.com\\\/de\\\/#website\"},\"primaryImageOfPage\":{\"@id\":\"https:\\\/\\\/www.koonings.com\\\/de\\\/product\\\/le-papillon-by-modeca-bluelle\\\/#primaryimage\"},\"image\":{\"@id\":\"https:\\\/\\\/www.koonings.com\\\/de\\\/product\\\/le-papillon-by-modeca-bluelle\\\/#primaryimage\"},\"thumbnailUrl\":\"https:\\\/\\\/www.koonings.com\\\/wp-content\\\/uploads\\\/2024\\\/11\\\/38468_850b67a8240845e362bc338a36d0c94a7995db9b6e73634c7a093b99b73dd073bdcc50b9.jpeg\",\"datePublished\":\"2026-05-06T13:10:36+00:00\",\"description\":\"F\u00fchlen Sie sich elegant mit diesem Fit & Flare Kleid und machen Sie Ihren gro\u00dfen Tag zu etwas ganz Besonderem. Das Mieder aus Illusionsspitze hat einen eleganten V-Ausschnitt, der in ein raffiniertes Schl\u00fcsselloch im R\u00fccken \u00fcbergeht. Die abnehmbaren Schultertr\u00e4ger verleihen diesem Brautlook einen Hauch von Romantik. Der Krepprock ist tailliert geschnitten und l\u00e4uft unten in eine kapellenlange Schleppe mit Spitzenverzierungen aus. Dieses Kleid ist bei Koonings auch ohne die abnehmbaren Tr\u00e4ger erh\u00e4ltlich - Bluelle-D.\",\"breadcrumb\":{\"@id\":\"https:\\\/\\\/www.koonings.com\\\/de\\\/product\\\/le-papillon-by-modeca-bluelle\\\/#breadcrumb\"},\"inLanguage\":\"de\",\"potentialAction\":[{\"@type\":\"ReadAction\",\"target\":[\"https:\\\/\\\/www.koonings.com\\\/de\\\/product\\\/le-papillon-by-modeca-bluelle\\\/\"]}]},{\"@type\":\"ImageObject\",\"inLanguage\":\"de\",\"@id\":\"https:\\\/\\\/www.koonings.com\\\/de\\\/product\\\/le-papillon-by-modeca-bluelle\\\/#primaryimage\",\"url\":\"https:\\\/\\\/www.koonings.com\\\/wp-content\\\/uploads\\\/2024\\\/11\\\/38468_850b67a8240845e362bc338a36d0c94a7995db9b6e73634c7a093b99b73dd073bdcc50b9.jpeg\",\"contentUrl\":\"https:\\\/\\\/www.koonings.com\\\/wp-content\\\/uploads\\\/2024\\\/11\\\/38468_850b67a8240845e362bc338a36d0c94a7995db9b6e73634c7a093b99b73dd073bdcc50b9.jpeg\",\"width\":769,\"height\":1086},{\"@type\":\"BreadcrumbList\",\"@id\":\"https:\\\/\\\/www.koonings.com\\\/de\\\/product\\\/le-papillon-by-modeca-bluelle\\\/#breadcrumb\",\"itemListElement\":[{\"@type\":\"ListItem\",\"position\":1,\"name\":\"Home\",\"item\":\"https:\\\/\\\/www.koonings.com\\\/de\\\/\"},{\"@type\":\"ListItem\",\"position\":2,\"name\":\"Le Papillon von Modeca Bluelle\"}]},{\"@type\":\"WebSite\",\"@id\":\"https:\\\/\\\/www.koonings.com\\\/de\\\/#website\",\"url\":\"https:\\\/\\\/www.koonings.com\\\/de\\\/\",\"name\":\"Koonings\",\"description\":\"De grootste bruidsmodewinkel ter wereld\",\"publisher\":{\"@id\":\"https:\\\/\\\/www.koonings.com\\\/de\\\/#organization\"},\"potentialAction\":[{\"@type\":\"SearchAction\",\"target\":{\"@type\":\"EntryPoint\",\"urlTemplate\":\"https:\\\/\\\/www.koonings.com\\\/de\\\/?s={search_term_string}\"},\"query-input\":{\"@type\":\"PropertyValueSpecification\",\"valueRequired\":true,\"valueName\":\"search_term_string\"}}],\"inLanguage\":\"de\"},{\"@type\":\"Organization\",\"@id\":\"https:\\\/\\\/www.koonings.com\\\/de\\\/#organization\",\"name\":\"Koonings\",\"url\":\"https:\\\/\\\/www.koonings.com\\\/de\\\/\",\"logo\":{\"@type\":\"ImageObject\",\"inLanguage\":\"de\",\"@id\":\"https:\\\/\\\/www.koonings.com\\\/de\\\/#\\\/schema\\\/logo\\\/image\\\/\",\"url\":\"https:\\\/\\\/www.koonings.com\\\/wp-content\\\/uploads\\\/2024\\\/07\\\/logo.png\",\"contentUrl\":\"https:\\\/\\\/www.koonings.com\\\/wp-content\\\/uploads\\\/2024\\\/07\\\/logo.png\",\"width\":600,\"height\":428,\"caption\":\"Koonings\"},\"image\":{\"@id\":\"https:\\\/\\\/www.koonings.com\\\/de\\\/#\\\/schema\\\/logo\\\/image\\\/\"},\"sameAs\":[\"https:\\\/\\\/www.facebook.com\\\/kooningstheweddingpalace\",\"https:\\\/\\\/www.instagram.com\\\/kooningstheweddingpalace\",\"https:\\\/\\\/www.pinterest.com\\\/koonings\",\"https:\\\/\\\/www.youtube.com\\\/kooningstheweddingpalace\"]}]}<\/script>\n<!-- \/ Yoast SEO plugin. -->","yoast_head_json":{"title":"Le Papillon von Modeca Bluelle | Koonings","description":"F\u00fchlen Sie sich elegant mit diesem Fit & Flare Kleid und machen Sie Ihren gro\u00dfen Tag zu etwas ganz Besonderem. Das Mieder aus Illusionsspitze hat einen eleganten V-Ausschnitt, der in ein raffiniertes Schl\u00fcsselloch im R\u00fccken \u00fcbergeht. Die abnehmbaren Schultertr\u00e4ger verleihen diesem Brautlook einen Hauch von Romantik. Der Krepprock ist tailliert geschnitten und l\u00e4uft unten in eine kapellenlange Schleppe mit Spitzenverzierungen aus. Dieses Kleid ist bei Koonings auch ohne die abnehmbaren Tr\u00e4ger erh\u00e4ltlich - Bluelle-D.","robots":{"index":"index","follow":"follow","max-snippet":"max-snippet:-1","max-image-preview":"max-image-preview:large","max-video-preview":"max-video-preview:-1"},"canonical":"https:\/\/www.koonings.com\/de\/product\/le-papillon-by-modeca-bluelle\/","og_locale":"de_DE","og_type":"article","og_title":"Le Papillon von Modeca Bluelle | Koonings","og_description":"F\u00fchlen Sie sich elegant mit diesem Fit & Flare Kleid und machen Sie Ihren gro\u00dfen Tag zu etwas ganz Besonderem. Das Mieder aus Illusionsspitze hat einen eleganten V-Ausschnitt, der in ein raffiniertes Schl\u00fcsselloch im R\u00fccken \u00fcbergeht. Die abnehmbaren Schultertr\u00e4ger verleihen diesem Brautlook einen Hauch von Romantik. Der Krepprock ist tailliert geschnitten und l\u00e4uft unten in eine kapellenlange Schleppe mit Spitzenverzierungen aus. Dieses Kleid ist bei Koonings auch ohne die abnehmbaren Tr\u00e4ger erh\u00e4ltlich - Bluelle-D.","og_url":"https:\/\/www.koonings.com\/de\/product\/le-papillon-by-modeca-bluelle\/","og_site_name":"Koonings","article_publisher":"https:\/\/www.facebook.com\/kooningstheweddingpalace","og_image":[{"width":769,"height":1086,"url":"https:\/\/www.koonings.com\/wp-content\/uploads\/2024\/11\/38468_850b67a8240845e362bc338a36d0c94a7995db9b6e73634c7a093b99b73dd073bdcc50b9.jpeg","type":"image\/jpeg"}],"twitter_card":"summary_large_image","schema":{"@context":"https:\/\/schema.org","@graph":[{"@type":"WebPage","@id":"https:\/\/www.koonings.com\/de\/product\/le-papillon-by-modeca-bluelle\/","url":"https:\/\/www.koonings.com\/de\/product\/le-papillon-by-modeca-bluelle\/","name":"Le Papillon von Modeca Bluelle | Koonings","isPartOf":{"@id":"https:\/\/www.koonings.com\/de\/#website"},"primaryImageOfPage":{"@id":"https:\/\/www.koonings.com\/de\/product\/le-papillon-by-modeca-bluelle\/#primaryimage"},"image":{"@id":"https:\/\/www.koonings.com\/de\/product\/le-papillon-by-modeca-bluelle\/#primaryimage"},"thumbnailUrl":"https:\/\/www.koonings.com\/wp-content\/uploads\/2024\/11\/38468_850b67a8240845e362bc338a36d0c94a7995db9b6e73634c7a093b99b73dd073bdcc50b9.jpeg","datePublished":"2026-05-06T13:10:36+00:00","description":"F\u00fchlen Sie sich elegant mit diesem Fit & Flare Kleid und machen Sie Ihren gro\u00dfen Tag zu etwas ganz Besonderem. Das Mieder aus Illusionsspitze hat einen eleganten V-Ausschnitt, der in ein raffiniertes Schl\u00fcsselloch im R\u00fccken \u00fcbergeht. Die abnehmbaren Schultertr\u00e4ger verleihen diesem Brautlook einen Hauch von Romantik. Der Krepprock ist tailliert geschnitten und l\u00e4uft unten in eine kapellenlange Schleppe mit Spitzenverzierungen aus. Dieses Kleid ist bei Koonings auch ohne die abnehmbaren Tr\u00e4ger erh\u00e4ltlich - Bluelle-D.","breadcrumb":{"@id":"https:\/\/www.koonings.com\/de\/product\/le-papillon-by-modeca-bluelle\/#breadcrumb"},"inLanguage":"de","potentialAction":[{"@type":"ReadAction","target":["https:\/\/www.koonings.com\/de\/product\/le-papillon-by-modeca-bluelle\/"]}]},{"@type":"ImageObject","inLanguage":"de","@id":"https:\/\/www.koonings.com\/de\/product\/le-papillon-by-modeca-bluelle\/#primaryimage","url":"https:\/\/www.koonings.com\/wp-content\/uploads\/2024\/11\/38468_850b67a8240845e362bc338a36d0c94a7995db9b6e73634c7a093b99b73dd073bdcc50b9.jpeg","contentUrl":"https:\/\/www.koonings.com\/wp-content\/uploads\/2024\/11\/38468_850b67a8240845e362bc338a36d0c94a7995db9b6e73634c7a093b99b73dd073bdcc50b9.jpeg","width":769,"height":1086},{"@type":"BreadcrumbList","@id":"https:\/\/www.koonings.com\/de\/product\/le-papillon-by-modeca-bluelle\/#breadcrumb","itemListElement":[{"@type":"ListItem","position":1,"name":"Home","item":"https:\/\/www.koonings.com\/de\/"},{"@type":"ListItem","position":2,"name":"Le Papillon von Modeca Bluelle"}]},{"@type":"WebSite","@id":"https:\/\/www.koonings.com\/de\/#website","url":"https:\/\/www.koonings.com\/de\/","name":"Koonings","description":"De grootste bruidsmodewinkel ter wereld","publisher":{"@id":"https:\/\/www.koonings.com\/de\/#organization"},"potentialAction":[{"@type":"SearchAction","target":{"@type":"EntryPoint","urlTemplate":"https:\/\/www.koonings.com\/de\/?s={search_term_string}"},"query-input":{"@type":"PropertyValueSpecification","valueRequired":true,"valueName":"search_term_string"}}],"inLanguage":"de"},{"@type":"Organization","@id":"https:\/\/www.koonings.com\/de\/#organization","name":"Koonings","url":"https:\/\/www.koonings.com\/de\/","logo":{"@type":"ImageObject","inLanguage":"de","@id":"https:\/\/www.koonings.com\/de\/#\/schema\/logo\/image\/","url":"https:\/\/www.koonings.com\/wp-content\/uploads\/2024\/07\/logo.png","contentUrl":"https:\/\/www.koonings.com\/wp-content\/uploads\/2024\/07\/logo.png","width":600,"height":428,"caption":"Koonings"},"image":{"@id":"https:\/\/www.koonings.com\/de\/#\/schema\/logo\/image\/"},"sameAs":["https:\/\/www.facebook.com\/kooningstheweddingpalace","https:\/\/www.instagram.com\/kooningstheweddingpalace","https:\/\/www.pinterest.com\/koonings","https:\/\/www.youtube.com\/kooningstheweddingpalace"]}]}},"_links":{"self":[{"href":"https:\/\/www.koonings.com\/de\/wp-json\/wp\/v2\/product\/57038","targetHints":{"allow":["GET"]}}],"collection":[{"href":"https:\/\/www.koonings.com\/de\/wp-json\/wp\/v2\/product"}],"about":[{"href":"https:\/\/www.koonings.com\/de\/wp-json\/wp\/v2\/types\/product"}],"wp:featuredmedia":[{"embeddable":true,"href":"https:\/\/www.koonings.com\/de\/wp-json\/wp\/v2\/media\/36128"}],"wp:attachment":[{"href":"https:\/\/www.koonings.com\/de\/wp-json\/wp\/v2\/media?parent=57038"}],"wp:term":[{"taxonomy":"productdetails","embeddable":true,"href":"https:\/\/www.koonings.com\/de\/wp-json\/wp\/v2\/productdetails?post=57038"},{"taxonomy":"productneck","embeddable":true,"href":"https:\/\/www.koonings.com\/de\/wp-json\/wp\/v2\/productneck?post=57038"},{"taxonomy":"productcolor","embeddable":true,"href":"https:\/\/www.koonings.com\/de\/wp-json\/wp\/v2\/productcolor?post=57038"},{"taxonomy":"maat","embeddable":true,"href":"https:\/\/www.koonings.com\/de\/wp-json\/wp\/v2\/maat?post=57038"},{"taxonomy":"productsupplier","embeddable":true,"href":"https:\/\/www.koonings.com\/de\/wp-json\/wp\/v2\/productsupplier?post=57038"},{"taxonomy":"productsleeve","embeddable":true,"href":"https:\/\/www.koonings.com\/de\/wp-json\/wp\/v2\/productsleeve?post=57038"},{"taxonomy":"productcategory","embeddable":true,"href":"https:\/\/www.koonings.com\/de\/wp-json\/wp\/v2\/productcategory?post=57038"},{"taxonomy":"productsilhouette","embeddable":true,"href":"https:\/\/www.koonings.com\/de\/wp-json\/wp\/v2\/productsilhouette?post=57038"},{"taxonomy":"productstyle","embeddable":true,"href":"https:\/\/www.koonings.com\/de\/wp-json\/wp\/v2\/productstyle?post=57038"}],"curies":[{"name":"wp","href":"https:\/\/api.w.org\/{rel}","templated":true}]}}