{"id":56994,"date":"2025-12-15T00:14:50","date_gmt":"2025-12-14T23:14:50","guid":{"rendered":"https:\/\/www.koonings.com\/product\/enzoani-roza\/"},"modified":"2026-02-03T18:12:22","modified_gmt":"2026-02-03T17:12:22","slug":"enzoani-roza","status":"publish","type":"product","link":"https:\/\/www.koonings.com\/de\/product\/enzoani-roza\/","title":{"rendered":"Enzoani Roza"},"content":{"rendered":"<p>Verschlungene Blumen umrahmen einen tiefen herzf\u00f6rmigen Ausschnitt und einen durchsichtigen R\u00fccken im Korsett-Stil, w\u00e4hrend passende abnehmbare Schultertr\u00e4ger mit 3D-Applikationen den weichen, organischen Look vervollst\u00e4ndigen. Subtile dimensionale, floral bestickte Spitze und reiche Applikationen auf einem mit Pailletten besetzten Netz verleihen dieser figurbetonten Meerjungfrauen-Silhouette eine au\u00dfergew\u00f6hnliche Dimension. Das durchsichtige Futter aus Stretch-Chiffon sorgt f\u00fcr eine perfekte Passform und eine Konstruktion, die leichter als Luft ist. Die dramatische, f\u00fcr Enzoani typische Schleppe aus Spitze mit detaillierten Verzierungen ist das T\u00fcpfelchen auf dem i.   <\/p>\n","protected":false},"featured_media":36454,"template":"","meta":{"_acf_changed":false,"ghostkit_customizer_options":"","ghostkit_custom_css":"","ghostkit_custom_js_head":"","ghostkit_custom_js_foot":"","ghostkit_typography":""},"productdetails":[379,376,381],"productneck":[354,355],"productcolor":[393,392],"maat":[],"productsupplier":[406],"productsleeve":[],"productcategory":[18],"productsilhouette":[387],"productstyle":[371,370],"class_list":["post-56994","product","type-product","status-publish","has-post-thumbnail","hentry","productdetails-379","productdetails-376","productdetails-381","productneck-354","productneck-355","productcolor-393","productcolor-392","productsupplier-enzoani","productcategory-trouwjurken","productsilhouette-387","productstyle-371","productstyle-370"],"acf":[],"yoast_head":"<!-- This site is optimized with the Yoast SEO plugin v27.3 - https:\/\/yoast.com\/product\/yoast-seo-wordpress\/ -->\n<title>Enzoani Roza | Koonings<\/title>\n<meta name=\"description\" content=\"Verschlungene Blumen umrahmen einen tiefen herzf\u00f6rmigen Ausschnitt und einen durchsichtigen R\u00fccken im Korsett-Stil, w\u00e4hrend passende abnehmbare Schultertr\u00e4ger mit 3D-Applikationen den weichen, organischen Look vervollst\u00e4ndigen. Subtile dimensionale, floral bestickte Spitze und reiche Applikationen auf einem mit Pailletten besetzten Netz verleihen dieser figurbetonten Meerjungfrauen-Silhouette eine au\u00dfergew\u00f6hnliche Dimension. Das durchsichtige Futter aus Stretch-Chiffon sorgt f\u00fcr eine perfekte Passform und eine Konstruktion, die leichter als Luft ist. Die dramatische, f\u00fcr Enzoani typische Schleppe aus Spitze mit detaillierten Verzierungen ist das T\u00fcpfelchen auf dem i.\" \/>\n<meta name=\"robots\" content=\"index, follow, max-snippet:-1, max-image-preview:large, max-video-preview:-1\" \/>\n<link rel=\"canonical\" href=\"https:\/\/www.koonings.com\/de\/product\/enzoani-roza\/\" \/>\n<meta property=\"og:locale\" content=\"de_DE\" \/>\n<meta property=\"og:type\" content=\"article\" \/>\n<meta property=\"og:title\" content=\"Enzoani Roza | Koonings\" \/>\n<meta property=\"og:description\" content=\"Verschlungene Blumen umrahmen einen tiefen herzf\u00f6rmigen Ausschnitt und einen durchsichtigen R\u00fccken im Korsett-Stil, w\u00e4hrend passende abnehmbare Schultertr\u00e4ger mit 3D-Applikationen den weichen, organischen Look vervollst\u00e4ndigen. Subtile dimensionale, floral bestickte Spitze und reiche Applikationen auf einem mit Pailletten besetzten Netz verleihen dieser figurbetonten Meerjungfrauen-Silhouette eine au\u00dfergew\u00f6hnliche Dimension. Das durchsichtige Futter aus Stretch-Chiffon sorgt f\u00fcr eine perfekte Passform und eine Konstruktion, die leichter als Luft ist. Die dramatische, f\u00fcr Enzoani typische Schleppe aus Spitze mit detaillierten Verzierungen ist das T\u00fcpfelchen auf dem i.\" \/>\n<meta property=\"og:url\" content=\"https:\/\/www.koonings.com\/de\/product\/enzoani-roza\/\" \/>\n<meta property=\"og:site_name\" content=\"Koonings\" \/>\n<meta property=\"article:publisher\" content=\"https:\/\/www.facebook.com\/kooningstheweddingpalace\" \/>\n<meta property=\"article:modified_time\" content=\"2026-02-03T17:12:22+00:00\" \/>\n<meta property=\"og:image\" content=\"https:\/\/www.koonings.com\/wp-content\/uploads\/2024\/11\/38517_9d9db40364be08bc747184f8fffe51c1369cc429bca31eafa197fa15fb45761d0bdbb4a6.jpeg\" \/>\n\t<meta property=\"og:image:width\" content=\"1064\" \/>\n\t<meta property=\"og:image:height\" content=\"1418\" \/>\n\t<meta property=\"og:image:type\" content=\"image\/jpeg\" \/>\n<meta name=\"twitter:card\" content=\"summary_large_image\" \/>\n<script type=\"application\/ld+json\" class=\"yoast-schema-graph\">{\"@context\":\"https:\\\/\\\/schema.org\",\"@graph\":[{\"@type\":\"WebPage\",\"@id\":\"https:\\\/\\\/www.koonings.com\\\/de\\\/product\\\/enzoani-roza\\\/\",\"url\":\"https:\\\/\\\/www.koonings.com\\\/de\\\/product\\\/enzoani-roza\\\/\",\"name\":\"Enzoani Roza | Koonings\",\"isPartOf\":{\"@id\":\"https:\\\/\\\/www.koonings.com\\\/de\\\/#website\"},\"primaryImageOfPage\":{\"@id\":\"https:\\\/\\\/www.koonings.com\\\/de\\\/product\\\/enzoani-roza\\\/#primaryimage\"},\"image\":{\"@id\":\"https:\\\/\\\/www.koonings.com\\\/de\\\/product\\\/enzoani-roza\\\/#primaryimage\"},\"thumbnailUrl\":\"https:\\\/\\\/www.koonings.com\\\/wp-content\\\/uploads\\\/2024\\\/11\\\/38517_9d9db40364be08bc747184f8fffe51c1369cc429bca31eafa197fa15fb45761d0bdbb4a6.jpeg\",\"datePublished\":\"2025-12-14T23:14:50+00:00\",\"dateModified\":\"2026-02-03T17:12:22+00:00\",\"description\":\"Verschlungene Blumen umrahmen einen tiefen herzf\u00f6rmigen Ausschnitt und einen durchsichtigen R\u00fccken im Korsett-Stil, w\u00e4hrend passende abnehmbare Schultertr\u00e4ger mit 3D-Applikationen den weichen, organischen Look vervollst\u00e4ndigen. Subtile dimensionale, floral bestickte Spitze und reiche Applikationen auf einem mit Pailletten besetzten Netz verleihen dieser figurbetonten Meerjungfrauen-Silhouette eine au\u00dfergew\u00f6hnliche Dimension. Das durchsichtige Futter aus Stretch-Chiffon sorgt f\u00fcr eine perfekte Passform und eine Konstruktion, die leichter als Luft ist. Die dramatische, f\u00fcr Enzoani typische Schleppe aus Spitze mit detaillierten Verzierungen ist das T\u00fcpfelchen auf dem i.\",\"breadcrumb\":{\"@id\":\"https:\\\/\\\/www.koonings.com\\\/de\\\/product\\\/enzoani-roza\\\/#breadcrumb\"},\"inLanguage\":\"de\",\"potentialAction\":[{\"@type\":\"ReadAction\",\"target\":[\"https:\\\/\\\/www.koonings.com\\\/de\\\/product\\\/enzoani-roza\\\/\"]}]},{\"@type\":\"ImageObject\",\"inLanguage\":\"de\",\"@id\":\"https:\\\/\\\/www.koonings.com\\\/de\\\/product\\\/enzoani-roza\\\/#primaryimage\",\"url\":\"https:\\\/\\\/www.koonings.com\\\/wp-content\\\/uploads\\\/2024\\\/11\\\/38517_9d9db40364be08bc747184f8fffe51c1369cc429bca31eafa197fa15fb45761d0bdbb4a6.jpeg\",\"contentUrl\":\"https:\\\/\\\/www.koonings.com\\\/wp-content\\\/uploads\\\/2024\\\/11\\\/38517_9d9db40364be08bc747184f8fffe51c1369cc429bca31eafa197fa15fb45761d0bdbb4a6.jpeg\",\"width\":1064,\"height\":1418},{\"@type\":\"BreadcrumbList\",\"@id\":\"https:\\\/\\\/www.koonings.com\\\/de\\\/product\\\/enzoani-roza\\\/#breadcrumb\",\"itemListElement\":[{\"@type\":\"ListItem\",\"position\":1,\"name\":\"Home\",\"item\":\"https:\\\/\\\/www.koonings.com\\\/de\\\/\"},{\"@type\":\"ListItem\",\"position\":2,\"name\":\"Enzoani Roza\"}]},{\"@type\":\"WebSite\",\"@id\":\"https:\\\/\\\/www.koonings.com\\\/de\\\/#website\",\"url\":\"https:\\\/\\\/www.koonings.com\\\/de\\\/\",\"name\":\"Koonings\",\"description\":\"De grootste bruidsmodewinkel ter wereld\",\"publisher\":{\"@id\":\"https:\\\/\\\/www.koonings.com\\\/de\\\/#organization\"},\"potentialAction\":[{\"@type\":\"SearchAction\",\"target\":{\"@type\":\"EntryPoint\",\"urlTemplate\":\"https:\\\/\\\/www.koonings.com\\\/de\\\/?s={search_term_string}\"},\"query-input\":{\"@type\":\"PropertyValueSpecification\",\"valueRequired\":true,\"valueName\":\"search_term_string\"}}],\"inLanguage\":\"de\"},{\"@type\":\"Organization\",\"@id\":\"https:\\\/\\\/www.koonings.com\\\/de\\\/#organization\",\"name\":\"Koonings\",\"url\":\"https:\\\/\\\/www.koonings.com\\\/de\\\/\",\"logo\":{\"@type\":\"ImageObject\",\"inLanguage\":\"de\",\"@id\":\"https:\\\/\\\/www.koonings.com\\\/de\\\/#\\\/schema\\\/logo\\\/image\\\/\",\"url\":\"https:\\\/\\\/www.koonings.com\\\/wp-content\\\/uploads\\\/2024\\\/07\\\/logo.png\",\"contentUrl\":\"https:\\\/\\\/www.koonings.com\\\/wp-content\\\/uploads\\\/2024\\\/07\\\/logo.png\",\"width\":600,\"height\":428,\"caption\":\"Koonings\"},\"image\":{\"@id\":\"https:\\\/\\\/www.koonings.com\\\/de\\\/#\\\/schema\\\/logo\\\/image\\\/\"},\"sameAs\":[\"https:\\\/\\\/www.facebook.com\\\/kooningstheweddingpalace\",\"https:\\\/\\\/www.instagram.com\\\/kooningstheweddingpalace\",\"https:\\\/\\\/www.pinterest.com\\\/koonings\",\"https:\\\/\\\/www.youtube.com\\\/kooningstheweddingpalace\"]}]}<\/script>\n<!-- \/ Yoast SEO plugin. -->","yoast_head_json":{"title":"Enzoani Roza | Koonings","description":"Verschlungene Blumen umrahmen einen tiefen herzf\u00f6rmigen Ausschnitt und einen durchsichtigen R\u00fccken im Korsett-Stil, w\u00e4hrend passende abnehmbare Schultertr\u00e4ger mit 3D-Applikationen den weichen, organischen Look vervollst\u00e4ndigen. Subtile dimensionale, floral bestickte Spitze und reiche Applikationen auf einem mit Pailletten besetzten Netz verleihen dieser figurbetonten Meerjungfrauen-Silhouette eine au\u00dfergew\u00f6hnliche Dimension. Das durchsichtige Futter aus Stretch-Chiffon sorgt f\u00fcr eine perfekte Passform und eine Konstruktion, die leichter als Luft ist. Die dramatische, f\u00fcr Enzoani typische Schleppe aus Spitze mit detaillierten Verzierungen ist das T\u00fcpfelchen auf dem i.","robots":{"index":"index","follow":"follow","max-snippet":"max-snippet:-1","max-image-preview":"max-image-preview:large","max-video-preview":"max-video-preview:-1"},"canonical":"https:\/\/www.koonings.com\/de\/product\/enzoani-roza\/","og_locale":"de_DE","og_type":"article","og_title":"Enzoani Roza | Koonings","og_description":"Verschlungene Blumen umrahmen einen tiefen herzf\u00f6rmigen Ausschnitt und einen durchsichtigen R\u00fccken im Korsett-Stil, w\u00e4hrend passende abnehmbare Schultertr\u00e4ger mit 3D-Applikationen den weichen, organischen Look vervollst\u00e4ndigen. Subtile dimensionale, floral bestickte Spitze und reiche Applikationen auf einem mit Pailletten besetzten Netz verleihen dieser figurbetonten Meerjungfrauen-Silhouette eine au\u00dfergew\u00f6hnliche Dimension. Das durchsichtige Futter aus Stretch-Chiffon sorgt f\u00fcr eine perfekte Passform und eine Konstruktion, die leichter als Luft ist. Die dramatische, f\u00fcr Enzoani typische Schleppe aus Spitze mit detaillierten Verzierungen ist das T\u00fcpfelchen auf dem i.","og_url":"https:\/\/www.koonings.com\/de\/product\/enzoani-roza\/","og_site_name":"Koonings","article_publisher":"https:\/\/www.facebook.com\/kooningstheweddingpalace","article_modified_time":"2026-02-03T17:12:22+00:00","og_image":[{"width":1064,"height":1418,"url":"https:\/\/www.koonings.com\/wp-content\/uploads\/2024\/11\/38517_9d9db40364be08bc747184f8fffe51c1369cc429bca31eafa197fa15fb45761d0bdbb4a6.jpeg","type":"image\/jpeg"}],"twitter_card":"summary_large_image","schema":{"@context":"https:\/\/schema.org","@graph":[{"@type":"WebPage","@id":"https:\/\/www.koonings.com\/de\/product\/enzoani-roza\/","url":"https:\/\/www.koonings.com\/de\/product\/enzoani-roza\/","name":"Enzoani Roza | Koonings","isPartOf":{"@id":"https:\/\/www.koonings.com\/de\/#website"},"primaryImageOfPage":{"@id":"https:\/\/www.koonings.com\/de\/product\/enzoani-roza\/#primaryimage"},"image":{"@id":"https:\/\/www.koonings.com\/de\/product\/enzoani-roza\/#primaryimage"},"thumbnailUrl":"https:\/\/www.koonings.com\/wp-content\/uploads\/2024\/11\/38517_9d9db40364be08bc747184f8fffe51c1369cc429bca31eafa197fa15fb45761d0bdbb4a6.jpeg","datePublished":"2025-12-14T23:14:50+00:00","dateModified":"2026-02-03T17:12:22+00:00","description":"Verschlungene Blumen umrahmen einen tiefen herzf\u00f6rmigen Ausschnitt und einen durchsichtigen R\u00fccken im Korsett-Stil, w\u00e4hrend passende abnehmbare Schultertr\u00e4ger mit 3D-Applikationen den weichen, organischen Look vervollst\u00e4ndigen. Subtile dimensionale, floral bestickte Spitze und reiche Applikationen auf einem mit Pailletten besetzten Netz verleihen dieser figurbetonten Meerjungfrauen-Silhouette eine au\u00dfergew\u00f6hnliche Dimension. Das durchsichtige Futter aus Stretch-Chiffon sorgt f\u00fcr eine perfekte Passform und eine Konstruktion, die leichter als Luft ist. Die dramatische, f\u00fcr Enzoani typische Schleppe aus Spitze mit detaillierten Verzierungen ist das T\u00fcpfelchen auf dem i.","breadcrumb":{"@id":"https:\/\/www.koonings.com\/de\/product\/enzoani-roza\/#breadcrumb"},"inLanguage":"de","potentialAction":[{"@type":"ReadAction","target":["https:\/\/www.koonings.com\/de\/product\/enzoani-roza\/"]}]},{"@type":"ImageObject","inLanguage":"de","@id":"https:\/\/www.koonings.com\/de\/product\/enzoani-roza\/#primaryimage","url":"https:\/\/www.koonings.com\/wp-content\/uploads\/2024\/11\/38517_9d9db40364be08bc747184f8fffe51c1369cc429bca31eafa197fa15fb45761d0bdbb4a6.jpeg","contentUrl":"https:\/\/www.koonings.com\/wp-content\/uploads\/2024\/11\/38517_9d9db40364be08bc747184f8fffe51c1369cc429bca31eafa197fa15fb45761d0bdbb4a6.jpeg","width":1064,"height":1418},{"@type":"BreadcrumbList","@id":"https:\/\/www.koonings.com\/de\/product\/enzoani-roza\/#breadcrumb","itemListElement":[{"@type":"ListItem","position":1,"name":"Home","item":"https:\/\/www.koonings.com\/de\/"},{"@type":"ListItem","position":2,"name":"Enzoani Roza"}]},{"@type":"WebSite","@id":"https:\/\/www.koonings.com\/de\/#website","url":"https:\/\/www.koonings.com\/de\/","name":"Koonings","description":"De grootste bruidsmodewinkel ter wereld","publisher":{"@id":"https:\/\/www.koonings.com\/de\/#organization"},"potentialAction":[{"@type":"SearchAction","target":{"@type":"EntryPoint","urlTemplate":"https:\/\/www.koonings.com\/de\/?s={search_term_string}"},"query-input":{"@type":"PropertyValueSpecification","valueRequired":true,"valueName":"search_term_string"}}],"inLanguage":"de"},{"@type":"Organization","@id":"https:\/\/www.koonings.com\/de\/#organization","name":"Koonings","url":"https:\/\/www.koonings.com\/de\/","logo":{"@type":"ImageObject","inLanguage":"de","@id":"https:\/\/www.koonings.com\/de\/#\/schema\/logo\/image\/","url":"https:\/\/www.koonings.com\/wp-content\/uploads\/2024\/07\/logo.png","contentUrl":"https:\/\/www.koonings.com\/wp-content\/uploads\/2024\/07\/logo.png","width":600,"height":428,"caption":"Koonings"},"image":{"@id":"https:\/\/www.koonings.com\/de\/#\/schema\/logo\/image\/"},"sameAs":["https:\/\/www.facebook.com\/kooningstheweddingpalace","https:\/\/www.instagram.com\/kooningstheweddingpalace","https:\/\/www.pinterest.com\/koonings","https:\/\/www.youtube.com\/kooningstheweddingpalace"]}]}},"_links":{"self":[{"href":"https:\/\/www.koonings.com\/de\/wp-json\/wp\/v2\/product\/56994","targetHints":{"allow":["GET"]}}],"collection":[{"href":"https:\/\/www.koonings.com\/de\/wp-json\/wp\/v2\/product"}],"about":[{"href":"https:\/\/www.koonings.com\/de\/wp-json\/wp\/v2\/types\/product"}],"wp:featuredmedia":[{"embeddable":true,"href":"https:\/\/www.koonings.com\/de\/wp-json\/wp\/v2\/media\/36454"}],"wp:attachment":[{"href":"https:\/\/www.koonings.com\/de\/wp-json\/wp\/v2\/media?parent=56994"}],"wp:term":[{"taxonomy":"productdetails","embeddable":true,"href":"https:\/\/www.koonings.com\/de\/wp-json\/wp\/v2\/productdetails?post=56994"},{"taxonomy":"productneck","embeddable":true,"href":"https:\/\/www.koonings.com\/de\/wp-json\/wp\/v2\/productneck?post=56994"},{"taxonomy":"productcolor","embeddable":true,"href":"https:\/\/www.koonings.com\/de\/wp-json\/wp\/v2\/productcolor?post=56994"},{"taxonomy":"maat","embeddable":true,"href":"https:\/\/www.koonings.com\/de\/wp-json\/wp\/v2\/maat?post=56994"},{"taxonomy":"productsupplier","embeddable":true,"href":"https:\/\/www.koonings.com\/de\/wp-json\/wp\/v2\/productsupplier?post=56994"},{"taxonomy":"productsleeve","embeddable":true,"href":"https:\/\/www.koonings.com\/de\/wp-json\/wp\/v2\/productsleeve?post=56994"},{"taxonomy":"productcategory","embeddable":true,"href":"https:\/\/www.koonings.com\/de\/wp-json\/wp\/v2\/productcategory?post=56994"},{"taxonomy":"productsilhouette","embeddable":true,"href":"https:\/\/www.koonings.com\/de\/wp-json\/wp\/v2\/productsilhouette?post=56994"},{"taxonomy":"productstyle","embeddable":true,"href":"https:\/\/www.koonings.com\/de\/wp-json\/wp\/v2\/productstyle?post=56994"}],"curies":[{"name":"wp","href":"https:\/\/api.w.org\/{rel}","templated":true}]}}