{"id":56968,"date":"2026-04-28T18:10:38","date_gmt":"2026-04-28T16:10:38","guid":{"rendered":"https:\/\/www.koonings.com\/product\/libelle-jennifer\/"},"modified":"2026-02-16T14:36:39","modified_gmt":"2026-02-16T13:36:39","slug":"libelle-jennifer","status":"publish","type":"product","link":"https:\/\/www.koonings.com\/de\/product\/libelle-jennifer\/","title":{"rendered":"Libelle Jennifer"},"content":{"rendered":"<p>Das Jenniffer Kleid hat florale Spitzendetails am Mieder, schulterfreie \u00c4rmel und einen wundersch\u00f6nen T\u00fcllrock. Libelle Bridal entwirft Kleider, die Ihren einzigartigen Stil und Ihre Pers\u00f6nlichkeit widerspiegeln. Deshalb sind die \u00c4rmel des Jenniffer Kleides abnehmbar, so dass Sie dieses Kleid mit oder ohne \u00c4rmel tragen k\u00f6nnen.  <\/p>\n","protected":false},"featured_media":36618,"template":"","meta":{"_acf_changed":false,"ghostkit_customizer_options":"","ghostkit_custom_css":"","ghostkit_custom_js_head":"","ghostkit_custom_js_foot":"","ghostkit_typography":""},"productdetails":[],"productneck":[355],"productcolor":[393,392],"maat":[],"productsupplier":[428],"productsleeve":[357,363],"productcategory":[18],"productsilhouette":[384],"productstyle":[366,370],"class_list":["post-56968","product","type-product","status-publish","has-post-thumbnail","hentry","productneck-355","productcolor-393","productcolor-392","productsupplier-libelle","productsleeve-357","productsleeve-363","productcategory-trouwjurken","productsilhouette-384","productstyle-366","productstyle-370"],"acf":[],"yoast_head":"<!-- This site is optimized with the Yoast SEO plugin v27.3 - https:\/\/yoast.com\/product\/yoast-seo-wordpress\/ -->\n<title>Libelle Jennifer | Koonings<\/title>\n<meta name=\"description\" content=\"Das Jenniffer Kleid hat florale Spitzendetails am Mieder, schulterfreie \u00c4rmel und einen wundersch\u00f6nen T\u00fcllrock. Libelle Bridal entwirft Kleider, die Ihren einzigartigen Stil und Ihre Pers\u00f6nlichkeit widerspiegeln. Deshalb sind die \u00c4rmel des Jenniffer Kleides abnehmbar, so dass Sie dieses Kleid mit oder ohne \u00c4rmel tragen k\u00f6nnen.\" \/>\n<meta name=\"robots\" content=\"index, follow, max-snippet:-1, max-image-preview:large, max-video-preview:-1\" \/>\n<link rel=\"canonical\" href=\"https:\/\/www.koonings.com\/de\/product\/libelle-jennifer\/\" \/>\n<meta property=\"og:locale\" content=\"de_DE\" \/>\n<meta property=\"og:type\" content=\"article\" \/>\n<meta property=\"og:title\" content=\"Libelle Jennifer | Koonings\" \/>\n<meta property=\"og:description\" content=\"Das Jenniffer Kleid hat florale Spitzendetails am Mieder, schulterfreie \u00c4rmel und einen wundersch\u00f6nen T\u00fcllrock. Libelle Bridal entwirft Kleider, die Ihren einzigartigen Stil und Ihre Pers\u00f6nlichkeit widerspiegeln. Deshalb sind die \u00c4rmel des Jenniffer Kleides abnehmbar, so dass Sie dieses Kleid mit oder ohne \u00c4rmel tragen k\u00f6nnen.\" \/>\n<meta property=\"og:url\" content=\"https:\/\/www.koonings.com\/de\/product\/libelle-jennifer\/\" \/>\n<meta property=\"og:site_name\" content=\"Koonings\" \/>\n<meta property=\"article:publisher\" content=\"https:\/\/www.facebook.com\/kooningstheweddingpalace\" \/>\n<meta property=\"og:image\" content=\"https:\/\/www.koonings.com\/wp-content\/uploads\/2024\/11\/38557_99e744a1d00e425eb886a7705e5eb1c9c6391b5107ae2041714c2b7ff996bda90f5198bf-scaled.jpeg\" \/>\n\t<meta property=\"og:image:width\" content=\"1812\" \/>\n\t<meta property=\"og:image:height\" content=\"2560\" \/>\n\t<meta property=\"og:image:type\" content=\"image\/jpeg\" \/>\n<meta name=\"twitter:card\" content=\"summary_large_image\" \/>\n<script type=\"application\/ld+json\" class=\"yoast-schema-graph\">{\"@context\":\"https:\\\/\\\/schema.org\",\"@graph\":[{\"@type\":\"WebPage\",\"@id\":\"https:\\\/\\\/www.koonings.com\\\/de\\\/product\\\/libelle-jennifer\\\/\",\"url\":\"https:\\\/\\\/www.koonings.com\\\/de\\\/product\\\/libelle-jennifer\\\/\",\"name\":\"Libelle Jennifer | Koonings\",\"isPartOf\":{\"@id\":\"https:\\\/\\\/www.koonings.com\\\/de\\\/#website\"},\"primaryImageOfPage\":{\"@id\":\"https:\\\/\\\/www.koonings.com\\\/de\\\/product\\\/libelle-jennifer\\\/#primaryimage\"},\"image\":{\"@id\":\"https:\\\/\\\/www.koonings.com\\\/de\\\/product\\\/libelle-jennifer\\\/#primaryimage\"},\"thumbnailUrl\":\"https:\\\/\\\/www.koonings.com\\\/wp-content\\\/uploads\\\/2024\\\/11\\\/38557_99e744a1d00e425eb886a7705e5eb1c9c6391b5107ae2041714c2b7ff996bda90f5198bf-scaled.jpeg\",\"datePublished\":\"2026-04-28T16:10:38+00:00\",\"description\":\"Das Jenniffer Kleid hat florale Spitzendetails am Mieder, schulterfreie \u00c4rmel und einen wundersch\u00f6nen T\u00fcllrock. Libelle Bridal entwirft Kleider, die Ihren einzigartigen Stil und Ihre Pers\u00f6nlichkeit widerspiegeln. Deshalb sind die \u00c4rmel des Jenniffer Kleides abnehmbar, so dass Sie dieses Kleid mit oder ohne \u00c4rmel tragen k\u00f6nnen.\",\"breadcrumb\":{\"@id\":\"https:\\\/\\\/www.koonings.com\\\/de\\\/product\\\/libelle-jennifer\\\/#breadcrumb\"},\"inLanguage\":\"de\",\"potentialAction\":[{\"@type\":\"ReadAction\",\"target\":[\"https:\\\/\\\/www.koonings.com\\\/de\\\/product\\\/libelle-jennifer\\\/\"]}]},{\"@type\":\"ImageObject\",\"inLanguage\":\"de\",\"@id\":\"https:\\\/\\\/www.koonings.com\\\/de\\\/product\\\/libelle-jennifer\\\/#primaryimage\",\"url\":\"https:\\\/\\\/www.koonings.com\\\/wp-content\\\/uploads\\\/2024\\\/11\\\/38557_99e744a1d00e425eb886a7705e5eb1c9c6391b5107ae2041714c2b7ff996bda90f5198bf-scaled.jpeg\",\"contentUrl\":\"https:\\\/\\\/www.koonings.com\\\/wp-content\\\/uploads\\\/2024\\\/11\\\/38557_99e744a1d00e425eb886a7705e5eb1c9c6391b5107ae2041714c2b7ff996bda90f5198bf-scaled.jpeg\",\"width\":1812,\"height\":2560},{\"@type\":\"BreadcrumbList\",\"@id\":\"https:\\\/\\\/www.koonings.com\\\/de\\\/product\\\/libelle-jennifer\\\/#breadcrumb\",\"itemListElement\":[{\"@type\":\"ListItem\",\"position\":1,\"name\":\"Home\",\"item\":\"https:\\\/\\\/www.koonings.com\\\/de\\\/\"},{\"@type\":\"ListItem\",\"position\":2,\"name\":\"Libelle Jennifer\"}]},{\"@type\":\"WebSite\",\"@id\":\"https:\\\/\\\/www.koonings.com\\\/de\\\/#website\",\"url\":\"https:\\\/\\\/www.koonings.com\\\/de\\\/\",\"name\":\"Koonings\",\"description\":\"De grootste bruidsmodewinkel ter wereld\",\"publisher\":{\"@id\":\"https:\\\/\\\/www.koonings.com\\\/de\\\/#organization\"},\"potentialAction\":[{\"@type\":\"SearchAction\",\"target\":{\"@type\":\"EntryPoint\",\"urlTemplate\":\"https:\\\/\\\/www.koonings.com\\\/de\\\/?s={search_term_string}\"},\"query-input\":{\"@type\":\"PropertyValueSpecification\",\"valueRequired\":true,\"valueName\":\"search_term_string\"}}],\"inLanguage\":\"de\"},{\"@type\":\"Organization\",\"@id\":\"https:\\\/\\\/www.koonings.com\\\/de\\\/#organization\",\"name\":\"Koonings\",\"url\":\"https:\\\/\\\/www.koonings.com\\\/de\\\/\",\"logo\":{\"@type\":\"ImageObject\",\"inLanguage\":\"de\",\"@id\":\"https:\\\/\\\/www.koonings.com\\\/de\\\/#\\\/schema\\\/logo\\\/image\\\/\",\"url\":\"https:\\\/\\\/www.koonings.com\\\/wp-content\\\/uploads\\\/2024\\\/07\\\/logo.png\",\"contentUrl\":\"https:\\\/\\\/www.koonings.com\\\/wp-content\\\/uploads\\\/2024\\\/07\\\/logo.png\",\"width\":600,\"height\":428,\"caption\":\"Koonings\"},\"image\":{\"@id\":\"https:\\\/\\\/www.koonings.com\\\/de\\\/#\\\/schema\\\/logo\\\/image\\\/\"},\"sameAs\":[\"https:\\\/\\\/www.facebook.com\\\/kooningstheweddingpalace\",\"https:\\\/\\\/www.instagram.com\\\/kooningstheweddingpalace\",\"https:\\\/\\\/www.pinterest.com\\\/koonings\",\"https:\\\/\\\/www.youtube.com\\\/kooningstheweddingpalace\"]}]}<\/script>\n<!-- \/ Yoast SEO plugin. -->","yoast_head_json":{"title":"Libelle Jennifer | Koonings","description":"Das Jenniffer Kleid hat florale Spitzendetails am Mieder, schulterfreie \u00c4rmel und einen wundersch\u00f6nen T\u00fcllrock. Libelle Bridal entwirft Kleider, die Ihren einzigartigen Stil und Ihre Pers\u00f6nlichkeit widerspiegeln. Deshalb sind die \u00c4rmel des Jenniffer Kleides abnehmbar, so dass Sie dieses Kleid mit oder ohne \u00c4rmel tragen k\u00f6nnen.","robots":{"index":"index","follow":"follow","max-snippet":"max-snippet:-1","max-image-preview":"max-image-preview:large","max-video-preview":"max-video-preview:-1"},"canonical":"https:\/\/www.koonings.com\/de\/product\/libelle-jennifer\/","og_locale":"de_DE","og_type":"article","og_title":"Libelle Jennifer | Koonings","og_description":"Das Jenniffer Kleid hat florale Spitzendetails am Mieder, schulterfreie \u00c4rmel und einen wundersch\u00f6nen T\u00fcllrock. Libelle Bridal entwirft Kleider, die Ihren einzigartigen Stil und Ihre Pers\u00f6nlichkeit widerspiegeln. Deshalb sind die \u00c4rmel des Jenniffer Kleides abnehmbar, so dass Sie dieses Kleid mit oder ohne \u00c4rmel tragen k\u00f6nnen.","og_url":"https:\/\/www.koonings.com\/de\/product\/libelle-jennifer\/","og_site_name":"Koonings","article_publisher":"https:\/\/www.facebook.com\/kooningstheweddingpalace","og_image":[{"width":1812,"height":2560,"url":"https:\/\/www.koonings.com\/wp-content\/uploads\/2024\/11\/38557_99e744a1d00e425eb886a7705e5eb1c9c6391b5107ae2041714c2b7ff996bda90f5198bf-scaled.jpeg","type":"image\/jpeg"}],"twitter_card":"summary_large_image","schema":{"@context":"https:\/\/schema.org","@graph":[{"@type":"WebPage","@id":"https:\/\/www.koonings.com\/de\/product\/libelle-jennifer\/","url":"https:\/\/www.koonings.com\/de\/product\/libelle-jennifer\/","name":"Libelle Jennifer | Koonings","isPartOf":{"@id":"https:\/\/www.koonings.com\/de\/#website"},"primaryImageOfPage":{"@id":"https:\/\/www.koonings.com\/de\/product\/libelle-jennifer\/#primaryimage"},"image":{"@id":"https:\/\/www.koonings.com\/de\/product\/libelle-jennifer\/#primaryimage"},"thumbnailUrl":"https:\/\/www.koonings.com\/wp-content\/uploads\/2024\/11\/38557_99e744a1d00e425eb886a7705e5eb1c9c6391b5107ae2041714c2b7ff996bda90f5198bf-scaled.jpeg","datePublished":"2026-04-28T16:10:38+00:00","description":"Das Jenniffer Kleid hat florale Spitzendetails am Mieder, schulterfreie \u00c4rmel und einen wundersch\u00f6nen T\u00fcllrock. Libelle Bridal entwirft Kleider, die Ihren einzigartigen Stil und Ihre Pers\u00f6nlichkeit widerspiegeln. Deshalb sind die \u00c4rmel des Jenniffer Kleides abnehmbar, so dass Sie dieses Kleid mit oder ohne \u00c4rmel tragen k\u00f6nnen.","breadcrumb":{"@id":"https:\/\/www.koonings.com\/de\/product\/libelle-jennifer\/#breadcrumb"},"inLanguage":"de","potentialAction":[{"@type":"ReadAction","target":["https:\/\/www.koonings.com\/de\/product\/libelle-jennifer\/"]}]},{"@type":"ImageObject","inLanguage":"de","@id":"https:\/\/www.koonings.com\/de\/product\/libelle-jennifer\/#primaryimage","url":"https:\/\/www.koonings.com\/wp-content\/uploads\/2024\/11\/38557_99e744a1d00e425eb886a7705e5eb1c9c6391b5107ae2041714c2b7ff996bda90f5198bf-scaled.jpeg","contentUrl":"https:\/\/www.koonings.com\/wp-content\/uploads\/2024\/11\/38557_99e744a1d00e425eb886a7705e5eb1c9c6391b5107ae2041714c2b7ff996bda90f5198bf-scaled.jpeg","width":1812,"height":2560},{"@type":"BreadcrumbList","@id":"https:\/\/www.koonings.com\/de\/product\/libelle-jennifer\/#breadcrumb","itemListElement":[{"@type":"ListItem","position":1,"name":"Home","item":"https:\/\/www.koonings.com\/de\/"},{"@type":"ListItem","position":2,"name":"Libelle Jennifer"}]},{"@type":"WebSite","@id":"https:\/\/www.koonings.com\/de\/#website","url":"https:\/\/www.koonings.com\/de\/","name":"Koonings","description":"De grootste bruidsmodewinkel ter wereld","publisher":{"@id":"https:\/\/www.koonings.com\/de\/#organization"},"potentialAction":[{"@type":"SearchAction","target":{"@type":"EntryPoint","urlTemplate":"https:\/\/www.koonings.com\/de\/?s={search_term_string}"},"query-input":{"@type":"PropertyValueSpecification","valueRequired":true,"valueName":"search_term_string"}}],"inLanguage":"de"},{"@type":"Organization","@id":"https:\/\/www.koonings.com\/de\/#organization","name":"Koonings","url":"https:\/\/www.koonings.com\/de\/","logo":{"@type":"ImageObject","inLanguage":"de","@id":"https:\/\/www.koonings.com\/de\/#\/schema\/logo\/image\/","url":"https:\/\/www.koonings.com\/wp-content\/uploads\/2024\/07\/logo.png","contentUrl":"https:\/\/www.koonings.com\/wp-content\/uploads\/2024\/07\/logo.png","width":600,"height":428,"caption":"Koonings"},"image":{"@id":"https:\/\/www.koonings.com\/de\/#\/schema\/logo\/image\/"},"sameAs":["https:\/\/www.facebook.com\/kooningstheweddingpalace","https:\/\/www.instagram.com\/kooningstheweddingpalace","https:\/\/www.pinterest.com\/koonings","https:\/\/www.youtube.com\/kooningstheweddingpalace"]}]}},"_links":{"self":[{"href":"https:\/\/www.koonings.com\/de\/wp-json\/wp\/v2\/product\/56968","targetHints":{"allow":["GET"]}}],"collection":[{"href":"https:\/\/www.koonings.com\/de\/wp-json\/wp\/v2\/product"}],"about":[{"href":"https:\/\/www.koonings.com\/de\/wp-json\/wp\/v2\/types\/product"}],"wp:featuredmedia":[{"embeddable":true,"href":"https:\/\/www.koonings.com\/de\/wp-json\/wp\/v2\/media\/36618"}],"wp:attachment":[{"href":"https:\/\/www.koonings.com\/de\/wp-json\/wp\/v2\/media?parent=56968"}],"wp:term":[{"taxonomy":"productdetails","embeddable":true,"href":"https:\/\/www.koonings.com\/de\/wp-json\/wp\/v2\/productdetails?post=56968"},{"taxonomy":"productneck","embeddable":true,"href":"https:\/\/www.koonings.com\/de\/wp-json\/wp\/v2\/productneck?post=56968"},{"taxonomy":"productcolor","embeddable":true,"href":"https:\/\/www.koonings.com\/de\/wp-json\/wp\/v2\/productcolor?post=56968"},{"taxonomy":"maat","embeddable":true,"href":"https:\/\/www.koonings.com\/de\/wp-json\/wp\/v2\/maat?post=56968"},{"taxonomy":"productsupplier","embeddable":true,"href":"https:\/\/www.koonings.com\/de\/wp-json\/wp\/v2\/productsupplier?post=56968"},{"taxonomy":"productsleeve","embeddable":true,"href":"https:\/\/www.koonings.com\/de\/wp-json\/wp\/v2\/productsleeve?post=56968"},{"taxonomy":"productcategory","embeddable":true,"href":"https:\/\/www.koonings.com\/de\/wp-json\/wp\/v2\/productcategory?post=56968"},{"taxonomy":"productsilhouette","embeddable":true,"href":"https:\/\/www.koonings.com\/de\/wp-json\/wp\/v2\/productsilhouette?post=56968"},{"taxonomy":"productstyle","embeddable":true,"href":"https:\/\/www.koonings.com\/de\/wp-json\/wp\/v2\/productstyle?post=56968"}],"curies":[{"name":"wp","href":"https:\/\/api.w.org\/{rel}","templated":true}]}}