{"id":56926,"date":"2025-12-15T00:16:02","date_gmt":"2025-12-14T23:16:02","guid":{"rendered":"https:\/\/www.koonings.com\/product\/pronovias-fashion-group-safari-pr124bh2\/"},"modified":"2026-02-03T18:14:05","modified_gmt":"2026-02-03T17:14:05","slug":"pronovias-fashion-group-safari-pr124bh2","status":"publish","type":"product","link":"https:\/\/www.koonings.com\/de\/product\/pronovias-fashion-group-safari-pr124bh2\/","title":{"rendered":"Pronovias Mode Gruppe Safari PR124BH2"},"content":{"rendered":"<p>Die Allover-Spitzenstruktur verleiht diesem eleganten Kleid eine \u00e4therische Note. Die nackten Schultern stehen im Kontrast zu den luxuri\u00f6sen Details des Mieders und der Kapellen-Drapierung. Sehen Sie sich die neuesten Kollektionen von Pronovias im wundersch\u00f6nen Shop-in-Shop von Koonings The Wedding Palace an!  <\/p>\n","protected":false},"featured_media":36876,"template":"","meta":{"_acf_changed":false,"ghostkit_customizer_options":"","ghostkit_custom_css":"","ghostkit_custom_js_head":"","ghostkit_custom_js_foot":"","ghostkit_typography":""},"productdetails":[],"productneck":[354,355],"productcolor":[392],"maat":[],"productsupplier":[430],"productsleeve":[360],"productcategory":[18],"productsilhouette":[387],"productstyle":[],"class_list":["post-56926","product","type-product","status-publish","has-post-thumbnail","hentry","productneck-354","productneck-355","productcolor-392","productsupplier-pronovias-fashion-group","productsleeve-360","productcategory-trouwjurken","productsilhouette-387"],"acf":[],"yoast_head":"<!-- This site is optimized with the Yoast SEO plugin v27.3 - https:\/\/yoast.com\/product\/yoast-seo-wordpress\/ -->\n<title>Pronovias Mode Gruppe Safari PR124BH2 | Koonings<\/title>\n<meta name=\"description\" content=\"Die Allover-Spitzenstruktur verleiht diesem eleganten Kleid eine \u00e4therische Note. Die nackten Schultern stehen im Kontrast zu den luxuri\u00f6sen Details des Mieders und der Kapellen-Drapierung. Sehen Sie sich die neuesten Kollektionen von Pronovias im wundersch\u00f6nen Shop-in-Shop von Koonings The Wedding Palace an!\" \/>\n<meta name=\"robots\" content=\"index, follow, max-snippet:-1, max-image-preview:large, max-video-preview:-1\" \/>\n<link rel=\"canonical\" href=\"https:\/\/www.koonings.com\/de\/product\/pronovias-fashion-group-safari-pr124bh2\/\" \/>\n<meta property=\"og:locale\" content=\"de_DE\" \/>\n<meta property=\"og:type\" content=\"article\" \/>\n<meta property=\"og:title\" content=\"Pronovias Mode Gruppe Safari PR124BH2 | Koonings\" \/>\n<meta property=\"og:description\" content=\"Die Allover-Spitzenstruktur verleiht diesem eleganten Kleid eine \u00e4therische Note. Die nackten Schultern stehen im Kontrast zu den luxuri\u00f6sen Details des Mieders und der Kapellen-Drapierung. Sehen Sie sich die neuesten Kollektionen von Pronovias im wundersch\u00f6nen Shop-in-Shop von Koonings The Wedding Palace an!\" \/>\n<meta property=\"og:url\" content=\"https:\/\/www.koonings.com\/de\/product\/pronovias-fashion-group-safari-pr124bh2\/\" \/>\n<meta property=\"og:site_name\" content=\"Koonings\" \/>\n<meta property=\"article:publisher\" content=\"https:\/\/www.facebook.com\/kooningstheweddingpalace\" \/>\n<meta property=\"article:modified_time\" content=\"2026-02-03T17:14:05+00:00\" \/>\n<meta property=\"og:image\" content=\"https:\/\/www.koonings.com\/wp-content\/uploads\/2024\/11\/38600_e06b0ff1784294d9379264771d17bb3b53e8b405ce39c615a8cdaca2f898759243bc01be.jpeg\" \/>\n\t<meta property=\"og:image:width\" content=\"398\" \/>\n\t<meta property=\"og:image:height\" content=\"708\" \/>\n\t<meta property=\"og:image:type\" content=\"image\/jpeg\" \/>\n<meta name=\"twitter:card\" content=\"summary_large_image\" \/>\n<script type=\"application\/ld+json\" class=\"yoast-schema-graph\">{\"@context\":\"https:\\\/\\\/schema.org\",\"@graph\":[{\"@type\":\"WebPage\",\"@id\":\"https:\\\/\\\/www.koonings.com\\\/de\\\/product\\\/pronovias-fashion-group-safari-pr124bh2\\\/\",\"url\":\"https:\\\/\\\/www.koonings.com\\\/de\\\/product\\\/pronovias-fashion-group-safari-pr124bh2\\\/\",\"name\":\"Pronovias Mode Gruppe Safari PR124BH2 | Koonings\",\"isPartOf\":{\"@id\":\"https:\\\/\\\/www.koonings.com\\\/de\\\/#website\"},\"primaryImageOfPage\":{\"@id\":\"https:\\\/\\\/www.koonings.com\\\/de\\\/product\\\/pronovias-fashion-group-safari-pr124bh2\\\/#primaryimage\"},\"image\":{\"@id\":\"https:\\\/\\\/www.koonings.com\\\/de\\\/product\\\/pronovias-fashion-group-safari-pr124bh2\\\/#primaryimage\"},\"thumbnailUrl\":\"https:\\\/\\\/www.koonings.com\\\/wp-content\\\/uploads\\\/2024\\\/11\\\/38600_e06b0ff1784294d9379264771d17bb3b53e8b405ce39c615a8cdaca2f898759243bc01be.jpeg\",\"datePublished\":\"2025-12-14T23:16:02+00:00\",\"dateModified\":\"2026-02-03T17:14:05+00:00\",\"description\":\"Die Allover-Spitzenstruktur verleiht diesem eleganten Kleid eine \u00e4therische Note. Die nackten Schultern stehen im Kontrast zu den luxuri\u00f6sen Details des Mieders und der Kapellen-Drapierung. Sehen Sie sich die neuesten Kollektionen von Pronovias im wundersch\u00f6nen Shop-in-Shop von Koonings The Wedding Palace an!\",\"breadcrumb\":{\"@id\":\"https:\\\/\\\/www.koonings.com\\\/de\\\/product\\\/pronovias-fashion-group-safari-pr124bh2\\\/#breadcrumb\"},\"inLanguage\":\"de\",\"potentialAction\":[{\"@type\":\"ReadAction\",\"target\":[\"https:\\\/\\\/www.koonings.com\\\/de\\\/product\\\/pronovias-fashion-group-safari-pr124bh2\\\/\"]}]},{\"@type\":\"ImageObject\",\"inLanguage\":\"de\",\"@id\":\"https:\\\/\\\/www.koonings.com\\\/de\\\/product\\\/pronovias-fashion-group-safari-pr124bh2\\\/#primaryimage\",\"url\":\"https:\\\/\\\/www.koonings.com\\\/wp-content\\\/uploads\\\/2024\\\/11\\\/38600_e06b0ff1784294d9379264771d17bb3b53e8b405ce39c615a8cdaca2f898759243bc01be.jpeg\",\"contentUrl\":\"https:\\\/\\\/www.koonings.com\\\/wp-content\\\/uploads\\\/2024\\\/11\\\/38600_e06b0ff1784294d9379264771d17bb3b53e8b405ce39c615a8cdaca2f898759243bc01be.jpeg\",\"width\":398,\"height\":708},{\"@type\":\"BreadcrumbList\",\"@id\":\"https:\\\/\\\/www.koonings.com\\\/de\\\/product\\\/pronovias-fashion-group-safari-pr124bh2\\\/#breadcrumb\",\"itemListElement\":[{\"@type\":\"ListItem\",\"position\":1,\"name\":\"Home\",\"item\":\"https:\\\/\\\/www.koonings.com\\\/de\\\/\"},{\"@type\":\"ListItem\",\"position\":2,\"name\":\"Pronovias Mode Gruppe Safari PR124BH2\"}]},{\"@type\":\"WebSite\",\"@id\":\"https:\\\/\\\/www.koonings.com\\\/de\\\/#website\",\"url\":\"https:\\\/\\\/www.koonings.com\\\/de\\\/\",\"name\":\"Koonings\",\"description\":\"De grootste bruidsmodewinkel ter wereld\",\"publisher\":{\"@id\":\"https:\\\/\\\/www.koonings.com\\\/de\\\/#organization\"},\"potentialAction\":[{\"@type\":\"SearchAction\",\"target\":{\"@type\":\"EntryPoint\",\"urlTemplate\":\"https:\\\/\\\/www.koonings.com\\\/de\\\/?s={search_term_string}\"},\"query-input\":{\"@type\":\"PropertyValueSpecification\",\"valueRequired\":true,\"valueName\":\"search_term_string\"}}],\"inLanguage\":\"de\"},{\"@type\":\"Organization\",\"@id\":\"https:\\\/\\\/www.koonings.com\\\/de\\\/#organization\",\"name\":\"Koonings\",\"url\":\"https:\\\/\\\/www.koonings.com\\\/de\\\/\",\"logo\":{\"@type\":\"ImageObject\",\"inLanguage\":\"de\",\"@id\":\"https:\\\/\\\/www.koonings.com\\\/de\\\/#\\\/schema\\\/logo\\\/image\\\/\",\"url\":\"https:\\\/\\\/www.koonings.com\\\/wp-content\\\/uploads\\\/2024\\\/07\\\/logo.png\",\"contentUrl\":\"https:\\\/\\\/www.koonings.com\\\/wp-content\\\/uploads\\\/2024\\\/07\\\/logo.png\",\"width\":600,\"height\":428,\"caption\":\"Koonings\"},\"image\":{\"@id\":\"https:\\\/\\\/www.koonings.com\\\/de\\\/#\\\/schema\\\/logo\\\/image\\\/\"},\"sameAs\":[\"https:\\\/\\\/www.facebook.com\\\/kooningstheweddingpalace\",\"https:\\\/\\\/www.instagram.com\\\/kooningstheweddingpalace\",\"https:\\\/\\\/www.pinterest.com\\\/koonings\",\"https:\\\/\\\/www.youtube.com\\\/kooningstheweddingpalace\"]}]}<\/script>\n<!-- \/ Yoast SEO plugin. -->","yoast_head_json":{"title":"Pronovias Mode Gruppe Safari PR124BH2 | Koonings","description":"Die Allover-Spitzenstruktur verleiht diesem eleganten Kleid eine \u00e4therische Note. Die nackten Schultern stehen im Kontrast zu den luxuri\u00f6sen Details des Mieders und der Kapellen-Drapierung. Sehen Sie sich die neuesten Kollektionen von Pronovias im wundersch\u00f6nen Shop-in-Shop von Koonings The Wedding Palace an!","robots":{"index":"index","follow":"follow","max-snippet":"max-snippet:-1","max-image-preview":"max-image-preview:large","max-video-preview":"max-video-preview:-1"},"canonical":"https:\/\/www.koonings.com\/de\/product\/pronovias-fashion-group-safari-pr124bh2\/","og_locale":"de_DE","og_type":"article","og_title":"Pronovias Mode Gruppe Safari PR124BH2 | Koonings","og_description":"Die Allover-Spitzenstruktur verleiht diesem eleganten Kleid eine \u00e4therische Note. Die nackten Schultern stehen im Kontrast zu den luxuri\u00f6sen Details des Mieders und der Kapellen-Drapierung. Sehen Sie sich die neuesten Kollektionen von Pronovias im wundersch\u00f6nen Shop-in-Shop von Koonings The Wedding Palace an!","og_url":"https:\/\/www.koonings.com\/de\/product\/pronovias-fashion-group-safari-pr124bh2\/","og_site_name":"Koonings","article_publisher":"https:\/\/www.facebook.com\/kooningstheweddingpalace","article_modified_time":"2026-02-03T17:14:05+00:00","og_image":[{"width":398,"height":708,"url":"https:\/\/www.koonings.com\/wp-content\/uploads\/2024\/11\/38600_e06b0ff1784294d9379264771d17bb3b53e8b405ce39c615a8cdaca2f898759243bc01be.jpeg","type":"image\/jpeg"}],"twitter_card":"summary_large_image","schema":{"@context":"https:\/\/schema.org","@graph":[{"@type":"WebPage","@id":"https:\/\/www.koonings.com\/de\/product\/pronovias-fashion-group-safari-pr124bh2\/","url":"https:\/\/www.koonings.com\/de\/product\/pronovias-fashion-group-safari-pr124bh2\/","name":"Pronovias Mode Gruppe Safari PR124BH2 | Koonings","isPartOf":{"@id":"https:\/\/www.koonings.com\/de\/#website"},"primaryImageOfPage":{"@id":"https:\/\/www.koonings.com\/de\/product\/pronovias-fashion-group-safari-pr124bh2\/#primaryimage"},"image":{"@id":"https:\/\/www.koonings.com\/de\/product\/pronovias-fashion-group-safari-pr124bh2\/#primaryimage"},"thumbnailUrl":"https:\/\/www.koonings.com\/wp-content\/uploads\/2024\/11\/38600_e06b0ff1784294d9379264771d17bb3b53e8b405ce39c615a8cdaca2f898759243bc01be.jpeg","datePublished":"2025-12-14T23:16:02+00:00","dateModified":"2026-02-03T17:14:05+00:00","description":"Die Allover-Spitzenstruktur verleiht diesem eleganten Kleid eine \u00e4therische Note. Die nackten Schultern stehen im Kontrast zu den luxuri\u00f6sen Details des Mieders und der Kapellen-Drapierung. Sehen Sie sich die neuesten Kollektionen von Pronovias im wundersch\u00f6nen Shop-in-Shop von Koonings The Wedding Palace an!","breadcrumb":{"@id":"https:\/\/www.koonings.com\/de\/product\/pronovias-fashion-group-safari-pr124bh2\/#breadcrumb"},"inLanguage":"de","potentialAction":[{"@type":"ReadAction","target":["https:\/\/www.koonings.com\/de\/product\/pronovias-fashion-group-safari-pr124bh2\/"]}]},{"@type":"ImageObject","inLanguage":"de","@id":"https:\/\/www.koonings.com\/de\/product\/pronovias-fashion-group-safari-pr124bh2\/#primaryimage","url":"https:\/\/www.koonings.com\/wp-content\/uploads\/2024\/11\/38600_e06b0ff1784294d9379264771d17bb3b53e8b405ce39c615a8cdaca2f898759243bc01be.jpeg","contentUrl":"https:\/\/www.koonings.com\/wp-content\/uploads\/2024\/11\/38600_e06b0ff1784294d9379264771d17bb3b53e8b405ce39c615a8cdaca2f898759243bc01be.jpeg","width":398,"height":708},{"@type":"BreadcrumbList","@id":"https:\/\/www.koonings.com\/de\/product\/pronovias-fashion-group-safari-pr124bh2\/#breadcrumb","itemListElement":[{"@type":"ListItem","position":1,"name":"Home","item":"https:\/\/www.koonings.com\/de\/"},{"@type":"ListItem","position":2,"name":"Pronovias Mode Gruppe Safari PR124BH2"}]},{"@type":"WebSite","@id":"https:\/\/www.koonings.com\/de\/#website","url":"https:\/\/www.koonings.com\/de\/","name":"Koonings","description":"De grootste bruidsmodewinkel ter wereld","publisher":{"@id":"https:\/\/www.koonings.com\/de\/#organization"},"potentialAction":[{"@type":"SearchAction","target":{"@type":"EntryPoint","urlTemplate":"https:\/\/www.koonings.com\/de\/?s={search_term_string}"},"query-input":{"@type":"PropertyValueSpecification","valueRequired":true,"valueName":"search_term_string"}}],"inLanguage":"de"},{"@type":"Organization","@id":"https:\/\/www.koonings.com\/de\/#organization","name":"Koonings","url":"https:\/\/www.koonings.com\/de\/","logo":{"@type":"ImageObject","inLanguage":"de","@id":"https:\/\/www.koonings.com\/de\/#\/schema\/logo\/image\/","url":"https:\/\/www.koonings.com\/wp-content\/uploads\/2024\/07\/logo.png","contentUrl":"https:\/\/www.koonings.com\/wp-content\/uploads\/2024\/07\/logo.png","width":600,"height":428,"caption":"Koonings"},"image":{"@id":"https:\/\/www.koonings.com\/de\/#\/schema\/logo\/image\/"},"sameAs":["https:\/\/www.facebook.com\/kooningstheweddingpalace","https:\/\/www.instagram.com\/kooningstheweddingpalace","https:\/\/www.pinterest.com\/koonings","https:\/\/www.youtube.com\/kooningstheweddingpalace"]}]}},"_links":{"self":[{"href":"https:\/\/www.koonings.com\/de\/wp-json\/wp\/v2\/product\/56926","targetHints":{"allow":["GET"]}}],"collection":[{"href":"https:\/\/www.koonings.com\/de\/wp-json\/wp\/v2\/product"}],"about":[{"href":"https:\/\/www.koonings.com\/de\/wp-json\/wp\/v2\/types\/product"}],"wp:featuredmedia":[{"embeddable":true,"href":"https:\/\/www.koonings.com\/de\/wp-json\/wp\/v2\/media\/36876"}],"wp:attachment":[{"href":"https:\/\/www.koonings.com\/de\/wp-json\/wp\/v2\/media?parent=56926"}],"wp:term":[{"taxonomy":"productdetails","embeddable":true,"href":"https:\/\/www.koonings.com\/de\/wp-json\/wp\/v2\/productdetails?post=56926"},{"taxonomy":"productneck","embeddable":true,"href":"https:\/\/www.koonings.com\/de\/wp-json\/wp\/v2\/productneck?post=56926"},{"taxonomy":"productcolor","embeddable":true,"href":"https:\/\/www.koonings.com\/de\/wp-json\/wp\/v2\/productcolor?post=56926"},{"taxonomy":"maat","embeddable":true,"href":"https:\/\/www.koonings.com\/de\/wp-json\/wp\/v2\/maat?post=56926"},{"taxonomy":"productsupplier","embeddable":true,"href":"https:\/\/www.koonings.com\/de\/wp-json\/wp\/v2\/productsupplier?post=56926"},{"taxonomy":"productsleeve","embeddable":true,"href":"https:\/\/www.koonings.com\/de\/wp-json\/wp\/v2\/productsleeve?post=56926"},{"taxonomy":"productcategory","embeddable":true,"href":"https:\/\/www.koonings.com\/de\/wp-json\/wp\/v2\/productcategory?post=56926"},{"taxonomy":"productsilhouette","embeddable":true,"href":"https:\/\/www.koonings.com\/de\/wp-json\/wp\/v2\/productsilhouette?post=56926"},{"taxonomy":"productstyle","embeddable":true,"href":"https:\/\/www.koonings.com\/de\/wp-json\/wp\/v2\/productstyle?post=56926"}],"curies":[{"name":"wp","href":"https:\/\/api.w.org\/{rel}","templated":true}]}}