{"id":56923,"date":"2026-05-06T15:10:51","date_gmt":"2026-05-06T13:10:51","guid":{"rendered":"https:\/\/www.koonings.com\/product\/enzoani-blue-collection-eenmalig-patricia-l\/"},"modified":"2026-02-16T14:44:16","modified_gmt":"2026-02-16T13:44:16","slug":"enzoani-blue-collection-eenmalig-patricia-l","status":"publish","type":"product","link":"https:\/\/www.koonings.com\/de\/product\/enzoani-blue-collection-eenmalig-patricia-l\/","title":{"rendered":"Enzoani Blaue Kollektion Einzelst\u00fcck Patricia-L"},"content":{"rendered":"<p>Patricia ist eine entspannte Variante unserer geliebten A-Linien-Silhouetten und besticht durch eine 3D-gestickte Spitze, wie sie kein anderes Kleid hat. Dieses skurrile Hochzeitskleid hat einen m\u00fchelos fallenden Chiffonrock, der in eine aufwendige und wundersch\u00f6ne Schleppe \u00fcbergeht. Lassen Sie sich die zarten Illusionen nicht entgehen, die zu einem sinnlichen V-Ausschnitt am R\u00fccken f\u00fchren.  <\/p>\n","protected":false},"featured_media":36914,"template":"","meta":{"_acf_changed":false,"ghostkit_customizer_options":"","ghostkit_custom_css":"","ghostkit_custom_js_head":"","ghostkit_custom_js_foot":"","ghostkit_typography":""},"productdetails":[379,376],"productneck":[355],"productcolor":[392],"maat":[],"productsupplier":[405],"productsleeve":[359],"productcategory":[18],"productsilhouette":[389],"productstyle":[364],"class_list":["post-56923","product","type-product","status-publish","has-post-thumbnail","hentry","productdetails-379","productdetails-376","productneck-355","productcolor-392","productsupplier-enzoani-blue-collection","productsleeve-359","productcategory-trouwjurken","productsilhouette-389","productstyle-364"],"acf":[],"yoast_head":"<!-- This site is optimized with the Yoast SEO plugin v27.3 - https:\/\/yoast.com\/product\/yoast-seo-wordpress\/ -->\n<title>Enzoani Blaue Kollektion Einzelst\u00fcck Patricia-L | Koonings<\/title>\n<meta name=\"description\" content=\"Patricia ist eine entspannte Variante unserer geliebten A-Linien-Silhouetten und besticht durch eine 3D-gestickte Spitze, wie sie kein anderes Kleid hat. Dieses skurrile Hochzeitskleid hat einen m\u00fchelos fallenden Chiffonrock, der in eine aufwendige und wundersch\u00f6ne Schleppe \u00fcbergeht. Lassen Sie sich die zarten Illusionen nicht entgehen, die zu einem sinnlichen V-Ausschnitt am R\u00fccken f\u00fchren.\" \/>\n<meta name=\"robots\" content=\"index, follow, max-snippet:-1, max-image-preview:large, max-video-preview:-1\" \/>\n<link rel=\"canonical\" href=\"https:\/\/www.koonings.com\/de\/product\/enzoani-blue-collection-eenmalig-patricia-l\/\" \/>\n<meta property=\"og:locale\" content=\"de_DE\" \/>\n<meta property=\"og:type\" content=\"article\" \/>\n<meta property=\"og:title\" content=\"Enzoani Blaue Kollektion Einzelst\u00fcck Patricia-L | Koonings\" \/>\n<meta property=\"og:description\" content=\"Patricia ist eine entspannte Variante unserer geliebten A-Linien-Silhouetten und besticht durch eine 3D-gestickte Spitze, wie sie kein anderes Kleid hat. Dieses skurrile Hochzeitskleid hat einen m\u00fchelos fallenden Chiffonrock, der in eine aufwendige und wundersch\u00f6ne Schleppe \u00fcbergeht. Lassen Sie sich die zarten Illusionen nicht entgehen, die zu einem sinnlichen V-Ausschnitt am R\u00fccken f\u00fchren.\" \/>\n<meta property=\"og:url\" content=\"https:\/\/www.koonings.com\/de\/product\/enzoani-blue-collection-eenmalig-patricia-l\/\" \/>\n<meta property=\"og:site_name\" content=\"Koonings\" \/>\n<meta property=\"article:publisher\" content=\"https:\/\/www.facebook.com\/kooningstheweddingpalace\" \/>\n<meta property=\"og:image\" content=\"https:\/\/www.koonings.com\/wp-content\/uploads\/2024\/11\/38609_8b5a12aee9eb5fc66a77d02a5ddeb662f2f08d9788005b894aa7ee33df55057b98024752.jpeg\" \/>\n\t<meta property=\"og:image:width\" content=\"963\" \/>\n\t<meta property=\"og:image:height\" content=\"1364\" \/>\n\t<meta property=\"og:image:type\" content=\"image\/jpeg\" \/>\n<meta name=\"twitter:card\" content=\"summary_large_image\" \/>\n<script type=\"application\/ld+json\" class=\"yoast-schema-graph\">{\"@context\":\"https:\\\/\\\/schema.org\",\"@graph\":[{\"@type\":\"WebPage\",\"@id\":\"https:\\\/\\\/www.koonings.com\\\/de\\\/product\\\/enzoani-blue-collection-eenmalig-patricia-l\\\/\",\"url\":\"https:\\\/\\\/www.koonings.com\\\/de\\\/product\\\/enzoani-blue-collection-eenmalig-patricia-l\\\/\",\"name\":\"Enzoani Blaue Kollektion Einzelst\u00fcck Patricia-L | Koonings\",\"isPartOf\":{\"@id\":\"https:\\\/\\\/www.koonings.com\\\/de\\\/#website\"},\"primaryImageOfPage\":{\"@id\":\"https:\\\/\\\/www.koonings.com\\\/de\\\/product\\\/enzoani-blue-collection-eenmalig-patricia-l\\\/#primaryimage\"},\"image\":{\"@id\":\"https:\\\/\\\/www.koonings.com\\\/de\\\/product\\\/enzoani-blue-collection-eenmalig-patricia-l\\\/#primaryimage\"},\"thumbnailUrl\":\"https:\\\/\\\/www.koonings.com\\\/wp-content\\\/uploads\\\/2024\\\/11\\\/38609_8b5a12aee9eb5fc66a77d02a5ddeb662f2f08d9788005b894aa7ee33df55057b98024752.jpeg\",\"datePublished\":\"2026-05-06T13:10:51+00:00\",\"description\":\"Patricia ist eine entspannte Variante unserer geliebten A-Linien-Silhouetten und besticht durch eine 3D-gestickte Spitze, wie sie kein anderes Kleid hat. Dieses skurrile Hochzeitskleid hat einen m\u00fchelos fallenden Chiffonrock, der in eine aufwendige und wundersch\u00f6ne Schleppe \u00fcbergeht. Lassen Sie sich die zarten Illusionen nicht entgehen, die zu einem sinnlichen V-Ausschnitt am R\u00fccken f\u00fchren.\",\"breadcrumb\":{\"@id\":\"https:\\\/\\\/www.koonings.com\\\/de\\\/product\\\/enzoani-blue-collection-eenmalig-patricia-l\\\/#breadcrumb\"},\"inLanguage\":\"de\",\"potentialAction\":[{\"@type\":\"ReadAction\",\"target\":[\"https:\\\/\\\/www.koonings.com\\\/de\\\/product\\\/enzoani-blue-collection-eenmalig-patricia-l\\\/\"]}]},{\"@type\":\"ImageObject\",\"inLanguage\":\"de\",\"@id\":\"https:\\\/\\\/www.koonings.com\\\/de\\\/product\\\/enzoani-blue-collection-eenmalig-patricia-l\\\/#primaryimage\",\"url\":\"https:\\\/\\\/www.koonings.com\\\/wp-content\\\/uploads\\\/2024\\\/11\\\/38609_8b5a12aee9eb5fc66a77d02a5ddeb662f2f08d9788005b894aa7ee33df55057b98024752.jpeg\",\"contentUrl\":\"https:\\\/\\\/www.koonings.com\\\/wp-content\\\/uploads\\\/2024\\\/11\\\/38609_8b5a12aee9eb5fc66a77d02a5ddeb662f2f08d9788005b894aa7ee33df55057b98024752.jpeg\",\"width\":963,\"height\":1364},{\"@type\":\"BreadcrumbList\",\"@id\":\"https:\\\/\\\/www.koonings.com\\\/de\\\/product\\\/enzoani-blue-collection-eenmalig-patricia-l\\\/#breadcrumb\",\"itemListElement\":[{\"@type\":\"ListItem\",\"position\":1,\"name\":\"Home\",\"item\":\"https:\\\/\\\/www.koonings.com\\\/de\\\/\"},{\"@type\":\"ListItem\",\"position\":2,\"name\":\"Enzoani Blaue Kollektion Einzelst\u00fcck Patricia-L\"}]},{\"@type\":\"WebSite\",\"@id\":\"https:\\\/\\\/www.koonings.com\\\/de\\\/#website\",\"url\":\"https:\\\/\\\/www.koonings.com\\\/de\\\/\",\"name\":\"Koonings\",\"description\":\"De grootste bruidsmodewinkel ter wereld\",\"publisher\":{\"@id\":\"https:\\\/\\\/www.koonings.com\\\/de\\\/#organization\"},\"potentialAction\":[{\"@type\":\"SearchAction\",\"target\":{\"@type\":\"EntryPoint\",\"urlTemplate\":\"https:\\\/\\\/www.koonings.com\\\/de\\\/?s={search_term_string}\"},\"query-input\":{\"@type\":\"PropertyValueSpecification\",\"valueRequired\":true,\"valueName\":\"search_term_string\"}}],\"inLanguage\":\"de\"},{\"@type\":\"Organization\",\"@id\":\"https:\\\/\\\/www.koonings.com\\\/de\\\/#organization\",\"name\":\"Koonings\",\"url\":\"https:\\\/\\\/www.koonings.com\\\/de\\\/\",\"logo\":{\"@type\":\"ImageObject\",\"inLanguage\":\"de\",\"@id\":\"https:\\\/\\\/www.koonings.com\\\/de\\\/#\\\/schema\\\/logo\\\/image\\\/\",\"url\":\"https:\\\/\\\/www.koonings.com\\\/wp-content\\\/uploads\\\/2024\\\/07\\\/logo.png\",\"contentUrl\":\"https:\\\/\\\/www.koonings.com\\\/wp-content\\\/uploads\\\/2024\\\/07\\\/logo.png\",\"width\":600,\"height\":428,\"caption\":\"Koonings\"},\"image\":{\"@id\":\"https:\\\/\\\/www.koonings.com\\\/de\\\/#\\\/schema\\\/logo\\\/image\\\/\"},\"sameAs\":[\"https:\\\/\\\/www.facebook.com\\\/kooningstheweddingpalace\",\"https:\\\/\\\/www.instagram.com\\\/kooningstheweddingpalace\",\"https:\\\/\\\/www.pinterest.com\\\/koonings\",\"https:\\\/\\\/www.youtube.com\\\/kooningstheweddingpalace\"]}]}<\/script>\n<!-- \/ Yoast SEO plugin. -->","yoast_head_json":{"title":"Enzoani Blaue Kollektion Einzelst\u00fcck Patricia-L | Koonings","description":"Patricia ist eine entspannte Variante unserer geliebten A-Linien-Silhouetten und besticht durch eine 3D-gestickte Spitze, wie sie kein anderes Kleid hat. Dieses skurrile Hochzeitskleid hat einen m\u00fchelos fallenden Chiffonrock, der in eine aufwendige und wundersch\u00f6ne Schleppe \u00fcbergeht. Lassen Sie sich die zarten Illusionen nicht entgehen, die zu einem sinnlichen V-Ausschnitt am R\u00fccken f\u00fchren.","robots":{"index":"index","follow":"follow","max-snippet":"max-snippet:-1","max-image-preview":"max-image-preview:large","max-video-preview":"max-video-preview:-1"},"canonical":"https:\/\/www.koonings.com\/de\/product\/enzoani-blue-collection-eenmalig-patricia-l\/","og_locale":"de_DE","og_type":"article","og_title":"Enzoani Blaue Kollektion Einzelst\u00fcck Patricia-L | Koonings","og_description":"Patricia ist eine entspannte Variante unserer geliebten A-Linien-Silhouetten und besticht durch eine 3D-gestickte Spitze, wie sie kein anderes Kleid hat. Dieses skurrile Hochzeitskleid hat einen m\u00fchelos fallenden Chiffonrock, der in eine aufwendige und wundersch\u00f6ne Schleppe \u00fcbergeht. Lassen Sie sich die zarten Illusionen nicht entgehen, die zu einem sinnlichen V-Ausschnitt am R\u00fccken f\u00fchren.","og_url":"https:\/\/www.koonings.com\/de\/product\/enzoani-blue-collection-eenmalig-patricia-l\/","og_site_name":"Koonings","article_publisher":"https:\/\/www.facebook.com\/kooningstheweddingpalace","og_image":[{"width":963,"height":1364,"url":"https:\/\/www.koonings.com\/wp-content\/uploads\/2024\/11\/38609_8b5a12aee9eb5fc66a77d02a5ddeb662f2f08d9788005b894aa7ee33df55057b98024752.jpeg","type":"image\/jpeg"}],"twitter_card":"summary_large_image","schema":{"@context":"https:\/\/schema.org","@graph":[{"@type":"WebPage","@id":"https:\/\/www.koonings.com\/de\/product\/enzoani-blue-collection-eenmalig-patricia-l\/","url":"https:\/\/www.koonings.com\/de\/product\/enzoani-blue-collection-eenmalig-patricia-l\/","name":"Enzoani Blaue Kollektion Einzelst\u00fcck Patricia-L | Koonings","isPartOf":{"@id":"https:\/\/www.koonings.com\/de\/#website"},"primaryImageOfPage":{"@id":"https:\/\/www.koonings.com\/de\/product\/enzoani-blue-collection-eenmalig-patricia-l\/#primaryimage"},"image":{"@id":"https:\/\/www.koonings.com\/de\/product\/enzoani-blue-collection-eenmalig-patricia-l\/#primaryimage"},"thumbnailUrl":"https:\/\/www.koonings.com\/wp-content\/uploads\/2024\/11\/38609_8b5a12aee9eb5fc66a77d02a5ddeb662f2f08d9788005b894aa7ee33df55057b98024752.jpeg","datePublished":"2026-05-06T13:10:51+00:00","description":"Patricia ist eine entspannte Variante unserer geliebten A-Linien-Silhouetten und besticht durch eine 3D-gestickte Spitze, wie sie kein anderes Kleid hat. Dieses skurrile Hochzeitskleid hat einen m\u00fchelos fallenden Chiffonrock, der in eine aufwendige und wundersch\u00f6ne Schleppe \u00fcbergeht. Lassen Sie sich die zarten Illusionen nicht entgehen, die zu einem sinnlichen V-Ausschnitt am R\u00fccken f\u00fchren.","breadcrumb":{"@id":"https:\/\/www.koonings.com\/de\/product\/enzoani-blue-collection-eenmalig-patricia-l\/#breadcrumb"},"inLanguage":"de","potentialAction":[{"@type":"ReadAction","target":["https:\/\/www.koonings.com\/de\/product\/enzoani-blue-collection-eenmalig-patricia-l\/"]}]},{"@type":"ImageObject","inLanguage":"de","@id":"https:\/\/www.koonings.com\/de\/product\/enzoani-blue-collection-eenmalig-patricia-l\/#primaryimage","url":"https:\/\/www.koonings.com\/wp-content\/uploads\/2024\/11\/38609_8b5a12aee9eb5fc66a77d02a5ddeb662f2f08d9788005b894aa7ee33df55057b98024752.jpeg","contentUrl":"https:\/\/www.koonings.com\/wp-content\/uploads\/2024\/11\/38609_8b5a12aee9eb5fc66a77d02a5ddeb662f2f08d9788005b894aa7ee33df55057b98024752.jpeg","width":963,"height":1364},{"@type":"BreadcrumbList","@id":"https:\/\/www.koonings.com\/de\/product\/enzoani-blue-collection-eenmalig-patricia-l\/#breadcrumb","itemListElement":[{"@type":"ListItem","position":1,"name":"Home","item":"https:\/\/www.koonings.com\/de\/"},{"@type":"ListItem","position":2,"name":"Enzoani Blaue Kollektion Einzelst\u00fcck Patricia-L"}]},{"@type":"WebSite","@id":"https:\/\/www.koonings.com\/de\/#website","url":"https:\/\/www.koonings.com\/de\/","name":"Koonings","description":"De grootste bruidsmodewinkel ter wereld","publisher":{"@id":"https:\/\/www.koonings.com\/de\/#organization"},"potentialAction":[{"@type":"SearchAction","target":{"@type":"EntryPoint","urlTemplate":"https:\/\/www.koonings.com\/de\/?s={search_term_string}"},"query-input":{"@type":"PropertyValueSpecification","valueRequired":true,"valueName":"search_term_string"}}],"inLanguage":"de"},{"@type":"Organization","@id":"https:\/\/www.koonings.com\/de\/#organization","name":"Koonings","url":"https:\/\/www.koonings.com\/de\/","logo":{"@type":"ImageObject","inLanguage":"de","@id":"https:\/\/www.koonings.com\/de\/#\/schema\/logo\/image\/","url":"https:\/\/www.koonings.com\/wp-content\/uploads\/2024\/07\/logo.png","contentUrl":"https:\/\/www.koonings.com\/wp-content\/uploads\/2024\/07\/logo.png","width":600,"height":428,"caption":"Koonings"},"image":{"@id":"https:\/\/www.koonings.com\/de\/#\/schema\/logo\/image\/"},"sameAs":["https:\/\/www.facebook.com\/kooningstheweddingpalace","https:\/\/www.instagram.com\/kooningstheweddingpalace","https:\/\/www.pinterest.com\/koonings","https:\/\/www.youtube.com\/kooningstheweddingpalace"]}]}},"_links":{"self":[{"href":"https:\/\/www.koonings.com\/de\/wp-json\/wp\/v2\/product\/56923","targetHints":{"allow":["GET"]}}],"collection":[{"href":"https:\/\/www.koonings.com\/de\/wp-json\/wp\/v2\/product"}],"about":[{"href":"https:\/\/www.koonings.com\/de\/wp-json\/wp\/v2\/types\/product"}],"wp:featuredmedia":[{"embeddable":true,"href":"https:\/\/www.koonings.com\/de\/wp-json\/wp\/v2\/media\/36914"}],"wp:attachment":[{"href":"https:\/\/www.koonings.com\/de\/wp-json\/wp\/v2\/media?parent=56923"}],"wp:term":[{"taxonomy":"productdetails","embeddable":true,"href":"https:\/\/www.koonings.com\/de\/wp-json\/wp\/v2\/productdetails?post=56923"},{"taxonomy":"productneck","embeddable":true,"href":"https:\/\/www.koonings.com\/de\/wp-json\/wp\/v2\/productneck?post=56923"},{"taxonomy":"productcolor","embeddable":true,"href":"https:\/\/www.koonings.com\/de\/wp-json\/wp\/v2\/productcolor?post=56923"},{"taxonomy":"maat","embeddable":true,"href":"https:\/\/www.koonings.com\/de\/wp-json\/wp\/v2\/maat?post=56923"},{"taxonomy":"productsupplier","embeddable":true,"href":"https:\/\/www.koonings.com\/de\/wp-json\/wp\/v2\/productsupplier?post=56923"},{"taxonomy":"productsleeve","embeddable":true,"href":"https:\/\/www.koonings.com\/de\/wp-json\/wp\/v2\/productsleeve?post=56923"},{"taxonomy":"productcategory","embeddable":true,"href":"https:\/\/www.koonings.com\/de\/wp-json\/wp\/v2\/productcategory?post=56923"},{"taxonomy":"productsilhouette","embeddable":true,"href":"https:\/\/www.koonings.com\/de\/wp-json\/wp\/v2\/productsilhouette?post=56923"},{"taxonomy":"productstyle","embeddable":true,"href":"https:\/\/www.koonings.com\/de\/wp-json\/wp\/v2\/productstyle?post=56923"}],"curies":[{"name":"wp","href":"https:\/\/api.w.org\/{rel}","templated":true}]}}