{"id":56914,"date":"2025-12-15T00:16:04","date_gmt":"2025-12-14T23:16:04","guid":{"rendered":"https:\/\/www.koonings.com\/product\/herve-paris-cynthia\/"},"modified":"2026-02-03T18:14:38","modified_gmt":"2026-02-03T17:14:38","slug":"herve-paris-cynthia","status":"publish","type":"product","link":"https:\/\/www.koonings.com\/de\/product\/herve-paris-cynthia\/","title":{"rendered":"Herve Paris Cynthia"},"content":{"rendered":"<p>Erleben Sie die anmutige Raffinesse des Cynthia Kleides. Mit seinem hohen Ausschnitt und den eleganten Schulter\u00e4rmeln verspr\u00fcht dieses Kleid einen Hauch von raffiniertem Charme.<br \/>\nDie hohe R\u00fcckenpartie verleiht dem Design einen Hauch von Modernit\u00e4t und Eleganz. Mit wundersch\u00f6nen Spitzendetails verziert, zieht das Cynthia Kleid die Blicke aus jedem Winkel auf sich.  <\/p>\n","protected":false},"featured_media":36965,"template":"","meta":{"_acf_changed":false,"ghostkit_customizer_options":"","ghostkit_custom_css":"","ghostkit_custom_js_head":"","ghostkit_custom_js_foot":"","ghostkit_typography":""},"productdetails":[],"productneck":[350],"productcolor":[393,392],"maat":[],"productsupplier":[424],"productsleeve":[362],"productcategory":[18],"productsilhouette":[384,389],"productstyle":[364,373],"class_list":["post-56914","product","type-product","status-publish","has-post-thumbnail","hentry","productneck-350","productcolor-393","productcolor-392","productsupplier-herve-paris","productsleeve-362","productcategory-trouwjurken","productsilhouette-384","productsilhouette-389","productstyle-364","productstyle-373"],"acf":[],"yoast_head":"<!-- This site is optimized with the Yoast SEO plugin v27.3 - https:\/\/yoast.com\/product\/yoast-seo-wordpress\/ -->\n<title>Herve Paris Cynthia | Koonings<\/title>\n<meta name=\"description\" content=\"Erleben Sie die anmutige Raffinesse des Cynthia Kleides. Mit seinem hohen Ausschnitt und den eleganten Schulter\u00e4rmeln verspr\u00fcht dieses Kleid einen Hauch von raffiniertem Charme. Die hohe R\u00fcckenpartie verleiht dem Design einen Hauch von Modernit\u00e4t und Eleganz. Mit wundersch\u00f6nen Spitzendetails verziert, zieht das Cynthia Kleid die Blicke aus jedem Winkel auf sich.\" \/>\n<meta name=\"robots\" content=\"index, follow, max-snippet:-1, max-image-preview:large, max-video-preview:-1\" \/>\n<link rel=\"canonical\" href=\"https:\/\/www.koonings.com\/de\/product\/herve-paris-cynthia\/\" \/>\n<meta property=\"og:locale\" content=\"de_DE\" \/>\n<meta property=\"og:type\" content=\"article\" \/>\n<meta property=\"og:title\" content=\"Herve Paris Cynthia | Koonings\" \/>\n<meta property=\"og:description\" content=\"Erleben Sie die anmutige Raffinesse des Cynthia Kleides. Mit seinem hohen Ausschnitt und den eleganten Schulter\u00e4rmeln verspr\u00fcht dieses Kleid einen Hauch von raffiniertem Charme. Die hohe R\u00fcckenpartie verleiht dem Design einen Hauch von Modernit\u00e4t und Eleganz. Mit wundersch\u00f6nen Spitzendetails verziert, zieht das Cynthia Kleid die Blicke aus jedem Winkel auf sich.\" \/>\n<meta property=\"og:url\" content=\"https:\/\/www.koonings.com\/de\/product\/herve-paris-cynthia\/\" \/>\n<meta property=\"og:site_name\" content=\"Koonings\" \/>\n<meta property=\"article:publisher\" content=\"https:\/\/www.facebook.com\/kooningstheweddingpalace\" \/>\n<meta property=\"article:modified_time\" content=\"2026-02-03T17:14:38+00:00\" \/>\n<meta property=\"og:image\" content=\"https:\/\/www.koonings.com\/wp-content\/uploads\/2024\/11\/38613_6ef62e8c36e6cb5517ed8a5852703deb3e2a2eee64db4620ecb3e2f54863e69681eb4182.jpeg\" \/>\n\t<meta property=\"og:image:width\" content=\"1513\" \/>\n\t<meta property=\"og:image:height\" content=\"2137\" \/>\n\t<meta property=\"og:image:type\" content=\"image\/jpeg\" \/>\n<meta name=\"twitter:card\" content=\"summary_large_image\" \/>\n<script type=\"application\/ld+json\" class=\"yoast-schema-graph\">{\"@context\":\"https:\\\/\\\/schema.org\",\"@graph\":[{\"@type\":\"WebPage\",\"@id\":\"https:\\\/\\\/www.koonings.com\\\/de\\\/product\\\/herve-paris-cynthia\\\/\",\"url\":\"https:\\\/\\\/www.koonings.com\\\/de\\\/product\\\/herve-paris-cynthia\\\/\",\"name\":\"Herve Paris Cynthia | Koonings\",\"isPartOf\":{\"@id\":\"https:\\\/\\\/www.koonings.com\\\/de\\\/#website\"},\"primaryImageOfPage\":{\"@id\":\"https:\\\/\\\/www.koonings.com\\\/de\\\/product\\\/herve-paris-cynthia\\\/#primaryimage\"},\"image\":{\"@id\":\"https:\\\/\\\/www.koonings.com\\\/de\\\/product\\\/herve-paris-cynthia\\\/#primaryimage\"},\"thumbnailUrl\":\"https:\\\/\\\/www.koonings.com\\\/wp-content\\\/uploads\\\/2024\\\/11\\\/38613_6ef62e8c36e6cb5517ed8a5852703deb3e2a2eee64db4620ecb3e2f54863e69681eb4182.jpeg\",\"datePublished\":\"2025-12-14T23:16:04+00:00\",\"dateModified\":\"2026-02-03T17:14:38+00:00\",\"description\":\"Erleben Sie die anmutige Raffinesse des Cynthia Kleides. Mit seinem hohen Ausschnitt und den eleganten Schulter\u00e4rmeln verspr\u00fcht dieses Kleid einen Hauch von raffiniertem Charme. Die hohe R\u00fcckenpartie verleiht dem Design einen Hauch von Modernit\u00e4t und Eleganz. Mit wundersch\u00f6nen Spitzendetails verziert, zieht das Cynthia Kleid die Blicke aus jedem Winkel auf sich.\",\"breadcrumb\":{\"@id\":\"https:\\\/\\\/www.koonings.com\\\/de\\\/product\\\/herve-paris-cynthia\\\/#breadcrumb\"},\"inLanguage\":\"de\",\"potentialAction\":[{\"@type\":\"ReadAction\",\"target\":[\"https:\\\/\\\/www.koonings.com\\\/de\\\/product\\\/herve-paris-cynthia\\\/\"]}]},{\"@type\":\"ImageObject\",\"inLanguage\":\"de\",\"@id\":\"https:\\\/\\\/www.koonings.com\\\/de\\\/product\\\/herve-paris-cynthia\\\/#primaryimage\",\"url\":\"https:\\\/\\\/www.koonings.com\\\/wp-content\\\/uploads\\\/2024\\\/11\\\/38613_6ef62e8c36e6cb5517ed8a5852703deb3e2a2eee64db4620ecb3e2f54863e69681eb4182.jpeg\",\"contentUrl\":\"https:\\\/\\\/www.koonings.com\\\/wp-content\\\/uploads\\\/2024\\\/11\\\/38613_6ef62e8c36e6cb5517ed8a5852703deb3e2a2eee64db4620ecb3e2f54863e69681eb4182.jpeg\",\"width\":1513,\"height\":2137},{\"@type\":\"BreadcrumbList\",\"@id\":\"https:\\\/\\\/www.koonings.com\\\/de\\\/product\\\/herve-paris-cynthia\\\/#breadcrumb\",\"itemListElement\":[{\"@type\":\"ListItem\",\"position\":1,\"name\":\"Home\",\"item\":\"https:\\\/\\\/www.koonings.com\\\/de\\\/\"},{\"@type\":\"ListItem\",\"position\":2,\"name\":\"Herve Paris Cynthia\"}]},{\"@type\":\"WebSite\",\"@id\":\"https:\\\/\\\/www.koonings.com\\\/de\\\/#website\",\"url\":\"https:\\\/\\\/www.koonings.com\\\/de\\\/\",\"name\":\"Koonings\",\"description\":\"De grootste bruidsmodewinkel ter wereld\",\"publisher\":{\"@id\":\"https:\\\/\\\/www.koonings.com\\\/de\\\/#organization\"},\"potentialAction\":[{\"@type\":\"SearchAction\",\"target\":{\"@type\":\"EntryPoint\",\"urlTemplate\":\"https:\\\/\\\/www.koonings.com\\\/de\\\/?s={search_term_string}\"},\"query-input\":{\"@type\":\"PropertyValueSpecification\",\"valueRequired\":true,\"valueName\":\"search_term_string\"}}],\"inLanguage\":\"de\"},{\"@type\":\"Organization\",\"@id\":\"https:\\\/\\\/www.koonings.com\\\/de\\\/#organization\",\"name\":\"Koonings\",\"url\":\"https:\\\/\\\/www.koonings.com\\\/de\\\/\",\"logo\":{\"@type\":\"ImageObject\",\"inLanguage\":\"de\",\"@id\":\"https:\\\/\\\/www.koonings.com\\\/de\\\/#\\\/schema\\\/logo\\\/image\\\/\",\"url\":\"https:\\\/\\\/www.koonings.com\\\/wp-content\\\/uploads\\\/2024\\\/07\\\/logo.png\",\"contentUrl\":\"https:\\\/\\\/www.koonings.com\\\/wp-content\\\/uploads\\\/2024\\\/07\\\/logo.png\",\"width\":600,\"height\":428,\"caption\":\"Koonings\"},\"image\":{\"@id\":\"https:\\\/\\\/www.koonings.com\\\/de\\\/#\\\/schema\\\/logo\\\/image\\\/\"},\"sameAs\":[\"https:\\\/\\\/www.facebook.com\\\/kooningstheweddingpalace\",\"https:\\\/\\\/www.instagram.com\\\/kooningstheweddingpalace\",\"https:\\\/\\\/www.pinterest.com\\\/koonings\",\"https:\\\/\\\/www.youtube.com\\\/kooningstheweddingpalace\"]}]}<\/script>\n<!-- \/ Yoast SEO plugin. -->","yoast_head_json":{"title":"Herve Paris Cynthia | Koonings","description":"Erleben Sie die anmutige Raffinesse des Cynthia Kleides. Mit seinem hohen Ausschnitt und den eleganten Schulter\u00e4rmeln verspr\u00fcht dieses Kleid einen Hauch von raffiniertem Charme. Die hohe R\u00fcckenpartie verleiht dem Design einen Hauch von Modernit\u00e4t und Eleganz. Mit wundersch\u00f6nen Spitzendetails verziert, zieht das Cynthia Kleid die Blicke aus jedem Winkel auf sich.","robots":{"index":"index","follow":"follow","max-snippet":"max-snippet:-1","max-image-preview":"max-image-preview:large","max-video-preview":"max-video-preview:-1"},"canonical":"https:\/\/www.koonings.com\/de\/product\/herve-paris-cynthia\/","og_locale":"de_DE","og_type":"article","og_title":"Herve Paris Cynthia | Koonings","og_description":"Erleben Sie die anmutige Raffinesse des Cynthia Kleides. Mit seinem hohen Ausschnitt und den eleganten Schulter\u00e4rmeln verspr\u00fcht dieses Kleid einen Hauch von raffiniertem Charme. Die hohe R\u00fcckenpartie verleiht dem Design einen Hauch von Modernit\u00e4t und Eleganz. Mit wundersch\u00f6nen Spitzendetails verziert, zieht das Cynthia Kleid die Blicke aus jedem Winkel auf sich.","og_url":"https:\/\/www.koonings.com\/de\/product\/herve-paris-cynthia\/","og_site_name":"Koonings","article_publisher":"https:\/\/www.facebook.com\/kooningstheweddingpalace","article_modified_time":"2026-02-03T17:14:38+00:00","og_image":[{"width":1513,"height":2137,"url":"https:\/\/www.koonings.com\/wp-content\/uploads\/2024\/11\/38613_6ef62e8c36e6cb5517ed8a5852703deb3e2a2eee64db4620ecb3e2f54863e69681eb4182.jpeg","type":"image\/jpeg"}],"twitter_card":"summary_large_image","schema":{"@context":"https:\/\/schema.org","@graph":[{"@type":"WebPage","@id":"https:\/\/www.koonings.com\/de\/product\/herve-paris-cynthia\/","url":"https:\/\/www.koonings.com\/de\/product\/herve-paris-cynthia\/","name":"Herve Paris Cynthia | Koonings","isPartOf":{"@id":"https:\/\/www.koonings.com\/de\/#website"},"primaryImageOfPage":{"@id":"https:\/\/www.koonings.com\/de\/product\/herve-paris-cynthia\/#primaryimage"},"image":{"@id":"https:\/\/www.koonings.com\/de\/product\/herve-paris-cynthia\/#primaryimage"},"thumbnailUrl":"https:\/\/www.koonings.com\/wp-content\/uploads\/2024\/11\/38613_6ef62e8c36e6cb5517ed8a5852703deb3e2a2eee64db4620ecb3e2f54863e69681eb4182.jpeg","datePublished":"2025-12-14T23:16:04+00:00","dateModified":"2026-02-03T17:14:38+00:00","description":"Erleben Sie die anmutige Raffinesse des Cynthia Kleides. Mit seinem hohen Ausschnitt und den eleganten Schulter\u00e4rmeln verspr\u00fcht dieses Kleid einen Hauch von raffiniertem Charme. Die hohe R\u00fcckenpartie verleiht dem Design einen Hauch von Modernit\u00e4t und Eleganz. Mit wundersch\u00f6nen Spitzendetails verziert, zieht das Cynthia Kleid die Blicke aus jedem Winkel auf sich.","breadcrumb":{"@id":"https:\/\/www.koonings.com\/de\/product\/herve-paris-cynthia\/#breadcrumb"},"inLanguage":"de","potentialAction":[{"@type":"ReadAction","target":["https:\/\/www.koonings.com\/de\/product\/herve-paris-cynthia\/"]}]},{"@type":"ImageObject","inLanguage":"de","@id":"https:\/\/www.koonings.com\/de\/product\/herve-paris-cynthia\/#primaryimage","url":"https:\/\/www.koonings.com\/wp-content\/uploads\/2024\/11\/38613_6ef62e8c36e6cb5517ed8a5852703deb3e2a2eee64db4620ecb3e2f54863e69681eb4182.jpeg","contentUrl":"https:\/\/www.koonings.com\/wp-content\/uploads\/2024\/11\/38613_6ef62e8c36e6cb5517ed8a5852703deb3e2a2eee64db4620ecb3e2f54863e69681eb4182.jpeg","width":1513,"height":2137},{"@type":"BreadcrumbList","@id":"https:\/\/www.koonings.com\/de\/product\/herve-paris-cynthia\/#breadcrumb","itemListElement":[{"@type":"ListItem","position":1,"name":"Home","item":"https:\/\/www.koonings.com\/de\/"},{"@type":"ListItem","position":2,"name":"Herve Paris Cynthia"}]},{"@type":"WebSite","@id":"https:\/\/www.koonings.com\/de\/#website","url":"https:\/\/www.koonings.com\/de\/","name":"Koonings","description":"De grootste bruidsmodewinkel ter wereld","publisher":{"@id":"https:\/\/www.koonings.com\/de\/#organization"},"potentialAction":[{"@type":"SearchAction","target":{"@type":"EntryPoint","urlTemplate":"https:\/\/www.koonings.com\/de\/?s={search_term_string}"},"query-input":{"@type":"PropertyValueSpecification","valueRequired":true,"valueName":"search_term_string"}}],"inLanguage":"de"},{"@type":"Organization","@id":"https:\/\/www.koonings.com\/de\/#organization","name":"Koonings","url":"https:\/\/www.koonings.com\/de\/","logo":{"@type":"ImageObject","inLanguage":"de","@id":"https:\/\/www.koonings.com\/de\/#\/schema\/logo\/image\/","url":"https:\/\/www.koonings.com\/wp-content\/uploads\/2024\/07\/logo.png","contentUrl":"https:\/\/www.koonings.com\/wp-content\/uploads\/2024\/07\/logo.png","width":600,"height":428,"caption":"Koonings"},"image":{"@id":"https:\/\/www.koonings.com\/de\/#\/schema\/logo\/image\/"},"sameAs":["https:\/\/www.facebook.com\/kooningstheweddingpalace","https:\/\/www.instagram.com\/kooningstheweddingpalace","https:\/\/www.pinterest.com\/koonings","https:\/\/www.youtube.com\/kooningstheweddingpalace"]}]}},"_links":{"self":[{"href":"https:\/\/www.koonings.com\/de\/wp-json\/wp\/v2\/product\/56914","targetHints":{"allow":["GET"]}}],"collection":[{"href":"https:\/\/www.koonings.com\/de\/wp-json\/wp\/v2\/product"}],"about":[{"href":"https:\/\/www.koonings.com\/de\/wp-json\/wp\/v2\/types\/product"}],"wp:featuredmedia":[{"embeddable":true,"href":"https:\/\/www.koonings.com\/de\/wp-json\/wp\/v2\/media\/36965"}],"wp:attachment":[{"href":"https:\/\/www.koonings.com\/de\/wp-json\/wp\/v2\/media?parent=56914"}],"wp:term":[{"taxonomy":"productdetails","embeddable":true,"href":"https:\/\/www.koonings.com\/de\/wp-json\/wp\/v2\/productdetails?post=56914"},{"taxonomy":"productneck","embeddable":true,"href":"https:\/\/www.koonings.com\/de\/wp-json\/wp\/v2\/productneck?post=56914"},{"taxonomy":"productcolor","embeddable":true,"href":"https:\/\/www.koonings.com\/de\/wp-json\/wp\/v2\/productcolor?post=56914"},{"taxonomy":"maat","embeddable":true,"href":"https:\/\/www.koonings.com\/de\/wp-json\/wp\/v2\/maat?post=56914"},{"taxonomy":"productsupplier","embeddable":true,"href":"https:\/\/www.koonings.com\/de\/wp-json\/wp\/v2\/productsupplier?post=56914"},{"taxonomy":"productsleeve","embeddable":true,"href":"https:\/\/www.koonings.com\/de\/wp-json\/wp\/v2\/productsleeve?post=56914"},{"taxonomy":"productcategory","embeddable":true,"href":"https:\/\/www.koonings.com\/de\/wp-json\/wp\/v2\/productcategory?post=56914"},{"taxonomy":"productsilhouette","embeddable":true,"href":"https:\/\/www.koonings.com\/de\/wp-json\/wp\/v2\/productsilhouette?post=56914"},{"taxonomy":"productstyle","embeddable":true,"href":"https:\/\/www.koonings.com\/de\/wp-json\/wp\/v2\/productstyle?post=56914"}],"curies":[{"name":"wp","href":"https:\/\/api.w.org\/{rel}","templated":true}]}}