{"id":56879,"date":"2026-04-28T18:08:43","date_gmt":"2026-04-28T16:08:43","guid":{"rendered":"https:\/\/www.koonings.com\/product\/randy-fenoli-demi\/"},"modified":"2026-02-16T14:31:39","modified_gmt":"2026-02-16T13:31:39","slug":"randy-fenoli-demi","status":"publish","type":"product","link":"https:\/\/www.koonings.com\/de\/product\/randy-fenoli-demi\/","title":{"rendered":"Randy Fenoli Demi"},"content":{"rendered":"<p>Ein absolut fabelhaftes Hochzeitskleid mit vielen feinen Details. Schauen Sie sich das wundersch\u00f6ne Oberteil an, mit einem sch\u00f6nen Bootsausschnitt und der sch\u00f6nsten Spitze, die Eleganz und Romantik ausstrahlt. Au\u00dferdem hat das Hochzeitskleid einen sch\u00f6nen Schlitz, unter dem dieselbe Spitze zu sehen ist, was den Look auflockert und dem Hochzeitskleid ein einzigartiges Element verleiht.  <\/p>\n","protected":false},"featured_media":33137,"template":"","meta":{"_acf_changed":false,"ghostkit_customizer_options":"","ghostkit_custom_css":"","ghostkit_custom_js_head":"","ghostkit_custom_js_foot":"","ghostkit_typography":""},"productdetails":[],"productneck":[350],"productcolor":[392],"maat":[],"productsupplier":[422],"productsleeve":[359],"productcategory":[18],"productsilhouette":[389],"productstyle":[],"class_list":["post-56879","product","type-product","status-publish","has-post-thumbnail","hentry","productneck-350","productcolor-392","productsupplier-randy-fenoli","productsleeve-359","productcategory-trouwjurken","productsilhouette-389"],"acf":[],"yoast_head":"<!-- This site is optimized with the Yoast SEO plugin v27.3 - https:\/\/yoast.com\/product\/yoast-seo-wordpress\/ -->\n<title>Randy Fenoli Demi | Koonings<\/title>\n<meta name=\"description\" content=\"Ein absolut fabelhaftes Hochzeitskleid mit vielen feinen Details. Schauen Sie sich das wundersch\u00f6ne Oberteil an, mit einem sch\u00f6nen Bootsausschnitt und der sch\u00f6nsten Spitze, die Eleganz und Romantik ausstrahlt. Au\u00dferdem hat das Hochzeitskleid einen sch\u00f6nen Schlitz, unter dem dieselbe Spitze zu sehen ist, was den Look auflockert und dem Hochzeitskleid ein einzigartiges Element verleiht.\" \/>\n<meta name=\"robots\" content=\"index, follow, max-snippet:-1, max-image-preview:large, max-video-preview:-1\" \/>\n<link rel=\"canonical\" href=\"https:\/\/www.koonings.com\/de\/product\/randy-fenoli-demi\/\" \/>\n<meta property=\"og:locale\" content=\"de_DE\" \/>\n<meta property=\"og:type\" content=\"article\" \/>\n<meta property=\"og:title\" content=\"Randy Fenoli Demi | Koonings\" \/>\n<meta property=\"og:description\" content=\"Ein absolut fabelhaftes Hochzeitskleid mit vielen feinen Details. Schauen Sie sich das wundersch\u00f6ne Oberteil an, mit einem sch\u00f6nen Bootsausschnitt und der sch\u00f6nsten Spitze, die Eleganz und Romantik ausstrahlt. Au\u00dferdem hat das Hochzeitskleid einen sch\u00f6nen Schlitz, unter dem dieselbe Spitze zu sehen ist, was den Look auflockert und dem Hochzeitskleid ein einzigartiges Element verleiht.\" \/>\n<meta property=\"og:url\" content=\"https:\/\/www.koonings.com\/de\/product\/randy-fenoli-demi\/\" \/>\n<meta property=\"og:site_name\" content=\"Koonings\" \/>\n<meta property=\"article:publisher\" content=\"https:\/\/www.facebook.com\/kooningstheweddingpalace\" \/>\n<meta property=\"og:image\" content=\"https:\/\/www.koonings.com\/wp-content\/uploads\/2024\/11\/37742_6c9a402406724ed74027367ba17904ed4fa9608642e59d40fef3819b344a18fc9a951861.jpeg\" \/>\n\t<meta property=\"og:image:width\" content=\"1677\" \/>\n\t<meta property=\"og:image:height\" content=\"2373\" \/>\n\t<meta property=\"og:image:type\" content=\"image\/jpeg\" \/>\n<meta name=\"twitter:card\" content=\"summary_large_image\" \/>\n<script type=\"application\/ld+json\" class=\"yoast-schema-graph\">{\"@context\":\"https:\\\/\\\/schema.org\",\"@graph\":[{\"@type\":\"WebPage\",\"@id\":\"https:\\\/\\\/www.koonings.com\\\/de\\\/product\\\/randy-fenoli-demi\\\/\",\"url\":\"https:\\\/\\\/www.koonings.com\\\/de\\\/product\\\/randy-fenoli-demi\\\/\",\"name\":\"Randy Fenoli Demi | Koonings\",\"isPartOf\":{\"@id\":\"https:\\\/\\\/www.koonings.com\\\/de\\\/#website\"},\"primaryImageOfPage\":{\"@id\":\"https:\\\/\\\/www.koonings.com\\\/de\\\/product\\\/randy-fenoli-demi\\\/#primaryimage\"},\"image\":{\"@id\":\"https:\\\/\\\/www.koonings.com\\\/de\\\/product\\\/randy-fenoli-demi\\\/#primaryimage\"},\"thumbnailUrl\":\"https:\\\/\\\/www.koonings.com\\\/wp-content\\\/uploads\\\/2024\\\/11\\\/37742_6c9a402406724ed74027367ba17904ed4fa9608642e59d40fef3819b344a18fc9a951861.jpeg\",\"datePublished\":\"2026-04-28T16:08:43+00:00\",\"description\":\"Ein absolut fabelhaftes Hochzeitskleid mit vielen feinen Details. Schauen Sie sich das wundersch\u00f6ne Oberteil an, mit einem sch\u00f6nen Bootsausschnitt und der sch\u00f6nsten Spitze, die Eleganz und Romantik ausstrahlt. Au\u00dferdem hat das Hochzeitskleid einen sch\u00f6nen Schlitz, unter dem dieselbe Spitze zu sehen ist, was den Look auflockert und dem Hochzeitskleid ein einzigartiges Element verleiht.\",\"breadcrumb\":{\"@id\":\"https:\\\/\\\/www.koonings.com\\\/de\\\/product\\\/randy-fenoli-demi\\\/#breadcrumb\"},\"inLanguage\":\"de\",\"potentialAction\":[{\"@type\":\"ReadAction\",\"target\":[\"https:\\\/\\\/www.koonings.com\\\/de\\\/product\\\/randy-fenoli-demi\\\/\"]}]},{\"@type\":\"ImageObject\",\"inLanguage\":\"de\",\"@id\":\"https:\\\/\\\/www.koonings.com\\\/de\\\/product\\\/randy-fenoli-demi\\\/#primaryimage\",\"url\":\"https:\\\/\\\/www.koonings.com\\\/wp-content\\\/uploads\\\/2024\\\/11\\\/37742_6c9a402406724ed74027367ba17904ed4fa9608642e59d40fef3819b344a18fc9a951861.jpeg\",\"contentUrl\":\"https:\\\/\\\/www.koonings.com\\\/wp-content\\\/uploads\\\/2024\\\/11\\\/37742_6c9a402406724ed74027367ba17904ed4fa9608642e59d40fef3819b344a18fc9a951861.jpeg\",\"width\":1677,\"height\":2373},{\"@type\":\"BreadcrumbList\",\"@id\":\"https:\\\/\\\/www.koonings.com\\\/de\\\/product\\\/randy-fenoli-demi\\\/#breadcrumb\",\"itemListElement\":[{\"@type\":\"ListItem\",\"position\":1,\"name\":\"Home\",\"item\":\"https:\\\/\\\/www.koonings.com\\\/de\\\/\"},{\"@type\":\"ListItem\",\"position\":2,\"name\":\"Randy Fenoli Demi\"}]},{\"@type\":\"WebSite\",\"@id\":\"https:\\\/\\\/www.koonings.com\\\/de\\\/#website\",\"url\":\"https:\\\/\\\/www.koonings.com\\\/de\\\/\",\"name\":\"Koonings\",\"description\":\"De grootste bruidsmodewinkel ter wereld\",\"publisher\":{\"@id\":\"https:\\\/\\\/www.koonings.com\\\/de\\\/#organization\"},\"potentialAction\":[{\"@type\":\"SearchAction\",\"target\":{\"@type\":\"EntryPoint\",\"urlTemplate\":\"https:\\\/\\\/www.koonings.com\\\/de\\\/?s={search_term_string}\"},\"query-input\":{\"@type\":\"PropertyValueSpecification\",\"valueRequired\":true,\"valueName\":\"search_term_string\"}}],\"inLanguage\":\"de\"},{\"@type\":\"Organization\",\"@id\":\"https:\\\/\\\/www.koonings.com\\\/de\\\/#organization\",\"name\":\"Koonings\",\"url\":\"https:\\\/\\\/www.koonings.com\\\/de\\\/\",\"logo\":{\"@type\":\"ImageObject\",\"inLanguage\":\"de\",\"@id\":\"https:\\\/\\\/www.koonings.com\\\/de\\\/#\\\/schema\\\/logo\\\/image\\\/\",\"url\":\"https:\\\/\\\/www.koonings.com\\\/wp-content\\\/uploads\\\/2024\\\/07\\\/logo.png\",\"contentUrl\":\"https:\\\/\\\/www.koonings.com\\\/wp-content\\\/uploads\\\/2024\\\/07\\\/logo.png\",\"width\":600,\"height\":428,\"caption\":\"Koonings\"},\"image\":{\"@id\":\"https:\\\/\\\/www.koonings.com\\\/de\\\/#\\\/schema\\\/logo\\\/image\\\/\"},\"sameAs\":[\"https:\\\/\\\/www.facebook.com\\\/kooningstheweddingpalace\",\"https:\\\/\\\/www.instagram.com\\\/kooningstheweddingpalace\",\"https:\\\/\\\/www.pinterest.com\\\/koonings\",\"https:\\\/\\\/www.youtube.com\\\/kooningstheweddingpalace\"]}]}<\/script>\n<!-- \/ Yoast SEO plugin. -->","yoast_head_json":{"title":"Randy Fenoli Demi | Koonings","description":"Ein absolut fabelhaftes Hochzeitskleid mit vielen feinen Details. Schauen Sie sich das wundersch\u00f6ne Oberteil an, mit einem sch\u00f6nen Bootsausschnitt und der sch\u00f6nsten Spitze, die Eleganz und Romantik ausstrahlt. Au\u00dferdem hat das Hochzeitskleid einen sch\u00f6nen Schlitz, unter dem dieselbe Spitze zu sehen ist, was den Look auflockert und dem Hochzeitskleid ein einzigartiges Element verleiht.","robots":{"index":"index","follow":"follow","max-snippet":"max-snippet:-1","max-image-preview":"max-image-preview:large","max-video-preview":"max-video-preview:-1"},"canonical":"https:\/\/www.koonings.com\/de\/product\/randy-fenoli-demi\/","og_locale":"de_DE","og_type":"article","og_title":"Randy Fenoli Demi | Koonings","og_description":"Ein absolut fabelhaftes Hochzeitskleid mit vielen feinen Details. Schauen Sie sich das wundersch\u00f6ne Oberteil an, mit einem sch\u00f6nen Bootsausschnitt und der sch\u00f6nsten Spitze, die Eleganz und Romantik ausstrahlt. Au\u00dferdem hat das Hochzeitskleid einen sch\u00f6nen Schlitz, unter dem dieselbe Spitze zu sehen ist, was den Look auflockert und dem Hochzeitskleid ein einzigartiges Element verleiht.","og_url":"https:\/\/www.koonings.com\/de\/product\/randy-fenoli-demi\/","og_site_name":"Koonings","article_publisher":"https:\/\/www.facebook.com\/kooningstheweddingpalace","og_image":[{"width":1677,"height":2373,"url":"https:\/\/www.koonings.com\/wp-content\/uploads\/2024\/11\/37742_6c9a402406724ed74027367ba17904ed4fa9608642e59d40fef3819b344a18fc9a951861.jpeg","type":"image\/jpeg"}],"twitter_card":"summary_large_image","schema":{"@context":"https:\/\/schema.org","@graph":[{"@type":"WebPage","@id":"https:\/\/www.koonings.com\/de\/product\/randy-fenoli-demi\/","url":"https:\/\/www.koonings.com\/de\/product\/randy-fenoli-demi\/","name":"Randy Fenoli Demi | Koonings","isPartOf":{"@id":"https:\/\/www.koonings.com\/de\/#website"},"primaryImageOfPage":{"@id":"https:\/\/www.koonings.com\/de\/product\/randy-fenoli-demi\/#primaryimage"},"image":{"@id":"https:\/\/www.koonings.com\/de\/product\/randy-fenoli-demi\/#primaryimage"},"thumbnailUrl":"https:\/\/www.koonings.com\/wp-content\/uploads\/2024\/11\/37742_6c9a402406724ed74027367ba17904ed4fa9608642e59d40fef3819b344a18fc9a951861.jpeg","datePublished":"2026-04-28T16:08:43+00:00","description":"Ein absolut fabelhaftes Hochzeitskleid mit vielen feinen Details. Schauen Sie sich das wundersch\u00f6ne Oberteil an, mit einem sch\u00f6nen Bootsausschnitt und der sch\u00f6nsten Spitze, die Eleganz und Romantik ausstrahlt. Au\u00dferdem hat das Hochzeitskleid einen sch\u00f6nen Schlitz, unter dem dieselbe Spitze zu sehen ist, was den Look auflockert und dem Hochzeitskleid ein einzigartiges Element verleiht.","breadcrumb":{"@id":"https:\/\/www.koonings.com\/de\/product\/randy-fenoli-demi\/#breadcrumb"},"inLanguage":"de","potentialAction":[{"@type":"ReadAction","target":["https:\/\/www.koonings.com\/de\/product\/randy-fenoli-demi\/"]}]},{"@type":"ImageObject","inLanguage":"de","@id":"https:\/\/www.koonings.com\/de\/product\/randy-fenoli-demi\/#primaryimage","url":"https:\/\/www.koonings.com\/wp-content\/uploads\/2024\/11\/37742_6c9a402406724ed74027367ba17904ed4fa9608642e59d40fef3819b344a18fc9a951861.jpeg","contentUrl":"https:\/\/www.koonings.com\/wp-content\/uploads\/2024\/11\/37742_6c9a402406724ed74027367ba17904ed4fa9608642e59d40fef3819b344a18fc9a951861.jpeg","width":1677,"height":2373},{"@type":"BreadcrumbList","@id":"https:\/\/www.koonings.com\/de\/product\/randy-fenoli-demi\/#breadcrumb","itemListElement":[{"@type":"ListItem","position":1,"name":"Home","item":"https:\/\/www.koonings.com\/de\/"},{"@type":"ListItem","position":2,"name":"Randy Fenoli Demi"}]},{"@type":"WebSite","@id":"https:\/\/www.koonings.com\/de\/#website","url":"https:\/\/www.koonings.com\/de\/","name":"Koonings","description":"De grootste bruidsmodewinkel ter wereld","publisher":{"@id":"https:\/\/www.koonings.com\/de\/#organization"},"potentialAction":[{"@type":"SearchAction","target":{"@type":"EntryPoint","urlTemplate":"https:\/\/www.koonings.com\/de\/?s={search_term_string}"},"query-input":{"@type":"PropertyValueSpecification","valueRequired":true,"valueName":"search_term_string"}}],"inLanguage":"de"},{"@type":"Organization","@id":"https:\/\/www.koonings.com\/de\/#organization","name":"Koonings","url":"https:\/\/www.koonings.com\/de\/","logo":{"@type":"ImageObject","inLanguage":"de","@id":"https:\/\/www.koonings.com\/de\/#\/schema\/logo\/image\/","url":"https:\/\/www.koonings.com\/wp-content\/uploads\/2024\/07\/logo.png","contentUrl":"https:\/\/www.koonings.com\/wp-content\/uploads\/2024\/07\/logo.png","width":600,"height":428,"caption":"Koonings"},"image":{"@id":"https:\/\/www.koonings.com\/de\/#\/schema\/logo\/image\/"},"sameAs":["https:\/\/www.facebook.com\/kooningstheweddingpalace","https:\/\/www.instagram.com\/kooningstheweddingpalace","https:\/\/www.pinterest.com\/koonings","https:\/\/www.youtube.com\/kooningstheweddingpalace"]}]}},"_links":{"self":[{"href":"https:\/\/www.koonings.com\/de\/wp-json\/wp\/v2\/product\/56879","targetHints":{"allow":["GET"]}}],"collection":[{"href":"https:\/\/www.koonings.com\/de\/wp-json\/wp\/v2\/product"}],"about":[{"href":"https:\/\/www.koonings.com\/de\/wp-json\/wp\/v2\/types\/product"}],"wp:featuredmedia":[{"embeddable":true,"href":"https:\/\/www.koonings.com\/de\/wp-json\/wp\/v2\/media\/33137"}],"wp:attachment":[{"href":"https:\/\/www.koonings.com\/de\/wp-json\/wp\/v2\/media?parent=56879"}],"wp:term":[{"taxonomy":"productdetails","embeddable":true,"href":"https:\/\/www.koonings.com\/de\/wp-json\/wp\/v2\/productdetails?post=56879"},{"taxonomy":"productneck","embeddable":true,"href":"https:\/\/www.koonings.com\/de\/wp-json\/wp\/v2\/productneck?post=56879"},{"taxonomy":"productcolor","embeddable":true,"href":"https:\/\/www.koonings.com\/de\/wp-json\/wp\/v2\/productcolor?post=56879"},{"taxonomy":"maat","embeddable":true,"href":"https:\/\/www.koonings.com\/de\/wp-json\/wp\/v2\/maat?post=56879"},{"taxonomy":"productsupplier","embeddable":true,"href":"https:\/\/www.koonings.com\/de\/wp-json\/wp\/v2\/productsupplier?post=56879"},{"taxonomy":"productsleeve","embeddable":true,"href":"https:\/\/www.koonings.com\/de\/wp-json\/wp\/v2\/productsleeve?post=56879"},{"taxonomy":"productcategory","embeddable":true,"href":"https:\/\/www.koonings.com\/de\/wp-json\/wp\/v2\/productcategory?post=56879"},{"taxonomy":"productsilhouette","embeddable":true,"href":"https:\/\/www.koonings.com\/de\/wp-json\/wp\/v2\/productsilhouette?post=56879"},{"taxonomy":"productstyle","embeddable":true,"href":"https:\/\/www.koonings.com\/de\/wp-json\/wp\/v2\/productstyle?post=56879"}],"curies":[{"name":"wp","href":"https:\/\/api.w.org\/{rel}","templated":true}]}}