{"id":56870,"date":"2025-12-15T00:12:25","date_gmt":"2025-12-14T23:12:25","guid":{"rendered":"https:\/\/www.koonings.com\/product\/marylise-emilia\/"},"modified":"2026-02-03T18:01:16","modified_gmt":"2026-02-03T17:01:16","slug":"marylise-emilia","status":"publish","type":"product","link":"https:\/\/www.koonings.com\/de\/product\/marylise-emilia\/","title":{"rendered":"Marylise Emilia"},"content":{"rendered":"<p>Ein romantischer Zweiteiler aus Cr\u00eape und mit T\u00fcll \u00fcberzogen. Der Rock ist lang und verwegen mit einer Schleppe. Das Oberteil ist tailliert und hat lange \u00c4rmel mit Volumen. Es hat einen klassischen quadratischen Ausschnitt und Details an den Manschetten.   <\/p>\n","protected":false},"featured_media":33406,"template":"","meta":{"_acf_changed":false,"ghostkit_customizer_options":"","ghostkit_custom_css":"","ghostkit_custom_js_head":"","ghostkit_custom_js_foot":"","ghostkit_typography":""},"productdetails":[],"productneck":[352],"productcolor":[392],"maat":[],"productsupplier":[410],"productsleeve":[362],"productcategory":[18],"productsilhouette":[389,391],"productstyle":[],"class_list":["post-56870","product","type-product","status-publish","has-post-thumbnail","hentry","productneck-352","productcolor-392","productsupplier-marylise","productsleeve-362","productcategory-trouwjurken","productsilhouette-389","productsilhouette-391"],"acf":[],"yoast_head":"<!-- This site is optimized with the Yoast SEO plugin v27.3 - https:\/\/yoast.com\/product\/yoast-seo-wordpress\/ -->\n<title>Marylise Emilia | Koonings<\/title>\n<meta name=\"description\" content=\"Ein romantischer Zweiteiler aus Cr\u00eape und mit T\u00fcll \u00fcberzogen. Der Rock ist lang und verwegen mit einer Schleppe. Das Oberteil ist tailliert und hat lange \u00c4rmel mit Volumen. Es hat einen klassischen quadratischen Ausschnitt und Details an den Manschetten.\" \/>\n<meta name=\"robots\" content=\"index, follow, max-snippet:-1, max-image-preview:large, max-video-preview:-1\" \/>\n<link rel=\"canonical\" href=\"https:\/\/www.koonings.com\/de\/product\/marylise-emilia\/\" \/>\n<meta property=\"og:locale\" content=\"de_DE\" \/>\n<meta property=\"og:type\" content=\"article\" \/>\n<meta property=\"og:title\" content=\"Marylise Emilia | Koonings\" \/>\n<meta property=\"og:description\" content=\"Ein romantischer Zweiteiler aus Cr\u00eape und mit T\u00fcll \u00fcberzogen. Der Rock ist lang und verwegen mit einer Schleppe. Das Oberteil ist tailliert und hat lange \u00c4rmel mit Volumen. Es hat einen klassischen quadratischen Ausschnitt und Details an den Manschetten.\" \/>\n<meta property=\"og:url\" content=\"https:\/\/www.koonings.com\/de\/product\/marylise-emilia\/\" \/>\n<meta property=\"og:site_name\" content=\"Koonings\" \/>\n<meta property=\"article:publisher\" content=\"https:\/\/www.facebook.com\/kooningstheweddingpalace\" \/>\n<meta property=\"article:modified_time\" content=\"2026-02-03T17:01:16+00:00\" \/>\n<meta property=\"og:image\" content=\"https:\/\/www.koonings.com\/wp-content\/uploads\/2024\/11\/37748_e39a8c2c82a988c4e5dd560567cb281953ea5114677af24224198a88e51c72996b788648-scaled.jpeg\" \/>\n\t<meta property=\"og:image:width\" content=\"1811\" \/>\n\t<meta property=\"og:image:height\" content=\"2560\" \/>\n\t<meta property=\"og:image:type\" content=\"image\/jpeg\" \/>\n<meta name=\"twitter:card\" content=\"summary_large_image\" \/>\n<script type=\"application\/ld+json\" class=\"yoast-schema-graph\">{\"@context\":\"https:\\\/\\\/schema.org\",\"@graph\":[{\"@type\":\"WebPage\",\"@id\":\"https:\\\/\\\/www.koonings.com\\\/de\\\/product\\\/marylise-emilia\\\/\",\"url\":\"https:\\\/\\\/www.koonings.com\\\/de\\\/product\\\/marylise-emilia\\\/\",\"name\":\"Marylise Emilia | Koonings\",\"isPartOf\":{\"@id\":\"https:\\\/\\\/www.koonings.com\\\/de\\\/#website\"},\"primaryImageOfPage\":{\"@id\":\"https:\\\/\\\/www.koonings.com\\\/de\\\/product\\\/marylise-emilia\\\/#primaryimage\"},\"image\":{\"@id\":\"https:\\\/\\\/www.koonings.com\\\/de\\\/product\\\/marylise-emilia\\\/#primaryimage\"},\"thumbnailUrl\":\"https:\\\/\\\/www.koonings.com\\\/wp-content\\\/uploads\\\/2024\\\/11\\\/37748_e39a8c2c82a988c4e5dd560567cb281953ea5114677af24224198a88e51c72996b788648-scaled.jpeg\",\"datePublished\":\"2025-12-14T23:12:25+00:00\",\"dateModified\":\"2026-02-03T17:01:16+00:00\",\"description\":\"Ein romantischer Zweiteiler aus Cr\u00eape und mit T\u00fcll \u00fcberzogen. Der Rock ist lang und verwegen mit einer Schleppe. Das Oberteil ist tailliert und hat lange \u00c4rmel mit Volumen. Es hat einen klassischen quadratischen Ausschnitt und Details an den Manschetten.\",\"breadcrumb\":{\"@id\":\"https:\\\/\\\/www.koonings.com\\\/de\\\/product\\\/marylise-emilia\\\/#breadcrumb\"},\"inLanguage\":\"de\",\"potentialAction\":[{\"@type\":\"ReadAction\",\"target\":[\"https:\\\/\\\/www.koonings.com\\\/de\\\/product\\\/marylise-emilia\\\/\"]}]},{\"@type\":\"ImageObject\",\"inLanguage\":\"de\",\"@id\":\"https:\\\/\\\/www.koonings.com\\\/de\\\/product\\\/marylise-emilia\\\/#primaryimage\",\"url\":\"https:\\\/\\\/www.koonings.com\\\/wp-content\\\/uploads\\\/2024\\\/11\\\/37748_e39a8c2c82a988c4e5dd560567cb281953ea5114677af24224198a88e51c72996b788648-scaled.jpeg\",\"contentUrl\":\"https:\\\/\\\/www.koonings.com\\\/wp-content\\\/uploads\\\/2024\\\/11\\\/37748_e39a8c2c82a988c4e5dd560567cb281953ea5114677af24224198a88e51c72996b788648-scaled.jpeg\",\"width\":1811,\"height\":2560},{\"@type\":\"BreadcrumbList\",\"@id\":\"https:\\\/\\\/www.koonings.com\\\/de\\\/product\\\/marylise-emilia\\\/#breadcrumb\",\"itemListElement\":[{\"@type\":\"ListItem\",\"position\":1,\"name\":\"Home\",\"item\":\"https:\\\/\\\/www.koonings.com\\\/de\\\/\"},{\"@type\":\"ListItem\",\"position\":2,\"name\":\"Marylise Emilia\"}]},{\"@type\":\"WebSite\",\"@id\":\"https:\\\/\\\/www.koonings.com\\\/de\\\/#website\",\"url\":\"https:\\\/\\\/www.koonings.com\\\/de\\\/\",\"name\":\"Koonings\",\"description\":\"De grootste bruidsmodewinkel ter wereld\",\"publisher\":{\"@id\":\"https:\\\/\\\/www.koonings.com\\\/de\\\/#organization\"},\"potentialAction\":[{\"@type\":\"SearchAction\",\"target\":{\"@type\":\"EntryPoint\",\"urlTemplate\":\"https:\\\/\\\/www.koonings.com\\\/de\\\/?s={search_term_string}\"},\"query-input\":{\"@type\":\"PropertyValueSpecification\",\"valueRequired\":true,\"valueName\":\"search_term_string\"}}],\"inLanguage\":\"de\"},{\"@type\":\"Organization\",\"@id\":\"https:\\\/\\\/www.koonings.com\\\/de\\\/#organization\",\"name\":\"Koonings\",\"url\":\"https:\\\/\\\/www.koonings.com\\\/de\\\/\",\"logo\":{\"@type\":\"ImageObject\",\"inLanguage\":\"de\",\"@id\":\"https:\\\/\\\/www.koonings.com\\\/de\\\/#\\\/schema\\\/logo\\\/image\\\/\",\"url\":\"https:\\\/\\\/www.koonings.com\\\/wp-content\\\/uploads\\\/2024\\\/07\\\/logo.png\",\"contentUrl\":\"https:\\\/\\\/www.koonings.com\\\/wp-content\\\/uploads\\\/2024\\\/07\\\/logo.png\",\"width\":600,\"height\":428,\"caption\":\"Koonings\"},\"image\":{\"@id\":\"https:\\\/\\\/www.koonings.com\\\/de\\\/#\\\/schema\\\/logo\\\/image\\\/\"},\"sameAs\":[\"https:\\\/\\\/www.facebook.com\\\/kooningstheweddingpalace\",\"https:\\\/\\\/www.instagram.com\\\/kooningstheweddingpalace\",\"https:\\\/\\\/www.pinterest.com\\\/koonings\",\"https:\\\/\\\/www.youtube.com\\\/kooningstheweddingpalace\"]}]}<\/script>\n<!-- \/ Yoast SEO plugin. -->","yoast_head_json":{"title":"Marylise Emilia | Koonings","description":"Ein romantischer Zweiteiler aus Cr\u00eape und mit T\u00fcll \u00fcberzogen. Der Rock ist lang und verwegen mit einer Schleppe. Das Oberteil ist tailliert und hat lange \u00c4rmel mit Volumen. Es hat einen klassischen quadratischen Ausschnitt und Details an den Manschetten.","robots":{"index":"index","follow":"follow","max-snippet":"max-snippet:-1","max-image-preview":"max-image-preview:large","max-video-preview":"max-video-preview:-1"},"canonical":"https:\/\/www.koonings.com\/de\/product\/marylise-emilia\/","og_locale":"de_DE","og_type":"article","og_title":"Marylise Emilia | Koonings","og_description":"Ein romantischer Zweiteiler aus Cr\u00eape und mit T\u00fcll \u00fcberzogen. Der Rock ist lang und verwegen mit einer Schleppe. Das Oberteil ist tailliert und hat lange \u00c4rmel mit Volumen. Es hat einen klassischen quadratischen Ausschnitt und Details an den Manschetten.","og_url":"https:\/\/www.koonings.com\/de\/product\/marylise-emilia\/","og_site_name":"Koonings","article_publisher":"https:\/\/www.facebook.com\/kooningstheweddingpalace","article_modified_time":"2026-02-03T17:01:16+00:00","og_image":[{"width":1811,"height":2560,"url":"https:\/\/www.koonings.com\/wp-content\/uploads\/2024\/11\/37748_e39a8c2c82a988c4e5dd560567cb281953ea5114677af24224198a88e51c72996b788648-scaled.jpeg","type":"image\/jpeg"}],"twitter_card":"summary_large_image","schema":{"@context":"https:\/\/schema.org","@graph":[{"@type":"WebPage","@id":"https:\/\/www.koonings.com\/de\/product\/marylise-emilia\/","url":"https:\/\/www.koonings.com\/de\/product\/marylise-emilia\/","name":"Marylise Emilia | Koonings","isPartOf":{"@id":"https:\/\/www.koonings.com\/de\/#website"},"primaryImageOfPage":{"@id":"https:\/\/www.koonings.com\/de\/product\/marylise-emilia\/#primaryimage"},"image":{"@id":"https:\/\/www.koonings.com\/de\/product\/marylise-emilia\/#primaryimage"},"thumbnailUrl":"https:\/\/www.koonings.com\/wp-content\/uploads\/2024\/11\/37748_e39a8c2c82a988c4e5dd560567cb281953ea5114677af24224198a88e51c72996b788648-scaled.jpeg","datePublished":"2025-12-14T23:12:25+00:00","dateModified":"2026-02-03T17:01:16+00:00","description":"Ein romantischer Zweiteiler aus Cr\u00eape und mit T\u00fcll \u00fcberzogen. Der Rock ist lang und verwegen mit einer Schleppe. Das Oberteil ist tailliert und hat lange \u00c4rmel mit Volumen. Es hat einen klassischen quadratischen Ausschnitt und Details an den Manschetten.","breadcrumb":{"@id":"https:\/\/www.koonings.com\/de\/product\/marylise-emilia\/#breadcrumb"},"inLanguage":"de","potentialAction":[{"@type":"ReadAction","target":["https:\/\/www.koonings.com\/de\/product\/marylise-emilia\/"]}]},{"@type":"ImageObject","inLanguage":"de","@id":"https:\/\/www.koonings.com\/de\/product\/marylise-emilia\/#primaryimage","url":"https:\/\/www.koonings.com\/wp-content\/uploads\/2024\/11\/37748_e39a8c2c82a988c4e5dd560567cb281953ea5114677af24224198a88e51c72996b788648-scaled.jpeg","contentUrl":"https:\/\/www.koonings.com\/wp-content\/uploads\/2024\/11\/37748_e39a8c2c82a988c4e5dd560567cb281953ea5114677af24224198a88e51c72996b788648-scaled.jpeg","width":1811,"height":2560},{"@type":"BreadcrumbList","@id":"https:\/\/www.koonings.com\/de\/product\/marylise-emilia\/#breadcrumb","itemListElement":[{"@type":"ListItem","position":1,"name":"Home","item":"https:\/\/www.koonings.com\/de\/"},{"@type":"ListItem","position":2,"name":"Marylise Emilia"}]},{"@type":"WebSite","@id":"https:\/\/www.koonings.com\/de\/#website","url":"https:\/\/www.koonings.com\/de\/","name":"Koonings","description":"De grootste bruidsmodewinkel ter wereld","publisher":{"@id":"https:\/\/www.koonings.com\/de\/#organization"},"potentialAction":[{"@type":"SearchAction","target":{"@type":"EntryPoint","urlTemplate":"https:\/\/www.koonings.com\/de\/?s={search_term_string}"},"query-input":{"@type":"PropertyValueSpecification","valueRequired":true,"valueName":"search_term_string"}}],"inLanguage":"de"},{"@type":"Organization","@id":"https:\/\/www.koonings.com\/de\/#organization","name":"Koonings","url":"https:\/\/www.koonings.com\/de\/","logo":{"@type":"ImageObject","inLanguage":"de","@id":"https:\/\/www.koonings.com\/de\/#\/schema\/logo\/image\/","url":"https:\/\/www.koonings.com\/wp-content\/uploads\/2024\/07\/logo.png","contentUrl":"https:\/\/www.koonings.com\/wp-content\/uploads\/2024\/07\/logo.png","width":600,"height":428,"caption":"Koonings"},"image":{"@id":"https:\/\/www.koonings.com\/de\/#\/schema\/logo\/image\/"},"sameAs":["https:\/\/www.facebook.com\/kooningstheweddingpalace","https:\/\/www.instagram.com\/kooningstheweddingpalace","https:\/\/www.pinterest.com\/koonings","https:\/\/www.youtube.com\/kooningstheweddingpalace"]}]}},"_links":{"self":[{"href":"https:\/\/www.koonings.com\/de\/wp-json\/wp\/v2\/product\/56870","targetHints":{"allow":["GET"]}}],"collection":[{"href":"https:\/\/www.koonings.com\/de\/wp-json\/wp\/v2\/product"}],"about":[{"href":"https:\/\/www.koonings.com\/de\/wp-json\/wp\/v2\/types\/product"}],"wp:featuredmedia":[{"embeddable":true,"href":"https:\/\/www.koonings.com\/de\/wp-json\/wp\/v2\/media\/33406"}],"wp:attachment":[{"href":"https:\/\/www.koonings.com\/de\/wp-json\/wp\/v2\/media?parent=56870"}],"wp:term":[{"taxonomy":"productdetails","embeddable":true,"href":"https:\/\/www.koonings.com\/de\/wp-json\/wp\/v2\/productdetails?post=56870"},{"taxonomy":"productneck","embeddable":true,"href":"https:\/\/www.koonings.com\/de\/wp-json\/wp\/v2\/productneck?post=56870"},{"taxonomy":"productcolor","embeddable":true,"href":"https:\/\/www.koonings.com\/de\/wp-json\/wp\/v2\/productcolor?post=56870"},{"taxonomy":"maat","embeddable":true,"href":"https:\/\/www.koonings.com\/de\/wp-json\/wp\/v2\/maat?post=56870"},{"taxonomy":"productsupplier","embeddable":true,"href":"https:\/\/www.koonings.com\/de\/wp-json\/wp\/v2\/productsupplier?post=56870"},{"taxonomy":"productsleeve","embeddable":true,"href":"https:\/\/www.koonings.com\/de\/wp-json\/wp\/v2\/productsleeve?post=56870"},{"taxonomy":"productcategory","embeddable":true,"href":"https:\/\/www.koonings.com\/de\/wp-json\/wp\/v2\/productcategory?post=56870"},{"taxonomy":"productsilhouette","embeddable":true,"href":"https:\/\/www.koonings.com\/de\/wp-json\/wp\/v2\/productsilhouette?post=56870"},{"taxonomy":"productstyle","embeddable":true,"href":"https:\/\/www.koonings.com\/de\/wp-json\/wp\/v2\/productstyle?post=56870"}],"curies":[{"name":"wp","href":"https:\/\/api.w.org\/{rel}","templated":true}]}}