{"id":56865,"date":"2025-12-15T00:12:25","date_gmt":"2025-12-14T23:12:25","guid":{"rendered":"https:\/\/www.koonings.com\/product\/marylise-babette-1\/"},"modified":"2026-02-03T18:01:25","modified_gmt":"2026-02-03T17:01:25","slug":"marylise-babette-1","status":"publish","type":"product","link":"https:\/\/www.koonings.com\/de\/product\/marylise-babette-1\/","title":{"rendered":"Marylise Babette\/1"},"content":{"rendered":"<p>Babette ist aus Spitze und Krepp gefertigt und hat einen V-Ausschnitt und einen offenen R\u00fccken. Das Oberteil ist aus Spitze gefertigt und hat kurze \u00c4rmel. Der verspielte Rock ist aus Chiffon gefertigt. Pure Sch\u00f6nheit und zum Anprobieren in unserem Marylise Shop-in-Shop erh\u00e4ltlich.   <\/p>\n","protected":false},"featured_media":33616,"template":"","meta":{"_acf_changed":false,"ghostkit_customizer_options":"","ghostkit_custom_css":"","ghostkit_custom_js_head":"","ghostkit_custom_js_foot":"","ghostkit_typography":""},"productdetails":[],"productneck":[356],"productcolor":[392],"maat":[],"productsupplier":[410],"productsleeve":[361],"productcategory":[18],"productsilhouette":[389],"productstyle":[],"class_list":["post-56865","product","type-product","status-publish","has-post-thumbnail","hentry","productneck-356","productcolor-392","productsupplier-marylise","productsleeve-361","productcategory-trouwjurken","productsilhouette-389"],"acf":[],"yoast_head":"<!-- This site is optimized with the Yoast SEO plugin v27.3 - https:\/\/yoast.com\/product\/yoast-seo-wordpress\/ -->\n<title>Marylise Babette\/1 | Koonings<\/title>\n<meta name=\"description\" content=\"Babette ist aus Spitze und Krepp gefertigt und hat einen V-Ausschnitt und einen offenen R\u00fccken. Das Oberteil ist aus Spitze gefertigt und hat kurze \u00c4rmel. Der verspielte Rock ist aus Chiffon gefertigt. Pure Sch\u00f6nheit und zum Anprobieren in unserem Marylise Shop-in-Shop erh\u00e4ltlich.\" \/>\n<meta name=\"robots\" content=\"index, follow, max-snippet:-1, max-image-preview:large, max-video-preview:-1\" \/>\n<link rel=\"canonical\" href=\"https:\/\/www.koonings.com\/de\/product\/marylise-babette-1\/\" \/>\n<meta property=\"og:locale\" content=\"de_DE\" \/>\n<meta property=\"og:type\" content=\"article\" \/>\n<meta property=\"og:title\" content=\"Marylise Babette\/1 | Koonings\" \/>\n<meta property=\"og:description\" content=\"Babette ist aus Spitze und Krepp gefertigt und hat einen V-Ausschnitt und einen offenen R\u00fccken. Das Oberteil ist aus Spitze gefertigt und hat kurze \u00c4rmel. Der verspielte Rock ist aus Chiffon gefertigt. Pure Sch\u00f6nheit und zum Anprobieren in unserem Marylise Shop-in-Shop erh\u00e4ltlich.\" \/>\n<meta property=\"og:url\" content=\"https:\/\/www.koonings.com\/de\/product\/marylise-babette-1\/\" \/>\n<meta property=\"og:site_name\" content=\"Koonings\" \/>\n<meta property=\"article:publisher\" content=\"https:\/\/www.facebook.com\/kooningstheweddingpalace\" \/>\n<meta property=\"article:modified_time\" content=\"2026-02-03T17:01:25+00:00\" \/>\n<meta property=\"og:image\" content=\"https:\/\/www.koonings.com\/wp-content\/uploads\/2024\/11\/37749_25aafc6e1e88ff424a2a53ea60b8c53ad9fa8fd0c72ebd5bb5ad010cfa33b9d94d42f30a-scaled.jpeg\" \/>\n\t<meta property=\"og:image:width\" content=\"1810\" \/>\n\t<meta property=\"og:image:height\" content=\"2560\" \/>\n\t<meta property=\"og:image:type\" content=\"image\/jpeg\" \/>\n<meta name=\"twitter:card\" content=\"summary_large_image\" \/>\n<script type=\"application\/ld+json\" class=\"yoast-schema-graph\">{\"@context\":\"https:\\\/\\\/schema.org\",\"@graph\":[{\"@type\":\"WebPage\",\"@id\":\"https:\\\/\\\/www.koonings.com\\\/de\\\/product\\\/marylise-babette-1\\\/\",\"url\":\"https:\\\/\\\/www.koonings.com\\\/de\\\/product\\\/marylise-babette-1\\\/\",\"name\":\"Marylise Babette\\\/1 | Koonings\",\"isPartOf\":{\"@id\":\"https:\\\/\\\/www.koonings.com\\\/de\\\/#website\"},\"primaryImageOfPage\":{\"@id\":\"https:\\\/\\\/www.koonings.com\\\/de\\\/product\\\/marylise-babette-1\\\/#primaryimage\"},\"image\":{\"@id\":\"https:\\\/\\\/www.koonings.com\\\/de\\\/product\\\/marylise-babette-1\\\/#primaryimage\"},\"thumbnailUrl\":\"https:\\\/\\\/www.koonings.com\\\/wp-content\\\/uploads\\\/2024\\\/11\\\/37749_25aafc6e1e88ff424a2a53ea60b8c53ad9fa8fd0c72ebd5bb5ad010cfa33b9d94d42f30a-scaled.jpeg\",\"datePublished\":\"2025-12-14T23:12:25+00:00\",\"dateModified\":\"2026-02-03T17:01:25+00:00\",\"description\":\"Babette ist aus Spitze und Krepp gefertigt und hat einen V-Ausschnitt und einen offenen R\u00fccken. Das Oberteil ist aus Spitze gefertigt und hat kurze \u00c4rmel. Der verspielte Rock ist aus Chiffon gefertigt. Pure Sch\u00f6nheit und zum Anprobieren in unserem Marylise Shop-in-Shop erh\u00e4ltlich.\",\"breadcrumb\":{\"@id\":\"https:\\\/\\\/www.koonings.com\\\/de\\\/product\\\/marylise-babette-1\\\/#breadcrumb\"},\"inLanguage\":\"de\",\"potentialAction\":[{\"@type\":\"ReadAction\",\"target\":[\"https:\\\/\\\/www.koonings.com\\\/de\\\/product\\\/marylise-babette-1\\\/\"]}]},{\"@type\":\"ImageObject\",\"inLanguage\":\"de\",\"@id\":\"https:\\\/\\\/www.koonings.com\\\/de\\\/product\\\/marylise-babette-1\\\/#primaryimage\",\"url\":\"https:\\\/\\\/www.koonings.com\\\/wp-content\\\/uploads\\\/2024\\\/11\\\/37749_25aafc6e1e88ff424a2a53ea60b8c53ad9fa8fd0c72ebd5bb5ad010cfa33b9d94d42f30a-scaled.jpeg\",\"contentUrl\":\"https:\\\/\\\/www.koonings.com\\\/wp-content\\\/uploads\\\/2024\\\/11\\\/37749_25aafc6e1e88ff424a2a53ea60b8c53ad9fa8fd0c72ebd5bb5ad010cfa33b9d94d42f30a-scaled.jpeg\",\"width\":1810,\"height\":2560},{\"@type\":\"BreadcrumbList\",\"@id\":\"https:\\\/\\\/www.koonings.com\\\/de\\\/product\\\/marylise-babette-1\\\/#breadcrumb\",\"itemListElement\":[{\"@type\":\"ListItem\",\"position\":1,\"name\":\"Home\",\"item\":\"https:\\\/\\\/www.koonings.com\\\/de\\\/\"},{\"@type\":\"ListItem\",\"position\":2,\"name\":\"Marylise Babette\\\/1\"}]},{\"@type\":\"WebSite\",\"@id\":\"https:\\\/\\\/www.koonings.com\\\/de\\\/#website\",\"url\":\"https:\\\/\\\/www.koonings.com\\\/de\\\/\",\"name\":\"Koonings\",\"description\":\"De grootste bruidsmodewinkel ter wereld\",\"publisher\":{\"@id\":\"https:\\\/\\\/www.koonings.com\\\/de\\\/#organization\"},\"potentialAction\":[{\"@type\":\"SearchAction\",\"target\":{\"@type\":\"EntryPoint\",\"urlTemplate\":\"https:\\\/\\\/www.koonings.com\\\/de\\\/?s={search_term_string}\"},\"query-input\":{\"@type\":\"PropertyValueSpecification\",\"valueRequired\":true,\"valueName\":\"search_term_string\"}}],\"inLanguage\":\"de\"},{\"@type\":\"Organization\",\"@id\":\"https:\\\/\\\/www.koonings.com\\\/de\\\/#organization\",\"name\":\"Koonings\",\"url\":\"https:\\\/\\\/www.koonings.com\\\/de\\\/\",\"logo\":{\"@type\":\"ImageObject\",\"inLanguage\":\"de\",\"@id\":\"https:\\\/\\\/www.koonings.com\\\/de\\\/#\\\/schema\\\/logo\\\/image\\\/\",\"url\":\"https:\\\/\\\/www.koonings.com\\\/wp-content\\\/uploads\\\/2024\\\/07\\\/logo.png\",\"contentUrl\":\"https:\\\/\\\/www.koonings.com\\\/wp-content\\\/uploads\\\/2024\\\/07\\\/logo.png\",\"width\":600,\"height\":428,\"caption\":\"Koonings\"},\"image\":{\"@id\":\"https:\\\/\\\/www.koonings.com\\\/de\\\/#\\\/schema\\\/logo\\\/image\\\/\"},\"sameAs\":[\"https:\\\/\\\/www.facebook.com\\\/kooningstheweddingpalace\",\"https:\\\/\\\/www.instagram.com\\\/kooningstheweddingpalace\",\"https:\\\/\\\/www.pinterest.com\\\/koonings\",\"https:\\\/\\\/www.youtube.com\\\/kooningstheweddingpalace\"]}]}<\/script>\n<!-- \/ Yoast SEO plugin. -->","yoast_head_json":{"title":"Marylise Babette\/1 | Koonings","description":"Babette ist aus Spitze und Krepp gefertigt und hat einen V-Ausschnitt und einen offenen R\u00fccken. Das Oberteil ist aus Spitze gefertigt und hat kurze \u00c4rmel. Der verspielte Rock ist aus Chiffon gefertigt. Pure Sch\u00f6nheit und zum Anprobieren in unserem Marylise Shop-in-Shop erh\u00e4ltlich.","robots":{"index":"index","follow":"follow","max-snippet":"max-snippet:-1","max-image-preview":"max-image-preview:large","max-video-preview":"max-video-preview:-1"},"canonical":"https:\/\/www.koonings.com\/de\/product\/marylise-babette-1\/","og_locale":"de_DE","og_type":"article","og_title":"Marylise Babette\/1 | Koonings","og_description":"Babette ist aus Spitze und Krepp gefertigt und hat einen V-Ausschnitt und einen offenen R\u00fccken. Das Oberteil ist aus Spitze gefertigt und hat kurze \u00c4rmel. Der verspielte Rock ist aus Chiffon gefertigt. Pure Sch\u00f6nheit und zum Anprobieren in unserem Marylise Shop-in-Shop erh\u00e4ltlich.","og_url":"https:\/\/www.koonings.com\/de\/product\/marylise-babette-1\/","og_site_name":"Koonings","article_publisher":"https:\/\/www.facebook.com\/kooningstheweddingpalace","article_modified_time":"2026-02-03T17:01:25+00:00","og_image":[{"width":1810,"height":2560,"url":"https:\/\/www.koonings.com\/wp-content\/uploads\/2024\/11\/37749_25aafc6e1e88ff424a2a53ea60b8c53ad9fa8fd0c72ebd5bb5ad010cfa33b9d94d42f30a-scaled.jpeg","type":"image\/jpeg"}],"twitter_card":"summary_large_image","schema":{"@context":"https:\/\/schema.org","@graph":[{"@type":"WebPage","@id":"https:\/\/www.koonings.com\/de\/product\/marylise-babette-1\/","url":"https:\/\/www.koonings.com\/de\/product\/marylise-babette-1\/","name":"Marylise Babette\/1 | Koonings","isPartOf":{"@id":"https:\/\/www.koonings.com\/de\/#website"},"primaryImageOfPage":{"@id":"https:\/\/www.koonings.com\/de\/product\/marylise-babette-1\/#primaryimage"},"image":{"@id":"https:\/\/www.koonings.com\/de\/product\/marylise-babette-1\/#primaryimage"},"thumbnailUrl":"https:\/\/www.koonings.com\/wp-content\/uploads\/2024\/11\/37749_25aafc6e1e88ff424a2a53ea60b8c53ad9fa8fd0c72ebd5bb5ad010cfa33b9d94d42f30a-scaled.jpeg","datePublished":"2025-12-14T23:12:25+00:00","dateModified":"2026-02-03T17:01:25+00:00","description":"Babette ist aus Spitze und Krepp gefertigt und hat einen V-Ausschnitt und einen offenen R\u00fccken. Das Oberteil ist aus Spitze gefertigt und hat kurze \u00c4rmel. Der verspielte Rock ist aus Chiffon gefertigt. Pure Sch\u00f6nheit und zum Anprobieren in unserem Marylise Shop-in-Shop erh\u00e4ltlich.","breadcrumb":{"@id":"https:\/\/www.koonings.com\/de\/product\/marylise-babette-1\/#breadcrumb"},"inLanguage":"de","potentialAction":[{"@type":"ReadAction","target":["https:\/\/www.koonings.com\/de\/product\/marylise-babette-1\/"]}]},{"@type":"ImageObject","inLanguage":"de","@id":"https:\/\/www.koonings.com\/de\/product\/marylise-babette-1\/#primaryimage","url":"https:\/\/www.koonings.com\/wp-content\/uploads\/2024\/11\/37749_25aafc6e1e88ff424a2a53ea60b8c53ad9fa8fd0c72ebd5bb5ad010cfa33b9d94d42f30a-scaled.jpeg","contentUrl":"https:\/\/www.koonings.com\/wp-content\/uploads\/2024\/11\/37749_25aafc6e1e88ff424a2a53ea60b8c53ad9fa8fd0c72ebd5bb5ad010cfa33b9d94d42f30a-scaled.jpeg","width":1810,"height":2560},{"@type":"BreadcrumbList","@id":"https:\/\/www.koonings.com\/de\/product\/marylise-babette-1\/#breadcrumb","itemListElement":[{"@type":"ListItem","position":1,"name":"Home","item":"https:\/\/www.koonings.com\/de\/"},{"@type":"ListItem","position":2,"name":"Marylise Babette\/1"}]},{"@type":"WebSite","@id":"https:\/\/www.koonings.com\/de\/#website","url":"https:\/\/www.koonings.com\/de\/","name":"Koonings","description":"De grootste bruidsmodewinkel ter wereld","publisher":{"@id":"https:\/\/www.koonings.com\/de\/#organization"},"potentialAction":[{"@type":"SearchAction","target":{"@type":"EntryPoint","urlTemplate":"https:\/\/www.koonings.com\/de\/?s={search_term_string}"},"query-input":{"@type":"PropertyValueSpecification","valueRequired":true,"valueName":"search_term_string"}}],"inLanguage":"de"},{"@type":"Organization","@id":"https:\/\/www.koonings.com\/de\/#organization","name":"Koonings","url":"https:\/\/www.koonings.com\/de\/","logo":{"@type":"ImageObject","inLanguage":"de","@id":"https:\/\/www.koonings.com\/de\/#\/schema\/logo\/image\/","url":"https:\/\/www.koonings.com\/wp-content\/uploads\/2024\/07\/logo.png","contentUrl":"https:\/\/www.koonings.com\/wp-content\/uploads\/2024\/07\/logo.png","width":600,"height":428,"caption":"Koonings"},"image":{"@id":"https:\/\/www.koonings.com\/de\/#\/schema\/logo\/image\/"},"sameAs":["https:\/\/www.facebook.com\/kooningstheweddingpalace","https:\/\/www.instagram.com\/kooningstheweddingpalace","https:\/\/www.pinterest.com\/koonings","https:\/\/www.youtube.com\/kooningstheweddingpalace"]}]}},"_links":{"self":[{"href":"https:\/\/www.koonings.com\/de\/wp-json\/wp\/v2\/product\/56865","targetHints":{"allow":["GET"]}}],"collection":[{"href":"https:\/\/www.koonings.com\/de\/wp-json\/wp\/v2\/product"}],"about":[{"href":"https:\/\/www.koonings.com\/de\/wp-json\/wp\/v2\/types\/product"}],"wp:featuredmedia":[{"embeddable":true,"href":"https:\/\/www.koonings.com\/de\/wp-json\/wp\/v2\/media\/33616"}],"wp:attachment":[{"href":"https:\/\/www.koonings.com\/de\/wp-json\/wp\/v2\/media?parent=56865"}],"wp:term":[{"taxonomy":"productdetails","embeddable":true,"href":"https:\/\/www.koonings.com\/de\/wp-json\/wp\/v2\/productdetails?post=56865"},{"taxonomy":"productneck","embeddable":true,"href":"https:\/\/www.koonings.com\/de\/wp-json\/wp\/v2\/productneck?post=56865"},{"taxonomy":"productcolor","embeddable":true,"href":"https:\/\/www.koonings.com\/de\/wp-json\/wp\/v2\/productcolor?post=56865"},{"taxonomy":"maat","embeddable":true,"href":"https:\/\/www.koonings.com\/de\/wp-json\/wp\/v2\/maat?post=56865"},{"taxonomy":"productsupplier","embeddable":true,"href":"https:\/\/www.koonings.com\/de\/wp-json\/wp\/v2\/productsupplier?post=56865"},{"taxonomy":"productsleeve","embeddable":true,"href":"https:\/\/www.koonings.com\/de\/wp-json\/wp\/v2\/productsleeve?post=56865"},{"taxonomy":"productcategory","embeddable":true,"href":"https:\/\/www.koonings.com\/de\/wp-json\/wp\/v2\/productcategory?post=56865"},{"taxonomy":"productsilhouette","embeddable":true,"href":"https:\/\/www.koonings.com\/de\/wp-json\/wp\/v2\/productsilhouette?post=56865"},{"taxonomy":"productstyle","embeddable":true,"href":"https:\/\/www.koonings.com\/de\/wp-json\/wp\/v2\/productstyle?post=56865"}],"curies":[{"name":"wp","href":"https:\/\/api.w.org\/{rel}","templated":true}]}}