{"id":56864,"date":"2026-05-06T15:08:49","date_gmt":"2026-05-06T13:08:49","guid":{"rendered":"https:\/\/www.koonings.com\/product\/marylise-noelle-1\/"},"modified":"2026-02-16T14:31:51","modified_gmt":"2026-02-16T13:31:51","slug":"marylise-noelle-1","status":"publish","type":"product","link":"https:\/\/www.koonings.com\/de\/product\/marylise-noelle-1\/","title":{"rendered":"Marylise Noelle\/1"},"content":{"rendered":"<p>Wundersch\u00f6ner Neckholder-Ausschnitt aus moderner Spitze. Der offene R\u00fccken ist hinten ein Topper! Der Rock ist aus Chiffon gefertigt und hat eine lange Schleppe. Kleine \u00d6ffnung in der vorderen Mitte, die auf Wunsch geschlossen werden kann! Zart aber sch\u00f6n unser Noelle Kleid! Koonings the Marylise Fachgesch\u00e4ft mit eigenem Shop-in-Shop.     <\/p>\n","protected":false},"featured_media":33737,"template":"","meta":{"_acf_changed":false,"ghostkit_customizer_options":"","ghostkit_custom_css":"","ghostkit_custom_js_head":"","ghostkit_custom_js_foot":"","ghostkit_typography":""},"productdetails":[],"productneck":[353],"productcolor":[392],"maat":[],"productsupplier":[410],"productsleeve":[360],"productcategory":[18],"productsilhouette":[389],"productstyle":[],"class_list":["post-56864","product","type-product","status-publish","has-post-thumbnail","hentry","productneck-353","productcolor-392","productsupplier-marylise","productsleeve-360","productcategory-trouwjurken","productsilhouette-389"],"acf":[],"yoast_head":"<!-- This site is optimized with the Yoast SEO plugin v27.3 - https:\/\/yoast.com\/product\/yoast-seo-wordpress\/ -->\n<title>Marylise Noelle\/1 | Koonings<\/title>\n<meta name=\"description\" content=\"Wundersch\u00f6ner Neckholder-Ausschnitt aus moderner Spitze. Der offene R\u00fccken ist hinten ein Topper! Der Rock ist aus Chiffon gefertigt und hat eine lange Schleppe. Kleine \u00d6ffnung in der vorderen Mitte, die auf Wunsch geschlossen werden kann! Zart aber sch\u00f6n unser Noelle Kleid! Koonings the Marylise Fachgesch\u00e4ft mit eigenem Shop-in-Shop.\" \/>\n<meta name=\"robots\" content=\"index, follow, max-snippet:-1, max-image-preview:large, max-video-preview:-1\" \/>\n<link rel=\"canonical\" href=\"https:\/\/www.koonings.com\/de\/product\/marylise-noelle-1\/\" \/>\n<meta property=\"og:locale\" content=\"de_DE\" \/>\n<meta property=\"og:type\" content=\"article\" \/>\n<meta property=\"og:title\" content=\"Marylise Noelle\/1 | Koonings\" \/>\n<meta property=\"og:description\" content=\"Wundersch\u00f6ner Neckholder-Ausschnitt aus moderner Spitze. Der offene R\u00fccken ist hinten ein Topper! Der Rock ist aus Chiffon gefertigt und hat eine lange Schleppe. Kleine \u00d6ffnung in der vorderen Mitte, die auf Wunsch geschlossen werden kann! Zart aber sch\u00f6n unser Noelle Kleid! Koonings the Marylise Fachgesch\u00e4ft mit eigenem Shop-in-Shop.\" \/>\n<meta property=\"og:url\" content=\"https:\/\/www.koonings.com\/de\/product\/marylise-noelle-1\/\" \/>\n<meta property=\"og:site_name\" content=\"Koonings\" \/>\n<meta property=\"article:publisher\" content=\"https:\/\/www.facebook.com\/kooningstheweddingpalace\" \/>\n<meta property=\"og:image\" content=\"https:\/\/www.koonings.com\/wp-content\/uploads\/2024\/11\/37751_4e1a639b9ab26dcdb50ac844f9559416098048a033c36b8c7646a7b2cd21ecc99bdce29a-scaled.jpeg\" \/>\n\t<meta property=\"og:image:width\" content=\"1810\" \/>\n\t<meta property=\"og:image:height\" content=\"2560\" \/>\n\t<meta property=\"og:image:type\" content=\"image\/jpeg\" \/>\n<meta name=\"twitter:card\" content=\"summary_large_image\" \/>\n<script type=\"application\/ld+json\" class=\"yoast-schema-graph\">{\"@context\":\"https:\\\/\\\/schema.org\",\"@graph\":[{\"@type\":\"WebPage\",\"@id\":\"https:\\\/\\\/www.koonings.com\\\/de\\\/product\\\/marylise-noelle-1\\\/\",\"url\":\"https:\\\/\\\/www.koonings.com\\\/de\\\/product\\\/marylise-noelle-1\\\/\",\"name\":\"Marylise Noelle\\\/1 | Koonings\",\"isPartOf\":{\"@id\":\"https:\\\/\\\/www.koonings.com\\\/de\\\/#website\"},\"primaryImageOfPage\":{\"@id\":\"https:\\\/\\\/www.koonings.com\\\/de\\\/product\\\/marylise-noelle-1\\\/#primaryimage\"},\"image\":{\"@id\":\"https:\\\/\\\/www.koonings.com\\\/de\\\/product\\\/marylise-noelle-1\\\/#primaryimage\"},\"thumbnailUrl\":\"https:\\\/\\\/www.koonings.com\\\/wp-content\\\/uploads\\\/2024\\\/11\\\/37751_4e1a639b9ab26dcdb50ac844f9559416098048a033c36b8c7646a7b2cd21ecc99bdce29a-scaled.jpeg\",\"datePublished\":\"2026-05-06T13:08:49+00:00\",\"description\":\"Wundersch\u00f6ner Neckholder-Ausschnitt aus moderner Spitze. Der offene R\u00fccken ist hinten ein Topper! Der Rock ist aus Chiffon gefertigt und hat eine lange Schleppe. Kleine \u00d6ffnung in der vorderen Mitte, die auf Wunsch geschlossen werden kann! Zart aber sch\u00f6n unser Noelle Kleid! Koonings the Marylise Fachgesch\u00e4ft mit eigenem Shop-in-Shop.\",\"breadcrumb\":{\"@id\":\"https:\\\/\\\/www.koonings.com\\\/de\\\/product\\\/marylise-noelle-1\\\/#breadcrumb\"},\"inLanguage\":\"de\",\"potentialAction\":[{\"@type\":\"ReadAction\",\"target\":[\"https:\\\/\\\/www.koonings.com\\\/de\\\/product\\\/marylise-noelle-1\\\/\"]}]},{\"@type\":\"ImageObject\",\"inLanguage\":\"de\",\"@id\":\"https:\\\/\\\/www.koonings.com\\\/de\\\/product\\\/marylise-noelle-1\\\/#primaryimage\",\"url\":\"https:\\\/\\\/www.koonings.com\\\/wp-content\\\/uploads\\\/2024\\\/11\\\/37751_4e1a639b9ab26dcdb50ac844f9559416098048a033c36b8c7646a7b2cd21ecc99bdce29a-scaled.jpeg\",\"contentUrl\":\"https:\\\/\\\/www.koonings.com\\\/wp-content\\\/uploads\\\/2024\\\/11\\\/37751_4e1a639b9ab26dcdb50ac844f9559416098048a033c36b8c7646a7b2cd21ecc99bdce29a-scaled.jpeg\",\"width\":1810,\"height\":2560},{\"@type\":\"BreadcrumbList\",\"@id\":\"https:\\\/\\\/www.koonings.com\\\/de\\\/product\\\/marylise-noelle-1\\\/#breadcrumb\",\"itemListElement\":[{\"@type\":\"ListItem\",\"position\":1,\"name\":\"Home\",\"item\":\"https:\\\/\\\/www.koonings.com\\\/de\\\/\"},{\"@type\":\"ListItem\",\"position\":2,\"name\":\"Marylise Noelle\\\/1\"}]},{\"@type\":\"WebSite\",\"@id\":\"https:\\\/\\\/www.koonings.com\\\/de\\\/#website\",\"url\":\"https:\\\/\\\/www.koonings.com\\\/de\\\/\",\"name\":\"Koonings\",\"description\":\"De grootste bruidsmodewinkel ter wereld\",\"publisher\":{\"@id\":\"https:\\\/\\\/www.koonings.com\\\/de\\\/#organization\"},\"potentialAction\":[{\"@type\":\"SearchAction\",\"target\":{\"@type\":\"EntryPoint\",\"urlTemplate\":\"https:\\\/\\\/www.koonings.com\\\/de\\\/?s={search_term_string}\"},\"query-input\":{\"@type\":\"PropertyValueSpecification\",\"valueRequired\":true,\"valueName\":\"search_term_string\"}}],\"inLanguage\":\"de\"},{\"@type\":\"Organization\",\"@id\":\"https:\\\/\\\/www.koonings.com\\\/de\\\/#organization\",\"name\":\"Koonings\",\"url\":\"https:\\\/\\\/www.koonings.com\\\/de\\\/\",\"logo\":{\"@type\":\"ImageObject\",\"inLanguage\":\"de\",\"@id\":\"https:\\\/\\\/www.koonings.com\\\/de\\\/#\\\/schema\\\/logo\\\/image\\\/\",\"url\":\"https:\\\/\\\/www.koonings.com\\\/wp-content\\\/uploads\\\/2024\\\/07\\\/logo.png\",\"contentUrl\":\"https:\\\/\\\/www.koonings.com\\\/wp-content\\\/uploads\\\/2024\\\/07\\\/logo.png\",\"width\":600,\"height\":428,\"caption\":\"Koonings\"},\"image\":{\"@id\":\"https:\\\/\\\/www.koonings.com\\\/de\\\/#\\\/schema\\\/logo\\\/image\\\/\"},\"sameAs\":[\"https:\\\/\\\/www.facebook.com\\\/kooningstheweddingpalace\",\"https:\\\/\\\/www.instagram.com\\\/kooningstheweddingpalace\",\"https:\\\/\\\/www.pinterest.com\\\/koonings\",\"https:\\\/\\\/www.youtube.com\\\/kooningstheweddingpalace\"]}]}<\/script>\n<!-- \/ Yoast SEO plugin. -->","yoast_head_json":{"title":"Marylise Noelle\/1 | Koonings","description":"Wundersch\u00f6ner Neckholder-Ausschnitt aus moderner Spitze. Der offene R\u00fccken ist hinten ein Topper! Der Rock ist aus Chiffon gefertigt und hat eine lange Schleppe. Kleine \u00d6ffnung in der vorderen Mitte, die auf Wunsch geschlossen werden kann! Zart aber sch\u00f6n unser Noelle Kleid! Koonings the Marylise Fachgesch\u00e4ft mit eigenem Shop-in-Shop.","robots":{"index":"index","follow":"follow","max-snippet":"max-snippet:-1","max-image-preview":"max-image-preview:large","max-video-preview":"max-video-preview:-1"},"canonical":"https:\/\/www.koonings.com\/de\/product\/marylise-noelle-1\/","og_locale":"de_DE","og_type":"article","og_title":"Marylise Noelle\/1 | Koonings","og_description":"Wundersch\u00f6ner Neckholder-Ausschnitt aus moderner Spitze. Der offene R\u00fccken ist hinten ein Topper! Der Rock ist aus Chiffon gefertigt und hat eine lange Schleppe. Kleine \u00d6ffnung in der vorderen Mitte, die auf Wunsch geschlossen werden kann! Zart aber sch\u00f6n unser Noelle Kleid! Koonings the Marylise Fachgesch\u00e4ft mit eigenem Shop-in-Shop.","og_url":"https:\/\/www.koonings.com\/de\/product\/marylise-noelle-1\/","og_site_name":"Koonings","article_publisher":"https:\/\/www.facebook.com\/kooningstheweddingpalace","og_image":[{"width":1810,"height":2560,"url":"https:\/\/www.koonings.com\/wp-content\/uploads\/2024\/11\/37751_4e1a639b9ab26dcdb50ac844f9559416098048a033c36b8c7646a7b2cd21ecc99bdce29a-scaled.jpeg","type":"image\/jpeg"}],"twitter_card":"summary_large_image","schema":{"@context":"https:\/\/schema.org","@graph":[{"@type":"WebPage","@id":"https:\/\/www.koonings.com\/de\/product\/marylise-noelle-1\/","url":"https:\/\/www.koonings.com\/de\/product\/marylise-noelle-1\/","name":"Marylise Noelle\/1 | Koonings","isPartOf":{"@id":"https:\/\/www.koonings.com\/de\/#website"},"primaryImageOfPage":{"@id":"https:\/\/www.koonings.com\/de\/product\/marylise-noelle-1\/#primaryimage"},"image":{"@id":"https:\/\/www.koonings.com\/de\/product\/marylise-noelle-1\/#primaryimage"},"thumbnailUrl":"https:\/\/www.koonings.com\/wp-content\/uploads\/2024\/11\/37751_4e1a639b9ab26dcdb50ac844f9559416098048a033c36b8c7646a7b2cd21ecc99bdce29a-scaled.jpeg","datePublished":"2026-05-06T13:08:49+00:00","description":"Wundersch\u00f6ner Neckholder-Ausschnitt aus moderner Spitze. Der offene R\u00fccken ist hinten ein Topper! Der Rock ist aus Chiffon gefertigt und hat eine lange Schleppe. Kleine \u00d6ffnung in der vorderen Mitte, die auf Wunsch geschlossen werden kann! Zart aber sch\u00f6n unser Noelle Kleid! Koonings the Marylise Fachgesch\u00e4ft mit eigenem Shop-in-Shop.","breadcrumb":{"@id":"https:\/\/www.koonings.com\/de\/product\/marylise-noelle-1\/#breadcrumb"},"inLanguage":"de","potentialAction":[{"@type":"ReadAction","target":["https:\/\/www.koonings.com\/de\/product\/marylise-noelle-1\/"]}]},{"@type":"ImageObject","inLanguage":"de","@id":"https:\/\/www.koonings.com\/de\/product\/marylise-noelle-1\/#primaryimage","url":"https:\/\/www.koonings.com\/wp-content\/uploads\/2024\/11\/37751_4e1a639b9ab26dcdb50ac844f9559416098048a033c36b8c7646a7b2cd21ecc99bdce29a-scaled.jpeg","contentUrl":"https:\/\/www.koonings.com\/wp-content\/uploads\/2024\/11\/37751_4e1a639b9ab26dcdb50ac844f9559416098048a033c36b8c7646a7b2cd21ecc99bdce29a-scaled.jpeg","width":1810,"height":2560},{"@type":"BreadcrumbList","@id":"https:\/\/www.koonings.com\/de\/product\/marylise-noelle-1\/#breadcrumb","itemListElement":[{"@type":"ListItem","position":1,"name":"Home","item":"https:\/\/www.koonings.com\/de\/"},{"@type":"ListItem","position":2,"name":"Marylise Noelle\/1"}]},{"@type":"WebSite","@id":"https:\/\/www.koonings.com\/de\/#website","url":"https:\/\/www.koonings.com\/de\/","name":"Koonings","description":"De grootste bruidsmodewinkel ter wereld","publisher":{"@id":"https:\/\/www.koonings.com\/de\/#organization"},"potentialAction":[{"@type":"SearchAction","target":{"@type":"EntryPoint","urlTemplate":"https:\/\/www.koonings.com\/de\/?s={search_term_string}"},"query-input":{"@type":"PropertyValueSpecification","valueRequired":true,"valueName":"search_term_string"}}],"inLanguage":"de"},{"@type":"Organization","@id":"https:\/\/www.koonings.com\/de\/#organization","name":"Koonings","url":"https:\/\/www.koonings.com\/de\/","logo":{"@type":"ImageObject","inLanguage":"de","@id":"https:\/\/www.koonings.com\/de\/#\/schema\/logo\/image\/","url":"https:\/\/www.koonings.com\/wp-content\/uploads\/2024\/07\/logo.png","contentUrl":"https:\/\/www.koonings.com\/wp-content\/uploads\/2024\/07\/logo.png","width":600,"height":428,"caption":"Koonings"},"image":{"@id":"https:\/\/www.koonings.com\/de\/#\/schema\/logo\/image\/"},"sameAs":["https:\/\/www.facebook.com\/kooningstheweddingpalace","https:\/\/www.instagram.com\/kooningstheweddingpalace","https:\/\/www.pinterest.com\/koonings","https:\/\/www.youtube.com\/kooningstheweddingpalace"]}]}},"_links":{"self":[{"href":"https:\/\/www.koonings.com\/de\/wp-json\/wp\/v2\/product\/56864","targetHints":{"allow":["GET"]}}],"collection":[{"href":"https:\/\/www.koonings.com\/de\/wp-json\/wp\/v2\/product"}],"about":[{"href":"https:\/\/www.koonings.com\/de\/wp-json\/wp\/v2\/types\/product"}],"wp:featuredmedia":[{"embeddable":true,"href":"https:\/\/www.koonings.com\/de\/wp-json\/wp\/v2\/media\/33737"}],"wp:attachment":[{"href":"https:\/\/www.koonings.com\/de\/wp-json\/wp\/v2\/media?parent=56864"}],"wp:term":[{"taxonomy":"productdetails","embeddable":true,"href":"https:\/\/www.koonings.com\/de\/wp-json\/wp\/v2\/productdetails?post=56864"},{"taxonomy":"productneck","embeddable":true,"href":"https:\/\/www.koonings.com\/de\/wp-json\/wp\/v2\/productneck?post=56864"},{"taxonomy":"productcolor","embeddable":true,"href":"https:\/\/www.koonings.com\/de\/wp-json\/wp\/v2\/productcolor?post=56864"},{"taxonomy":"maat","embeddable":true,"href":"https:\/\/www.koonings.com\/de\/wp-json\/wp\/v2\/maat?post=56864"},{"taxonomy":"productsupplier","embeddable":true,"href":"https:\/\/www.koonings.com\/de\/wp-json\/wp\/v2\/productsupplier?post=56864"},{"taxonomy":"productsleeve","embeddable":true,"href":"https:\/\/www.koonings.com\/de\/wp-json\/wp\/v2\/productsleeve?post=56864"},{"taxonomy":"productcategory","embeddable":true,"href":"https:\/\/www.koonings.com\/de\/wp-json\/wp\/v2\/productcategory?post=56864"},{"taxonomy":"productsilhouette","embeddable":true,"href":"https:\/\/www.koonings.com\/de\/wp-json\/wp\/v2\/productsilhouette?post=56864"},{"taxonomy":"productstyle","embeddable":true,"href":"https:\/\/www.koonings.com\/de\/wp-json\/wp\/v2\/productstyle?post=56864"}],"curies":[{"name":"wp","href":"https:\/\/api.w.org\/{rel}","templated":true}]}}