{"id":56826,"date":"2026-05-06T15:08:51","date_gmt":"2026-05-06T13:08:51","guid":{"rendered":"https:\/\/www.koonings.com\/product\/cymbeline-rivoli\/"},"modified":"2026-02-16T14:40:44","modified_gmt":"2026-02-16T13:40:44","slug":"cymbeline-rivoli","status":"publish","type":"product","link":"https:\/\/www.koonings.com\/de\/product\/cymbeline-rivoli\/","title":{"rendered":"Cymbeline Rivoli"},"content":{"rendered":"<p>Was f\u00fcr ein wundersch\u00f6nes Kleid von Cymbeline. Das Hochzeitskleid hat einen Halbschlitz voller Pailletten und sch\u00f6ne, dezente Spaghettitr\u00e4ger. Sie haben die M\u00f6glichkeit, Ihren Oberk\u00f6rper etwas mehr zu bedecken, indem Sie die passende Strickjacke tragen. Die R\u00fcckseite dieses Kleides ist mega sexy.   <\/p>\n","protected":false},"featured_media":34055,"template":"","meta":{"_acf_changed":false,"ghostkit_customizer_options":"","ghostkit_custom_css":"","ghostkit_custom_js_head":"","ghostkit_custom_js_foot":"","ghostkit_typography":""},"productdetails":[],"productneck":[356],"productcolor":[392],"maat":[],"productsupplier":[435],"productsleeve":[357,359],"productcategory":[18],"productsilhouette":[389],"productstyle":[369,370],"class_list":["post-56826","product","type-product","status-publish","has-post-thumbnail","hentry","productneck-356","productcolor-392","productsupplier-cymbeline","productsleeve-357","productsleeve-359","productcategory-trouwjurken","productsilhouette-389","productstyle-369","productstyle-370"],"acf":[],"yoast_head":"<!-- This site is optimized with the Yoast SEO plugin v27.3 - https:\/\/yoast.com\/product\/yoast-seo-wordpress\/ -->\n<title>Cymbeline Rivoli | Koonings<\/title>\n<meta name=\"description\" content=\"Was f\u00fcr ein wundersch\u00f6nes Kleid von Cymbeline. Das Hochzeitskleid hat einen Halbschlitz voller Pailletten und sch\u00f6ne, dezente Spaghettitr\u00e4ger. Sie haben die M\u00f6glichkeit, Ihren Oberk\u00f6rper etwas mehr zu bedecken, indem Sie die passende Strickjacke tragen. Die R\u00fcckseite dieses Kleides ist mega sexy.\" \/>\n<meta name=\"robots\" content=\"index, follow, max-snippet:-1, max-image-preview:large, max-video-preview:-1\" \/>\n<link rel=\"canonical\" href=\"https:\/\/www.koonings.com\/de\/product\/cymbeline-rivoli\/\" \/>\n<meta property=\"og:locale\" content=\"de_DE\" \/>\n<meta property=\"og:type\" content=\"article\" \/>\n<meta property=\"og:title\" content=\"Cymbeline Rivoli | Koonings\" \/>\n<meta property=\"og:description\" content=\"Was f\u00fcr ein wundersch\u00f6nes Kleid von Cymbeline. Das Hochzeitskleid hat einen Halbschlitz voller Pailletten und sch\u00f6ne, dezente Spaghettitr\u00e4ger. Sie haben die M\u00f6glichkeit, Ihren Oberk\u00f6rper etwas mehr zu bedecken, indem Sie die passende Strickjacke tragen. Die R\u00fcckseite dieses Kleides ist mega sexy.\" \/>\n<meta property=\"og:url\" content=\"https:\/\/www.koonings.com\/de\/product\/cymbeline-rivoli\/\" \/>\n<meta property=\"og:site_name\" content=\"Koonings\" \/>\n<meta property=\"article:publisher\" content=\"https:\/\/www.facebook.com\/kooningstheweddingpalace\" \/>\n<meta property=\"og:image\" content=\"https:\/\/www.koonings.com\/wp-content\/uploads\/2024\/11\/37782_e269aa8b32785e93eea38e53000d2d0a9f73a71696b98dd5916402a298f42e3c364811ee.jpeg\" \/>\n\t<meta property=\"og:image:width\" content=\"833\" \/>\n\t<meta property=\"og:image:height\" content=\"1180\" \/>\n\t<meta property=\"og:image:type\" content=\"image\/jpeg\" \/>\n<meta name=\"twitter:card\" content=\"summary_large_image\" \/>\n<script type=\"application\/ld+json\" class=\"yoast-schema-graph\">{\"@context\":\"https:\\\/\\\/schema.org\",\"@graph\":[{\"@type\":\"WebPage\",\"@id\":\"https:\\\/\\\/www.koonings.com\\\/de\\\/product\\\/cymbeline-rivoli\\\/\",\"url\":\"https:\\\/\\\/www.koonings.com\\\/de\\\/product\\\/cymbeline-rivoli\\\/\",\"name\":\"Cymbeline Rivoli | Koonings\",\"isPartOf\":{\"@id\":\"https:\\\/\\\/www.koonings.com\\\/de\\\/#website\"},\"primaryImageOfPage\":{\"@id\":\"https:\\\/\\\/www.koonings.com\\\/de\\\/product\\\/cymbeline-rivoli\\\/#primaryimage\"},\"image\":{\"@id\":\"https:\\\/\\\/www.koonings.com\\\/de\\\/product\\\/cymbeline-rivoli\\\/#primaryimage\"},\"thumbnailUrl\":\"https:\\\/\\\/www.koonings.com\\\/wp-content\\\/uploads\\\/2024\\\/11\\\/37782_e269aa8b32785e93eea38e53000d2d0a9f73a71696b98dd5916402a298f42e3c364811ee.jpeg\",\"datePublished\":\"2026-05-06T13:08:51+00:00\",\"description\":\"Was f\u00fcr ein wundersch\u00f6nes Kleid von Cymbeline. Das Hochzeitskleid hat einen Halbschlitz voller Pailletten und sch\u00f6ne, dezente Spaghettitr\u00e4ger. Sie haben die M\u00f6glichkeit, Ihren Oberk\u00f6rper etwas mehr zu bedecken, indem Sie die passende Strickjacke tragen. Die R\u00fcckseite dieses Kleides ist mega sexy.\",\"breadcrumb\":{\"@id\":\"https:\\\/\\\/www.koonings.com\\\/de\\\/product\\\/cymbeline-rivoli\\\/#breadcrumb\"},\"inLanguage\":\"de\",\"potentialAction\":[{\"@type\":\"ReadAction\",\"target\":[\"https:\\\/\\\/www.koonings.com\\\/de\\\/product\\\/cymbeline-rivoli\\\/\"]}]},{\"@type\":\"ImageObject\",\"inLanguage\":\"de\",\"@id\":\"https:\\\/\\\/www.koonings.com\\\/de\\\/product\\\/cymbeline-rivoli\\\/#primaryimage\",\"url\":\"https:\\\/\\\/www.koonings.com\\\/wp-content\\\/uploads\\\/2024\\\/11\\\/37782_e269aa8b32785e93eea38e53000d2d0a9f73a71696b98dd5916402a298f42e3c364811ee.jpeg\",\"contentUrl\":\"https:\\\/\\\/www.koonings.com\\\/wp-content\\\/uploads\\\/2024\\\/11\\\/37782_e269aa8b32785e93eea38e53000d2d0a9f73a71696b98dd5916402a298f42e3c364811ee.jpeg\",\"width\":833,\"height\":1180},{\"@type\":\"BreadcrumbList\",\"@id\":\"https:\\\/\\\/www.koonings.com\\\/de\\\/product\\\/cymbeline-rivoli\\\/#breadcrumb\",\"itemListElement\":[{\"@type\":\"ListItem\",\"position\":1,\"name\":\"Home\",\"item\":\"https:\\\/\\\/www.koonings.com\\\/de\\\/\"},{\"@type\":\"ListItem\",\"position\":2,\"name\":\"Cymbeline Rivoli\"}]},{\"@type\":\"WebSite\",\"@id\":\"https:\\\/\\\/www.koonings.com\\\/de\\\/#website\",\"url\":\"https:\\\/\\\/www.koonings.com\\\/de\\\/\",\"name\":\"Koonings\",\"description\":\"De grootste bruidsmodewinkel ter wereld\",\"publisher\":{\"@id\":\"https:\\\/\\\/www.koonings.com\\\/de\\\/#organization\"},\"potentialAction\":[{\"@type\":\"SearchAction\",\"target\":{\"@type\":\"EntryPoint\",\"urlTemplate\":\"https:\\\/\\\/www.koonings.com\\\/de\\\/?s={search_term_string}\"},\"query-input\":{\"@type\":\"PropertyValueSpecification\",\"valueRequired\":true,\"valueName\":\"search_term_string\"}}],\"inLanguage\":\"de\"},{\"@type\":\"Organization\",\"@id\":\"https:\\\/\\\/www.koonings.com\\\/de\\\/#organization\",\"name\":\"Koonings\",\"url\":\"https:\\\/\\\/www.koonings.com\\\/de\\\/\",\"logo\":{\"@type\":\"ImageObject\",\"inLanguage\":\"de\",\"@id\":\"https:\\\/\\\/www.koonings.com\\\/de\\\/#\\\/schema\\\/logo\\\/image\\\/\",\"url\":\"https:\\\/\\\/www.koonings.com\\\/wp-content\\\/uploads\\\/2024\\\/07\\\/logo.png\",\"contentUrl\":\"https:\\\/\\\/www.koonings.com\\\/wp-content\\\/uploads\\\/2024\\\/07\\\/logo.png\",\"width\":600,\"height\":428,\"caption\":\"Koonings\"},\"image\":{\"@id\":\"https:\\\/\\\/www.koonings.com\\\/de\\\/#\\\/schema\\\/logo\\\/image\\\/\"},\"sameAs\":[\"https:\\\/\\\/www.facebook.com\\\/kooningstheweddingpalace\",\"https:\\\/\\\/www.instagram.com\\\/kooningstheweddingpalace\",\"https:\\\/\\\/www.pinterest.com\\\/koonings\",\"https:\\\/\\\/www.youtube.com\\\/kooningstheweddingpalace\"]}]}<\/script>\n<!-- \/ Yoast SEO plugin. -->","yoast_head_json":{"title":"Cymbeline Rivoli | Koonings","description":"Was f\u00fcr ein wundersch\u00f6nes Kleid von Cymbeline. Das Hochzeitskleid hat einen Halbschlitz voller Pailletten und sch\u00f6ne, dezente Spaghettitr\u00e4ger. Sie haben die M\u00f6glichkeit, Ihren Oberk\u00f6rper etwas mehr zu bedecken, indem Sie die passende Strickjacke tragen. Die R\u00fcckseite dieses Kleides ist mega sexy.","robots":{"index":"index","follow":"follow","max-snippet":"max-snippet:-1","max-image-preview":"max-image-preview:large","max-video-preview":"max-video-preview:-1"},"canonical":"https:\/\/www.koonings.com\/de\/product\/cymbeline-rivoli\/","og_locale":"de_DE","og_type":"article","og_title":"Cymbeline Rivoli | Koonings","og_description":"Was f\u00fcr ein wundersch\u00f6nes Kleid von Cymbeline. Das Hochzeitskleid hat einen Halbschlitz voller Pailletten und sch\u00f6ne, dezente Spaghettitr\u00e4ger. Sie haben die M\u00f6glichkeit, Ihren Oberk\u00f6rper etwas mehr zu bedecken, indem Sie die passende Strickjacke tragen. Die R\u00fcckseite dieses Kleides ist mega sexy.","og_url":"https:\/\/www.koonings.com\/de\/product\/cymbeline-rivoli\/","og_site_name":"Koonings","article_publisher":"https:\/\/www.facebook.com\/kooningstheweddingpalace","og_image":[{"width":833,"height":1180,"url":"https:\/\/www.koonings.com\/wp-content\/uploads\/2024\/11\/37782_e269aa8b32785e93eea38e53000d2d0a9f73a71696b98dd5916402a298f42e3c364811ee.jpeg","type":"image\/jpeg"}],"twitter_card":"summary_large_image","schema":{"@context":"https:\/\/schema.org","@graph":[{"@type":"WebPage","@id":"https:\/\/www.koonings.com\/de\/product\/cymbeline-rivoli\/","url":"https:\/\/www.koonings.com\/de\/product\/cymbeline-rivoli\/","name":"Cymbeline Rivoli | Koonings","isPartOf":{"@id":"https:\/\/www.koonings.com\/de\/#website"},"primaryImageOfPage":{"@id":"https:\/\/www.koonings.com\/de\/product\/cymbeline-rivoli\/#primaryimage"},"image":{"@id":"https:\/\/www.koonings.com\/de\/product\/cymbeline-rivoli\/#primaryimage"},"thumbnailUrl":"https:\/\/www.koonings.com\/wp-content\/uploads\/2024\/11\/37782_e269aa8b32785e93eea38e53000d2d0a9f73a71696b98dd5916402a298f42e3c364811ee.jpeg","datePublished":"2026-05-06T13:08:51+00:00","description":"Was f\u00fcr ein wundersch\u00f6nes Kleid von Cymbeline. Das Hochzeitskleid hat einen Halbschlitz voller Pailletten und sch\u00f6ne, dezente Spaghettitr\u00e4ger. Sie haben die M\u00f6glichkeit, Ihren Oberk\u00f6rper etwas mehr zu bedecken, indem Sie die passende Strickjacke tragen. Die R\u00fcckseite dieses Kleides ist mega sexy.","breadcrumb":{"@id":"https:\/\/www.koonings.com\/de\/product\/cymbeline-rivoli\/#breadcrumb"},"inLanguage":"de","potentialAction":[{"@type":"ReadAction","target":["https:\/\/www.koonings.com\/de\/product\/cymbeline-rivoli\/"]}]},{"@type":"ImageObject","inLanguage":"de","@id":"https:\/\/www.koonings.com\/de\/product\/cymbeline-rivoli\/#primaryimage","url":"https:\/\/www.koonings.com\/wp-content\/uploads\/2024\/11\/37782_e269aa8b32785e93eea38e53000d2d0a9f73a71696b98dd5916402a298f42e3c364811ee.jpeg","contentUrl":"https:\/\/www.koonings.com\/wp-content\/uploads\/2024\/11\/37782_e269aa8b32785e93eea38e53000d2d0a9f73a71696b98dd5916402a298f42e3c364811ee.jpeg","width":833,"height":1180},{"@type":"BreadcrumbList","@id":"https:\/\/www.koonings.com\/de\/product\/cymbeline-rivoli\/#breadcrumb","itemListElement":[{"@type":"ListItem","position":1,"name":"Home","item":"https:\/\/www.koonings.com\/de\/"},{"@type":"ListItem","position":2,"name":"Cymbeline Rivoli"}]},{"@type":"WebSite","@id":"https:\/\/www.koonings.com\/de\/#website","url":"https:\/\/www.koonings.com\/de\/","name":"Koonings","description":"De grootste bruidsmodewinkel ter wereld","publisher":{"@id":"https:\/\/www.koonings.com\/de\/#organization"},"potentialAction":[{"@type":"SearchAction","target":{"@type":"EntryPoint","urlTemplate":"https:\/\/www.koonings.com\/de\/?s={search_term_string}"},"query-input":{"@type":"PropertyValueSpecification","valueRequired":true,"valueName":"search_term_string"}}],"inLanguage":"de"},{"@type":"Organization","@id":"https:\/\/www.koonings.com\/de\/#organization","name":"Koonings","url":"https:\/\/www.koonings.com\/de\/","logo":{"@type":"ImageObject","inLanguage":"de","@id":"https:\/\/www.koonings.com\/de\/#\/schema\/logo\/image\/","url":"https:\/\/www.koonings.com\/wp-content\/uploads\/2024\/07\/logo.png","contentUrl":"https:\/\/www.koonings.com\/wp-content\/uploads\/2024\/07\/logo.png","width":600,"height":428,"caption":"Koonings"},"image":{"@id":"https:\/\/www.koonings.com\/de\/#\/schema\/logo\/image\/"},"sameAs":["https:\/\/www.facebook.com\/kooningstheweddingpalace","https:\/\/www.instagram.com\/kooningstheweddingpalace","https:\/\/www.pinterest.com\/koonings","https:\/\/www.youtube.com\/kooningstheweddingpalace"]}]}},"_links":{"self":[{"href":"https:\/\/www.koonings.com\/de\/wp-json\/wp\/v2\/product\/56826","targetHints":{"allow":["GET"]}}],"collection":[{"href":"https:\/\/www.koonings.com\/de\/wp-json\/wp\/v2\/product"}],"about":[{"href":"https:\/\/www.koonings.com\/de\/wp-json\/wp\/v2\/types\/product"}],"wp:featuredmedia":[{"embeddable":true,"href":"https:\/\/www.koonings.com\/de\/wp-json\/wp\/v2\/media\/34055"}],"wp:attachment":[{"href":"https:\/\/www.koonings.com\/de\/wp-json\/wp\/v2\/media?parent=56826"}],"wp:term":[{"taxonomy":"productdetails","embeddable":true,"href":"https:\/\/www.koonings.com\/de\/wp-json\/wp\/v2\/productdetails?post=56826"},{"taxonomy":"productneck","embeddable":true,"href":"https:\/\/www.koonings.com\/de\/wp-json\/wp\/v2\/productneck?post=56826"},{"taxonomy":"productcolor","embeddable":true,"href":"https:\/\/www.koonings.com\/de\/wp-json\/wp\/v2\/productcolor?post=56826"},{"taxonomy":"maat","embeddable":true,"href":"https:\/\/www.koonings.com\/de\/wp-json\/wp\/v2\/maat?post=56826"},{"taxonomy":"productsupplier","embeddable":true,"href":"https:\/\/www.koonings.com\/de\/wp-json\/wp\/v2\/productsupplier?post=56826"},{"taxonomy":"productsleeve","embeddable":true,"href":"https:\/\/www.koonings.com\/de\/wp-json\/wp\/v2\/productsleeve?post=56826"},{"taxonomy":"productcategory","embeddable":true,"href":"https:\/\/www.koonings.com\/de\/wp-json\/wp\/v2\/productcategory?post=56826"},{"taxonomy":"productsilhouette","embeddable":true,"href":"https:\/\/www.koonings.com\/de\/wp-json\/wp\/v2\/productsilhouette?post=56826"},{"taxonomy":"productstyle","embeddable":true,"href":"https:\/\/www.koonings.com\/de\/wp-json\/wp\/v2\/productstyle?post=56826"}],"curies":[{"name":"wp","href":"https:\/\/api.w.org\/{rel}","templated":true}]}}