{"id":56790,"date":"2026-03-27T16:08:39","date_gmt":"2026-03-27T15:08:39","guid":{"rendered":"https:\/\/www.koonings.com\/product\/ramona-koonings-couture-rh202225-annefleur\/"},"modified":"2026-02-16T14:32:50","modified_gmt":"2026-02-16T13:32:50","slug":"ramona-koonings-couture-rh202225-annefleur","status":"publish","type":"product","link":"https:\/\/www.koonings.com\/de\/product\/ramona-koonings-couture-rh202225-annefleur\/","title":{"rendered":"Ramona Koonings Couture RH202225 Annefleur"},"content":{"rendered":"<p>Ramona Koonings Couture ist das Ergebnis von Ramonas jahrelangem Wissen und ihrer Erfahrung in Kombination mit den neuesten Trends, die in einer einzigartigen Kollektion vereint sind. In der Kollektion 2024, Modell KN2323 Talinn, findet die selbstbewusste Braut alles, um an ihrem Hochzeitstag ein Statement zu setzen. Die Kleider haben viele funkelnde Elemente wie: Glitzert\u00fcll, Designer-\u00c4rmel, einen sexy hohen Schlitz und viele weitere besondere Details. Speziell f\u00fcr die Braut, die an ihrem Hochzeitstag gesehen werden und der strahlende Mittelpunkt der Aufmerksamkeit sein m\u00f6chte. Jedes Kleid ist ein Unikat, ein Statement-St\u00fcck mit echtem Couture-Look und -Gef\u00fchl, entworfen von Ramona selbst. Diese Kollektion ist exklusiv bei Koonings The Wedding Palace erh\u00e4ltlich!     <\/p>\n","protected":false},"featured_media":34244,"template":"","meta":{"_acf_changed":false,"ghostkit_customizer_options":"","ghostkit_custom_css":"","ghostkit_custom_js_head":"","ghostkit_custom_js_foot":"","ghostkit_typography":""},"productdetails":[379,380,376],"productneck":[356],"productcolor":[393,392],"maat":[],"productsupplier":[419],"productsleeve":[359],"productcategory":[18],"productsilhouette":[384],"productstyle":[367],"class_list":["post-56790","product","type-product","status-publish","has-post-thumbnail","hentry","productdetails-379","productdetails-380","productdetails-376","productneck-356","productcolor-393","productcolor-392","productsupplier-ramona-koonings-couture","productsleeve-359","productcategory-trouwjurken","productsilhouette-384","productstyle-367"],"acf":[],"yoast_head":"<!-- This site is optimized with the Yoast SEO plugin v26.8 - https:\/\/yoast.com\/product\/yoast-seo-wordpress\/ -->\n<title>Ramona Koonings Couture RH202225 Annefleur | Koonings<\/title>\n<meta name=\"description\" content=\"Ramona Koonings Couture ist das Ergebnis von Ramonas jahrelangem Wissen und ihrer Erfahrung in Kombination mit den neuesten Trends, die in einer einzigartigen Kollektion vereint sind. In der Kollektion 2024, Modell KN2323 Talinn, findet die selbstbewusste Braut alles, um an ihrem Hochzeitstag ein Statement zu setzen. Die Kleider haben viele funkelnde Elemente wie: Glitzert\u00fcll, Designer-\u00c4rmel, einen sexy hohen Schlitz und viele weitere besondere Details. Speziell f\u00fcr die Braut, die an ihrem Hochzeitstag gesehen werden und der strahlende Mittelpunkt der Aufmerksamkeit sein m\u00f6chte. Jedes Kleid ist ein Unikat, ein Statement-St\u00fcck mit echtem Couture-Look und -Gef\u00fchl, entworfen von Ramona selbst. Diese Kollektion ist exklusiv bei Koonings The Wedding Palace erh\u00e4ltlich!\" \/>\n<meta name=\"robots\" content=\"index, follow, max-snippet:-1, max-image-preview:large, max-video-preview:-1\" \/>\n<link rel=\"canonical\" href=\"https:\/\/www.koonings.com\/de\/product\/ramona-koonings-couture-rh202225-annefleur\/\" \/>\n<meta property=\"og:locale\" content=\"de_DE\" \/>\n<meta property=\"og:type\" content=\"article\" \/>\n<meta property=\"og:title\" content=\"Ramona Koonings Couture RH202225 Annefleur | Koonings\" \/>\n<meta property=\"og:description\" content=\"Ramona Koonings Couture ist das Ergebnis von Ramonas jahrelangem Wissen und ihrer Erfahrung in Kombination mit den neuesten Trends, die in einer einzigartigen Kollektion vereint sind. In der Kollektion 2024, Modell KN2323 Talinn, findet die selbstbewusste Braut alles, um an ihrem Hochzeitstag ein Statement zu setzen. Die Kleider haben viele funkelnde Elemente wie: Glitzert\u00fcll, Designer-\u00c4rmel, einen sexy hohen Schlitz und viele weitere besondere Details. Speziell f\u00fcr die Braut, die an ihrem Hochzeitstag gesehen werden und der strahlende Mittelpunkt der Aufmerksamkeit sein m\u00f6chte. Jedes Kleid ist ein Unikat, ein Statement-St\u00fcck mit echtem Couture-Look und -Gef\u00fchl, entworfen von Ramona selbst. Diese Kollektion ist exklusiv bei Koonings The Wedding Palace erh\u00e4ltlich!\" \/>\n<meta property=\"og:url\" content=\"https:\/\/www.koonings.com\/de\/product\/ramona-koonings-couture-rh202225-annefleur\/\" \/>\n<meta property=\"og:site_name\" content=\"Koonings\" \/>\n<meta property=\"article:publisher\" content=\"https:\/\/www.facebook.com\/kooningstheweddingpalace\" \/>\n<meta property=\"og:image\" content=\"https:\/\/www.koonings.com\/wp-content\/uploads\/2024\/11\/37835_789c814a73466e2a22a23e53351b56a92273dc76abb154f8ac412dcd6c5d13e33c55a920.jpeg\" \/>\n\t<meta property=\"og:image:width\" content=\"300\" \/>\n\t<meta property=\"og:image:height\" content=\"450\" \/>\n\t<meta property=\"og:image:type\" content=\"image\/jpeg\" \/>\n<meta name=\"twitter:card\" content=\"summary_large_image\" \/>\n<meta name=\"twitter:label1\" content=\"Gesch\u00e4tzte Lesezeit\" \/>\n\t<meta name=\"twitter:data1\" content=\"1\u00a0Minute\" \/>\n<script type=\"application\/ld+json\" class=\"yoast-schema-graph\">{\"@context\":\"https:\/\/schema.org\",\"@graph\":[{\"@type\":\"WebPage\",\"@id\":\"https:\/\/www.koonings.com\/de\/product\/ramona-koonings-couture-rh202225-annefleur\/\",\"url\":\"https:\/\/www.koonings.com\/de\/product\/ramona-koonings-couture-rh202225-annefleur\/\",\"name\":\"Ramona Koonings Couture RH202225 Annefleur | Koonings\",\"isPartOf\":{\"@id\":\"https:\/\/www.koonings.com\/de\/#website\"},\"primaryImageOfPage\":{\"@id\":\"https:\/\/www.koonings.com\/de\/product\/ramona-koonings-couture-rh202225-annefleur\/#primaryimage\"},\"image\":{\"@id\":\"https:\/\/www.koonings.com\/de\/product\/ramona-koonings-couture-rh202225-annefleur\/#primaryimage\"},\"thumbnailUrl\":\"https:\/\/www.koonings.com\/wp-content\/uploads\/2024\/11\/37835_789c814a73466e2a22a23e53351b56a92273dc76abb154f8ac412dcd6c5d13e33c55a920.jpeg\",\"datePublished\":\"2026-03-27T15:08:39+00:00\",\"description\":\"Ramona Koonings Couture ist das Ergebnis von Ramonas jahrelangem Wissen und ihrer Erfahrung in Kombination mit den neuesten Trends, die in einer einzigartigen Kollektion vereint sind. In der Kollektion 2024, Modell KN2323 Talinn, findet die selbstbewusste Braut alles, um an ihrem Hochzeitstag ein Statement zu setzen. Die Kleider haben viele funkelnde Elemente wie: Glitzert\u00fcll, Designer-\u00c4rmel, einen sexy hohen Schlitz und viele weitere besondere Details. Speziell f\u00fcr die Braut, die an ihrem Hochzeitstag gesehen werden und der strahlende Mittelpunkt der Aufmerksamkeit sein m\u00f6chte. Jedes Kleid ist ein Unikat, ein Statement-St\u00fcck mit echtem Couture-Look und -Gef\u00fchl, entworfen von Ramona selbst. Diese Kollektion ist exklusiv bei Koonings The Wedding Palace erh\u00e4ltlich!\",\"breadcrumb\":{\"@id\":\"https:\/\/www.koonings.com\/de\/product\/ramona-koonings-couture-rh202225-annefleur\/#breadcrumb\"},\"inLanguage\":\"de\",\"potentialAction\":[{\"@type\":\"ReadAction\",\"target\":[\"https:\/\/www.koonings.com\/de\/product\/ramona-koonings-couture-rh202225-annefleur\/\"]}]},{\"@type\":\"ImageObject\",\"inLanguage\":\"de\",\"@id\":\"https:\/\/www.koonings.com\/de\/product\/ramona-koonings-couture-rh202225-annefleur\/#primaryimage\",\"url\":\"https:\/\/www.koonings.com\/wp-content\/uploads\/2024\/11\/37835_789c814a73466e2a22a23e53351b56a92273dc76abb154f8ac412dcd6c5d13e33c55a920.jpeg\",\"contentUrl\":\"https:\/\/www.koonings.com\/wp-content\/uploads\/2024\/11\/37835_789c814a73466e2a22a23e53351b56a92273dc76abb154f8ac412dcd6c5d13e33c55a920.jpeg\",\"width\":300,\"height\":450},{\"@type\":\"BreadcrumbList\",\"@id\":\"https:\/\/www.koonings.com\/de\/product\/ramona-koonings-couture-rh202225-annefleur\/#breadcrumb\",\"itemListElement\":[{\"@type\":\"ListItem\",\"position\":1,\"name\":\"Home\",\"item\":\"https:\/\/www.koonings.com\/de\/\"},{\"@type\":\"ListItem\",\"position\":2,\"name\":\"Ramona Koonings Couture RH202225 Annefleur\"}]},{\"@type\":\"WebSite\",\"@id\":\"https:\/\/www.koonings.com\/de\/#website\",\"url\":\"https:\/\/www.koonings.com\/de\/\",\"name\":\"Koonings\",\"description\":\"De grootste bruidsmodewinkel ter wereld\",\"publisher\":{\"@id\":\"https:\/\/www.koonings.com\/de\/#organization\"},\"potentialAction\":[{\"@type\":\"SearchAction\",\"target\":{\"@type\":\"EntryPoint\",\"urlTemplate\":\"https:\/\/www.koonings.com\/de\/?s={search_term_string}\"},\"query-input\":{\"@type\":\"PropertyValueSpecification\",\"valueRequired\":true,\"valueName\":\"search_term_string\"}}],\"inLanguage\":\"de\"},{\"@type\":\"Organization\",\"@id\":\"https:\/\/www.koonings.com\/de\/#organization\",\"name\":\"Koonings\",\"url\":\"https:\/\/www.koonings.com\/de\/\",\"logo\":{\"@type\":\"ImageObject\",\"inLanguage\":\"de\",\"@id\":\"https:\/\/www.koonings.com\/de\/#\/schema\/logo\/image\/\",\"url\":\"https:\/\/www.koonings.com\/wp-content\/uploads\/2024\/07\/logo.png\",\"contentUrl\":\"https:\/\/www.koonings.com\/wp-content\/uploads\/2024\/07\/logo.png\",\"width\":600,\"height\":428,\"caption\":\"Koonings\"},\"image\":{\"@id\":\"https:\/\/www.koonings.com\/de\/#\/schema\/logo\/image\/\"},\"sameAs\":[\"https:\/\/www.facebook.com\/kooningstheweddingpalace\",\"https:\/\/www.instagram.com\/kooningstheweddingpalace\",\"https:\/\/www.pinterest.com\/koonings\",\"https:\/\/www.youtube.com\/kooningstheweddingpalace\"]}]}<\/script>\n<!-- \/ Yoast SEO plugin. -->","yoast_head_json":{"title":"Ramona Koonings Couture RH202225 Annefleur | Koonings","description":"Ramona Koonings Couture ist das Ergebnis von Ramonas jahrelangem Wissen und ihrer Erfahrung in Kombination mit den neuesten Trends, die in einer einzigartigen Kollektion vereint sind. In der Kollektion 2024, Modell KN2323 Talinn, findet die selbstbewusste Braut alles, um an ihrem Hochzeitstag ein Statement zu setzen. Die Kleider haben viele funkelnde Elemente wie: Glitzert\u00fcll, Designer-\u00c4rmel, einen sexy hohen Schlitz und viele weitere besondere Details. Speziell f\u00fcr die Braut, die an ihrem Hochzeitstag gesehen werden und der strahlende Mittelpunkt der Aufmerksamkeit sein m\u00f6chte. Jedes Kleid ist ein Unikat, ein Statement-St\u00fcck mit echtem Couture-Look und -Gef\u00fchl, entworfen von Ramona selbst. Diese Kollektion ist exklusiv bei Koonings The Wedding Palace erh\u00e4ltlich!","robots":{"index":"index","follow":"follow","max-snippet":"max-snippet:-1","max-image-preview":"max-image-preview:large","max-video-preview":"max-video-preview:-1"},"canonical":"https:\/\/www.koonings.com\/de\/product\/ramona-koonings-couture-rh202225-annefleur\/","og_locale":"de_DE","og_type":"article","og_title":"Ramona Koonings Couture RH202225 Annefleur | Koonings","og_description":"Ramona Koonings Couture ist das Ergebnis von Ramonas jahrelangem Wissen und ihrer Erfahrung in Kombination mit den neuesten Trends, die in einer einzigartigen Kollektion vereint sind. In der Kollektion 2024, Modell KN2323 Talinn, findet die selbstbewusste Braut alles, um an ihrem Hochzeitstag ein Statement zu setzen. Die Kleider haben viele funkelnde Elemente wie: Glitzert\u00fcll, Designer-\u00c4rmel, einen sexy hohen Schlitz und viele weitere besondere Details. Speziell f\u00fcr die Braut, die an ihrem Hochzeitstag gesehen werden und der strahlende Mittelpunkt der Aufmerksamkeit sein m\u00f6chte. Jedes Kleid ist ein Unikat, ein Statement-St\u00fcck mit echtem Couture-Look und -Gef\u00fchl, entworfen von Ramona selbst. Diese Kollektion ist exklusiv bei Koonings The Wedding Palace erh\u00e4ltlich!","og_url":"https:\/\/www.koonings.com\/de\/product\/ramona-koonings-couture-rh202225-annefleur\/","og_site_name":"Koonings","article_publisher":"https:\/\/www.facebook.com\/kooningstheweddingpalace","og_image":[{"width":300,"height":450,"url":"https:\/\/www.koonings.com\/wp-content\/uploads\/2024\/11\/37835_789c814a73466e2a22a23e53351b56a92273dc76abb154f8ac412dcd6c5d13e33c55a920.jpeg","type":"image\/jpeg"}],"twitter_card":"summary_large_image","twitter_misc":{"Gesch\u00e4tzte Lesezeit":"1\u00a0Minute"},"schema":{"@context":"https:\/\/schema.org","@graph":[{"@type":"WebPage","@id":"https:\/\/www.koonings.com\/de\/product\/ramona-koonings-couture-rh202225-annefleur\/","url":"https:\/\/www.koonings.com\/de\/product\/ramona-koonings-couture-rh202225-annefleur\/","name":"Ramona Koonings Couture RH202225 Annefleur | Koonings","isPartOf":{"@id":"https:\/\/www.koonings.com\/de\/#website"},"primaryImageOfPage":{"@id":"https:\/\/www.koonings.com\/de\/product\/ramona-koonings-couture-rh202225-annefleur\/#primaryimage"},"image":{"@id":"https:\/\/www.koonings.com\/de\/product\/ramona-koonings-couture-rh202225-annefleur\/#primaryimage"},"thumbnailUrl":"https:\/\/www.koonings.com\/wp-content\/uploads\/2024\/11\/37835_789c814a73466e2a22a23e53351b56a92273dc76abb154f8ac412dcd6c5d13e33c55a920.jpeg","datePublished":"2026-03-27T15:08:39+00:00","description":"Ramona Koonings Couture ist das Ergebnis von Ramonas jahrelangem Wissen und ihrer Erfahrung in Kombination mit den neuesten Trends, die in einer einzigartigen Kollektion vereint sind. In der Kollektion 2024, Modell KN2323 Talinn, findet die selbstbewusste Braut alles, um an ihrem Hochzeitstag ein Statement zu setzen. Die Kleider haben viele funkelnde Elemente wie: Glitzert\u00fcll, Designer-\u00c4rmel, einen sexy hohen Schlitz und viele weitere besondere Details. Speziell f\u00fcr die Braut, die an ihrem Hochzeitstag gesehen werden und der strahlende Mittelpunkt der Aufmerksamkeit sein m\u00f6chte. Jedes Kleid ist ein Unikat, ein Statement-St\u00fcck mit echtem Couture-Look und -Gef\u00fchl, entworfen von Ramona selbst. Diese Kollektion ist exklusiv bei Koonings The Wedding Palace erh\u00e4ltlich!","breadcrumb":{"@id":"https:\/\/www.koonings.com\/de\/product\/ramona-koonings-couture-rh202225-annefleur\/#breadcrumb"},"inLanguage":"de","potentialAction":[{"@type":"ReadAction","target":["https:\/\/www.koonings.com\/de\/product\/ramona-koonings-couture-rh202225-annefleur\/"]}]},{"@type":"ImageObject","inLanguage":"de","@id":"https:\/\/www.koonings.com\/de\/product\/ramona-koonings-couture-rh202225-annefleur\/#primaryimage","url":"https:\/\/www.koonings.com\/wp-content\/uploads\/2024\/11\/37835_789c814a73466e2a22a23e53351b56a92273dc76abb154f8ac412dcd6c5d13e33c55a920.jpeg","contentUrl":"https:\/\/www.koonings.com\/wp-content\/uploads\/2024\/11\/37835_789c814a73466e2a22a23e53351b56a92273dc76abb154f8ac412dcd6c5d13e33c55a920.jpeg","width":300,"height":450},{"@type":"BreadcrumbList","@id":"https:\/\/www.koonings.com\/de\/product\/ramona-koonings-couture-rh202225-annefleur\/#breadcrumb","itemListElement":[{"@type":"ListItem","position":1,"name":"Home","item":"https:\/\/www.koonings.com\/de\/"},{"@type":"ListItem","position":2,"name":"Ramona Koonings Couture RH202225 Annefleur"}]},{"@type":"WebSite","@id":"https:\/\/www.koonings.com\/de\/#website","url":"https:\/\/www.koonings.com\/de\/","name":"Koonings","description":"De grootste bruidsmodewinkel ter wereld","publisher":{"@id":"https:\/\/www.koonings.com\/de\/#organization"},"potentialAction":[{"@type":"SearchAction","target":{"@type":"EntryPoint","urlTemplate":"https:\/\/www.koonings.com\/de\/?s={search_term_string}"},"query-input":{"@type":"PropertyValueSpecification","valueRequired":true,"valueName":"search_term_string"}}],"inLanguage":"de"},{"@type":"Organization","@id":"https:\/\/www.koonings.com\/de\/#organization","name":"Koonings","url":"https:\/\/www.koonings.com\/de\/","logo":{"@type":"ImageObject","inLanguage":"de","@id":"https:\/\/www.koonings.com\/de\/#\/schema\/logo\/image\/","url":"https:\/\/www.koonings.com\/wp-content\/uploads\/2024\/07\/logo.png","contentUrl":"https:\/\/www.koonings.com\/wp-content\/uploads\/2024\/07\/logo.png","width":600,"height":428,"caption":"Koonings"},"image":{"@id":"https:\/\/www.koonings.com\/de\/#\/schema\/logo\/image\/"},"sameAs":["https:\/\/www.facebook.com\/kooningstheweddingpalace","https:\/\/www.instagram.com\/kooningstheweddingpalace","https:\/\/www.pinterest.com\/koonings","https:\/\/www.youtube.com\/kooningstheweddingpalace"]}]}},"_links":{"self":[{"href":"https:\/\/www.koonings.com\/de\/wp-json\/wp\/v2\/product\/56790","targetHints":{"allow":["GET"]}}],"collection":[{"href":"https:\/\/www.koonings.com\/de\/wp-json\/wp\/v2\/product"}],"about":[{"href":"https:\/\/www.koonings.com\/de\/wp-json\/wp\/v2\/types\/product"}],"wp:featuredmedia":[{"embeddable":true,"href":"https:\/\/www.koonings.com\/de\/wp-json\/wp\/v2\/media\/34244"}],"wp:attachment":[{"href":"https:\/\/www.koonings.com\/de\/wp-json\/wp\/v2\/media?parent=56790"}],"wp:term":[{"taxonomy":"productdetails","embeddable":true,"href":"https:\/\/www.koonings.com\/de\/wp-json\/wp\/v2\/productdetails?post=56790"},{"taxonomy":"productneck","embeddable":true,"href":"https:\/\/www.koonings.com\/de\/wp-json\/wp\/v2\/productneck?post=56790"},{"taxonomy":"productcolor","embeddable":true,"href":"https:\/\/www.koonings.com\/de\/wp-json\/wp\/v2\/productcolor?post=56790"},{"taxonomy":"maat","embeddable":true,"href":"https:\/\/www.koonings.com\/de\/wp-json\/wp\/v2\/maat?post=56790"},{"taxonomy":"productsupplier","embeddable":true,"href":"https:\/\/www.koonings.com\/de\/wp-json\/wp\/v2\/productsupplier?post=56790"},{"taxonomy":"productsleeve","embeddable":true,"href":"https:\/\/www.koonings.com\/de\/wp-json\/wp\/v2\/productsleeve?post=56790"},{"taxonomy":"productcategory","embeddable":true,"href":"https:\/\/www.koonings.com\/de\/wp-json\/wp\/v2\/productcategory?post=56790"},{"taxonomy":"productsilhouette","embeddable":true,"href":"https:\/\/www.koonings.com\/de\/wp-json\/wp\/v2\/productsilhouette?post=56790"},{"taxonomy":"productstyle","embeddable":true,"href":"https:\/\/www.koonings.com\/de\/wp-json\/wp\/v2\/productstyle?post=56790"}],"curies":[{"name":"wp","href":"https:\/\/api.w.org\/{rel}","templated":true}]}}