{"id":56734,"date":"2025-12-15T00:12:45","date_gmt":"2025-12-14T23:12:45","guid":{"rendered":"https:\/\/www.koonings.com\/product\/ladybird-alonna\/"},"modified":"2026-02-03T18:05:09","modified_gmt":"2026-02-03T17:05:09","slug":"ladybird-alonna","status":"publish","type":"product","link":"https:\/\/www.koonings.com\/de\/product\/ladybird-alonna\/","title":{"rendered":"Marienk\u00e4fer Alonna"},"content":{"rendered":"<p>Das Ladybird Alonna Kleid wird am sch\u00f6nsten Tag Ihres Lebens einen bleibenden Eindruck hinterlassen. Mit dieser Kollektion k\u00f6nnen Sie sicher sein, dass Ihr Look an diesem Tag nie aufh\u00f6rt. Die Schleppe ist kurz, so dass Sie sich jederzeit bequem und frei bewegen k\u00f6nnen. Bequem und doch \u00e4sthetisch, ist Boho ein von der Natur inspiriertes Outfit, das f\u00fcr die hypermoderne, unabh\u00e4ngige Braut gemacht ist. Der tiefe V-Ausschnitt mit floralen Nuancen ist ein ganz besonderer Blickfang an diesem Modell. Dieses bezaubernde Kleid ist \u00e4rmellos und gibt Ihnen volle Bewegungsfreiheit mit einem verf\u00fchrerischen und anmutigen Touch.     <\/p>\n","protected":false},"featured_media":34442,"template":"","meta":{"_acf_changed":false,"ghostkit_customizer_options":"","ghostkit_custom_css":"","ghostkit_custom_js_head":"","ghostkit_custom_js_foot":"","ghostkit_typography":""},"productdetails":[379,380,381],"productneck":[356],"productcolor":[393,392],"maat":[],"productsupplier":[437],"productsleeve":[359],"productcategory":[18],"productsilhouette":[384],"productstyle":[366],"class_list":["post-56734","product","type-product","status-publish","has-post-thumbnail","hentry","productdetails-379","productdetails-380","productdetails-381","productneck-356","productcolor-393","productcolor-392","productsupplier-ladybird","productsleeve-359","productcategory-trouwjurken","productsilhouette-384","productstyle-366"],"acf":[],"yoast_head":"<!-- This site is optimized with the Yoast SEO plugin v27.3 - https:\/\/yoast.com\/product\/yoast-seo-wordpress\/ -->\n<title>Marienk\u00e4fer Alonna | Koonings<\/title>\n<meta name=\"description\" content=\"Das Ladybird Alonna Kleid wird am sch\u00f6nsten Tag Ihres Lebens einen bleibenden Eindruck hinterlassen. Mit dieser Kollektion k\u00f6nnen Sie sicher sein, dass Ihr Look an diesem Tag nie aufh\u00f6rt. Die Schleppe ist kurz, so dass Sie sich jederzeit bequem und frei bewegen k\u00f6nnen. Bequem und doch \u00e4sthetisch, ist Boho ein von der Natur inspiriertes Outfit, das f\u00fcr die hypermoderne, unabh\u00e4ngige Braut gemacht ist. Der tiefe V-Ausschnitt mit floralen Nuancen ist ein ganz besonderer Blickfang an diesem Modell. Dieses bezaubernde Kleid ist \u00e4rmellos und gibt Ihnen volle Bewegungsfreiheit mit einem verf\u00fchrerischen und anmutigen Touch.\" \/>\n<meta name=\"robots\" content=\"index, follow, max-snippet:-1, max-image-preview:large, max-video-preview:-1\" \/>\n<link rel=\"canonical\" href=\"https:\/\/www.koonings.com\/de\/product\/ladybird-alonna\/\" \/>\n<meta property=\"og:locale\" content=\"de_DE\" \/>\n<meta property=\"og:type\" content=\"article\" \/>\n<meta property=\"og:title\" content=\"Marienk\u00e4fer Alonna | Koonings\" \/>\n<meta property=\"og:description\" content=\"Das Ladybird Alonna Kleid wird am sch\u00f6nsten Tag Ihres Lebens einen bleibenden Eindruck hinterlassen. Mit dieser Kollektion k\u00f6nnen Sie sicher sein, dass Ihr Look an diesem Tag nie aufh\u00f6rt. Die Schleppe ist kurz, so dass Sie sich jederzeit bequem und frei bewegen k\u00f6nnen. Bequem und doch \u00e4sthetisch, ist Boho ein von der Natur inspiriertes Outfit, das f\u00fcr die hypermoderne, unabh\u00e4ngige Braut gemacht ist. Der tiefe V-Ausschnitt mit floralen Nuancen ist ein ganz besonderer Blickfang an diesem Modell. Dieses bezaubernde Kleid ist \u00e4rmellos und gibt Ihnen volle Bewegungsfreiheit mit einem verf\u00fchrerischen und anmutigen Touch.\" \/>\n<meta property=\"og:url\" content=\"https:\/\/www.koonings.com\/de\/product\/ladybird-alonna\/\" \/>\n<meta property=\"og:site_name\" content=\"Koonings\" \/>\n<meta property=\"article:publisher\" content=\"https:\/\/www.facebook.com\/kooningstheweddingpalace\" \/>\n<meta property=\"article:modified_time\" content=\"2026-02-03T17:05:09+00:00\" \/>\n<meta property=\"og:image\" content=\"https:\/\/www.koonings.com\/wp-content\/uploads\/2024\/11\/37956_e6dfa258e5abf21fdb4cdf6891ec1dc8df599b5f2de480ef842f7c19b3ba1bfc5effab0e-scaled.jpeg\" \/>\n\t<meta property=\"og:image:width\" content=\"1810\" \/>\n\t<meta property=\"og:image:height\" content=\"2560\" \/>\n\t<meta property=\"og:image:type\" content=\"image\/jpeg\" \/>\n<meta name=\"twitter:card\" content=\"summary_large_image\" \/>\n<meta name=\"twitter:label1\" content=\"Gesch\u00e4tzte Lesezeit\" \/>\n\t<meta name=\"twitter:data1\" content=\"1\u00a0Minute\" \/>\n<script type=\"application\/ld+json\" class=\"yoast-schema-graph\">{\"@context\":\"https:\\\/\\\/schema.org\",\"@graph\":[{\"@type\":\"WebPage\",\"@id\":\"https:\\\/\\\/www.koonings.com\\\/de\\\/product\\\/ladybird-alonna\\\/\",\"url\":\"https:\\\/\\\/www.koonings.com\\\/de\\\/product\\\/ladybird-alonna\\\/\",\"name\":\"Marienk\u00e4fer Alonna | Koonings\",\"isPartOf\":{\"@id\":\"https:\\\/\\\/www.koonings.com\\\/de\\\/#website\"},\"primaryImageOfPage\":{\"@id\":\"https:\\\/\\\/www.koonings.com\\\/de\\\/product\\\/ladybird-alonna\\\/#primaryimage\"},\"image\":{\"@id\":\"https:\\\/\\\/www.koonings.com\\\/de\\\/product\\\/ladybird-alonna\\\/#primaryimage\"},\"thumbnailUrl\":\"https:\\\/\\\/www.koonings.com\\\/wp-content\\\/uploads\\\/2024\\\/11\\\/37956_e6dfa258e5abf21fdb4cdf6891ec1dc8df599b5f2de480ef842f7c19b3ba1bfc5effab0e-scaled.jpeg\",\"datePublished\":\"2025-12-14T23:12:45+00:00\",\"dateModified\":\"2026-02-03T17:05:09+00:00\",\"description\":\"Das Ladybird Alonna Kleid wird am sch\u00f6nsten Tag Ihres Lebens einen bleibenden Eindruck hinterlassen. Mit dieser Kollektion k\u00f6nnen Sie sicher sein, dass Ihr Look an diesem Tag nie aufh\u00f6rt. Die Schleppe ist kurz, so dass Sie sich jederzeit bequem und frei bewegen k\u00f6nnen. Bequem und doch \u00e4sthetisch, ist Boho ein von der Natur inspiriertes Outfit, das f\u00fcr die hypermoderne, unabh\u00e4ngige Braut gemacht ist. Der tiefe V-Ausschnitt mit floralen Nuancen ist ein ganz besonderer Blickfang an diesem Modell. Dieses bezaubernde Kleid ist \u00e4rmellos und gibt Ihnen volle Bewegungsfreiheit mit einem verf\u00fchrerischen und anmutigen Touch.\",\"breadcrumb\":{\"@id\":\"https:\\\/\\\/www.koonings.com\\\/de\\\/product\\\/ladybird-alonna\\\/#breadcrumb\"},\"inLanguage\":\"de\",\"potentialAction\":[{\"@type\":\"ReadAction\",\"target\":[\"https:\\\/\\\/www.koonings.com\\\/de\\\/product\\\/ladybird-alonna\\\/\"]}]},{\"@type\":\"ImageObject\",\"inLanguage\":\"de\",\"@id\":\"https:\\\/\\\/www.koonings.com\\\/de\\\/product\\\/ladybird-alonna\\\/#primaryimage\",\"url\":\"https:\\\/\\\/www.koonings.com\\\/wp-content\\\/uploads\\\/2024\\\/11\\\/37956_e6dfa258e5abf21fdb4cdf6891ec1dc8df599b5f2de480ef842f7c19b3ba1bfc5effab0e-scaled.jpeg\",\"contentUrl\":\"https:\\\/\\\/www.koonings.com\\\/wp-content\\\/uploads\\\/2024\\\/11\\\/37956_e6dfa258e5abf21fdb4cdf6891ec1dc8df599b5f2de480ef842f7c19b3ba1bfc5effab0e-scaled.jpeg\",\"width\":1810,\"height\":2560},{\"@type\":\"BreadcrumbList\",\"@id\":\"https:\\\/\\\/www.koonings.com\\\/de\\\/product\\\/ladybird-alonna\\\/#breadcrumb\",\"itemListElement\":[{\"@type\":\"ListItem\",\"position\":1,\"name\":\"Home\",\"item\":\"https:\\\/\\\/www.koonings.com\\\/de\\\/\"},{\"@type\":\"ListItem\",\"position\":2,\"name\":\"Marienk\u00e4fer Alonna\"}]},{\"@type\":\"WebSite\",\"@id\":\"https:\\\/\\\/www.koonings.com\\\/de\\\/#website\",\"url\":\"https:\\\/\\\/www.koonings.com\\\/de\\\/\",\"name\":\"Koonings\",\"description\":\"De grootste bruidsmodewinkel ter wereld\",\"publisher\":{\"@id\":\"https:\\\/\\\/www.koonings.com\\\/de\\\/#organization\"},\"potentialAction\":[{\"@type\":\"SearchAction\",\"target\":{\"@type\":\"EntryPoint\",\"urlTemplate\":\"https:\\\/\\\/www.koonings.com\\\/de\\\/?s={search_term_string}\"},\"query-input\":{\"@type\":\"PropertyValueSpecification\",\"valueRequired\":true,\"valueName\":\"search_term_string\"}}],\"inLanguage\":\"de\"},{\"@type\":\"Organization\",\"@id\":\"https:\\\/\\\/www.koonings.com\\\/de\\\/#organization\",\"name\":\"Koonings\",\"url\":\"https:\\\/\\\/www.koonings.com\\\/de\\\/\",\"logo\":{\"@type\":\"ImageObject\",\"inLanguage\":\"de\",\"@id\":\"https:\\\/\\\/www.koonings.com\\\/de\\\/#\\\/schema\\\/logo\\\/image\\\/\",\"url\":\"https:\\\/\\\/www.koonings.com\\\/wp-content\\\/uploads\\\/2024\\\/07\\\/logo.png\",\"contentUrl\":\"https:\\\/\\\/www.koonings.com\\\/wp-content\\\/uploads\\\/2024\\\/07\\\/logo.png\",\"width\":600,\"height\":428,\"caption\":\"Koonings\"},\"image\":{\"@id\":\"https:\\\/\\\/www.koonings.com\\\/de\\\/#\\\/schema\\\/logo\\\/image\\\/\"},\"sameAs\":[\"https:\\\/\\\/www.facebook.com\\\/kooningstheweddingpalace\",\"https:\\\/\\\/www.instagram.com\\\/kooningstheweddingpalace\",\"https:\\\/\\\/www.pinterest.com\\\/koonings\",\"https:\\\/\\\/www.youtube.com\\\/kooningstheweddingpalace\"]}]}<\/script>\n<!-- \/ Yoast SEO plugin. -->","yoast_head_json":{"title":"Marienk\u00e4fer Alonna | Koonings","description":"Das Ladybird Alonna Kleid wird am sch\u00f6nsten Tag Ihres Lebens einen bleibenden Eindruck hinterlassen. Mit dieser Kollektion k\u00f6nnen Sie sicher sein, dass Ihr Look an diesem Tag nie aufh\u00f6rt. Die Schleppe ist kurz, so dass Sie sich jederzeit bequem und frei bewegen k\u00f6nnen. Bequem und doch \u00e4sthetisch, ist Boho ein von der Natur inspiriertes Outfit, das f\u00fcr die hypermoderne, unabh\u00e4ngige Braut gemacht ist. Der tiefe V-Ausschnitt mit floralen Nuancen ist ein ganz besonderer Blickfang an diesem Modell. Dieses bezaubernde Kleid ist \u00e4rmellos und gibt Ihnen volle Bewegungsfreiheit mit einem verf\u00fchrerischen und anmutigen Touch.","robots":{"index":"index","follow":"follow","max-snippet":"max-snippet:-1","max-image-preview":"max-image-preview:large","max-video-preview":"max-video-preview:-1"},"canonical":"https:\/\/www.koonings.com\/de\/product\/ladybird-alonna\/","og_locale":"de_DE","og_type":"article","og_title":"Marienk\u00e4fer Alonna | Koonings","og_description":"Das Ladybird Alonna Kleid wird am sch\u00f6nsten Tag Ihres Lebens einen bleibenden Eindruck hinterlassen. Mit dieser Kollektion k\u00f6nnen Sie sicher sein, dass Ihr Look an diesem Tag nie aufh\u00f6rt. Die Schleppe ist kurz, so dass Sie sich jederzeit bequem und frei bewegen k\u00f6nnen. Bequem und doch \u00e4sthetisch, ist Boho ein von der Natur inspiriertes Outfit, das f\u00fcr die hypermoderne, unabh\u00e4ngige Braut gemacht ist. Der tiefe V-Ausschnitt mit floralen Nuancen ist ein ganz besonderer Blickfang an diesem Modell. Dieses bezaubernde Kleid ist \u00e4rmellos und gibt Ihnen volle Bewegungsfreiheit mit einem verf\u00fchrerischen und anmutigen Touch.","og_url":"https:\/\/www.koonings.com\/de\/product\/ladybird-alonna\/","og_site_name":"Koonings","article_publisher":"https:\/\/www.facebook.com\/kooningstheweddingpalace","article_modified_time":"2026-02-03T17:05:09+00:00","og_image":[{"width":1810,"height":2560,"url":"https:\/\/www.koonings.com\/wp-content\/uploads\/2024\/11\/37956_e6dfa258e5abf21fdb4cdf6891ec1dc8df599b5f2de480ef842f7c19b3ba1bfc5effab0e-scaled.jpeg","type":"image\/jpeg"}],"twitter_card":"summary_large_image","twitter_misc":{"Gesch\u00e4tzte Lesezeit":"1\u00a0Minute"},"schema":{"@context":"https:\/\/schema.org","@graph":[{"@type":"WebPage","@id":"https:\/\/www.koonings.com\/de\/product\/ladybird-alonna\/","url":"https:\/\/www.koonings.com\/de\/product\/ladybird-alonna\/","name":"Marienk\u00e4fer Alonna | Koonings","isPartOf":{"@id":"https:\/\/www.koonings.com\/de\/#website"},"primaryImageOfPage":{"@id":"https:\/\/www.koonings.com\/de\/product\/ladybird-alonna\/#primaryimage"},"image":{"@id":"https:\/\/www.koonings.com\/de\/product\/ladybird-alonna\/#primaryimage"},"thumbnailUrl":"https:\/\/www.koonings.com\/wp-content\/uploads\/2024\/11\/37956_e6dfa258e5abf21fdb4cdf6891ec1dc8df599b5f2de480ef842f7c19b3ba1bfc5effab0e-scaled.jpeg","datePublished":"2025-12-14T23:12:45+00:00","dateModified":"2026-02-03T17:05:09+00:00","description":"Das Ladybird Alonna Kleid wird am sch\u00f6nsten Tag Ihres Lebens einen bleibenden Eindruck hinterlassen. Mit dieser Kollektion k\u00f6nnen Sie sicher sein, dass Ihr Look an diesem Tag nie aufh\u00f6rt. Die Schleppe ist kurz, so dass Sie sich jederzeit bequem und frei bewegen k\u00f6nnen. Bequem und doch \u00e4sthetisch, ist Boho ein von der Natur inspiriertes Outfit, das f\u00fcr die hypermoderne, unabh\u00e4ngige Braut gemacht ist. Der tiefe V-Ausschnitt mit floralen Nuancen ist ein ganz besonderer Blickfang an diesem Modell. Dieses bezaubernde Kleid ist \u00e4rmellos und gibt Ihnen volle Bewegungsfreiheit mit einem verf\u00fchrerischen und anmutigen Touch.","breadcrumb":{"@id":"https:\/\/www.koonings.com\/de\/product\/ladybird-alonna\/#breadcrumb"},"inLanguage":"de","potentialAction":[{"@type":"ReadAction","target":["https:\/\/www.koonings.com\/de\/product\/ladybird-alonna\/"]}]},{"@type":"ImageObject","inLanguage":"de","@id":"https:\/\/www.koonings.com\/de\/product\/ladybird-alonna\/#primaryimage","url":"https:\/\/www.koonings.com\/wp-content\/uploads\/2024\/11\/37956_e6dfa258e5abf21fdb4cdf6891ec1dc8df599b5f2de480ef842f7c19b3ba1bfc5effab0e-scaled.jpeg","contentUrl":"https:\/\/www.koonings.com\/wp-content\/uploads\/2024\/11\/37956_e6dfa258e5abf21fdb4cdf6891ec1dc8df599b5f2de480ef842f7c19b3ba1bfc5effab0e-scaled.jpeg","width":1810,"height":2560},{"@type":"BreadcrumbList","@id":"https:\/\/www.koonings.com\/de\/product\/ladybird-alonna\/#breadcrumb","itemListElement":[{"@type":"ListItem","position":1,"name":"Home","item":"https:\/\/www.koonings.com\/de\/"},{"@type":"ListItem","position":2,"name":"Marienk\u00e4fer Alonna"}]},{"@type":"WebSite","@id":"https:\/\/www.koonings.com\/de\/#website","url":"https:\/\/www.koonings.com\/de\/","name":"Koonings","description":"De grootste bruidsmodewinkel ter wereld","publisher":{"@id":"https:\/\/www.koonings.com\/de\/#organization"},"potentialAction":[{"@type":"SearchAction","target":{"@type":"EntryPoint","urlTemplate":"https:\/\/www.koonings.com\/de\/?s={search_term_string}"},"query-input":{"@type":"PropertyValueSpecification","valueRequired":true,"valueName":"search_term_string"}}],"inLanguage":"de"},{"@type":"Organization","@id":"https:\/\/www.koonings.com\/de\/#organization","name":"Koonings","url":"https:\/\/www.koonings.com\/de\/","logo":{"@type":"ImageObject","inLanguage":"de","@id":"https:\/\/www.koonings.com\/de\/#\/schema\/logo\/image\/","url":"https:\/\/www.koonings.com\/wp-content\/uploads\/2024\/07\/logo.png","contentUrl":"https:\/\/www.koonings.com\/wp-content\/uploads\/2024\/07\/logo.png","width":600,"height":428,"caption":"Koonings"},"image":{"@id":"https:\/\/www.koonings.com\/de\/#\/schema\/logo\/image\/"},"sameAs":["https:\/\/www.facebook.com\/kooningstheweddingpalace","https:\/\/www.instagram.com\/kooningstheweddingpalace","https:\/\/www.pinterest.com\/koonings","https:\/\/www.youtube.com\/kooningstheweddingpalace"]}]}},"_links":{"self":[{"href":"https:\/\/www.koonings.com\/de\/wp-json\/wp\/v2\/product\/56734","targetHints":{"allow":["GET"]}}],"collection":[{"href":"https:\/\/www.koonings.com\/de\/wp-json\/wp\/v2\/product"}],"about":[{"href":"https:\/\/www.koonings.com\/de\/wp-json\/wp\/v2\/types\/product"}],"wp:featuredmedia":[{"embeddable":true,"href":"https:\/\/www.koonings.com\/de\/wp-json\/wp\/v2\/media\/34442"}],"wp:attachment":[{"href":"https:\/\/www.koonings.com\/de\/wp-json\/wp\/v2\/media?parent=56734"}],"wp:term":[{"taxonomy":"productdetails","embeddable":true,"href":"https:\/\/www.koonings.com\/de\/wp-json\/wp\/v2\/productdetails?post=56734"},{"taxonomy":"productneck","embeddable":true,"href":"https:\/\/www.koonings.com\/de\/wp-json\/wp\/v2\/productneck?post=56734"},{"taxonomy":"productcolor","embeddable":true,"href":"https:\/\/www.koonings.com\/de\/wp-json\/wp\/v2\/productcolor?post=56734"},{"taxonomy":"maat","embeddable":true,"href":"https:\/\/www.koonings.com\/de\/wp-json\/wp\/v2\/maat?post=56734"},{"taxonomy":"productsupplier","embeddable":true,"href":"https:\/\/www.koonings.com\/de\/wp-json\/wp\/v2\/productsupplier?post=56734"},{"taxonomy":"productsleeve","embeddable":true,"href":"https:\/\/www.koonings.com\/de\/wp-json\/wp\/v2\/productsleeve?post=56734"},{"taxonomy":"productcategory","embeddable":true,"href":"https:\/\/www.koonings.com\/de\/wp-json\/wp\/v2\/productcategory?post=56734"},{"taxonomy":"productsilhouette","embeddable":true,"href":"https:\/\/www.koonings.com\/de\/wp-json\/wp\/v2\/productsilhouette?post=56734"},{"taxonomy":"productstyle","embeddable":true,"href":"https:\/\/www.koonings.com\/de\/wp-json\/wp\/v2\/productstyle?post=56734"}],"curies":[{"name":"wp","href":"https:\/\/api.w.org\/{rel}","templated":true}]}}