{"id":56723,"date":"2025-07-10T12:12:32","date_gmt":"2025-07-10T10:12:32","guid":{"rendered":"https:\/\/www.koonings.com\/product\/enzoani-blue-collection-66-7\/"},"modified":"2025-06-05T12:29:31","modified_gmt":"2025-06-05T10:29:31","slug":"enzoani-blue-collection-66-7","status":"publish","type":"product","link":"https:\/\/www.koonings.com\/de\/product\/enzoani-blue-collection-66-7\/","title":{"rendered":"Enzoani Blue Collection 66"},"content":{"rendered":"<p>Mit diesem figurbetonten Meerjungfrauenkleid f\u00fcr die Braut, die ihre Kurven und sexy Raffinesse zur Geltung bringen m\u00f6chte, ist Romantik wie aus dem Bilderbuch m\u00f6glich. Es ist mit weichen und romantischen, abnehmbaren T\u00fcll-Tr\u00e4gern an einem Mieder mit V-Ausschnitt und Sweetheart-Dekollet\u00e9 ausgestattet. Diese ma\u00dfgeschneiderte dicke florale Baumwollspitze schm\u00fcckt das Mieder dezent, um Ihren Oberk\u00f6rper zu formen, und umrahmt den R\u00fccken im Stil eines Illusionskorsetts mit verdeckten Kn\u00f6pfen f\u00fcr einen glamour\u00f6sen, modernen Touch, der den Blick auf die atemberaubende, kaskadenf\u00f6rmige Schleppe mit genau der richtigen Menge an vertr\u00e4umten Spitzendetails lenkt.  <\/p>\n","protected":false},"featured_media":34510,"template":"","meta":{"_acf_changed":false,"ghostkit_customizer_options":"","ghostkit_custom_css":"","ghostkit_custom_js_head":"","ghostkit_custom_js_foot":"","ghostkit_typography":""},"productdetails":[],"productneck":[],"productcolor":[],"maat":[],"productsupplier":[405],"productsleeve":[],"productcategory":[18],"productsilhouette":[],"productstyle":[],"class_list":["post-56723","product","type-product","status-publish","has-post-thumbnail","hentry","productsupplier-enzoani-blue-collection","productcategory-trouwjurken"],"acf":[],"yoast_head":"<!-- This site is optimized with the Yoast SEO plugin v27.3 - https:\/\/yoast.com\/product\/yoast-seo-wordpress\/ -->\n<title>Enzoani Blue Collection 66 | Koonings<\/title>\n<meta name=\"description\" content=\"Mit diesem figurbetonten Meerjungfrauenkleid f\u00fcr die Braut, die ihre Kurven und sexy Raffinesse zur Geltung bringen m\u00f6chte, ist Romantik wie aus dem Bilderbuch m\u00f6glich. Es ist mit weichen und romantischen, abnehmbaren T\u00fcll-Tr\u00e4gern an einem Mieder mit V-Ausschnitt und Sweetheart-Dekollet\u00e9 ausgestattet. Diese ma\u00dfgeschneiderte dicke florale Baumwollspitze schm\u00fcckt das Mieder dezent, um Ihren Oberk\u00f6rper zu formen, und umrahmt den R\u00fccken im Stil eines Illusionskorsetts mit verdeckten Kn\u00f6pfen f\u00fcr einen glamour\u00f6sen, modernen Touch, der den Blick auf die atemberaubende, kaskadenf\u00f6rmige Schleppe mit genau der richtigen Menge an vertr\u00e4umten Spitzendetails lenkt.\" \/>\n<meta name=\"robots\" content=\"index, follow, max-snippet:-1, max-image-preview:large, max-video-preview:-1\" \/>\n<link rel=\"canonical\" href=\"https:\/\/www.koonings.com\/de\/product\/enzoani-blue-collection-66-7\/\" \/>\n<meta property=\"og:locale\" content=\"de_DE\" \/>\n<meta property=\"og:type\" content=\"article\" \/>\n<meta property=\"og:title\" content=\"Enzoani Blue Collection 66 | Koonings\" \/>\n<meta property=\"og:description\" content=\"Mit diesem figurbetonten Meerjungfrauenkleid f\u00fcr die Braut, die ihre Kurven und sexy Raffinesse zur Geltung bringen m\u00f6chte, ist Romantik wie aus dem Bilderbuch m\u00f6glich. Es ist mit weichen und romantischen, abnehmbaren T\u00fcll-Tr\u00e4gern an einem Mieder mit V-Ausschnitt und Sweetheart-Dekollet\u00e9 ausgestattet. Diese ma\u00dfgeschneiderte dicke florale Baumwollspitze schm\u00fcckt das Mieder dezent, um Ihren Oberk\u00f6rper zu formen, und umrahmt den R\u00fccken im Stil eines Illusionskorsetts mit verdeckten Kn\u00f6pfen f\u00fcr einen glamour\u00f6sen, modernen Touch, der den Blick auf die atemberaubende, kaskadenf\u00f6rmige Schleppe mit genau der richtigen Menge an vertr\u00e4umten Spitzendetails lenkt.\" \/>\n<meta property=\"og:url\" content=\"https:\/\/www.koonings.com\/de\/product\/enzoani-blue-collection-66-7\/\" \/>\n<meta property=\"og:site_name\" content=\"Koonings\" \/>\n<meta property=\"article:publisher\" content=\"https:\/\/www.facebook.com\/kooningstheweddingpalace\" \/>\n<meta property=\"og:image\" content=\"https:\/\/www.koonings.com\/wp-content\/uploads\/2024\/11\/37966_5092083c2a51355291b66cf7c98f15174f35289422792376b683a10d250eb8da7ac8c2cd.jpeg\" \/>\n\t<meta property=\"og:image:width\" content=\"300\" \/>\n\t<meta property=\"og:image:height\" content=\"450\" \/>\n\t<meta property=\"og:image:type\" content=\"image\/jpeg\" \/>\n<meta name=\"twitter:card\" content=\"summary_large_image\" \/>\n<meta name=\"twitter:label1\" content=\"Gesch\u00e4tzte Lesezeit\" \/>\n\t<meta name=\"twitter:data1\" content=\"1\u00a0Minute\" \/>\n<script type=\"application\/ld+json\" class=\"yoast-schema-graph\">{\"@context\":\"https:\\\/\\\/schema.org\",\"@graph\":[{\"@type\":\"WebPage\",\"@id\":\"https:\\\/\\\/www.koonings.com\\\/de\\\/product\\\/enzoani-blue-collection-66-7\\\/\",\"url\":\"https:\\\/\\\/www.koonings.com\\\/de\\\/product\\\/enzoani-blue-collection-66-7\\\/\",\"name\":\"Enzoani Blue Collection 66 | Koonings\",\"isPartOf\":{\"@id\":\"https:\\\/\\\/www.koonings.com\\\/de\\\/#website\"},\"primaryImageOfPage\":{\"@id\":\"https:\\\/\\\/www.koonings.com\\\/de\\\/product\\\/enzoani-blue-collection-66-7\\\/#primaryimage\"},\"image\":{\"@id\":\"https:\\\/\\\/www.koonings.com\\\/de\\\/product\\\/enzoani-blue-collection-66-7\\\/#primaryimage\"},\"thumbnailUrl\":\"https:\\\/\\\/www.koonings.com\\\/wp-content\\\/uploads\\\/2024\\\/11\\\/37966_5092083c2a51355291b66cf7c98f15174f35289422792376b683a10d250eb8da7ac8c2cd.jpeg\",\"datePublished\":\"2025-07-10T10:12:32+00:00\",\"description\":\"Mit diesem figurbetonten Meerjungfrauenkleid f\u00fcr die Braut, die ihre Kurven und sexy Raffinesse zur Geltung bringen m\u00f6chte, ist Romantik wie aus dem Bilderbuch m\u00f6glich. Es ist mit weichen und romantischen, abnehmbaren T\u00fcll-Tr\u00e4gern an einem Mieder mit V-Ausschnitt und Sweetheart-Dekollet\u00e9 ausgestattet. Diese ma\u00dfgeschneiderte dicke florale Baumwollspitze schm\u00fcckt das Mieder dezent, um Ihren Oberk\u00f6rper zu formen, und umrahmt den R\u00fccken im Stil eines Illusionskorsetts mit verdeckten Kn\u00f6pfen f\u00fcr einen glamour\u00f6sen, modernen Touch, der den Blick auf die atemberaubende, kaskadenf\u00f6rmige Schleppe mit genau der richtigen Menge an vertr\u00e4umten Spitzendetails lenkt.\",\"breadcrumb\":{\"@id\":\"https:\\\/\\\/www.koonings.com\\\/de\\\/product\\\/enzoani-blue-collection-66-7\\\/#breadcrumb\"},\"inLanguage\":\"de\",\"potentialAction\":[{\"@type\":\"ReadAction\",\"target\":[\"https:\\\/\\\/www.koonings.com\\\/de\\\/product\\\/enzoani-blue-collection-66-7\\\/\"]}]},{\"@type\":\"ImageObject\",\"inLanguage\":\"de\",\"@id\":\"https:\\\/\\\/www.koonings.com\\\/de\\\/product\\\/enzoani-blue-collection-66-7\\\/#primaryimage\",\"url\":\"https:\\\/\\\/www.koonings.com\\\/wp-content\\\/uploads\\\/2024\\\/11\\\/37966_5092083c2a51355291b66cf7c98f15174f35289422792376b683a10d250eb8da7ac8c2cd.jpeg\",\"contentUrl\":\"https:\\\/\\\/www.koonings.com\\\/wp-content\\\/uploads\\\/2024\\\/11\\\/37966_5092083c2a51355291b66cf7c98f15174f35289422792376b683a10d250eb8da7ac8c2cd.jpeg\",\"width\":300,\"height\":450},{\"@type\":\"BreadcrumbList\",\"@id\":\"https:\\\/\\\/www.koonings.com\\\/de\\\/product\\\/enzoani-blue-collection-66-7\\\/#breadcrumb\",\"itemListElement\":[{\"@type\":\"ListItem\",\"position\":1,\"name\":\"Home\",\"item\":\"https:\\\/\\\/www.koonings.com\\\/de\\\/\"},{\"@type\":\"ListItem\",\"position\":2,\"name\":\"Enzoani Blue Collection 66\"}]},{\"@type\":\"WebSite\",\"@id\":\"https:\\\/\\\/www.koonings.com\\\/de\\\/#website\",\"url\":\"https:\\\/\\\/www.koonings.com\\\/de\\\/\",\"name\":\"Koonings\",\"description\":\"De grootste bruidsmodewinkel ter wereld\",\"publisher\":{\"@id\":\"https:\\\/\\\/www.koonings.com\\\/de\\\/#organization\"},\"potentialAction\":[{\"@type\":\"SearchAction\",\"target\":{\"@type\":\"EntryPoint\",\"urlTemplate\":\"https:\\\/\\\/www.koonings.com\\\/de\\\/?s={search_term_string}\"},\"query-input\":{\"@type\":\"PropertyValueSpecification\",\"valueRequired\":true,\"valueName\":\"search_term_string\"}}],\"inLanguage\":\"de\"},{\"@type\":\"Organization\",\"@id\":\"https:\\\/\\\/www.koonings.com\\\/de\\\/#organization\",\"name\":\"Koonings\",\"url\":\"https:\\\/\\\/www.koonings.com\\\/de\\\/\",\"logo\":{\"@type\":\"ImageObject\",\"inLanguage\":\"de\",\"@id\":\"https:\\\/\\\/www.koonings.com\\\/de\\\/#\\\/schema\\\/logo\\\/image\\\/\",\"url\":\"https:\\\/\\\/www.koonings.com\\\/wp-content\\\/uploads\\\/2024\\\/07\\\/logo.png\",\"contentUrl\":\"https:\\\/\\\/www.koonings.com\\\/wp-content\\\/uploads\\\/2024\\\/07\\\/logo.png\",\"width\":600,\"height\":428,\"caption\":\"Koonings\"},\"image\":{\"@id\":\"https:\\\/\\\/www.koonings.com\\\/de\\\/#\\\/schema\\\/logo\\\/image\\\/\"},\"sameAs\":[\"https:\\\/\\\/www.facebook.com\\\/kooningstheweddingpalace\",\"https:\\\/\\\/www.instagram.com\\\/kooningstheweddingpalace\",\"https:\\\/\\\/www.pinterest.com\\\/koonings\",\"https:\\\/\\\/www.youtube.com\\\/kooningstheweddingpalace\"]}]}<\/script>\n<!-- \/ Yoast SEO plugin. -->","yoast_head_json":{"title":"Enzoani Blue Collection 66 | Koonings","description":"Mit diesem figurbetonten Meerjungfrauenkleid f\u00fcr die Braut, die ihre Kurven und sexy Raffinesse zur Geltung bringen m\u00f6chte, ist Romantik wie aus dem Bilderbuch m\u00f6glich. Es ist mit weichen und romantischen, abnehmbaren T\u00fcll-Tr\u00e4gern an einem Mieder mit V-Ausschnitt und Sweetheart-Dekollet\u00e9 ausgestattet. Diese ma\u00dfgeschneiderte dicke florale Baumwollspitze schm\u00fcckt das Mieder dezent, um Ihren Oberk\u00f6rper zu formen, und umrahmt den R\u00fccken im Stil eines Illusionskorsetts mit verdeckten Kn\u00f6pfen f\u00fcr einen glamour\u00f6sen, modernen Touch, der den Blick auf die atemberaubende, kaskadenf\u00f6rmige Schleppe mit genau der richtigen Menge an vertr\u00e4umten Spitzendetails lenkt.","robots":{"index":"index","follow":"follow","max-snippet":"max-snippet:-1","max-image-preview":"max-image-preview:large","max-video-preview":"max-video-preview:-1"},"canonical":"https:\/\/www.koonings.com\/de\/product\/enzoani-blue-collection-66-7\/","og_locale":"de_DE","og_type":"article","og_title":"Enzoani Blue Collection 66 | Koonings","og_description":"Mit diesem figurbetonten Meerjungfrauenkleid f\u00fcr die Braut, die ihre Kurven und sexy Raffinesse zur Geltung bringen m\u00f6chte, ist Romantik wie aus dem Bilderbuch m\u00f6glich. Es ist mit weichen und romantischen, abnehmbaren T\u00fcll-Tr\u00e4gern an einem Mieder mit V-Ausschnitt und Sweetheart-Dekollet\u00e9 ausgestattet. Diese ma\u00dfgeschneiderte dicke florale Baumwollspitze schm\u00fcckt das Mieder dezent, um Ihren Oberk\u00f6rper zu formen, und umrahmt den R\u00fccken im Stil eines Illusionskorsetts mit verdeckten Kn\u00f6pfen f\u00fcr einen glamour\u00f6sen, modernen Touch, der den Blick auf die atemberaubende, kaskadenf\u00f6rmige Schleppe mit genau der richtigen Menge an vertr\u00e4umten Spitzendetails lenkt.","og_url":"https:\/\/www.koonings.com\/de\/product\/enzoani-blue-collection-66-7\/","og_site_name":"Koonings","article_publisher":"https:\/\/www.facebook.com\/kooningstheweddingpalace","og_image":[{"width":300,"height":450,"url":"https:\/\/www.koonings.com\/wp-content\/uploads\/2024\/11\/37966_5092083c2a51355291b66cf7c98f15174f35289422792376b683a10d250eb8da7ac8c2cd.jpeg","type":"image\/jpeg"}],"twitter_card":"summary_large_image","twitter_misc":{"Gesch\u00e4tzte Lesezeit":"1\u00a0Minute"},"schema":{"@context":"https:\/\/schema.org","@graph":[{"@type":"WebPage","@id":"https:\/\/www.koonings.com\/de\/product\/enzoani-blue-collection-66-7\/","url":"https:\/\/www.koonings.com\/de\/product\/enzoani-blue-collection-66-7\/","name":"Enzoani Blue Collection 66 | Koonings","isPartOf":{"@id":"https:\/\/www.koonings.com\/de\/#website"},"primaryImageOfPage":{"@id":"https:\/\/www.koonings.com\/de\/product\/enzoani-blue-collection-66-7\/#primaryimage"},"image":{"@id":"https:\/\/www.koonings.com\/de\/product\/enzoani-blue-collection-66-7\/#primaryimage"},"thumbnailUrl":"https:\/\/www.koonings.com\/wp-content\/uploads\/2024\/11\/37966_5092083c2a51355291b66cf7c98f15174f35289422792376b683a10d250eb8da7ac8c2cd.jpeg","datePublished":"2025-07-10T10:12:32+00:00","description":"Mit diesem figurbetonten Meerjungfrauenkleid f\u00fcr die Braut, die ihre Kurven und sexy Raffinesse zur Geltung bringen m\u00f6chte, ist Romantik wie aus dem Bilderbuch m\u00f6glich. Es ist mit weichen und romantischen, abnehmbaren T\u00fcll-Tr\u00e4gern an einem Mieder mit V-Ausschnitt und Sweetheart-Dekollet\u00e9 ausgestattet. Diese ma\u00dfgeschneiderte dicke florale Baumwollspitze schm\u00fcckt das Mieder dezent, um Ihren Oberk\u00f6rper zu formen, und umrahmt den R\u00fccken im Stil eines Illusionskorsetts mit verdeckten Kn\u00f6pfen f\u00fcr einen glamour\u00f6sen, modernen Touch, der den Blick auf die atemberaubende, kaskadenf\u00f6rmige Schleppe mit genau der richtigen Menge an vertr\u00e4umten Spitzendetails lenkt.","breadcrumb":{"@id":"https:\/\/www.koonings.com\/de\/product\/enzoani-blue-collection-66-7\/#breadcrumb"},"inLanguage":"de","potentialAction":[{"@type":"ReadAction","target":["https:\/\/www.koonings.com\/de\/product\/enzoani-blue-collection-66-7\/"]}]},{"@type":"ImageObject","inLanguage":"de","@id":"https:\/\/www.koonings.com\/de\/product\/enzoani-blue-collection-66-7\/#primaryimage","url":"https:\/\/www.koonings.com\/wp-content\/uploads\/2024\/11\/37966_5092083c2a51355291b66cf7c98f15174f35289422792376b683a10d250eb8da7ac8c2cd.jpeg","contentUrl":"https:\/\/www.koonings.com\/wp-content\/uploads\/2024\/11\/37966_5092083c2a51355291b66cf7c98f15174f35289422792376b683a10d250eb8da7ac8c2cd.jpeg","width":300,"height":450},{"@type":"BreadcrumbList","@id":"https:\/\/www.koonings.com\/de\/product\/enzoani-blue-collection-66-7\/#breadcrumb","itemListElement":[{"@type":"ListItem","position":1,"name":"Home","item":"https:\/\/www.koonings.com\/de\/"},{"@type":"ListItem","position":2,"name":"Enzoani Blue Collection 66"}]},{"@type":"WebSite","@id":"https:\/\/www.koonings.com\/de\/#website","url":"https:\/\/www.koonings.com\/de\/","name":"Koonings","description":"De grootste bruidsmodewinkel ter wereld","publisher":{"@id":"https:\/\/www.koonings.com\/de\/#organization"},"potentialAction":[{"@type":"SearchAction","target":{"@type":"EntryPoint","urlTemplate":"https:\/\/www.koonings.com\/de\/?s={search_term_string}"},"query-input":{"@type":"PropertyValueSpecification","valueRequired":true,"valueName":"search_term_string"}}],"inLanguage":"de"},{"@type":"Organization","@id":"https:\/\/www.koonings.com\/de\/#organization","name":"Koonings","url":"https:\/\/www.koonings.com\/de\/","logo":{"@type":"ImageObject","inLanguage":"de","@id":"https:\/\/www.koonings.com\/de\/#\/schema\/logo\/image\/","url":"https:\/\/www.koonings.com\/wp-content\/uploads\/2024\/07\/logo.png","contentUrl":"https:\/\/www.koonings.com\/wp-content\/uploads\/2024\/07\/logo.png","width":600,"height":428,"caption":"Koonings"},"image":{"@id":"https:\/\/www.koonings.com\/de\/#\/schema\/logo\/image\/"},"sameAs":["https:\/\/www.facebook.com\/kooningstheweddingpalace","https:\/\/www.instagram.com\/kooningstheweddingpalace","https:\/\/www.pinterest.com\/koonings","https:\/\/www.youtube.com\/kooningstheweddingpalace"]}]}},"_links":{"self":[{"href":"https:\/\/www.koonings.com\/de\/wp-json\/wp\/v2\/product\/56723","targetHints":{"allow":["GET"]}}],"collection":[{"href":"https:\/\/www.koonings.com\/de\/wp-json\/wp\/v2\/product"}],"about":[{"href":"https:\/\/www.koonings.com\/de\/wp-json\/wp\/v2\/types\/product"}],"wp:featuredmedia":[{"embeddable":true,"href":"https:\/\/www.koonings.com\/de\/wp-json\/wp\/v2\/media\/34510"}],"wp:attachment":[{"href":"https:\/\/www.koonings.com\/de\/wp-json\/wp\/v2\/media?parent=56723"}],"wp:term":[{"taxonomy":"productdetails","embeddable":true,"href":"https:\/\/www.koonings.com\/de\/wp-json\/wp\/v2\/productdetails?post=56723"},{"taxonomy":"productneck","embeddable":true,"href":"https:\/\/www.koonings.com\/de\/wp-json\/wp\/v2\/productneck?post=56723"},{"taxonomy":"productcolor","embeddable":true,"href":"https:\/\/www.koonings.com\/de\/wp-json\/wp\/v2\/productcolor?post=56723"},{"taxonomy":"maat","embeddable":true,"href":"https:\/\/www.koonings.com\/de\/wp-json\/wp\/v2\/maat?post=56723"},{"taxonomy":"productsupplier","embeddable":true,"href":"https:\/\/www.koonings.com\/de\/wp-json\/wp\/v2\/productsupplier?post=56723"},{"taxonomy":"productsleeve","embeddable":true,"href":"https:\/\/www.koonings.com\/de\/wp-json\/wp\/v2\/productsleeve?post=56723"},{"taxonomy":"productcategory","embeddable":true,"href":"https:\/\/www.koonings.com\/de\/wp-json\/wp\/v2\/productcategory?post=56723"},{"taxonomy":"productsilhouette","embeddable":true,"href":"https:\/\/www.koonings.com\/de\/wp-json\/wp\/v2\/productsilhouette?post=56723"},{"taxonomy":"productstyle","embeddable":true,"href":"https:\/\/www.koonings.com\/de\/wp-json\/wp\/v2\/productstyle?post=56723"}],"curies":[{"name":"wp","href":"https:\/\/api.w.org\/{rel}","templated":true}]}}