{"id":56680,"date":"2025-12-15T00:12:52","date_gmt":"2025-12-14T23:12:52","guid":{"rendered":"https:\/\/www.koonings.com\/product\/ramona-koonings-couture-kn2335-1-lissabon\/"},"modified":"2026-02-03T18:06:38","modified_gmt":"2026-02-03T17:06:38","slug":"ramona-koonings-couture-kn2335-1-lissabon","status":"publish","type":"product","link":"https:\/\/www.koonings.com\/de\/product\/ramona-koonings-couture-kn2335-1-lissabon\/","title":{"rendered":"Ramona Koonings Couture KN2335-1 Lissabon"},"content":{"rendered":"<p>Ein wundersch\u00f6nes Plussize-Hochzeitskleid mit einem romantischen weiten T\u00fcll-Rock. Das Mieder hat einen sch\u00f6n geformten Ausschnitt und Schultertr\u00e4ger, die auch schulterfrei getragen werden k\u00f6nnen. Die h\u00fcbschen Blumenapplikationen auf dem Mieder und dem Rock betonen die femininen Formen zus\u00e4tzlich. Dennoch hat das Kleid durch die kleinen Sprenkel im T\u00fcll auch etwas Funkelndes.   <\/p>\n","protected":false},"featured_media":34714,"template":"","meta":{"_acf_changed":false,"ghostkit_customizer_options":"","ghostkit_custom_css":"","ghostkit_custom_js_head":"","ghostkit_custom_js_foot":"","ghostkit_typography":""},"productdetails":[],"productneck":[355],"productcolor":[392],"maat":[375],"productsupplier":[419],"productsleeve":[359,363],"productcategory":[18],"productsilhouette":[384],"productstyle":[367],"class_list":["post-56680","product","type-product","status-publish","has-post-thumbnail","hentry","productneck-355","productcolor-392","maat-375","productsupplier-ramona-koonings-couture","productsleeve-359","productsleeve-363","productcategory-trouwjurken","productsilhouette-384","productstyle-367"],"acf":[],"yoast_head":"<!-- This site is optimized with the Yoast SEO plugin v27.3 - https:\/\/yoast.com\/product\/yoast-seo-wordpress\/ -->\n<title>Ramona Koonings Couture KN2335-1 Lissabon | Koonings<\/title>\n<meta name=\"description\" content=\"Ein wundersch\u00f6nes Plussize-Hochzeitskleid mit einem romantischen weiten T\u00fcll-Rock. Das Mieder hat einen sch\u00f6n geformten Ausschnitt und Schultertr\u00e4ger, die auch schulterfrei getragen werden k\u00f6nnen. Die h\u00fcbschen Blumenapplikationen auf dem Mieder und dem Rock betonen die femininen Formen zus\u00e4tzlich. Dennoch hat das Kleid durch die kleinen Sprenkel im T\u00fcll auch etwas Funkelndes.\" \/>\n<meta name=\"robots\" content=\"index, follow, max-snippet:-1, max-image-preview:large, max-video-preview:-1\" \/>\n<link rel=\"canonical\" href=\"https:\/\/www.koonings.com\/de\/product\/ramona-koonings-couture-kn2335-1-lissabon\/\" \/>\n<meta property=\"og:locale\" content=\"de_DE\" \/>\n<meta property=\"og:type\" content=\"article\" \/>\n<meta property=\"og:title\" content=\"Ramona Koonings Couture KN2335-1 Lissabon | Koonings\" \/>\n<meta property=\"og:description\" content=\"Ein wundersch\u00f6nes Plussize-Hochzeitskleid mit einem romantischen weiten T\u00fcll-Rock. Das Mieder hat einen sch\u00f6n geformten Ausschnitt und Schultertr\u00e4ger, die auch schulterfrei getragen werden k\u00f6nnen. Die h\u00fcbschen Blumenapplikationen auf dem Mieder und dem Rock betonen die femininen Formen zus\u00e4tzlich. Dennoch hat das Kleid durch die kleinen Sprenkel im T\u00fcll auch etwas Funkelndes.\" \/>\n<meta property=\"og:url\" content=\"https:\/\/www.koonings.com\/de\/product\/ramona-koonings-couture-kn2335-1-lissabon\/\" \/>\n<meta property=\"og:site_name\" content=\"Koonings\" \/>\n<meta property=\"article:publisher\" content=\"https:\/\/www.facebook.com\/kooningstheweddingpalace\" \/>\n<meta property=\"article:modified_time\" content=\"2026-02-03T17:06:38+00:00\" \/>\n<meta property=\"og:image\" content=\"https:\/\/www.koonings.com\/wp-content\/uploads\/2024\/11\/38000_71e36b67599b52fcfceb326db7402fad0bdc49c3f03ba272fcfc776fb1279e190457f6f1.jpeg\" \/>\n\t<meta property=\"og:image:width\" content=\"1722\" \/>\n\t<meta property=\"og:image:height\" content=\"2431\" \/>\n\t<meta property=\"og:image:type\" content=\"image\/jpeg\" \/>\n<meta name=\"twitter:card\" content=\"summary_large_image\" \/>\n<script type=\"application\/ld+json\" class=\"yoast-schema-graph\">{\"@context\":\"https:\\\/\\\/schema.org\",\"@graph\":[{\"@type\":\"WebPage\",\"@id\":\"https:\\\/\\\/www.koonings.com\\\/de\\\/product\\\/ramona-koonings-couture-kn2335-1-lissabon\\\/\",\"url\":\"https:\\\/\\\/www.koonings.com\\\/de\\\/product\\\/ramona-koonings-couture-kn2335-1-lissabon\\\/\",\"name\":\"Ramona Koonings Couture KN2335-1 Lissabon | Koonings\",\"isPartOf\":{\"@id\":\"https:\\\/\\\/www.koonings.com\\\/de\\\/#website\"},\"primaryImageOfPage\":{\"@id\":\"https:\\\/\\\/www.koonings.com\\\/de\\\/product\\\/ramona-koonings-couture-kn2335-1-lissabon\\\/#primaryimage\"},\"image\":{\"@id\":\"https:\\\/\\\/www.koonings.com\\\/de\\\/product\\\/ramona-koonings-couture-kn2335-1-lissabon\\\/#primaryimage\"},\"thumbnailUrl\":\"https:\\\/\\\/www.koonings.com\\\/wp-content\\\/uploads\\\/2024\\\/11\\\/38000_71e36b67599b52fcfceb326db7402fad0bdc49c3f03ba272fcfc776fb1279e190457f6f1.jpeg\",\"datePublished\":\"2025-12-14T23:12:52+00:00\",\"dateModified\":\"2026-02-03T17:06:38+00:00\",\"description\":\"Ein wundersch\u00f6nes Plussize-Hochzeitskleid mit einem romantischen weiten T\u00fcll-Rock. Das Mieder hat einen sch\u00f6n geformten Ausschnitt und Schultertr\u00e4ger, die auch schulterfrei getragen werden k\u00f6nnen. Die h\u00fcbschen Blumenapplikationen auf dem Mieder und dem Rock betonen die femininen Formen zus\u00e4tzlich. Dennoch hat das Kleid durch die kleinen Sprenkel im T\u00fcll auch etwas Funkelndes.\",\"breadcrumb\":{\"@id\":\"https:\\\/\\\/www.koonings.com\\\/de\\\/product\\\/ramona-koonings-couture-kn2335-1-lissabon\\\/#breadcrumb\"},\"inLanguage\":\"de\",\"potentialAction\":[{\"@type\":\"ReadAction\",\"target\":[\"https:\\\/\\\/www.koonings.com\\\/de\\\/product\\\/ramona-koonings-couture-kn2335-1-lissabon\\\/\"]}]},{\"@type\":\"ImageObject\",\"inLanguage\":\"de\",\"@id\":\"https:\\\/\\\/www.koonings.com\\\/de\\\/product\\\/ramona-koonings-couture-kn2335-1-lissabon\\\/#primaryimage\",\"url\":\"https:\\\/\\\/www.koonings.com\\\/wp-content\\\/uploads\\\/2024\\\/11\\\/38000_71e36b67599b52fcfceb326db7402fad0bdc49c3f03ba272fcfc776fb1279e190457f6f1.jpeg\",\"contentUrl\":\"https:\\\/\\\/www.koonings.com\\\/wp-content\\\/uploads\\\/2024\\\/11\\\/38000_71e36b67599b52fcfceb326db7402fad0bdc49c3f03ba272fcfc776fb1279e190457f6f1.jpeg\",\"width\":1722,\"height\":2431},{\"@type\":\"BreadcrumbList\",\"@id\":\"https:\\\/\\\/www.koonings.com\\\/de\\\/product\\\/ramona-koonings-couture-kn2335-1-lissabon\\\/#breadcrumb\",\"itemListElement\":[{\"@type\":\"ListItem\",\"position\":1,\"name\":\"Home\",\"item\":\"https:\\\/\\\/www.koonings.com\\\/de\\\/\"},{\"@type\":\"ListItem\",\"position\":2,\"name\":\"Ramona Koonings Couture KN2335-1 Lissabon\"}]},{\"@type\":\"WebSite\",\"@id\":\"https:\\\/\\\/www.koonings.com\\\/de\\\/#website\",\"url\":\"https:\\\/\\\/www.koonings.com\\\/de\\\/\",\"name\":\"Koonings\",\"description\":\"De grootste bruidsmodewinkel ter wereld\",\"publisher\":{\"@id\":\"https:\\\/\\\/www.koonings.com\\\/de\\\/#organization\"},\"potentialAction\":[{\"@type\":\"SearchAction\",\"target\":{\"@type\":\"EntryPoint\",\"urlTemplate\":\"https:\\\/\\\/www.koonings.com\\\/de\\\/?s={search_term_string}\"},\"query-input\":{\"@type\":\"PropertyValueSpecification\",\"valueRequired\":true,\"valueName\":\"search_term_string\"}}],\"inLanguage\":\"de\"},{\"@type\":\"Organization\",\"@id\":\"https:\\\/\\\/www.koonings.com\\\/de\\\/#organization\",\"name\":\"Koonings\",\"url\":\"https:\\\/\\\/www.koonings.com\\\/de\\\/\",\"logo\":{\"@type\":\"ImageObject\",\"inLanguage\":\"de\",\"@id\":\"https:\\\/\\\/www.koonings.com\\\/de\\\/#\\\/schema\\\/logo\\\/image\\\/\",\"url\":\"https:\\\/\\\/www.koonings.com\\\/wp-content\\\/uploads\\\/2024\\\/07\\\/logo.png\",\"contentUrl\":\"https:\\\/\\\/www.koonings.com\\\/wp-content\\\/uploads\\\/2024\\\/07\\\/logo.png\",\"width\":600,\"height\":428,\"caption\":\"Koonings\"},\"image\":{\"@id\":\"https:\\\/\\\/www.koonings.com\\\/de\\\/#\\\/schema\\\/logo\\\/image\\\/\"},\"sameAs\":[\"https:\\\/\\\/www.facebook.com\\\/kooningstheweddingpalace\",\"https:\\\/\\\/www.instagram.com\\\/kooningstheweddingpalace\",\"https:\\\/\\\/www.pinterest.com\\\/koonings\",\"https:\\\/\\\/www.youtube.com\\\/kooningstheweddingpalace\"]}]}<\/script>\n<!-- \/ Yoast SEO plugin. -->","yoast_head_json":{"title":"Ramona Koonings Couture KN2335-1 Lissabon | Koonings","description":"Ein wundersch\u00f6nes Plussize-Hochzeitskleid mit einem romantischen weiten T\u00fcll-Rock. Das Mieder hat einen sch\u00f6n geformten Ausschnitt und Schultertr\u00e4ger, die auch schulterfrei getragen werden k\u00f6nnen. Die h\u00fcbschen Blumenapplikationen auf dem Mieder und dem Rock betonen die femininen Formen zus\u00e4tzlich. Dennoch hat das Kleid durch die kleinen Sprenkel im T\u00fcll auch etwas Funkelndes.","robots":{"index":"index","follow":"follow","max-snippet":"max-snippet:-1","max-image-preview":"max-image-preview:large","max-video-preview":"max-video-preview:-1"},"canonical":"https:\/\/www.koonings.com\/de\/product\/ramona-koonings-couture-kn2335-1-lissabon\/","og_locale":"de_DE","og_type":"article","og_title":"Ramona Koonings Couture KN2335-1 Lissabon | Koonings","og_description":"Ein wundersch\u00f6nes Plussize-Hochzeitskleid mit einem romantischen weiten T\u00fcll-Rock. Das Mieder hat einen sch\u00f6n geformten Ausschnitt und Schultertr\u00e4ger, die auch schulterfrei getragen werden k\u00f6nnen. Die h\u00fcbschen Blumenapplikationen auf dem Mieder und dem Rock betonen die femininen Formen zus\u00e4tzlich. Dennoch hat das Kleid durch die kleinen Sprenkel im T\u00fcll auch etwas Funkelndes.","og_url":"https:\/\/www.koonings.com\/de\/product\/ramona-koonings-couture-kn2335-1-lissabon\/","og_site_name":"Koonings","article_publisher":"https:\/\/www.facebook.com\/kooningstheweddingpalace","article_modified_time":"2026-02-03T17:06:38+00:00","og_image":[{"width":1722,"height":2431,"url":"https:\/\/www.koonings.com\/wp-content\/uploads\/2024\/11\/38000_71e36b67599b52fcfceb326db7402fad0bdc49c3f03ba272fcfc776fb1279e190457f6f1.jpeg","type":"image\/jpeg"}],"twitter_card":"summary_large_image","schema":{"@context":"https:\/\/schema.org","@graph":[{"@type":"WebPage","@id":"https:\/\/www.koonings.com\/de\/product\/ramona-koonings-couture-kn2335-1-lissabon\/","url":"https:\/\/www.koonings.com\/de\/product\/ramona-koonings-couture-kn2335-1-lissabon\/","name":"Ramona Koonings Couture KN2335-1 Lissabon | Koonings","isPartOf":{"@id":"https:\/\/www.koonings.com\/de\/#website"},"primaryImageOfPage":{"@id":"https:\/\/www.koonings.com\/de\/product\/ramona-koonings-couture-kn2335-1-lissabon\/#primaryimage"},"image":{"@id":"https:\/\/www.koonings.com\/de\/product\/ramona-koonings-couture-kn2335-1-lissabon\/#primaryimage"},"thumbnailUrl":"https:\/\/www.koonings.com\/wp-content\/uploads\/2024\/11\/38000_71e36b67599b52fcfceb326db7402fad0bdc49c3f03ba272fcfc776fb1279e190457f6f1.jpeg","datePublished":"2025-12-14T23:12:52+00:00","dateModified":"2026-02-03T17:06:38+00:00","description":"Ein wundersch\u00f6nes Plussize-Hochzeitskleid mit einem romantischen weiten T\u00fcll-Rock. Das Mieder hat einen sch\u00f6n geformten Ausschnitt und Schultertr\u00e4ger, die auch schulterfrei getragen werden k\u00f6nnen. Die h\u00fcbschen Blumenapplikationen auf dem Mieder und dem Rock betonen die femininen Formen zus\u00e4tzlich. Dennoch hat das Kleid durch die kleinen Sprenkel im T\u00fcll auch etwas Funkelndes.","breadcrumb":{"@id":"https:\/\/www.koonings.com\/de\/product\/ramona-koonings-couture-kn2335-1-lissabon\/#breadcrumb"},"inLanguage":"de","potentialAction":[{"@type":"ReadAction","target":["https:\/\/www.koonings.com\/de\/product\/ramona-koonings-couture-kn2335-1-lissabon\/"]}]},{"@type":"ImageObject","inLanguage":"de","@id":"https:\/\/www.koonings.com\/de\/product\/ramona-koonings-couture-kn2335-1-lissabon\/#primaryimage","url":"https:\/\/www.koonings.com\/wp-content\/uploads\/2024\/11\/38000_71e36b67599b52fcfceb326db7402fad0bdc49c3f03ba272fcfc776fb1279e190457f6f1.jpeg","contentUrl":"https:\/\/www.koonings.com\/wp-content\/uploads\/2024\/11\/38000_71e36b67599b52fcfceb326db7402fad0bdc49c3f03ba272fcfc776fb1279e190457f6f1.jpeg","width":1722,"height":2431},{"@type":"BreadcrumbList","@id":"https:\/\/www.koonings.com\/de\/product\/ramona-koonings-couture-kn2335-1-lissabon\/#breadcrumb","itemListElement":[{"@type":"ListItem","position":1,"name":"Home","item":"https:\/\/www.koonings.com\/de\/"},{"@type":"ListItem","position":2,"name":"Ramona Koonings Couture KN2335-1 Lissabon"}]},{"@type":"WebSite","@id":"https:\/\/www.koonings.com\/de\/#website","url":"https:\/\/www.koonings.com\/de\/","name":"Koonings","description":"De grootste bruidsmodewinkel ter wereld","publisher":{"@id":"https:\/\/www.koonings.com\/de\/#organization"},"potentialAction":[{"@type":"SearchAction","target":{"@type":"EntryPoint","urlTemplate":"https:\/\/www.koonings.com\/de\/?s={search_term_string}"},"query-input":{"@type":"PropertyValueSpecification","valueRequired":true,"valueName":"search_term_string"}}],"inLanguage":"de"},{"@type":"Organization","@id":"https:\/\/www.koonings.com\/de\/#organization","name":"Koonings","url":"https:\/\/www.koonings.com\/de\/","logo":{"@type":"ImageObject","inLanguage":"de","@id":"https:\/\/www.koonings.com\/de\/#\/schema\/logo\/image\/","url":"https:\/\/www.koonings.com\/wp-content\/uploads\/2024\/07\/logo.png","contentUrl":"https:\/\/www.koonings.com\/wp-content\/uploads\/2024\/07\/logo.png","width":600,"height":428,"caption":"Koonings"},"image":{"@id":"https:\/\/www.koonings.com\/de\/#\/schema\/logo\/image\/"},"sameAs":["https:\/\/www.facebook.com\/kooningstheweddingpalace","https:\/\/www.instagram.com\/kooningstheweddingpalace","https:\/\/www.pinterest.com\/koonings","https:\/\/www.youtube.com\/kooningstheweddingpalace"]}]}},"_links":{"self":[{"href":"https:\/\/www.koonings.com\/de\/wp-json\/wp\/v2\/product\/56680","targetHints":{"allow":["GET"]}}],"collection":[{"href":"https:\/\/www.koonings.com\/de\/wp-json\/wp\/v2\/product"}],"about":[{"href":"https:\/\/www.koonings.com\/de\/wp-json\/wp\/v2\/types\/product"}],"wp:featuredmedia":[{"embeddable":true,"href":"https:\/\/www.koonings.com\/de\/wp-json\/wp\/v2\/media\/34714"}],"wp:attachment":[{"href":"https:\/\/www.koonings.com\/de\/wp-json\/wp\/v2\/media?parent=56680"}],"wp:term":[{"taxonomy":"productdetails","embeddable":true,"href":"https:\/\/www.koonings.com\/de\/wp-json\/wp\/v2\/productdetails?post=56680"},{"taxonomy":"productneck","embeddable":true,"href":"https:\/\/www.koonings.com\/de\/wp-json\/wp\/v2\/productneck?post=56680"},{"taxonomy":"productcolor","embeddable":true,"href":"https:\/\/www.koonings.com\/de\/wp-json\/wp\/v2\/productcolor?post=56680"},{"taxonomy":"maat","embeddable":true,"href":"https:\/\/www.koonings.com\/de\/wp-json\/wp\/v2\/maat?post=56680"},{"taxonomy":"productsupplier","embeddable":true,"href":"https:\/\/www.koonings.com\/de\/wp-json\/wp\/v2\/productsupplier?post=56680"},{"taxonomy":"productsleeve","embeddable":true,"href":"https:\/\/www.koonings.com\/de\/wp-json\/wp\/v2\/productsleeve?post=56680"},{"taxonomy":"productcategory","embeddable":true,"href":"https:\/\/www.koonings.com\/de\/wp-json\/wp\/v2\/productcategory?post=56680"},{"taxonomy":"productsilhouette","embeddable":true,"href":"https:\/\/www.koonings.com\/de\/wp-json\/wp\/v2\/productsilhouette?post=56680"},{"taxonomy":"productstyle","embeddable":true,"href":"https:\/\/www.koonings.com\/de\/wp-json\/wp\/v2\/productstyle?post=56680"}],"curies":[{"name":"wp","href":"https:\/\/api.w.org\/{rel}","templated":true}]}}