{"id":56659,"date":"2026-03-27T16:08:47","date_gmt":"2026-03-27T15:08:47","guid":{"rendered":"https:\/\/www.koonings.com\/product\/ramona-koonings-couture-kn2338-1-shanghai\/"},"modified":"2026-02-16T14:34:11","modified_gmt":"2026-02-16T13:34:11","slug":"ramona-koonings-couture-kn2338-1-shanghai","status":"publish","type":"product","link":"https:\/\/www.koonings.com\/de\/product\/ramona-koonings-couture-kn2338-1-shanghai\/","title":{"rendered":"Ramona Koonings Couture KN2338-1 Shanghai"},"content":{"rendered":"<p>Ein modernes, pl\u00fcschiges A-Linien-Brautkleid aus Spitze und T\u00fcll. Das Mieder hat einen herzf\u00f6rmigen Ausschnitt und ist schulterfrei. Das Oberteil ist reichlich mit kleinen Blumenapplikationen verziert, die sich auch h\u00e4ufig auf dem Rock wiederfinden. Bei jeder Bewegung funkelt das gesamte Kleid, da winzige Glitzersteine in den T\u00fcll eingearbeitet sind.   <\/p>\n","protected":false},"featured_media":34812,"template":"","meta":{"_acf_changed":false,"ghostkit_customizer_options":"","ghostkit_custom_css":"","ghostkit_custom_js_head":"","ghostkit_custom_js_foot":"","ghostkit_typography":""},"productdetails":[],"productneck":[355],"productcolor":[393,392],"maat":[375],"productsupplier":[419],"productsleeve":[359,363],"productcategory":[18],"productsilhouette":[384],"productstyle":[367],"class_list":["post-56659","product","type-product","status-publish","has-post-thumbnail","hentry","productneck-355","productcolor-393","productcolor-392","maat-375","productsupplier-ramona-koonings-couture","productsleeve-359","productsleeve-363","productcategory-trouwjurken","productsilhouette-384","productstyle-367"],"acf":[],"yoast_head":"<!-- This site is optimized with the Yoast SEO plugin v26.8 - https:\/\/yoast.com\/product\/yoast-seo-wordpress\/ -->\n<title>Ramona Koonings Couture KN2338-1 Shanghai | Koonings<\/title>\n<meta name=\"description\" content=\"Ein modernes, pl\u00fcschiges A-Linien-Brautkleid aus Spitze und T\u00fcll. Das Mieder hat einen herzf\u00f6rmigen Ausschnitt und ist schulterfrei. Das Oberteil ist reichlich mit kleinen Blumenapplikationen verziert, die sich auch h\u00e4ufig auf dem Rock wiederfinden. Bei jeder Bewegung funkelt das gesamte Kleid, da winzige Glitzersteine in den T\u00fcll eingearbeitet sind.\" \/>\n<meta name=\"robots\" content=\"index, follow, max-snippet:-1, max-image-preview:large, max-video-preview:-1\" \/>\n<link rel=\"canonical\" href=\"https:\/\/www.koonings.com\/de\/product\/ramona-koonings-couture-kn2338-1-shanghai\/\" \/>\n<meta property=\"og:locale\" content=\"de_DE\" \/>\n<meta property=\"og:type\" content=\"article\" \/>\n<meta property=\"og:title\" content=\"Ramona Koonings Couture KN2338-1 Shanghai | Koonings\" \/>\n<meta property=\"og:description\" content=\"Ein modernes, pl\u00fcschiges A-Linien-Brautkleid aus Spitze und T\u00fcll. Das Mieder hat einen herzf\u00f6rmigen Ausschnitt und ist schulterfrei. Das Oberteil ist reichlich mit kleinen Blumenapplikationen verziert, die sich auch h\u00e4ufig auf dem Rock wiederfinden. Bei jeder Bewegung funkelt das gesamte Kleid, da winzige Glitzersteine in den T\u00fcll eingearbeitet sind.\" \/>\n<meta property=\"og:url\" content=\"https:\/\/www.koonings.com\/de\/product\/ramona-koonings-couture-kn2338-1-shanghai\/\" \/>\n<meta property=\"og:site_name\" content=\"Koonings\" \/>\n<meta property=\"article:publisher\" content=\"https:\/\/www.facebook.com\/kooningstheweddingpalace\" \/>\n<meta property=\"og:image\" content=\"https:\/\/www.koonings.com\/wp-content\/uploads\/2024\/11\/38007_95d038df6c0a7f9a5b404a8722707cac8537c66aab06f1c538f2e3f540c49c376e66f9d0.jpeg\" \/>\n\t<meta property=\"og:image:width\" content=\"1805\" \/>\n\t<meta property=\"og:image:height\" content=\"2557\" \/>\n\t<meta property=\"og:image:type\" content=\"image\/jpeg\" \/>\n<meta name=\"twitter:card\" content=\"summary_large_image\" \/>\n<script type=\"application\/ld+json\" class=\"yoast-schema-graph\">{\"@context\":\"https:\/\/schema.org\",\"@graph\":[{\"@type\":\"WebPage\",\"@id\":\"https:\/\/www.koonings.com\/de\/product\/ramona-koonings-couture-kn2338-1-shanghai\/\",\"url\":\"https:\/\/www.koonings.com\/de\/product\/ramona-koonings-couture-kn2338-1-shanghai\/\",\"name\":\"Ramona Koonings Couture KN2338-1 Shanghai | Koonings\",\"isPartOf\":{\"@id\":\"https:\/\/www.koonings.com\/de\/#website\"},\"primaryImageOfPage\":{\"@id\":\"https:\/\/www.koonings.com\/de\/product\/ramona-koonings-couture-kn2338-1-shanghai\/#primaryimage\"},\"image\":{\"@id\":\"https:\/\/www.koonings.com\/de\/product\/ramona-koonings-couture-kn2338-1-shanghai\/#primaryimage\"},\"thumbnailUrl\":\"https:\/\/www.koonings.com\/wp-content\/uploads\/2024\/11\/38007_95d038df6c0a7f9a5b404a8722707cac8537c66aab06f1c538f2e3f540c49c376e66f9d0.jpeg\",\"datePublished\":\"2026-03-27T15:08:47+00:00\",\"description\":\"Ein modernes, pl\u00fcschiges A-Linien-Brautkleid aus Spitze und T\u00fcll. Das Mieder hat einen herzf\u00f6rmigen Ausschnitt und ist schulterfrei. Das Oberteil ist reichlich mit kleinen Blumenapplikationen verziert, die sich auch h\u00e4ufig auf dem Rock wiederfinden. Bei jeder Bewegung funkelt das gesamte Kleid, da winzige Glitzersteine in den T\u00fcll eingearbeitet sind.\",\"breadcrumb\":{\"@id\":\"https:\/\/www.koonings.com\/de\/product\/ramona-koonings-couture-kn2338-1-shanghai\/#breadcrumb\"},\"inLanguage\":\"de\",\"potentialAction\":[{\"@type\":\"ReadAction\",\"target\":[\"https:\/\/www.koonings.com\/de\/product\/ramona-koonings-couture-kn2338-1-shanghai\/\"]}]},{\"@type\":\"ImageObject\",\"inLanguage\":\"de\",\"@id\":\"https:\/\/www.koonings.com\/de\/product\/ramona-koonings-couture-kn2338-1-shanghai\/#primaryimage\",\"url\":\"https:\/\/www.koonings.com\/wp-content\/uploads\/2024\/11\/38007_95d038df6c0a7f9a5b404a8722707cac8537c66aab06f1c538f2e3f540c49c376e66f9d0.jpeg\",\"contentUrl\":\"https:\/\/www.koonings.com\/wp-content\/uploads\/2024\/11\/38007_95d038df6c0a7f9a5b404a8722707cac8537c66aab06f1c538f2e3f540c49c376e66f9d0.jpeg\",\"width\":1805,\"height\":2557},{\"@type\":\"BreadcrumbList\",\"@id\":\"https:\/\/www.koonings.com\/de\/product\/ramona-koonings-couture-kn2338-1-shanghai\/#breadcrumb\",\"itemListElement\":[{\"@type\":\"ListItem\",\"position\":1,\"name\":\"Home\",\"item\":\"https:\/\/www.koonings.com\/de\/\"},{\"@type\":\"ListItem\",\"position\":2,\"name\":\"Ramona Koonings Couture KN2338-1 Shanghai\"}]},{\"@type\":\"WebSite\",\"@id\":\"https:\/\/www.koonings.com\/de\/#website\",\"url\":\"https:\/\/www.koonings.com\/de\/\",\"name\":\"Koonings\",\"description\":\"De grootste bruidsmodewinkel ter wereld\",\"publisher\":{\"@id\":\"https:\/\/www.koonings.com\/de\/#organization\"},\"potentialAction\":[{\"@type\":\"SearchAction\",\"target\":{\"@type\":\"EntryPoint\",\"urlTemplate\":\"https:\/\/www.koonings.com\/de\/?s={search_term_string}\"},\"query-input\":{\"@type\":\"PropertyValueSpecification\",\"valueRequired\":true,\"valueName\":\"search_term_string\"}}],\"inLanguage\":\"de\"},{\"@type\":\"Organization\",\"@id\":\"https:\/\/www.koonings.com\/de\/#organization\",\"name\":\"Koonings\",\"url\":\"https:\/\/www.koonings.com\/de\/\",\"logo\":{\"@type\":\"ImageObject\",\"inLanguage\":\"de\",\"@id\":\"https:\/\/www.koonings.com\/de\/#\/schema\/logo\/image\/\",\"url\":\"https:\/\/www.koonings.com\/wp-content\/uploads\/2024\/07\/logo.png\",\"contentUrl\":\"https:\/\/www.koonings.com\/wp-content\/uploads\/2024\/07\/logo.png\",\"width\":600,\"height\":428,\"caption\":\"Koonings\"},\"image\":{\"@id\":\"https:\/\/www.koonings.com\/de\/#\/schema\/logo\/image\/\"},\"sameAs\":[\"https:\/\/www.facebook.com\/kooningstheweddingpalace\",\"https:\/\/www.instagram.com\/kooningstheweddingpalace\",\"https:\/\/www.pinterest.com\/koonings\",\"https:\/\/www.youtube.com\/kooningstheweddingpalace\"]}]}<\/script>\n<!-- \/ Yoast SEO plugin. -->","yoast_head_json":{"title":"Ramona Koonings Couture KN2338-1 Shanghai | Koonings","description":"Ein modernes, pl\u00fcschiges A-Linien-Brautkleid aus Spitze und T\u00fcll. Das Mieder hat einen herzf\u00f6rmigen Ausschnitt und ist schulterfrei. Das Oberteil ist reichlich mit kleinen Blumenapplikationen verziert, die sich auch h\u00e4ufig auf dem Rock wiederfinden. Bei jeder Bewegung funkelt das gesamte Kleid, da winzige Glitzersteine in den T\u00fcll eingearbeitet sind.","robots":{"index":"index","follow":"follow","max-snippet":"max-snippet:-1","max-image-preview":"max-image-preview:large","max-video-preview":"max-video-preview:-1"},"canonical":"https:\/\/www.koonings.com\/de\/product\/ramona-koonings-couture-kn2338-1-shanghai\/","og_locale":"de_DE","og_type":"article","og_title":"Ramona Koonings Couture KN2338-1 Shanghai | Koonings","og_description":"Ein modernes, pl\u00fcschiges A-Linien-Brautkleid aus Spitze und T\u00fcll. Das Mieder hat einen herzf\u00f6rmigen Ausschnitt und ist schulterfrei. Das Oberteil ist reichlich mit kleinen Blumenapplikationen verziert, die sich auch h\u00e4ufig auf dem Rock wiederfinden. Bei jeder Bewegung funkelt das gesamte Kleid, da winzige Glitzersteine in den T\u00fcll eingearbeitet sind.","og_url":"https:\/\/www.koonings.com\/de\/product\/ramona-koonings-couture-kn2338-1-shanghai\/","og_site_name":"Koonings","article_publisher":"https:\/\/www.facebook.com\/kooningstheweddingpalace","og_image":[{"width":1805,"height":2557,"url":"https:\/\/www.koonings.com\/wp-content\/uploads\/2024\/11\/38007_95d038df6c0a7f9a5b404a8722707cac8537c66aab06f1c538f2e3f540c49c376e66f9d0.jpeg","type":"image\/jpeg"}],"twitter_card":"summary_large_image","schema":{"@context":"https:\/\/schema.org","@graph":[{"@type":"WebPage","@id":"https:\/\/www.koonings.com\/de\/product\/ramona-koonings-couture-kn2338-1-shanghai\/","url":"https:\/\/www.koonings.com\/de\/product\/ramona-koonings-couture-kn2338-1-shanghai\/","name":"Ramona Koonings Couture KN2338-1 Shanghai | Koonings","isPartOf":{"@id":"https:\/\/www.koonings.com\/de\/#website"},"primaryImageOfPage":{"@id":"https:\/\/www.koonings.com\/de\/product\/ramona-koonings-couture-kn2338-1-shanghai\/#primaryimage"},"image":{"@id":"https:\/\/www.koonings.com\/de\/product\/ramona-koonings-couture-kn2338-1-shanghai\/#primaryimage"},"thumbnailUrl":"https:\/\/www.koonings.com\/wp-content\/uploads\/2024\/11\/38007_95d038df6c0a7f9a5b404a8722707cac8537c66aab06f1c538f2e3f540c49c376e66f9d0.jpeg","datePublished":"2026-03-27T15:08:47+00:00","description":"Ein modernes, pl\u00fcschiges A-Linien-Brautkleid aus Spitze und T\u00fcll. Das Mieder hat einen herzf\u00f6rmigen Ausschnitt und ist schulterfrei. Das Oberteil ist reichlich mit kleinen Blumenapplikationen verziert, die sich auch h\u00e4ufig auf dem Rock wiederfinden. Bei jeder Bewegung funkelt das gesamte Kleid, da winzige Glitzersteine in den T\u00fcll eingearbeitet sind.","breadcrumb":{"@id":"https:\/\/www.koonings.com\/de\/product\/ramona-koonings-couture-kn2338-1-shanghai\/#breadcrumb"},"inLanguage":"de","potentialAction":[{"@type":"ReadAction","target":["https:\/\/www.koonings.com\/de\/product\/ramona-koonings-couture-kn2338-1-shanghai\/"]}]},{"@type":"ImageObject","inLanguage":"de","@id":"https:\/\/www.koonings.com\/de\/product\/ramona-koonings-couture-kn2338-1-shanghai\/#primaryimage","url":"https:\/\/www.koonings.com\/wp-content\/uploads\/2024\/11\/38007_95d038df6c0a7f9a5b404a8722707cac8537c66aab06f1c538f2e3f540c49c376e66f9d0.jpeg","contentUrl":"https:\/\/www.koonings.com\/wp-content\/uploads\/2024\/11\/38007_95d038df6c0a7f9a5b404a8722707cac8537c66aab06f1c538f2e3f540c49c376e66f9d0.jpeg","width":1805,"height":2557},{"@type":"BreadcrumbList","@id":"https:\/\/www.koonings.com\/de\/product\/ramona-koonings-couture-kn2338-1-shanghai\/#breadcrumb","itemListElement":[{"@type":"ListItem","position":1,"name":"Home","item":"https:\/\/www.koonings.com\/de\/"},{"@type":"ListItem","position":2,"name":"Ramona Koonings Couture KN2338-1 Shanghai"}]},{"@type":"WebSite","@id":"https:\/\/www.koonings.com\/de\/#website","url":"https:\/\/www.koonings.com\/de\/","name":"Koonings","description":"De grootste bruidsmodewinkel ter wereld","publisher":{"@id":"https:\/\/www.koonings.com\/de\/#organization"},"potentialAction":[{"@type":"SearchAction","target":{"@type":"EntryPoint","urlTemplate":"https:\/\/www.koonings.com\/de\/?s={search_term_string}"},"query-input":{"@type":"PropertyValueSpecification","valueRequired":true,"valueName":"search_term_string"}}],"inLanguage":"de"},{"@type":"Organization","@id":"https:\/\/www.koonings.com\/de\/#organization","name":"Koonings","url":"https:\/\/www.koonings.com\/de\/","logo":{"@type":"ImageObject","inLanguage":"de","@id":"https:\/\/www.koonings.com\/de\/#\/schema\/logo\/image\/","url":"https:\/\/www.koonings.com\/wp-content\/uploads\/2024\/07\/logo.png","contentUrl":"https:\/\/www.koonings.com\/wp-content\/uploads\/2024\/07\/logo.png","width":600,"height":428,"caption":"Koonings"},"image":{"@id":"https:\/\/www.koonings.com\/de\/#\/schema\/logo\/image\/"},"sameAs":["https:\/\/www.facebook.com\/kooningstheweddingpalace","https:\/\/www.instagram.com\/kooningstheweddingpalace","https:\/\/www.pinterest.com\/koonings","https:\/\/www.youtube.com\/kooningstheweddingpalace"]}]}},"_links":{"self":[{"href":"https:\/\/www.koonings.com\/de\/wp-json\/wp\/v2\/product\/56659","targetHints":{"allow":["GET"]}}],"collection":[{"href":"https:\/\/www.koonings.com\/de\/wp-json\/wp\/v2\/product"}],"about":[{"href":"https:\/\/www.koonings.com\/de\/wp-json\/wp\/v2\/types\/product"}],"wp:featuredmedia":[{"embeddable":true,"href":"https:\/\/www.koonings.com\/de\/wp-json\/wp\/v2\/media\/34812"}],"wp:attachment":[{"href":"https:\/\/www.koonings.com\/de\/wp-json\/wp\/v2\/media?parent=56659"}],"wp:term":[{"taxonomy":"productdetails","embeddable":true,"href":"https:\/\/www.koonings.com\/de\/wp-json\/wp\/v2\/productdetails?post=56659"},{"taxonomy":"productneck","embeddable":true,"href":"https:\/\/www.koonings.com\/de\/wp-json\/wp\/v2\/productneck?post=56659"},{"taxonomy":"productcolor","embeddable":true,"href":"https:\/\/www.koonings.com\/de\/wp-json\/wp\/v2\/productcolor?post=56659"},{"taxonomy":"maat","embeddable":true,"href":"https:\/\/www.koonings.com\/de\/wp-json\/wp\/v2\/maat?post=56659"},{"taxonomy":"productsupplier","embeddable":true,"href":"https:\/\/www.koonings.com\/de\/wp-json\/wp\/v2\/productsupplier?post=56659"},{"taxonomy":"productsleeve","embeddable":true,"href":"https:\/\/www.koonings.com\/de\/wp-json\/wp\/v2\/productsleeve?post=56659"},{"taxonomy":"productcategory","embeddable":true,"href":"https:\/\/www.koonings.com\/de\/wp-json\/wp\/v2\/productcategory?post=56659"},{"taxonomy":"productsilhouette","embeddable":true,"href":"https:\/\/www.koonings.com\/de\/wp-json\/wp\/v2\/productsilhouette?post=56659"},{"taxonomy":"productstyle","embeddable":true,"href":"https:\/\/www.koonings.com\/de\/wp-json\/wp\/v2\/productstyle?post=56659"}],"curies":[{"name":"wp","href":"https:\/\/api.w.org\/{rel}","templated":true}]}}