{"id":56636,"date":"2026-05-06T15:10:09","date_gmt":"2026-05-06T13:10:09","guid":{"rendered":"https:\/\/www.koonings.com\/product\/ramona-koonings-couture-kn2304-1-houston\/"},"modified":"2026-02-16T14:42:43","modified_gmt":"2026-02-16T13:42:43","slug":"ramona-koonings-couture-kn2304-1-houston","status":"publish","type":"product","link":"https:\/\/www.koonings.com\/de\/product\/ramona-koonings-couture-kn2304-1-houston\/","title":{"rendered":"Ramona Koonings Couture KN2304-1 Houston"},"content":{"rendered":"<p>Als Braut ist es sehr sch\u00f6n, sich in einem Hochzeitskleid frei bewegen zu k\u00f6nnen. Dieses stilvolle A-Linien-Hochzeitskleid mit V-Ausschnitt erf\u00fcllt diese Anforderung definitiv. Und die Verwendung von T\u00fcll und reicher Spitze l\u00e4sst das Kleid auch noch atemberaubend aussehen. Die langen transparenten \u00c4rmel mit einem Blattmuster aus Spitze verst\u00e4rken dieses Bild noch.   <\/p>\n","protected":false},"featured_media":34937,"template":"","meta":{"_acf_changed":false,"ghostkit_customizer_options":"","ghostkit_custom_css":"","ghostkit_custom_js_head":"","ghostkit_custom_js_foot":"","ghostkit_typography":""},"productdetails":[],"productneck":[356],"productcolor":[393,392],"maat":[375],"productsupplier":[419],"productsleeve":[362],"productcategory":[18],"productsilhouette":[384],"productstyle":[367,372],"class_list":["post-56636","product","type-product","status-publish","has-post-thumbnail","hentry","productneck-356","productcolor-393","productcolor-392","maat-375","productsupplier-ramona-koonings-couture","productsleeve-362","productcategory-trouwjurken","productsilhouette-384","productstyle-367","productstyle-372"],"acf":[],"yoast_head":"<!-- This site is optimized with the Yoast SEO plugin v27.3 - https:\/\/yoast.com\/product\/yoast-seo-wordpress\/ -->\n<title>Ramona Koonings Couture KN2304-1 Houston | Koonings<\/title>\n<meta name=\"description\" content=\"Als Braut ist es sehr sch\u00f6n, sich in einem Hochzeitskleid frei bewegen zu k\u00f6nnen. Dieses stilvolle A-Linien-Hochzeitskleid mit V-Ausschnitt erf\u00fcllt diese Anforderung definitiv. Und die Verwendung von T\u00fcll und reicher Spitze l\u00e4sst das Kleid auch noch atemberaubend aussehen. Die langen transparenten \u00c4rmel mit einem Blattmuster aus Spitze verst\u00e4rken dieses Bild noch.\" \/>\n<meta name=\"robots\" content=\"index, follow, max-snippet:-1, max-image-preview:large, max-video-preview:-1\" \/>\n<link rel=\"canonical\" href=\"https:\/\/www.koonings.com\/de\/product\/ramona-koonings-couture-kn2304-1-houston\/\" \/>\n<meta property=\"og:locale\" content=\"de_DE\" \/>\n<meta property=\"og:type\" content=\"article\" \/>\n<meta property=\"og:title\" content=\"Ramona Koonings Couture KN2304-1 Houston | Koonings\" \/>\n<meta property=\"og:description\" content=\"Als Braut ist es sehr sch\u00f6n, sich in einem Hochzeitskleid frei bewegen zu k\u00f6nnen. Dieses stilvolle A-Linien-Hochzeitskleid mit V-Ausschnitt erf\u00fcllt diese Anforderung definitiv. Und die Verwendung von T\u00fcll und reicher Spitze l\u00e4sst das Kleid auch noch atemberaubend aussehen. Die langen transparenten \u00c4rmel mit einem Blattmuster aus Spitze verst\u00e4rken dieses Bild noch.\" \/>\n<meta property=\"og:url\" content=\"https:\/\/www.koonings.com\/de\/product\/ramona-koonings-couture-kn2304-1-houston\/\" \/>\n<meta property=\"og:site_name\" content=\"Koonings\" \/>\n<meta property=\"article:publisher\" content=\"https:\/\/www.facebook.com\/kooningstheweddingpalace\" \/>\n<meta property=\"og:image\" content=\"https:\/\/www.koonings.com\/wp-content\/uploads\/2024\/11\/38017_0e7cfad7971ad1d8e6d36ef3f936712cf857322c58c558997f9c16598b14c7eaa6603813-scaled.jpeg\" \/>\n\t<meta property=\"og:image:width\" content=\"1812\" \/>\n\t<meta property=\"og:image:height\" content=\"2560\" \/>\n\t<meta property=\"og:image:type\" content=\"image\/jpeg\" \/>\n<meta name=\"twitter:card\" content=\"summary_large_image\" \/>\n<script type=\"application\/ld+json\" class=\"yoast-schema-graph\">{\"@context\":\"https:\\\/\\\/schema.org\",\"@graph\":[{\"@type\":\"WebPage\",\"@id\":\"https:\\\/\\\/www.koonings.com\\\/de\\\/product\\\/ramona-koonings-couture-kn2304-1-houston\\\/\",\"url\":\"https:\\\/\\\/www.koonings.com\\\/de\\\/product\\\/ramona-koonings-couture-kn2304-1-houston\\\/\",\"name\":\"Ramona Koonings Couture KN2304-1 Houston | Koonings\",\"isPartOf\":{\"@id\":\"https:\\\/\\\/www.koonings.com\\\/de\\\/#website\"},\"primaryImageOfPage\":{\"@id\":\"https:\\\/\\\/www.koonings.com\\\/de\\\/product\\\/ramona-koonings-couture-kn2304-1-houston\\\/#primaryimage\"},\"image\":{\"@id\":\"https:\\\/\\\/www.koonings.com\\\/de\\\/product\\\/ramona-koonings-couture-kn2304-1-houston\\\/#primaryimage\"},\"thumbnailUrl\":\"https:\\\/\\\/www.koonings.com\\\/wp-content\\\/uploads\\\/2024\\\/11\\\/38017_0e7cfad7971ad1d8e6d36ef3f936712cf857322c58c558997f9c16598b14c7eaa6603813-scaled.jpeg\",\"datePublished\":\"2026-05-06T13:10:09+00:00\",\"description\":\"Als Braut ist es sehr sch\u00f6n, sich in einem Hochzeitskleid frei bewegen zu k\u00f6nnen. Dieses stilvolle A-Linien-Hochzeitskleid mit V-Ausschnitt erf\u00fcllt diese Anforderung definitiv. Und die Verwendung von T\u00fcll und reicher Spitze l\u00e4sst das Kleid auch noch atemberaubend aussehen. Die langen transparenten \u00c4rmel mit einem Blattmuster aus Spitze verst\u00e4rken dieses Bild noch.\",\"breadcrumb\":{\"@id\":\"https:\\\/\\\/www.koonings.com\\\/de\\\/product\\\/ramona-koonings-couture-kn2304-1-houston\\\/#breadcrumb\"},\"inLanguage\":\"de\",\"potentialAction\":[{\"@type\":\"ReadAction\",\"target\":[\"https:\\\/\\\/www.koonings.com\\\/de\\\/product\\\/ramona-koonings-couture-kn2304-1-houston\\\/\"]}]},{\"@type\":\"ImageObject\",\"inLanguage\":\"de\",\"@id\":\"https:\\\/\\\/www.koonings.com\\\/de\\\/product\\\/ramona-koonings-couture-kn2304-1-houston\\\/#primaryimage\",\"url\":\"https:\\\/\\\/www.koonings.com\\\/wp-content\\\/uploads\\\/2024\\\/11\\\/38017_0e7cfad7971ad1d8e6d36ef3f936712cf857322c58c558997f9c16598b14c7eaa6603813-scaled.jpeg\",\"contentUrl\":\"https:\\\/\\\/www.koonings.com\\\/wp-content\\\/uploads\\\/2024\\\/11\\\/38017_0e7cfad7971ad1d8e6d36ef3f936712cf857322c58c558997f9c16598b14c7eaa6603813-scaled.jpeg\",\"width\":1812,\"height\":2560},{\"@type\":\"BreadcrumbList\",\"@id\":\"https:\\\/\\\/www.koonings.com\\\/de\\\/product\\\/ramona-koonings-couture-kn2304-1-houston\\\/#breadcrumb\",\"itemListElement\":[{\"@type\":\"ListItem\",\"position\":1,\"name\":\"Home\",\"item\":\"https:\\\/\\\/www.koonings.com\\\/de\\\/\"},{\"@type\":\"ListItem\",\"position\":2,\"name\":\"Ramona Koonings Couture KN2304-1 Houston\"}]},{\"@type\":\"WebSite\",\"@id\":\"https:\\\/\\\/www.koonings.com\\\/de\\\/#website\",\"url\":\"https:\\\/\\\/www.koonings.com\\\/de\\\/\",\"name\":\"Koonings\",\"description\":\"De grootste bruidsmodewinkel ter wereld\",\"publisher\":{\"@id\":\"https:\\\/\\\/www.koonings.com\\\/de\\\/#organization\"},\"potentialAction\":[{\"@type\":\"SearchAction\",\"target\":{\"@type\":\"EntryPoint\",\"urlTemplate\":\"https:\\\/\\\/www.koonings.com\\\/de\\\/?s={search_term_string}\"},\"query-input\":{\"@type\":\"PropertyValueSpecification\",\"valueRequired\":true,\"valueName\":\"search_term_string\"}}],\"inLanguage\":\"de\"},{\"@type\":\"Organization\",\"@id\":\"https:\\\/\\\/www.koonings.com\\\/de\\\/#organization\",\"name\":\"Koonings\",\"url\":\"https:\\\/\\\/www.koonings.com\\\/de\\\/\",\"logo\":{\"@type\":\"ImageObject\",\"inLanguage\":\"de\",\"@id\":\"https:\\\/\\\/www.koonings.com\\\/de\\\/#\\\/schema\\\/logo\\\/image\\\/\",\"url\":\"https:\\\/\\\/www.koonings.com\\\/wp-content\\\/uploads\\\/2024\\\/07\\\/logo.png\",\"contentUrl\":\"https:\\\/\\\/www.koonings.com\\\/wp-content\\\/uploads\\\/2024\\\/07\\\/logo.png\",\"width\":600,\"height\":428,\"caption\":\"Koonings\"},\"image\":{\"@id\":\"https:\\\/\\\/www.koonings.com\\\/de\\\/#\\\/schema\\\/logo\\\/image\\\/\"},\"sameAs\":[\"https:\\\/\\\/www.facebook.com\\\/kooningstheweddingpalace\",\"https:\\\/\\\/www.instagram.com\\\/kooningstheweddingpalace\",\"https:\\\/\\\/www.pinterest.com\\\/koonings\",\"https:\\\/\\\/www.youtube.com\\\/kooningstheweddingpalace\"]}]}<\/script>\n<!-- \/ Yoast SEO plugin. -->","yoast_head_json":{"title":"Ramona Koonings Couture KN2304-1 Houston | Koonings","description":"Als Braut ist es sehr sch\u00f6n, sich in einem Hochzeitskleid frei bewegen zu k\u00f6nnen. Dieses stilvolle A-Linien-Hochzeitskleid mit V-Ausschnitt erf\u00fcllt diese Anforderung definitiv. Und die Verwendung von T\u00fcll und reicher Spitze l\u00e4sst das Kleid auch noch atemberaubend aussehen. Die langen transparenten \u00c4rmel mit einem Blattmuster aus Spitze verst\u00e4rken dieses Bild noch.","robots":{"index":"index","follow":"follow","max-snippet":"max-snippet:-1","max-image-preview":"max-image-preview:large","max-video-preview":"max-video-preview:-1"},"canonical":"https:\/\/www.koonings.com\/de\/product\/ramona-koonings-couture-kn2304-1-houston\/","og_locale":"de_DE","og_type":"article","og_title":"Ramona Koonings Couture KN2304-1 Houston | Koonings","og_description":"Als Braut ist es sehr sch\u00f6n, sich in einem Hochzeitskleid frei bewegen zu k\u00f6nnen. Dieses stilvolle A-Linien-Hochzeitskleid mit V-Ausschnitt erf\u00fcllt diese Anforderung definitiv. Und die Verwendung von T\u00fcll und reicher Spitze l\u00e4sst das Kleid auch noch atemberaubend aussehen. Die langen transparenten \u00c4rmel mit einem Blattmuster aus Spitze verst\u00e4rken dieses Bild noch.","og_url":"https:\/\/www.koonings.com\/de\/product\/ramona-koonings-couture-kn2304-1-houston\/","og_site_name":"Koonings","article_publisher":"https:\/\/www.facebook.com\/kooningstheweddingpalace","og_image":[{"width":1812,"height":2560,"url":"https:\/\/www.koonings.com\/wp-content\/uploads\/2024\/11\/38017_0e7cfad7971ad1d8e6d36ef3f936712cf857322c58c558997f9c16598b14c7eaa6603813-scaled.jpeg","type":"image\/jpeg"}],"twitter_card":"summary_large_image","schema":{"@context":"https:\/\/schema.org","@graph":[{"@type":"WebPage","@id":"https:\/\/www.koonings.com\/de\/product\/ramona-koonings-couture-kn2304-1-houston\/","url":"https:\/\/www.koonings.com\/de\/product\/ramona-koonings-couture-kn2304-1-houston\/","name":"Ramona Koonings Couture KN2304-1 Houston | Koonings","isPartOf":{"@id":"https:\/\/www.koonings.com\/de\/#website"},"primaryImageOfPage":{"@id":"https:\/\/www.koonings.com\/de\/product\/ramona-koonings-couture-kn2304-1-houston\/#primaryimage"},"image":{"@id":"https:\/\/www.koonings.com\/de\/product\/ramona-koonings-couture-kn2304-1-houston\/#primaryimage"},"thumbnailUrl":"https:\/\/www.koonings.com\/wp-content\/uploads\/2024\/11\/38017_0e7cfad7971ad1d8e6d36ef3f936712cf857322c58c558997f9c16598b14c7eaa6603813-scaled.jpeg","datePublished":"2026-05-06T13:10:09+00:00","description":"Als Braut ist es sehr sch\u00f6n, sich in einem Hochzeitskleid frei bewegen zu k\u00f6nnen. Dieses stilvolle A-Linien-Hochzeitskleid mit V-Ausschnitt erf\u00fcllt diese Anforderung definitiv. Und die Verwendung von T\u00fcll und reicher Spitze l\u00e4sst das Kleid auch noch atemberaubend aussehen. Die langen transparenten \u00c4rmel mit einem Blattmuster aus Spitze verst\u00e4rken dieses Bild noch.","breadcrumb":{"@id":"https:\/\/www.koonings.com\/de\/product\/ramona-koonings-couture-kn2304-1-houston\/#breadcrumb"},"inLanguage":"de","potentialAction":[{"@type":"ReadAction","target":["https:\/\/www.koonings.com\/de\/product\/ramona-koonings-couture-kn2304-1-houston\/"]}]},{"@type":"ImageObject","inLanguage":"de","@id":"https:\/\/www.koonings.com\/de\/product\/ramona-koonings-couture-kn2304-1-houston\/#primaryimage","url":"https:\/\/www.koonings.com\/wp-content\/uploads\/2024\/11\/38017_0e7cfad7971ad1d8e6d36ef3f936712cf857322c58c558997f9c16598b14c7eaa6603813-scaled.jpeg","contentUrl":"https:\/\/www.koonings.com\/wp-content\/uploads\/2024\/11\/38017_0e7cfad7971ad1d8e6d36ef3f936712cf857322c58c558997f9c16598b14c7eaa6603813-scaled.jpeg","width":1812,"height":2560},{"@type":"BreadcrumbList","@id":"https:\/\/www.koonings.com\/de\/product\/ramona-koonings-couture-kn2304-1-houston\/#breadcrumb","itemListElement":[{"@type":"ListItem","position":1,"name":"Home","item":"https:\/\/www.koonings.com\/de\/"},{"@type":"ListItem","position":2,"name":"Ramona Koonings Couture KN2304-1 Houston"}]},{"@type":"WebSite","@id":"https:\/\/www.koonings.com\/de\/#website","url":"https:\/\/www.koonings.com\/de\/","name":"Koonings","description":"De grootste bruidsmodewinkel ter wereld","publisher":{"@id":"https:\/\/www.koonings.com\/de\/#organization"},"potentialAction":[{"@type":"SearchAction","target":{"@type":"EntryPoint","urlTemplate":"https:\/\/www.koonings.com\/de\/?s={search_term_string}"},"query-input":{"@type":"PropertyValueSpecification","valueRequired":true,"valueName":"search_term_string"}}],"inLanguage":"de"},{"@type":"Organization","@id":"https:\/\/www.koonings.com\/de\/#organization","name":"Koonings","url":"https:\/\/www.koonings.com\/de\/","logo":{"@type":"ImageObject","inLanguage":"de","@id":"https:\/\/www.koonings.com\/de\/#\/schema\/logo\/image\/","url":"https:\/\/www.koonings.com\/wp-content\/uploads\/2024\/07\/logo.png","contentUrl":"https:\/\/www.koonings.com\/wp-content\/uploads\/2024\/07\/logo.png","width":600,"height":428,"caption":"Koonings"},"image":{"@id":"https:\/\/www.koonings.com\/de\/#\/schema\/logo\/image\/"},"sameAs":["https:\/\/www.facebook.com\/kooningstheweddingpalace","https:\/\/www.instagram.com\/kooningstheweddingpalace","https:\/\/www.pinterest.com\/koonings","https:\/\/www.youtube.com\/kooningstheweddingpalace"]}]}},"_links":{"self":[{"href":"https:\/\/www.koonings.com\/de\/wp-json\/wp\/v2\/product\/56636","targetHints":{"allow":["GET"]}}],"collection":[{"href":"https:\/\/www.koonings.com\/de\/wp-json\/wp\/v2\/product"}],"about":[{"href":"https:\/\/www.koonings.com\/de\/wp-json\/wp\/v2\/types\/product"}],"wp:featuredmedia":[{"embeddable":true,"href":"https:\/\/www.koonings.com\/de\/wp-json\/wp\/v2\/media\/34937"}],"wp:attachment":[{"href":"https:\/\/www.koonings.com\/de\/wp-json\/wp\/v2\/media?parent=56636"}],"wp:term":[{"taxonomy":"productdetails","embeddable":true,"href":"https:\/\/www.koonings.com\/de\/wp-json\/wp\/v2\/productdetails?post=56636"},{"taxonomy":"productneck","embeddable":true,"href":"https:\/\/www.koonings.com\/de\/wp-json\/wp\/v2\/productneck?post=56636"},{"taxonomy":"productcolor","embeddable":true,"href":"https:\/\/www.koonings.com\/de\/wp-json\/wp\/v2\/productcolor?post=56636"},{"taxonomy":"maat","embeddable":true,"href":"https:\/\/www.koonings.com\/de\/wp-json\/wp\/v2\/maat?post=56636"},{"taxonomy":"productsupplier","embeddable":true,"href":"https:\/\/www.koonings.com\/de\/wp-json\/wp\/v2\/productsupplier?post=56636"},{"taxonomy":"productsleeve","embeddable":true,"href":"https:\/\/www.koonings.com\/de\/wp-json\/wp\/v2\/productsleeve?post=56636"},{"taxonomy":"productcategory","embeddable":true,"href":"https:\/\/www.koonings.com\/de\/wp-json\/wp\/v2\/productcategory?post=56636"},{"taxonomy":"productsilhouette","embeddable":true,"href":"https:\/\/www.koonings.com\/de\/wp-json\/wp\/v2\/productsilhouette?post=56636"},{"taxonomy":"productstyle","embeddable":true,"href":"https:\/\/www.koonings.com\/de\/wp-json\/wp\/v2\/productstyle?post=56636"}],"curies":[{"name":"wp","href":"https:\/\/api.w.org\/{rel}","templated":true}]}}