{"id":33891,"date":"2026-04-28T18:08:30","date_gmt":"2026-04-28T16:08:30","guid":{"rendered":"https:\/\/www.koonings.com\/product\/ramona-koonings-couture-kn2332-florance\/"},"modified":"2026-02-16T14:29:26","modified_gmt":"2026-02-16T13:29:26","slug":"ramona-koonings-couture-kn2332-florance","status":"publish","type":"product","link":"https:\/\/www.koonings.com\/de\/product\/ramona-koonings-couture-kn2332-florance\/","title":{"rendered":"Ramona Koonings Couture KN2332 Floranz"},"content":{"rendered":"<p>Viele Br\u00e4ute entscheiden sich an diesem strahlenden Tag f\u00fcr ein romantisches Hochzeitskleid aus T\u00fcll und Spitze. Dieses Kleid erf\u00fcllt dies voll und ganz mit der exklusiven Spitze im Mieder, dem herzf\u00f6rmigen Ausschnitt und den Tr\u00e4gern, die schulterfrei getragen werden k\u00f6nnen. Hier kombiniert mit einem superweiten Rock. Die A-Linie wird durch Spitzenapplikationen in vertikalen Streifen, die von der Taille abw\u00e4rts verlaufen, noch betont.   <\/p>\n","protected":false},"featured_media":31520,"template":"","meta":{"_acf_changed":false,"ghostkit_customizer_options":"","ghostkit_custom_css":"","ghostkit_custom_js_head":"","ghostkit_custom_js_foot":"","ghostkit_typography":""},"productdetails":[379,376,383],"productneck":[355],"productcolor":[393,392],"maat":[],"productsupplier":[419],"productsleeve":[359,363],"productcategory":[18],"productsilhouette":[384],"productstyle":[367],"class_list":["post-33891","product","type-product","status-publish","has-post-thumbnail","hentry","productdetails-379","productdetails-376","productdetails-383","productneck-355","productcolor-393","productcolor-392","productsupplier-ramona-koonings-couture","productsleeve-359","productsleeve-363","productcategory-trouwjurken","productsilhouette-384","productstyle-367"],"acf":[],"yoast_head":"<!-- This site is optimized with the Yoast SEO plugin v27.3 - https:\/\/yoast.com\/product\/yoast-seo-wordpress\/ -->\n<title>Ramona Koonings Couture KN2332 Floranz | Koonings<\/title>\n<meta name=\"description\" content=\"Viele Br\u00e4ute entscheiden sich an diesem strahlenden Tag f\u00fcr ein romantisches Hochzeitskleid aus T\u00fcll und Spitze. Dieses Kleid erf\u00fcllt dies voll und ganz mit der exklusiven Spitze im Mieder, dem herzf\u00f6rmigen Ausschnitt und den Tr\u00e4gern, die schulterfrei getragen werden k\u00f6nnen. Hier kombiniert mit einem superweiten Rock. Die A-Linie wird durch Spitzenapplikationen in vertikalen Streifen, die von der Taille abw\u00e4rts verlaufen, noch betont.\" \/>\n<meta name=\"robots\" content=\"index, follow, max-snippet:-1, max-image-preview:large, max-video-preview:-1\" \/>\n<link rel=\"canonical\" href=\"https:\/\/www.koonings.com\/de\/product\/ramona-koonings-couture-kn2332-florance\/\" \/>\n<meta property=\"og:locale\" content=\"de_DE\" \/>\n<meta property=\"og:type\" content=\"article\" \/>\n<meta property=\"og:title\" content=\"Ramona Koonings Couture KN2332 Floranz | Koonings\" \/>\n<meta property=\"og:description\" content=\"Viele Br\u00e4ute entscheiden sich an diesem strahlenden Tag f\u00fcr ein romantisches Hochzeitskleid aus T\u00fcll und Spitze. Dieses Kleid erf\u00fcllt dies voll und ganz mit der exklusiven Spitze im Mieder, dem herzf\u00f6rmigen Ausschnitt und den Tr\u00e4gern, die schulterfrei getragen werden k\u00f6nnen. Hier kombiniert mit einem superweiten Rock. Die A-Linie wird durch Spitzenapplikationen in vertikalen Streifen, die von der Taille abw\u00e4rts verlaufen, noch betont.\" \/>\n<meta property=\"og:url\" content=\"https:\/\/www.koonings.com\/de\/product\/ramona-koonings-couture-kn2332-florance\/\" \/>\n<meta property=\"og:site_name\" content=\"Koonings\" \/>\n<meta property=\"article:publisher\" content=\"https:\/\/www.facebook.com\/kooningstheweddingpalace\" \/>\n<meta property=\"og:image\" content=\"https:\/\/www.koonings.com\/wp-content\/uploads\/2024\/11\/37689_f56e0308501d3532ff17d3717be9163e5fd56b9756257b6b01b5a9b11b6827e596700cea-scaled.jpeg\" \/>\n\t<meta property=\"og:image:width\" content=\"1849\" \/>\n\t<meta property=\"og:image:height\" content=\"2560\" \/>\n\t<meta property=\"og:image:type\" content=\"image\/jpeg\" \/>\n<meta name=\"twitter:card\" content=\"summary_large_image\" \/>\n<script type=\"application\/ld+json\" class=\"yoast-schema-graph\">{\"@context\":\"https:\\\/\\\/schema.org\",\"@graph\":[{\"@type\":\"WebPage\",\"@id\":\"https:\\\/\\\/www.koonings.com\\\/de\\\/product\\\/ramona-koonings-couture-kn2332-florance\\\/\",\"url\":\"https:\\\/\\\/www.koonings.com\\\/de\\\/product\\\/ramona-koonings-couture-kn2332-florance\\\/\",\"name\":\"Ramona Koonings Couture KN2332 Floranz | Koonings\",\"isPartOf\":{\"@id\":\"https:\\\/\\\/www.koonings.com\\\/de\\\/#website\"},\"primaryImageOfPage\":{\"@id\":\"https:\\\/\\\/www.koonings.com\\\/de\\\/product\\\/ramona-koonings-couture-kn2332-florance\\\/#primaryimage\"},\"image\":{\"@id\":\"https:\\\/\\\/www.koonings.com\\\/de\\\/product\\\/ramona-koonings-couture-kn2332-florance\\\/#primaryimage\"},\"thumbnailUrl\":\"https:\\\/\\\/www.koonings.com\\\/wp-content\\\/uploads\\\/2024\\\/11\\\/37689_f56e0308501d3532ff17d3717be9163e5fd56b9756257b6b01b5a9b11b6827e596700cea-scaled.jpeg\",\"datePublished\":\"2026-04-28T16:08:30+00:00\",\"description\":\"Viele Br\u00e4ute entscheiden sich an diesem strahlenden Tag f\u00fcr ein romantisches Hochzeitskleid aus T\u00fcll und Spitze. Dieses Kleid erf\u00fcllt dies voll und ganz mit der exklusiven Spitze im Mieder, dem herzf\u00f6rmigen Ausschnitt und den Tr\u00e4gern, die schulterfrei getragen werden k\u00f6nnen. Hier kombiniert mit einem superweiten Rock. Die A-Linie wird durch Spitzenapplikationen in vertikalen Streifen, die von der Taille abw\u00e4rts verlaufen, noch betont.\",\"breadcrumb\":{\"@id\":\"https:\\\/\\\/www.koonings.com\\\/de\\\/product\\\/ramona-koonings-couture-kn2332-florance\\\/#breadcrumb\"},\"inLanguage\":\"de\",\"potentialAction\":[{\"@type\":\"ReadAction\",\"target\":[\"https:\\\/\\\/www.koonings.com\\\/de\\\/product\\\/ramona-koonings-couture-kn2332-florance\\\/\"]}]},{\"@type\":\"ImageObject\",\"inLanguage\":\"de\",\"@id\":\"https:\\\/\\\/www.koonings.com\\\/de\\\/product\\\/ramona-koonings-couture-kn2332-florance\\\/#primaryimage\",\"url\":\"https:\\\/\\\/www.koonings.com\\\/wp-content\\\/uploads\\\/2024\\\/11\\\/37689_f56e0308501d3532ff17d3717be9163e5fd56b9756257b6b01b5a9b11b6827e596700cea-scaled.jpeg\",\"contentUrl\":\"https:\\\/\\\/www.koonings.com\\\/wp-content\\\/uploads\\\/2024\\\/11\\\/37689_f56e0308501d3532ff17d3717be9163e5fd56b9756257b6b01b5a9b11b6827e596700cea-scaled.jpeg\",\"width\":1849,\"height\":2560},{\"@type\":\"BreadcrumbList\",\"@id\":\"https:\\\/\\\/www.koonings.com\\\/de\\\/product\\\/ramona-koonings-couture-kn2332-florance\\\/#breadcrumb\",\"itemListElement\":[{\"@type\":\"ListItem\",\"position\":1,\"name\":\"Home\",\"item\":\"https:\\\/\\\/www.koonings.com\\\/de\\\/\"},{\"@type\":\"ListItem\",\"position\":2,\"name\":\"Ramona Koonings Couture KN2332 Floranz\"}]},{\"@type\":\"WebSite\",\"@id\":\"https:\\\/\\\/www.koonings.com\\\/de\\\/#website\",\"url\":\"https:\\\/\\\/www.koonings.com\\\/de\\\/\",\"name\":\"Koonings\",\"description\":\"De grootste bruidsmodewinkel ter wereld\",\"publisher\":{\"@id\":\"https:\\\/\\\/www.koonings.com\\\/de\\\/#organization\"},\"potentialAction\":[{\"@type\":\"SearchAction\",\"target\":{\"@type\":\"EntryPoint\",\"urlTemplate\":\"https:\\\/\\\/www.koonings.com\\\/de\\\/?s={search_term_string}\"},\"query-input\":{\"@type\":\"PropertyValueSpecification\",\"valueRequired\":true,\"valueName\":\"search_term_string\"}}],\"inLanguage\":\"de\"},{\"@type\":\"Organization\",\"@id\":\"https:\\\/\\\/www.koonings.com\\\/de\\\/#organization\",\"name\":\"Koonings\",\"url\":\"https:\\\/\\\/www.koonings.com\\\/de\\\/\",\"logo\":{\"@type\":\"ImageObject\",\"inLanguage\":\"de\",\"@id\":\"https:\\\/\\\/www.koonings.com\\\/de\\\/#\\\/schema\\\/logo\\\/image\\\/\",\"url\":\"https:\\\/\\\/www.koonings.com\\\/wp-content\\\/uploads\\\/2024\\\/07\\\/logo.png\",\"contentUrl\":\"https:\\\/\\\/www.koonings.com\\\/wp-content\\\/uploads\\\/2024\\\/07\\\/logo.png\",\"width\":600,\"height\":428,\"caption\":\"Koonings\"},\"image\":{\"@id\":\"https:\\\/\\\/www.koonings.com\\\/de\\\/#\\\/schema\\\/logo\\\/image\\\/\"},\"sameAs\":[\"https:\\\/\\\/www.facebook.com\\\/kooningstheweddingpalace\",\"https:\\\/\\\/www.instagram.com\\\/kooningstheweddingpalace\",\"https:\\\/\\\/www.pinterest.com\\\/koonings\",\"https:\\\/\\\/www.youtube.com\\\/kooningstheweddingpalace\"]}]}<\/script>\n<!-- \/ Yoast SEO plugin. -->","yoast_head_json":{"title":"Ramona Koonings Couture KN2332 Floranz | Koonings","description":"Viele Br\u00e4ute entscheiden sich an diesem strahlenden Tag f\u00fcr ein romantisches Hochzeitskleid aus T\u00fcll und Spitze. Dieses Kleid erf\u00fcllt dies voll und ganz mit der exklusiven Spitze im Mieder, dem herzf\u00f6rmigen Ausschnitt und den Tr\u00e4gern, die schulterfrei getragen werden k\u00f6nnen. Hier kombiniert mit einem superweiten Rock. Die A-Linie wird durch Spitzenapplikationen in vertikalen Streifen, die von der Taille abw\u00e4rts verlaufen, noch betont.","robots":{"index":"index","follow":"follow","max-snippet":"max-snippet:-1","max-image-preview":"max-image-preview:large","max-video-preview":"max-video-preview:-1"},"canonical":"https:\/\/www.koonings.com\/de\/product\/ramona-koonings-couture-kn2332-florance\/","og_locale":"de_DE","og_type":"article","og_title":"Ramona Koonings Couture KN2332 Floranz | Koonings","og_description":"Viele Br\u00e4ute entscheiden sich an diesem strahlenden Tag f\u00fcr ein romantisches Hochzeitskleid aus T\u00fcll und Spitze. Dieses Kleid erf\u00fcllt dies voll und ganz mit der exklusiven Spitze im Mieder, dem herzf\u00f6rmigen Ausschnitt und den Tr\u00e4gern, die schulterfrei getragen werden k\u00f6nnen. Hier kombiniert mit einem superweiten Rock. Die A-Linie wird durch Spitzenapplikationen in vertikalen Streifen, die von der Taille abw\u00e4rts verlaufen, noch betont.","og_url":"https:\/\/www.koonings.com\/de\/product\/ramona-koonings-couture-kn2332-florance\/","og_site_name":"Koonings","article_publisher":"https:\/\/www.facebook.com\/kooningstheweddingpalace","og_image":[{"width":1849,"height":2560,"url":"https:\/\/www.koonings.com\/wp-content\/uploads\/2024\/11\/37689_f56e0308501d3532ff17d3717be9163e5fd56b9756257b6b01b5a9b11b6827e596700cea-scaled.jpeg","type":"image\/jpeg"}],"twitter_card":"summary_large_image","schema":{"@context":"https:\/\/schema.org","@graph":[{"@type":"WebPage","@id":"https:\/\/www.koonings.com\/de\/product\/ramona-koonings-couture-kn2332-florance\/","url":"https:\/\/www.koonings.com\/de\/product\/ramona-koonings-couture-kn2332-florance\/","name":"Ramona Koonings Couture KN2332 Floranz | Koonings","isPartOf":{"@id":"https:\/\/www.koonings.com\/de\/#website"},"primaryImageOfPage":{"@id":"https:\/\/www.koonings.com\/de\/product\/ramona-koonings-couture-kn2332-florance\/#primaryimage"},"image":{"@id":"https:\/\/www.koonings.com\/de\/product\/ramona-koonings-couture-kn2332-florance\/#primaryimage"},"thumbnailUrl":"https:\/\/www.koonings.com\/wp-content\/uploads\/2024\/11\/37689_f56e0308501d3532ff17d3717be9163e5fd56b9756257b6b01b5a9b11b6827e596700cea-scaled.jpeg","datePublished":"2026-04-28T16:08:30+00:00","description":"Viele Br\u00e4ute entscheiden sich an diesem strahlenden Tag f\u00fcr ein romantisches Hochzeitskleid aus T\u00fcll und Spitze. Dieses Kleid erf\u00fcllt dies voll und ganz mit der exklusiven Spitze im Mieder, dem herzf\u00f6rmigen Ausschnitt und den Tr\u00e4gern, die schulterfrei getragen werden k\u00f6nnen. Hier kombiniert mit einem superweiten Rock. Die A-Linie wird durch Spitzenapplikationen in vertikalen Streifen, die von der Taille abw\u00e4rts verlaufen, noch betont.","breadcrumb":{"@id":"https:\/\/www.koonings.com\/de\/product\/ramona-koonings-couture-kn2332-florance\/#breadcrumb"},"inLanguage":"de","potentialAction":[{"@type":"ReadAction","target":["https:\/\/www.koonings.com\/de\/product\/ramona-koonings-couture-kn2332-florance\/"]}]},{"@type":"ImageObject","inLanguage":"de","@id":"https:\/\/www.koonings.com\/de\/product\/ramona-koonings-couture-kn2332-florance\/#primaryimage","url":"https:\/\/www.koonings.com\/wp-content\/uploads\/2024\/11\/37689_f56e0308501d3532ff17d3717be9163e5fd56b9756257b6b01b5a9b11b6827e596700cea-scaled.jpeg","contentUrl":"https:\/\/www.koonings.com\/wp-content\/uploads\/2024\/11\/37689_f56e0308501d3532ff17d3717be9163e5fd56b9756257b6b01b5a9b11b6827e596700cea-scaled.jpeg","width":1849,"height":2560},{"@type":"BreadcrumbList","@id":"https:\/\/www.koonings.com\/de\/product\/ramona-koonings-couture-kn2332-florance\/#breadcrumb","itemListElement":[{"@type":"ListItem","position":1,"name":"Home","item":"https:\/\/www.koonings.com\/de\/"},{"@type":"ListItem","position":2,"name":"Ramona Koonings Couture KN2332 Floranz"}]},{"@type":"WebSite","@id":"https:\/\/www.koonings.com\/de\/#website","url":"https:\/\/www.koonings.com\/de\/","name":"Koonings","description":"De grootste bruidsmodewinkel ter wereld","publisher":{"@id":"https:\/\/www.koonings.com\/de\/#organization"},"potentialAction":[{"@type":"SearchAction","target":{"@type":"EntryPoint","urlTemplate":"https:\/\/www.koonings.com\/de\/?s={search_term_string}"},"query-input":{"@type":"PropertyValueSpecification","valueRequired":true,"valueName":"search_term_string"}}],"inLanguage":"de"},{"@type":"Organization","@id":"https:\/\/www.koonings.com\/de\/#organization","name":"Koonings","url":"https:\/\/www.koonings.com\/de\/","logo":{"@type":"ImageObject","inLanguage":"de","@id":"https:\/\/www.koonings.com\/de\/#\/schema\/logo\/image\/","url":"https:\/\/www.koonings.com\/wp-content\/uploads\/2024\/07\/logo.png","contentUrl":"https:\/\/www.koonings.com\/wp-content\/uploads\/2024\/07\/logo.png","width":600,"height":428,"caption":"Koonings"},"image":{"@id":"https:\/\/www.koonings.com\/de\/#\/schema\/logo\/image\/"},"sameAs":["https:\/\/www.facebook.com\/kooningstheweddingpalace","https:\/\/www.instagram.com\/kooningstheweddingpalace","https:\/\/www.pinterest.com\/koonings","https:\/\/www.youtube.com\/kooningstheweddingpalace"]}]}},"_links":{"self":[{"href":"https:\/\/www.koonings.com\/de\/wp-json\/wp\/v2\/product\/33891","targetHints":{"allow":["GET"]}}],"collection":[{"href":"https:\/\/www.koonings.com\/de\/wp-json\/wp\/v2\/product"}],"about":[{"href":"https:\/\/www.koonings.com\/de\/wp-json\/wp\/v2\/types\/product"}],"wp:featuredmedia":[{"embeddable":true,"href":"https:\/\/www.koonings.com\/de\/wp-json\/wp\/v2\/media\/31520"}],"wp:attachment":[{"href":"https:\/\/www.koonings.com\/de\/wp-json\/wp\/v2\/media?parent=33891"}],"wp:term":[{"taxonomy":"productdetails","embeddable":true,"href":"https:\/\/www.koonings.com\/de\/wp-json\/wp\/v2\/productdetails?post=33891"},{"taxonomy":"productneck","embeddable":true,"href":"https:\/\/www.koonings.com\/de\/wp-json\/wp\/v2\/productneck?post=33891"},{"taxonomy":"productcolor","embeddable":true,"href":"https:\/\/www.koonings.com\/de\/wp-json\/wp\/v2\/productcolor?post=33891"},{"taxonomy":"maat","embeddable":true,"href":"https:\/\/www.koonings.com\/de\/wp-json\/wp\/v2\/maat?post=33891"},{"taxonomy":"productsupplier","embeddable":true,"href":"https:\/\/www.koonings.com\/de\/wp-json\/wp\/v2\/productsupplier?post=33891"},{"taxonomy":"productsleeve","embeddable":true,"href":"https:\/\/www.koonings.com\/de\/wp-json\/wp\/v2\/productsleeve?post=33891"},{"taxonomy":"productcategory","embeddable":true,"href":"https:\/\/www.koonings.com\/de\/wp-json\/wp\/v2\/productcategory?post=33891"},{"taxonomy":"productsilhouette","embeddable":true,"href":"https:\/\/www.koonings.com\/de\/wp-json\/wp\/v2\/productsilhouette?post=33891"},{"taxonomy":"productstyle","embeddable":true,"href":"https:\/\/www.koonings.com\/de\/wp-json\/wp\/v2\/productstyle?post=33891"}],"curies":[{"name":"wp","href":"https:\/\/api.w.org\/{rel}","templated":true}]}}