{"id":33883,"date":"2025-12-15T00:12:05","date_gmt":"2025-12-14T23:12:05","guid":{"rendered":"https:\/\/www.koonings.com\/product\/ramona-koonings-couture-kn2335-lissabon\/"},"modified":"2026-02-03T17:57:23","modified_gmt":"2026-02-03T16:57:23","slug":"ramona-koonings-couture-kn2335-lissabon","status":"publish","type":"product","link":"https:\/\/www.koonings.com\/de\/product\/ramona-koonings-couture-kn2335-lissabon\/","title":{"rendered":"Ramona Koonings Couture KN2335 Lissabon"},"content":{"rendered":"<p>Ein glamour\u00f6ses A-Linien-Brautkleid mit einem romantischen weiten Rock. Das transparente Mieder hat einen tief ausgeschnittenen herzf\u00f6rmigen Ausschnitt und Schultertr\u00e4ger, die schulterfrei getragen werden k\u00f6nnen. Die winzigen Punkte im T\u00fcll sowie die Blumenapplikationen auf dem Mieder und dem Rock verleihen dem Kleid einen ganz besonderen Look.  <\/p>\n","protected":false},"featured_media":31571,"template":"","meta":{"_acf_changed":false,"ghostkit_customizer_options":"","ghostkit_custom_css":"","ghostkit_custom_js_head":"","ghostkit_custom_js_foot":"","ghostkit_typography":""},"productdetails":[379,376,383,381],"productneck":[355],"productcolor":[392],"maat":[],"productsupplier":[419],"productsleeve":[359,363],"productcategory":[18],"productsilhouette":[384],"productstyle":[367],"class_list":["post-33883","product","type-product","status-publish","has-post-thumbnail","hentry","productdetails-379","productdetails-376","productdetails-383","productdetails-381","productneck-355","productcolor-392","productsupplier-ramona-koonings-couture","productsleeve-359","productsleeve-363","productcategory-trouwjurken","productsilhouette-384","productstyle-367"],"acf":[],"yoast_head":"<!-- This site is optimized with the Yoast SEO plugin v27.3 - https:\/\/yoast.com\/product\/yoast-seo-wordpress\/ -->\n<title>Ramona Koonings Couture KN2335 Lissabon | Koonings<\/title>\n<meta name=\"description\" content=\"Ein glamour\u00f6ses A-Linien-Brautkleid mit einem romantischen weiten Rock. Das transparente Mieder hat einen tief ausgeschnittenen herzf\u00f6rmigen Ausschnitt und Schultertr\u00e4ger, die schulterfrei getragen werden k\u00f6nnen. Die winzigen Punkte im T\u00fcll sowie die Blumenapplikationen auf dem Mieder und dem Rock verleihen dem Kleid einen ganz besonderen Look.\" \/>\n<meta name=\"robots\" content=\"index, follow, max-snippet:-1, max-image-preview:large, max-video-preview:-1\" \/>\n<link rel=\"canonical\" href=\"https:\/\/www.koonings.com\/de\/product\/ramona-koonings-couture-kn2335-lissabon\/\" \/>\n<meta property=\"og:locale\" content=\"de_DE\" \/>\n<meta property=\"og:type\" content=\"article\" \/>\n<meta property=\"og:title\" content=\"Ramona Koonings Couture KN2335 Lissabon | Koonings\" \/>\n<meta property=\"og:description\" content=\"Ein glamour\u00f6ses A-Linien-Brautkleid mit einem romantischen weiten Rock. Das transparente Mieder hat einen tief ausgeschnittenen herzf\u00f6rmigen Ausschnitt und Schultertr\u00e4ger, die schulterfrei getragen werden k\u00f6nnen. Die winzigen Punkte im T\u00fcll sowie die Blumenapplikationen auf dem Mieder und dem Rock verleihen dem Kleid einen ganz besonderen Look.\" \/>\n<meta property=\"og:url\" content=\"https:\/\/www.koonings.com\/de\/product\/ramona-koonings-couture-kn2335-lissabon\/\" \/>\n<meta property=\"og:site_name\" content=\"Koonings\" \/>\n<meta property=\"article:publisher\" content=\"https:\/\/www.facebook.com\/kooningstheweddingpalace\" \/>\n<meta property=\"article:modified_time\" content=\"2026-02-03T16:57:23+00:00\" \/>\n<meta property=\"og:image\" content=\"https:\/\/www.koonings.com\/wp-content\/uploads\/2024\/11\/37692_002e6091aa52a88327cfae4688d2b078907a1136158cbce6bf07d730b34bcfad2092d231-scaled.jpeg\" \/>\n\t<meta property=\"og:image:width\" content=\"1811\" \/>\n\t<meta property=\"og:image:height\" content=\"2560\" \/>\n\t<meta property=\"og:image:type\" content=\"image\/jpeg\" \/>\n<meta name=\"twitter:card\" content=\"summary_large_image\" \/>\n<script type=\"application\/ld+json\" class=\"yoast-schema-graph\">{\"@context\":\"https:\\\/\\\/schema.org\",\"@graph\":[{\"@type\":\"WebPage\",\"@id\":\"https:\\\/\\\/www.koonings.com\\\/de\\\/product\\\/ramona-koonings-couture-kn2335-lissabon\\\/\",\"url\":\"https:\\\/\\\/www.koonings.com\\\/de\\\/product\\\/ramona-koonings-couture-kn2335-lissabon\\\/\",\"name\":\"Ramona Koonings Couture KN2335 Lissabon | Koonings\",\"isPartOf\":{\"@id\":\"https:\\\/\\\/www.koonings.com\\\/de\\\/#website\"},\"primaryImageOfPage\":{\"@id\":\"https:\\\/\\\/www.koonings.com\\\/de\\\/product\\\/ramona-koonings-couture-kn2335-lissabon\\\/#primaryimage\"},\"image\":{\"@id\":\"https:\\\/\\\/www.koonings.com\\\/de\\\/product\\\/ramona-koonings-couture-kn2335-lissabon\\\/#primaryimage\"},\"thumbnailUrl\":\"https:\\\/\\\/www.koonings.com\\\/wp-content\\\/uploads\\\/2024\\\/11\\\/37692_002e6091aa52a88327cfae4688d2b078907a1136158cbce6bf07d730b34bcfad2092d231-scaled.jpeg\",\"datePublished\":\"2025-12-14T23:12:05+00:00\",\"dateModified\":\"2026-02-03T16:57:23+00:00\",\"description\":\"Ein glamour\u00f6ses A-Linien-Brautkleid mit einem romantischen weiten Rock. Das transparente Mieder hat einen tief ausgeschnittenen herzf\u00f6rmigen Ausschnitt und Schultertr\u00e4ger, die schulterfrei getragen werden k\u00f6nnen. Die winzigen Punkte im T\u00fcll sowie die Blumenapplikationen auf dem Mieder und dem Rock verleihen dem Kleid einen ganz besonderen Look.\",\"breadcrumb\":{\"@id\":\"https:\\\/\\\/www.koonings.com\\\/de\\\/product\\\/ramona-koonings-couture-kn2335-lissabon\\\/#breadcrumb\"},\"inLanguage\":\"de\",\"potentialAction\":[{\"@type\":\"ReadAction\",\"target\":[\"https:\\\/\\\/www.koonings.com\\\/de\\\/product\\\/ramona-koonings-couture-kn2335-lissabon\\\/\"]}]},{\"@type\":\"ImageObject\",\"inLanguage\":\"de\",\"@id\":\"https:\\\/\\\/www.koonings.com\\\/de\\\/product\\\/ramona-koonings-couture-kn2335-lissabon\\\/#primaryimage\",\"url\":\"https:\\\/\\\/www.koonings.com\\\/wp-content\\\/uploads\\\/2024\\\/11\\\/37692_002e6091aa52a88327cfae4688d2b078907a1136158cbce6bf07d730b34bcfad2092d231-scaled.jpeg\",\"contentUrl\":\"https:\\\/\\\/www.koonings.com\\\/wp-content\\\/uploads\\\/2024\\\/11\\\/37692_002e6091aa52a88327cfae4688d2b078907a1136158cbce6bf07d730b34bcfad2092d231-scaled.jpeg\",\"width\":1811,\"height\":2560},{\"@type\":\"BreadcrumbList\",\"@id\":\"https:\\\/\\\/www.koonings.com\\\/de\\\/product\\\/ramona-koonings-couture-kn2335-lissabon\\\/#breadcrumb\",\"itemListElement\":[{\"@type\":\"ListItem\",\"position\":1,\"name\":\"Home\",\"item\":\"https:\\\/\\\/www.koonings.com\\\/de\\\/\"},{\"@type\":\"ListItem\",\"position\":2,\"name\":\"Ramona Koonings Couture KN2335 Lissabon\"}]},{\"@type\":\"WebSite\",\"@id\":\"https:\\\/\\\/www.koonings.com\\\/de\\\/#website\",\"url\":\"https:\\\/\\\/www.koonings.com\\\/de\\\/\",\"name\":\"Koonings\",\"description\":\"De grootste bruidsmodewinkel ter wereld\",\"publisher\":{\"@id\":\"https:\\\/\\\/www.koonings.com\\\/de\\\/#organization\"},\"potentialAction\":[{\"@type\":\"SearchAction\",\"target\":{\"@type\":\"EntryPoint\",\"urlTemplate\":\"https:\\\/\\\/www.koonings.com\\\/de\\\/?s={search_term_string}\"},\"query-input\":{\"@type\":\"PropertyValueSpecification\",\"valueRequired\":true,\"valueName\":\"search_term_string\"}}],\"inLanguage\":\"de\"},{\"@type\":\"Organization\",\"@id\":\"https:\\\/\\\/www.koonings.com\\\/de\\\/#organization\",\"name\":\"Koonings\",\"url\":\"https:\\\/\\\/www.koonings.com\\\/de\\\/\",\"logo\":{\"@type\":\"ImageObject\",\"inLanguage\":\"de\",\"@id\":\"https:\\\/\\\/www.koonings.com\\\/de\\\/#\\\/schema\\\/logo\\\/image\\\/\",\"url\":\"https:\\\/\\\/www.koonings.com\\\/wp-content\\\/uploads\\\/2024\\\/07\\\/logo.png\",\"contentUrl\":\"https:\\\/\\\/www.koonings.com\\\/wp-content\\\/uploads\\\/2024\\\/07\\\/logo.png\",\"width\":600,\"height\":428,\"caption\":\"Koonings\"},\"image\":{\"@id\":\"https:\\\/\\\/www.koonings.com\\\/de\\\/#\\\/schema\\\/logo\\\/image\\\/\"},\"sameAs\":[\"https:\\\/\\\/www.facebook.com\\\/kooningstheweddingpalace\",\"https:\\\/\\\/www.instagram.com\\\/kooningstheweddingpalace\",\"https:\\\/\\\/www.pinterest.com\\\/koonings\",\"https:\\\/\\\/www.youtube.com\\\/kooningstheweddingpalace\"]}]}<\/script>\n<!-- \/ Yoast SEO plugin. -->","yoast_head_json":{"title":"Ramona Koonings Couture KN2335 Lissabon | Koonings","description":"Ein glamour\u00f6ses A-Linien-Brautkleid mit einem romantischen weiten Rock. Das transparente Mieder hat einen tief ausgeschnittenen herzf\u00f6rmigen Ausschnitt und Schultertr\u00e4ger, die schulterfrei getragen werden k\u00f6nnen. Die winzigen Punkte im T\u00fcll sowie die Blumenapplikationen auf dem Mieder und dem Rock verleihen dem Kleid einen ganz besonderen Look.","robots":{"index":"index","follow":"follow","max-snippet":"max-snippet:-1","max-image-preview":"max-image-preview:large","max-video-preview":"max-video-preview:-1"},"canonical":"https:\/\/www.koonings.com\/de\/product\/ramona-koonings-couture-kn2335-lissabon\/","og_locale":"de_DE","og_type":"article","og_title":"Ramona Koonings Couture KN2335 Lissabon | Koonings","og_description":"Ein glamour\u00f6ses A-Linien-Brautkleid mit einem romantischen weiten Rock. Das transparente Mieder hat einen tief ausgeschnittenen herzf\u00f6rmigen Ausschnitt und Schultertr\u00e4ger, die schulterfrei getragen werden k\u00f6nnen. Die winzigen Punkte im T\u00fcll sowie die Blumenapplikationen auf dem Mieder und dem Rock verleihen dem Kleid einen ganz besonderen Look.","og_url":"https:\/\/www.koonings.com\/de\/product\/ramona-koonings-couture-kn2335-lissabon\/","og_site_name":"Koonings","article_publisher":"https:\/\/www.facebook.com\/kooningstheweddingpalace","article_modified_time":"2026-02-03T16:57:23+00:00","og_image":[{"width":1811,"height":2560,"url":"https:\/\/www.koonings.com\/wp-content\/uploads\/2024\/11\/37692_002e6091aa52a88327cfae4688d2b078907a1136158cbce6bf07d730b34bcfad2092d231-scaled.jpeg","type":"image\/jpeg"}],"twitter_card":"summary_large_image","schema":{"@context":"https:\/\/schema.org","@graph":[{"@type":"WebPage","@id":"https:\/\/www.koonings.com\/de\/product\/ramona-koonings-couture-kn2335-lissabon\/","url":"https:\/\/www.koonings.com\/de\/product\/ramona-koonings-couture-kn2335-lissabon\/","name":"Ramona Koonings Couture KN2335 Lissabon | Koonings","isPartOf":{"@id":"https:\/\/www.koonings.com\/de\/#website"},"primaryImageOfPage":{"@id":"https:\/\/www.koonings.com\/de\/product\/ramona-koonings-couture-kn2335-lissabon\/#primaryimage"},"image":{"@id":"https:\/\/www.koonings.com\/de\/product\/ramona-koonings-couture-kn2335-lissabon\/#primaryimage"},"thumbnailUrl":"https:\/\/www.koonings.com\/wp-content\/uploads\/2024\/11\/37692_002e6091aa52a88327cfae4688d2b078907a1136158cbce6bf07d730b34bcfad2092d231-scaled.jpeg","datePublished":"2025-12-14T23:12:05+00:00","dateModified":"2026-02-03T16:57:23+00:00","description":"Ein glamour\u00f6ses A-Linien-Brautkleid mit einem romantischen weiten Rock. Das transparente Mieder hat einen tief ausgeschnittenen herzf\u00f6rmigen Ausschnitt und Schultertr\u00e4ger, die schulterfrei getragen werden k\u00f6nnen. Die winzigen Punkte im T\u00fcll sowie die Blumenapplikationen auf dem Mieder und dem Rock verleihen dem Kleid einen ganz besonderen Look.","breadcrumb":{"@id":"https:\/\/www.koonings.com\/de\/product\/ramona-koonings-couture-kn2335-lissabon\/#breadcrumb"},"inLanguage":"de","potentialAction":[{"@type":"ReadAction","target":["https:\/\/www.koonings.com\/de\/product\/ramona-koonings-couture-kn2335-lissabon\/"]}]},{"@type":"ImageObject","inLanguage":"de","@id":"https:\/\/www.koonings.com\/de\/product\/ramona-koonings-couture-kn2335-lissabon\/#primaryimage","url":"https:\/\/www.koonings.com\/wp-content\/uploads\/2024\/11\/37692_002e6091aa52a88327cfae4688d2b078907a1136158cbce6bf07d730b34bcfad2092d231-scaled.jpeg","contentUrl":"https:\/\/www.koonings.com\/wp-content\/uploads\/2024\/11\/37692_002e6091aa52a88327cfae4688d2b078907a1136158cbce6bf07d730b34bcfad2092d231-scaled.jpeg","width":1811,"height":2560},{"@type":"BreadcrumbList","@id":"https:\/\/www.koonings.com\/de\/product\/ramona-koonings-couture-kn2335-lissabon\/#breadcrumb","itemListElement":[{"@type":"ListItem","position":1,"name":"Home","item":"https:\/\/www.koonings.com\/de\/"},{"@type":"ListItem","position":2,"name":"Ramona Koonings Couture KN2335 Lissabon"}]},{"@type":"WebSite","@id":"https:\/\/www.koonings.com\/de\/#website","url":"https:\/\/www.koonings.com\/de\/","name":"Koonings","description":"De grootste bruidsmodewinkel ter wereld","publisher":{"@id":"https:\/\/www.koonings.com\/de\/#organization"},"potentialAction":[{"@type":"SearchAction","target":{"@type":"EntryPoint","urlTemplate":"https:\/\/www.koonings.com\/de\/?s={search_term_string}"},"query-input":{"@type":"PropertyValueSpecification","valueRequired":true,"valueName":"search_term_string"}}],"inLanguage":"de"},{"@type":"Organization","@id":"https:\/\/www.koonings.com\/de\/#organization","name":"Koonings","url":"https:\/\/www.koonings.com\/de\/","logo":{"@type":"ImageObject","inLanguage":"de","@id":"https:\/\/www.koonings.com\/de\/#\/schema\/logo\/image\/","url":"https:\/\/www.koonings.com\/wp-content\/uploads\/2024\/07\/logo.png","contentUrl":"https:\/\/www.koonings.com\/wp-content\/uploads\/2024\/07\/logo.png","width":600,"height":428,"caption":"Koonings"},"image":{"@id":"https:\/\/www.koonings.com\/de\/#\/schema\/logo\/image\/"},"sameAs":["https:\/\/www.facebook.com\/kooningstheweddingpalace","https:\/\/www.instagram.com\/kooningstheweddingpalace","https:\/\/www.pinterest.com\/koonings","https:\/\/www.youtube.com\/kooningstheweddingpalace"]}]}},"_links":{"self":[{"href":"https:\/\/www.koonings.com\/de\/wp-json\/wp\/v2\/product\/33883","targetHints":{"allow":["GET"]}}],"collection":[{"href":"https:\/\/www.koonings.com\/de\/wp-json\/wp\/v2\/product"}],"about":[{"href":"https:\/\/www.koonings.com\/de\/wp-json\/wp\/v2\/types\/product"}],"wp:featuredmedia":[{"embeddable":true,"href":"https:\/\/www.koonings.com\/de\/wp-json\/wp\/v2\/media\/31571"}],"wp:attachment":[{"href":"https:\/\/www.koonings.com\/de\/wp-json\/wp\/v2\/media?parent=33883"}],"wp:term":[{"taxonomy":"productdetails","embeddable":true,"href":"https:\/\/www.koonings.com\/de\/wp-json\/wp\/v2\/productdetails?post=33883"},{"taxonomy":"productneck","embeddable":true,"href":"https:\/\/www.koonings.com\/de\/wp-json\/wp\/v2\/productneck?post=33883"},{"taxonomy":"productcolor","embeddable":true,"href":"https:\/\/www.koonings.com\/de\/wp-json\/wp\/v2\/productcolor?post=33883"},{"taxonomy":"maat","embeddable":true,"href":"https:\/\/www.koonings.com\/de\/wp-json\/wp\/v2\/maat?post=33883"},{"taxonomy":"productsupplier","embeddable":true,"href":"https:\/\/www.koonings.com\/de\/wp-json\/wp\/v2\/productsupplier?post=33883"},{"taxonomy":"productsleeve","embeddable":true,"href":"https:\/\/www.koonings.com\/de\/wp-json\/wp\/v2\/productsleeve?post=33883"},{"taxonomy":"productcategory","embeddable":true,"href":"https:\/\/www.koonings.com\/de\/wp-json\/wp\/v2\/productcategory?post=33883"},{"taxonomy":"productsilhouette","embeddable":true,"href":"https:\/\/www.koonings.com\/de\/wp-json\/wp\/v2\/productsilhouette?post=33883"},{"taxonomy":"productstyle","embeddable":true,"href":"https:\/\/www.koonings.com\/de\/wp-json\/wp\/v2\/productstyle?post=33883"}],"curies":[{"name":"wp","href":"https:\/\/api.w.org\/{rel}","templated":true}]}}