{"id":33879,"date":"2026-05-06T15:08:35","date_gmt":"2026-05-06T13:08:35","guid":{"rendered":"https:\/\/www.koonings.com\/product\/ramona-koonings-couture-kn2334-parma\/"},"modified":"2026-02-16T14:29:38","modified_gmt":"2026-02-16T13:29:38","slug":"ramona-koonings-couture-kn2334-parma","status":"publish","type":"product","link":"https:\/\/www.koonings.com\/de\/product\/ramona-koonings-couture-kn2334-parma\/","title":{"rendered":"Ramona Koonings Couture KN2334 Parma"},"content":{"rendered":"<p>Ein Hochzeitskleid in A-Linie ist ein Klassiker, der in jeder Kollektion zu finden ist, weil eine Braut in ihm immer gl\u00e4nzt. Das reiche Spitzendesign dieses schlichten tr\u00e4gerlosen Kleides sorgt daf\u00fcr, dass Sie, die Braut, am Hochzeitstag der strahlende Mittelpunkt der Aufmerksamkeit sind. Auch die superlangen Schmetterlings\u00e4rmel aus T\u00fcll passen perfekt zu diesem Modell.  <\/p>\n","protected":false},"featured_media":31554,"template":"","meta":{"_acf_changed":false,"ghostkit_customizer_options":"","ghostkit_custom_css":"","ghostkit_custom_js_head":"","ghostkit_custom_js_foot":"","ghostkit_typography":""},"productdetails":[379,376],"productneck":[354],"productcolor":[393,392],"maat":[],"productsupplier":[419],"productsleeve":[],"productcategory":[18],"productsilhouette":[384],"productstyle":[367],"class_list":["post-33879","product","type-product","status-publish","has-post-thumbnail","hentry","productdetails-379","productdetails-376","productneck-354","productcolor-393","productcolor-392","productsupplier-ramona-koonings-couture","productcategory-trouwjurken","productsilhouette-384","productstyle-367"],"acf":[],"yoast_head":"<!-- This site is optimized with the Yoast SEO plugin v27.3 - https:\/\/yoast.com\/product\/yoast-seo-wordpress\/ -->\n<title>Ramona Koonings Couture KN2334 Parma | Koonings<\/title>\n<meta name=\"description\" content=\"Ein Hochzeitskleid in A-Linie ist ein Klassiker, der in jeder Kollektion zu finden ist, weil eine Braut in ihm immer gl\u00e4nzt. Das reiche Spitzendesign dieses schlichten tr\u00e4gerlosen Kleides sorgt daf\u00fcr, dass Sie, die Braut, am Hochzeitstag der strahlende Mittelpunkt der Aufmerksamkeit sind. Auch die superlangen Schmetterlings\u00e4rmel aus T\u00fcll passen perfekt zu diesem Modell.\" \/>\n<meta name=\"robots\" content=\"index, follow, max-snippet:-1, max-image-preview:large, max-video-preview:-1\" \/>\n<link rel=\"canonical\" href=\"https:\/\/www.koonings.com\/de\/product\/ramona-koonings-couture-kn2334-parma\/\" \/>\n<meta property=\"og:locale\" content=\"de_DE\" \/>\n<meta property=\"og:type\" content=\"article\" \/>\n<meta property=\"og:title\" content=\"Ramona Koonings Couture KN2334 Parma | Koonings\" \/>\n<meta property=\"og:description\" content=\"Ein Hochzeitskleid in A-Linie ist ein Klassiker, der in jeder Kollektion zu finden ist, weil eine Braut in ihm immer gl\u00e4nzt. Das reiche Spitzendesign dieses schlichten tr\u00e4gerlosen Kleides sorgt daf\u00fcr, dass Sie, die Braut, am Hochzeitstag der strahlende Mittelpunkt der Aufmerksamkeit sind. Auch die superlangen Schmetterlings\u00e4rmel aus T\u00fcll passen perfekt zu diesem Modell.\" \/>\n<meta property=\"og:url\" content=\"https:\/\/www.koonings.com\/de\/product\/ramona-koonings-couture-kn2334-parma\/\" \/>\n<meta property=\"og:site_name\" content=\"Koonings\" \/>\n<meta property=\"article:publisher\" content=\"https:\/\/www.facebook.com\/kooningstheweddingpalace\" \/>\n<meta property=\"og:image\" content=\"https:\/\/www.koonings.com\/wp-content\/uploads\/2024\/11\/37691_d2b2e57fbf9e8bb7a19c43e09b22c31b26f07be6bb6353f9a90fc8ab7adf131931573d40-scaled.jpeg\" \/>\n\t<meta property=\"og:image:width\" content=\"1808\" \/>\n\t<meta property=\"og:image:height\" content=\"2560\" \/>\n\t<meta property=\"og:image:type\" content=\"image\/jpeg\" \/>\n<meta name=\"twitter:card\" content=\"summary_large_image\" \/>\n<script type=\"application\/ld+json\" class=\"yoast-schema-graph\">{\"@context\":\"https:\\\/\\\/schema.org\",\"@graph\":[{\"@type\":\"WebPage\",\"@id\":\"https:\\\/\\\/www.koonings.com\\\/de\\\/product\\\/ramona-koonings-couture-kn2334-parma\\\/\",\"url\":\"https:\\\/\\\/www.koonings.com\\\/de\\\/product\\\/ramona-koonings-couture-kn2334-parma\\\/\",\"name\":\"Ramona Koonings Couture KN2334 Parma | Koonings\",\"isPartOf\":{\"@id\":\"https:\\\/\\\/www.koonings.com\\\/de\\\/#website\"},\"primaryImageOfPage\":{\"@id\":\"https:\\\/\\\/www.koonings.com\\\/de\\\/product\\\/ramona-koonings-couture-kn2334-parma\\\/#primaryimage\"},\"image\":{\"@id\":\"https:\\\/\\\/www.koonings.com\\\/de\\\/product\\\/ramona-koonings-couture-kn2334-parma\\\/#primaryimage\"},\"thumbnailUrl\":\"https:\\\/\\\/www.koonings.com\\\/wp-content\\\/uploads\\\/2024\\\/11\\\/37691_d2b2e57fbf9e8bb7a19c43e09b22c31b26f07be6bb6353f9a90fc8ab7adf131931573d40-scaled.jpeg\",\"datePublished\":\"2026-05-06T13:08:35+00:00\",\"description\":\"Ein Hochzeitskleid in A-Linie ist ein Klassiker, der in jeder Kollektion zu finden ist, weil eine Braut in ihm immer gl\u00e4nzt. Das reiche Spitzendesign dieses schlichten tr\u00e4gerlosen Kleides sorgt daf\u00fcr, dass Sie, die Braut, am Hochzeitstag der strahlende Mittelpunkt der Aufmerksamkeit sind. Auch die superlangen Schmetterlings\u00e4rmel aus T\u00fcll passen perfekt zu diesem Modell.\",\"breadcrumb\":{\"@id\":\"https:\\\/\\\/www.koonings.com\\\/de\\\/product\\\/ramona-koonings-couture-kn2334-parma\\\/#breadcrumb\"},\"inLanguage\":\"de\",\"potentialAction\":[{\"@type\":\"ReadAction\",\"target\":[\"https:\\\/\\\/www.koonings.com\\\/de\\\/product\\\/ramona-koonings-couture-kn2334-parma\\\/\"]}]},{\"@type\":\"ImageObject\",\"inLanguage\":\"de\",\"@id\":\"https:\\\/\\\/www.koonings.com\\\/de\\\/product\\\/ramona-koonings-couture-kn2334-parma\\\/#primaryimage\",\"url\":\"https:\\\/\\\/www.koonings.com\\\/wp-content\\\/uploads\\\/2024\\\/11\\\/37691_d2b2e57fbf9e8bb7a19c43e09b22c31b26f07be6bb6353f9a90fc8ab7adf131931573d40-scaled.jpeg\",\"contentUrl\":\"https:\\\/\\\/www.koonings.com\\\/wp-content\\\/uploads\\\/2024\\\/11\\\/37691_d2b2e57fbf9e8bb7a19c43e09b22c31b26f07be6bb6353f9a90fc8ab7adf131931573d40-scaled.jpeg\",\"width\":1808,\"height\":2560},{\"@type\":\"BreadcrumbList\",\"@id\":\"https:\\\/\\\/www.koonings.com\\\/de\\\/product\\\/ramona-koonings-couture-kn2334-parma\\\/#breadcrumb\",\"itemListElement\":[{\"@type\":\"ListItem\",\"position\":1,\"name\":\"Home\",\"item\":\"https:\\\/\\\/www.koonings.com\\\/de\\\/\"},{\"@type\":\"ListItem\",\"position\":2,\"name\":\"Ramona Koonings Couture KN2334 Parma\"}]},{\"@type\":\"WebSite\",\"@id\":\"https:\\\/\\\/www.koonings.com\\\/de\\\/#website\",\"url\":\"https:\\\/\\\/www.koonings.com\\\/de\\\/\",\"name\":\"Koonings\",\"description\":\"De grootste bruidsmodewinkel ter wereld\",\"publisher\":{\"@id\":\"https:\\\/\\\/www.koonings.com\\\/de\\\/#organization\"},\"potentialAction\":[{\"@type\":\"SearchAction\",\"target\":{\"@type\":\"EntryPoint\",\"urlTemplate\":\"https:\\\/\\\/www.koonings.com\\\/de\\\/?s={search_term_string}\"},\"query-input\":{\"@type\":\"PropertyValueSpecification\",\"valueRequired\":true,\"valueName\":\"search_term_string\"}}],\"inLanguage\":\"de\"},{\"@type\":\"Organization\",\"@id\":\"https:\\\/\\\/www.koonings.com\\\/de\\\/#organization\",\"name\":\"Koonings\",\"url\":\"https:\\\/\\\/www.koonings.com\\\/de\\\/\",\"logo\":{\"@type\":\"ImageObject\",\"inLanguage\":\"de\",\"@id\":\"https:\\\/\\\/www.koonings.com\\\/de\\\/#\\\/schema\\\/logo\\\/image\\\/\",\"url\":\"https:\\\/\\\/www.koonings.com\\\/wp-content\\\/uploads\\\/2024\\\/07\\\/logo.png\",\"contentUrl\":\"https:\\\/\\\/www.koonings.com\\\/wp-content\\\/uploads\\\/2024\\\/07\\\/logo.png\",\"width\":600,\"height\":428,\"caption\":\"Koonings\"},\"image\":{\"@id\":\"https:\\\/\\\/www.koonings.com\\\/de\\\/#\\\/schema\\\/logo\\\/image\\\/\"},\"sameAs\":[\"https:\\\/\\\/www.facebook.com\\\/kooningstheweddingpalace\",\"https:\\\/\\\/www.instagram.com\\\/kooningstheweddingpalace\",\"https:\\\/\\\/www.pinterest.com\\\/koonings\",\"https:\\\/\\\/www.youtube.com\\\/kooningstheweddingpalace\"]}]}<\/script>\n<!-- \/ Yoast SEO plugin. -->","yoast_head_json":{"title":"Ramona Koonings Couture KN2334 Parma | Koonings","description":"Ein Hochzeitskleid in A-Linie ist ein Klassiker, der in jeder Kollektion zu finden ist, weil eine Braut in ihm immer gl\u00e4nzt. Das reiche Spitzendesign dieses schlichten tr\u00e4gerlosen Kleides sorgt daf\u00fcr, dass Sie, die Braut, am Hochzeitstag der strahlende Mittelpunkt der Aufmerksamkeit sind. Auch die superlangen Schmetterlings\u00e4rmel aus T\u00fcll passen perfekt zu diesem Modell.","robots":{"index":"index","follow":"follow","max-snippet":"max-snippet:-1","max-image-preview":"max-image-preview:large","max-video-preview":"max-video-preview:-1"},"canonical":"https:\/\/www.koonings.com\/de\/product\/ramona-koonings-couture-kn2334-parma\/","og_locale":"de_DE","og_type":"article","og_title":"Ramona Koonings Couture KN2334 Parma | Koonings","og_description":"Ein Hochzeitskleid in A-Linie ist ein Klassiker, der in jeder Kollektion zu finden ist, weil eine Braut in ihm immer gl\u00e4nzt. Das reiche Spitzendesign dieses schlichten tr\u00e4gerlosen Kleides sorgt daf\u00fcr, dass Sie, die Braut, am Hochzeitstag der strahlende Mittelpunkt der Aufmerksamkeit sind. Auch die superlangen Schmetterlings\u00e4rmel aus T\u00fcll passen perfekt zu diesem Modell.","og_url":"https:\/\/www.koonings.com\/de\/product\/ramona-koonings-couture-kn2334-parma\/","og_site_name":"Koonings","article_publisher":"https:\/\/www.facebook.com\/kooningstheweddingpalace","og_image":[{"width":1808,"height":2560,"url":"https:\/\/www.koonings.com\/wp-content\/uploads\/2024\/11\/37691_d2b2e57fbf9e8bb7a19c43e09b22c31b26f07be6bb6353f9a90fc8ab7adf131931573d40-scaled.jpeg","type":"image\/jpeg"}],"twitter_card":"summary_large_image","schema":{"@context":"https:\/\/schema.org","@graph":[{"@type":"WebPage","@id":"https:\/\/www.koonings.com\/de\/product\/ramona-koonings-couture-kn2334-parma\/","url":"https:\/\/www.koonings.com\/de\/product\/ramona-koonings-couture-kn2334-parma\/","name":"Ramona Koonings Couture KN2334 Parma | Koonings","isPartOf":{"@id":"https:\/\/www.koonings.com\/de\/#website"},"primaryImageOfPage":{"@id":"https:\/\/www.koonings.com\/de\/product\/ramona-koonings-couture-kn2334-parma\/#primaryimage"},"image":{"@id":"https:\/\/www.koonings.com\/de\/product\/ramona-koonings-couture-kn2334-parma\/#primaryimage"},"thumbnailUrl":"https:\/\/www.koonings.com\/wp-content\/uploads\/2024\/11\/37691_d2b2e57fbf9e8bb7a19c43e09b22c31b26f07be6bb6353f9a90fc8ab7adf131931573d40-scaled.jpeg","datePublished":"2026-05-06T13:08:35+00:00","description":"Ein Hochzeitskleid in A-Linie ist ein Klassiker, der in jeder Kollektion zu finden ist, weil eine Braut in ihm immer gl\u00e4nzt. Das reiche Spitzendesign dieses schlichten tr\u00e4gerlosen Kleides sorgt daf\u00fcr, dass Sie, die Braut, am Hochzeitstag der strahlende Mittelpunkt der Aufmerksamkeit sind. Auch die superlangen Schmetterlings\u00e4rmel aus T\u00fcll passen perfekt zu diesem Modell.","breadcrumb":{"@id":"https:\/\/www.koonings.com\/de\/product\/ramona-koonings-couture-kn2334-parma\/#breadcrumb"},"inLanguage":"de","potentialAction":[{"@type":"ReadAction","target":["https:\/\/www.koonings.com\/de\/product\/ramona-koonings-couture-kn2334-parma\/"]}]},{"@type":"ImageObject","inLanguage":"de","@id":"https:\/\/www.koonings.com\/de\/product\/ramona-koonings-couture-kn2334-parma\/#primaryimage","url":"https:\/\/www.koonings.com\/wp-content\/uploads\/2024\/11\/37691_d2b2e57fbf9e8bb7a19c43e09b22c31b26f07be6bb6353f9a90fc8ab7adf131931573d40-scaled.jpeg","contentUrl":"https:\/\/www.koonings.com\/wp-content\/uploads\/2024\/11\/37691_d2b2e57fbf9e8bb7a19c43e09b22c31b26f07be6bb6353f9a90fc8ab7adf131931573d40-scaled.jpeg","width":1808,"height":2560},{"@type":"BreadcrumbList","@id":"https:\/\/www.koonings.com\/de\/product\/ramona-koonings-couture-kn2334-parma\/#breadcrumb","itemListElement":[{"@type":"ListItem","position":1,"name":"Home","item":"https:\/\/www.koonings.com\/de\/"},{"@type":"ListItem","position":2,"name":"Ramona Koonings Couture KN2334 Parma"}]},{"@type":"WebSite","@id":"https:\/\/www.koonings.com\/de\/#website","url":"https:\/\/www.koonings.com\/de\/","name":"Koonings","description":"De grootste bruidsmodewinkel ter wereld","publisher":{"@id":"https:\/\/www.koonings.com\/de\/#organization"},"potentialAction":[{"@type":"SearchAction","target":{"@type":"EntryPoint","urlTemplate":"https:\/\/www.koonings.com\/de\/?s={search_term_string}"},"query-input":{"@type":"PropertyValueSpecification","valueRequired":true,"valueName":"search_term_string"}}],"inLanguage":"de"},{"@type":"Organization","@id":"https:\/\/www.koonings.com\/de\/#organization","name":"Koonings","url":"https:\/\/www.koonings.com\/de\/","logo":{"@type":"ImageObject","inLanguage":"de","@id":"https:\/\/www.koonings.com\/de\/#\/schema\/logo\/image\/","url":"https:\/\/www.koonings.com\/wp-content\/uploads\/2024\/07\/logo.png","contentUrl":"https:\/\/www.koonings.com\/wp-content\/uploads\/2024\/07\/logo.png","width":600,"height":428,"caption":"Koonings"},"image":{"@id":"https:\/\/www.koonings.com\/de\/#\/schema\/logo\/image\/"},"sameAs":["https:\/\/www.facebook.com\/kooningstheweddingpalace","https:\/\/www.instagram.com\/kooningstheweddingpalace","https:\/\/www.pinterest.com\/koonings","https:\/\/www.youtube.com\/kooningstheweddingpalace"]}]}},"_links":{"self":[{"href":"https:\/\/www.koonings.com\/de\/wp-json\/wp\/v2\/product\/33879","targetHints":{"allow":["GET"]}}],"collection":[{"href":"https:\/\/www.koonings.com\/de\/wp-json\/wp\/v2\/product"}],"about":[{"href":"https:\/\/www.koonings.com\/de\/wp-json\/wp\/v2\/types\/product"}],"wp:featuredmedia":[{"embeddable":true,"href":"https:\/\/www.koonings.com\/de\/wp-json\/wp\/v2\/media\/31554"}],"wp:attachment":[{"href":"https:\/\/www.koonings.com\/de\/wp-json\/wp\/v2\/media?parent=33879"}],"wp:term":[{"taxonomy":"productdetails","embeddable":true,"href":"https:\/\/www.koonings.com\/de\/wp-json\/wp\/v2\/productdetails?post=33879"},{"taxonomy":"productneck","embeddable":true,"href":"https:\/\/www.koonings.com\/de\/wp-json\/wp\/v2\/productneck?post=33879"},{"taxonomy":"productcolor","embeddable":true,"href":"https:\/\/www.koonings.com\/de\/wp-json\/wp\/v2\/productcolor?post=33879"},{"taxonomy":"maat","embeddable":true,"href":"https:\/\/www.koonings.com\/de\/wp-json\/wp\/v2\/maat?post=33879"},{"taxonomy":"productsupplier","embeddable":true,"href":"https:\/\/www.koonings.com\/de\/wp-json\/wp\/v2\/productsupplier?post=33879"},{"taxonomy":"productsleeve","embeddable":true,"href":"https:\/\/www.koonings.com\/de\/wp-json\/wp\/v2\/productsleeve?post=33879"},{"taxonomy":"productcategory","embeddable":true,"href":"https:\/\/www.koonings.com\/de\/wp-json\/wp\/v2\/productcategory?post=33879"},{"taxonomy":"productsilhouette","embeddable":true,"href":"https:\/\/www.koonings.com\/de\/wp-json\/wp\/v2\/productsilhouette?post=33879"},{"taxonomy":"productstyle","embeddable":true,"href":"https:\/\/www.koonings.com\/de\/wp-json\/wp\/v2\/productstyle?post=33879"}],"curies":[{"name":"wp","href":"https:\/\/api.w.org\/{rel}","templated":true}]}}