{"id":33651,"date":"2025-12-15T00:10:31","date_gmt":"2025-12-14T23:10:31","guid":{"rendered":"https:\/\/www.koonings.com\/product\/demetrios-platinum-dp467-tr\/"},"modified":"2026-02-03T17:53:14","modified_gmt":"2026-02-03T16:53:14","slug":"demetrios-platinum-dp467-tr","status":"publish","type":"product","link":"https:\/\/www.koonings.com\/de\/product\/demetrios-platinum-dp467-tr\/","title":{"rendered":"Demetrios Platin DP467 +TR"},"content":{"rendered":"<p>Suchen Sie ein bezauberndes Kleid, das zwei Looks in einem bietet? Dieses atemberaubende Hochzeitskleid aus der Demetrios Platinum Kollektion bietet beides. Glitzernder T\u00fcll ragt hinter einer Perlenstickerei hervor. Es hat eine ausgestellte Silhouette, lange \u00c4rmel, einen V-Ausschnitt vorne und einen tiefen V-R\u00fccken. Das Kleid kann mit einer bezaubernden abnehmbaren Schleppe angefertigt werden, DP467TR.   <\/p>\n","protected":false},"featured_media":30201,"template":"","meta":{"_acf_changed":false,"ghostkit_customizer_options":"","ghostkit_custom_css":"","ghostkit_custom_js_head":"","ghostkit_custom_js_foot":"","ghostkit_typography":""},"productdetails":[379,380,376,381],"productneck":[356],"productcolor":[392],"maat":[],"productsupplier":[403],"productsleeve":[362],"productcategory":[18],"productsilhouette":[387,391],"productstyle":[366,370],"class_list":["post-33651","product","type-product","status-publish","has-post-thumbnail","hentry","productdetails-379","productdetails-380","productdetails-376","productdetails-381","productneck-356","productcolor-392","productsupplier-demetrios-platinum","productsleeve-362","productcategory-trouwjurken","productsilhouette-387","productsilhouette-391","productstyle-366","productstyle-370"],"acf":[],"yoast_head":"<!-- This site is optimized with the Yoast SEO plugin v27.3 - https:\/\/yoast.com\/product\/yoast-seo-wordpress\/ -->\n<title>Demetrios Platin DP467 +TR | Koonings<\/title>\n<meta name=\"description\" content=\"Suchen Sie ein bezauberndes Kleid, das zwei Looks in einem bietet? Dieses atemberaubende Hochzeitskleid aus der Demetrios Platinum Kollektion bietet beides. Glitzernder T\u00fcll ragt hinter einer Perlenstickerei hervor. Es hat eine ausgestellte Silhouette, lange \u00c4rmel, einen V-Ausschnitt vorne und einen tiefen V-R\u00fccken. Das Kleid kann mit einer bezaubernden abnehmbaren Schleppe angefertigt werden, DP467TR.\" \/>\n<meta name=\"robots\" content=\"index, follow, max-snippet:-1, max-image-preview:large, max-video-preview:-1\" \/>\n<link rel=\"canonical\" href=\"https:\/\/www.koonings.com\/de\/product\/demetrios-platinum-dp467-tr\/\" \/>\n<meta property=\"og:locale\" content=\"de_DE\" \/>\n<meta property=\"og:type\" content=\"article\" \/>\n<meta property=\"og:title\" content=\"Demetrios Platin DP467 +TR | Koonings\" \/>\n<meta property=\"og:description\" content=\"Suchen Sie ein bezauberndes Kleid, das zwei Looks in einem bietet? Dieses atemberaubende Hochzeitskleid aus der Demetrios Platinum Kollektion bietet beides. Glitzernder T\u00fcll ragt hinter einer Perlenstickerei hervor. Es hat eine ausgestellte Silhouette, lange \u00c4rmel, einen V-Ausschnitt vorne und einen tiefen V-R\u00fccken. Das Kleid kann mit einer bezaubernden abnehmbaren Schleppe angefertigt werden, DP467TR.\" \/>\n<meta property=\"og:url\" content=\"https:\/\/www.koonings.com\/de\/product\/demetrios-platinum-dp467-tr\/\" \/>\n<meta property=\"og:site_name\" content=\"Koonings\" \/>\n<meta property=\"article:publisher\" content=\"https:\/\/www.facebook.com\/kooningstheweddingpalace\" \/>\n<meta property=\"article:modified_time\" content=\"2026-02-03T16:53:14+00:00\" \/>\n<meta property=\"og:image\" content=\"https:\/\/www.koonings.com\/wp-content\/uploads\/2024\/11\/37494_9c77a29a2e812cd255de0f5485e5805f5276267685aa50c43c10b9b03549128e558741e6.jpeg\" \/>\n\t<meta property=\"og:image:width\" content=\"1527\" \/>\n\t<meta property=\"og:image:height\" content=\"2160\" \/>\n\t<meta property=\"og:image:type\" content=\"image\/jpeg\" \/>\n<meta name=\"twitter:card\" content=\"summary_large_image\" \/>\n<script type=\"application\/ld+json\" class=\"yoast-schema-graph\">{\"@context\":\"https:\\\/\\\/schema.org\",\"@graph\":[{\"@type\":\"WebPage\",\"@id\":\"https:\\\/\\\/www.koonings.com\\\/de\\\/product\\\/demetrios-platinum-dp467-tr\\\/\",\"url\":\"https:\\\/\\\/www.koonings.com\\\/de\\\/product\\\/demetrios-platinum-dp467-tr\\\/\",\"name\":\"Demetrios Platin DP467 +TR | Koonings\",\"isPartOf\":{\"@id\":\"https:\\\/\\\/www.koonings.com\\\/de\\\/#website\"},\"primaryImageOfPage\":{\"@id\":\"https:\\\/\\\/www.koonings.com\\\/de\\\/product\\\/demetrios-platinum-dp467-tr\\\/#primaryimage\"},\"image\":{\"@id\":\"https:\\\/\\\/www.koonings.com\\\/de\\\/product\\\/demetrios-platinum-dp467-tr\\\/#primaryimage\"},\"thumbnailUrl\":\"https:\\\/\\\/www.koonings.com\\\/wp-content\\\/uploads\\\/2024\\\/11\\\/37494_9c77a29a2e812cd255de0f5485e5805f5276267685aa50c43c10b9b03549128e558741e6.jpeg\",\"datePublished\":\"2025-12-14T23:10:31+00:00\",\"dateModified\":\"2026-02-03T16:53:14+00:00\",\"description\":\"Suchen Sie ein bezauberndes Kleid, das zwei Looks in einem bietet? Dieses atemberaubende Hochzeitskleid aus der Demetrios Platinum Kollektion bietet beides. Glitzernder T\u00fcll ragt hinter einer Perlenstickerei hervor. Es hat eine ausgestellte Silhouette, lange \u00c4rmel, einen V-Ausschnitt vorne und einen tiefen V-R\u00fccken. Das Kleid kann mit einer bezaubernden abnehmbaren Schleppe angefertigt werden, DP467TR.\",\"breadcrumb\":{\"@id\":\"https:\\\/\\\/www.koonings.com\\\/de\\\/product\\\/demetrios-platinum-dp467-tr\\\/#breadcrumb\"},\"inLanguage\":\"de\",\"potentialAction\":[{\"@type\":\"ReadAction\",\"target\":[\"https:\\\/\\\/www.koonings.com\\\/de\\\/product\\\/demetrios-platinum-dp467-tr\\\/\"]}]},{\"@type\":\"ImageObject\",\"inLanguage\":\"de\",\"@id\":\"https:\\\/\\\/www.koonings.com\\\/de\\\/product\\\/demetrios-platinum-dp467-tr\\\/#primaryimage\",\"url\":\"https:\\\/\\\/www.koonings.com\\\/wp-content\\\/uploads\\\/2024\\\/11\\\/37494_9c77a29a2e812cd255de0f5485e5805f5276267685aa50c43c10b9b03549128e558741e6.jpeg\",\"contentUrl\":\"https:\\\/\\\/www.koonings.com\\\/wp-content\\\/uploads\\\/2024\\\/11\\\/37494_9c77a29a2e812cd255de0f5485e5805f5276267685aa50c43c10b9b03549128e558741e6.jpeg\",\"width\":1527,\"height\":2160},{\"@type\":\"BreadcrumbList\",\"@id\":\"https:\\\/\\\/www.koonings.com\\\/de\\\/product\\\/demetrios-platinum-dp467-tr\\\/#breadcrumb\",\"itemListElement\":[{\"@type\":\"ListItem\",\"position\":1,\"name\":\"Home\",\"item\":\"https:\\\/\\\/www.koonings.com\\\/de\\\/\"},{\"@type\":\"ListItem\",\"position\":2,\"name\":\"Demetrios Platin DP467 +TR\"}]},{\"@type\":\"WebSite\",\"@id\":\"https:\\\/\\\/www.koonings.com\\\/de\\\/#website\",\"url\":\"https:\\\/\\\/www.koonings.com\\\/de\\\/\",\"name\":\"Koonings\",\"description\":\"De grootste bruidsmodewinkel ter wereld\",\"publisher\":{\"@id\":\"https:\\\/\\\/www.koonings.com\\\/de\\\/#organization\"},\"potentialAction\":[{\"@type\":\"SearchAction\",\"target\":{\"@type\":\"EntryPoint\",\"urlTemplate\":\"https:\\\/\\\/www.koonings.com\\\/de\\\/?s={search_term_string}\"},\"query-input\":{\"@type\":\"PropertyValueSpecification\",\"valueRequired\":true,\"valueName\":\"search_term_string\"}}],\"inLanguage\":\"de\"},{\"@type\":\"Organization\",\"@id\":\"https:\\\/\\\/www.koonings.com\\\/de\\\/#organization\",\"name\":\"Koonings\",\"url\":\"https:\\\/\\\/www.koonings.com\\\/de\\\/\",\"logo\":{\"@type\":\"ImageObject\",\"inLanguage\":\"de\",\"@id\":\"https:\\\/\\\/www.koonings.com\\\/de\\\/#\\\/schema\\\/logo\\\/image\\\/\",\"url\":\"https:\\\/\\\/www.koonings.com\\\/wp-content\\\/uploads\\\/2024\\\/07\\\/logo.png\",\"contentUrl\":\"https:\\\/\\\/www.koonings.com\\\/wp-content\\\/uploads\\\/2024\\\/07\\\/logo.png\",\"width\":600,\"height\":428,\"caption\":\"Koonings\"},\"image\":{\"@id\":\"https:\\\/\\\/www.koonings.com\\\/de\\\/#\\\/schema\\\/logo\\\/image\\\/\"},\"sameAs\":[\"https:\\\/\\\/www.facebook.com\\\/kooningstheweddingpalace\",\"https:\\\/\\\/www.instagram.com\\\/kooningstheweddingpalace\",\"https:\\\/\\\/www.pinterest.com\\\/koonings\",\"https:\\\/\\\/www.youtube.com\\\/kooningstheweddingpalace\"]}]}<\/script>\n<!-- \/ Yoast SEO plugin. -->","yoast_head_json":{"title":"Demetrios Platin DP467 +TR | Koonings","description":"Suchen Sie ein bezauberndes Kleid, das zwei Looks in einem bietet? Dieses atemberaubende Hochzeitskleid aus der Demetrios Platinum Kollektion bietet beides. Glitzernder T\u00fcll ragt hinter einer Perlenstickerei hervor. Es hat eine ausgestellte Silhouette, lange \u00c4rmel, einen V-Ausschnitt vorne und einen tiefen V-R\u00fccken. Das Kleid kann mit einer bezaubernden abnehmbaren Schleppe angefertigt werden, DP467TR.","robots":{"index":"index","follow":"follow","max-snippet":"max-snippet:-1","max-image-preview":"max-image-preview:large","max-video-preview":"max-video-preview:-1"},"canonical":"https:\/\/www.koonings.com\/de\/product\/demetrios-platinum-dp467-tr\/","og_locale":"de_DE","og_type":"article","og_title":"Demetrios Platin DP467 +TR | Koonings","og_description":"Suchen Sie ein bezauberndes Kleid, das zwei Looks in einem bietet? Dieses atemberaubende Hochzeitskleid aus der Demetrios Platinum Kollektion bietet beides. Glitzernder T\u00fcll ragt hinter einer Perlenstickerei hervor. Es hat eine ausgestellte Silhouette, lange \u00c4rmel, einen V-Ausschnitt vorne und einen tiefen V-R\u00fccken. Das Kleid kann mit einer bezaubernden abnehmbaren Schleppe angefertigt werden, DP467TR.","og_url":"https:\/\/www.koonings.com\/de\/product\/demetrios-platinum-dp467-tr\/","og_site_name":"Koonings","article_publisher":"https:\/\/www.facebook.com\/kooningstheweddingpalace","article_modified_time":"2026-02-03T16:53:14+00:00","og_image":[{"width":1527,"height":2160,"url":"https:\/\/www.koonings.com\/wp-content\/uploads\/2024\/11\/37494_9c77a29a2e812cd255de0f5485e5805f5276267685aa50c43c10b9b03549128e558741e6.jpeg","type":"image\/jpeg"}],"twitter_card":"summary_large_image","schema":{"@context":"https:\/\/schema.org","@graph":[{"@type":"WebPage","@id":"https:\/\/www.koonings.com\/de\/product\/demetrios-platinum-dp467-tr\/","url":"https:\/\/www.koonings.com\/de\/product\/demetrios-platinum-dp467-tr\/","name":"Demetrios Platin DP467 +TR | Koonings","isPartOf":{"@id":"https:\/\/www.koonings.com\/de\/#website"},"primaryImageOfPage":{"@id":"https:\/\/www.koonings.com\/de\/product\/demetrios-platinum-dp467-tr\/#primaryimage"},"image":{"@id":"https:\/\/www.koonings.com\/de\/product\/demetrios-platinum-dp467-tr\/#primaryimage"},"thumbnailUrl":"https:\/\/www.koonings.com\/wp-content\/uploads\/2024\/11\/37494_9c77a29a2e812cd255de0f5485e5805f5276267685aa50c43c10b9b03549128e558741e6.jpeg","datePublished":"2025-12-14T23:10:31+00:00","dateModified":"2026-02-03T16:53:14+00:00","description":"Suchen Sie ein bezauberndes Kleid, das zwei Looks in einem bietet? Dieses atemberaubende Hochzeitskleid aus der Demetrios Platinum Kollektion bietet beides. Glitzernder T\u00fcll ragt hinter einer Perlenstickerei hervor. Es hat eine ausgestellte Silhouette, lange \u00c4rmel, einen V-Ausschnitt vorne und einen tiefen V-R\u00fccken. Das Kleid kann mit einer bezaubernden abnehmbaren Schleppe angefertigt werden, DP467TR.","breadcrumb":{"@id":"https:\/\/www.koonings.com\/de\/product\/demetrios-platinum-dp467-tr\/#breadcrumb"},"inLanguage":"de","potentialAction":[{"@type":"ReadAction","target":["https:\/\/www.koonings.com\/de\/product\/demetrios-platinum-dp467-tr\/"]}]},{"@type":"ImageObject","inLanguage":"de","@id":"https:\/\/www.koonings.com\/de\/product\/demetrios-platinum-dp467-tr\/#primaryimage","url":"https:\/\/www.koonings.com\/wp-content\/uploads\/2024\/11\/37494_9c77a29a2e812cd255de0f5485e5805f5276267685aa50c43c10b9b03549128e558741e6.jpeg","contentUrl":"https:\/\/www.koonings.com\/wp-content\/uploads\/2024\/11\/37494_9c77a29a2e812cd255de0f5485e5805f5276267685aa50c43c10b9b03549128e558741e6.jpeg","width":1527,"height":2160},{"@type":"BreadcrumbList","@id":"https:\/\/www.koonings.com\/de\/product\/demetrios-platinum-dp467-tr\/#breadcrumb","itemListElement":[{"@type":"ListItem","position":1,"name":"Home","item":"https:\/\/www.koonings.com\/de\/"},{"@type":"ListItem","position":2,"name":"Demetrios Platin DP467 +TR"}]},{"@type":"WebSite","@id":"https:\/\/www.koonings.com\/de\/#website","url":"https:\/\/www.koonings.com\/de\/","name":"Koonings","description":"De grootste bruidsmodewinkel ter wereld","publisher":{"@id":"https:\/\/www.koonings.com\/de\/#organization"},"potentialAction":[{"@type":"SearchAction","target":{"@type":"EntryPoint","urlTemplate":"https:\/\/www.koonings.com\/de\/?s={search_term_string}"},"query-input":{"@type":"PropertyValueSpecification","valueRequired":true,"valueName":"search_term_string"}}],"inLanguage":"de"},{"@type":"Organization","@id":"https:\/\/www.koonings.com\/de\/#organization","name":"Koonings","url":"https:\/\/www.koonings.com\/de\/","logo":{"@type":"ImageObject","inLanguage":"de","@id":"https:\/\/www.koonings.com\/de\/#\/schema\/logo\/image\/","url":"https:\/\/www.koonings.com\/wp-content\/uploads\/2024\/07\/logo.png","contentUrl":"https:\/\/www.koonings.com\/wp-content\/uploads\/2024\/07\/logo.png","width":600,"height":428,"caption":"Koonings"},"image":{"@id":"https:\/\/www.koonings.com\/de\/#\/schema\/logo\/image\/"},"sameAs":["https:\/\/www.facebook.com\/kooningstheweddingpalace","https:\/\/www.instagram.com\/kooningstheweddingpalace","https:\/\/www.pinterest.com\/koonings","https:\/\/www.youtube.com\/kooningstheweddingpalace"]}]}},"_links":{"self":[{"href":"https:\/\/www.koonings.com\/de\/wp-json\/wp\/v2\/product\/33651","targetHints":{"allow":["GET"]}}],"collection":[{"href":"https:\/\/www.koonings.com\/de\/wp-json\/wp\/v2\/product"}],"about":[{"href":"https:\/\/www.koonings.com\/de\/wp-json\/wp\/v2\/types\/product"}],"wp:featuredmedia":[{"embeddable":true,"href":"https:\/\/www.koonings.com\/de\/wp-json\/wp\/v2\/media\/30201"}],"wp:attachment":[{"href":"https:\/\/www.koonings.com\/de\/wp-json\/wp\/v2\/media?parent=33651"}],"wp:term":[{"taxonomy":"productdetails","embeddable":true,"href":"https:\/\/www.koonings.com\/de\/wp-json\/wp\/v2\/productdetails?post=33651"},{"taxonomy":"productneck","embeddable":true,"href":"https:\/\/www.koonings.com\/de\/wp-json\/wp\/v2\/productneck?post=33651"},{"taxonomy":"productcolor","embeddable":true,"href":"https:\/\/www.koonings.com\/de\/wp-json\/wp\/v2\/productcolor?post=33651"},{"taxonomy":"maat","embeddable":true,"href":"https:\/\/www.koonings.com\/de\/wp-json\/wp\/v2\/maat?post=33651"},{"taxonomy":"productsupplier","embeddable":true,"href":"https:\/\/www.koonings.com\/de\/wp-json\/wp\/v2\/productsupplier?post=33651"},{"taxonomy":"productsleeve","embeddable":true,"href":"https:\/\/www.koonings.com\/de\/wp-json\/wp\/v2\/productsleeve?post=33651"},{"taxonomy":"productcategory","embeddable":true,"href":"https:\/\/www.koonings.com\/de\/wp-json\/wp\/v2\/productcategory?post=33651"},{"taxonomy":"productsilhouette","embeddable":true,"href":"https:\/\/www.koonings.com\/de\/wp-json\/wp\/v2\/productsilhouette?post=33651"},{"taxonomy":"productstyle","embeddable":true,"href":"https:\/\/www.koonings.com\/de\/wp-json\/wp\/v2\/productstyle?post=33651"}],"curies":[{"name":"wp","href":"https:\/\/api.w.org\/{rel}","templated":true}]}}