{"id":33594,"date":"2026-04-28T18:08:13","date_gmt":"2026-04-28T16:08:13","guid":{"rendered":"https:\/\/www.koonings.com\/product\/elysee-cassiopeia\/"},"modified":"2026-02-16T14:27:03","modified_gmt":"2026-02-16T13:27:03","slug":"elysee-cassiopeia","status":"publish","type":"product","link":"https:\/\/www.koonings.com\/de\/product\/elysee-cassiopeia\/","title":{"rendered":"Elysee Kassiopeia"},"content":{"rendered":"<p>Ein schillernder Blickfang, der es in sich hat! Dieses sexy Meerjungfrauen-Hochzeitskleid hat eine wundersch\u00f6ne Mischung aus glitzernden Blumen, Barock- und Chantilly-Spitze; wundersch\u00f6n geschichtet \u00fcber dem romantischen Mieder mit herzf\u00f6rmigem Ausschnitt und Illusionskorsett am R\u00fccken. Es hat au\u00dferdem sexy seitliche Ausschnitte, die den K\u00f6rper verl\u00e4ngern und konturieren und in den geschmeidigsten, weichsten Rock \u00fcbergehen.  <\/p>\n","protected":false},"featured_media":30487,"template":"","meta":{"_acf_changed":false,"ghostkit_customizer_options":"","ghostkit_custom_css":"","ghostkit_custom_js_head":"","ghostkit_custom_js_foot":"","ghostkit_typography":""},"productdetails":[],"productneck":[354],"productcolor":[392],"maat":[],"productsupplier":[427],"productsleeve":[],"productcategory":[18],"productsilhouette":[387,390],"productstyle":[366],"class_list":["post-33594","product","type-product","status-publish","has-post-thumbnail","hentry","productneck-354","productcolor-392","productsupplier-elysee","productcategory-trouwjurken","productsilhouette-387","productsilhouette-390","productstyle-366"],"acf":[],"yoast_head":"<!-- This site is optimized with the Yoast SEO plugin v27.3 - https:\/\/yoast.com\/product\/yoast-seo-wordpress\/ -->\n<title>Elysee Kassiopeia | Koonings<\/title>\n<meta name=\"description\" content=\"Ein schillernder Blickfang, der es in sich hat! Dieses sexy Meerjungfrauen-Hochzeitskleid hat eine wundersch\u00f6ne Mischung aus glitzernden Blumen, Barock- und Chantilly-Spitze; wundersch\u00f6n geschichtet \u00fcber dem romantischen Mieder mit herzf\u00f6rmigem Ausschnitt und Illusionskorsett am R\u00fccken. Es hat au\u00dferdem sexy seitliche Ausschnitte, die den K\u00f6rper verl\u00e4ngern und konturieren und in den geschmeidigsten, weichsten Rock \u00fcbergehen.\" \/>\n<meta name=\"robots\" content=\"index, follow, max-snippet:-1, max-image-preview:large, max-video-preview:-1\" \/>\n<link rel=\"canonical\" href=\"https:\/\/www.koonings.com\/de\/product\/elysee-cassiopeia\/\" \/>\n<meta property=\"og:locale\" content=\"de_DE\" \/>\n<meta property=\"og:type\" content=\"article\" \/>\n<meta property=\"og:title\" content=\"Elysee Kassiopeia | Koonings\" \/>\n<meta property=\"og:description\" content=\"Ein schillernder Blickfang, der es in sich hat! Dieses sexy Meerjungfrauen-Hochzeitskleid hat eine wundersch\u00f6ne Mischung aus glitzernden Blumen, Barock- und Chantilly-Spitze; wundersch\u00f6n geschichtet \u00fcber dem romantischen Mieder mit herzf\u00f6rmigem Ausschnitt und Illusionskorsett am R\u00fccken. Es hat au\u00dferdem sexy seitliche Ausschnitte, die den K\u00f6rper verl\u00e4ngern und konturieren und in den geschmeidigsten, weichsten Rock \u00fcbergehen.\" \/>\n<meta property=\"og:url\" content=\"https:\/\/www.koonings.com\/de\/product\/elysee-cassiopeia\/\" \/>\n<meta property=\"og:site_name\" content=\"Koonings\" \/>\n<meta property=\"article:publisher\" content=\"https:\/\/www.facebook.com\/kooningstheweddingpalace\" \/>\n<meta property=\"og:image\" content=\"https:\/\/www.koonings.com\/wp-content\/uploads\/2024\/11\/37537_579c051d8569477657d00e6eb25e8e2cdc22cc2e1af568da3b7f4333ef7485e7f1b397a9.jpeg\" \/>\n\t<meta property=\"og:image:width\" content=\"973\" \/>\n\t<meta property=\"og:image:height\" content=\"1377\" \/>\n\t<meta property=\"og:image:type\" content=\"image\/jpeg\" \/>\n<meta name=\"twitter:card\" content=\"summary_large_image\" \/>\n<script type=\"application\/ld+json\" class=\"yoast-schema-graph\">{\"@context\":\"https:\\\/\\\/schema.org\",\"@graph\":[{\"@type\":\"WebPage\",\"@id\":\"https:\\\/\\\/www.koonings.com\\\/de\\\/product\\\/elysee-cassiopeia\\\/\",\"url\":\"https:\\\/\\\/www.koonings.com\\\/de\\\/product\\\/elysee-cassiopeia\\\/\",\"name\":\"Elysee Kassiopeia | Koonings\",\"isPartOf\":{\"@id\":\"https:\\\/\\\/www.koonings.com\\\/de\\\/#website\"},\"primaryImageOfPage\":{\"@id\":\"https:\\\/\\\/www.koonings.com\\\/de\\\/product\\\/elysee-cassiopeia\\\/#primaryimage\"},\"image\":{\"@id\":\"https:\\\/\\\/www.koonings.com\\\/de\\\/product\\\/elysee-cassiopeia\\\/#primaryimage\"},\"thumbnailUrl\":\"https:\\\/\\\/www.koonings.com\\\/wp-content\\\/uploads\\\/2024\\\/11\\\/37537_579c051d8569477657d00e6eb25e8e2cdc22cc2e1af568da3b7f4333ef7485e7f1b397a9.jpeg\",\"datePublished\":\"2026-04-28T16:08:13+00:00\",\"description\":\"Ein schillernder Blickfang, der es in sich hat! Dieses sexy Meerjungfrauen-Hochzeitskleid hat eine wundersch\u00f6ne Mischung aus glitzernden Blumen, Barock- und Chantilly-Spitze; wundersch\u00f6n geschichtet \u00fcber dem romantischen Mieder mit herzf\u00f6rmigem Ausschnitt und Illusionskorsett am R\u00fccken. Es hat au\u00dferdem sexy seitliche Ausschnitte, die den K\u00f6rper verl\u00e4ngern und konturieren und in den geschmeidigsten, weichsten Rock \u00fcbergehen.\",\"breadcrumb\":{\"@id\":\"https:\\\/\\\/www.koonings.com\\\/de\\\/product\\\/elysee-cassiopeia\\\/#breadcrumb\"},\"inLanguage\":\"de\",\"potentialAction\":[{\"@type\":\"ReadAction\",\"target\":[\"https:\\\/\\\/www.koonings.com\\\/de\\\/product\\\/elysee-cassiopeia\\\/\"]}]},{\"@type\":\"ImageObject\",\"inLanguage\":\"de\",\"@id\":\"https:\\\/\\\/www.koonings.com\\\/de\\\/product\\\/elysee-cassiopeia\\\/#primaryimage\",\"url\":\"https:\\\/\\\/www.koonings.com\\\/wp-content\\\/uploads\\\/2024\\\/11\\\/37537_579c051d8569477657d00e6eb25e8e2cdc22cc2e1af568da3b7f4333ef7485e7f1b397a9.jpeg\",\"contentUrl\":\"https:\\\/\\\/www.koonings.com\\\/wp-content\\\/uploads\\\/2024\\\/11\\\/37537_579c051d8569477657d00e6eb25e8e2cdc22cc2e1af568da3b7f4333ef7485e7f1b397a9.jpeg\",\"width\":973,\"height\":1377},{\"@type\":\"BreadcrumbList\",\"@id\":\"https:\\\/\\\/www.koonings.com\\\/de\\\/product\\\/elysee-cassiopeia\\\/#breadcrumb\",\"itemListElement\":[{\"@type\":\"ListItem\",\"position\":1,\"name\":\"Home\",\"item\":\"https:\\\/\\\/www.koonings.com\\\/de\\\/\"},{\"@type\":\"ListItem\",\"position\":2,\"name\":\"Elysee Kassiopeia\"}]},{\"@type\":\"WebSite\",\"@id\":\"https:\\\/\\\/www.koonings.com\\\/de\\\/#website\",\"url\":\"https:\\\/\\\/www.koonings.com\\\/de\\\/\",\"name\":\"Koonings\",\"description\":\"De grootste bruidsmodewinkel ter wereld\",\"publisher\":{\"@id\":\"https:\\\/\\\/www.koonings.com\\\/de\\\/#organization\"},\"potentialAction\":[{\"@type\":\"SearchAction\",\"target\":{\"@type\":\"EntryPoint\",\"urlTemplate\":\"https:\\\/\\\/www.koonings.com\\\/de\\\/?s={search_term_string}\"},\"query-input\":{\"@type\":\"PropertyValueSpecification\",\"valueRequired\":true,\"valueName\":\"search_term_string\"}}],\"inLanguage\":\"de\"},{\"@type\":\"Organization\",\"@id\":\"https:\\\/\\\/www.koonings.com\\\/de\\\/#organization\",\"name\":\"Koonings\",\"url\":\"https:\\\/\\\/www.koonings.com\\\/de\\\/\",\"logo\":{\"@type\":\"ImageObject\",\"inLanguage\":\"de\",\"@id\":\"https:\\\/\\\/www.koonings.com\\\/de\\\/#\\\/schema\\\/logo\\\/image\\\/\",\"url\":\"https:\\\/\\\/www.koonings.com\\\/wp-content\\\/uploads\\\/2024\\\/07\\\/logo.png\",\"contentUrl\":\"https:\\\/\\\/www.koonings.com\\\/wp-content\\\/uploads\\\/2024\\\/07\\\/logo.png\",\"width\":600,\"height\":428,\"caption\":\"Koonings\"},\"image\":{\"@id\":\"https:\\\/\\\/www.koonings.com\\\/de\\\/#\\\/schema\\\/logo\\\/image\\\/\"},\"sameAs\":[\"https:\\\/\\\/www.facebook.com\\\/kooningstheweddingpalace\",\"https:\\\/\\\/www.instagram.com\\\/kooningstheweddingpalace\",\"https:\\\/\\\/www.pinterest.com\\\/koonings\",\"https:\\\/\\\/www.youtube.com\\\/kooningstheweddingpalace\"]}]}<\/script>\n<!-- \/ Yoast SEO plugin. -->","yoast_head_json":{"title":"Elysee Kassiopeia | Koonings","description":"Ein schillernder Blickfang, der es in sich hat! Dieses sexy Meerjungfrauen-Hochzeitskleid hat eine wundersch\u00f6ne Mischung aus glitzernden Blumen, Barock- und Chantilly-Spitze; wundersch\u00f6n geschichtet \u00fcber dem romantischen Mieder mit herzf\u00f6rmigem Ausschnitt und Illusionskorsett am R\u00fccken. Es hat au\u00dferdem sexy seitliche Ausschnitte, die den K\u00f6rper verl\u00e4ngern und konturieren und in den geschmeidigsten, weichsten Rock \u00fcbergehen.","robots":{"index":"index","follow":"follow","max-snippet":"max-snippet:-1","max-image-preview":"max-image-preview:large","max-video-preview":"max-video-preview:-1"},"canonical":"https:\/\/www.koonings.com\/de\/product\/elysee-cassiopeia\/","og_locale":"de_DE","og_type":"article","og_title":"Elysee Kassiopeia | Koonings","og_description":"Ein schillernder Blickfang, der es in sich hat! Dieses sexy Meerjungfrauen-Hochzeitskleid hat eine wundersch\u00f6ne Mischung aus glitzernden Blumen, Barock- und Chantilly-Spitze; wundersch\u00f6n geschichtet \u00fcber dem romantischen Mieder mit herzf\u00f6rmigem Ausschnitt und Illusionskorsett am R\u00fccken. Es hat au\u00dferdem sexy seitliche Ausschnitte, die den K\u00f6rper verl\u00e4ngern und konturieren und in den geschmeidigsten, weichsten Rock \u00fcbergehen.","og_url":"https:\/\/www.koonings.com\/de\/product\/elysee-cassiopeia\/","og_site_name":"Koonings","article_publisher":"https:\/\/www.facebook.com\/kooningstheweddingpalace","og_image":[{"width":973,"height":1377,"url":"https:\/\/www.koonings.com\/wp-content\/uploads\/2024\/11\/37537_579c051d8569477657d00e6eb25e8e2cdc22cc2e1af568da3b7f4333ef7485e7f1b397a9.jpeg","type":"image\/jpeg"}],"twitter_card":"summary_large_image","schema":{"@context":"https:\/\/schema.org","@graph":[{"@type":"WebPage","@id":"https:\/\/www.koonings.com\/de\/product\/elysee-cassiopeia\/","url":"https:\/\/www.koonings.com\/de\/product\/elysee-cassiopeia\/","name":"Elysee Kassiopeia | Koonings","isPartOf":{"@id":"https:\/\/www.koonings.com\/de\/#website"},"primaryImageOfPage":{"@id":"https:\/\/www.koonings.com\/de\/product\/elysee-cassiopeia\/#primaryimage"},"image":{"@id":"https:\/\/www.koonings.com\/de\/product\/elysee-cassiopeia\/#primaryimage"},"thumbnailUrl":"https:\/\/www.koonings.com\/wp-content\/uploads\/2024\/11\/37537_579c051d8569477657d00e6eb25e8e2cdc22cc2e1af568da3b7f4333ef7485e7f1b397a9.jpeg","datePublished":"2026-04-28T16:08:13+00:00","description":"Ein schillernder Blickfang, der es in sich hat! Dieses sexy Meerjungfrauen-Hochzeitskleid hat eine wundersch\u00f6ne Mischung aus glitzernden Blumen, Barock- und Chantilly-Spitze; wundersch\u00f6n geschichtet \u00fcber dem romantischen Mieder mit herzf\u00f6rmigem Ausschnitt und Illusionskorsett am R\u00fccken. Es hat au\u00dferdem sexy seitliche Ausschnitte, die den K\u00f6rper verl\u00e4ngern und konturieren und in den geschmeidigsten, weichsten Rock \u00fcbergehen.","breadcrumb":{"@id":"https:\/\/www.koonings.com\/de\/product\/elysee-cassiopeia\/#breadcrumb"},"inLanguage":"de","potentialAction":[{"@type":"ReadAction","target":["https:\/\/www.koonings.com\/de\/product\/elysee-cassiopeia\/"]}]},{"@type":"ImageObject","inLanguage":"de","@id":"https:\/\/www.koonings.com\/de\/product\/elysee-cassiopeia\/#primaryimage","url":"https:\/\/www.koonings.com\/wp-content\/uploads\/2024\/11\/37537_579c051d8569477657d00e6eb25e8e2cdc22cc2e1af568da3b7f4333ef7485e7f1b397a9.jpeg","contentUrl":"https:\/\/www.koonings.com\/wp-content\/uploads\/2024\/11\/37537_579c051d8569477657d00e6eb25e8e2cdc22cc2e1af568da3b7f4333ef7485e7f1b397a9.jpeg","width":973,"height":1377},{"@type":"BreadcrumbList","@id":"https:\/\/www.koonings.com\/de\/product\/elysee-cassiopeia\/#breadcrumb","itemListElement":[{"@type":"ListItem","position":1,"name":"Home","item":"https:\/\/www.koonings.com\/de\/"},{"@type":"ListItem","position":2,"name":"Elysee Kassiopeia"}]},{"@type":"WebSite","@id":"https:\/\/www.koonings.com\/de\/#website","url":"https:\/\/www.koonings.com\/de\/","name":"Koonings","description":"De grootste bruidsmodewinkel ter wereld","publisher":{"@id":"https:\/\/www.koonings.com\/de\/#organization"},"potentialAction":[{"@type":"SearchAction","target":{"@type":"EntryPoint","urlTemplate":"https:\/\/www.koonings.com\/de\/?s={search_term_string}"},"query-input":{"@type":"PropertyValueSpecification","valueRequired":true,"valueName":"search_term_string"}}],"inLanguage":"de"},{"@type":"Organization","@id":"https:\/\/www.koonings.com\/de\/#organization","name":"Koonings","url":"https:\/\/www.koonings.com\/de\/","logo":{"@type":"ImageObject","inLanguage":"de","@id":"https:\/\/www.koonings.com\/de\/#\/schema\/logo\/image\/","url":"https:\/\/www.koonings.com\/wp-content\/uploads\/2024\/07\/logo.png","contentUrl":"https:\/\/www.koonings.com\/wp-content\/uploads\/2024\/07\/logo.png","width":600,"height":428,"caption":"Koonings"},"image":{"@id":"https:\/\/www.koonings.com\/de\/#\/schema\/logo\/image\/"},"sameAs":["https:\/\/www.facebook.com\/kooningstheweddingpalace","https:\/\/www.instagram.com\/kooningstheweddingpalace","https:\/\/www.pinterest.com\/koonings","https:\/\/www.youtube.com\/kooningstheweddingpalace"]}]}},"_links":{"self":[{"href":"https:\/\/www.koonings.com\/de\/wp-json\/wp\/v2\/product\/33594","targetHints":{"allow":["GET"]}}],"collection":[{"href":"https:\/\/www.koonings.com\/de\/wp-json\/wp\/v2\/product"}],"about":[{"href":"https:\/\/www.koonings.com\/de\/wp-json\/wp\/v2\/types\/product"}],"wp:featuredmedia":[{"embeddable":true,"href":"https:\/\/www.koonings.com\/de\/wp-json\/wp\/v2\/media\/30487"}],"wp:attachment":[{"href":"https:\/\/www.koonings.com\/de\/wp-json\/wp\/v2\/media?parent=33594"}],"wp:term":[{"taxonomy":"productdetails","embeddable":true,"href":"https:\/\/www.koonings.com\/de\/wp-json\/wp\/v2\/productdetails?post=33594"},{"taxonomy":"productneck","embeddable":true,"href":"https:\/\/www.koonings.com\/de\/wp-json\/wp\/v2\/productneck?post=33594"},{"taxonomy":"productcolor","embeddable":true,"href":"https:\/\/www.koonings.com\/de\/wp-json\/wp\/v2\/productcolor?post=33594"},{"taxonomy":"maat","embeddable":true,"href":"https:\/\/www.koonings.com\/de\/wp-json\/wp\/v2\/maat?post=33594"},{"taxonomy":"productsupplier","embeddable":true,"href":"https:\/\/www.koonings.com\/de\/wp-json\/wp\/v2\/productsupplier?post=33594"},{"taxonomy":"productsleeve","embeddable":true,"href":"https:\/\/www.koonings.com\/de\/wp-json\/wp\/v2\/productsleeve?post=33594"},{"taxonomy":"productcategory","embeddable":true,"href":"https:\/\/www.koonings.com\/de\/wp-json\/wp\/v2\/productcategory?post=33594"},{"taxonomy":"productsilhouette","embeddable":true,"href":"https:\/\/www.koonings.com\/de\/wp-json\/wp\/v2\/productsilhouette?post=33594"},{"taxonomy":"productstyle","embeddable":true,"href":"https:\/\/www.koonings.com\/de\/wp-json\/wp\/v2\/productstyle?post=33594"}],"curies":[{"name":"wp","href":"https:\/\/api.w.org\/{rel}","templated":true}]}}