{"id":33566,"date":"2025-12-15T00:10:40","date_gmt":"2025-12-14T23:10:40","guid":{"rendered":"https:\/\/www.koonings.com\/product\/estee-bade-3054\/"},"modified":"2026-02-03T17:54:30","modified_gmt":"2026-02-03T16:54:30","slug":"estee-bade-3054","status":"publish","type":"product","link":"https:\/\/www.koonings.com\/de\/product\/estee-bade-3054\/","title":{"rendered":"Estee Bade 3054"},"content":{"rendered":"<p>Sind Sie auf der Suche nach zwei Kleidern in einem? Bei Koonings finden Sie mehrere Kleider mit \u00dcberr\u00f6ckchen. Dieses lang\u00e4rmelige Meerjungfrauenkleid hat eine sch\u00f6ne err\u00f6tende Farbe und der Illusionsr\u00fccken ist sehr sexy. Die Schleppe ist sch\u00f6n lang, aber mit \u00dcberrock noch besonderer.   <\/p>\n","protected":false},"featured_media":30595,"template":"","meta":{"_acf_changed":false,"ghostkit_customizer_options":"","ghostkit_custom_css":"","ghostkit_custom_js_head":"","ghostkit_custom_js_foot":"","ghostkit_typography":""},"productdetails":[379,382],"productneck":[355,356],"productcolor":[393,394,392],"maat":[],"productsupplier":[418],"productsleeve":[362],"productcategory":[18],"productsilhouette":[387,391],"productstyle":[366,370],"class_list":["post-33566","product","type-product","status-publish","has-post-thumbnail","hentry","productdetails-379","productdetails-382","productneck-355","productneck-356","productcolor-393","productcolor-394","productcolor-392","productsupplier-estee-bade","productsleeve-362","productcategory-trouwjurken","productsilhouette-387","productsilhouette-391","productstyle-366","productstyle-370"],"acf":[],"yoast_head":"<!-- This site is optimized with the Yoast SEO plugin v27.3 - https:\/\/yoast.com\/product\/yoast-seo-wordpress\/ -->\n<title>Estee Bade 3054 | Koonings<\/title>\n<meta name=\"description\" content=\"Sind Sie auf der Suche nach zwei Kleidern in einem? Bei Koonings finden Sie mehrere Kleider mit \u00dcberr\u00f6ckchen. Dieses lang\u00e4rmelige Meerjungfrauenkleid hat eine sch\u00f6ne err\u00f6tende Farbe und der Illusionsr\u00fccken ist sehr sexy. Die Schleppe ist sch\u00f6n lang, aber mit \u00dcberrock noch besonderer.\" \/>\n<meta name=\"robots\" content=\"index, follow, max-snippet:-1, max-image-preview:large, max-video-preview:-1\" \/>\n<link rel=\"canonical\" href=\"https:\/\/www.koonings.com\/de\/product\/estee-bade-3054\/\" \/>\n<meta property=\"og:locale\" content=\"de_DE\" \/>\n<meta property=\"og:type\" content=\"article\" \/>\n<meta property=\"og:title\" content=\"Estee Bade 3054 | Koonings\" \/>\n<meta property=\"og:description\" content=\"Sind Sie auf der Suche nach zwei Kleidern in einem? Bei Koonings finden Sie mehrere Kleider mit \u00dcberr\u00f6ckchen. Dieses lang\u00e4rmelige Meerjungfrauenkleid hat eine sch\u00f6ne err\u00f6tende Farbe und der Illusionsr\u00fccken ist sehr sexy. Die Schleppe ist sch\u00f6n lang, aber mit \u00dcberrock noch besonderer.\" \/>\n<meta property=\"og:url\" content=\"https:\/\/www.koonings.com\/de\/product\/estee-bade-3054\/\" \/>\n<meta property=\"og:site_name\" content=\"Koonings\" \/>\n<meta property=\"article:publisher\" content=\"https:\/\/www.facebook.com\/kooningstheweddingpalace\" \/>\n<meta property=\"article:modified_time\" content=\"2026-02-03T16:54:30+00:00\" \/>\n<meta property=\"og:image\" content=\"https:\/\/www.koonings.com\/wp-content\/uploads\/2024\/11\/37570_7ff3200c9148020e47a50a7e5207728d6c8b8bcfcbba0836a81bc49a4d5528115ea54bdc.jpeg\" \/>\n\t<meta property=\"og:image:width\" content=\"900\" \/>\n\t<meta property=\"og:image:height\" content=\"1270\" \/>\n\t<meta property=\"og:image:type\" content=\"image\/jpeg\" \/>\n<meta name=\"twitter:card\" content=\"summary_large_image\" \/>\n<script type=\"application\/ld+json\" class=\"yoast-schema-graph\">{\"@context\":\"https:\\\/\\\/schema.org\",\"@graph\":[{\"@type\":\"WebPage\",\"@id\":\"https:\\\/\\\/www.koonings.com\\\/de\\\/product\\\/estee-bade-3054\\\/\",\"url\":\"https:\\\/\\\/www.koonings.com\\\/de\\\/product\\\/estee-bade-3054\\\/\",\"name\":\"Estee Bade 3054 | Koonings\",\"isPartOf\":{\"@id\":\"https:\\\/\\\/www.koonings.com\\\/de\\\/#website\"},\"primaryImageOfPage\":{\"@id\":\"https:\\\/\\\/www.koonings.com\\\/de\\\/product\\\/estee-bade-3054\\\/#primaryimage\"},\"image\":{\"@id\":\"https:\\\/\\\/www.koonings.com\\\/de\\\/product\\\/estee-bade-3054\\\/#primaryimage\"},\"thumbnailUrl\":\"https:\\\/\\\/www.koonings.com\\\/wp-content\\\/uploads\\\/2024\\\/11\\\/37570_7ff3200c9148020e47a50a7e5207728d6c8b8bcfcbba0836a81bc49a4d5528115ea54bdc.jpeg\",\"datePublished\":\"2025-12-14T23:10:40+00:00\",\"dateModified\":\"2026-02-03T16:54:30+00:00\",\"description\":\"Sind Sie auf der Suche nach zwei Kleidern in einem? Bei Koonings finden Sie mehrere Kleider mit \u00dcberr\u00f6ckchen. Dieses lang\u00e4rmelige Meerjungfrauenkleid hat eine sch\u00f6ne err\u00f6tende Farbe und der Illusionsr\u00fccken ist sehr sexy. Die Schleppe ist sch\u00f6n lang, aber mit \u00dcberrock noch besonderer.\",\"breadcrumb\":{\"@id\":\"https:\\\/\\\/www.koonings.com\\\/de\\\/product\\\/estee-bade-3054\\\/#breadcrumb\"},\"inLanguage\":\"de\",\"potentialAction\":[{\"@type\":\"ReadAction\",\"target\":[\"https:\\\/\\\/www.koonings.com\\\/de\\\/product\\\/estee-bade-3054\\\/\"]}]},{\"@type\":\"ImageObject\",\"inLanguage\":\"de\",\"@id\":\"https:\\\/\\\/www.koonings.com\\\/de\\\/product\\\/estee-bade-3054\\\/#primaryimage\",\"url\":\"https:\\\/\\\/www.koonings.com\\\/wp-content\\\/uploads\\\/2024\\\/11\\\/37570_7ff3200c9148020e47a50a7e5207728d6c8b8bcfcbba0836a81bc49a4d5528115ea54bdc.jpeg\",\"contentUrl\":\"https:\\\/\\\/www.koonings.com\\\/wp-content\\\/uploads\\\/2024\\\/11\\\/37570_7ff3200c9148020e47a50a7e5207728d6c8b8bcfcbba0836a81bc49a4d5528115ea54bdc.jpeg\",\"width\":900,\"height\":1270},{\"@type\":\"BreadcrumbList\",\"@id\":\"https:\\\/\\\/www.koonings.com\\\/de\\\/product\\\/estee-bade-3054\\\/#breadcrumb\",\"itemListElement\":[{\"@type\":\"ListItem\",\"position\":1,\"name\":\"Home\",\"item\":\"https:\\\/\\\/www.koonings.com\\\/de\\\/\"},{\"@type\":\"ListItem\",\"position\":2,\"name\":\"Estee Bade 3054\"}]},{\"@type\":\"WebSite\",\"@id\":\"https:\\\/\\\/www.koonings.com\\\/de\\\/#website\",\"url\":\"https:\\\/\\\/www.koonings.com\\\/de\\\/\",\"name\":\"Koonings\",\"description\":\"De grootste bruidsmodewinkel ter wereld\",\"publisher\":{\"@id\":\"https:\\\/\\\/www.koonings.com\\\/de\\\/#organization\"},\"potentialAction\":[{\"@type\":\"SearchAction\",\"target\":{\"@type\":\"EntryPoint\",\"urlTemplate\":\"https:\\\/\\\/www.koonings.com\\\/de\\\/?s={search_term_string}\"},\"query-input\":{\"@type\":\"PropertyValueSpecification\",\"valueRequired\":true,\"valueName\":\"search_term_string\"}}],\"inLanguage\":\"de\"},{\"@type\":\"Organization\",\"@id\":\"https:\\\/\\\/www.koonings.com\\\/de\\\/#organization\",\"name\":\"Koonings\",\"url\":\"https:\\\/\\\/www.koonings.com\\\/de\\\/\",\"logo\":{\"@type\":\"ImageObject\",\"inLanguage\":\"de\",\"@id\":\"https:\\\/\\\/www.koonings.com\\\/de\\\/#\\\/schema\\\/logo\\\/image\\\/\",\"url\":\"https:\\\/\\\/www.koonings.com\\\/wp-content\\\/uploads\\\/2024\\\/07\\\/logo.png\",\"contentUrl\":\"https:\\\/\\\/www.koonings.com\\\/wp-content\\\/uploads\\\/2024\\\/07\\\/logo.png\",\"width\":600,\"height\":428,\"caption\":\"Koonings\"},\"image\":{\"@id\":\"https:\\\/\\\/www.koonings.com\\\/de\\\/#\\\/schema\\\/logo\\\/image\\\/\"},\"sameAs\":[\"https:\\\/\\\/www.facebook.com\\\/kooningstheweddingpalace\",\"https:\\\/\\\/www.instagram.com\\\/kooningstheweddingpalace\",\"https:\\\/\\\/www.pinterest.com\\\/koonings\",\"https:\\\/\\\/www.youtube.com\\\/kooningstheweddingpalace\"]}]}<\/script>\n<!-- \/ Yoast SEO plugin. -->","yoast_head_json":{"title":"Estee Bade 3054 | Koonings","description":"Sind Sie auf der Suche nach zwei Kleidern in einem? Bei Koonings finden Sie mehrere Kleider mit \u00dcberr\u00f6ckchen. Dieses lang\u00e4rmelige Meerjungfrauenkleid hat eine sch\u00f6ne err\u00f6tende Farbe und der Illusionsr\u00fccken ist sehr sexy. Die Schleppe ist sch\u00f6n lang, aber mit \u00dcberrock noch besonderer.","robots":{"index":"index","follow":"follow","max-snippet":"max-snippet:-1","max-image-preview":"max-image-preview:large","max-video-preview":"max-video-preview:-1"},"canonical":"https:\/\/www.koonings.com\/de\/product\/estee-bade-3054\/","og_locale":"de_DE","og_type":"article","og_title":"Estee Bade 3054 | Koonings","og_description":"Sind Sie auf der Suche nach zwei Kleidern in einem? Bei Koonings finden Sie mehrere Kleider mit \u00dcberr\u00f6ckchen. Dieses lang\u00e4rmelige Meerjungfrauenkleid hat eine sch\u00f6ne err\u00f6tende Farbe und der Illusionsr\u00fccken ist sehr sexy. Die Schleppe ist sch\u00f6n lang, aber mit \u00dcberrock noch besonderer.","og_url":"https:\/\/www.koonings.com\/de\/product\/estee-bade-3054\/","og_site_name":"Koonings","article_publisher":"https:\/\/www.facebook.com\/kooningstheweddingpalace","article_modified_time":"2026-02-03T16:54:30+00:00","og_image":[{"width":900,"height":1270,"url":"https:\/\/www.koonings.com\/wp-content\/uploads\/2024\/11\/37570_7ff3200c9148020e47a50a7e5207728d6c8b8bcfcbba0836a81bc49a4d5528115ea54bdc.jpeg","type":"image\/jpeg"}],"twitter_card":"summary_large_image","schema":{"@context":"https:\/\/schema.org","@graph":[{"@type":"WebPage","@id":"https:\/\/www.koonings.com\/de\/product\/estee-bade-3054\/","url":"https:\/\/www.koonings.com\/de\/product\/estee-bade-3054\/","name":"Estee Bade 3054 | Koonings","isPartOf":{"@id":"https:\/\/www.koonings.com\/de\/#website"},"primaryImageOfPage":{"@id":"https:\/\/www.koonings.com\/de\/product\/estee-bade-3054\/#primaryimage"},"image":{"@id":"https:\/\/www.koonings.com\/de\/product\/estee-bade-3054\/#primaryimage"},"thumbnailUrl":"https:\/\/www.koonings.com\/wp-content\/uploads\/2024\/11\/37570_7ff3200c9148020e47a50a7e5207728d6c8b8bcfcbba0836a81bc49a4d5528115ea54bdc.jpeg","datePublished":"2025-12-14T23:10:40+00:00","dateModified":"2026-02-03T16:54:30+00:00","description":"Sind Sie auf der Suche nach zwei Kleidern in einem? Bei Koonings finden Sie mehrere Kleider mit \u00dcberr\u00f6ckchen. Dieses lang\u00e4rmelige Meerjungfrauenkleid hat eine sch\u00f6ne err\u00f6tende Farbe und der Illusionsr\u00fccken ist sehr sexy. Die Schleppe ist sch\u00f6n lang, aber mit \u00dcberrock noch besonderer.","breadcrumb":{"@id":"https:\/\/www.koonings.com\/de\/product\/estee-bade-3054\/#breadcrumb"},"inLanguage":"de","potentialAction":[{"@type":"ReadAction","target":["https:\/\/www.koonings.com\/de\/product\/estee-bade-3054\/"]}]},{"@type":"ImageObject","inLanguage":"de","@id":"https:\/\/www.koonings.com\/de\/product\/estee-bade-3054\/#primaryimage","url":"https:\/\/www.koonings.com\/wp-content\/uploads\/2024\/11\/37570_7ff3200c9148020e47a50a7e5207728d6c8b8bcfcbba0836a81bc49a4d5528115ea54bdc.jpeg","contentUrl":"https:\/\/www.koonings.com\/wp-content\/uploads\/2024\/11\/37570_7ff3200c9148020e47a50a7e5207728d6c8b8bcfcbba0836a81bc49a4d5528115ea54bdc.jpeg","width":900,"height":1270},{"@type":"BreadcrumbList","@id":"https:\/\/www.koonings.com\/de\/product\/estee-bade-3054\/#breadcrumb","itemListElement":[{"@type":"ListItem","position":1,"name":"Home","item":"https:\/\/www.koonings.com\/de\/"},{"@type":"ListItem","position":2,"name":"Estee Bade 3054"}]},{"@type":"WebSite","@id":"https:\/\/www.koonings.com\/de\/#website","url":"https:\/\/www.koonings.com\/de\/","name":"Koonings","description":"De grootste bruidsmodewinkel ter wereld","publisher":{"@id":"https:\/\/www.koonings.com\/de\/#organization"},"potentialAction":[{"@type":"SearchAction","target":{"@type":"EntryPoint","urlTemplate":"https:\/\/www.koonings.com\/de\/?s={search_term_string}"},"query-input":{"@type":"PropertyValueSpecification","valueRequired":true,"valueName":"search_term_string"}}],"inLanguage":"de"},{"@type":"Organization","@id":"https:\/\/www.koonings.com\/de\/#organization","name":"Koonings","url":"https:\/\/www.koonings.com\/de\/","logo":{"@type":"ImageObject","inLanguage":"de","@id":"https:\/\/www.koonings.com\/de\/#\/schema\/logo\/image\/","url":"https:\/\/www.koonings.com\/wp-content\/uploads\/2024\/07\/logo.png","contentUrl":"https:\/\/www.koonings.com\/wp-content\/uploads\/2024\/07\/logo.png","width":600,"height":428,"caption":"Koonings"},"image":{"@id":"https:\/\/www.koonings.com\/de\/#\/schema\/logo\/image\/"},"sameAs":["https:\/\/www.facebook.com\/kooningstheweddingpalace","https:\/\/www.instagram.com\/kooningstheweddingpalace","https:\/\/www.pinterest.com\/koonings","https:\/\/www.youtube.com\/kooningstheweddingpalace"]}]}},"_links":{"self":[{"href":"https:\/\/www.koonings.com\/de\/wp-json\/wp\/v2\/product\/33566","targetHints":{"allow":["GET"]}}],"collection":[{"href":"https:\/\/www.koonings.com\/de\/wp-json\/wp\/v2\/product"}],"about":[{"href":"https:\/\/www.koonings.com\/de\/wp-json\/wp\/v2\/types\/product"}],"wp:featuredmedia":[{"embeddable":true,"href":"https:\/\/www.koonings.com\/de\/wp-json\/wp\/v2\/media\/30595"}],"wp:attachment":[{"href":"https:\/\/www.koonings.com\/de\/wp-json\/wp\/v2\/media?parent=33566"}],"wp:term":[{"taxonomy":"productdetails","embeddable":true,"href":"https:\/\/www.koonings.com\/de\/wp-json\/wp\/v2\/productdetails?post=33566"},{"taxonomy":"productneck","embeddable":true,"href":"https:\/\/www.koonings.com\/de\/wp-json\/wp\/v2\/productneck?post=33566"},{"taxonomy":"productcolor","embeddable":true,"href":"https:\/\/www.koonings.com\/de\/wp-json\/wp\/v2\/productcolor?post=33566"},{"taxonomy":"maat","embeddable":true,"href":"https:\/\/www.koonings.com\/de\/wp-json\/wp\/v2\/maat?post=33566"},{"taxonomy":"productsupplier","embeddable":true,"href":"https:\/\/www.koonings.com\/de\/wp-json\/wp\/v2\/productsupplier?post=33566"},{"taxonomy":"productsleeve","embeddable":true,"href":"https:\/\/www.koonings.com\/de\/wp-json\/wp\/v2\/productsleeve?post=33566"},{"taxonomy":"productcategory","embeddable":true,"href":"https:\/\/www.koonings.com\/de\/wp-json\/wp\/v2\/productcategory?post=33566"},{"taxonomy":"productsilhouette","embeddable":true,"href":"https:\/\/www.koonings.com\/de\/wp-json\/wp\/v2\/productsilhouette?post=33566"},{"taxonomy":"productstyle","embeddable":true,"href":"https:\/\/www.koonings.com\/de\/wp-json\/wp\/v2\/productstyle?post=33566"}],"curies":[{"name":"wp","href":"https:\/\/api.w.org\/{rel}","templated":true}]}}