{"id":33517,"date":"2025-07-10T12:10:26","date_gmt":"2025-07-10T10:10:26","guid":{"rendered":"https:\/\/www.koonings.com\/product\/modeca-curves-66-2\/"},"modified":"2025-06-05T12:23:06","modified_gmt":"2025-06-05T10:23:06","slug":"modeca-curves-66-2","status":"publish","type":"product","link":"https:\/\/www.koonings.com\/de\/product\/modeca-curves-66-2\/","title":{"rendered":"Modeca Curves 66"},"content":{"rendered":"<p>Dieses romantische A-Linien-Brautkleid Sydney ist einfach umwerfend. Das wundersch\u00f6n gef\u00fctterte Mieder hat einen dezenten Sweetheart-Ausschnitt, der zu auff\u00e4lligen Schultertr\u00e4gern f\u00fchrt. Der tiefe V-Ausschnitt hebt die wundersch\u00f6ne Spitze hervor, die in das Mieder eingearbeitet ist. Ein perlenbesetzter Taillenbund sorgt f\u00fcr die Sanduhrfigur, die jede Braut anstrebt. Die romantische Spitze geht in den T\u00fcllrock \u00fcber und sorgt so f\u00fcr den perfekten, \u00e4therischen Brautlook.    <\/p>\n","protected":false},"featured_media":30865,"template":"","meta":{"_acf_changed":false,"ghostkit_customizer_options":"","ghostkit_custom_css":"","ghostkit_custom_js_head":"","ghostkit_custom_js_foot":"","ghostkit_typography":""},"productdetails":[],"productneck":[],"productcolor":[],"maat":[],"productsupplier":[439],"productsleeve":[],"productcategory":[18],"productsilhouette":[],"productstyle":[],"class_list":["post-33517","product","type-product","status-publish","has-post-thumbnail","hentry","productsupplier-modeca-curves","productcategory-trouwjurken"],"acf":[],"yoast_head":"<!-- This site is optimized with the Yoast SEO plugin v27.3 - https:\/\/yoast.com\/product\/yoast-seo-wordpress\/ -->\n<title>Modeca Curves 66 | Koonings<\/title>\n<meta name=\"description\" content=\"Dieses romantische A-Linien-Brautkleid Sydney ist einfach umwerfend. Das wundersch\u00f6n gef\u00fctterte Mieder hat einen dezenten Sweetheart-Ausschnitt, der zu auff\u00e4lligen Schultertr\u00e4gern f\u00fchrt. Der tiefe V-Ausschnitt hebt die wundersch\u00f6ne Spitze hervor, die in das Mieder eingearbeitet ist. Ein perlenbesetzter Taillenbund sorgt f\u00fcr die Sanduhrfigur, die jede Braut anstrebt. Die romantische Spitze geht in den T\u00fcllrock \u00fcber und sorgt so f\u00fcr den perfekten, \u00e4therischen Brautlook.\" \/>\n<meta name=\"robots\" content=\"index, follow, max-snippet:-1, max-image-preview:large, max-video-preview:-1\" \/>\n<link rel=\"canonical\" href=\"https:\/\/www.koonings.com\/de\/product\/modeca-curves-66-2\/\" \/>\n<meta property=\"og:locale\" content=\"de_DE\" \/>\n<meta property=\"og:type\" content=\"article\" \/>\n<meta property=\"og:title\" content=\"Modeca Curves 66 | Koonings\" \/>\n<meta property=\"og:description\" content=\"Dieses romantische A-Linien-Brautkleid Sydney ist einfach umwerfend. Das wundersch\u00f6n gef\u00fctterte Mieder hat einen dezenten Sweetheart-Ausschnitt, der zu auff\u00e4lligen Schultertr\u00e4gern f\u00fchrt. Der tiefe V-Ausschnitt hebt die wundersch\u00f6ne Spitze hervor, die in das Mieder eingearbeitet ist. Ein perlenbesetzter Taillenbund sorgt f\u00fcr die Sanduhrfigur, die jede Braut anstrebt. Die romantische Spitze geht in den T\u00fcllrock \u00fcber und sorgt so f\u00fcr den perfekten, \u00e4therischen Brautlook.\" \/>\n<meta property=\"og:url\" content=\"https:\/\/www.koonings.com\/de\/product\/modeca-curves-66-2\/\" \/>\n<meta property=\"og:site_name\" content=\"Koonings\" \/>\n<meta property=\"article:publisher\" content=\"https:\/\/www.facebook.com\/kooningstheweddingpalace\" \/>\n<meta property=\"og:image\" content=\"https:\/\/www.koonings.com\/wp-content\/uploads\/2024\/11\/37622_e004f16752a74df353ecefaf4c7e5aac7e2ab4957da83d96bec2559c0e10817bc65bbdc1.jpeg\" \/>\n\t<meta property=\"og:image:width\" content=\"300\" \/>\n\t<meta property=\"og:image:height\" content=\"450\" \/>\n\t<meta property=\"og:image:type\" content=\"image\/jpeg\" \/>\n<meta name=\"twitter:card\" content=\"summary_large_image\" \/>\n<script type=\"application\/ld+json\" class=\"yoast-schema-graph\">{\"@context\":\"https:\\\/\\\/schema.org\",\"@graph\":[{\"@type\":\"WebPage\",\"@id\":\"https:\\\/\\\/www.koonings.com\\\/de\\\/product\\\/modeca-curves-66-2\\\/\",\"url\":\"https:\\\/\\\/www.koonings.com\\\/de\\\/product\\\/modeca-curves-66-2\\\/\",\"name\":\"Modeca Curves 66 | Koonings\",\"isPartOf\":{\"@id\":\"https:\\\/\\\/www.koonings.com\\\/de\\\/#website\"},\"primaryImageOfPage\":{\"@id\":\"https:\\\/\\\/www.koonings.com\\\/de\\\/product\\\/modeca-curves-66-2\\\/#primaryimage\"},\"image\":{\"@id\":\"https:\\\/\\\/www.koonings.com\\\/de\\\/product\\\/modeca-curves-66-2\\\/#primaryimage\"},\"thumbnailUrl\":\"https:\\\/\\\/www.koonings.com\\\/wp-content\\\/uploads\\\/2024\\\/11\\\/37622_e004f16752a74df353ecefaf4c7e5aac7e2ab4957da83d96bec2559c0e10817bc65bbdc1.jpeg\",\"datePublished\":\"2025-07-10T10:10:26+00:00\",\"description\":\"Dieses romantische A-Linien-Brautkleid Sydney ist einfach umwerfend. Das wundersch\u00f6n gef\u00fctterte Mieder hat einen dezenten Sweetheart-Ausschnitt, der zu auff\u00e4lligen Schultertr\u00e4gern f\u00fchrt. Der tiefe V-Ausschnitt hebt die wundersch\u00f6ne Spitze hervor, die in das Mieder eingearbeitet ist. Ein perlenbesetzter Taillenbund sorgt f\u00fcr die Sanduhrfigur, die jede Braut anstrebt. Die romantische Spitze geht in den T\u00fcllrock \u00fcber und sorgt so f\u00fcr den perfekten, \u00e4therischen Brautlook.\",\"breadcrumb\":{\"@id\":\"https:\\\/\\\/www.koonings.com\\\/de\\\/product\\\/modeca-curves-66-2\\\/#breadcrumb\"},\"inLanguage\":\"de\",\"potentialAction\":[{\"@type\":\"ReadAction\",\"target\":[\"https:\\\/\\\/www.koonings.com\\\/de\\\/product\\\/modeca-curves-66-2\\\/\"]}]},{\"@type\":\"ImageObject\",\"inLanguage\":\"de\",\"@id\":\"https:\\\/\\\/www.koonings.com\\\/de\\\/product\\\/modeca-curves-66-2\\\/#primaryimage\",\"url\":\"https:\\\/\\\/www.koonings.com\\\/wp-content\\\/uploads\\\/2024\\\/11\\\/37622_e004f16752a74df353ecefaf4c7e5aac7e2ab4957da83d96bec2559c0e10817bc65bbdc1.jpeg\",\"contentUrl\":\"https:\\\/\\\/www.koonings.com\\\/wp-content\\\/uploads\\\/2024\\\/11\\\/37622_e004f16752a74df353ecefaf4c7e5aac7e2ab4957da83d96bec2559c0e10817bc65bbdc1.jpeg\",\"width\":300,\"height\":450},{\"@type\":\"BreadcrumbList\",\"@id\":\"https:\\\/\\\/www.koonings.com\\\/de\\\/product\\\/modeca-curves-66-2\\\/#breadcrumb\",\"itemListElement\":[{\"@type\":\"ListItem\",\"position\":1,\"name\":\"Home\",\"item\":\"https:\\\/\\\/www.koonings.com\\\/de\\\/\"},{\"@type\":\"ListItem\",\"position\":2,\"name\":\"Modeca Curves 66\"}]},{\"@type\":\"WebSite\",\"@id\":\"https:\\\/\\\/www.koonings.com\\\/de\\\/#website\",\"url\":\"https:\\\/\\\/www.koonings.com\\\/de\\\/\",\"name\":\"Koonings\",\"description\":\"De grootste bruidsmodewinkel ter wereld\",\"publisher\":{\"@id\":\"https:\\\/\\\/www.koonings.com\\\/de\\\/#organization\"},\"potentialAction\":[{\"@type\":\"SearchAction\",\"target\":{\"@type\":\"EntryPoint\",\"urlTemplate\":\"https:\\\/\\\/www.koonings.com\\\/de\\\/?s={search_term_string}\"},\"query-input\":{\"@type\":\"PropertyValueSpecification\",\"valueRequired\":true,\"valueName\":\"search_term_string\"}}],\"inLanguage\":\"de\"},{\"@type\":\"Organization\",\"@id\":\"https:\\\/\\\/www.koonings.com\\\/de\\\/#organization\",\"name\":\"Koonings\",\"url\":\"https:\\\/\\\/www.koonings.com\\\/de\\\/\",\"logo\":{\"@type\":\"ImageObject\",\"inLanguage\":\"de\",\"@id\":\"https:\\\/\\\/www.koonings.com\\\/de\\\/#\\\/schema\\\/logo\\\/image\\\/\",\"url\":\"https:\\\/\\\/www.koonings.com\\\/wp-content\\\/uploads\\\/2024\\\/07\\\/logo.png\",\"contentUrl\":\"https:\\\/\\\/www.koonings.com\\\/wp-content\\\/uploads\\\/2024\\\/07\\\/logo.png\",\"width\":600,\"height\":428,\"caption\":\"Koonings\"},\"image\":{\"@id\":\"https:\\\/\\\/www.koonings.com\\\/de\\\/#\\\/schema\\\/logo\\\/image\\\/\"},\"sameAs\":[\"https:\\\/\\\/www.facebook.com\\\/kooningstheweddingpalace\",\"https:\\\/\\\/www.instagram.com\\\/kooningstheweddingpalace\",\"https:\\\/\\\/www.pinterest.com\\\/koonings\",\"https:\\\/\\\/www.youtube.com\\\/kooningstheweddingpalace\"]}]}<\/script>\n<!-- \/ Yoast SEO plugin. -->","yoast_head_json":{"title":"Modeca Curves 66 | Koonings","description":"Dieses romantische A-Linien-Brautkleid Sydney ist einfach umwerfend. Das wundersch\u00f6n gef\u00fctterte Mieder hat einen dezenten Sweetheart-Ausschnitt, der zu auff\u00e4lligen Schultertr\u00e4gern f\u00fchrt. Der tiefe V-Ausschnitt hebt die wundersch\u00f6ne Spitze hervor, die in das Mieder eingearbeitet ist. Ein perlenbesetzter Taillenbund sorgt f\u00fcr die Sanduhrfigur, die jede Braut anstrebt. Die romantische Spitze geht in den T\u00fcllrock \u00fcber und sorgt so f\u00fcr den perfekten, \u00e4therischen Brautlook.","robots":{"index":"index","follow":"follow","max-snippet":"max-snippet:-1","max-image-preview":"max-image-preview:large","max-video-preview":"max-video-preview:-1"},"canonical":"https:\/\/www.koonings.com\/de\/product\/modeca-curves-66-2\/","og_locale":"de_DE","og_type":"article","og_title":"Modeca Curves 66 | Koonings","og_description":"Dieses romantische A-Linien-Brautkleid Sydney ist einfach umwerfend. Das wundersch\u00f6n gef\u00fctterte Mieder hat einen dezenten Sweetheart-Ausschnitt, der zu auff\u00e4lligen Schultertr\u00e4gern f\u00fchrt. Der tiefe V-Ausschnitt hebt die wundersch\u00f6ne Spitze hervor, die in das Mieder eingearbeitet ist. Ein perlenbesetzter Taillenbund sorgt f\u00fcr die Sanduhrfigur, die jede Braut anstrebt. Die romantische Spitze geht in den T\u00fcllrock \u00fcber und sorgt so f\u00fcr den perfekten, \u00e4therischen Brautlook.","og_url":"https:\/\/www.koonings.com\/de\/product\/modeca-curves-66-2\/","og_site_name":"Koonings","article_publisher":"https:\/\/www.facebook.com\/kooningstheweddingpalace","og_image":[{"width":300,"height":450,"url":"https:\/\/www.koonings.com\/wp-content\/uploads\/2024\/11\/37622_e004f16752a74df353ecefaf4c7e5aac7e2ab4957da83d96bec2559c0e10817bc65bbdc1.jpeg","type":"image\/jpeg"}],"twitter_card":"summary_large_image","schema":{"@context":"https:\/\/schema.org","@graph":[{"@type":"WebPage","@id":"https:\/\/www.koonings.com\/de\/product\/modeca-curves-66-2\/","url":"https:\/\/www.koonings.com\/de\/product\/modeca-curves-66-2\/","name":"Modeca Curves 66 | Koonings","isPartOf":{"@id":"https:\/\/www.koonings.com\/de\/#website"},"primaryImageOfPage":{"@id":"https:\/\/www.koonings.com\/de\/product\/modeca-curves-66-2\/#primaryimage"},"image":{"@id":"https:\/\/www.koonings.com\/de\/product\/modeca-curves-66-2\/#primaryimage"},"thumbnailUrl":"https:\/\/www.koonings.com\/wp-content\/uploads\/2024\/11\/37622_e004f16752a74df353ecefaf4c7e5aac7e2ab4957da83d96bec2559c0e10817bc65bbdc1.jpeg","datePublished":"2025-07-10T10:10:26+00:00","description":"Dieses romantische A-Linien-Brautkleid Sydney ist einfach umwerfend. Das wundersch\u00f6n gef\u00fctterte Mieder hat einen dezenten Sweetheart-Ausschnitt, der zu auff\u00e4lligen Schultertr\u00e4gern f\u00fchrt. Der tiefe V-Ausschnitt hebt die wundersch\u00f6ne Spitze hervor, die in das Mieder eingearbeitet ist. Ein perlenbesetzter Taillenbund sorgt f\u00fcr die Sanduhrfigur, die jede Braut anstrebt. Die romantische Spitze geht in den T\u00fcllrock \u00fcber und sorgt so f\u00fcr den perfekten, \u00e4therischen Brautlook.","breadcrumb":{"@id":"https:\/\/www.koonings.com\/de\/product\/modeca-curves-66-2\/#breadcrumb"},"inLanguage":"de","potentialAction":[{"@type":"ReadAction","target":["https:\/\/www.koonings.com\/de\/product\/modeca-curves-66-2\/"]}]},{"@type":"ImageObject","inLanguage":"de","@id":"https:\/\/www.koonings.com\/de\/product\/modeca-curves-66-2\/#primaryimage","url":"https:\/\/www.koonings.com\/wp-content\/uploads\/2024\/11\/37622_e004f16752a74df353ecefaf4c7e5aac7e2ab4957da83d96bec2559c0e10817bc65bbdc1.jpeg","contentUrl":"https:\/\/www.koonings.com\/wp-content\/uploads\/2024\/11\/37622_e004f16752a74df353ecefaf4c7e5aac7e2ab4957da83d96bec2559c0e10817bc65bbdc1.jpeg","width":300,"height":450},{"@type":"BreadcrumbList","@id":"https:\/\/www.koonings.com\/de\/product\/modeca-curves-66-2\/#breadcrumb","itemListElement":[{"@type":"ListItem","position":1,"name":"Home","item":"https:\/\/www.koonings.com\/de\/"},{"@type":"ListItem","position":2,"name":"Modeca Curves 66"}]},{"@type":"WebSite","@id":"https:\/\/www.koonings.com\/de\/#website","url":"https:\/\/www.koonings.com\/de\/","name":"Koonings","description":"De grootste bruidsmodewinkel ter wereld","publisher":{"@id":"https:\/\/www.koonings.com\/de\/#organization"},"potentialAction":[{"@type":"SearchAction","target":{"@type":"EntryPoint","urlTemplate":"https:\/\/www.koonings.com\/de\/?s={search_term_string}"},"query-input":{"@type":"PropertyValueSpecification","valueRequired":true,"valueName":"search_term_string"}}],"inLanguage":"de"},{"@type":"Organization","@id":"https:\/\/www.koonings.com\/de\/#organization","name":"Koonings","url":"https:\/\/www.koonings.com\/de\/","logo":{"@type":"ImageObject","inLanguage":"de","@id":"https:\/\/www.koonings.com\/de\/#\/schema\/logo\/image\/","url":"https:\/\/www.koonings.com\/wp-content\/uploads\/2024\/07\/logo.png","contentUrl":"https:\/\/www.koonings.com\/wp-content\/uploads\/2024\/07\/logo.png","width":600,"height":428,"caption":"Koonings"},"image":{"@id":"https:\/\/www.koonings.com\/de\/#\/schema\/logo\/image\/"},"sameAs":["https:\/\/www.facebook.com\/kooningstheweddingpalace","https:\/\/www.instagram.com\/kooningstheweddingpalace","https:\/\/www.pinterest.com\/koonings","https:\/\/www.youtube.com\/kooningstheweddingpalace"]}]}},"_links":{"self":[{"href":"https:\/\/www.koonings.com\/de\/wp-json\/wp\/v2\/product\/33517","targetHints":{"allow":["GET"]}}],"collection":[{"href":"https:\/\/www.koonings.com\/de\/wp-json\/wp\/v2\/product"}],"about":[{"href":"https:\/\/www.koonings.com\/de\/wp-json\/wp\/v2\/types\/product"}],"wp:featuredmedia":[{"embeddable":true,"href":"https:\/\/www.koonings.com\/de\/wp-json\/wp\/v2\/media\/30865"}],"wp:attachment":[{"href":"https:\/\/www.koonings.com\/de\/wp-json\/wp\/v2\/media?parent=33517"}],"wp:term":[{"taxonomy":"productdetails","embeddable":true,"href":"https:\/\/www.koonings.com\/de\/wp-json\/wp\/v2\/productdetails?post=33517"},{"taxonomy":"productneck","embeddable":true,"href":"https:\/\/www.koonings.com\/de\/wp-json\/wp\/v2\/productneck?post=33517"},{"taxonomy":"productcolor","embeddable":true,"href":"https:\/\/www.koonings.com\/de\/wp-json\/wp\/v2\/productcolor?post=33517"},{"taxonomy":"maat","embeddable":true,"href":"https:\/\/www.koonings.com\/de\/wp-json\/wp\/v2\/maat?post=33517"},{"taxonomy":"productsupplier","embeddable":true,"href":"https:\/\/www.koonings.com\/de\/wp-json\/wp\/v2\/productsupplier?post=33517"},{"taxonomy":"productsleeve","embeddable":true,"href":"https:\/\/www.koonings.com\/de\/wp-json\/wp\/v2\/productsleeve?post=33517"},{"taxonomy":"productcategory","embeddable":true,"href":"https:\/\/www.koonings.com\/de\/wp-json\/wp\/v2\/productcategory?post=33517"},{"taxonomy":"productsilhouette","embeddable":true,"href":"https:\/\/www.koonings.com\/de\/wp-json\/wp\/v2\/productsilhouette?post=33517"},{"taxonomy":"productstyle","embeddable":true,"href":"https:\/\/www.koonings.com\/de\/wp-json\/wp\/v2\/productstyle?post=33517"}],"curies":[{"name":"wp","href":"https:\/\/api.w.org\/{rel}","templated":true}]}}