{"id":33505,"date":"2026-04-28T18:08:18","date_gmt":"2026-04-28T16:08:18","guid":{"rendered":"https:\/\/www.koonings.com\/product\/enzoani-blue-collection-paula\/"},"modified":"2026-02-16T14:27:39","modified_gmt":"2026-02-16T13:27:39","slug":"enzoani-blue-collection-paula","status":"publish","type":"product","link":"https:\/\/www.koonings.com\/de\/product\/enzoani-blue-collection-paula\/","title":{"rendered":"Enzoani Blau Kollektion Paula"},"content":{"rendered":"<p>Dieses hinrei\u00dfende Kleid in A-Linie ist einfach s\u00fc\u00df und g\u00f6ttlich. Es besticht durch seine ma\u00dfgeschneiderten, weinroten 3D-Stickereien, die sich wundersch\u00f6n durch das tiefe, illusionistische Mieder im Korsettstil und den \u00fcppigen T\u00fcllrock ziehen. Eine Schicht Glitzertextur darunter sorgt f\u00fcr dezentes Funkeln und erg\u00e4nzt die vertr\u00e4umten Schichten aus weichem T\u00fcll und Organza. Die kunstvoll drapierten, abnehmbaren, schulterfreien T\u00fcll-Tr\u00e4ger vervollst\u00e4ndigen den romantischen Look.  <\/p>\n","protected":false},"featured_media":30915,"template":"","meta":{"_acf_changed":false,"ghostkit_customizer_options":"","ghostkit_custom_css":"","ghostkit_custom_js_head":"","ghostkit_custom_js_foot":"","ghostkit_typography":""},"productdetails":[379,382,381],"productneck":[355],"productcolor":[393],"maat":[],"productsupplier":[405],"productsleeve":[363],"productcategory":[18],"productsilhouette":[384],"productstyle":[366,370],"class_list":["post-33505","product","type-product","status-publish","has-post-thumbnail","hentry","productdetails-379","productdetails-382","productdetails-381","productneck-355","productcolor-393","productsupplier-enzoani-blue-collection","productsleeve-363","productcategory-trouwjurken","productsilhouette-384","productstyle-366","productstyle-370"],"acf":[],"yoast_head":"<!-- This site is optimized with the Yoast SEO plugin v27.3 - https:\/\/yoast.com\/product\/yoast-seo-wordpress\/ -->\n<title>Enzoani Blau Kollektion Paula | Koonings<\/title>\n<meta name=\"description\" content=\"Dieses hinrei\u00dfende Kleid in A-Linie ist einfach s\u00fc\u00df und g\u00f6ttlich. Es besticht durch seine ma\u00dfgeschneiderten, weinroten 3D-Stickereien, die sich wundersch\u00f6n durch das tiefe, illusionistische Mieder im Korsettstil und den \u00fcppigen T\u00fcllrock ziehen. Eine Schicht Glitzertextur darunter sorgt f\u00fcr dezentes Funkeln und erg\u00e4nzt die vertr\u00e4umten Schichten aus weichem T\u00fcll und Organza. Die kunstvoll drapierten, abnehmbaren, schulterfreien T\u00fcll-Tr\u00e4ger vervollst\u00e4ndigen den romantischen Look.\" \/>\n<meta name=\"robots\" content=\"index, follow, max-snippet:-1, max-image-preview:large, max-video-preview:-1\" \/>\n<link rel=\"canonical\" href=\"https:\/\/www.koonings.com\/de\/product\/enzoani-blue-collection-paula\/\" \/>\n<meta property=\"og:locale\" content=\"de_DE\" \/>\n<meta property=\"og:type\" content=\"article\" \/>\n<meta property=\"og:title\" content=\"Enzoani Blau Kollektion Paula | Koonings\" \/>\n<meta property=\"og:description\" content=\"Dieses hinrei\u00dfende Kleid in A-Linie ist einfach s\u00fc\u00df und g\u00f6ttlich. Es besticht durch seine ma\u00dfgeschneiderten, weinroten 3D-Stickereien, die sich wundersch\u00f6n durch das tiefe, illusionistische Mieder im Korsettstil und den \u00fcppigen T\u00fcllrock ziehen. Eine Schicht Glitzertextur darunter sorgt f\u00fcr dezentes Funkeln und erg\u00e4nzt die vertr\u00e4umten Schichten aus weichem T\u00fcll und Organza. Die kunstvoll drapierten, abnehmbaren, schulterfreien T\u00fcll-Tr\u00e4ger vervollst\u00e4ndigen den romantischen Look.\" \/>\n<meta property=\"og:url\" content=\"https:\/\/www.koonings.com\/de\/product\/enzoani-blue-collection-paula\/\" \/>\n<meta property=\"og:site_name\" content=\"Koonings\" \/>\n<meta property=\"article:publisher\" content=\"https:\/\/www.facebook.com\/kooningstheweddingpalace\" \/>\n<meta property=\"og:image\" content=\"https:\/\/www.koonings.com\/wp-content\/uploads\/2024\/11\/37625_8a24df4e2cac2314ec7c4b1794694befe3909a71fade3b17695c918ebc743eaac914f6aa.jpeg\" \/>\n\t<meta property=\"og:image:width\" content=\"955\" \/>\n\t<meta property=\"og:image:height\" content=\"1353\" \/>\n\t<meta property=\"og:image:type\" content=\"image\/jpeg\" \/>\n<meta name=\"twitter:card\" content=\"summary_large_image\" \/>\n<script type=\"application\/ld+json\" class=\"yoast-schema-graph\">{\"@context\":\"https:\\\/\\\/schema.org\",\"@graph\":[{\"@type\":\"WebPage\",\"@id\":\"https:\\\/\\\/www.koonings.com\\\/de\\\/product\\\/enzoani-blue-collection-paula\\\/\",\"url\":\"https:\\\/\\\/www.koonings.com\\\/de\\\/product\\\/enzoani-blue-collection-paula\\\/\",\"name\":\"Enzoani Blau Kollektion Paula | Koonings\",\"isPartOf\":{\"@id\":\"https:\\\/\\\/www.koonings.com\\\/de\\\/#website\"},\"primaryImageOfPage\":{\"@id\":\"https:\\\/\\\/www.koonings.com\\\/de\\\/product\\\/enzoani-blue-collection-paula\\\/#primaryimage\"},\"image\":{\"@id\":\"https:\\\/\\\/www.koonings.com\\\/de\\\/product\\\/enzoani-blue-collection-paula\\\/#primaryimage\"},\"thumbnailUrl\":\"https:\\\/\\\/www.koonings.com\\\/wp-content\\\/uploads\\\/2024\\\/11\\\/37625_8a24df4e2cac2314ec7c4b1794694befe3909a71fade3b17695c918ebc743eaac914f6aa.jpeg\",\"datePublished\":\"2026-04-28T16:08:18+00:00\",\"description\":\"Dieses hinrei\u00dfende Kleid in A-Linie ist einfach s\u00fc\u00df und g\u00f6ttlich. Es besticht durch seine ma\u00dfgeschneiderten, weinroten 3D-Stickereien, die sich wundersch\u00f6n durch das tiefe, illusionistische Mieder im Korsettstil und den \u00fcppigen T\u00fcllrock ziehen. Eine Schicht Glitzertextur darunter sorgt f\u00fcr dezentes Funkeln und erg\u00e4nzt die vertr\u00e4umten Schichten aus weichem T\u00fcll und Organza. Die kunstvoll drapierten, abnehmbaren, schulterfreien T\u00fcll-Tr\u00e4ger vervollst\u00e4ndigen den romantischen Look.\",\"breadcrumb\":{\"@id\":\"https:\\\/\\\/www.koonings.com\\\/de\\\/product\\\/enzoani-blue-collection-paula\\\/#breadcrumb\"},\"inLanguage\":\"de\",\"potentialAction\":[{\"@type\":\"ReadAction\",\"target\":[\"https:\\\/\\\/www.koonings.com\\\/de\\\/product\\\/enzoani-blue-collection-paula\\\/\"]}]},{\"@type\":\"ImageObject\",\"inLanguage\":\"de\",\"@id\":\"https:\\\/\\\/www.koonings.com\\\/de\\\/product\\\/enzoani-blue-collection-paula\\\/#primaryimage\",\"url\":\"https:\\\/\\\/www.koonings.com\\\/wp-content\\\/uploads\\\/2024\\\/11\\\/37625_8a24df4e2cac2314ec7c4b1794694befe3909a71fade3b17695c918ebc743eaac914f6aa.jpeg\",\"contentUrl\":\"https:\\\/\\\/www.koonings.com\\\/wp-content\\\/uploads\\\/2024\\\/11\\\/37625_8a24df4e2cac2314ec7c4b1794694befe3909a71fade3b17695c918ebc743eaac914f6aa.jpeg\",\"width\":955,\"height\":1353},{\"@type\":\"BreadcrumbList\",\"@id\":\"https:\\\/\\\/www.koonings.com\\\/de\\\/product\\\/enzoani-blue-collection-paula\\\/#breadcrumb\",\"itemListElement\":[{\"@type\":\"ListItem\",\"position\":1,\"name\":\"Home\",\"item\":\"https:\\\/\\\/www.koonings.com\\\/de\\\/\"},{\"@type\":\"ListItem\",\"position\":2,\"name\":\"Enzoani Blau Kollektion Paula\"}]},{\"@type\":\"WebSite\",\"@id\":\"https:\\\/\\\/www.koonings.com\\\/de\\\/#website\",\"url\":\"https:\\\/\\\/www.koonings.com\\\/de\\\/\",\"name\":\"Koonings\",\"description\":\"De grootste bruidsmodewinkel ter wereld\",\"publisher\":{\"@id\":\"https:\\\/\\\/www.koonings.com\\\/de\\\/#organization\"},\"potentialAction\":[{\"@type\":\"SearchAction\",\"target\":{\"@type\":\"EntryPoint\",\"urlTemplate\":\"https:\\\/\\\/www.koonings.com\\\/de\\\/?s={search_term_string}\"},\"query-input\":{\"@type\":\"PropertyValueSpecification\",\"valueRequired\":true,\"valueName\":\"search_term_string\"}}],\"inLanguage\":\"de\"},{\"@type\":\"Organization\",\"@id\":\"https:\\\/\\\/www.koonings.com\\\/de\\\/#organization\",\"name\":\"Koonings\",\"url\":\"https:\\\/\\\/www.koonings.com\\\/de\\\/\",\"logo\":{\"@type\":\"ImageObject\",\"inLanguage\":\"de\",\"@id\":\"https:\\\/\\\/www.koonings.com\\\/de\\\/#\\\/schema\\\/logo\\\/image\\\/\",\"url\":\"https:\\\/\\\/www.koonings.com\\\/wp-content\\\/uploads\\\/2024\\\/07\\\/logo.png\",\"contentUrl\":\"https:\\\/\\\/www.koonings.com\\\/wp-content\\\/uploads\\\/2024\\\/07\\\/logo.png\",\"width\":600,\"height\":428,\"caption\":\"Koonings\"},\"image\":{\"@id\":\"https:\\\/\\\/www.koonings.com\\\/de\\\/#\\\/schema\\\/logo\\\/image\\\/\"},\"sameAs\":[\"https:\\\/\\\/www.facebook.com\\\/kooningstheweddingpalace\",\"https:\\\/\\\/www.instagram.com\\\/kooningstheweddingpalace\",\"https:\\\/\\\/www.pinterest.com\\\/koonings\",\"https:\\\/\\\/www.youtube.com\\\/kooningstheweddingpalace\"]}]}<\/script>\n<!-- \/ Yoast SEO plugin. -->","yoast_head_json":{"title":"Enzoani Blau Kollektion Paula | Koonings","description":"Dieses hinrei\u00dfende Kleid in A-Linie ist einfach s\u00fc\u00df und g\u00f6ttlich. Es besticht durch seine ma\u00dfgeschneiderten, weinroten 3D-Stickereien, die sich wundersch\u00f6n durch das tiefe, illusionistische Mieder im Korsettstil und den \u00fcppigen T\u00fcllrock ziehen. Eine Schicht Glitzertextur darunter sorgt f\u00fcr dezentes Funkeln und erg\u00e4nzt die vertr\u00e4umten Schichten aus weichem T\u00fcll und Organza. Die kunstvoll drapierten, abnehmbaren, schulterfreien T\u00fcll-Tr\u00e4ger vervollst\u00e4ndigen den romantischen Look.","robots":{"index":"index","follow":"follow","max-snippet":"max-snippet:-1","max-image-preview":"max-image-preview:large","max-video-preview":"max-video-preview:-1"},"canonical":"https:\/\/www.koonings.com\/de\/product\/enzoani-blue-collection-paula\/","og_locale":"de_DE","og_type":"article","og_title":"Enzoani Blau Kollektion Paula | Koonings","og_description":"Dieses hinrei\u00dfende Kleid in A-Linie ist einfach s\u00fc\u00df und g\u00f6ttlich. Es besticht durch seine ma\u00dfgeschneiderten, weinroten 3D-Stickereien, die sich wundersch\u00f6n durch das tiefe, illusionistische Mieder im Korsettstil und den \u00fcppigen T\u00fcllrock ziehen. Eine Schicht Glitzertextur darunter sorgt f\u00fcr dezentes Funkeln und erg\u00e4nzt die vertr\u00e4umten Schichten aus weichem T\u00fcll und Organza. Die kunstvoll drapierten, abnehmbaren, schulterfreien T\u00fcll-Tr\u00e4ger vervollst\u00e4ndigen den romantischen Look.","og_url":"https:\/\/www.koonings.com\/de\/product\/enzoani-blue-collection-paula\/","og_site_name":"Koonings","article_publisher":"https:\/\/www.facebook.com\/kooningstheweddingpalace","og_image":[{"width":955,"height":1353,"url":"https:\/\/www.koonings.com\/wp-content\/uploads\/2024\/11\/37625_8a24df4e2cac2314ec7c4b1794694befe3909a71fade3b17695c918ebc743eaac914f6aa.jpeg","type":"image\/jpeg"}],"twitter_card":"summary_large_image","schema":{"@context":"https:\/\/schema.org","@graph":[{"@type":"WebPage","@id":"https:\/\/www.koonings.com\/de\/product\/enzoani-blue-collection-paula\/","url":"https:\/\/www.koonings.com\/de\/product\/enzoani-blue-collection-paula\/","name":"Enzoani Blau Kollektion Paula | Koonings","isPartOf":{"@id":"https:\/\/www.koonings.com\/de\/#website"},"primaryImageOfPage":{"@id":"https:\/\/www.koonings.com\/de\/product\/enzoani-blue-collection-paula\/#primaryimage"},"image":{"@id":"https:\/\/www.koonings.com\/de\/product\/enzoani-blue-collection-paula\/#primaryimage"},"thumbnailUrl":"https:\/\/www.koonings.com\/wp-content\/uploads\/2024\/11\/37625_8a24df4e2cac2314ec7c4b1794694befe3909a71fade3b17695c918ebc743eaac914f6aa.jpeg","datePublished":"2026-04-28T16:08:18+00:00","description":"Dieses hinrei\u00dfende Kleid in A-Linie ist einfach s\u00fc\u00df und g\u00f6ttlich. Es besticht durch seine ma\u00dfgeschneiderten, weinroten 3D-Stickereien, die sich wundersch\u00f6n durch das tiefe, illusionistische Mieder im Korsettstil und den \u00fcppigen T\u00fcllrock ziehen. Eine Schicht Glitzertextur darunter sorgt f\u00fcr dezentes Funkeln und erg\u00e4nzt die vertr\u00e4umten Schichten aus weichem T\u00fcll und Organza. Die kunstvoll drapierten, abnehmbaren, schulterfreien T\u00fcll-Tr\u00e4ger vervollst\u00e4ndigen den romantischen Look.","breadcrumb":{"@id":"https:\/\/www.koonings.com\/de\/product\/enzoani-blue-collection-paula\/#breadcrumb"},"inLanguage":"de","potentialAction":[{"@type":"ReadAction","target":["https:\/\/www.koonings.com\/de\/product\/enzoani-blue-collection-paula\/"]}]},{"@type":"ImageObject","inLanguage":"de","@id":"https:\/\/www.koonings.com\/de\/product\/enzoani-blue-collection-paula\/#primaryimage","url":"https:\/\/www.koonings.com\/wp-content\/uploads\/2024\/11\/37625_8a24df4e2cac2314ec7c4b1794694befe3909a71fade3b17695c918ebc743eaac914f6aa.jpeg","contentUrl":"https:\/\/www.koonings.com\/wp-content\/uploads\/2024\/11\/37625_8a24df4e2cac2314ec7c4b1794694befe3909a71fade3b17695c918ebc743eaac914f6aa.jpeg","width":955,"height":1353},{"@type":"BreadcrumbList","@id":"https:\/\/www.koonings.com\/de\/product\/enzoani-blue-collection-paula\/#breadcrumb","itemListElement":[{"@type":"ListItem","position":1,"name":"Home","item":"https:\/\/www.koonings.com\/de\/"},{"@type":"ListItem","position":2,"name":"Enzoani Blau Kollektion Paula"}]},{"@type":"WebSite","@id":"https:\/\/www.koonings.com\/de\/#website","url":"https:\/\/www.koonings.com\/de\/","name":"Koonings","description":"De grootste bruidsmodewinkel ter wereld","publisher":{"@id":"https:\/\/www.koonings.com\/de\/#organization"},"potentialAction":[{"@type":"SearchAction","target":{"@type":"EntryPoint","urlTemplate":"https:\/\/www.koonings.com\/de\/?s={search_term_string}"},"query-input":{"@type":"PropertyValueSpecification","valueRequired":true,"valueName":"search_term_string"}}],"inLanguage":"de"},{"@type":"Organization","@id":"https:\/\/www.koonings.com\/de\/#organization","name":"Koonings","url":"https:\/\/www.koonings.com\/de\/","logo":{"@type":"ImageObject","inLanguage":"de","@id":"https:\/\/www.koonings.com\/de\/#\/schema\/logo\/image\/","url":"https:\/\/www.koonings.com\/wp-content\/uploads\/2024\/07\/logo.png","contentUrl":"https:\/\/www.koonings.com\/wp-content\/uploads\/2024\/07\/logo.png","width":600,"height":428,"caption":"Koonings"},"image":{"@id":"https:\/\/www.koonings.com\/de\/#\/schema\/logo\/image\/"},"sameAs":["https:\/\/www.facebook.com\/kooningstheweddingpalace","https:\/\/www.instagram.com\/kooningstheweddingpalace","https:\/\/www.pinterest.com\/koonings","https:\/\/www.youtube.com\/kooningstheweddingpalace"]}]}},"_links":{"self":[{"href":"https:\/\/www.koonings.com\/de\/wp-json\/wp\/v2\/product\/33505","targetHints":{"allow":["GET"]}}],"collection":[{"href":"https:\/\/www.koonings.com\/de\/wp-json\/wp\/v2\/product"}],"about":[{"href":"https:\/\/www.koonings.com\/de\/wp-json\/wp\/v2\/types\/product"}],"wp:featuredmedia":[{"embeddable":true,"href":"https:\/\/www.koonings.com\/de\/wp-json\/wp\/v2\/media\/30915"}],"wp:attachment":[{"href":"https:\/\/www.koonings.com\/de\/wp-json\/wp\/v2\/media?parent=33505"}],"wp:term":[{"taxonomy":"productdetails","embeddable":true,"href":"https:\/\/www.koonings.com\/de\/wp-json\/wp\/v2\/productdetails?post=33505"},{"taxonomy":"productneck","embeddable":true,"href":"https:\/\/www.koonings.com\/de\/wp-json\/wp\/v2\/productneck?post=33505"},{"taxonomy":"productcolor","embeddable":true,"href":"https:\/\/www.koonings.com\/de\/wp-json\/wp\/v2\/productcolor?post=33505"},{"taxonomy":"maat","embeddable":true,"href":"https:\/\/www.koonings.com\/de\/wp-json\/wp\/v2\/maat?post=33505"},{"taxonomy":"productsupplier","embeddable":true,"href":"https:\/\/www.koonings.com\/de\/wp-json\/wp\/v2\/productsupplier?post=33505"},{"taxonomy":"productsleeve","embeddable":true,"href":"https:\/\/www.koonings.com\/de\/wp-json\/wp\/v2\/productsleeve?post=33505"},{"taxonomy":"productcategory","embeddable":true,"href":"https:\/\/www.koonings.com\/de\/wp-json\/wp\/v2\/productcategory?post=33505"},{"taxonomy":"productsilhouette","embeddable":true,"href":"https:\/\/www.koonings.com\/de\/wp-json\/wp\/v2\/productsilhouette?post=33505"},{"taxonomy":"productstyle","embeddable":true,"href":"https:\/\/www.koonings.com\/de\/wp-json\/wp\/v2\/productstyle?post=33505"}],"curies":[{"name":"wp","href":"https:\/\/api.w.org\/{rel}","templated":true}]}}