{"id":33495,"date":"2025-12-15T00:10:48","date_gmt":"2025-12-14T23:10:48","guid":{"rendered":"https:\/\/www.koonings.com\/product\/ladybird-raina\/"},"modified":"2026-02-03T17:55:55","modified_gmt":"2026-02-03T16:55:55","slug":"ladybird-raina","status":"publish","type":"product","link":"https:\/\/www.koonings.com\/de\/product\/ladybird-raina\/","title":{"rendered":"Marienk\u00e4fer Raina"},"content":{"rendered":"<p>Ein modernes tr\u00e4gerloses Hochzeitskleid mit einem locker sitzenden Rock. Das transparente Mieder aus Spitze hat einen herzf\u00f6rmigen Ausschnitt. Der tiefe R\u00fccken wird mit einzelnen Kn\u00f6pfen geschlossen. Das Kleid wird hier mit langen, lockeren \u00c4rmeln kombiniert, f\u00fcr die die gleiche Spitze verwendet wurde. Ein kleines dekoratives Element sind die Kn\u00f6pfe am unteren Ende des \u00c4rmels.    <\/p>\n","protected":false},"featured_media":30980,"template":"","meta":{"_acf_changed":false,"ghostkit_customizer_options":"","ghostkit_custom_css":"","ghostkit_custom_js_head":"","ghostkit_custom_js_foot":"","ghostkit_typography":""},"productdetails":[381],"productneck":[354,355],"productcolor":[392],"maat":[],"productsupplier":[437],"productsleeve":[362,363],"productcategory":[18],"productsilhouette":[389],"productstyle":[371],"class_list":["post-33495","product","type-product","status-publish","has-post-thumbnail","hentry","productdetails-381","productneck-354","productneck-355","productcolor-392","productsupplier-ladybird","productsleeve-362","productsleeve-363","productcategory-trouwjurken","productsilhouette-389","productstyle-371"],"acf":[],"yoast_head":"<!-- This site is optimized with the Yoast SEO plugin v27.3 - https:\/\/yoast.com\/product\/yoast-seo-wordpress\/ -->\n<title>Marienk\u00e4fer Raina | Koonings<\/title>\n<meta name=\"description\" content=\"Ein modernes tr\u00e4gerloses Hochzeitskleid mit einem locker sitzenden Rock. Das transparente Mieder aus Spitze hat einen herzf\u00f6rmigen Ausschnitt. Der tiefe R\u00fccken wird mit einzelnen Kn\u00f6pfen geschlossen. Das Kleid wird hier mit langen, lockeren \u00c4rmeln kombiniert, f\u00fcr die die gleiche Spitze verwendet wurde. Ein kleines dekoratives Element sind die Kn\u00f6pfe am unteren Ende des \u00c4rmels.\" \/>\n<meta name=\"robots\" content=\"index, follow, max-snippet:-1, max-image-preview:large, max-video-preview:-1\" \/>\n<link rel=\"canonical\" href=\"https:\/\/www.koonings.com\/de\/product\/ladybird-raina\/\" \/>\n<meta property=\"og:locale\" content=\"de_DE\" \/>\n<meta property=\"og:type\" content=\"article\" \/>\n<meta property=\"og:title\" content=\"Marienk\u00e4fer Raina | Koonings\" \/>\n<meta property=\"og:description\" content=\"Ein modernes tr\u00e4gerloses Hochzeitskleid mit einem locker sitzenden Rock. Das transparente Mieder aus Spitze hat einen herzf\u00f6rmigen Ausschnitt. Der tiefe R\u00fccken wird mit einzelnen Kn\u00f6pfen geschlossen. Das Kleid wird hier mit langen, lockeren \u00c4rmeln kombiniert, f\u00fcr die die gleiche Spitze verwendet wurde. Ein kleines dekoratives Element sind die Kn\u00f6pfe am unteren Ende des \u00c4rmels.\" \/>\n<meta property=\"og:url\" content=\"https:\/\/www.koonings.com\/de\/product\/ladybird-raina\/\" \/>\n<meta property=\"og:site_name\" content=\"Koonings\" \/>\n<meta property=\"article:publisher\" content=\"https:\/\/www.facebook.com\/kooningstheweddingpalace\" \/>\n<meta property=\"article:modified_time\" content=\"2026-02-03T16:55:55+00:00\" \/>\n<meta property=\"og:image\" content=\"https:\/\/www.koonings.com\/wp-content\/uploads\/2024\/11\/37644_502000b55c5c96cc01a56d68a02a12d9b70fb981dadca3ff3d582d39945bc1774559f1d0-scaled.jpeg\" \/>\n\t<meta property=\"og:image:width\" content=\"1810\" \/>\n\t<meta property=\"og:image:height\" content=\"2560\" \/>\n\t<meta property=\"og:image:type\" content=\"image\/jpeg\" \/>\n<meta name=\"twitter:card\" content=\"summary_large_image\" \/>\n<script type=\"application\/ld+json\" class=\"yoast-schema-graph\">{\"@context\":\"https:\\\/\\\/schema.org\",\"@graph\":[{\"@type\":\"WebPage\",\"@id\":\"https:\\\/\\\/www.koonings.com\\\/de\\\/product\\\/ladybird-raina\\\/\",\"url\":\"https:\\\/\\\/www.koonings.com\\\/de\\\/product\\\/ladybird-raina\\\/\",\"name\":\"Marienk\u00e4fer Raina | Koonings\",\"isPartOf\":{\"@id\":\"https:\\\/\\\/www.koonings.com\\\/de\\\/#website\"},\"primaryImageOfPage\":{\"@id\":\"https:\\\/\\\/www.koonings.com\\\/de\\\/product\\\/ladybird-raina\\\/#primaryimage\"},\"image\":{\"@id\":\"https:\\\/\\\/www.koonings.com\\\/de\\\/product\\\/ladybird-raina\\\/#primaryimage\"},\"thumbnailUrl\":\"https:\\\/\\\/www.koonings.com\\\/wp-content\\\/uploads\\\/2024\\\/11\\\/37644_502000b55c5c96cc01a56d68a02a12d9b70fb981dadca3ff3d582d39945bc1774559f1d0-scaled.jpeg\",\"datePublished\":\"2025-12-14T23:10:48+00:00\",\"dateModified\":\"2026-02-03T16:55:55+00:00\",\"description\":\"Ein modernes tr\u00e4gerloses Hochzeitskleid mit einem locker sitzenden Rock. Das transparente Mieder aus Spitze hat einen herzf\u00f6rmigen Ausschnitt. Der tiefe R\u00fccken wird mit einzelnen Kn\u00f6pfen geschlossen. Das Kleid wird hier mit langen, lockeren \u00c4rmeln kombiniert, f\u00fcr die die gleiche Spitze verwendet wurde. Ein kleines dekoratives Element sind die Kn\u00f6pfe am unteren Ende des \u00c4rmels.\",\"breadcrumb\":{\"@id\":\"https:\\\/\\\/www.koonings.com\\\/de\\\/product\\\/ladybird-raina\\\/#breadcrumb\"},\"inLanguage\":\"de\",\"potentialAction\":[{\"@type\":\"ReadAction\",\"target\":[\"https:\\\/\\\/www.koonings.com\\\/de\\\/product\\\/ladybird-raina\\\/\"]}]},{\"@type\":\"ImageObject\",\"inLanguage\":\"de\",\"@id\":\"https:\\\/\\\/www.koonings.com\\\/de\\\/product\\\/ladybird-raina\\\/#primaryimage\",\"url\":\"https:\\\/\\\/www.koonings.com\\\/wp-content\\\/uploads\\\/2024\\\/11\\\/37644_502000b55c5c96cc01a56d68a02a12d9b70fb981dadca3ff3d582d39945bc1774559f1d0-scaled.jpeg\",\"contentUrl\":\"https:\\\/\\\/www.koonings.com\\\/wp-content\\\/uploads\\\/2024\\\/11\\\/37644_502000b55c5c96cc01a56d68a02a12d9b70fb981dadca3ff3d582d39945bc1774559f1d0-scaled.jpeg\",\"width\":1810,\"height\":2560},{\"@type\":\"BreadcrumbList\",\"@id\":\"https:\\\/\\\/www.koonings.com\\\/de\\\/product\\\/ladybird-raina\\\/#breadcrumb\",\"itemListElement\":[{\"@type\":\"ListItem\",\"position\":1,\"name\":\"Home\",\"item\":\"https:\\\/\\\/www.koonings.com\\\/de\\\/\"},{\"@type\":\"ListItem\",\"position\":2,\"name\":\"Marienk\u00e4fer Raina\"}]},{\"@type\":\"WebSite\",\"@id\":\"https:\\\/\\\/www.koonings.com\\\/de\\\/#website\",\"url\":\"https:\\\/\\\/www.koonings.com\\\/de\\\/\",\"name\":\"Koonings\",\"description\":\"De grootste bruidsmodewinkel ter wereld\",\"publisher\":{\"@id\":\"https:\\\/\\\/www.koonings.com\\\/de\\\/#organization\"},\"potentialAction\":[{\"@type\":\"SearchAction\",\"target\":{\"@type\":\"EntryPoint\",\"urlTemplate\":\"https:\\\/\\\/www.koonings.com\\\/de\\\/?s={search_term_string}\"},\"query-input\":{\"@type\":\"PropertyValueSpecification\",\"valueRequired\":true,\"valueName\":\"search_term_string\"}}],\"inLanguage\":\"de\"},{\"@type\":\"Organization\",\"@id\":\"https:\\\/\\\/www.koonings.com\\\/de\\\/#organization\",\"name\":\"Koonings\",\"url\":\"https:\\\/\\\/www.koonings.com\\\/de\\\/\",\"logo\":{\"@type\":\"ImageObject\",\"inLanguage\":\"de\",\"@id\":\"https:\\\/\\\/www.koonings.com\\\/de\\\/#\\\/schema\\\/logo\\\/image\\\/\",\"url\":\"https:\\\/\\\/www.koonings.com\\\/wp-content\\\/uploads\\\/2024\\\/07\\\/logo.png\",\"contentUrl\":\"https:\\\/\\\/www.koonings.com\\\/wp-content\\\/uploads\\\/2024\\\/07\\\/logo.png\",\"width\":600,\"height\":428,\"caption\":\"Koonings\"},\"image\":{\"@id\":\"https:\\\/\\\/www.koonings.com\\\/de\\\/#\\\/schema\\\/logo\\\/image\\\/\"},\"sameAs\":[\"https:\\\/\\\/www.facebook.com\\\/kooningstheweddingpalace\",\"https:\\\/\\\/www.instagram.com\\\/kooningstheweddingpalace\",\"https:\\\/\\\/www.pinterest.com\\\/koonings\",\"https:\\\/\\\/www.youtube.com\\\/kooningstheweddingpalace\"]}]}<\/script>\n<!-- \/ Yoast SEO plugin. -->","yoast_head_json":{"title":"Marienk\u00e4fer Raina | Koonings","description":"Ein modernes tr\u00e4gerloses Hochzeitskleid mit einem locker sitzenden Rock. Das transparente Mieder aus Spitze hat einen herzf\u00f6rmigen Ausschnitt. Der tiefe R\u00fccken wird mit einzelnen Kn\u00f6pfen geschlossen. Das Kleid wird hier mit langen, lockeren \u00c4rmeln kombiniert, f\u00fcr die die gleiche Spitze verwendet wurde. Ein kleines dekoratives Element sind die Kn\u00f6pfe am unteren Ende des \u00c4rmels.","robots":{"index":"index","follow":"follow","max-snippet":"max-snippet:-1","max-image-preview":"max-image-preview:large","max-video-preview":"max-video-preview:-1"},"canonical":"https:\/\/www.koonings.com\/de\/product\/ladybird-raina\/","og_locale":"de_DE","og_type":"article","og_title":"Marienk\u00e4fer Raina | Koonings","og_description":"Ein modernes tr\u00e4gerloses Hochzeitskleid mit einem locker sitzenden Rock. Das transparente Mieder aus Spitze hat einen herzf\u00f6rmigen Ausschnitt. Der tiefe R\u00fccken wird mit einzelnen Kn\u00f6pfen geschlossen. Das Kleid wird hier mit langen, lockeren \u00c4rmeln kombiniert, f\u00fcr die die gleiche Spitze verwendet wurde. Ein kleines dekoratives Element sind die Kn\u00f6pfe am unteren Ende des \u00c4rmels.","og_url":"https:\/\/www.koonings.com\/de\/product\/ladybird-raina\/","og_site_name":"Koonings","article_publisher":"https:\/\/www.facebook.com\/kooningstheweddingpalace","article_modified_time":"2026-02-03T16:55:55+00:00","og_image":[{"width":1810,"height":2560,"url":"https:\/\/www.koonings.com\/wp-content\/uploads\/2024\/11\/37644_502000b55c5c96cc01a56d68a02a12d9b70fb981dadca3ff3d582d39945bc1774559f1d0-scaled.jpeg","type":"image\/jpeg"}],"twitter_card":"summary_large_image","schema":{"@context":"https:\/\/schema.org","@graph":[{"@type":"WebPage","@id":"https:\/\/www.koonings.com\/de\/product\/ladybird-raina\/","url":"https:\/\/www.koonings.com\/de\/product\/ladybird-raina\/","name":"Marienk\u00e4fer Raina | Koonings","isPartOf":{"@id":"https:\/\/www.koonings.com\/de\/#website"},"primaryImageOfPage":{"@id":"https:\/\/www.koonings.com\/de\/product\/ladybird-raina\/#primaryimage"},"image":{"@id":"https:\/\/www.koonings.com\/de\/product\/ladybird-raina\/#primaryimage"},"thumbnailUrl":"https:\/\/www.koonings.com\/wp-content\/uploads\/2024\/11\/37644_502000b55c5c96cc01a56d68a02a12d9b70fb981dadca3ff3d582d39945bc1774559f1d0-scaled.jpeg","datePublished":"2025-12-14T23:10:48+00:00","dateModified":"2026-02-03T16:55:55+00:00","description":"Ein modernes tr\u00e4gerloses Hochzeitskleid mit einem locker sitzenden Rock. Das transparente Mieder aus Spitze hat einen herzf\u00f6rmigen Ausschnitt. Der tiefe R\u00fccken wird mit einzelnen Kn\u00f6pfen geschlossen. Das Kleid wird hier mit langen, lockeren \u00c4rmeln kombiniert, f\u00fcr die die gleiche Spitze verwendet wurde. Ein kleines dekoratives Element sind die Kn\u00f6pfe am unteren Ende des \u00c4rmels.","breadcrumb":{"@id":"https:\/\/www.koonings.com\/de\/product\/ladybird-raina\/#breadcrumb"},"inLanguage":"de","potentialAction":[{"@type":"ReadAction","target":["https:\/\/www.koonings.com\/de\/product\/ladybird-raina\/"]}]},{"@type":"ImageObject","inLanguage":"de","@id":"https:\/\/www.koonings.com\/de\/product\/ladybird-raina\/#primaryimage","url":"https:\/\/www.koonings.com\/wp-content\/uploads\/2024\/11\/37644_502000b55c5c96cc01a56d68a02a12d9b70fb981dadca3ff3d582d39945bc1774559f1d0-scaled.jpeg","contentUrl":"https:\/\/www.koonings.com\/wp-content\/uploads\/2024\/11\/37644_502000b55c5c96cc01a56d68a02a12d9b70fb981dadca3ff3d582d39945bc1774559f1d0-scaled.jpeg","width":1810,"height":2560},{"@type":"BreadcrumbList","@id":"https:\/\/www.koonings.com\/de\/product\/ladybird-raina\/#breadcrumb","itemListElement":[{"@type":"ListItem","position":1,"name":"Home","item":"https:\/\/www.koonings.com\/de\/"},{"@type":"ListItem","position":2,"name":"Marienk\u00e4fer Raina"}]},{"@type":"WebSite","@id":"https:\/\/www.koonings.com\/de\/#website","url":"https:\/\/www.koonings.com\/de\/","name":"Koonings","description":"De grootste bruidsmodewinkel ter wereld","publisher":{"@id":"https:\/\/www.koonings.com\/de\/#organization"},"potentialAction":[{"@type":"SearchAction","target":{"@type":"EntryPoint","urlTemplate":"https:\/\/www.koonings.com\/de\/?s={search_term_string}"},"query-input":{"@type":"PropertyValueSpecification","valueRequired":true,"valueName":"search_term_string"}}],"inLanguage":"de"},{"@type":"Organization","@id":"https:\/\/www.koonings.com\/de\/#organization","name":"Koonings","url":"https:\/\/www.koonings.com\/de\/","logo":{"@type":"ImageObject","inLanguage":"de","@id":"https:\/\/www.koonings.com\/de\/#\/schema\/logo\/image\/","url":"https:\/\/www.koonings.com\/wp-content\/uploads\/2024\/07\/logo.png","contentUrl":"https:\/\/www.koonings.com\/wp-content\/uploads\/2024\/07\/logo.png","width":600,"height":428,"caption":"Koonings"},"image":{"@id":"https:\/\/www.koonings.com\/de\/#\/schema\/logo\/image\/"},"sameAs":["https:\/\/www.facebook.com\/kooningstheweddingpalace","https:\/\/www.instagram.com\/kooningstheweddingpalace","https:\/\/www.pinterest.com\/koonings","https:\/\/www.youtube.com\/kooningstheweddingpalace"]}]}},"_links":{"self":[{"href":"https:\/\/www.koonings.com\/de\/wp-json\/wp\/v2\/product\/33495","targetHints":{"allow":["GET"]}}],"collection":[{"href":"https:\/\/www.koonings.com\/de\/wp-json\/wp\/v2\/product"}],"about":[{"href":"https:\/\/www.koonings.com\/de\/wp-json\/wp\/v2\/types\/product"}],"wp:featuredmedia":[{"embeddable":true,"href":"https:\/\/www.koonings.com\/de\/wp-json\/wp\/v2\/media\/30980"}],"wp:attachment":[{"href":"https:\/\/www.koonings.com\/de\/wp-json\/wp\/v2\/media?parent=33495"}],"wp:term":[{"taxonomy":"productdetails","embeddable":true,"href":"https:\/\/www.koonings.com\/de\/wp-json\/wp\/v2\/productdetails?post=33495"},{"taxonomy":"productneck","embeddable":true,"href":"https:\/\/www.koonings.com\/de\/wp-json\/wp\/v2\/productneck?post=33495"},{"taxonomy":"productcolor","embeddable":true,"href":"https:\/\/www.koonings.com\/de\/wp-json\/wp\/v2\/productcolor?post=33495"},{"taxonomy":"maat","embeddable":true,"href":"https:\/\/www.koonings.com\/de\/wp-json\/wp\/v2\/maat?post=33495"},{"taxonomy":"productsupplier","embeddable":true,"href":"https:\/\/www.koonings.com\/de\/wp-json\/wp\/v2\/productsupplier?post=33495"},{"taxonomy":"productsleeve","embeddable":true,"href":"https:\/\/www.koonings.com\/de\/wp-json\/wp\/v2\/productsleeve?post=33495"},{"taxonomy":"productcategory","embeddable":true,"href":"https:\/\/www.koonings.com\/de\/wp-json\/wp\/v2\/productcategory?post=33495"},{"taxonomy":"productsilhouette","embeddable":true,"href":"https:\/\/www.koonings.com\/de\/wp-json\/wp\/v2\/productsilhouette?post=33495"},{"taxonomy":"productstyle","embeddable":true,"href":"https:\/\/www.koonings.com\/de\/wp-json\/wp\/v2\/productstyle?post=33495"}],"curies":[{"name":"wp","href":"https:\/\/api.w.org\/{rel}","templated":true}]}}