{"id":33494,"date":"2025-12-15T00:10:48","date_gmt":"2025-12-14T23:10:48","guid":{"rendered":"https:\/\/www.koonings.com\/product\/ladybird-alizah\/"},"modified":"2026-02-03T17:56:14","modified_gmt":"2026-02-03T16:56:14","slug":"ladybird-alizah","status":"publish","type":"product","link":"https:\/\/www.koonings.com\/de\/product\/ladybird-alizah\/","title":{"rendered":"Marienk\u00e4fer Alizah"},"content":{"rendered":"<p>Wenn Sie auf der Suche nach einem romantischen und sinnlichen Stil sind, dann ist dieses b\u00f6hmische Hochzeitskleid genau das Richtige f\u00fcr Sie! Der schwungvolle T\u00fcllrock hat ein transparentes Mieder und der offene R\u00fccken ist einfach umwerfend. Die langen Spitzen\u00e4rmel mit Tattoo-Effekt sorgen f\u00fcr einen romantischen Touch.  <\/p>\n","protected":false},"featured_media":31006,"template":"","meta":{"_acf_changed":false,"ghostkit_customizer_options":"","ghostkit_custom_css":"","ghostkit_custom_js_head":"","ghostkit_custom_js_foot":"","ghostkit_typography":""},"productdetails":[379,376,381],"productneck":[356],"productcolor":[393,392],"maat":[],"productsupplier":[437],"productsleeve":[357,362],"productcategory":[18],"productsilhouette":[384],"productstyle":[366],"class_list":["post-33494","product","type-product","status-publish","has-post-thumbnail","hentry","productdetails-379","productdetails-376","productdetails-381","productneck-356","productcolor-393","productcolor-392","productsupplier-ladybird","productsleeve-357","productsleeve-362","productcategory-trouwjurken","productsilhouette-384","productstyle-366"],"acf":[],"yoast_head":"<!-- This site is optimized with the Yoast SEO plugin v27.3 - https:\/\/yoast.com\/product\/yoast-seo-wordpress\/ -->\n<title>Marienk\u00e4fer Alizah | Koonings<\/title>\n<meta name=\"description\" content=\"Wenn Sie auf der Suche nach einem romantischen und sinnlichen Stil sind, dann ist dieses b\u00f6hmische Hochzeitskleid genau das Richtige f\u00fcr Sie! Der schwungvolle T\u00fcllrock hat ein transparentes Mieder und der offene R\u00fccken ist einfach umwerfend. Die langen Spitzen\u00e4rmel mit Tattoo-Effekt sorgen f\u00fcr einen romantischen Touch.\" \/>\n<meta name=\"robots\" content=\"index, follow, max-snippet:-1, max-image-preview:large, max-video-preview:-1\" \/>\n<link rel=\"canonical\" href=\"https:\/\/www.koonings.com\/de\/product\/ladybird-alizah\/\" \/>\n<meta property=\"og:locale\" content=\"de_DE\" \/>\n<meta property=\"og:type\" content=\"article\" \/>\n<meta property=\"og:title\" content=\"Marienk\u00e4fer Alizah | Koonings\" \/>\n<meta property=\"og:description\" content=\"Wenn Sie auf der Suche nach einem romantischen und sinnlichen Stil sind, dann ist dieses b\u00f6hmische Hochzeitskleid genau das Richtige f\u00fcr Sie! Der schwungvolle T\u00fcllrock hat ein transparentes Mieder und der offene R\u00fccken ist einfach umwerfend. Die langen Spitzen\u00e4rmel mit Tattoo-Effekt sorgen f\u00fcr einen romantischen Touch.\" \/>\n<meta property=\"og:url\" content=\"https:\/\/www.koonings.com\/de\/product\/ladybird-alizah\/\" \/>\n<meta property=\"og:site_name\" content=\"Koonings\" \/>\n<meta property=\"article:publisher\" content=\"https:\/\/www.facebook.com\/kooningstheweddingpalace\" \/>\n<meta property=\"article:modified_time\" content=\"2026-02-03T16:56:14+00:00\" \/>\n<meta property=\"og:image\" content=\"https:\/\/www.koonings.com\/wp-content\/uploads\/2024\/11\/37646_b71a910dd202a691c073fc055a8d2bbc9c286cb2a3df6282cf9fe3b77a86683c7a75e91f-scaled.jpeg\" \/>\n\t<meta property=\"og:image:width\" content=\"1810\" \/>\n\t<meta property=\"og:image:height\" content=\"2560\" \/>\n\t<meta property=\"og:image:type\" content=\"image\/jpeg\" \/>\n<meta name=\"twitter:card\" content=\"summary_large_image\" \/>\n<script type=\"application\/ld+json\" class=\"yoast-schema-graph\">{\"@context\":\"https:\\\/\\\/schema.org\",\"@graph\":[{\"@type\":\"WebPage\",\"@id\":\"https:\\\/\\\/www.koonings.com\\\/de\\\/product\\\/ladybird-alizah\\\/\",\"url\":\"https:\\\/\\\/www.koonings.com\\\/de\\\/product\\\/ladybird-alizah\\\/\",\"name\":\"Marienk\u00e4fer Alizah | Koonings\",\"isPartOf\":{\"@id\":\"https:\\\/\\\/www.koonings.com\\\/de\\\/#website\"},\"primaryImageOfPage\":{\"@id\":\"https:\\\/\\\/www.koonings.com\\\/de\\\/product\\\/ladybird-alizah\\\/#primaryimage\"},\"image\":{\"@id\":\"https:\\\/\\\/www.koonings.com\\\/de\\\/product\\\/ladybird-alizah\\\/#primaryimage\"},\"thumbnailUrl\":\"https:\\\/\\\/www.koonings.com\\\/wp-content\\\/uploads\\\/2024\\\/11\\\/37646_b71a910dd202a691c073fc055a8d2bbc9c286cb2a3df6282cf9fe3b77a86683c7a75e91f-scaled.jpeg\",\"datePublished\":\"2025-12-14T23:10:48+00:00\",\"dateModified\":\"2026-02-03T16:56:14+00:00\",\"description\":\"Wenn Sie auf der Suche nach einem romantischen und sinnlichen Stil sind, dann ist dieses b\u00f6hmische Hochzeitskleid genau das Richtige f\u00fcr Sie! Der schwungvolle T\u00fcllrock hat ein transparentes Mieder und der offene R\u00fccken ist einfach umwerfend. Die langen Spitzen\u00e4rmel mit Tattoo-Effekt sorgen f\u00fcr einen romantischen Touch.\",\"breadcrumb\":{\"@id\":\"https:\\\/\\\/www.koonings.com\\\/de\\\/product\\\/ladybird-alizah\\\/#breadcrumb\"},\"inLanguage\":\"de\",\"potentialAction\":[{\"@type\":\"ReadAction\",\"target\":[\"https:\\\/\\\/www.koonings.com\\\/de\\\/product\\\/ladybird-alizah\\\/\"]}]},{\"@type\":\"ImageObject\",\"inLanguage\":\"de\",\"@id\":\"https:\\\/\\\/www.koonings.com\\\/de\\\/product\\\/ladybird-alizah\\\/#primaryimage\",\"url\":\"https:\\\/\\\/www.koonings.com\\\/wp-content\\\/uploads\\\/2024\\\/11\\\/37646_b71a910dd202a691c073fc055a8d2bbc9c286cb2a3df6282cf9fe3b77a86683c7a75e91f-scaled.jpeg\",\"contentUrl\":\"https:\\\/\\\/www.koonings.com\\\/wp-content\\\/uploads\\\/2024\\\/11\\\/37646_b71a910dd202a691c073fc055a8d2bbc9c286cb2a3df6282cf9fe3b77a86683c7a75e91f-scaled.jpeg\",\"width\":1810,\"height\":2560},{\"@type\":\"BreadcrumbList\",\"@id\":\"https:\\\/\\\/www.koonings.com\\\/de\\\/product\\\/ladybird-alizah\\\/#breadcrumb\",\"itemListElement\":[{\"@type\":\"ListItem\",\"position\":1,\"name\":\"Home\",\"item\":\"https:\\\/\\\/www.koonings.com\\\/de\\\/\"},{\"@type\":\"ListItem\",\"position\":2,\"name\":\"Marienk\u00e4fer Alizah\"}]},{\"@type\":\"WebSite\",\"@id\":\"https:\\\/\\\/www.koonings.com\\\/de\\\/#website\",\"url\":\"https:\\\/\\\/www.koonings.com\\\/de\\\/\",\"name\":\"Koonings\",\"description\":\"De grootste bruidsmodewinkel ter wereld\",\"publisher\":{\"@id\":\"https:\\\/\\\/www.koonings.com\\\/de\\\/#organization\"},\"potentialAction\":[{\"@type\":\"SearchAction\",\"target\":{\"@type\":\"EntryPoint\",\"urlTemplate\":\"https:\\\/\\\/www.koonings.com\\\/de\\\/?s={search_term_string}\"},\"query-input\":{\"@type\":\"PropertyValueSpecification\",\"valueRequired\":true,\"valueName\":\"search_term_string\"}}],\"inLanguage\":\"de\"},{\"@type\":\"Organization\",\"@id\":\"https:\\\/\\\/www.koonings.com\\\/de\\\/#organization\",\"name\":\"Koonings\",\"url\":\"https:\\\/\\\/www.koonings.com\\\/de\\\/\",\"logo\":{\"@type\":\"ImageObject\",\"inLanguage\":\"de\",\"@id\":\"https:\\\/\\\/www.koonings.com\\\/de\\\/#\\\/schema\\\/logo\\\/image\\\/\",\"url\":\"https:\\\/\\\/www.koonings.com\\\/wp-content\\\/uploads\\\/2024\\\/07\\\/logo.png\",\"contentUrl\":\"https:\\\/\\\/www.koonings.com\\\/wp-content\\\/uploads\\\/2024\\\/07\\\/logo.png\",\"width\":600,\"height\":428,\"caption\":\"Koonings\"},\"image\":{\"@id\":\"https:\\\/\\\/www.koonings.com\\\/de\\\/#\\\/schema\\\/logo\\\/image\\\/\"},\"sameAs\":[\"https:\\\/\\\/www.facebook.com\\\/kooningstheweddingpalace\",\"https:\\\/\\\/www.instagram.com\\\/kooningstheweddingpalace\",\"https:\\\/\\\/www.pinterest.com\\\/koonings\",\"https:\\\/\\\/www.youtube.com\\\/kooningstheweddingpalace\"]}]}<\/script>\n<!-- \/ Yoast SEO plugin. -->","yoast_head_json":{"title":"Marienk\u00e4fer Alizah | Koonings","description":"Wenn Sie auf der Suche nach einem romantischen und sinnlichen Stil sind, dann ist dieses b\u00f6hmische Hochzeitskleid genau das Richtige f\u00fcr Sie! Der schwungvolle T\u00fcllrock hat ein transparentes Mieder und der offene R\u00fccken ist einfach umwerfend. Die langen Spitzen\u00e4rmel mit Tattoo-Effekt sorgen f\u00fcr einen romantischen Touch.","robots":{"index":"index","follow":"follow","max-snippet":"max-snippet:-1","max-image-preview":"max-image-preview:large","max-video-preview":"max-video-preview:-1"},"canonical":"https:\/\/www.koonings.com\/de\/product\/ladybird-alizah\/","og_locale":"de_DE","og_type":"article","og_title":"Marienk\u00e4fer Alizah | Koonings","og_description":"Wenn Sie auf der Suche nach einem romantischen und sinnlichen Stil sind, dann ist dieses b\u00f6hmische Hochzeitskleid genau das Richtige f\u00fcr Sie! Der schwungvolle T\u00fcllrock hat ein transparentes Mieder und der offene R\u00fccken ist einfach umwerfend. Die langen Spitzen\u00e4rmel mit Tattoo-Effekt sorgen f\u00fcr einen romantischen Touch.","og_url":"https:\/\/www.koonings.com\/de\/product\/ladybird-alizah\/","og_site_name":"Koonings","article_publisher":"https:\/\/www.facebook.com\/kooningstheweddingpalace","article_modified_time":"2026-02-03T16:56:14+00:00","og_image":[{"width":1810,"height":2560,"url":"https:\/\/www.koonings.com\/wp-content\/uploads\/2024\/11\/37646_b71a910dd202a691c073fc055a8d2bbc9c286cb2a3df6282cf9fe3b77a86683c7a75e91f-scaled.jpeg","type":"image\/jpeg"}],"twitter_card":"summary_large_image","schema":{"@context":"https:\/\/schema.org","@graph":[{"@type":"WebPage","@id":"https:\/\/www.koonings.com\/de\/product\/ladybird-alizah\/","url":"https:\/\/www.koonings.com\/de\/product\/ladybird-alizah\/","name":"Marienk\u00e4fer Alizah | Koonings","isPartOf":{"@id":"https:\/\/www.koonings.com\/de\/#website"},"primaryImageOfPage":{"@id":"https:\/\/www.koonings.com\/de\/product\/ladybird-alizah\/#primaryimage"},"image":{"@id":"https:\/\/www.koonings.com\/de\/product\/ladybird-alizah\/#primaryimage"},"thumbnailUrl":"https:\/\/www.koonings.com\/wp-content\/uploads\/2024\/11\/37646_b71a910dd202a691c073fc055a8d2bbc9c286cb2a3df6282cf9fe3b77a86683c7a75e91f-scaled.jpeg","datePublished":"2025-12-14T23:10:48+00:00","dateModified":"2026-02-03T16:56:14+00:00","description":"Wenn Sie auf der Suche nach einem romantischen und sinnlichen Stil sind, dann ist dieses b\u00f6hmische Hochzeitskleid genau das Richtige f\u00fcr Sie! Der schwungvolle T\u00fcllrock hat ein transparentes Mieder und der offene R\u00fccken ist einfach umwerfend. Die langen Spitzen\u00e4rmel mit Tattoo-Effekt sorgen f\u00fcr einen romantischen Touch.","breadcrumb":{"@id":"https:\/\/www.koonings.com\/de\/product\/ladybird-alizah\/#breadcrumb"},"inLanguage":"de","potentialAction":[{"@type":"ReadAction","target":["https:\/\/www.koonings.com\/de\/product\/ladybird-alizah\/"]}]},{"@type":"ImageObject","inLanguage":"de","@id":"https:\/\/www.koonings.com\/de\/product\/ladybird-alizah\/#primaryimage","url":"https:\/\/www.koonings.com\/wp-content\/uploads\/2024\/11\/37646_b71a910dd202a691c073fc055a8d2bbc9c286cb2a3df6282cf9fe3b77a86683c7a75e91f-scaled.jpeg","contentUrl":"https:\/\/www.koonings.com\/wp-content\/uploads\/2024\/11\/37646_b71a910dd202a691c073fc055a8d2bbc9c286cb2a3df6282cf9fe3b77a86683c7a75e91f-scaled.jpeg","width":1810,"height":2560},{"@type":"BreadcrumbList","@id":"https:\/\/www.koonings.com\/de\/product\/ladybird-alizah\/#breadcrumb","itemListElement":[{"@type":"ListItem","position":1,"name":"Home","item":"https:\/\/www.koonings.com\/de\/"},{"@type":"ListItem","position":2,"name":"Marienk\u00e4fer Alizah"}]},{"@type":"WebSite","@id":"https:\/\/www.koonings.com\/de\/#website","url":"https:\/\/www.koonings.com\/de\/","name":"Koonings","description":"De grootste bruidsmodewinkel ter wereld","publisher":{"@id":"https:\/\/www.koonings.com\/de\/#organization"},"potentialAction":[{"@type":"SearchAction","target":{"@type":"EntryPoint","urlTemplate":"https:\/\/www.koonings.com\/de\/?s={search_term_string}"},"query-input":{"@type":"PropertyValueSpecification","valueRequired":true,"valueName":"search_term_string"}}],"inLanguage":"de"},{"@type":"Organization","@id":"https:\/\/www.koonings.com\/de\/#organization","name":"Koonings","url":"https:\/\/www.koonings.com\/de\/","logo":{"@type":"ImageObject","inLanguage":"de","@id":"https:\/\/www.koonings.com\/de\/#\/schema\/logo\/image\/","url":"https:\/\/www.koonings.com\/wp-content\/uploads\/2024\/07\/logo.png","contentUrl":"https:\/\/www.koonings.com\/wp-content\/uploads\/2024\/07\/logo.png","width":600,"height":428,"caption":"Koonings"},"image":{"@id":"https:\/\/www.koonings.com\/de\/#\/schema\/logo\/image\/"},"sameAs":["https:\/\/www.facebook.com\/kooningstheweddingpalace","https:\/\/www.instagram.com\/kooningstheweddingpalace","https:\/\/www.pinterest.com\/koonings","https:\/\/www.youtube.com\/kooningstheweddingpalace"]}]}},"_links":{"self":[{"href":"https:\/\/www.koonings.com\/de\/wp-json\/wp\/v2\/product\/33494","targetHints":{"allow":["GET"]}}],"collection":[{"href":"https:\/\/www.koonings.com\/de\/wp-json\/wp\/v2\/product"}],"about":[{"href":"https:\/\/www.koonings.com\/de\/wp-json\/wp\/v2\/types\/product"}],"wp:featuredmedia":[{"embeddable":true,"href":"https:\/\/www.koonings.com\/de\/wp-json\/wp\/v2\/media\/31006"}],"wp:attachment":[{"href":"https:\/\/www.koonings.com\/de\/wp-json\/wp\/v2\/media?parent=33494"}],"wp:term":[{"taxonomy":"productdetails","embeddable":true,"href":"https:\/\/www.koonings.com\/de\/wp-json\/wp\/v2\/productdetails?post=33494"},{"taxonomy":"productneck","embeddable":true,"href":"https:\/\/www.koonings.com\/de\/wp-json\/wp\/v2\/productneck?post=33494"},{"taxonomy":"productcolor","embeddable":true,"href":"https:\/\/www.koonings.com\/de\/wp-json\/wp\/v2\/productcolor?post=33494"},{"taxonomy":"maat","embeddable":true,"href":"https:\/\/www.koonings.com\/de\/wp-json\/wp\/v2\/maat?post=33494"},{"taxonomy":"productsupplier","embeddable":true,"href":"https:\/\/www.koonings.com\/de\/wp-json\/wp\/v2\/productsupplier?post=33494"},{"taxonomy":"productsleeve","embeddable":true,"href":"https:\/\/www.koonings.com\/de\/wp-json\/wp\/v2\/productsleeve?post=33494"},{"taxonomy":"productcategory","embeddable":true,"href":"https:\/\/www.koonings.com\/de\/wp-json\/wp\/v2\/productcategory?post=33494"},{"taxonomy":"productsilhouette","embeddable":true,"href":"https:\/\/www.koonings.com\/de\/wp-json\/wp\/v2\/productsilhouette?post=33494"},{"taxonomy":"productstyle","embeddable":true,"href":"https:\/\/www.koonings.com\/de\/wp-json\/wp\/v2\/productstyle?post=33494"}],"curies":[{"name":"wp","href":"https:\/\/api.w.org\/{rel}","templated":true}]}}