{"id":33479,"date":"2026-04-28T18:08:19","date_gmt":"2026-04-28T16:08:19","guid":{"rendered":"https:\/\/www.koonings.com\/product\/cymbeline-revelation\/"},"modified":"2026-02-16T14:27:50","modified_gmt":"2026-02-16T13:27:50","slug":"cymbeline-revelation","status":"publish","type":"product","link":"https:\/\/www.koonings.com\/de\/product\/cymbeline-revelation\/","title":{"rendered":"Cymbeline Offenbarung"},"content":{"rendered":"<p>Wollten Sie sich schon immer wie eine Prinzessin f\u00fchlen? Dieses Kleid wird Sie mit seinem k\u00f6niglichen Rock und den atemberaubenden Spitzen\u00e4rmeln wie eine Prinzessin f\u00fchlen lassen. Der R\u00fccken verl\u00e4uft in einem h\u00fcbschen V und ist mit einem Spitzenbesatz mit Wellenschliff versehen. Suchen Sie nicht weiter und probieren Sie dieses Brautkleid bei Koonings an.   <\/p>\n","protected":false},"featured_media":31070,"template":"","meta":{"_acf_changed":false,"ghostkit_customizer_options":"","ghostkit_custom_css":"","ghostkit_custom_js_head":"","ghostkit_custom_js_foot":"","ghostkit_typography":""},"productdetails":[],"productneck":[356],"productcolor":[392],"maat":[],"productsupplier":[435],"productsleeve":[362],"productcategory":[18],"productsilhouette":[384],"productstyle":[366],"class_list":["post-33479","product","type-product","status-publish","has-post-thumbnail","hentry","productneck-356","productcolor-392","productsupplier-cymbeline","productsleeve-362","productcategory-trouwjurken","productsilhouette-384","productstyle-366"],"acf":[],"yoast_head":"<!-- This site is optimized with the Yoast SEO plugin v27.3 - https:\/\/yoast.com\/product\/yoast-seo-wordpress\/ -->\n<title>Cymbeline Offenbarung | Koonings<\/title>\n<meta name=\"description\" content=\"Wollten Sie sich schon immer wie eine Prinzessin f\u00fchlen? Dieses Kleid wird Sie mit seinem k\u00f6niglichen Rock und den atemberaubenden Spitzen\u00e4rmeln wie eine Prinzessin f\u00fchlen lassen. Der R\u00fccken verl\u00e4uft in einem h\u00fcbschen V und ist mit einem Spitzenbesatz mit Wellenschliff versehen. Suchen Sie nicht weiter und probieren Sie dieses Brautkleid bei Koonings an.\" \/>\n<meta name=\"robots\" content=\"index, follow, max-snippet:-1, max-image-preview:large, max-video-preview:-1\" \/>\n<link rel=\"canonical\" href=\"https:\/\/www.koonings.com\/de\/product\/cymbeline-revelation\/\" \/>\n<meta property=\"og:locale\" content=\"de_DE\" \/>\n<meta property=\"og:type\" content=\"article\" \/>\n<meta property=\"og:title\" content=\"Cymbeline Offenbarung | Koonings\" \/>\n<meta property=\"og:description\" content=\"Wollten Sie sich schon immer wie eine Prinzessin f\u00fchlen? Dieses Kleid wird Sie mit seinem k\u00f6niglichen Rock und den atemberaubenden Spitzen\u00e4rmeln wie eine Prinzessin f\u00fchlen lassen. Der R\u00fccken verl\u00e4uft in einem h\u00fcbschen V und ist mit einem Spitzenbesatz mit Wellenschliff versehen. Suchen Sie nicht weiter und probieren Sie dieses Brautkleid bei Koonings an.\" \/>\n<meta property=\"og:url\" content=\"https:\/\/www.koonings.com\/de\/product\/cymbeline-revelation\/\" \/>\n<meta property=\"og:site_name\" content=\"Koonings\" \/>\n<meta property=\"article:publisher\" content=\"https:\/\/www.facebook.com\/kooningstheweddingpalace\" \/>\n<meta property=\"og:image\" content=\"https:\/\/www.koonings.com\/wp-content\/uploads\/2024\/11\/37660_1cb4dd5155d421baa4883b3b2bef8e93745f576535af6ea0c4983c325c30c7cb1e189dc6.jpeg\" \/>\n\t<meta property=\"og:image:width\" content=\"896\" \/>\n\t<meta property=\"og:image:height\" content=\"1266\" \/>\n\t<meta property=\"og:image:type\" content=\"image\/jpeg\" \/>\n<meta name=\"twitter:card\" content=\"summary_large_image\" \/>\n<script type=\"application\/ld+json\" class=\"yoast-schema-graph\">{\"@context\":\"https:\\\/\\\/schema.org\",\"@graph\":[{\"@type\":\"WebPage\",\"@id\":\"https:\\\/\\\/www.koonings.com\\\/de\\\/product\\\/cymbeline-revelation\\\/\",\"url\":\"https:\\\/\\\/www.koonings.com\\\/de\\\/product\\\/cymbeline-revelation\\\/\",\"name\":\"Cymbeline Offenbarung | Koonings\",\"isPartOf\":{\"@id\":\"https:\\\/\\\/www.koonings.com\\\/de\\\/#website\"},\"primaryImageOfPage\":{\"@id\":\"https:\\\/\\\/www.koonings.com\\\/de\\\/product\\\/cymbeline-revelation\\\/#primaryimage\"},\"image\":{\"@id\":\"https:\\\/\\\/www.koonings.com\\\/de\\\/product\\\/cymbeline-revelation\\\/#primaryimage\"},\"thumbnailUrl\":\"https:\\\/\\\/www.koonings.com\\\/wp-content\\\/uploads\\\/2024\\\/11\\\/37660_1cb4dd5155d421baa4883b3b2bef8e93745f576535af6ea0c4983c325c30c7cb1e189dc6.jpeg\",\"datePublished\":\"2026-04-28T16:08:19+00:00\",\"description\":\"Wollten Sie sich schon immer wie eine Prinzessin f\u00fchlen? Dieses Kleid wird Sie mit seinem k\u00f6niglichen Rock und den atemberaubenden Spitzen\u00e4rmeln wie eine Prinzessin f\u00fchlen lassen. Der R\u00fccken verl\u00e4uft in einem h\u00fcbschen V und ist mit einem Spitzenbesatz mit Wellenschliff versehen. Suchen Sie nicht weiter und probieren Sie dieses Brautkleid bei Koonings an.\",\"breadcrumb\":{\"@id\":\"https:\\\/\\\/www.koonings.com\\\/de\\\/product\\\/cymbeline-revelation\\\/#breadcrumb\"},\"inLanguage\":\"de\",\"potentialAction\":[{\"@type\":\"ReadAction\",\"target\":[\"https:\\\/\\\/www.koonings.com\\\/de\\\/product\\\/cymbeline-revelation\\\/\"]}]},{\"@type\":\"ImageObject\",\"inLanguage\":\"de\",\"@id\":\"https:\\\/\\\/www.koonings.com\\\/de\\\/product\\\/cymbeline-revelation\\\/#primaryimage\",\"url\":\"https:\\\/\\\/www.koonings.com\\\/wp-content\\\/uploads\\\/2024\\\/11\\\/37660_1cb4dd5155d421baa4883b3b2bef8e93745f576535af6ea0c4983c325c30c7cb1e189dc6.jpeg\",\"contentUrl\":\"https:\\\/\\\/www.koonings.com\\\/wp-content\\\/uploads\\\/2024\\\/11\\\/37660_1cb4dd5155d421baa4883b3b2bef8e93745f576535af6ea0c4983c325c30c7cb1e189dc6.jpeg\",\"width\":896,\"height\":1266},{\"@type\":\"BreadcrumbList\",\"@id\":\"https:\\\/\\\/www.koonings.com\\\/de\\\/product\\\/cymbeline-revelation\\\/#breadcrumb\",\"itemListElement\":[{\"@type\":\"ListItem\",\"position\":1,\"name\":\"Home\",\"item\":\"https:\\\/\\\/www.koonings.com\\\/de\\\/\"},{\"@type\":\"ListItem\",\"position\":2,\"name\":\"Cymbeline Offenbarung\"}]},{\"@type\":\"WebSite\",\"@id\":\"https:\\\/\\\/www.koonings.com\\\/de\\\/#website\",\"url\":\"https:\\\/\\\/www.koonings.com\\\/de\\\/\",\"name\":\"Koonings\",\"description\":\"De grootste bruidsmodewinkel ter wereld\",\"publisher\":{\"@id\":\"https:\\\/\\\/www.koonings.com\\\/de\\\/#organization\"},\"potentialAction\":[{\"@type\":\"SearchAction\",\"target\":{\"@type\":\"EntryPoint\",\"urlTemplate\":\"https:\\\/\\\/www.koonings.com\\\/de\\\/?s={search_term_string}\"},\"query-input\":{\"@type\":\"PropertyValueSpecification\",\"valueRequired\":true,\"valueName\":\"search_term_string\"}}],\"inLanguage\":\"de\"},{\"@type\":\"Organization\",\"@id\":\"https:\\\/\\\/www.koonings.com\\\/de\\\/#organization\",\"name\":\"Koonings\",\"url\":\"https:\\\/\\\/www.koonings.com\\\/de\\\/\",\"logo\":{\"@type\":\"ImageObject\",\"inLanguage\":\"de\",\"@id\":\"https:\\\/\\\/www.koonings.com\\\/de\\\/#\\\/schema\\\/logo\\\/image\\\/\",\"url\":\"https:\\\/\\\/www.koonings.com\\\/wp-content\\\/uploads\\\/2024\\\/07\\\/logo.png\",\"contentUrl\":\"https:\\\/\\\/www.koonings.com\\\/wp-content\\\/uploads\\\/2024\\\/07\\\/logo.png\",\"width\":600,\"height\":428,\"caption\":\"Koonings\"},\"image\":{\"@id\":\"https:\\\/\\\/www.koonings.com\\\/de\\\/#\\\/schema\\\/logo\\\/image\\\/\"},\"sameAs\":[\"https:\\\/\\\/www.facebook.com\\\/kooningstheweddingpalace\",\"https:\\\/\\\/www.instagram.com\\\/kooningstheweddingpalace\",\"https:\\\/\\\/www.pinterest.com\\\/koonings\",\"https:\\\/\\\/www.youtube.com\\\/kooningstheweddingpalace\"]}]}<\/script>\n<!-- \/ Yoast SEO plugin. -->","yoast_head_json":{"title":"Cymbeline Offenbarung | Koonings","description":"Wollten Sie sich schon immer wie eine Prinzessin f\u00fchlen? Dieses Kleid wird Sie mit seinem k\u00f6niglichen Rock und den atemberaubenden Spitzen\u00e4rmeln wie eine Prinzessin f\u00fchlen lassen. Der R\u00fccken verl\u00e4uft in einem h\u00fcbschen V und ist mit einem Spitzenbesatz mit Wellenschliff versehen. Suchen Sie nicht weiter und probieren Sie dieses Brautkleid bei Koonings an.","robots":{"index":"index","follow":"follow","max-snippet":"max-snippet:-1","max-image-preview":"max-image-preview:large","max-video-preview":"max-video-preview:-1"},"canonical":"https:\/\/www.koonings.com\/de\/product\/cymbeline-revelation\/","og_locale":"de_DE","og_type":"article","og_title":"Cymbeline Offenbarung | Koonings","og_description":"Wollten Sie sich schon immer wie eine Prinzessin f\u00fchlen? Dieses Kleid wird Sie mit seinem k\u00f6niglichen Rock und den atemberaubenden Spitzen\u00e4rmeln wie eine Prinzessin f\u00fchlen lassen. Der R\u00fccken verl\u00e4uft in einem h\u00fcbschen V und ist mit einem Spitzenbesatz mit Wellenschliff versehen. Suchen Sie nicht weiter und probieren Sie dieses Brautkleid bei Koonings an.","og_url":"https:\/\/www.koonings.com\/de\/product\/cymbeline-revelation\/","og_site_name":"Koonings","article_publisher":"https:\/\/www.facebook.com\/kooningstheweddingpalace","og_image":[{"width":896,"height":1266,"url":"https:\/\/www.koonings.com\/wp-content\/uploads\/2024\/11\/37660_1cb4dd5155d421baa4883b3b2bef8e93745f576535af6ea0c4983c325c30c7cb1e189dc6.jpeg","type":"image\/jpeg"}],"twitter_card":"summary_large_image","schema":{"@context":"https:\/\/schema.org","@graph":[{"@type":"WebPage","@id":"https:\/\/www.koonings.com\/de\/product\/cymbeline-revelation\/","url":"https:\/\/www.koonings.com\/de\/product\/cymbeline-revelation\/","name":"Cymbeline Offenbarung | Koonings","isPartOf":{"@id":"https:\/\/www.koonings.com\/de\/#website"},"primaryImageOfPage":{"@id":"https:\/\/www.koonings.com\/de\/product\/cymbeline-revelation\/#primaryimage"},"image":{"@id":"https:\/\/www.koonings.com\/de\/product\/cymbeline-revelation\/#primaryimage"},"thumbnailUrl":"https:\/\/www.koonings.com\/wp-content\/uploads\/2024\/11\/37660_1cb4dd5155d421baa4883b3b2bef8e93745f576535af6ea0c4983c325c30c7cb1e189dc6.jpeg","datePublished":"2026-04-28T16:08:19+00:00","description":"Wollten Sie sich schon immer wie eine Prinzessin f\u00fchlen? Dieses Kleid wird Sie mit seinem k\u00f6niglichen Rock und den atemberaubenden Spitzen\u00e4rmeln wie eine Prinzessin f\u00fchlen lassen. Der R\u00fccken verl\u00e4uft in einem h\u00fcbschen V und ist mit einem Spitzenbesatz mit Wellenschliff versehen. Suchen Sie nicht weiter und probieren Sie dieses Brautkleid bei Koonings an.","breadcrumb":{"@id":"https:\/\/www.koonings.com\/de\/product\/cymbeline-revelation\/#breadcrumb"},"inLanguage":"de","potentialAction":[{"@type":"ReadAction","target":["https:\/\/www.koonings.com\/de\/product\/cymbeline-revelation\/"]}]},{"@type":"ImageObject","inLanguage":"de","@id":"https:\/\/www.koonings.com\/de\/product\/cymbeline-revelation\/#primaryimage","url":"https:\/\/www.koonings.com\/wp-content\/uploads\/2024\/11\/37660_1cb4dd5155d421baa4883b3b2bef8e93745f576535af6ea0c4983c325c30c7cb1e189dc6.jpeg","contentUrl":"https:\/\/www.koonings.com\/wp-content\/uploads\/2024\/11\/37660_1cb4dd5155d421baa4883b3b2bef8e93745f576535af6ea0c4983c325c30c7cb1e189dc6.jpeg","width":896,"height":1266},{"@type":"BreadcrumbList","@id":"https:\/\/www.koonings.com\/de\/product\/cymbeline-revelation\/#breadcrumb","itemListElement":[{"@type":"ListItem","position":1,"name":"Home","item":"https:\/\/www.koonings.com\/de\/"},{"@type":"ListItem","position":2,"name":"Cymbeline Offenbarung"}]},{"@type":"WebSite","@id":"https:\/\/www.koonings.com\/de\/#website","url":"https:\/\/www.koonings.com\/de\/","name":"Koonings","description":"De grootste bruidsmodewinkel ter wereld","publisher":{"@id":"https:\/\/www.koonings.com\/de\/#organization"},"potentialAction":[{"@type":"SearchAction","target":{"@type":"EntryPoint","urlTemplate":"https:\/\/www.koonings.com\/de\/?s={search_term_string}"},"query-input":{"@type":"PropertyValueSpecification","valueRequired":true,"valueName":"search_term_string"}}],"inLanguage":"de"},{"@type":"Organization","@id":"https:\/\/www.koonings.com\/de\/#organization","name":"Koonings","url":"https:\/\/www.koonings.com\/de\/","logo":{"@type":"ImageObject","inLanguage":"de","@id":"https:\/\/www.koonings.com\/de\/#\/schema\/logo\/image\/","url":"https:\/\/www.koonings.com\/wp-content\/uploads\/2024\/07\/logo.png","contentUrl":"https:\/\/www.koonings.com\/wp-content\/uploads\/2024\/07\/logo.png","width":600,"height":428,"caption":"Koonings"},"image":{"@id":"https:\/\/www.koonings.com\/de\/#\/schema\/logo\/image\/"},"sameAs":["https:\/\/www.facebook.com\/kooningstheweddingpalace","https:\/\/www.instagram.com\/kooningstheweddingpalace","https:\/\/www.pinterest.com\/koonings","https:\/\/www.youtube.com\/kooningstheweddingpalace"]}]}},"_links":{"self":[{"href":"https:\/\/www.koonings.com\/de\/wp-json\/wp\/v2\/product\/33479","targetHints":{"allow":["GET"]}}],"collection":[{"href":"https:\/\/www.koonings.com\/de\/wp-json\/wp\/v2\/product"}],"about":[{"href":"https:\/\/www.koonings.com\/de\/wp-json\/wp\/v2\/types\/product"}],"wp:featuredmedia":[{"embeddable":true,"href":"https:\/\/www.koonings.com\/de\/wp-json\/wp\/v2\/media\/31070"}],"wp:attachment":[{"href":"https:\/\/www.koonings.com\/de\/wp-json\/wp\/v2\/media?parent=33479"}],"wp:term":[{"taxonomy":"productdetails","embeddable":true,"href":"https:\/\/www.koonings.com\/de\/wp-json\/wp\/v2\/productdetails?post=33479"},{"taxonomy":"productneck","embeddable":true,"href":"https:\/\/www.koonings.com\/de\/wp-json\/wp\/v2\/productneck?post=33479"},{"taxonomy":"productcolor","embeddable":true,"href":"https:\/\/www.koonings.com\/de\/wp-json\/wp\/v2\/productcolor?post=33479"},{"taxonomy":"maat","embeddable":true,"href":"https:\/\/www.koonings.com\/de\/wp-json\/wp\/v2\/maat?post=33479"},{"taxonomy":"productsupplier","embeddable":true,"href":"https:\/\/www.koonings.com\/de\/wp-json\/wp\/v2\/productsupplier?post=33479"},{"taxonomy":"productsleeve","embeddable":true,"href":"https:\/\/www.koonings.com\/de\/wp-json\/wp\/v2\/productsleeve?post=33479"},{"taxonomy":"productcategory","embeddable":true,"href":"https:\/\/www.koonings.com\/de\/wp-json\/wp\/v2\/productcategory?post=33479"},{"taxonomy":"productsilhouette","embeddable":true,"href":"https:\/\/www.koonings.com\/de\/wp-json\/wp\/v2\/productsilhouette?post=33479"},{"taxonomy":"productstyle","embeddable":true,"href":"https:\/\/www.koonings.com\/de\/wp-json\/wp\/v2\/productstyle?post=33479"}],"curies":[{"name":"wp","href":"https:\/\/api.w.org\/{rel}","templated":true}]}}