{"id":33438,"date":"2026-05-06T15:08:29","date_gmt":"2026-05-06T13:08:29","guid":{"rendered":"https:\/\/www.koonings.com\/product\/ramona-koonings-couture-kn2315-new-orleans\/"},"modified":"2026-02-16T14:38:39","modified_gmt":"2026-02-16T13:38:39","slug":"ramona-koonings-couture-kn2315-new-orleans","status":"publish","type":"product","link":"https:\/\/www.koonings.com\/de\/product\/ramona-koonings-couture-kn2315-new-orleans\/","title":{"rendered":"Ramona Koonings Couture KN2315 New Orleans"},"content":{"rendered":"<p>Zeitlos dieses Meerjungfrauen-Brautkleid mit tr\u00e4gerlosem Mieder und abnehmbaren Puff\u00e4rmeln. Sehr verspielt, denn das gesamte Kleid ist auf H\u00f6he der B\u00fcste mit kleinen Blumen und Federn besetzt. Dies ist ein sch\u00f6ner Kontrast zu der langen Schleppe, die durch die vielen T\u00fcllschichten zus\u00e4tzliches Volumen erh\u00e4lt.  <\/p>\n","protected":false},"featured_media":31282,"template":"","meta":{"_acf_changed":false,"ghostkit_customizer_options":"","ghostkit_custom_css":"","ghostkit_custom_js_head":"","ghostkit_custom_js_foot":"","ghostkit_typography":""},"productdetails":[379,376,381],"productneck":[351,352,354],"productcolor":[393,392],"maat":[],"productsupplier":[419],"productsleeve":[357],"productcategory":[18],"productsilhouette":[387,391],"productstyle":[367],"class_list":["post-33438","product","type-product","status-publish","has-post-thumbnail","hentry","productdetails-379","productdetails-376","productdetails-381","productneck-351","productneck-352","productneck-354","productcolor-393","productcolor-392","productsupplier-ramona-koonings-couture","productsleeve-357","productcategory-trouwjurken","productsilhouette-387","productsilhouette-391","productstyle-367"],"acf":[],"yoast_head":"<!-- This site is optimized with the Yoast SEO plugin v27.3 - https:\/\/yoast.com\/product\/yoast-seo-wordpress\/ -->\n<title>Ramona Koonings Couture KN2315 New Orleans | Koonings<\/title>\n<meta name=\"description\" content=\"Zeitlos dieses Meerjungfrauen-Brautkleid mit tr\u00e4gerlosem Mieder und abnehmbaren Puff\u00e4rmeln. Sehr verspielt, denn das gesamte Kleid ist auf H\u00f6he der B\u00fcste mit kleinen Blumen und Federn besetzt. Dies ist ein sch\u00f6ner Kontrast zu der langen Schleppe, die durch die vielen T\u00fcllschichten zus\u00e4tzliches Volumen erh\u00e4lt.\" \/>\n<meta name=\"robots\" content=\"index, follow, max-snippet:-1, max-image-preview:large, max-video-preview:-1\" \/>\n<link rel=\"canonical\" href=\"https:\/\/www.koonings.com\/de\/product\/ramona-koonings-couture-kn2315-new-orleans\/\" \/>\n<meta property=\"og:locale\" content=\"de_DE\" \/>\n<meta property=\"og:type\" content=\"article\" \/>\n<meta property=\"og:title\" content=\"Ramona Koonings Couture KN2315 New Orleans | Koonings\" \/>\n<meta property=\"og:description\" content=\"Zeitlos dieses Meerjungfrauen-Brautkleid mit tr\u00e4gerlosem Mieder und abnehmbaren Puff\u00e4rmeln. Sehr verspielt, denn das gesamte Kleid ist auf H\u00f6he der B\u00fcste mit kleinen Blumen und Federn besetzt. Dies ist ein sch\u00f6ner Kontrast zu der langen Schleppe, die durch die vielen T\u00fcllschichten zus\u00e4tzliches Volumen erh\u00e4lt.\" \/>\n<meta property=\"og:url\" content=\"https:\/\/www.koonings.com\/de\/product\/ramona-koonings-couture-kn2315-new-orleans\/\" \/>\n<meta property=\"og:site_name\" content=\"Koonings\" \/>\n<meta property=\"article:publisher\" content=\"https:\/\/www.facebook.com\/kooningstheweddingpalace\" \/>\n<meta property=\"og:image\" content=\"https:\/\/www.koonings.com\/wp-content\/uploads\/2024\/11\/37674_4a8c5c5e447772e85b51cc1a1f60e99d3926684a1271d9a0a3b2f73bdd36c60f40404d8f.jpeg\" \/>\n\t<meta property=\"og:image:width\" content=\"1814\" \/>\n\t<meta property=\"og:image:height\" content=\"2557\" \/>\n\t<meta property=\"og:image:type\" content=\"image\/jpeg\" \/>\n<meta name=\"twitter:card\" content=\"summary_large_image\" \/>\n<script type=\"application\/ld+json\" class=\"yoast-schema-graph\">{\"@context\":\"https:\\\/\\\/schema.org\",\"@graph\":[{\"@type\":\"WebPage\",\"@id\":\"https:\\\/\\\/www.koonings.com\\\/de\\\/product\\\/ramona-koonings-couture-kn2315-new-orleans\\\/\",\"url\":\"https:\\\/\\\/www.koonings.com\\\/de\\\/product\\\/ramona-koonings-couture-kn2315-new-orleans\\\/\",\"name\":\"Ramona Koonings Couture KN2315 New Orleans | Koonings\",\"isPartOf\":{\"@id\":\"https:\\\/\\\/www.koonings.com\\\/de\\\/#website\"},\"primaryImageOfPage\":{\"@id\":\"https:\\\/\\\/www.koonings.com\\\/de\\\/product\\\/ramona-koonings-couture-kn2315-new-orleans\\\/#primaryimage\"},\"image\":{\"@id\":\"https:\\\/\\\/www.koonings.com\\\/de\\\/product\\\/ramona-koonings-couture-kn2315-new-orleans\\\/#primaryimage\"},\"thumbnailUrl\":\"https:\\\/\\\/www.koonings.com\\\/wp-content\\\/uploads\\\/2024\\\/11\\\/37674_4a8c5c5e447772e85b51cc1a1f60e99d3926684a1271d9a0a3b2f73bdd36c60f40404d8f.jpeg\",\"datePublished\":\"2026-05-06T13:08:29+00:00\",\"description\":\"Zeitlos dieses Meerjungfrauen-Brautkleid mit tr\u00e4gerlosem Mieder und abnehmbaren Puff\u00e4rmeln. Sehr verspielt, denn das gesamte Kleid ist auf H\u00f6he der B\u00fcste mit kleinen Blumen und Federn besetzt. Dies ist ein sch\u00f6ner Kontrast zu der langen Schleppe, die durch die vielen T\u00fcllschichten zus\u00e4tzliches Volumen erh\u00e4lt.\",\"breadcrumb\":{\"@id\":\"https:\\\/\\\/www.koonings.com\\\/de\\\/product\\\/ramona-koonings-couture-kn2315-new-orleans\\\/#breadcrumb\"},\"inLanguage\":\"de\",\"potentialAction\":[{\"@type\":\"ReadAction\",\"target\":[\"https:\\\/\\\/www.koonings.com\\\/de\\\/product\\\/ramona-koonings-couture-kn2315-new-orleans\\\/\"]}]},{\"@type\":\"ImageObject\",\"inLanguage\":\"de\",\"@id\":\"https:\\\/\\\/www.koonings.com\\\/de\\\/product\\\/ramona-koonings-couture-kn2315-new-orleans\\\/#primaryimage\",\"url\":\"https:\\\/\\\/www.koonings.com\\\/wp-content\\\/uploads\\\/2024\\\/11\\\/37674_4a8c5c5e447772e85b51cc1a1f60e99d3926684a1271d9a0a3b2f73bdd36c60f40404d8f.jpeg\",\"contentUrl\":\"https:\\\/\\\/www.koonings.com\\\/wp-content\\\/uploads\\\/2024\\\/11\\\/37674_4a8c5c5e447772e85b51cc1a1f60e99d3926684a1271d9a0a3b2f73bdd36c60f40404d8f.jpeg\",\"width\":1814,\"height\":2557},{\"@type\":\"BreadcrumbList\",\"@id\":\"https:\\\/\\\/www.koonings.com\\\/de\\\/product\\\/ramona-koonings-couture-kn2315-new-orleans\\\/#breadcrumb\",\"itemListElement\":[{\"@type\":\"ListItem\",\"position\":1,\"name\":\"Home\",\"item\":\"https:\\\/\\\/www.koonings.com\\\/de\\\/\"},{\"@type\":\"ListItem\",\"position\":2,\"name\":\"Ramona Koonings Couture KN2315 New Orleans\"}]},{\"@type\":\"WebSite\",\"@id\":\"https:\\\/\\\/www.koonings.com\\\/de\\\/#website\",\"url\":\"https:\\\/\\\/www.koonings.com\\\/de\\\/\",\"name\":\"Koonings\",\"description\":\"De grootste bruidsmodewinkel ter wereld\",\"publisher\":{\"@id\":\"https:\\\/\\\/www.koonings.com\\\/de\\\/#organization\"},\"potentialAction\":[{\"@type\":\"SearchAction\",\"target\":{\"@type\":\"EntryPoint\",\"urlTemplate\":\"https:\\\/\\\/www.koonings.com\\\/de\\\/?s={search_term_string}\"},\"query-input\":{\"@type\":\"PropertyValueSpecification\",\"valueRequired\":true,\"valueName\":\"search_term_string\"}}],\"inLanguage\":\"de\"},{\"@type\":\"Organization\",\"@id\":\"https:\\\/\\\/www.koonings.com\\\/de\\\/#organization\",\"name\":\"Koonings\",\"url\":\"https:\\\/\\\/www.koonings.com\\\/de\\\/\",\"logo\":{\"@type\":\"ImageObject\",\"inLanguage\":\"de\",\"@id\":\"https:\\\/\\\/www.koonings.com\\\/de\\\/#\\\/schema\\\/logo\\\/image\\\/\",\"url\":\"https:\\\/\\\/www.koonings.com\\\/wp-content\\\/uploads\\\/2024\\\/07\\\/logo.png\",\"contentUrl\":\"https:\\\/\\\/www.koonings.com\\\/wp-content\\\/uploads\\\/2024\\\/07\\\/logo.png\",\"width\":600,\"height\":428,\"caption\":\"Koonings\"},\"image\":{\"@id\":\"https:\\\/\\\/www.koonings.com\\\/de\\\/#\\\/schema\\\/logo\\\/image\\\/\"},\"sameAs\":[\"https:\\\/\\\/www.facebook.com\\\/kooningstheweddingpalace\",\"https:\\\/\\\/www.instagram.com\\\/kooningstheweddingpalace\",\"https:\\\/\\\/www.pinterest.com\\\/koonings\",\"https:\\\/\\\/www.youtube.com\\\/kooningstheweddingpalace\"]}]}<\/script>\n<!-- \/ Yoast SEO plugin. -->","yoast_head_json":{"title":"Ramona Koonings Couture KN2315 New Orleans | Koonings","description":"Zeitlos dieses Meerjungfrauen-Brautkleid mit tr\u00e4gerlosem Mieder und abnehmbaren Puff\u00e4rmeln. Sehr verspielt, denn das gesamte Kleid ist auf H\u00f6he der B\u00fcste mit kleinen Blumen und Federn besetzt. Dies ist ein sch\u00f6ner Kontrast zu der langen Schleppe, die durch die vielen T\u00fcllschichten zus\u00e4tzliches Volumen erh\u00e4lt.","robots":{"index":"index","follow":"follow","max-snippet":"max-snippet:-1","max-image-preview":"max-image-preview:large","max-video-preview":"max-video-preview:-1"},"canonical":"https:\/\/www.koonings.com\/de\/product\/ramona-koonings-couture-kn2315-new-orleans\/","og_locale":"de_DE","og_type":"article","og_title":"Ramona Koonings Couture KN2315 New Orleans | Koonings","og_description":"Zeitlos dieses Meerjungfrauen-Brautkleid mit tr\u00e4gerlosem Mieder und abnehmbaren Puff\u00e4rmeln. Sehr verspielt, denn das gesamte Kleid ist auf H\u00f6he der B\u00fcste mit kleinen Blumen und Federn besetzt. Dies ist ein sch\u00f6ner Kontrast zu der langen Schleppe, die durch die vielen T\u00fcllschichten zus\u00e4tzliches Volumen erh\u00e4lt.","og_url":"https:\/\/www.koonings.com\/de\/product\/ramona-koonings-couture-kn2315-new-orleans\/","og_site_name":"Koonings","article_publisher":"https:\/\/www.facebook.com\/kooningstheweddingpalace","og_image":[{"width":1814,"height":2557,"url":"https:\/\/www.koonings.com\/wp-content\/uploads\/2024\/11\/37674_4a8c5c5e447772e85b51cc1a1f60e99d3926684a1271d9a0a3b2f73bdd36c60f40404d8f.jpeg","type":"image\/jpeg"}],"twitter_card":"summary_large_image","schema":{"@context":"https:\/\/schema.org","@graph":[{"@type":"WebPage","@id":"https:\/\/www.koonings.com\/de\/product\/ramona-koonings-couture-kn2315-new-orleans\/","url":"https:\/\/www.koonings.com\/de\/product\/ramona-koonings-couture-kn2315-new-orleans\/","name":"Ramona Koonings Couture KN2315 New Orleans | Koonings","isPartOf":{"@id":"https:\/\/www.koonings.com\/de\/#website"},"primaryImageOfPage":{"@id":"https:\/\/www.koonings.com\/de\/product\/ramona-koonings-couture-kn2315-new-orleans\/#primaryimage"},"image":{"@id":"https:\/\/www.koonings.com\/de\/product\/ramona-koonings-couture-kn2315-new-orleans\/#primaryimage"},"thumbnailUrl":"https:\/\/www.koonings.com\/wp-content\/uploads\/2024\/11\/37674_4a8c5c5e447772e85b51cc1a1f60e99d3926684a1271d9a0a3b2f73bdd36c60f40404d8f.jpeg","datePublished":"2026-05-06T13:08:29+00:00","description":"Zeitlos dieses Meerjungfrauen-Brautkleid mit tr\u00e4gerlosem Mieder und abnehmbaren Puff\u00e4rmeln. Sehr verspielt, denn das gesamte Kleid ist auf H\u00f6he der B\u00fcste mit kleinen Blumen und Federn besetzt. Dies ist ein sch\u00f6ner Kontrast zu der langen Schleppe, die durch die vielen T\u00fcllschichten zus\u00e4tzliches Volumen erh\u00e4lt.","breadcrumb":{"@id":"https:\/\/www.koonings.com\/de\/product\/ramona-koonings-couture-kn2315-new-orleans\/#breadcrumb"},"inLanguage":"de","potentialAction":[{"@type":"ReadAction","target":["https:\/\/www.koonings.com\/de\/product\/ramona-koonings-couture-kn2315-new-orleans\/"]}]},{"@type":"ImageObject","inLanguage":"de","@id":"https:\/\/www.koonings.com\/de\/product\/ramona-koonings-couture-kn2315-new-orleans\/#primaryimage","url":"https:\/\/www.koonings.com\/wp-content\/uploads\/2024\/11\/37674_4a8c5c5e447772e85b51cc1a1f60e99d3926684a1271d9a0a3b2f73bdd36c60f40404d8f.jpeg","contentUrl":"https:\/\/www.koonings.com\/wp-content\/uploads\/2024\/11\/37674_4a8c5c5e447772e85b51cc1a1f60e99d3926684a1271d9a0a3b2f73bdd36c60f40404d8f.jpeg","width":1814,"height":2557},{"@type":"BreadcrumbList","@id":"https:\/\/www.koonings.com\/de\/product\/ramona-koonings-couture-kn2315-new-orleans\/#breadcrumb","itemListElement":[{"@type":"ListItem","position":1,"name":"Home","item":"https:\/\/www.koonings.com\/de\/"},{"@type":"ListItem","position":2,"name":"Ramona Koonings Couture KN2315 New Orleans"}]},{"@type":"WebSite","@id":"https:\/\/www.koonings.com\/de\/#website","url":"https:\/\/www.koonings.com\/de\/","name":"Koonings","description":"De grootste bruidsmodewinkel ter wereld","publisher":{"@id":"https:\/\/www.koonings.com\/de\/#organization"},"potentialAction":[{"@type":"SearchAction","target":{"@type":"EntryPoint","urlTemplate":"https:\/\/www.koonings.com\/de\/?s={search_term_string}"},"query-input":{"@type":"PropertyValueSpecification","valueRequired":true,"valueName":"search_term_string"}}],"inLanguage":"de"},{"@type":"Organization","@id":"https:\/\/www.koonings.com\/de\/#organization","name":"Koonings","url":"https:\/\/www.koonings.com\/de\/","logo":{"@type":"ImageObject","inLanguage":"de","@id":"https:\/\/www.koonings.com\/de\/#\/schema\/logo\/image\/","url":"https:\/\/www.koonings.com\/wp-content\/uploads\/2024\/07\/logo.png","contentUrl":"https:\/\/www.koonings.com\/wp-content\/uploads\/2024\/07\/logo.png","width":600,"height":428,"caption":"Koonings"},"image":{"@id":"https:\/\/www.koonings.com\/de\/#\/schema\/logo\/image\/"},"sameAs":["https:\/\/www.facebook.com\/kooningstheweddingpalace","https:\/\/www.instagram.com\/kooningstheweddingpalace","https:\/\/www.pinterest.com\/koonings","https:\/\/www.youtube.com\/kooningstheweddingpalace"]}]}},"_links":{"self":[{"href":"https:\/\/www.koonings.com\/de\/wp-json\/wp\/v2\/product\/33438","targetHints":{"allow":["GET"]}}],"collection":[{"href":"https:\/\/www.koonings.com\/de\/wp-json\/wp\/v2\/product"}],"about":[{"href":"https:\/\/www.koonings.com\/de\/wp-json\/wp\/v2\/types\/product"}],"wp:featuredmedia":[{"embeddable":true,"href":"https:\/\/www.koonings.com\/de\/wp-json\/wp\/v2\/media\/31282"}],"wp:attachment":[{"href":"https:\/\/www.koonings.com\/de\/wp-json\/wp\/v2\/media?parent=33438"}],"wp:term":[{"taxonomy":"productdetails","embeddable":true,"href":"https:\/\/www.koonings.com\/de\/wp-json\/wp\/v2\/productdetails?post=33438"},{"taxonomy":"productneck","embeddable":true,"href":"https:\/\/www.koonings.com\/de\/wp-json\/wp\/v2\/productneck?post=33438"},{"taxonomy":"productcolor","embeddable":true,"href":"https:\/\/www.koonings.com\/de\/wp-json\/wp\/v2\/productcolor?post=33438"},{"taxonomy":"maat","embeddable":true,"href":"https:\/\/www.koonings.com\/de\/wp-json\/wp\/v2\/maat?post=33438"},{"taxonomy":"productsupplier","embeddable":true,"href":"https:\/\/www.koonings.com\/de\/wp-json\/wp\/v2\/productsupplier?post=33438"},{"taxonomy":"productsleeve","embeddable":true,"href":"https:\/\/www.koonings.com\/de\/wp-json\/wp\/v2\/productsleeve?post=33438"},{"taxonomy":"productcategory","embeddable":true,"href":"https:\/\/www.koonings.com\/de\/wp-json\/wp\/v2\/productcategory?post=33438"},{"taxonomy":"productsilhouette","embeddable":true,"href":"https:\/\/www.koonings.com\/de\/wp-json\/wp\/v2\/productsilhouette?post=33438"},{"taxonomy":"productstyle","embeddable":true,"href":"https:\/\/www.koonings.com\/de\/wp-json\/wp\/v2\/productstyle?post=33438"}],"curies":[{"name":"wp","href":"https:\/\/api.w.org\/{rel}","templated":true}]}}