{"id":33429,"date":"2026-04-28T18:08:26","date_gmt":"2026-04-28T16:08:26","guid":{"rendered":"https:\/\/www.koonings.com\/product\/ramona-koonings-couture-kn2319-lyon\/"},"modified":"2026-02-16T14:28:56","modified_gmt":"2026-02-16T13:28:56","slug":"ramona-koonings-couture-kn2319-lyon","status":"publish","type":"product","link":"https:\/\/www.koonings.com\/de\/product\/ramona-koonings-couture-kn2319-lyon\/","title":{"rendered":"Ramona Koonings Couture KN2319 Lyon"},"content":{"rendered":"<p>Ein Hochzeitskleid mit einem kraftvollen Look. Die Kombination aus Spitze und Transparenz l\u00e4sst das Kleid zu einem harmonischen Ganzen verschmelzen. Und die schlanken Linien schaffen eine stromlinienf\u00f6rmige Silhouette, die sich auf die femininen Linien der Taille und der H\u00fcften konzentriert. Zu diesem eng anliegenden Modell passt ein herzf\u00f6rmiger Ausschnitt, auch die Spitze an den langen \u00c4rmeln erzeugt einen Tattoo-Effekt.   <\/p>\n","protected":false},"featured_media":31333,"template":"","meta":{"_acf_changed":false,"ghostkit_customizer_options":"","ghostkit_custom_css":"","ghostkit_custom_js_head":"","ghostkit_custom_js_foot":"","ghostkit_typography":""},"productdetails":[379,376,383],"productneck":[355],"productcolor":[393,392],"maat":[],"productsupplier":[419],"productsleeve":[362],"productcategory":[18],"productsilhouette":[387],"productstyle":[367],"class_list":["post-33429","product","type-product","status-publish","has-post-thumbnail","hentry","productdetails-379","productdetails-376","productdetails-383","productneck-355","productcolor-393","productcolor-392","productsupplier-ramona-koonings-couture","productsleeve-362","productcategory-trouwjurken","productsilhouette-387","productstyle-367"],"acf":[],"yoast_head":"<!-- This site is optimized with the Yoast SEO plugin v27.3 - https:\/\/yoast.com\/product\/yoast-seo-wordpress\/ -->\n<title>Ramona Koonings Couture KN2319 Lyon | Koonings<\/title>\n<meta name=\"description\" content=\"Ein Hochzeitskleid mit einem kraftvollen Look. Die Kombination aus Spitze und Transparenz l\u00e4sst das Kleid zu einem harmonischen Ganzen verschmelzen. Und die schlanken Linien schaffen eine stromlinienf\u00f6rmige Silhouette, die sich auf die femininen Linien der Taille und der H\u00fcften konzentriert. Zu diesem eng anliegenden Modell passt ein herzf\u00f6rmiger Ausschnitt, auch die Spitze an den langen \u00c4rmeln erzeugt einen Tattoo-Effekt.\" \/>\n<meta name=\"robots\" content=\"index, follow, max-snippet:-1, max-image-preview:large, max-video-preview:-1\" \/>\n<link rel=\"canonical\" href=\"https:\/\/www.koonings.com\/de\/product\/ramona-koonings-couture-kn2319-lyon\/\" \/>\n<meta property=\"og:locale\" content=\"de_DE\" \/>\n<meta property=\"og:type\" content=\"article\" \/>\n<meta property=\"og:title\" content=\"Ramona Koonings Couture KN2319 Lyon | Koonings\" \/>\n<meta property=\"og:description\" content=\"Ein Hochzeitskleid mit einem kraftvollen Look. Die Kombination aus Spitze und Transparenz l\u00e4sst das Kleid zu einem harmonischen Ganzen verschmelzen. Und die schlanken Linien schaffen eine stromlinienf\u00f6rmige Silhouette, die sich auf die femininen Linien der Taille und der H\u00fcften konzentriert. Zu diesem eng anliegenden Modell passt ein herzf\u00f6rmiger Ausschnitt, auch die Spitze an den langen \u00c4rmeln erzeugt einen Tattoo-Effekt.\" \/>\n<meta property=\"og:url\" content=\"https:\/\/www.koonings.com\/de\/product\/ramona-koonings-couture-kn2319-lyon\/\" \/>\n<meta property=\"og:site_name\" content=\"Koonings\" \/>\n<meta property=\"article:publisher\" content=\"https:\/\/www.facebook.com\/kooningstheweddingpalace\" \/>\n<meta property=\"og:image\" content=\"https:\/\/www.koonings.com\/wp-content\/uploads\/2024\/11\/37677_3696ad90734fbbba9b8cc05a638ab02f29f55bb48f33d45f554e53b383d16403e6f18405.jpeg\" \/>\n\t<meta property=\"og:image:width\" content=\"1672\" \/>\n\t<meta property=\"og:image:height\" content=\"2366\" \/>\n\t<meta property=\"og:image:type\" content=\"image\/jpeg\" \/>\n<meta name=\"twitter:card\" content=\"summary_large_image\" \/>\n<script type=\"application\/ld+json\" class=\"yoast-schema-graph\">{\"@context\":\"https:\\\/\\\/schema.org\",\"@graph\":[{\"@type\":\"WebPage\",\"@id\":\"https:\\\/\\\/www.koonings.com\\\/de\\\/product\\\/ramona-koonings-couture-kn2319-lyon\\\/\",\"url\":\"https:\\\/\\\/www.koonings.com\\\/de\\\/product\\\/ramona-koonings-couture-kn2319-lyon\\\/\",\"name\":\"Ramona Koonings Couture KN2319 Lyon | Koonings\",\"isPartOf\":{\"@id\":\"https:\\\/\\\/www.koonings.com\\\/de\\\/#website\"},\"primaryImageOfPage\":{\"@id\":\"https:\\\/\\\/www.koonings.com\\\/de\\\/product\\\/ramona-koonings-couture-kn2319-lyon\\\/#primaryimage\"},\"image\":{\"@id\":\"https:\\\/\\\/www.koonings.com\\\/de\\\/product\\\/ramona-koonings-couture-kn2319-lyon\\\/#primaryimage\"},\"thumbnailUrl\":\"https:\\\/\\\/www.koonings.com\\\/wp-content\\\/uploads\\\/2024\\\/11\\\/37677_3696ad90734fbbba9b8cc05a638ab02f29f55bb48f33d45f554e53b383d16403e6f18405.jpeg\",\"datePublished\":\"2026-04-28T16:08:26+00:00\",\"description\":\"Ein Hochzeitskleid mit einem kraftvollen Look. Die Kombination aus Spitze und Transparenz l\u00e4sst das Kleid zu einem harmonischen Ganzen verschmelzen. Und die schlanken Linien schaffen eine stromlinienf\u00f6rmige Silhouette, die sich auf die femininen Linien der Taille und der H\u00fcften konzentriert. Zu diesem eng anliegenden Modell passt ein herzf\u00f6rmiger Ausschnitt, auch die Spitze an den langen \u00c4rmeln erzeugt einen Tattoo-Effekt.\",\"breadcrumb\":{\"@id\":\"https:\\\/\\\/www.koonings.com\\\/de\\\/product\\\/ramona-koonings-couture-kn2319-lyon\\\/#breadcrumb\"},\"inLanguage\":\"de\",\"potentialAction\":[{\"@type\":\"ReadAction\",\"target\":[\"https:\\\/\\\/www.koonings.com\\\/de\\\/product\\\/ramona-koonings-couture-kn2319-lyon\\\/\"]}]},{\"@type\":\"ImageObject\",\"inLanguage\":\"de\",\"@id\":\"https:\\\/\\\/www.koonings.com\\\/de\\\/product\\\/ramona-koonings-couture-kn2319-lyon\\\/#primaryimage\",\"url\":\"https:\\\/\\\/www.koonings.com\\\/wp-content\\\/uploads\\\/2024\\\/11\\\/37677_3696ad90734fbbba9b8cc05a638ab02f29f55bb48f33d45f554e53b383d16403e6f18405.jpeg\",\"contentUrl\":\"https:\\\/\\\/www.koonings.com\\\/wp-content\\\/uploads\\\/2024\\\/11\\\/37677_3696ad90734fbbba9b8cc05a638ab02f29f55bb48f33d45f554e53b383d16403e6f18405.jpeg\",\"width\":1672,\"height\":2366},{\"@type\":\"BreadcrumbList\",\"@id\":\"https:\\\/\\\/www.koonings.com\\\/de\\\/product\\\/ramona-koonings-couture-kn2319-lyon\\\/#breadcrumb\",\"itemListElement\":[{\"@type\":\"ListItem\",\"position\":1,\"name\":\"Home\",\"item\":\"https:\\\/\\\/www.koonings.com\\\/de\\\/\"},{\"@type\":\"ListItem\",\"position\":2,\"name\":\"Ramona Koonings Couture KN2319 Lyon\"}]},{\"@type\":\"WebSite\",\"@id\":\"https:\\\/\\\/www.koonings.com\\\/de\\\/#website\",\"url\":\"https:\\\/\\\/www.koonings.com\\\/de\\\/\",\"name\":\"Koonings\",\"description\":\"De grootste bruidsmodewinkel ter wereld\",\"publisher\":{\"@id\":\"https:\\\/\\\/www.koonings.com\\\/de\\\/#organization\"},\"potentialAction\":[{\"@type\":\"SearchAction\",\"target\":{\"@type\":\"EntryPoint\",\"urlTemplate\":\"https:\\\/\\\/www.koonings.com\\\/de\\\/?s={search_term_string}\"},\"query-input\":{\"@type\":\"PropertyValueSpecification\",\"valueRequired\":true,\"valueName\":\"search_term_string\"}}],\"inLanguage\":\"de\"},{\"@type\":\"Organization\",\"@id\":\"https:\\\/\\\/www.koonings.com\\\/de\\\/#organization\",\"name\":\"Koonings\",\"url\":\"https:\\\/\\\/www.koonings.com\\\/de\\\/\",\"logo\":{\"@type\":\"ImageObject\",\"inLanguage\":\"de\",\"@id\":\"https:\\\/\\\/www.koonings.com\\\/de\\\/#\\\/schema\\\/logo\\\/image\\\/\",\"url\":\"https:\\\/\\\/www.koonings.com\\\/wp-content\\\/uploads\\\/2024\\\/07\\\/logo.png\",\"contentUrl\":\"https:\\\/\\\/www.koonings.com\\\/wp-content\\\/uploads\\\/2024\\\/07\\\/logo.png\",\"width\":600,\"height\":428,\"caption\":\"Koonings\"},\"image\":{\"@id\":\"https:\\\/\\\/www.koonings.com\\\/de\\\/#\\\/schema\\\/logo\\\/image\\\/\"},\"sameAs\":[\"https:\\\/\\\/www.facebook.com\\\/kooningstheweddingpalace\",\"https:\\\/\\\/www.instagram.com\\\/kooningstheweddingpalace\",\"https:\\\/\\\/www.pinterest.com\\\/koonings\",\"https:\\\/\\\/www.youtube.com\\\/kooningstheweddingpalace\"]}]}<\/script>\n<!-- \/ Yoast SEO plugin. -->","yoast_head_json":{"title":"Ramona Koonings Couture KN2319 Lyon | Koonings","description":"Ein Hochzeitskleid mit einem kraftvollen Look. Die Kombination aus Spitze und Transparenz l\u00e4sst das Kleid zu einem harmonischen Ganzen verschmelzen. Und die schlanken Linien schaffen eine stromlinienf\u00f6rmige Silhouette, die sich auf die femininen Linien der Taille und der H\u00fcften konzentriert. Zu diesem eng anliegenden Modell passt ein herzf\u00f6rmiger Ausschnitt, auch die Spitze an den langen \u00c4rmeln erzeugt einen Tattoo-Effekt.","robots":{"index":"index","follow":"follow","max-snippet":"max-snippet:-1","max-image-preview":"max-image-preview:large","max-video-preview":"max-video-preview:-1"},"canonical":"https:\/\/www.koonings.com\/de\/product\/ramona-koonings-couture-kn2319-lyon\/","og_locale":"de_DE","og_type":"article","og_title":"Ramona Koonings Couture KN2319 Lyon | Koonings","og_description":"Ein Hochzeitskleid mit einem kraftvollen Look. Die Kombination aus Spitze und Transparenz l\u00e4sst das Kleid zu einem harmonischen Ganzen verschmelzen. Und die schlanken Linien schaffen eine stromlinienf\u00f6rmige Silhouette, die sich auf die femininen Linien der Taille und der H\u00fcften konzentriert. Zu diesem eng anliegenden Modell passt ein herzf\u00f6rmiger Ausschnitt, auch die Spitze an den langen \u00c4rmeln erzeugt einen Tattoo-Effekt.","og_url":"https:\/\/www.koonings.com\/de\/product\/ramona-koonings-couture-kn2319-lyon\/","og_site_name":"Koonings","article_publisher":"https:\/\/www.facebook.com\/kooningstheweddingpalace","og_image":[{"width":1672,"height":2366,"url":"https:\/\/www.koonings.com\/wp-content\/uploads\/2024\/11\/37677_3696ad90734fbbba9b8cc05a638ab02f29f55bb48f33d45f554e53b383d16403e6f18405.jpeg","type":"image\/jpeg"}],"twitter_card":"summary_large_image","schema":{"@context":"https:\/\/schema.org","@graph":[{"@type":"WebPage","@id":"https:\/\/www.koonings.com\/de\/product\/ramona-koonings-couture-kn2319-lyon\/","url":"https:\/\/www.koonings.com\/de\/product\/ramona-koonings-couture-kn2319-lyon\/","name":"Ramona Koonings Couture KN2319 Lyon | Koonings","isPartOf":{"@id":"https:\/\/www.koonings.com\/de\/#website"},"primaryImageOfPage":{"@id":"https:\/\/www.koonings.com\/de\/product\/ramona-koonings-couture-kn2319-lyon\/#primaryimage"},"image":{"@id":"https:\/\/www.koonings.com\/de\/product\/ramona-koonings-couture-kn2319-lyon\/#primaryimage"},"thumbnailUrl":"https:\/\/www.koonings.com\/wp-content\/uploads\/2024\/11\/37677_3696ad90734fbbba9b8cc05a638ab02f29f55bb48f33d45f554e53b383d16403e6f18405.jpeg","datePublished":"2026-04-28T16:08:26+00:00","description":"Ein Hochzeitskleid mit einem kraftvollen Look. Die Kombination aus Spitze und Transparenz l\u00e4sst das Kleid zu einem harmonischen Ganzen verschmelzen. Und die schlanken Linien schaffen eine stromlinienf\u00f6rmige Silhouette, die sich auf die femininen Linien der Taille und der H\u00fcften konzentriert. Zu diesem eng anliegenden Modell passt ein herzf\u00f6rmiger Ausschnitt, auch die Spitze an den langen \u00c4rmeln erzeugt einen Tattoo-Effekt.","breadcrumb":{"@id":"https:\/\/www.koonings.com\/de\/product\/ramona-koonings-couture-kn2319-lyon\/#breadcrumb"},"inLanguage":"de","potentialAction":[{"@type":"ReadAction","target":["https:\/\/www.koonings.com\/de\/product\/ramona-koonings-couture-kn2319-lyon\/"]}]},{"@type":"ImageObject","inLanguage":"de","@id":"https:\/\/www.koonings.com\/de\/product\/ramona-koonings-couture-kn2319-lyon\/#primaryimage","url":"https:\/\/www.koonings.com\/wp-content\/uploads\/2024\/11\/37677_3696ad90734fbbba9b8cc05a638ab02f29f55bb48f33d45f554e53b383d16403e6f18405.jpeg","contentUrl":"https:\/\/www.koonings.com\/wp-content\/uploads\/2024\/11\/37677_3696ad90734fbbba9b8cc05a638ab02f29f55bb48f33d45f554e53b383d16403e6f18405.jpeg","width":1672,"height":2366},{"@type":"BreadcrumbList","@id":"https:\/\/www.koonings.com\/de\/product\/ramona-koonings-couture-kn2319-lyon\/#breadcrumb","itemListElement":[{"@type":"ListItem","position":1,"name":"Home","item":"https:\/\/www.koonings.com\/de\/"},{"@type":"ListItem","position":2,"name":"Ramona Koonings Couture KN2319 Lyon"}]},{"@type":"WebSite","@id":"https:\/\/www.koonings.com\/de\/#website","url":"https:\/\/www.koonings.com\/de\/","name":"Koonings","description":"De grootste bruidsmodewinkel ter wereld","publisher":{"@id":"https:\/\/www.koonings.com\/de\/#organization"},"potentialAction":[{"@type":"SearchAction","target":{"@type":"EntryPoint","urlTemplate":"https:\/\/www.koonings.com\/de\/?s={search_term_string}"},"query-input":{"@type":"PropertyValueSpecification","valueRequired":true,"valueName":"search_term_string"}}],"inLanguage":"de"},{"@type":"Organization","@id":"https:\/\/www.koonings.com\/de\/#organization","name":"Koonings","url":"https:\/\/www.koonings.com\/de\/","logo":{"@type":"ImageObject","inLanguage":"de","@id":"https:\/\/www.koonings.com\/de\/#\/schema\/logo\/image\/","url":"https:\/\/www.koonings.com\/wp-content\/uploads\/2024\/07\/logo.png","contentUrl":"https:\/\/www.koonings.com\/wp-content\/uploads\/2024\/07\/logo.png","width":600,"height":428,"caption":"Koonings"},"image":{"@id":"https:\/\/www.koonings.com\/de\/#\/schema\/logo\/image\/"},"sameAs":["https:\/\/www.facebook.com\/kooningstheweddingpalace","https:\/\/www.instagram.com\/kooningstheweddingpalace","https:\/\/www.pinterest.com\/koonings","https:\/\/www.youtube.com\/kooningstheweddingpalace"]}]}},"_links":{"self":[{"href":"https:\/\/www.koonings.com\/de\/wp-json\/wp\/v2\/product\/33429","targetHints":{"allow":["GET"]}}],"collection":[{"href":"https:\/\/www.koonings.com\/de\/wp-json\/wp\/v2\/product"}],"about":[{"href":"https:\/\/www.koonings.com\/de\/wp-json\/wp\/v2\/types\/product"}],"wp:featuredmedia":[{"embeddable":true,"href":"https:\/\/www.koonings.com\/de\/wp-json\/wp\/v2\/media\/31333"}],"wp:attachment":[{"href":"https:\/\/www.koonings.com\/de\/wp-json\/wp\/v2\/media?parent=33429"}],"wp:term":[{"taxonomy":"productdetails","embeddable":true,"href":"https:\/\/www.koonings.com\/de\/wp-json\/wp\/v2\/productdetails?post=33429"},{"taxonomy":"productneck","embeddable":true,"href":"https:\/\/www.koonings.com\/de\/wp-json\/wp\/v2\/productneck?post=33429"},{"taxonomy":"productcolor","embeddable":true,"href":"https:\/\/www.koonings.com\/de\/wp-json\/wp\/v2\/productcolor?post=33429"},{"taxonomy":"maat","embeddable":true,"href":"https:\/\/www.koonings.com\/de\/wp-json\/wp\/v2\/maat?post=33429"},{"taxonomy":"productsupplier","embeddable":true,"href":"https:\/\/www.koonings.com\/de\/wp-json\/wp\/v2\/productsupplier?post=33429"},{"taxonomy":"productsleeve","embeddable":true,"href":"https:\/\/www.koonings.com\/de\/wp-json\/wp\/v2\/productsleeve?post=33429"},{"taxonomy":"productcategory","embeddable":true,"href":"https:\/\/www.koonings.com\/de\/wp-json\/wp\/v2\/productcategory?post=33429"},{"taxonomy":"productsilhouette","embeddable":true,"href":"https:\/\/www.koonings.com\/de\/wp-json\/wp\/v2\/productsilhouette?post=33429"},{"taxonomy":"productstyle","embeddable":true,"href":"https:\/\/www.koonings.com\/de\/wp-json\/wp\/v2\/productstyle?post=33429"}],"curies":[{"name":"wp","href":"https:\/\/api.w.org\/{rel}","templated":true}]}}