{"id":33390,"date":"2025-07-10T12:08:38","date_gmt":"2025-07-10T10:08:38","guid":{"rendered":"https:\/\/www.koonings.com\/product\/modeca-66-9\/"},"modified":"2025-06-05T12:16:00","modified_gmt":"2025-06-05T10:16:00","slug":"modeca-66-9","status":"publish","type":"product","link":"https:\/\/www.koonings.com\/de\/product\/modeca-66-9\/","title":{"rendered":"Modeca 66"},"content":{"rendered":"<p>Dieses zarte A-Linien-Hochzeitskleid von Rowan ist f\u00fcr die romantische Braut, die sich einen luxuri\u00f6sen Look w\u00fcnscht. Das moderne Mieder aus reiner Spitze hat einen schmeichelhaften Illusionsausschnitt in der Mitte und einen erh\u00f6hten Ausschnitt. Das h\u00fcbsche Schl\u00fcsselloch im R\u00fccken ist das Herzst\u00fcck dieses Brautkleides, das mit einem luftigen Chiffonrock endet.  <\/p>\n","protected":false},"featured_media":29571,"template":"","meta":{"_acf_changed":false,"ghostkit_customizer_options":"","ghostkit_custom_css":"","ghostkit_custom_js_head":"","ghostkit_custom_js_foot":"","ghostkit_typography":""},"productdetails":[],"productneck":[],"productcolor":[],"maat":[],"productsupplier":[434],"productsleeve":[],"productcategory":[18],"productsilhouette":[],"productstyle":[],"class_list":["post-33390","product","type-product","status-publish","has-post-thumbnail","hentry","productsupplier-modeca","productcategory-trouwjurken"],"acf":[],"yoast_head":"<!-- This site is optimized with the Yoast SEO plugin v27.3 - https:\/\/yoast.com\/product\/yoast-seo-wordpress\/ -->\n<title>Modeca 66 | Koonings<\/title>\n<meta name=\"description\" content=\"Dieses zarte A-Linien-Hochzeitskleid von Rowan ist f\u00fcr die romantische Braut, die sich einen luxuri\u00f6sen Look w\u00fcnscht. Das moderne Mieder aus reiner Spitze hat einen schmeichelhaften Illusionsausschnitt in der Mitte und einen erh\u00f6hten Ausschnitt. Das h\u00fcbsche Schl\u00fcsselloch im R\u00fccken ist das Herzst\u00fcck dieses Brautkleides, das mit einem luftigen Chiffonrock endet.\" \/>\n<meta name=\"robots\" content=\"index, follow, max-snippet:-1, max-image-preview:large, max-video-preview:-1\" \/>\n<link rel=\"canonical\" href=\"https:\/\/www.koonings.com\/de\/product\/modeca-66-9\/\" \/>\n<meta property=\"og:locale\" content=\"de_DE\" \/>\n<meta property=\"og:type\" content=\"article\" \/>\n<meta property=\"og:title\" content=\"Modeca 66 | Koonings\" \/>\n<meta property=\"og:description\" content=\"Dieses zarte A-Linien-Hochzeitskleid von Rowan ist f\u00fcr die romantische Braut, die sich einen luxuri\u00f6sen Look w\u00fcnscht. Das moderne Mieder aus reiner Spitze hat einen schmeichelhaften Illusionsausschnitt in der Mitte und einen erh\u00f6hten Ausschnitt. Das h\u00fcbsche Schl\u00fcsselloch im R\u00fccken ist das Herzst\u00fcck dieses Brautkleides, das mit einem luftigen Chiffonrock endet.\" \/>\n<meta property=\"og:url\" content=\"https:\/\/www.koonings.com\/de\/product\/modeca-66-9\/\" \/>\n<meta property=\"og:site_name\" content=\"Koonings\" \/>\n<meta property=\"article:publisher\" content=\"https:\/\/www.facebook.com\/kooningstheweddingpalace\" \/>\n<meta property=\"og:image\" content=\"https:\/\/www.koonings.com\/wp-content\/uploads\/2024\/11\/37414_904565a39a39f6bf595df5a5fb7a6e341c98e3509a51589f3f859594fabc49d88d8cad8e.jpeg\" \/>\n\t<meta property=\"og:image:width\" content=\"300\" \/>\n\t<meta property=\"og:image:height\" content=\"450\" \/>\n\t<meta property=\"og:image:type\" content=\"image\/jpeg\" \/>\n<meta name=\"twitter:card\" content=\"summary_large_image\" \/>\n<script type=\"application\/ld+json\" class=\"yoast-schema-graph\">{\"@context\":\"https:\\\/\\\/schema.org\",\"@graph\":[{\"@type\":\"WebPage\",\"@id\":\"https:\\\/\\\/www.koonings.com\\\/de\\\/product\\\/modeca-66-9\\\/\",\"url\":\"https:\\\/\\\/www.koonings.com\\\/de\\\/product\\\/modeca-66-9\\\/\",\"name\":\"Modeca 66 | Koonings\",\"isPartOf\":{\"@id\":\"https:\\\/\\\/www.koonings.com\\\/de\\\/#website\"},\"primaryImageOfPage\":{\"@id\":\"https:\\\/\\\/www.koonings.com\\\/de\\\/product\\\/modeca-66-9\\\/#primaryimage\"},\"image\":{\"@id\":\"https:\\\/\\\/www.koonings.com\\\/de\\\/product\\\/modeca-66-9\\\/#primaryimage\"},\"thumbnailUrl\":\"https:\\\/\\\/www.koonings.com\\\/wp-content\\\/uploads\\\/2024\\\/11\\\/37414_904565a39a39f6bf595df5a5fb7a6e341c98e3509a51589f3f859594fabc49d88d8cad8e.jpeg\",\"datePublished\":\"2025-07-10T10:08:38+00:00\",\"description\":\"Dieses zarte A-Linien-Hochzeitskleid von Rowan ist f\u00fcr die romantische Braut, die sich einen luxuri\u00f6sen Look w\u00fcnscht. Das moderne Mieder aus reiner Spitze hat einen schmeichelhaften Illusionsausschnitt in der Mitte und einen erh\u00f6hten Ausschnitt. Das h\u00fcbsche Schl\u00fcsselloch im R\u00fccken ist das Herzst\u00fcck dieses Brautkleides, das mit einem luftigen Chiffonrock endet.\",\"breadcrumb\":{\"@id\":\"https:\\\/\\\/www.koonings.com\\\/de\\\/product\\\/modeca-66-9\\\/#breadcrumb\"},\"inLanguage\":\"de\",\"potentialAction\":[{\"@type\":\"ReadAction\",\"target\":[\"https:\\\/\\\/www.koonings.com\\\/de\\\/product\\\/modeca-66-9\\\/\"]}]},{\"@type\":\"ImageObject\",\"inLanguage\":\"de\",\"@id\":\"https:\\\/\\\/www.koonings.com\\\/de\\\/product\\\/modeca-66-9\\\/#primaryimage\",\"url\":\"https:\\\/\\\/www.koonings.com\\\/wp-content\\\/uploads\\\/2024\\\/11\\\/37414_904565a39a39f6bf595df5a5fb7a6e341c98e3509a51589f3f859594fabc49d88d8cad8e.jpeg\",\"contentUrl\":\"https:\\\/\\\/www.koonings.com\\\/wp-content\\\/uploads\\\/2024\\\/11\\\/37414_904565a39a39f6bf595df5a5fb7a6e341c98e3509a51589f3f859594fabc49d88d8cad8e.jpeg\",\"width\":300,\"height\":450},{\"@type\":\"BreadcrumbList\",\"@id\":\"https:\\\/\\\/www.koonings.com\\\/de\\\/product\\\/modeca-66-9\\\/#breadcrumb\",\"itemListElement\":[{\"@type\":\"ListItem\",\"position\":1,\"name\":\"Home\",\"item\":\"https:\\\/\\\/www.koonings.com\\\/de\\\/\"},{\"@type\":\"ListItem\",\"position\":2,\"name\":\"Modeca 66\"}]},{\"@type\":\"WebSite\",\"@id\":\"https:\\\/\\\/www.koonings.com\\\/de\\\/#website\",\"url\":\"https:\\\/\\\/www.koonings.com\\\/de\\\/\",\"name\":\"Koonings\",\"description\":\"De grootste bruidsmodewinkel ter wereld\",\"publisher\":{\"@id\":\"https:\\\/\\\/www.koonings.com\\\/de\\\/#organization\"},\"potentialAction\":[{\"@type\":\"SearchAction\",\"target\":{\"@type\":\"EntryPoint\",\"urlTemplate\":\"https:\\\/\\\/www.koonings.com\\\/de\\\/?s={search_term_string}\"},\"query-input\":{\"@type\":\"PropertyValueSpecification\",\"valueRequired\":true,\"valueName\":\"search_term_string\"}}],\"inLanguage\":\"de\"},{\"@type\":\"Organization\",\"@id\":\"https:\\\/\\\/www.koonings.com\\\/de\\\/#organization\",\"name\":\"Koonings\",\"url\":\"https:\\\/\\\/www.koonings.com\\\/de\\\/\",\"logo\":{\"@type\":\"ImageObject\",\"inLanguage\":\"de\",\"@id\":\"https:\\\/\\\/www.koonings.com\\\/de\\\/#\\\/schema\\\/logo\\\/image\\\/\",\"url\":\"https:\\\/\\\/www.koonings.com\\\/wp-content\\\/uploads\\\/2024\\\/07\\\/logo.png\",\"contentUrl\":\"https:\\\/\\\/www.koonings.com\\\/wp-content\\\/uploads\\\/2024\\\/07\\\/logo.png\",\"width\":600,\"height\":428,\"caption\":\"Koonings\"},\"image\":{\"@id\":\"https:\\\/\\\/www.koonings.com\\\/de\\\/#\\\/schema\\\/logo\\\/image\\\/\"},\"sameAs\":[\"https:\\\/\\\/www.facebook.com\\\/kooningstheweddingpalace\",\"https:\\\/\\\/www.instagram.com\\\/kooningstheweddingpalace\",\"https:\\\/\\\/www.pinterest.com\\\/koonings\",\"https:\\\/\\\/www.youtube.com\\\/kooningstheweddingpalace\"]}]}<\/script>\n<!-- \/ Yoast SEO plugin. -->","yoast_head_json":{"title":"Modeca 66 | Koonings","description":"Dieses zarte A-Linien-Hochzeitskleid von Rowan ist f\u00fcr die romantische Braut, die sich einen luxuri\u00f6sen Look w\u00fcnscht. Das moderne Mieder aus reiner Spitze hat einen schmeichelhaften Illusionsausschnitt in der Mitte und einen erh\u00f6hten Ausschnitt. Das h\u00fcbsche Schl\u00fcsselloch im R\u00fccken ist das Herzst\u00fcck dieses Brautkleides, das mit einem luftigen Chiffonrock endet.","robots":{"index":"index","follow":"follow","max-snippet":"max-snippet:-1","max-image-preview":"max-image-preview:large","max-video-preview":"max-video-preview:-1"},"canonical":"https:\/\/www.koonings.com\/de\/product\/modeca-66-9\/","og_locale":"de_DE","og_type":"article","og_title":"Modeca 66 | Koonings","og_description":"Dieses zarte A-Linien-Hochzeitskleid von Rowan ist f\u00fcr die romantische Braut, die sich einen luxuri\u00f6sen Look w\u00fcnscht. Das moderne Mieder aus reiner Spitze hat einen schmeichelhaften Illusionsausschnitt in der Mitte und einen erh\u00f6hten Ausschnitt. Das h\u00fcbsche Schl\u00fcsselloch im R\u00fccken ist das Herzst\u00fcck dieses Brautkleides, das mit einem luftigen Chiffonrock endet.","og_url":"https:\/\/www.koonings.com\/de\/product\/modeca-66-9\/","og_site_name":"Koonings","article_publisher":"https:\/\/www.facebook.com\/kooningstheweddingpalace","og_image":[{"width":300,"height":450,"url":"https:\/\/www.koonings.com\/wp-content\/uploads\/2024\/11\/37414_904565a39a39f6bf595df5a5fb7a6e341c98e3509a51589f3f859594fabc49d88d8cad8e.jpeg","type":"image\/jpeg"}],"twitter_card":"summary_large_image","schema":{"@context":"https:\/\/schema.org","@graph":[{"@type":"WebPage","@id":"https:\/\/www.koonings.com\/de\/product\/modeca-66-9\/","url":"https:\/\/www.koonings.com\/de\/product\/modeca-66-9\/","name":"Modeca 66 | Koonings","isPartOf":{"@id":"https:\/\/www.koonings.com\/de\/#website"},"primaryImageOfPage":{"@id":"https:\/\/www.koonings.com\/de\/product\/modeca-66-9\/#primaryimage"},"image":{"@id":"https:\/\/www.koonings.com\/de\/product\/modeca-66-9\/#primaryimage"},"thumbnailUrl":"https:\/\/www.koonings.com\/wp-content\/uploads\/2024\/11\/37414_904565a39a39f6bf595df5a5fb7a6e341c98e3509a51589f3f859594fabc49d88d8cad8e.jpeg","datePublished":"2025-07-10T10:08:38+00:00","description":"Dieses zarte A-Linien-Hochzeitskleid von Rowan ist f\u00fcr die romantische Braut, die sich einen luxuri\u00f6sen Look w\u00fcnscht. Das moderne Mieder aus reiner Spitze hat einen schmeichelhaften Illusionsausschnitt in der Mitte und einen erh\u00f6hten Ausschnitt. Das h\u00fcbsche Schl\u00fcsselloch im R\u00fccken ist das Herzst\u00fcck dieses Brautkleides, das mit einem luftigen Chiffonrock endet.","breadcrumb":{"@id":"https:\/\/www.koonings.com\/de\/product\/modeca-66-9\/#breadcrumb"},"inLanguage":"de","potentialAction":[{"@type":"ReadAction","target":["https:\/\/www.koonings.com\/de\/product\/modeca-66-9\/"]}]},{"@type":"ImageObject","inLanguage":"de","@id":"https:\/\/www.koonings.com\/de\/product\/modeca-66-9\/#primaryimage","url":"https:\/\/www.koonings.com\/wp-content\/uploads\/2024\/11\/37414_904565a39a39f6bf595df5a5fb7a6e341c98e3509a51589f3f859594fabc49d88d8cad8e.jpeg","contentUrl":"https:\/\/www.koonings.com\/wp-content\/uploads\/2024\/11\/37414_904565a39a39f6bf595df5a5fb7a6e341c98e3509a51589f3f859594fabc49d88d8cad8e.jpeg","width":300,"height":450},{"@type":"BreadcrumbList","@id":"https:\/\/www.koonings.com\/de\/product\/modeca-66-9\/#breadcrumb","itemListElement":[{"@type":"ListItem","position":1,"name":"Home","item":"https:\/\/www.koonings.com\/de\/"},{"@type":"ListItem","position":2,"name":"Modeca 66"}]},{"@type":"WebSite","@id":"https:\/\/www.koonings.com\/de\/#website","url":"https:\/\/www.koonings.com\/de\/","name":"Koonings","description":"De grootste bruidsmodewinkel ter wereld","publisher":{"@id":"https:\/\/www.koonings.com\/de\/#organization"},"potentialAction":[{"@type":"SearchAction","target":{"@type":"EntryPoint","urlTemplate":"https:\/\/www.koonings.com\/de\/?s={search_term_string}"},"query-input":{"@type":"PropertyValueSpecification","valueRequired":true,"valueName":"search_term_string"}}],"inLanguage":"de"},{"@type":"Organization","@id":"https:\/\/www.koonings.com\/de\/#organization","name":"Koonings","url":"https:\/\/www.koonings.com\/de\/","logo":{"@type":"ImageObject","inLanguage":"de","@id":"https:\/\/www.koonings.com\/de\/#\/schema\/logo\/image\/","url":"https:\/\/www.koonings.com\/wp-content\/uploads\/2024\/07\/logo.png","contentUrl":"https:\/\/www.koonings.com\/wp-content\/uploads\/2024\/07\/logo.png","width":600,"height":428,"caption":"Koonings"},"image":{"@id":"https:\/\/www.koonings.com\/de\/#\/schema\/logo\/image\/"},"sameAs":["https:\/\/www.facebook.com\/kooningstheweddingpalace","https:\/\/www.instagram.com\/kooningstheweddingpalace","https:\/\/www.pinterest.com\/koonings","https:\/\/www.youtube.com\/kooningstheweddingpalace"]}]}},"_links":{"self":[{"href":"https:\/\/www.koonings.com\/de\/wp-json\/wp\/v2\/product\/33390","targetHints":{"allow":["GET"]}}],"collection":[{"href":"https:\/\/www.koonings.com\/de\/wp-json\/wp\/v2\/product"}],"about":[{"href":"https:\/\/www.koonings.com\/de\/wp-json\/wp\/v2\/types\/product"}],"wp:featuredmedia":[{"embeddable":true,"href":"https:\/\/www.koonings.com\/de\/wp-json\/wp\/v2\/media\/29571"}],"wp:attachment":[{"href":"https:\/\/www.koonings.com\/de\/wp-json\/wp\/v2\/media?parent=33390"}],"wp:term":[{"taxonomy":"productdetails","embeddable":true,"href":"https:\/\/www.koonings.com\/de\/wp-json\/wp\/v2\/productdetails?post=33390"},{"taxonomy":"productneck","embeddable":true,"href":"https:\/\/www.koonings.com\/de\/wp-json\/wp\/v2\/productneck?post=33390"},{"taxonomy":"productcolor","embeddable":true,"href":"https:\/\/www.koonings.com\/de\/wp-json\/wp\/v2\/productcolor?post=33390"},{"taxonomy":"maat","embeddable":true,"href":"https:\/\/www.koonings.com\/de\/wp-json\/wp\/v2\/maat?post=33390"},{"taxonomy":"productsupplier","embeddable":true,"href":"https:\/\/www.koonings.com\/de\/wp-json\/wp\/v2\/productsupplier?post=33390"},{"taxonomy":"productsleeve","embeddable":true,"href":"https:\/\/www.koonings.com\/de\/wp-json\/wp\/v2\/productsleeve?post=33390"},{"taxonomy":"productcategory","embeddable":true,"href":"https:\/\/www.koonings.com\/de\/wp-json\/wp\/v2\/productcategory?post=33390"},{"taxonomy":"productsilhouette","embeddable":true,"href":"https:\/\/www.koonings.com\/de\/wp-json\/wp\/v2\/productsilhouette?post=33390"},{"taxonomy":"productstyle","embeddable":true,"href":"https:\/\/www.koonings.com\/de\/wp-json\/wp\/v2\/productstyle?post=33390"}],"curies":[{"name":"wp","href":"https:\/\/api.w.org\/{rel}","templated":true}]}}