{"id":33364,"date":"2025-07-10T12:06:48","date_gmt":"2025-07-10T10:06:48","guid":{"rendered":"https:\/\/www.koonings.com\/product\/maggie-sottero-designs-66-6\/"},"modified":"2025-06-05T12:25:40","modified_gmt":"2025-06-05T10:25:40","slug":"maggie-sottero-designs-66-6","status":"publish","type":"product","link":"https:\/\/www.koonings.com\/de\/product\/maggie-sottero-designs-66-6\/","title":{"rendered":"Maggie Sottero Designs 66"},"content":{"rendered":"<p>M\u00f6chten Sie an Ihrem gro\u00dfen Tag wie eine r\u00f6mische G\u00f6ttin aussehen? Dieses atemberaubende Hochzeitskleid ist aus einem Material gefertigt, das wie Marmor aussieht, sich aber wie Magie bewegt. Ein schlichtes Hochzeitskleid aus Satin mit eleganten Linien und garantierter Tanzbarkeit.  &nbsp;<\/p>\n","protected":false},"featured_media":28019,"template":"","meta":{"_acf_changed":false,"ghostkit_customizer_options":"","ghostkit_custom_css":"","ghostkit_custom_js_head":"","ghostkit_custom_js_foot":"","ghostkit_typography":""},"productdetails":[],"productneck":[],"productcolor":[],"maat":[],"productsupplier":[432],"productsleeve":[],"productcategory":[18],"productsilhouette":[],"productstyle":[],"class_list":["post-33364","product","type-product","status-publish","has-post-thumbnail","hentry","productsupplier-maggie-sottero-designs","productcategory-trouwjurken"],"acf":[],"yoast_head":"<!-- This site is optimized with the Yoast SEO plugin v27.3 - https:\/\/yoast.com\/product\/yoast-seo-wordpress\/ -->\n<title>Maggie Sottero Designs 66 | Koonings<\/title>\n<meta name=\"description\" content=\"M\u00f6chten Sie an Ihrem gro\u00dfen Tag wie eine r\u00f6mische G\u00f6ttin aussehen? Dieses atemberaubende Hochzeitskleid ist aus einem Material gefertigt, das wie Marmor aussieht, sich aber wie Magie bewegt. Ein schlichtes Hochzeitskleid aus Satin mit eleganten Linien und garantierter Tanzbarkeit. \u00a0\" \/>\n<meta name=\"robots\" content=\"index, follow, max-snippet:-1, max-image-preview:large, max-video-preview:-1\" \/>\n<link rel=\"canonical\" href=\"https:\/\/www.koonings.com\/de\/product\/maggie-sottero-designs-66-6\/\" \/>\n<meta property=\"og:locale\" content=\"de_DE\" \/>\n<meta property=\"og:type\" content=\"article\" \/>\n<meta property=\"og:title\" content=\"Maggie Sottero Designs 66 | Koonings\" \/>\n<meta property=\"og:description\" content=\"M\u00f6chten Sie an Ihrem gro\u00dfen Tag wie eine r\u00f6mische G\u00f6ttin aussehen? Dieses atemberaubende Hochzeitskleid ist aus einem Material gefertigt, das wie Marmor aussieht, sich aber wie Magie bewegt. Ein schlichtes Hochzeitskleid aus Satin mit eleganten Linien und garantierter Tanzbarkeit. \u00a0\" \/>\n<meta property=\"og:url\" content=\"https:\/\/www.koonings.com\/de\/product\/maggie-sottero-designs-66-6\/\" \/>\n<meta property=\"og:site_name\" content=\"Koonings\" \/>\n<meta property=\"article:publisher\" content=\"https:\/\/www.facebook.com\/kooningstheweddingpalace\" \/>\n<meta property=\"og:image\" content=\"https:\/\/www.koonings.com\/wp-content\/uploads\/2024\/11\/36983_1ce3c62ecbf90edc4b2ad70d04e083499c4c109f5554b6e10ee71ce263c7c89f0fa39608.jpeg\" \/>\n\t<meta property=\"og:image:width\" content=\"300\" \/>\n\t<meta property=\"og:image:height\" content=\"450\" \/>\n\t<meta property=\"og:image:type\" content=\"image\/jpeg\" \/>\n<meta name=\"twitter:card\" content=\"summary_large_image\" \/>\n<script type=\"application\/ld+json\" class=\"yoast-schema-graph\">{\"@context\":\"https:\\\/\\\/schema.org\",\"@graph\":[{\"@type\":\"WebPage\",\"@id\":\"https:\\\/\\\/www.koonings.com\\\/de\\\/product\\\/maggie-sottero-designs-66-6\\\/\",\"url\":\"https:\\\/\\\/www.koonings.com\\\/de\\\/product\\\/maggie-sottero-designs-66-6\\\/\",\"name\":\"Maggie Sottero Designs 66 | Koonings\",\"isPartOf\":{\"@id\":\"https:\\\/\\\/www.koonings.com\\\/de\\\/#website\"},\"primaryImageOfPage\":{\"@id\":\"https:\\\/\\\/www.koonings.com\\\/de\\\/product\\\/maggie-sottero-designs-66-6\\\/#primaryimage\"},\"image\":{\"@id\":\"https:\\\/\\\/www.koonings.com\\\/de\\\/product\\\/maggie-sottero-designs-66-6\\\/#primaryimage\"},\"thumbnailUrl\":\"https:\\\/\\\/www.koonings.com\\\/wp-content\\\/uploads\\\/2024\\\/11\\\/36983_1ce3c62ecbf90edc4b2ad70d04e083499c4c109f5554b6e10ee71ce263c7c89f0fa39608.jpeg\",\"datePublished\":\"2025-07-10T10:06:48+00:00\",\"description\":\"M\u00f6chten Sie an Ihrem gro\u00dfen Tag wie eine r\u00f6mische G\u00f6ttin aussehen? Dieses atemberaubende Hochzeitskleid ist aus einem Material gefertigt, das wie Marmor aussieht, sich aber wie Magie bewegt. Ein schlichtes Hochzeitskleid aus Satin mit eleganten Linien und garantierter Tanzbarkeit. \u00a0\",\"breadcrumb\":{\"@id\":\"https:\\\/\\\/www.koonings.com\\\/de\\\/product\\\/maggie-sottero-designs-66-6\\\/#breadcrumb\"},\"inLanguage\":\"de\",\"potentialAction\":[{\"@type\":\"ReadAction\",\"target\":[\"https:\\\/\\\/www.koonings.com\\\/de\\\/product\\\/maggie-sottero-designs-66-6\\\/\"]}]},{\"@type\":\"ImageObject\",\"inLanguage\":\"de\",\"@id\":\"https:\\\/\\\/www.koonings.com\\\/de\\\/product\\\/maggie-sottero-designs-66-6\\\/#primaryimage\",\"url\":\"https:\\\/\\\/www.koonings.com\\\/wp-content\\\/uploads\\\/2024\\\/11\\\/36983_1ce3c62ecbf90edc4b2ad70d04e083499c4c109f5554b6e10ee71ce263c7c89f0fa39608.jpeg\",\"contentUrl\":\"https:\\\/\\\/www.koonings.com\\\/wp-content\\\/uploads\\\/2024\\\/11\\\/36983_1ce3c62ecbf90edc4b2ad70d04e083499c4c109f5554b6e10ee71ce263c7c89f0fa39608.jpeg\",\"width\":300,\"height\":450},{\"@type\":\"BreadcrumbList\",\"@id\":\"https:\\\/\\\/www.koonings.com\\\/de\\\/product\\\/maggie-sottero-designs-66-6\\\/#breadcrumb\",\"itemListElement\":[{\"@type\":\"ListItem\",\"position\":1,\"name\":\"Home\",\"item\":\"https:\\\/\\\/www.koonings.com\\\/de\\\/\"},{\"@type\":\"ListItem\",\"position\":2,\"name\":\"Maggie Sottero Designs 66\"}]},{\"@type\":\"WebSite\",\"@id\":\"https:\\\/\\\/www.koonings.com\\\/de\\\/#website\",\"url\":\"https:\\\/\\\/www.koonings.com\\\/de\\\/\",\"name\":\"Koonings\",\"description\":\"De grootste bruidsmodewinkel ter wereld\",\"publisher\":{\"@id\":\"https:\\\/\\\/www.koonings.com\\\/de\\\/#organization\"},\"potentialAction\":[{\"@type\":\"SearchAction\",\"target\":{\"@type\":\"EntryPoint\",\"urlTemplate\":\"https:\\\/\\\/www.koonings.com\\\/de\\\/?s={search_term_string}\"},\"query-input\":{\"@type\":\"PropertyValueSpecification\",\"valueRequired\":true,\"valueName\":\"search_term_string\"}}],\"inLanguage\":\"de\"},{\"@type\":\"Organization\",\"@id\":\"https:\\\/\\\/www.koonings.com\\\/de\\\/#organization\",\"name\":\"Koonings\",\"url\":\"https:\\\/\\\/www.koonings.com\\\/de\\\/\",\"logo\":{\"@type\":\"ImageObject\",\"inLanguage\":\"de\",\"@id\":\"https:\\\/\\\/www.koonings.com\\\/de\\\/#\\\/schema\\\/logo\\\/image\\\/\",\"url\":\"https:\\\/\\\/www.koonings.com\\\/wp-content\\\/uploads\\\/2024\\\/07\\\/logo.png\",\"contentUrl\":\"https:\\\/\\\/www.koonings.com\\\/wp-content\\\/uploads\\\/2024\\\/07\\\/logo.png\",\"width\":600,\"height\":428,\"caption\":\"Koonings\"},\"image\":{\"@id\":\"https:\\\/\\\/www.koonings.com\\\/de\\\/#\\\/schema\\\/logo\\\/image\\\/\"},\"sameAs\":[\"https:\\\/\\\/www.facebook.com\\\/kooningstheweddingpalace\",\"https:\\\/\\\/www.instagram.com\\\/kooningstheweddingpalace\",\"https:\\\/\\\/www.pinterest.com\\\/koonings\",\"https:\\\/\\\/www.youtube.com\\\/kooningstheweddingpalace\"]}]}<\/script>\n<!-- \/ Yoast SEO plugin. -->","yoast_head_json":{"title":"Maggie Sottero Designs 66 | Koonings","description":"M\u00f6chten Sie an Ihrem gro\u00dfen Tag wie eine r\u00f6mische G\u00f6ttin aussehen? Dieses atemberaubende Hochzeitskleid ist aus einem Material gefertigt, das wie Marmor aussieht, sich aber wie Magie bewegt. Ein schlichtes Hochzeitskleid aus Satin mit eleganten Linien und garantierter Tanzbarkeit. \u00a0","robots":{"index":"index","follow":"follow","max-snippet":"max-snippet:-1","max-image-preview":"max-image-preview:large","max-video-preview":"max-video-preview:-1"},"canonical":"https:\/\/www.koonings.com\/de\/product\/maggie-sottero-designs-66-6\/","og_locale":"de_DE","og_type":"article","og_title":"Maggie Sottero Designs 66 | Koonings","og_description":"M\u00f6chten Sie an Ihrem gro\u00dfen Tag wie eine r\u00f6mische G\u00f6ttin aussehen? Dieses atemberaubende Hochzeitskleid ist aus einem Material gefertigt, das wie Marmor aussieht, sich aber wie Magie bewegt. Ein schlichtes Hochzeitskleid aus Satin mit eleganten Linien und garantierter Tanzbarkeit. \u00a0","og_url":"https:\/\/www.koonings.com\/de\/product\/maggie-sottero-designs-66-6\/","og_site_name":"Koonings","article_publisher":"https:\/\/www.facebook.com\/kooningstheweddingpalace","og_image":[{"width":300,"height":450,"url":"https:\/\/www.koonings.com\/wp-content\/uploads\/2024\/11\/36983_1ce3c62ecbf90edc4b2ad70d04e083499c4c109f5554b6e10ee71ce263c7c89f0fa39608.jpeg","type":"image\/jpeg"}],"twitter_card":"summary_large_image","schema":{"@context":"https:\/\/schema.org","@graph":[{"@type":"WebPage","@id":"https:\/\/www.koonings.com\/de\/product\/maggie-sottero-designs-66-6\/","url":"https:\/\/www.koonings.com\/de\/product\/maggie-sottero-designs-66-6\/","name":"Maggie Sottero Designs 66 | Koonings","isPartOf":{"@id":"https:\/\/www.koonings.com\/de\/#website"},"primaryImageOfPage":{"@id":"https:\/\/www.koonings.com\/de\/product\/maggie-sottero-designs-66-6\/#primaryimage"},"image":{"@id":"https:\/\/www.koonings.com\/de\/product\/maggie-sottero-designs-66-6\/#primaryimage"},"thumbnailUrl":"https:\/\/www.koonings.com\/wp-content\/uploads\/2024\/11\/36983_1ce3c62ecbf90edc4b2ad70d04e083499c4c109f5554b6e10ee71ce263c7c89f0fa39608.jpeg","datePublished":"2025-07-10T10:06:48+00:00","description":"M\u00f6chten Sie an Ihrem gro\u00dfen Tag wie eine r\u00f6mische G\u00f6ttin aussehen? Dieses atemberaubende Hochzeitskleid ist aus einem Material gefertigt, das wie Marmor aussieht, sich aber wie Magie bewegt. Ein schlichtes Hochzeitskleid aus Satin mit eleganten Linien und garantierter Tanzbarkeit. \u00a0","breadcrumb":{"@id":"https:\/\/www.koonings.com\/de\/product\/maggie-sottero-designs-66-6\/#breadcrumb"},"inLanguage":"de","potentialAction":[{"@type":"ReadAction","target":["https:\/\/www.koonings.com\/de\/product\/maggie-sottero-designs-66-6\/"]}]},{"@type":"ImageObject","inLanguage":"de","@id":"https:\/\/www.koonings.com\/de\/product\/maggie-sottero-designs-66-6\/#primaryimage","url":"https:\/\/www.koonings.com\/wp-content\/uploads\/2024\/11\/36983_1ce3c62ecbf90edc4b2ad70d04e083499c4c109f5554b6e10ee71ce263c7c89f0fa39608.jpeg","contentUrl":"https:\/\/www.koonings.com\/wp-content\/uploads\/2024\/11\/36983_1ce3c62ecbf90edc4b2ad70d04e083499c4c109f5554b6e10ee71ce263c7c89f0fa39608.jpeg","width":300,"height":450},{"@type":"BreadcrumbList","@id":"https:\/\/www.koonings.com\/de\/product\/maggie-sottero-designs-66-6\/#breadcrumb","itemListElement":[{"@type":"ListItem","position":1,"name":"Home","item":"https:\/\/www.koonings.com\/de\/"},{"@type":"ListItem","position":2,"name":"Maggie Sottero Designs 66"}]},{"@type":"WebSite","@id":"https:\/\/www.koonings.com\/de\/#website","url":"https:\/\/www.koonings.com\/de\/","name":"Koonings","description":"De grootste bruidsmodewinkel ter wereld","publisher":{"@id":"https:\/\/www.koonings.com\/de\/#organization"},"potentialAction":[{"@type":"SearchAction","target":{"@type":"EntryPoint","urlTemplate":"https:\/\/www.koonings.com\/de\/?s={search_term_string}"},"query-input":{"@type":"PropertyValueSpecification","valueRequired":true,"valueName":"search_term_string"}}],"inLanguage":"de"},{"@type":"Organization","@id":"https:\/\/www.koonings.com\/de\/#organization","name":"Koonings","url":"https:\/\/www.koonings.com\/de\/","logo":{"@type":"ImageObject","inLanguage":"de","@id":"https:\/\/www.koonings.com\/de\/#\/schema\/logo\/image\/","url":"https:\/\/www.koonings.com\/wp-content\/uploads\/2024\/07\/logo.png","contentUrl":"https:\/\/www.koonings.com\/wp-content\/uploads\/2024\/07\/logo.png","width":600,"height":428,"caption":"Koonings"},"image":{"@id":"https:\/\/www.koonings.com\/de\/#\/schema\/logo\/image\/"},"sameAs":["https:\/\/www.facebook.com\/kooningstheweddingpalace","https:\/\/www.instagram.com\/kooningstheweddingpalace","https:\/\/www.pinterest.com\/koonings","https:\/\/www.youtube.com\/kooningstheweddingpalace"]}]}},"_links":{"self":[{"href":"https:\/\/www.koonings.com\/de\/wp-json\/wp\/v2\/product\/33364","targetHints":{"allow":["GET"]}}],"collection":[{"href":"https:\/\/www.koonings.com\/de\/wp-json\/wp\/v2\/product"}],"about":[{"href":"https:\/\/www.koonings.com\/de\/wp-json\/wp\/v2\/types\/product"}],"wp:featuredmedia":[{"embeddable":true,"href":"https:\/\/www.koonings.com\/de\/wp-json\/wp\/v2\/media\/28019"}],"wp:attachment":[{"href":"https:\/\/www.koonings.com\/de\/wp-json\/wp\/v2\/media?parent=33364"}],"wp:term":[{"taxonomy":"productdetails","embeddable":true,"href":"https:\/\/www.koonings.com\/de\/wp-json\/wp\/v2\/productdetails?post=33364"},{"taxonomy":"productneck","embeddable":true,"href":"https:\/\/www.koonings.com\/de\/wp-json\/wp\/v2\/productneck?post=33364"},{"taxonomy":"productcolor","embeddable":true,"href":"https:\/\/www.koonings.com\/de\/wp-json\/wp\/v2\/productcolor?post=33364"},{"taxonomy":"maat","embeddable":true,"href":"https:\/\/www.koonings.com\/de\/wp-json\/wp\/v2\/maat?post=33364"},{"taxonomy":"productsupplier","embeddable":true,"href":"https:\/\/www.koonings.com\/de\/wp-json\/wp\/v2\/productsupplier?post=33364"},{"taxonomy":"productsleeve","embeddable":true,"href":"https:\/\/www.koonings.com\/de\/wp-json\/wp\/v2\/productsleeve?post=33364"},{"taxonomy":"productcategory","embeddable":true,"href":"https:\/\/www.koonings.com\/de\/wp-json\/wp\/v2\/productcategory?post=33364"},{"taxonomy":"productsilhouette","embeddable":true,"href":"https:\/\/www.koonings.com\/de\/wp-json\/wp\/v2\/productsilhouette?post=33364"},{"taxonomy":"productstyle","embeddable":true,"href":"https:\/\/www.koonings.com\/de\/wp-json\/wp\/v2\/productstyle?post=33364"}],"curies":[{"name":"wp","href":"https:\/\/api.w.org\/{rel}","templated":true}]}}