{"id":33320,"date":"2025-12-15T00:08:32","date_gmt":"2025-12-14T23:08:32","guid":{"rendered":"https:\/\/www.koonings.com\/product\/rebecca-ingram-66-4\/"},"modified":"2026-02-03T17:44:01","modified_gmt":"2026-02-03T16:44:01","slug":"rebecca-ingram-66-4","status":"publish","type":"product","link":"https:\/\/www.koonings.com\/de\/product\/rebecca-ingram-66-4\/","title":{"rendered":"Rebecca Ingram 66"},"content":{"rendered":"<p>Aus den Designstudios von Maggie Sottero wurde das innovative Label von Rebecca Ingram geboren. Die renommierte Qualit\u00e4t und Passform, f\u00fcr die Maggie Sottero bekannt ist, zu einem noch erschwinglichen Preis f\u00fcr alle Br\u00e4ute. Erleben Sie die Sch\u00f6nheit von Rebecca Ingram zu einem hervorragenden Preis. Dieses ungef\u00fctterte Miederkleid aus Odessa Chiffon hat ein Illusionsmieder, das mit einer Perlenstickerei verziert ist. Tiefer V-Ausschnitt und tief ausgeschnittener V-R\u00fccken mit perlenbesetzten Spaghetti-Tr\u00e4gern.&nbsp;<\/p>\n","protected":false},"featured_media":28095,"template":"","meta":{"_acf_changed":false,"ghostkit_customizer_options":"","ghostkit_custom_css":"","ghostkit_custom_js_head":"","ghostkit_custom_js_foot":"","ghostkit_typography":""},"productdetails":[],"productneck":[],"productcolor":[],"maat":[],"productsupplier":[433],"productsleeve":[],"productcategory":[18],"productsilhouette":[],"productstyle":[],"class_list":["post-33320","product","type-product","status-publish","has-post-thumbnail","hentry","productsupplier-rebecca-ingram","productcategory-trouwjurken"],"acf":[],"yoast_head":"<!-- This site is optimized with the Yoast SEO plugin v27.3 - https:\/\/yoast.com\/product\/yoast-seo-wordpress\/ -->\n<title>Rebecca Ingram 66 | Koonings<\/title>\n<meta name=\"description\" content=\"Aus den Designstudios von Maggie Sottero wurde das innovative Label von Rebecca Ingram geboren. Die renommierte Qualit\u00e4t und Passform, f\u00fcr die Maggie Sottero bekannt ist, zu einem noch erschwinglichen Preis f\u00fcr alle Br\u00e4ute. Erleben Sie die Sch\u00f6nheit von Rebecca Ingram zu einem hervorragenden Preis. Dieses ungef\u00fctterte Miederkleid aus Odessa Chiffon hat ein Illusionsmieder, das mit einer Perlenstickerei verziert ist. Tiefer V-Ausschnitt und tief ausgeschnittener V-R\u00fccken mit perlenbesetzten Spaghetti-Tr\u00e4gern.\u00a0\" \/>\n<meta name=\"robots\" content=\"index, follow, max-snippet:-1, max-image-preview:large, max-video-preview:-1\" \/>\n<link rel=\"canonical\" href=\"https:\/\/www.koonings.com\/de\/product\/rebecca-ingram-66-4\/\" \/>\n<meta property=\"og:locale\" content=\"de_DE\" \/>\n<meta property=\"og:type\" content=\"article\" \/>\n<meta property=\"og:title\" content=\"Rebecca Ingram 66 | Koonings\" \/>\n<meta property=\"og:description\" content=\"Aus den Designstudios von Maggie Sottero wurde das innovative Label von Rebecca Ingram geboren. Die renommierte Qualit\u00e4t und Passform, f\u00fcr die Maggie Sottero bekannt ist, zu einem noch erschwinglichen Preis f\u00fcr alle Br\u00e4ute. Erleben Sie die Sch\u00f6nheit von Rebecca Ingram zu einem hervorragenden Preis. Dieses ungef\u00fctterte Miederkleid aus Odessa Chiffon hat ein Illusionsmieder, das mit einer Perlenstickerei verziert ist. Tiefer V-Ausschnitt und tief ausgeschnittener V-R\u00fccken mit perlenbesetzten Spaghetti-Tr\u00e4gern.\u00a0\" \/>\n<meta property=\"og:url\" content=\"https:\/\/www.koonings.com\/de\/product\/rebecca-ingram-66-4\/\" \/>\n<meta property=\"og:site_name\" content=\"Koonings\" \/>\n<meta property=\"article:publisher\" content=\"https:\/\/www.facebook.com\/kooningstheweddingpalace\" \/>\n<meta property=\"article:modified_time\" content=\"2026-02-03T16:44:01+00:00\" \/>\n<meta property=\"og:image\" content=\"https:\/\/www.koonings.com\/wp-content\/uploads\/2024\/11\/36989_896dfe5f78db7a59d6f204b145d9891377b4e878b8462ceb6c654128567701b8ed5d7031.jpeg\" \/>\n\t<meta property=\"og:image:width\" content=\"300\" \/>\n\t<meta property=\"og:image:height\" content=\"450\" \/>\n\t<meta property=\"og:image:type\" content=\"image\/jpeg\" \/>\n<meta name=\"twitter:card\" content=\"summary_large_image\" \/>\n<script type=\"application\/ld+json\" class=\"yoast-schema-graph\">{\"@context\":\"https:\\\/\\\/schema.org\",\"@graph\":[{\"@type\":\"WebPage\",\"@id\":\"https:\\\/\\\/www.koonings.com\\\/de\\\/product\\\/rebecca-ingram-66-4\\\/\",\"url\":\"https:\\\/\\\/www.koonings.com\\\/de\\\/product\\\/rebecca-ingram-66-4\\\/\",\"name\":\"Rebecca Ingram 66 | Koonings\",\"isPartOf\":{\"@id\":\"https:\\\/\\\/www.koonings.com\\\/de\\\/#website\"},\"primaryImageOfPage\":{\"@id\":\"https:\\\/\\\/www.koonings.com\\\/de\\\/product\\\/rebecca-ingram-66-4\\\/#primaryimage\"},\"image\":{\"@id\":\"https:\\\/\\\/www.koonings.com\\\/de\\\/product\\\/rebecca-ingram-66-4\\\/#primaryimage\"},\"thumbnailUrl\":\"https:\\\/\\\/www.koonings.com\\\/wp-content\\\/uploads\\\/2024\\\/11\\\/36989_896dfe5f78db7a59d6f204b145d9891377b4e878b8462ceb6c654128567701b8ed5d7031.jpeg\",\"datePublished\":\"2025-12-14T23:08:32+00:00\",\"dateModified\":\"2026-02-03T16:44:01+00:00\",\"description\":\"Aus den Designstudios von Maggie Sottero wurde das innovative Label von Rebecca Ingram geboren. Die renommierte Qualit\u00e4t und Passform, f\u00fcr die Maggie Sottero bekannt ist, zu einem noch erschwinglichen Preis f\u00fcr alle Br\u00e4ute. Erleben Sie die Sch\u00f6nheit von Rebecca Ingram zu einem hervorragenden Preis. Dieses ungef\u00fctterte Miederkleid aus Odessa Chiffon hat ein Illusionsmieder, das mit einer Perlenstickerei verziert ist. Tiefer V-Ausschnitt und tief ausgeschnittener V-R\u00fccken mit perlenbesetzten Spaghetti-Tr\u00e4gern.\u00a0\",\"breadcrumb\":{\"@id\":\"https:\\\/\\\/www.koonings.com\\\/de\\\/product\\\/rebecca-ingram-66-4\\\/#breadcrumb\"},\"inLanguage\":\"de\",\"potentialAction\":[{\"@type\":\"ReadAction\",\"target\":[\"https:\\\/\\\/www.koonings.com\\\/de\\\/product\\\/rebecca-ingram-66-4\\\/\"]}]},{\"@type\":\"ImageObject\",\"inLanguage\":\"de\",\"@id\":\"https:\\\/\\\/www.koonings.com\\\/de\\\/product\\\/rebecca-ingram-66-4\\\/#primaryimage\",\"url\":\"https:\\\/\\\/www.koonings.com\\\/wp-content\\\/uploads\\\/2024\\\/11\\\/36989_896dfe5f78db7a59d6f204b145d9891377b4e878b8462ceb6c654128567701b8ed5d7031.jpeg\",\"contentUrl\":\"https:\\\/\\\/www.koonings.com\\\/wp-content\\\/uploads\\\/2024\\\/11\\\/36989_896dfe5f78db7a59d6f204b145d9891377b4e878b8462ceb6c654128567701b8ed5d7031.jpeg\",\"width\":300,\"height\":450},{\"@type\":\"BreadcrumbList\",\"@id\":\"https:\\\/\\\/www.koonings.com\\\/de\\\/product\\\/rebecca-ingram-66-4\\\/#breadcrumb\",\"itemListElement\":[{\"@type\":\"ListItem\",\"position\":1,\"name\":\"Home\",\"item\":\"https:\\\/\\\/www.koonings.com\\\/de\\\/\"},{\"@type\":\"ListItem\",\"position\":2,\"name\":\"Rebecca Ingram 66\"}]},{\"@type\":\"WebSite\",\"@id\":\"https:\\\/\\\/www.koonings.com\\\/de\\\/#website\",\"url\":\"https:\\\/\\\/www.koonings.com\\\/de\\\/\",\"name\":\"Koonings\",\"description\":\"De grootste bruidsmodewinkel ter wereld\",\"publisher\":{\"@id\":\"https:\\\/\\\/www.koonings.com\\\/de\\\/#organization\"},\"potentialAction\":[{\"@type\":\"SearchAction\",\"target\":{\"@type\":\"EntryPoint\",\"urlTemplate\":\"https:\\\/\\\/www.koonings.com\\\/de\\\/?s={search_term_string}\"},\"query-input\":{\"@type\":\"PropertyValueSpecification\",\"valueRequired\":true,\"valueName\":\"search_term_string\"}}],\"inLanguage\":\"de\"},{\"@type\":\"Organization\",\"@id\":\"https:\\\/\\\/www.koonings.com\\\/de\\\/#organization\",\"name\":\"Koonings\",\"url\":\"https:\\\/\\\/www.koonings.com\\\/de\\\/\",\"logo\":{\"@type\":\"ImageObject\",\"inLanguage\":\"de\",\"@id\":\"https:\\\/\\\/www.koonings.com\\\/de\\\/#\\\/schema\\\/logo\\\/image\\\/\",\"url\":\"https:\\\/\\\/www.koonings.com\\\/wp-content\\\/uploads\\\/2024\\\/07\\\/logo.png\",\"contentUrl\":\"https:\\\/\\\/www.koonings.com\\\/wp-content\\\/uploads\\\/2024\\\/07\\\/logo.png\",\"width\":600,\"height\":428,\"caption\":\"Koonings\"},\"image\":{\"@id\":\"https:\\\/\\\/www.koonings.com\\\/de\\\/#\\\/schema\\\/logo\\\/image\\\/\"},\"sameAs\":[\"https:\\\/\\\/www.facebook.com\\\/kooningstheweddingpalace\",\"https:\\\/\\\/www.instagram.com\\\/kooningstheweddingpalace\",\"https:\\\/\\\/www.pinterest.com\\\/koonings\",\"https:\\\/\\\/www.youtube.com\\\/kooningstheweddingpalace\"]}]}<\/script>\n<!-- \/ Yoast SEO plugin. -->","yoast_head_json":{"title":"Rebecca Ingram 66 | Koonings","description":"Aus den Designstudios von Maggie Sottero wurde das innovative Label von Rebecca Ingram geboren. Die renommierte Qualit\u00e4t und Passform, f\u00fcr die Maggie Sottero bekannt ist, zu einem noch erschwinglichen Preis f\u00fcr alle Br\u00e4ute. Erleben Sie die Sch\u00f6nheit von Rebecca Ingram zu einem hervorragenden Preis. Dieses ungef\u00fctterte Miederkleid aus Odessa Chiffon hat ein Illusionsmieder, das mit einer Perlenstickerei verziert ist. Tiefer V-Ausschnitt und tief ausgeschnittener V-R\u00fccken mit perlenbesetzten Spaghetti-Tr\u00e4gern.\u00a0","robots":{"index":"index","follow":"follow","max-snippet":"max-snippet:-1","max-image-preview":"max-image-preview:large","max-video-preview":"max-video-preview:-1"},"canonical":"https:\/\/www.koonings.com\/de\/product\/rebecca-ingram-66-4\/","og_locale":"de_DE","og_type":"article","og_title":"Rebecca Ingram 66 | Koonings","og_description":"Aus den Designstudios von Maggie Sottero wurde das innovative Label von Rebecca Ingram geboren. Die renommierte Qualit\u00e4t und Passform, f\u00fcr die Maggie Sottero bekannt ist, zu einem noch erschwinglichen Preis f\u00fcr alle Br\u00e4ute. Erleben Sie die Sch\u00f6nheit von Rebecca Ingram zu einem hervorragenden Preis. Dieses ungef\u00fctterte Miederkleid aus Odessa Chiffon hat ein Illusionsmieder, das mit einer Perlenstickerei verziert ist. Tiefer V-Ausschnitt und tief ausgeschnittener V-R\u00fccken mit perlenbesetzten Spaghetti-Tr\u00e4gern.\u00a0","og_url":"https:\/\/www.koonings.com\/de\/product\/rebecca-ingram-66-4\/","og_site_name":"Koonings","article_publisher":"https:\/\/www.facebook.com\/kooningstheweddingpalace","article_modified_time":"2026-02-03T16:44:01+00:00","og_image":[{"width":300,"height":450,"url":"https:\/\/www.koonings.com\/wp-content\/uploads\/2024\/11\/36989_896dfe5f78db7a59d6f204b145d9891377b4e878b8462ceb6c654128567701b8ed5d7031.jpeg","type":"image\/jpeg"}],"twitter_card":"summary_large_image","schema":{"@context":"https:\/\/schema.org","@graph":[{"@type":"WebPage","@id":"https:\/\/www.koonings.com\/de\/product\/rebecca-ingram-66-4\/","url":"https:\/\/www.koonings.com\/de\/product\/rebecca-ingram-66-4\/","name":"Rebecca Ingram 66 | Koonings","isPartOf":{"@id":"https:\/\/www.koonings.com\/de\/#website"},"primaryImageOfPage":{"@id":"https:\/\/www.koonings.com\/de\/product\/rebecca-ingram-66-4\/#primaryimage"},"image":{"@id":"https:\/\/www.koonings.com\/de\/product\/rebecca-ingram-66-4\/#primaryimage"},"thumbnailUrl":"https:\/\/www.koonings.com\/wp-content\/uploads\/2024\/11\/36989_896dfe5f78db7a59d6f204b145d9891377b4e878b8462ceb6c654128567701b8ed5d7031.jpeg","datePublished":"2025-12-14T23:08:32+00:00","dateModified":"2026-02-03T16:44:01+00:00","description":"Aus den Designstudios von Maggie Sottero wurde das innovative Label von Rebecca Ingram geboren. Die renommierte Qualit\u00e4t und Passform, f\u00fcr die Maggie Sottero bekannt ist, zu einem noch erschwinglichen Preis f\u00fcr alle Br\u00e4ute. Erleben Sie die Sch\u00f6nheit von Rebecca Ingram zu einem hervorragenden Preis. Dieses ungef\u00fctterte Miederkleid aus Odessa Chiffon hat ein Illusionsmieder, das mit einer Perlenstickerei verziert ist. Tiefer V-Ausschnitt und tief ausgeschnittener V-R\u00fccken mit perlenbesetzten Spaghetti-Tr\u00e4gern.\u00a0","breadcrumb":{"@id":"https:\/\/www.koonings.com\/de\/product\/rebecca-ingram-66-4\/#breadcrumb"},"inLanguage":"de","potentialAction":[{"@type":"ReadAction","target":["https:\/\/www.koonings.com\/de\/product\/rebecca-ingram-66-4\/"]}]},{"@type":"ImageObject","inLanguage":"de","@id":"https:\/\/www.koonings.com\/de\/product\/rebecca-ingram-66-4\/#primaryimage","url":"https:\/\/www.koonings.com\/wp-content\/uploads\/2024\/11\/36989_896dfe5f78db7a59d6f204b145d9891377b4e878b8462ceb6c654128567701b8ed5d7031.jpeg","contentUrl":"https:\/\/www.koonings.com\/wp-content\/uploads\/2024\/11\/36989_896dfe5f78db7a59d6f204b145d9891377b4e878b8462ceb6c654128567701b8ed5d7031.jpeg","width":300,"height":450},{"@type":"BreadcrumbList","@id":"https:\/\/www.koonings.com\/de\/product\/rebecca-ingram-66-4\/#breadcrumb","itemListElement":[{"@type":"ListItem","position":1,"name":"Home","item":"https:\/\/www.koonings.com\/de\/"},{"@type":"ListItem","position":2,"name":"Rebecca Ingram 66"}]},{"@type":"WebSite","@id":"https:\/\/www.koonings.com\/de\/#website","url":"https:\/\/www.koonings.com\/de\/","name":"Koonings","description":"De grootste bruidsmodewinkel ter wereld","publisher":{"@id":"https:\/\/www.koonings.com\/de\/#organization"},"potentialAction":[{"@type":"SearchAction","target":{"@type":"EntryPoint","urlTemplate":"https:\/\/www.koonings.com\/de\/?s={search_term_string}"},"query-input":{"@type":"PropertyValueSpecification","valueRequired":true,"valueName":"search_term_string"}}],"inLanguage":"de"},{"@type":"Organization","@id":"https:\/\/www.koonings.com\/de\/#organization","name":"Koonings","url":"https:\/\/www.koonings.com\/de\/","logo":{"@type":"ImageObject","inLanguage":"de","@id":"https:\/\/www.koonings.com\/de\/#\/schema\/logo\/image\/","url":"https:\/\/www.koonings.com\/wp-content\/uploads\/2024\/07\/logo.png","contentUrl":"https:\/\/www.koonings.com\/wp-content\/uploads\/2024\/07\/logo.png","width":600,"height":428,"caption":"Koonings"},"image":{"@id":"https:\/\/www.koonings.com\/de\/#\/schema\/logo\/image\/"},"sameAs":["https:\/\/www.facebook.com\/kooningstheweddingpalace","https:\/\/www.instagram.com\/kooningstheweddingpalace","https:\/\/www.pinterest.com\/koonings","https:\/\/www.youtube.com\/kooningstheweddingpalace"]}]}},"_links":{"self":[{"href":"https:\/\/www.koonings.com\/de\/wp-json\/wp\/v2\/product\/33320","targetHints":{"allow":["GET"]}}],"collection":[{"href":"https:\/\/www.koonings.com\/de\/wp-json\/wp\/v2\/product"}],"about":[{"href":"https:\/\/www.koonings.com\/de\/wp-json\/wp\/v2\/types\/product"}],"wp:featuredmedia":[{"embeddable":true,"href":"https:\/\/www.koonings.com\/de\/wp-json\/wp\/v2\/media\/28095"}],"wp:attachment":[{"href":"https:\/\/www.koonings.com\/de\/wp-json\/wp\/v2\/media?parent=33320"}],"wp:term":[{"taxonomy":"productdetails","embeddable":true,"href":"https:\/\/www.koonings.com\/de\/wp-json\/wp\/v2\/productdetails?post=33320"},{"taxonomy":"productneck","embeddable":true,"href":"https:\/\/www.koonings.com\/de\/wp-json\/wp\/v2\/productneck?post=33320"},{"taxonomy":"productcolor","embeddable":true,"href":"https:\/\/www.koonings.com\/de\/wp-json\/wp\/v2\/productcolor?post=33320"},{"taxonomy":"maat","embeddable":true,"href":"https:\/\/www.koonings.com\/de\/wp-json\/wp\/v2\/maat?post=33320"},{"taxonomy":"productsupplier","embeddable":true,"href":"https:\/\/www.koonings.com\/de\/wp-json\/wp\/v2\/productsupplier?post=33320"},{"taxonomy":"productsleeve","embeddable":true,"href":"https:\/\/www.koonings.com\/de\/wp-json\/wp\/v2\/productsleeve?post=33320"},{"taxonomy":"productcategory","embeddable":true,"href":"https:\/\/www.koonings.com\/de\/wp-json\/wp\/v2\/productcategory?post=33320"},{"taxonomy":"productsilhouette","embeddable":true,"href":"https:\/\/www.koonings.com\/de\/wp-json\/wp\/v2\/productsilhouette?post=33320"},{"taxonomy":"productstyle","embeddable":true,"href":"https:\/\/www.koonings.com\/de\/wp-json\/wp\/v2\/productstyle?post=33320"}],"curies":[{"name":"wp","href":"https:\/\/api.w.org\/{rel}","templated":true}]}}