{"id":33257,"date":"2026-04-08T12:02:10","date_gmt":"2026-04-08T10:02:10","guid":{"rendered":"https:\/\/www.koonings.com\/product\/cymbeline-paris-venise-11-lp\/"},"modified":"2026-02-16T14:21:06","modified_gmt":"2026-02-16T13:21:06","slug":"cymbeline-paris-venise-11-lp","status":"publish","type":"product","link":"https:\/\/www.koonings.com\/de\/product\/cymbeline-paris-venise-11-lp\/","title":{"rendered":"Cymbeline Paris Venise 11 LP"},"content":{"rendered":"<p>Sexy Hochzeitskleid mit geschmeidigem Rock von Cymbeline. Das Kleid hat einen tiefen Ausschnitt, transparente T\u00fcllseiten und einen tief ausgeschnittenen R\u00fccken, was dieses Kleid unwiderstehlich macht. Kombiniert mit wundersch\u00f6ner Spitze am Mieder, k\u00f6nnen Sie mit diesem Kleid nur gl\u00e4nzen.  <\/p>\n","protected":false},"featured_media":28286,"template":"","meta":{"_acf_changed":false,"ghostkit_customizer_options":"","ghostkit_custom_css":"","ghostkit_custom_js_head":"","ghostkit_custom_js_foot":"","ghostkit_typography":""},"productdetails":[383,381],"productneck":[356],"productcolor":[392],"maat":[],"productsupplier":[435],"productsleeve":[359],"productcategory":[18],"productsilhouette":[389],"productstyle":[369],"class_list":["post-33257","product","type-product","status-publish","has-post-thumbnail","hentry","productdetails-383","productdetails-381","productneck-356","productcolor-392","productsupplier-cymbeline","productsleeve-359","productcategory-trouwjurken","productsilhouette-389","productstyle-369"],"acf":[],"yoast_head":"<!-- This site is optimized with the Yoast SEO plugin v26.8 - https:\/\/yoast.com\/product\/yoast-seo-wordpress\/ -->\n<title>Cymbeline Paris Venise 11 LP | Koonings<\/title>\n<meta name=\"description\" content=\"Sexy Hochzeitskleid mit geschmeidigem Rock von Cymbeline. Das Kleid hat einen tiefen Ausschnitt, transparente T\u00fcllseiten und einen tief ausgeschnittenen R\u00fccken, was dieses Kleid unwiderstehlich macht. Kombiniert mit wundersch\u00f6ner Spitze am Mieder, k\u00f6nnen Sie mit diesem Kleid nur gl\u00e4nzen.\" \/>\n<meta name=\"robots\" content=\"index, follow, max-snippet:-1, max-image-preview:large, max-video-preview:-1\" \/>\n<link rel=\"canonical\" href=\"https:\/\/www.koonings.com\/de\/product\/cymbeline-paris-venise-11-lp\/\" \/>\n<meta property=\"og:locale\" content=\"de_DE\" \/>\n<meta property=\"og:type\" content=\"article\" \/>\n<meta property=\"og:title\" content=\"Cymbeline Paris Venise 11 LP | Koonings\" \/>\n<meta property=\"og:description\" content=\"Sexy Hochzeitskleid mit geschmeidigem Rock von Cymbeline. Das Kleid hat einen tiefen Ausschnitt, transparente T\u00fcllseiten und einen tief ausgeschnittenen R\u00fccken, was dieses Kleid unwiderstehlich macht. Kombiniert mit wundersch\u00f6ner Spitze am Mieder, k\u00f6nnen Sie mit diesem Kleid nur gl\u00e4nzen.\" \/>\n<meta property=\"og:url\" content=\"https:\/\/www.koonings.com\/de\/product\/cymbeline-paris-venise-11-lp\/\" \/>\n<meta property=\"og:site_name\" content=\"Koonings\" \/>\n<meta property=\"article:publisher\" content=\"https:\/\/www.facebook.com\/kooningstheweddingpalace\" \/>\n<meta property=\"og:image\" content=\"https:\/\/www.koonings.com\/wp-content\/uploads\/2024\/11\/37049_583fd651f5bc9c3b680f8886dd8d32feae33b88ced530f2e2ea071259cc0aeaf53ead5c2-scaled.jpeg\" \/>\n\t<meta property=\"og:image:width\" content=\"1810\" \/>\n\t<meta property=\"og:image:height\" content=\"2560\" \/>\n\t<meta property=\"og:image:type\" content=\"image\/jpeg\" \/>\n<meta name=\"twitter:card\" content=\"summary_large_image\" \/>\n<script type=\"application\/ld+json\" class=\"yoast-schema-graph\">{\"@context\":\"https:\/\/schema.org\",\"@graph\":[{\"@type\":\"WebPage\",\"@id\":\"https:\/\/www.koonings.com\/de\/product\/cymbeline-paris-venise-11-lp\/\",\"url\":\"https:\/\/www.koonings.com\/de\/product\/cymbeline-paris-venise-11-lp\/\",\"name\":\"Cymbeline Paris Venise 11 LP | Koonings\",\"isPartOf\":{\"@id\":\"https:\/\/www.koonings.com\/de\/#website\"},\"primaryImageOfPage\":{\"@id\":\"https:\/\/www.koonings.com\/de\/product\/cymbeline-paris-venise-11-lp\/#primaryimage\"},\"image\":{\"@id\":\"https:\/\/www.koonings.com\/de\/product\/cymbeline-paris-venise-11-lp\/#primaryimage\"},\"thumbnailUrl\":\"https:\/\/www.koonings.com\/wp-content\/uploads\/2024\/11\/37049_583fd651f5bc9c3b680f8886dd8d32feae33b88ced530f2e2ea071259cc0aeaf53ead5c2-scaled.jpeg\",\"datePublished\":\"2026-04-08T10:02:10+00:00\",\"description\":\"Sexy Hochzeitskleid mit geschmeidigem Rock von Cymbeline. Das Kleid hat einen tiefen Ausschnitt, transparente T\u00fcllseiten und einen tief ausgeschnittenen R\u00fccken, was dieses Kleid unwiderstehlich macht. Kombiniert mit wundersch\u00f6ner Spitze am Mieder, k\u00f6nnen Sie mit diesem Kleid nur gl\u00e4nzen.\",\"breadcrumb\":{\"@id\":\"https:\/\/www.koonings.com\/de\/product\/cymbeline-paris-venise-11-lp\/#breadcrumb\"},\"inLanguage\":\"de\",\"potentialAction\":[{\"@type\":\"ReadAction\",\"target\":[\"https:\/\/www.koonings.com\/de\/product\/cymbeline-paris-venise-11-lp\/\"]}]},{\"@type\":\"ImageObject\",\"inLanguage\":\"de\",\"@id\":\"https:\/\/www.koonings.com\/de\/product\/cymbeline-paris-venise-11-lp\/#primaryimage\",\"url\":\"https:\/\/www.koonings.com\/wp-content\/uploads\/2024\/11\/37049_583fd651f5bc9c3b680f8886dd8d32feae33b88ced530f2e2ea071259cc0aeaf53ead5c2-scaled.jpeg\",\"contentUrl\":\"https:\/\/www.koonings.com\/wp-content\/uploads\/2024\/11\/37049_583fd651f5bc9c3b680f8886dd8d32feae33b88ced530f2e2ea071259cc0aeaf53ead5c2-scaled.jpeg\",\"width\":1810,\"height\":2560},{\"@type\":\"BreadcrumbList\",\"@id\":\"https:\/\/www.koonings.com\/de\/product\/cymbeline-paris-venise-11-lp\/#breadcrumb\",\"itemListElement\":[{\"@type\":\"ListItem\",\"position\":1,\"name\":\"Home\",\"item\":\"https:\/\/www.koonings.com\/de\/\"},{\"@type\":\"ListItem\",\"position\":2,\"name\":\"Cymbeline Paris Venise 11 LP\"}]},{\"@type\":\"WebSite\",\"@id\":\"https:\/\/www.koonings.com\/de\/#website\",\"url\":\"https:\/\/www.koonings.com\/de\/\",\"name\":\"Koonings\",\"description\":\"De grootste bruidsmodewinkel ter wereld\",\"publisher\":{\"@id\":\"https:\/\/www.koonings.com\/de\/#organization\"},\"potentialAction\":[{\"@type\":\"SearchAction\",\"target\":{\"@type\":\"EntryPoint\",\"urlTemplate\":\"https:\/\/www.koonings.com\/de\/?s={search_term_string}\"},\"query-input\":{\"@type\":\"PropertyValueSpecification\",\"valueRequired\":true,\"valueName\":\"search_term_string\"}}],\"inLanguage\":\"de\"},{\"@type\":\"Organization\",\"@id\":\"https:\/\/www.koonings.com\/de\/#organization\",\"name\":\"Koonings\",\"url\":\"https:\/\/www.koonings.com\/de\/\",\"logo\":{\"@type\":\"ImageObject\",\"inLanguage\":\"de\",\"@id\":\"https:\/\/www.koonings.com\/de\/#\/schema\/logo\/image\/\",\"url\":\"https:\/\/www.koonings.com\/wp-content\/uploads\/2024\/07\/logo.png\",\"contentUrl\":\"https:\/\/www.koonings.com\/wp-content\/uploads\/2024\/07\/logo.png\",\"width\":600,\"height\":428,\"caption\":\"Koonings\"},\"image\":{\"@id\":\"https:\/\/www.koonings.com\/de\/#\/schema\/logo\/image\/\"},\"sameAs\":[\"https:\/\/www.facebook.com\/kooningstheweddingpalace\",\"https:\/\/www.instagram.com\/kooningstheweddingpalace\",\"https:\/\/www.pinterest.com\/koonings\",\"https:\/\/www.youtube.com\/kooningstheweddingpalace\"]}]}<\/script>\n<!-- \/ Yoast SEO plugin. -->","yoast_head_json":{"title":"Cymbeline Paris Venise 11 LP | Koonings","description":"Sexy Hochzeitskleid mit geschmeidigem Rock von Cymbeline. Das Kleid hat einen tiefen Ausschnitt, transparente T\u00fcllseiten und einen tief ausgeschnittenen R\u00fccken, was dieses Kleid unwiderstehlich macht. Kombiniert mit wundersch\u00f6ner Spitze am Mieder, k\u00f6nnen Sie mit diesem Kleid nur gl\u00e4nzen.","robots":{"index":"index","follow":"follow","max-snippet":"max-snippet:-1","max-image-preview":"max-image-preview:large","max-video-preview":"max-video-preview:-1"},"canonical":"https:\/\/www.koonings.com\/de\/product\/cymbeline-paris-venise-11-lp\/","og_locale":"de_DE","og_type":"article","og_title":"Cymbeline Paris Venise 11 LP | Koonings","og_description":"Sexy Hochzeitskleid mit geschmeidigem Rock von Cymbeline. Das Kleid hat einen tiefen Ausschnitt, transparente T\u00fcllseiten und einen tief ausgeschnittenen R\u00fccken, was dieses Kleid unwiderstehlich macht. Kombiniert mit wundersch\u00f6ner Spitze am Mieder, k\u00f6nnen Sie mit diesem Kleid nur gl\u00e4nzen.","og_url":"https:\/\/www.koonings.com\/de\/product\/cymbeline-paris-venise-11-lp\/","og_site_name":"Koonings","article_publisher":"https:\/\/www.facebook.com\/kooningstheweddingpalace","og_image":[{"width":1810,"height":2560,"url":"https:\/\/www.koonings.com\/wp-content\/uploads\/2024\/11\/37049_583fd651f5bc9c3b680f8886dd8d32feae33b88ced530f2e2ea071259cc0aeaf53ead5c2-scaled.jpeg","type":"image\/jpeg"}],"twitter_card":"summary_large_image","schema":{"@context":"https:\/\/schema.org","@graph":[{"@type":"WebPage","@id":"https:\/\/www.koonings.com\/de\/product\/cymbeline-paris-venise-11-lp\/","url":"https:\/\/www.koonings.com\/de\/product\/cymbeline-paris-venise-11-lp\/","name":"Cymbeline Paris Venise 11 LP | Koonings","isPartOf":{"@id":"https:\/\/www.koonings.com\/de\/#website"},"primaryImageOfPage":{"@id":"https:\/\/www.koonings.com\/de\/product\/cymbeline-paris-venise-11-lp\/#primaryimage"},"image":{"@id":"https:\/\/www.koonings.com\/de\/product\/cymbeline-paris-venise-11-lp\/#primaryimage"},"thumbnailUrl":"https:\/\/www.koonings.com\/wp-content\/uploads\/2024\/11\/37049_583fd651f5bc9c3b680f8886dd8d32feae33b88ced530f2e2ea071259cc0aeaf53ead5c2-scaled.jpeg","datePublished":"2026-04-08T10:02:10+00:00","description":"Sexy Hochzeitskleid mit geschmeidigem Rock von Cymbeline. Das Kleid hat einen tiefen Ausschnitt, transparente T\u00fcllseiten und einen tief ausgeschnittenen R\u00fccken, was dieses Kleid unwiderstehlich macht. Kombiniert mit wundersch\u00f6ner Spitze am Mieder, k\u00f6nnen Sie mit diesem Kleid nur gl\u00e4nzen.","breadcrumb":{"@id":"https:\/\/www.koonings.com\/de\/product\/cymbeline-paris-venise-11-lp\/#breadcrumb"},"inLanguage":"de","potentialAction":[{"@type":"ReadAction","target":["https:\/\/www.koonings.com\/de\/product\/cymbeline-paris-venise-11-lp\/"]}]},{"@type":"ImageObject","inLanguage":"de","@id":"https:\/\/www.koonings.com\/de\/product\/cymbeline-paris-venise-11-lp\/#primaryimage","url":"https:\/\/www.koonings.com\/wp-content\/uploads\/2024\/11\/37049_583fd651f5bc9c3b680f8886dd8d32feae33b88ced530f2e2ea071259cc0aeaf53ead5c2-scaled.jpeg","contentUrl":"https:\/\/www.koonings.com\/wp-content\/uploads\/2024\/11\/37049_583fd651f5bc9c3b680f8886dd8d32feae33b88ced530f2e2ea071259cc0aeaf53ead5c2-scaled.jpeg","width":1810,"height":2560},{"@type":"BreadcrumbList","@id":"https:\/\/www.koonings.com\/de\/product\/cymbeline-paris-venise-11-lp\/#breadcrumb","itemListElement":[{"@type":"ListItem","position":1,"name":"Home","item":"https:\/\/www.koonings.com\/de\/"},{"@type":"ListItem","position":2,"name":"Cymbeline Paris Venise 11 LP"}]},{"@type":"WebSite","@id":"https:\/\/www.koonings.com\/de\/#website","url":"https:\/\/www.koonings.com\/de\/","name":"Koonings","description":"De grootste bruidsmodewinkel ter wereld","publisher":{"@id":"https:\/\/www.koonings.com\/de\/#organization"},"potentialAction":[{"@type":"SearchAction","target":{"@type":"EntryPoint","urlTemplate":"https:\/\/www.koonings.com\/de\/?s={search_term_string}"},"query-input":{"@type":"PropertyValueSpecification","valueRequired":true,"valueName":"search_term_string"}}],"inLanguage":"de"},{"@type":"Organization","@id":"https:\/\/www.koonings.com\/de\/#organization","name":"Koonings","url":"https:\/\/www.koonings.com\/de\/","logo":{"@type":"ImageObject","inLanguage":"de","@id":"https:\/\/www.koonings.com\/de\/#\/schema\/logo\/image\/","url":"https:\/\/www.koonings.com\/wp-content\/uploads\/2024\/07\/logo.png","contentUrl":"https:\/\/www.koonings.com\/wp-content\/uploads\/2024\/07\/logo.png","width":600,"height":428,"caption":"Koonings"},"image":{"@id":"https:\/\/www.koonings.com\/de\/#\/schema\/logo\/image\/"},"sameAs":["https:\/\/www.facebook.com\/kooningstheweddingpalace","https:\/\/www.instagram.com\/kooningstheweddingpalace","https:\/\/www.pinterest.com\/koonings","https:\/\/www.youtube.com\/kooningstheweddingpalace"]}]}},"_links":{"self":[{"href":"https:\/\/www.koonings.com\/de\/wp-json\/wp\/v2\/product\/33257","targetHints":{"allow":["GET"]}}],"collection":[{"href":"https:\/\/www.koonings.com\/de\/wp-json\/wp\/v2\/product"}],"about":[{"href":"https:\/\/www.koonings.com\/de\/wp-json\/wp\/v2\/types\/product"}],"wp:featuredmedia":[{"embeddable":true,"href":"https:\/\/www.koonings.com\/de\/wp-json\/wp\/v2\/media\/28286"}],"wp:attachment":[{"href":"https:\/\/www.koonings.com\/de\/wp-json\/wp\/v2\/media?parent=33257"}],"wp:term":[{"taxonomy":"productdetails","embeddable":true,"href":"https:\/\/www.koonings.com\/de\/wp-json\/wp\/v2\/productdetails?post=33257"},{"taxonomy":"productneck","embeddable":true,"href":"https:\/\/www.koonings.com\/de\/wp-json\/wp\/v2\/productneck?post=33257"},{"taxonomy":"productcolor","embeddable":true,"href":"https:\/\/www.koonings.com\/de\/wp-json\/wp\/v2\/productcolor?post=33257"},{"taxonomy":"maat","embeddable":true,"href":"https:\/\/www.koonings.com\/de\/wp-json\/wp\/v2\/maat?post=33257"},{"taxonomy":"productsupplier","embeddable":true,"href":"https:\/\/www.koonings.com\/de\/wp-json\/wp\/v2\/productsupplier?post=33257"},{"taxonomy":"productsleeve","embeddable":true,"href":"https:\/\/www.koonings.com\/de\/wp-json\/wp\/v2\/productsleeve?post=33257"},{"taxonomy":"productcategory","embeddable":true,"href":"https:\/\/www.koonings.com\/de\/wp-json\/wp\/v2\/productcategory?post=33257"},{"taxonomy":"productsilhouette","embeddable":true,"href":"https:\/\/www.koonings.com\/de\/wp-json\/wp\/v2\/productsilhouette?post=33257"},{"taxonomy":"productstyle","embeddable":true,"href":"https:\/\/www.koonings.com\/de\/wp-json\/wp\/v2\/productstyle?post=33257"}],"curies":[{"name":"wp","href":"https:\/\/api.w.org\/{rel}","templated":true}]}}